{"id":14939,"date":"2019-07-03T10:57:27","date_gmt":"2025-07-15T09:48:18","guid":{"rendered":"https:\/\/v2charge.com\/store\/product\/pole-pro\/"},"modified":"2025-07-15T09:58:59","modified_gmt":"2025-07-15T09:58:59","slug":"pole","status":"publish","type":"product","link":"https:\/\/v2charge.com\/store\/pt-pt\/produto\/pole\/","title":{"rendered":"Pole Pro"},"content":{"rendered":"<p>Fabricado em a\u00e7o de alta resist\u00eancia com pintura antigrafitis, Pole Pro \u00e9 o posto de carregamento ideal para via p\u00fablica e parques de estacionamento de empresas. Destaca-se pela sua efici\u00eancia e versatilidade: est\u00e1 dispon\u00edvel em vers\u00e3o de ch\u00e3o ou parede e pode ter uma ou duas tomadas e um ou dois cabos em espiral.<\/p>\n<p><img fetchpriority=\"high\" decoding=\"async\" class=\"wp-image-8951 size-full aligncenter\" src=\"https:\/\/v2charge.com\/store\/wp-content\/uploads\/2019\/07\/pole-pro-version-pared.jpg\" alt=\"Pole Pro vers\u00e3o parede instalado numa empresa\" width=\"1005\" height=\"480\" srcset=\"https:\/\/v2charge.com\/store\/wp-content\/uploads\/2019\/07\/pole-pro-version-pared.jpg 1005w, https:\/\/v2charge.com\/store\/wp-content\/uploads\/2019\/07\/pole-pro-version-pared-300x143.jpg 300w, https:\/\/v2charge.com\/store\/wp-content\/uploads\/2019\/07\/pole-pro-version-pared-768x367.jpg 768w, https:\/\/v2charge.com\/store\/wp-content\/uploads\/2019\/07\/pole-pro-version-pared-812x388.jpg 812w\" sizes=\"(max-width: 1005px) 100vw, 1005px\" \/><\/p>\n<h2>Carater\u00edsticas gerais<\/h2>\n<ul>\n<li>Cor: preto<\/li>\n<li>Material: A\u00e7o antivand\u00e1lico<\/li>\n<li>Peso: 55 kg<\/li>\n<li>Ecr\u00e3 nos modelos com V2C Cloud : 8&#8243; &#8211; 2.000 l\u00famens<\/li>\n<li>Modo 3 PWM com controlo segundo ISO\/IEC 61851-1<\/li>\n<li>Leitor RFID nos modelos com V2C Cloud ISO\/IEC 14443 A\/MIFARE<\/li>\n<li>Contador MID integrado para gest\u00e3o din\u00e2mica do carregamento<\/li>\n<li>Prote\u00e7\u00f5es el\u00e9tricas por tomada: diferencial tipo A e disjuntor magnetot\u00e9rmico de 40A<\/li>\n<li>Temperatura de funcionamento: -5\u00ba a 45\u00ba<\/li>\n<li>Temperatura de armazenamento: -40\u00ba a 70\u00ba<\/li>\n<\/ul>\n<h2>Carater\u00edsticas el\u00e9tricas<\/h2>\n<ul>\n<li>Tipo de conetor: Tomada \/ Cabo Tipo 2<\/li>\n<li>Tipo de rede: 230V \/ 400V<\/li>\n<li>Intensidade m\u00e1xima de carregamento: 32A (por fase)<\/li>\n<li>Pot\u00eancia m\u00e1xima de carregamento: 7,3kW ou 22kW (por tomada)<\/li>\n<li>Corrente configur\u00e1vel: 6 a 32 Amperes<\/li>\n<li>Frequ\u00eancia nominal: 50Hz \/ 60Hz<\/li>\n<li>\u00cdndice de prote\u00e7\u00e3o: IP54 \/ IK10<\/li>\n<li>Dete\u00e7\u00e3o de corrente residual: AC 30mA \/ DC 6mA (opcional)<\/li>\n<\/ul>\n<h2>Carater\u00edsticas funcionais<\/h2>\n<ul>\n<li>Plataforma de utilizador: aplica\u00e7\u00e3o e portal V2C Cloud (nos modelos com conectividade)<\/li>\n<li>Plataforma V2C Payments para gest\u00e3o de pagamento de m\u00faltiplos utilizadores<\/li>\n<li>TPA para receber pagamentos instant\u00e2neos por cart\u00e3o, sem processos banc\u00e1rios (acess\u00f3rio opcional)<\/li>\n<li>Conectividade: Ethernet \/ WiFi \/ Bluetooth (nos modelos com conectividade)<\/li>\n<li>Comunica\u00e7\u00e3o: OCPP \/ Rest API Cloud \/ OTA (nos modelos com conectividade)<\/li>\n<\/ul>\n<p>&nbsp;<\/p>\n<p>&nbsp;<\/p>\n","protected":false},"excerpt":{"rendered":"<p>Extraordin\u00e1ria combina\u00e7\u00e3o entre <strong>eleg\u00e2ncia<\/strong> e <strong>robustez<\/strong>. Pole Pro possui um design antivand\u00e1lico ideal para carregar simultaneamente dois ve\u00edculos de forma segura e eficiente no exterior. Visualize toda a informa\u00e7\u00e3o do carregamento em tempo real gra\u00e7as ao ecr\u00e3 integrado. Dispon\u00edvel em vers\u00e3o ch\u00e3o ou parede.<\/p>\n","protected":false},"featured_media":14940,"template":"","meta":{"content-type":"","inline_featured_image":false},"product_brand":[],"product_cat":[149],"product_tag":[],"class_list":{"0":"post-14939","1":"product","2":"type-product","3":"status-publish","4":"has-post-thumbnail","6":"product_cat-e-chargers-pt-pt","8":"first","9":"instock","10":"taxable","11":"shipping-taxable","12":"purchasable","13":"product-type-variable"},"yoast_head":"<!-- This site is optimized with the Yoast SEO plugin v27.0 - https:\/\/yoast.com\/product\/yoast-seo-wordpress\/ -->\n<title>Comprar Online Carregador Pole Pro | V2C Store<\/title>\n<meta name=\"description\" content=\"Compre online Pole Pro, o carregador da V2C para via p\u00fablica e empresas | Fabricado em a\u00e7o antivand\u00e1lico | Envio gratuito\" \/>\n<meta name=\"robots\" content=\"index, follow, max-snippet:-1, max-image-preview:large, max-video-preview:-1\" \/>\n<link rel=\"canonical\" href=\"https:\/\/v2charge.com\/store\/pt-pt\/produto\/pole\/\" \/>\n<meta property=\"og:locale\" content=\"pt_PT\" \/>\n<meta property=\"og:type\" content=\"article\" \/>\n<meta property=\"og:title\" content=\"Comprar Online Carregador Pole Pro | V2C Store\" \/>\n<meta property=\"og:description\" content=\"Compre online Pole Pro, o carregador da V2C para via p\u00fablica e empresas | Fabricado em a\u00e7o antivand\u00e1lico | Envio gratuito\" \/>\n<meta property=\"og:url\" content=\"https:\/\/v2charge.com\/store\/pt-pt\/produto\/pole\/\" \/>\n<meta property=\"og:site_name\" content=\"V2C Store\" \/>\n<meta property=\"article:modified_time\" content=\"2025-07-15T09:58:59+00:00\" \/>\n<meta property=\"og:image\" content=\"https:\/\/v2charge.com\/store\/wp-content\/uploads\/2019\/07\/pole-pro-tpv.jpg\" \/>\n\t<meta property=\"og:image:width\" content=\"600\" \/>\n\t<meta property=\"og:image:height\" content=\"600\" \/>\n\t<meta property=\"og:image:type\" content=\"image\/jpeg\" \/>\n<meta name=\"twitter:card\" content=\"summary_large_image\" \/>\n<meta name=\"twitter:label1\" content=\"Tempo estimado de leitura\" \/>\n\t<meta name=\"twitter:data1\" content=\"2 minutos\" \/>\n<script type=\"application\/ld+json\" class=\"yoast-schema-graph\">{\"@context\":\"https:\/\/schema.org\",\"@graph\":[{\"@type\":\"WebPage\",\"@id\":\"https:\/\/v2charge.com\/store\/pt-pt\/produto\/pole\/\",\"url\":\"https:\/\/v2charge.com\/store\/pt-pt\/produto\/pole\/\",\"name\":\"Comprar Online Carregador Pole Pro | V2C Store\",\"isPartOf\":{\"@id\":\"https:\/\/v2charge.com\/store\/#website\"},\"primaryImageOfPage\":{\"@id\":\"https:\/\/v2charge.com\/store\/pt-pt\/produto\/pole\/#primaryimage\"},\"image\":{\"@id\":\"https:\/\/v2charge.com\/store\/pt-pt\/produto\/pole\/#primaryimage\"},\"thumbnailUrl\":\"https:\/\/v2charge.com\/store\/wp-content\/uploads\/2019\/07\/pole-pro-tpv.jpg\",\"datePublished\":\"2025-07-15T09:48:18+00:00\",\"dateModified\":\"2025-07-15T09:58:59+00:00\",\"description\":\"Compre online Pole Pro, o carregador da V2C para via p\u00fablica e empresas | Fabricado em a\u00e7o antivand\u00e1lico | Envio gratuito\",\"breadcrumb\":{\"@id\":\"https:\/\/v2charge.com\/store\/pt-pt\/produto\/pole\/#breadcrumb\"},\"inLanguage\":\"pt-PT\",\"potentialAction\":[{\"@type\":\"ReadAction\",\"target\":[\"https:\/\/v2charge.com\/store\/pt-pt\/produto\/pole\/\"]}]},{\"@type\":\"ImageObject\",\"inLanguage\":\"pt-PT\",\"@id\":\"https:\/\/v2charge.com\/store\/pt-pt\/produto\/pole\/#primaryimage\",\"url\":\"https:\/\/v2charge.com\/store\/wp-content\/uploads\/2019\/07\/pole-pro-tpv.jpg\",\"contentUrl\":\"https:\/\/v2charge.com\/store\/wp-content\/uploads\/2019\/07\/pole-pro-tpv.jpg\",\"width\":600,\"height\":600},{\"@type\":\"BreadcrumbList\",\"@id\":\"https:\/\/v2charge.com\/store\/pt-pt\/produto\/pole\/#breadcrumb\",\"itemListElement\":[{\"@type\":\"ListItem\",\"position\":1,\"name\":\"Portada\",\"item\":\"https:\/\/v2charge.com\/store\/\"},{\"@type\":\"ListItem\",\"position\":2,\"name\":\"Compra\",\"item\":\"https:\/\/v2charge.com\/store\/compra\/\"},{\"@type\":\"ListItem\",\"position\":3,\"name\":\"Pole Pro\"}]},{\"@type\":\"WebSite\",\"@id\":\"https:\/\/v2charge.com\/store\/#website\",\"url\":\"https:\/\/v2charge.com\/store\/\",\"name\":\"V2C Store\",\"description\":\"V2C Store\",\"potentialAction\":[{\"@type\":\"SearchAction\",\"target\":{\"@type\":\"EntryPoint\",\"urlTemplate\":\"https:\/\/v2charge.com\/store\/?s={search_term_string}\"},\"query-input\":{\"@type\":\"PropertyValueSpecification\",\"valueRequired\":true,\"valueName\":\"search_term_string\"}}],\"inLanguage\":\"pt-PT\"}]}<\/script>\n<!-- \/ Yoast SEO plugin. -->","yoast_head_json":{"title":"Comprar Online Carregador Pole Pro | V2C Store","description":"Compre online Pole Pro, o carregador da V2C para via p\u00fablica e empresas | Fabricado em a\u00e7o antivand\u00e1lico | Envio gratuito","robots":{"index":"index","follow":"follow","max-snippet":"max-snippet:-1","max-image-preview":"max-image-preview:large","max-video-preview":"max-video-preview:-1"},"canonical":"https:\/\/v2charge.com\/store\/pt-pt\/produto\/pole\/","og_locale":"pt_PT","og_type":"article","og_title":"Comprar Online Carregador Pole Pro | V2C Store","og_description":"Compre online Pole Pro, o carregador da V2C para via p\u00fablica e empresas | Fabricado em a\u00e7o antivand\u00e1lico | Envio gratuito","og_url":"https:\/\/v2charge.com\/store\/pt-pt\/produto\/pole\/","og_site_name":"V2C Store","article_modified_time":"2025-07-15T09:58:59+00:00","og_image":[{"width":600,"height":600,"url":"https:\/\/v2charge.com\/store\/wp-content\/uploads\/2019\/07\/pole-pro-tpv.jpg","type":"image\/jpeg"}],"twitter_card":"summary_large_image","twitter_misc":{"Tempo estimado de leitura":"2 minutos"},"schema":{"@context":"https:\/\/schema.org","@graph":[{"@type":"WebPage","@id":"https:\/\/v2charge.com\/store\/pt-pt\/produto\/pole\/","url":"https:\/\/v2charge.com\/store\/pt-pt\/produto\/pole\/","name":"Comprar Online Carregador Pole Pro | V2C Store","isPartOf":{"@id":"https:\/\/v2charge.com\/store\/#website"},"primaryImageOfPage":{"@id":"https:\/\/v2charge.com\/store\/pt-pt\/produto\/pole\/#primaryimage"},"image":{"@id":"https:\/\/v2charge.com\/store\/pt-pt\/produto\/pole\/#primaryimage"},"thumbnailUrl":"https:\/\/v2charge.com\/store\/wp-content\/uploads\/2019\/07\/pole-pro-tpv.jpg","datePublished":"2025-07-15T09:48:18+00:00","dateModified":"2025-07-15T09:58:59+00:00","description":"Compre online Pole Pro, o carregador da V2C para via p\u00fablica e empresas | Fabricado em a\u00e7o antivand\u00e1lico | Envio gratuito","breadcrumb":{"@id":"https:\/\/v2charge.com\/store\/pt-pt\/produto\/pole\/#breadcrumb"},"inLanguage":"pt-PT","potentialAction":[{"@type":"ReadAction","target":["https:\/\/v2charge.com\/store\/pt-pt\/produto\/pole\/"]}]},{"@type":"ImageObject","inLanguage":"pt-PT","@id":"https:\/\/v2charge.com\/store\/pt-pt\/produto\/pole\/#primaryimage","url":"https:\/\/v2charge.com\/store\/wp-content\/uploads\/2019\/07\/pole-pro-tpv.jpg","contentUrl":"https:\/\/v2charge.com\/store\/wp-content\/uploads\/2019\/07\/pole-pro-tpv.jpg","width":600,"height":600},{"@type":"BreadcrumbList","@id":"https:\/\/v2charge.com\/store\/pt-pt\/produto\/pole\/#breadcrumb","itemListElement":[{"@type":"ListItem","position":1,"name":"Portada","item":"https:\/\/v2charge.com\/store\/"},{"@type":"ListItem","position":2,"name":"Compra","item":"https:\/\/v2charge.com\/store\/compra\/"},{"@type":"ListItem","position":3,"name":"Pole Pro"}]},{"@type":"WebSite","@id":"https:\/\/v2charge.com\/store\/#website","url":"https:\/\/v2charge.com\/store\/","name":"V2C Store","description":"V2C Store","potentialAction":[{"@type":"SearchAction","target":{"@type":"EntryPoint","urlTemplate":"https:\/\/v2charge.com\/store\/?s={search_term_string}"},"query-input":{"@type":"PropertyValueSpecification","valueRequired":true,"valueName":"search_term_string"}}],"inLanguage":"pt-PT"}]}},"_links":{"self":[{"href":"https:\/\/v2charge.com\/store\/pt-pt\/wp-json\/wp\/v2\/product\/14939","targetHints":{"allow":["GET"]}}],"collection":[{"href":"https:\/\/v2charge.com\/store\/pt-pt\/wp-json\/wp\/v2\/product"}],"about":[{"href":"https:\/\/v2charge.com\/store\/pt-pt\/wp-json\/wp\/v2\/types\/product"}],"wp:featuredmedia":[{"embeddable":true,"href":"https:\/\/v2charge.com\/store\/pt-pt\/wp-json\/wp\/v2\/media\/14940"}],"wp:attachment":[{"href":"https:\/\/v2charge.com\/store\/pt-pt\/wp-json\/wp\/v2\/media?parent=14939"}],"wp:term":[{"taxonomy":"product_brand","embeddable":true,"href":"https:\/\/v2charge.com\/store\/pt-pt\/wp-json\/wp\/v2\/product_brand?post=14939"},{"taxonomy":"product_cat","embeddable":true,"href":"https:\/\/v2charge.com\/store\/pt-pt\/wp-json\/wp\/v2\/product_cat?post=14939"},{"taxonomy":"product_tag","embeddable":true,"href":"https:\/\/v2charge.com\/store\/pt-pt\/wp-json\/wp\/v2\/product_tag?post=14939"}],"curies":[{"name":"wp","href":"https:\/\/api.w.org\/{rel}","templated":true}]}}