{"id":14975,"date":"2025-05-15T08:31:49","date_gmt":"2025-07-15T10:11:36","guid":{"rendered":"https:\/\/v2charge.com\/store\/product\/denka\/"},"modified":"2025-07-15T10:13:01","modified_gmt":"2025-07-15T10:13:01","slug":"denka","status":"publish","type":"product","link":"https:\/\/v2charge.com\/store\/pt-pt\/produto\/denka\/","title":{"rendered":"Denka"},"content":{"rendered":"<p>Denka combina alta efici\u00eancia energ\u00e9tica com uma est\u00e9tica elegante. Gra\u00e7as ao seu <strong>design ultracompacto<\/strong>, adapta-se perfeitamente a qualquer ambiente, desde hot\u00e9is e restaurantes at\u00e9 centros comerciais e empresas.<\/p>\n<p>Est\u00e1 dispon\u00edvel em duas vers\u00f5es de pot\u00eancia: <strong>20 kW e 40 kW<\/strong>, tornando-se a solu\u00e7\u00e3o ideal para quem procura rapidez sem comprometer a gest\u00e3o energ\u00e9tica. Denka integra <strong>controlo de pot\u00eancia<\/strong>, permitindo equilibrar o consumo com outros carregadores ou com o pr\u00f3prio edif\u00edcio, otimizando ao m\u00e1ximo a efici\u00eancia do sistema el\u00e9trico.<\/p>\n<p>Inclui <strong>cabo de 5 metros com conector CCS Combo Tipo 2<\/strong>. Al\u00e9m disso, o seu design vers\u00e1til permite a <strong>instala\u00e7\u00e3o tanto na parede como em pedestal<\/strong>, facilitando a sua integra\u00e7\u00e3o em qualquer espa\u00e7o.<\/p>\n<p class=\"\" data-start=\"0\" data-end=\"147\">Denka incorpora um <strong>sistema de autentica\u00e7\u00e3o atrav\u00e9s de leitor RFID<\/strong>, permitindo gerir o acesso de v\u00e1rios utilizadores de forma segura e simples.<\/p>\n<p class=\"\" data-start=\"149\" data-end=\"414\">Al\u00e9m disso, conta com um <strong>m\u00f3dulo de pot\u00eancia da Huawei que se destaca pelo seu funcionamento silencioso<\/strong>. Gra\u00e7as \u00e0 regula\u00e7\u00e3o inteligente do ventilador e ao controlo t\u00e9rmico avan\u00e7ado, o carregador mant\u00e9m um desempenho \u00f3timo e constante, mesmo em ambientes exigentes.<\/p>\n<p>A tira LED frontal proporciona uma experi\u00eancia de uso intuitiva, mostrando em todos os momentos o estado do processo de carga. Al\u00e9m disso, gra\u00e7as \u00e0 sua <strong>conectividade avan\u00e7ada (WiFi \/ Ethernet \/ Bluetooth \/ 4G)<\/strong>, pode ser gerido atrav\u00e9s do V2C Cloud ou de qualquer plataforma compat\u00edvel via <strong>protocolo OCPP<\/strong>.<\/p>\n<h2>Carater\u00edsticas gerais<\/h2>\n<ul>\n<li>Cor: branco e cinza<\/li>\n<li>Material: alum\u00ednio com revestimento epoxy e material sint\u00e9tico<\/li>\n<\/ul>\n<h2>Carater\u00edsticas mec\u00e2nicas<\/h2>\n<ul>\n<li>Peso: 50 kg com cabo<\/li>\n<li>Grau de prote\u00e7\u00e3o: IP54<\/li>\n<li>Prote\u00e7\u00e3o contra impactos: IK10<\/li>\n<li>Altitude: 4.000 m m\u00e1x.<\/li>\n<li>Temperatura de trabalho: -30\u00baC a 55\u00baC (pode haver derating a altas temperaturas)<\/li>\n<li>Humidade de funcionamento: 5% a 95% HR sem condensa\u00e7\u00e3o<\/li>\n<li>N\u00edvel ac\u00fastico: inferior a 65 dB a 1 m de dist\u00e2ncia<\/li>\n<li>Dispositivo de monitoriza\u00e7\u00e3o de isolamento<\/li>\n<li>Sistema de arrefecimento: ventila\u00e7\u00e3o for\u00e7ada<\/li>\n<li>Possibilidade de personaliza\u00e7\u00e3o: log\u00f3tipo da marca<\/li>\n<\/ul>\n<h2>Carater\u00edsticas el\u00e9tricas<\/h2>\n<ul>\n<li>Tens\u00e3o de alimenta\u00e7\u00e3o: 3x 200-240 V<\/li>\n<li>Frequ\u00eancia: 50\/60 Hz<\/li>\n<li>Corrente m\u00e1xima de entrada: 70 A<\/li>\n<li>Pot\u00eancia m\u00e1xima: 40 kW<\/li>\n<li>Fator de pot\u00eancia: \u2265 0,98 (carga: 20kW-40kW)<\/li>\n<li>Efici\u00eancia: \u2265 95%.<\/li>\n<li>TDHi: \u2264 5% (carga: 20kW-40kW)<\/li>\n<li>Consumo em standby: menos de 20 watts<\/li>\n<li>Sistema de liga\u00e7\u00e3o \u00e0 terra: TT\/TN-S<\/li>\n<li>Seccionador de entrada: Sim<\/li>\n<li>Prote\u00e7\u00f5es el\u00e9tricas: obrigat\u00f3rias no exterior<\/li>\n<li>Sa\u00edda DC<\/li>\n<li>Pot\u00eancia m\u00e1xima: 40 kW (V &gt; 300 Vdc)<\/li>\n<li>Tens\u00e3o de sa\u00edda: 150-1000 V<\/li>\n<li>Ondula\u00e7\u00e3o de tens\u00e3o: \u2265 5 V<\/li>\n<li>Cabo: 5m CSS Combo Tipo 2<\/li>\n<li>Protocolos de carregamento: ISO15118, DIN SPEC 70121<\/li>\n<\/ul>\n<h2>Carater\u00edsticas funcionais<\/h2>\n<ul>\n<li>Protocolo de comunica\u00e7\u00e3o: V2C Cloud \/ OCPP 1.6 JSON \/ API Cloud \/ Modbus TCP \/ Modbus RTU<\/li>\n<li>Conectividade: WiFi \/ Ethernet \/ Bluetooth \/ 4G (router incorporado)<\/li>\n<li>Identifica\u00e7\u00e3o: RFID \/ Plug &amp; Play \/ Pagamentos V2C<\/li>\n<li>Controlo din\u00e2mico de pot\u00eancia: atrav\u00e9s de medidor externo<\/li>\n<li>Terminal de pagamento: Opcional<\/li>\n<li>Estado de carregamento: ilumina\u00e7\u00e3o LED RGB NeoPixel<\/li>\n<li>Software com actualiza\u00e7\u00f5es remotas (OTA)<\/li>\n<\/ul>\n","protected":false},"excerpt":{"rendered":"<p>Denka \u00e9 o primeiro <strong>carregador r\u00e1pido<\/strong> em corrente cont\u00ednua (DC) da V2C, desenhado e fabricado integralmente em Espanha. Compacto, eficiente e com op\u00e7\u00e3o de <strong>instala\u00e7\u00e3o em parede ou pedestal<\/strong>, oferece uma carga r\u00e1pida de <strong>20 kW ou 40 kW<\/strong>, controlo de pot\u00eancia integrado e conectividade total (WiFi, Ethernet, Bluetooth e 4G).<\/p>\n","protected":false},"featured_media":14976,"template":"","meta":{"content-type":"","inline_featured_image":false},"product_brand":[],"product_cat":[149],"product_tag":[],"class_list":{"0":"post-14975","1":"product","2":"type-product","3":"status-publish","4":"has-post-thumbnail","6":"product_cat-e-chargers-pt-pt","8":"first","9":"instock","10":"taxable","11":"shipping-taxable","12":"purchasable","13":"product-type-variable"},"yoast_head":"<!-- This site is optimized with the Yoast SEO plugin v27.0 - https:\/\/yoast.com\/product\/yoast-seo-wordpress\/ -->\n<title>Comprar Online Denka e-Charger | V2C Store<\/title>\n<meta name=\"description\" content=\"Compre Denka, o carregador r\u00e1pido DC 20 kW \/ 40 kW da V2C | Escolha a sua vers\u00e3o | Envio expresso gratuito - V2C\" \/>\n<meta name=\"robots\" content=\"index, follow, max-snippet:-1, max-image-preview:large, max-video-preview:-1\" \/>\n<link rel=\"canonical\" href=\"https:\/\/v2charge.com\/store\/pt-pt\/produto\/denka\/\" \/>\n<meta property=\"og:locale\" content=\"pt_PT\" \/>\n<meta property=\"og:type\" content=\"article\" \/>\n<meta property=\"og:title\" content=\"Comprar Online Denka e-Charger | V2C Store\" \/>\n<meta property=\"og:description\" content=\"Compre Denka, o carregador r\u00e1pido DC 20 kW \/ 40 kW da V2C | Escolha a sua vers\u00e3o | Envio expresso gratuito - V2C\" \/>\n<meta property=\"og:url\" content=\"https:\/\/v2charge.com\/store\/pt-pt\/produto\/denka\/\" \/>\n<meta property=\"og:site_name\" content=\"V2C Store\" \/>\n<meta property=\"article:modified_time\" content=\"2025-07-15T10:13:01+00:00\" \/>\n<meta property=\"og:image\" content=\"https:\/\/v2charge.com\/store\/wp-content\/uploads\/2025\/05\/denka.jpg\" \/>\n\t<meta property=\"og:image:width\" content=\"600\" \/>\n\t<meta property=\"og:image:height\" content=\"600\" \/>\n\t<meta property=\"og:image:type\" content=\"image\/jpeg\" \/>\n<meta name=\"twitter:card\" content=\"summary_large_image\" \/>\n<meta name=\"twitter:label1\" content=\"Tempo estimado de leitura\" \/>\n\t<meta name=\"twitter:data1\" content=\"3 minutos\" \/>\n<script type=\"application\/ld+json\" class=\"yoast-schema-graph\">{\"@context\":\"https:\/\/schema.org\",\"@graph\":[{\"@type\":\"WebPage\",\"@id\":\"https:\/\/v2charge.com\/store\/pt-pt\/produto\/denka\/\",\"url\":\"https:\/\/v2charge.com\/store\/pt-pt\/produto\/denka\/\",\"name\":\"Comprar Online Denka e-Charger | V2C Store\",\"isPartOf\":{\"@id\":\"https:\/\/v2charge.com\/store\/#website\"},\"primaryImageOfPage\":{\"@id\":\"https:\/\/v2charge.com\/store\/pt-pt\/produto\/denka\/#primaryimage\"},\"image\":{\"@id\":\"https:\/\/v2charge.com\/store\/pt-pt\/produto\/denka\/#primaryimage\"},\"thumbnailUrl\":\"https:\/\/v2charge.com\/store\/wp-content\/uploads\/2025\/05\/denka.jpg\",\"datePublished\":\"2025-07-15T10:11:36+00:00\",\"dateModified\":\"2025-07-15T10:13:01+00:00\",\"description\":\"Compre Denka, o carregador r\u00e1pido DC 20 kW \/ 40 kW da V2C | Escolha a sua vers\u00e3o | Envio expresso gratuito - V2C\",\"breadcrumb\":{\"@id\":\"https:\/\/v2charge.com\/store\/pt-pt\/produto\/denka\/#breadcrumb\"},\"inLanguage\":\"pt-PT\",\"potentialAction\":[{\"@type\":\"ReadAction\",\"target\":[\"https:\/\/v2charge.com\/store\/pt-pt\/produto\/denka\/\"]}]},{\"@type\":\"ImageObject\",\"inLanguage\":\"pt-PT\",\"@id\":\"https:\/\/v2charge.com\/store\/pt-pt\/produto\/denka\/#primaryimage\",\"url\":\"https:\/\/v2charge.com\/store\/wp-content\/uploads\/2025\/05\/denka.jpg\",\"contentUrl\":\"https:\/\/v2charge.com\/store\/wp-content\/uploads\/2025\/05\/denka.jpg\",\"width\":600,\"height\":600},{\"@type\":\"BreadcrumbList\",\"@id\":\"https:\/\/v2charge.com\/store\/pt-pt\/produto\/denka\/#breadcrumb\",\"itemListElement\":[{\"@type\":\"ListItem\",\"position\":1,\"name\":\"Portada\",\"item\":\"https:\/\/v2charge.com\/store\/\"},{\"@type\":\"ListItem\",\"position\":2,\"name\":\"Compra\",\"item\":\"https:\/\/v2charge.com\/store\/compra\/\"},{\"@type\":\"ListItem\",\"position\":3,\"name\":\"Denka\"}]},{\"@type\":\"WebSite\",\"@id\":\"https:\/\/v2charge.com\/store\/#website\",\"url\":\"https:\/\/v2charge.com\/store\/\",\"name\":\"V2C Store\",\"description\":\"V2C Store\",\"publisher\":{\"@id\":\"https:\/\/v2charge.com\/store\/#organization\"},\"potentialAction\":[{\"@type\":\"SearchAction\",\"target\":{\"@type\":\"EntryPoint\",\"urlTemplate\":\"https:\/\/v2charge.com\/store\/?s={search_term_string}\"},\"query-input\":{\"@type\":\"PropertyValueSpecification\",\"valueRequired\":true,\"valueName\":\"search_term_string\"}}],\"inLanguage\":\"pt-PT\"},{\"@type\":\"Organization\",\"@id\":\"https:\/\/v2charge.com\/store\/#organization\",\"name\":\"V2C Store\",\"url\":\"https:\/\/v2charge.com\/store\/\",\"logo\":{\"@type\":\"ImageObject\",\"inLanguage\":\"pt-PT\",\"@id\":\"https:\/\/v2charge.com\/store\/#\/schema\/logo\/image\/\",\"url\":\"https:\/\/v2charge.com\/store\/wp-content\/uploads\/2022\/08\/cropped-cropped-logotipo-v2c-store-1.png\",\"contentUrl\":\"https:\/\/v2charge.com\/store\/wp-content\/uploads\/2022\/08\/cropped-cropped-logotipo-v2c-store-1.png\",\"width\":250,\"height\":65,\"caption\":\"V2C Store\"},\"image\":{\"@id\":\"https:\/\/v2charge.com\/store\/#\/schema\/logo\/image\/\"}}]}<\/script>\n<!-- \/ Yoast SEO plugin. -->","yoast_head_json":{"title":"Comprar Online Denka e-Charger | V2C Store","description":"Compre Denka, o carregador r\u00e1pido DC 20 kW \/ 40 kW da V2C | Escolha a sua vers\u00e3o | Envio expresso gratuito - V2C","robots":{"index":"index","follow":"follow","max-snippet":"max-snippet:-1","max-image-preview":"max-image-preview:large","max-video-preview":"max-video-preview:-1"},"canonical":"https:\/\/v2charge.com\/store\/pt-pt\/produto\/denka\/","og_locale":"pt_PT","og_type":"article","og_title":"Comprar Online Denka e-Charger | V2C Store","og_description":"Compre Denka, o carregador r\u00e1pido DC 20 kW \/ 40 kW da V2C | Escolha a sua vers\u00e3o | Envio expresso gratuito - V2C","og_url":"https:\/\/v2charge.com\/store\/pt-pt\/produto\/denka\/","og_site_name":"V2C Store","article_modified_time":"2025-07-15T10:13:01+00:00","og_image":[{"width":600,"height":600,"url":"https:\/\/v2charge.com\/store\/wp-content\/uploads\/2025\/05\/denka.jpg","type":"image\/jpeg"}],"twitter_card":"summary_large_image","twitter_misc":{"Tempo estimado de leitura":"3 minutos"},"schema":{"@context":"https:\/\/schema.org","@graph":[{"@type":"WebPage","@id":"https:\/\/v2charge.com\/store\/pt-pt\/produto\/denka\/","url":"https:\/\/v2charge.com\/store\/pt-pt\/produto\/denka\/","name":"Comprar Online Denka e-Charger | V2C Store","isPartOf":{"@id":"https:\/\/v2charge.com\/store\/#website"},"primaryImageOfPage":{"@id":"https:\/\/v2charge.com\/store\/pt-pt\/produto\/denka\/#primaryimage"},"image":{"@id":"https:\/\/v2charge.com\/store\/pt-pt\/produto\/denka\/#primaryimage"},"thumbnailUrl":"https:\/\/v2charge.com\/store\/wp-content\/uploads\/2025\/05\/denka.jpg","datePublished":"2025-07-15T10:11:36+00:00","dateModified":"2025-07-15T10:13:01+00:00","description":"Compre Denka, o carregador r\u00e1pido DC 20 kW \/ 40 kW da V2C | Escolha a sua vers\u00e3o | Envio expresso gratuito - V2C","breadcrumb":{"@id":"https:\/\/v2charge.com\/store\/pt-pt\/produto\/denka\/#breadcrumb"},"inLanguage":"pt-PT","potentialAction":[{"@type":"ReadAction","target":["https:\/\/v2charge.com\/store\/pt-pt\/produto\/denka\/"]}]},{"@type":"ImageObject","inLanguage":"pt-PT","@id":"https:\/\/v2charge.com\/store\/pt-pt\/produto\/denka\/#primaryimage","url":"https:\/\/v2charge.com\/store\/wp-content\/uploads\/2025\/05\/denka.jpg","contentUrl":"https:\/\/v2charge.com\/store\/wp-content\/uploads\/2025\/05\/denka.jpg","width":600,"height":600},{"@type":"BreadcrumbList","@id":"https:\/\/v2charge.com\/store\/pt-pt\/produto\/denka\/#breadcrumb","itemListElement":[{"@type":"ListItem","position":1,"name":"Portada","item":"https:\/\/v2charge.com\/store\/"},{"@type":"ListItem","position":2,"name":"Compra","item":"https:\/\/v2charge.com\/store\/compra\/"},{"@type":"ListItem","position":3,"name":"Denka"}]},{"@type":"WebSite","@id":"https:\/\/v2charge.com\/store\/#website","url":"https:\/\/v2charge.com\/store\/","name":"V2C Store","description":"V2C Store","publisher":{"@id":"https:\/\/v2charge.com\/store\/#organization"},"potentialAction":[{"@type":"SearchAction","target":{"@type":"EntryPoint","urlTemplate":"https:\/\/v2charge.com\/store\/?s={search_term_string}"},"query-input":{"@type":"PropertyValueSpecification","valueRequired":true,"valueName":"search_term_string"}}],"inLanguage":"pt-PT"},{"@type":"Organization","@id":"https:\/\/v2charge.com\/store\/#organization","name":"V2C Store","url":"https:\/\/v2charge.com\/store\/","logo":{"@type":"ImageObject","inLanguage":"pt-PT","@id":"https:\/\/v2charge.com\/store\/#\/schema\/logo\/image\/","url":"https:\/\/v2charge.com\/store\/wp-content\/uploads\/2022\/08\/cropped-cropped-logotipo-v2c-store-1.png","contentUrl":"https:\/\/v2charge.com\/store\/wp-content\/uploads\/2022\/08\/cropped-cropped-logotipo-v2c-store-1.png","width":250,"height":65,"caption":"V2C Store"},"image":{"@id":"https:\/\/v2charge.com\/store\/#\/schema\/logo\/image\/"}}]}},"_links":{"self":[{"href":"https:\/\/v2charge.com\/store\/pt-pt\/wp-json\/wp\/v2\/product\/14975","targetHints":{"allow":["GET"]}}],"collection":[{"href":"https:\/\/v2charge.com\/store\/pt-pt\/wp-json\/wp\/v2\/product"}],"about":[{"href":"https:\/\/v2charge.com\/store\/pt-pt\/wp-json\/wp\/v2\/types\/product"}],"wp:featuredmedia":[{"embeddable":true,"href":"https:\/\/v2charge.com\/store\/pt-pt\/wp-json\/wp\/v2\/media\/14976"}],"wp:attachment":[{"href":"https:\/\/v2charge.com\/store\/pt-pt\/wp-json\/wp\/v2\/media?parent=14975"}],"wp:term":[{"taxonomy":"product_brand","embeddable":true,"href":"https:\/\/v2charge.com\/store\/pt-pt\/wp-json\/wp\/v2\/product_brand?post=14975"},{"taxonomy":"product_cat","embeddable":true,"href":"https:\/\/v2charge.com\/store\/pt-pt\/wp-json\/wp\/v2\/product_cat?post=14975"},{"taxonomy":"product_tag","embeddable":true,"href":"https:\/\/v2charge.com\/store\/pt-pt\/wp-json\/wp\/v2\/product_tag?post=14975"}],"curies":[{"name":"wp","href":"https:\/\/api.w.org\/{rel}","templated":true}]}}