{"id":14988,"date":"2019-07-03T10:52:32","date_gmt":"2025-07-15T11:13:35","guid":{"rendered":"https:\/\/v2charge.com\/store\/product\/screen\/"},"modified":"2025-07-15T11:18:17","modified_gmt":"2025-07-15T11:18:17","slug":"screen","status":"publish","type":"product","link":"https:\/\/v2charge.com\/store\/pt-pt\/produto\/screen\/","title":{"rendered":"Screen"},"content":{"rendered":"<p>Seguran\u00e7a, design e conetividade. O Screen foi desenhado com <strong>materiais resistentes<\/strong> para carregar simultaneamente dois carros el\u00e9tricos e <strong>comercializar publicidade no seu ecr\u00e3 de 43 polegadas<\/strong>. \u00c9 a melhor op\u00e7\u00e3o para via p\u00fablica, institui\u00e7\u00f5es p\u00fablicas e privadas e eletrolinheiras. Incorpora a mais recente tecnologia e integra\u00e7\u00e3o com <strong>protocolo de comunica\u00e7\u00f5es OCPP&amp;XML<\/strong> para a sua inclus\u00e3o em plataformas de gest\u00e3o.<\/p>\n<p>Gerencie o armazenamento da publicidade na nuvem, descarregue gr\u00e1ficos e estat\u00edsticas de consumo de cada utilizador. O Screen \u00e9 compat\u00edvel com todos os modelos de carros el\u00e9tricos e h\u00edbridos plug-in <strong>Tipo 2<\/strong>.<\/p>\n<p><img fetchpriority=\"high\" decoding=\"async\" class=\"wp-image-8619 size-full aligncenter\" src=\"https:\/\/v2charge.com\/store\/wp-content\/uploads\/2019\/07\/screen-v2c-store.jpg\" alt=\"Screen da V2C\" width=\"1005\" height=\"415\" srcset=\"https:\/\/v2charge.com\/store\/wp-content\/uploads\/2019\/07\/screen-v2c-store.jpg 1005w, https:\/\/v2charge.com\/store\/wp-content\/uploads\/2019\/07\/screen-v2c-store-300x124.jpg 300w, https:\/\/v2charge.com\/store\/wp-content\/uploads\/2019\/07\/screen-v2c-store-768x317.jpg 768w, https:\/\/v2charge.com\/store\/wp-content\/uploads\/2019\/07\/screen-v2c-store-812x335.jpg 812w\" sizes=\"(max-width: 1005px) 100vw, 1005px\" \/><\/p>\n<h2>Carater\u00edsticas gerais<\/h2>\n<ul>\n<li>Cor: preto<\/li>\n<li>Material: A\u00e7o antiv\u00e2ndalo e antigraffiti<\/li>\n<li>Peso: 135 kg<\/li>\n<li>Ecr\u00e3: 43&#8243; &#8211; 2.000 l\u00famenes &#8211; Contraste 3.000 2.1<\/li>\n<li>Leitor RFID ISO\/IEC 14443 A\/MIFARE<\/li>\n<li>Contador MID<\/li>\n<li>Bloqueio do conetor<\/li>\n<li>Controlo da temperatura por ventiladores<\/li>\n<li>Temperatura de funcionamento: -10\u00ba a 45\u00ba<\/li>\n<li>Temperatura de armazenamento: -40\u00ba a 50\u00ba<\/li>\n<\/ul>\n<h2>Carater\u00edsticas el\u00e9tricas<\/h2>\n<ul>\n<li>Tipo de conetor: Tomada<\/li>\n<li>Tipo de rede: 230V \/ 400V<\/li>\n<li>Intensidade m\u00e1xima de carregamento: 32A (por fase)<\/li>\n<li>Pot\u00eancia m\u00e1xima de carregamento: 7,4 kW ou 22 kW, conforme o modelo<\/li>\n<li>Corrente configur\u00e1vel: 6 a 32 Amperes<\/li>\n<li>Frequ\u00eancia nominal: 50Hz \/ 60Hz<\/li>\n<li>\u00cdndice de prote\u00e7\u00e3o: IP54 \/ IK10<\/li>\n<li>Dete\u00e7\u00e3o de corrente residual: AC 30mA \/ DC 6mA consoante o modelo<\/li>\n<\/ul>\n<h2>Carater\u00edsticas funcionais<\/h2>\n<ul>\n<li>Plataforma do utilizador: aplica\u00e7\u00e3o e portal V2C Cloud \/ OTA (actualiza\u00e7\u00f5es autom\u00e1ticas)<\/li>\n<li>Conectividade: Ethernet \/ WiFi \/ Bluetooth<\/li>\n<li>Comunica\u00e7\u00e3o: OCPP&amp;XML \/ Rest API Cloud \/ OTA<\/li>\n<li>Plataforma publicit\u00e1ria 24H<\/li>\n<li>Identifica\u00e7\u00e3o de dados e estat\u00edsticas de publicidade<\/li>\n<\/ul>\n","protected":false},"excerpt":{"rendered":"<p>Screen, um e-Charger \u00fanico que combina o <strong>carregamento de ve\u00edculos el\u00e9tricos<\/strong> e a <strong>comercializa\u00e7\u00e3o publicit\u00e1ria<\/strong>. Fabricado em a\u00e7o de alta resist\u00eancia, o Screen \u00e9 a melhor solu\u00e7\u00e3o para carregamento em exterior.<\/p>\n","protected":false},"featured_media":14989,"template":"","meta":{"content-type":"","inline_featured_image":false},"product_brand":[],"product_cat":[149],"product_tag":[],"class_list":{"0":"post-14988","1":"product","2":"type-product","3":"status-publish","4":"has-post-thumbnail","6":"product_cat-e-chargers-pt-pt","8":"first","9":"instock","10":"taxable","11":"shipping-taxable","12":"purchasable","13":"product-type-variable"},"yoast_head":"<!-- This site is optimized with the Yoast SEO plugin v27.0 - https:\/\/yoast.com\/product\/yoast-seo-wordpress\/ -->\n<title>Comprar Online Screen - Carregador V2C | V2C Store<\/title>\n<meta name=\"description\" content=\"Compre online o \u00fanico carregador para carros el\u00e9tricos com publicidade integrada SCREEN | Conetividade e funcionalidades exclusivas\" \/>\n<meta name=\"robots\" content=\"index, follow, max-snippet:-1, max-image-preview:large, max-video-preview:-1\" \/>\n<link rel=\"canonical\" href=\"https:\/\/v2charge.com\/store\/pt-pt\/produto\/screen\/\" \/>\n<meta property=\"og:locale\" content=\"pt_PT\" \/>\n<meta property=\"og:type\" content=\"article\" \/>\n<meta property=\"og:title\" content=\"Comprar Online Screen - Carregador V2C | V2C Store\" \/>\n<meta property=\"og:description\" content=\"Compre online o \u00fanico carregador para carros el\u00e9tricos com publicidade integrada SCREEN | Conetividade e funcionalidades exclusivas\" \/>\n<meta property=\"og:url\" content=\"https:\/\/v2charge.com\/store\/pt-pt\/produto\/screen\/\" \/>\n<meta property=\"og:site_name\" content=\"V2C Store\" \/>\n<meta property=\"article:modified_time\" content=\"2025-07-15T11:18:17+00:00\" \/>\n<meta property=\"og:image\" content=\"https:\/\/v2charge.com\/store\/wp-content\/uploads\/2019\/07\/Screen.jpg\" \/>\n\t<meta property=\"og:image:width\" content=\"600\" \/>\n\t<meta property=\"og:image:height\" content=\"600\" \/>\n\t<meta property=\"og:image:type\" content=\"image\/jpeg\" \/>\n<meta name=\"twitter:card\" content=\"summary_large_image\" \/>\n<meta name=\"twitter:label1\" content=\"Tempo estimado de leitura\" \/>\n\t<meta name=\"twitter:data1\" content=\"2 minutos\" \/>\n<script type=\"application\/ld+json\" class=\"yoast-schema-graph\">{\"@context\":\"https:\/\/schema.org\",\"@graph\":[{\"@type\":\"WebPage\",\"@id\":\"https:\/\/v2charge.com\/store\/pt-pt\/produto\/screen\/\",\"url\":\"https:\/\/v2charge.com\/store\/pt-pt\/produto\/screen\/\",\"name\":\"Comprar Online Screen - Carregador V2C | V2C Store\",\"isPartOf\":{\"@id\":\"https:\/\/v2charge.com\/store\/#website\"},\"primaryImageOfPage\":{\"@id\":\"https:\/\/v2charge.com\/store\/pt-pt\/produto\/screen\/#primaryimage\"},\"image\":{\"@id\":\"https:\/\/v2charge.com\/store\/pt-pt\/produto\/screen\/#primaryimage\"},\"thumbnailUrl\":\"https:\/\/v2charge.com\/store\/wp-content\/uploads\/2019\/07\/Screen.jpg\",\"datePublished\":\"2025-07-15T11:13:35+00:00\",\"dateModified\":\"2025-07-15T11:18:17+00:00\",\"description\":\"Compre online o \u00fanico carregador para carros el\u00e9tricos com publicidade integrada SCREEN | Conetividade e funcionalidades exclusivas\",\"breadcrumb\":{\"@id\":\"https:\/\/v2charge.com\/store\/pt-pt\/produto\/screen\/#breadcrumb\"},\"inLanguage\":\"pt-PT\",\"potentialAction\":[{\"@type\":\"ReadAction\",\"target\":[\"https:\/\/v2charge.com\/store\/pt-pt\/produto\/screen\/\"]}]},{\"@type\":\"ImageObject\",\"inLanguage\":\"pt-PT\",\"@id\":\"https:\/\/v2charge.com\/store\/pt-pt\/produto\/screen\/#primaryimage\",\"url\":\"https:\/\/v2charge.com\/store\/wp-content\/uploads\/2019\/07\/Screen.jpg\",\"contentUrl\":\"https:\/\/v2charge.com\/store\/wp-content\/uploads\/2019\/07\/Screen.jpg\",\"width\":600,\"height\":600},{\"@type\":\"BreadcrumbList\",\"@id\":\"https:\/\/v2charge.com\/store\/pt-pt\/produto\/screen\/#breadcrumb\",\"itemListElement\":[{\"@type\":\"ListItem\",\"position\":1,\"name\":\"Portada\",\"item\":\"https:\/\/v2charge.com\/store\/\"},{\"@type\":\"ListItem\",\"position\":2,\"name\":\"Compra\",\"item\":\"https:\/\/v2charge.com\/store\/compra\/\"},{\"@type\":\"ListItem\",\"position\":3,\"name\":\"Screen\"}]},{\"@type\":\"WebSite\",\"@id\":\"https:\/\/v2charge.com\/store\/#website\",\"url\":\"https:\/\/v2charge.com\/store\/\",\"name\":\"V2C Store\",\"description\":\"V2C Store\",\"publisher\":{\"@id\":\"https:\/\/v2charge.com\/store\/#organization\"},\"potentialAction\":[{\"@type\":\"SearchAction\",\"target\":{\"@type\":\"EntryPoint\",\"urlTemplate\":\"https:\/\/v2charge.com\/store\/?s={search_term_string}\"},\"query-input\":{\"@type\":\"PropertyValueSpecification\",\"valueRequired\":true,\"valueName\":\"search_term_string\"}}],\"inLanguage\":\"pt-PT\"},{\"@type\":\"Organization\",\"@id\":\"https:\/\/v2charge.com\/store\/#organization\",\"name\":\"V2C Store\",\"url\":\"https:\/\/v2charge.com\/store\/\",\"logo\":{\"@type\":\"ImageObject\",\"inLanguage\":\"pt-PT\",\"@id\":\"https:\/\/v2charge.com\/store\/#\/schema\/logo\/image\/\",\"url\":\"https:\/\/v2charge.com\/store\/wp-content\/uploads\/2022\/08\/cropped-cropped-logotipo-v2c-store-1.png\",\"contentUrl\":\"https:\/\/v2charge.com\/store\/wp-content\/uploads\/2022\/08\/cropped-cropped-logotipo-v2c-store-1.png\",\"width\":250,\"height\":65,\"caption\":\"V2C Store\"},\"image\":{\"@id\":\"https:\/\/v2charge.com\/store\/#\/schema\/logo\/image\/\"}}]}<\/script>\n<!-- \/ Yoast SEO plugin. -->","yoast_head_json":{"title":"Comprar Online Screen - Carregador V2C | V2C Store","description":"Compre online o \u00fanico carregador para carros el\u00e9tricos com publicidade integrada SCREEN | Conetividade e funcionalidades exclusivas","robots":{"index":"index","follow":"follow","max-snippet":"max-snippet:-1","max-image-preview":"max-image-preview:large","max-video-preview":"max-video-preview:-1"},"canonical":"https:\/\/v2charge.com\/store\/pt-pt\/produto\/screen\/","og_locale":"pt_PT","og_type":"article","og_title":"Comprar Online Screen - Carregador V2C | V2C Store","og_description":"Compre online o \u00fanico carregador para carros el\u00e9tricos com publicidade integrada SCREEN | Conetividade e funcionalidades exclusivas","og_url":"https:\/\/v2charge.com\/store\/pt-pt\/produto\/screen\/","og_site_name":"V2C Store","article_modified_time":"2025-07-15T11:18:17+00:00","og_image":[{"width":600,"height":600,"url":"https:\/\/v2charge.com\/store\/wp-content\/uploads\/2019\/07\/Screen.jpg","type":"image\/jpeg"}],"twitter_card":"summary_large_image","twitter_misc":{"Tempo estimado de leitura":"2 minutos"},"schema":{"@context":"https:\/\/schema.org","@graph":[{"@type":"WebPage","@id":"https:\/\/v2charge.com\/store\/pt-pt\/produto\/screen\/","url":"https:\/\/v2charge.com\/store\/pt-pt\/produto\/screen\/","name":"Comprar Online Screen - Carregador V2C | V2C Store","isPartOf":{"@id":"https:\/\/v2charge.com\/store\/#website"},"primaryImageOfPage":{"@id":"https:\/\/v2charge.com\/store\/pt-pt\/produto\/screen\/#primaryimage"},"image":{"@id":"https:\/\/v2charge.com\/store\/pt-pt\/produto\/screen\/#primaryimage"},"thumbnailUrl":"https:\/\/v2charge.com\/store\/wp-content\/uploads\/2019\/07\/Screen.jpg","datePublished":"2025-07-15T11:13:35+00:00","dateModified":"2025-07-15T11:18:17+00:00","description":"Compre online o \u00fanico carregador para carros el\u00e9tricos com publicidade integrada SCREEN | Conetividade e funcionalidades exclusivas","breadcrumb":{"@id":"https:\/\/v2charge.com\/store\/pt-pt\/produto\/screen\/#breadcrumb"},"inLanguage":"pt-PT","potentialAction":[{"@type":"ReadAction","target":["https:\/\/v2charge.com\/store\/pt-pt\/produto\/screen\/"]}]},{"@type":"ImageObject","inLanguage":"pt-PT","@id":"https:\/\/v2charge.com\/store\/pt-pt\/produto\/screen\/#primaryimage","url":"https:\/\/v2charge.com\/store\/wp-content\/uploads\/2019\/07\/Screen.jpg","contentUrl":"https:\/\/v2charge.com\/store\/wp-content\/uploads\/2019\/07\/Screen.jpg","width":600,"height":600},{"@type":"BreadcrumbList","@id":"https:\/\/v2charge.com\/store\/pt-pt\/produto\/screen\/#breadcrumb","itemListElement":[{"@type":"ListItem","position":1,"name":"Portada","item":"https:\/\/v2charge.com\/store\/"},{"@type":"ListItem","position":2,"name":"Compra","item":"https:\/\/v2charge.com\/store\/compra\/"},{"@type":"ListItem","position":3,"name":"Screen"}]},{"@type":"WebSite","@id":"https:\/\/v2charge.com\/store\/#website","url":"https:\/\/v2charge.com\/store\/","name":"V2C Store","description":"V2C Store","publisher":{"@id":"https:\/\/v2charge.com\/store\/#organization"},"potentialAction":[{"@type":"SearchAction","target":{"@type":"EntryPoint","urlTemplate":"https:\/\/v2charge.com\/store\/?s={search_term_string}"},"query-input":{"@type":"PropertyValueSpecification","valueRequired":true,"valueName":"search_term_string"}}],"inLanguage":"pt-PT"},{"@type":"Organization","@id":"https:\/\/v2charge.com\/store\/#organization","name":"V2C Store","url":"https:\/\/v2charge.com\/store\/","logo":{"@type":"ImageObject","inLanguage":"pt-PT","@id":"https:\/\/v2charge.com\/store\/#\/schema\/logo\/image\/","url":"https:\/\/v2charge.com\/store\/wp-content\/uploads\/2022\/08\/cropped-cropped-logotipo-v2c-store-1.png","contentUrl":"https:\/\/v2charge.com\/store\/wp-content\/uploads\/2022\/08\/cropped-cropped-logotipo-v2c-store-1.png","width":250,"height":65,"caption":"V2C Store"},"image":{"@id":"https:\/\/v2charge.com\/store\/#\/schema\/logo\/image\/"}}]}},"_links":{"self":[{"href":"https:\/\/v2charge.com\/store\/pt-pt\/wp-json\/wp\/v2\/product\/14988","targetHints":{"allow":["GET"]}}],"collection":[{"href":"https:\/\/v2charge.com\/store\/pt-pt\/wp-json\/wp\/v2\/product"}],"about":[{"href":"https:\/\/v2charge.com\/store\/pt-pt\/wp-json\/wp\/v2\/types\/product"}],"wp:featuredmedia":[{"embeddable":true,"href":"https:\/\/v2charge.com\/store\/pt-pt\/wp-json\/wp\/v2\/media\/14989"}],"wp:attachment":[{"href":"https:\/\/v2charge.com\/store\/pt-pt\/wp-json\/wp\/v2\/media?parent=14988"}],"wp:term":[{"taxonomy":"product_brand","embeddable":true,"href":"https:\/\/v2charge.com\/store\/pt-pt\/wp-json\/wp\/v2\/product_brand?post=14988"},{"taxonomy":"product_cat","embeddable":true,"href":"https:\/\/v2charge.com\/store\/pt-pt\/wp-json\/wp\/v2\/product_cat?post=14988"},{"taxonomy":"product_tag","embeddable":true,"href":"https:\/\/v2charge.com\/store\/pt-pt\/wp-json\/wp\/v2\/product_tag?post=14988"}],"curies":[{"name":"wp","href":"https:\/\/api.w.org\/{rel}","templated":true}]}}