{"id":15055,"date":"2025-05-19T07:28:04","date_gmt":"2025-07-18T12:39:29","guid":{"rendered":"https:\/\/v2charge.com\/store\/product\/cartao-rfid\/"},"modified":"2025-07-18T12:39:29","modified_gmt":"2025-07-18T12:39:29","slug":"cartao-rfid","status":"publish","type":"product","link":"https:\/\/v2charge.com\/store\/pt-pt\/produto\/cartao-rfid\/","title":{"rendered":"Cart\u00e3o RFID"},"content":{"rendered":"<p>O cart\u00e3o RFID da V2C <strong>identifica o utilizador e autoriza a utiliza\u00e7\u00e3o do e-Charger<\/strong>. Ao aproxim\u00e1-lo de um leitor RFID integrado num dos carregadores V2C, \u00e9 poss\u00edvel autenticar o utilizador e permitir o carregamento. <\/p>\n<p>Basta aproximar o cart\u00e3o do carregador para iniciar a sess\u00e3o, tornando-se a solu\u00e7\u00e3o ideal para empresas, condom\u00ednios, parques de estacionamento partilhados ou instala\u00e7\u00f5es p\u00fablicas onde seja necess\u00e1rio controlo de acesso.<\/p>\n<p>A partir da plataforma gratuita V2C Cloud, poder\u00e1 <strong>ativar ou desativar cart\u00f5es RFID de forma simples e remota<\/strong>, gerir o acesso aos carregadores e atribuir cart\u00f5es a utilizadores espec\u00edficos, sem necessidade de interven\u00e7\u00e3o f\u00edsica.<\/p>\n<h2>Vantagens principais do cart\u00e3o RFID<\/h2>\n<ul>\n<li>Ativa\u00e7\u00e3o r\u00e1pida e segura<\/li>\n<li>Identifica\u00e7\u00e3o \u00fanica para cada utilizador<\/li>\n<li>Gest\u00e3o eficiente do acesso aos carregadores<\/li>\n<li>Compat\u00edvel com os e-Chargers V2C com leitor RFID<\/li>\n<li>Ideal para ambientes com m\u00faltiplos utilizadores<\/li>\n<\/ul>\n<p>&nbsp;<\/p>\n","protected":false},"excerpt":{"rendered":"<p>O cart\u00e3o RFID da V2C \u00e9 um m\u00e9todo simples de <strong>identifica\u00e7\u00e3o do utilizador e autoriza\u00e7\u00e3o da utiliza\u00e7\u00e3o do carregador<\/strong>.<\/p>\n<p>Cada cart\u00e3o possui um <strong>identificador \u00fanico<\/strong>, permitindo atribuir utilizadores e registar a utiliza\u00e7\u00e3o individual de cada e-Charger.<\/p>\n","protected":false},"featured_media":15056,"template":"","meta":{"content-type":"","inline_featured_image":false},"product_brand":[],"product_cat":[150],"product_tag":[],"class_list":{"0":"post-15055","1":"product","2":"type-product","3":"status-publish","4":"has-post-thumbnail","6":"product_cat-acessorios","8":"first","9":"instock","10":"taxable","11":"shipping-taxable","12":"purchasable","13":"product-type-simple"},"yoast_head":"<!-- This site is optimized with the Yoast SEO plugin v27.0 - https:\/\/yoast.com\/product\/yoast-seo-wordpress\/ -->\n<title>Comprar Cart\u00e3o RFID V2C \u2013 V2C Store<\/title>\n<meta name=\"description\" content=\"Cart\u00e3o RFID da V2C para carregador de carro el\u00e9trico \u2013 M\u00e9todo simples de identifica\u00e7\u00e3o do utilizador e autoriza\u00e7\u00e3o \u2013 V2C Store\" \/>\n<meta name=\"robots\" content=\"index, follow, max-snippet:-1, max-image-preview:large, max-video-preview:-1\" \/>\n<link rel=\"canonical\" href=\"https:\/\/v2charge.com\/store\/pt-pt\/produto\/cartao-rfid\/\" \/>\n<meta property=\"og:locale\" content=\"pt_PT\" \/>\n<meta property=\"og:type\" content=\"article\" \/>\n<meta property=\"og:title\" content=\"Comprar Cart\u00e3o RFID V2C \u2013 V2C Store\" \/>\n<meta property=\"og:description\" content=\"Cart\u00e3o RFID da V2C para carregador de carro el\u00e9trico \u2013 M\u00e9todo simples de identifica\u00e7\u00e3o do utilizador e autoriza\u00e7\u00e3o \u2013 V2C Store\" \/>\n<meta property=\"og:url\" content=\"https:\/\/v2charge.com\/store\/pt-pt\/produto\/cartao-rfid\/\" \/>\n<meta property=\"og:site_name\" content=\"V2C Store\" \/>\n<meta property=\"og:image\" content=\"https:\/\/v2charge.com\/store\/wp-content\/uploads\/2025\/05\/rfid-v2c.jpg\" \/>\n\t<meta property=\"og:image:width\" content=\"600\" \/>\n\t<meta property=\"og:image:height\" content=\"600\" \/>\n\t<meta property=\"og:image:type\" content=\"image\/jpeg\" \/>\n<meta name=\"twitter:card\" content=\"summary_large_image\" \/>\n<meta name=\"twitter:label1\" content=\"Tempo estimado de leitura\" \/>\n\t<meta name=\"twitter:data1\" content=\"1 minuto\" \/>\n<script type=\"application\/ld+json\" class=\"yoast-schema-graph\">{\"@context\":\"https:\/\/schema.org\",\"@graph\":[{\"@type\":\"WebPage\",\"@id\":\"https:\/\/v2charge.com\/store\/pt-pt\/produto\/cartao-rfid\/\",\"url\":\"https:\/\/v2charge.com\/store\/pt-pt\/produto\/cartao-rfid\/\",\"name\":\"Comprar Cart\u00e3o RFID V2C \u2013 V2C Store\",\"isPartOf\":{\"@id\":\"https:\/\/v2charge.com\/store\/#website\"},\"primaryImageOfPage\":{\"@id\":\"https:\/\/v2charge.com\/store\/pt-pt\/produto\/cartao-rfid\/#primaryimage\"},\"image\":{\"@id\":\"https:\/\/v2charge.com\/store\/pt-pt\/produto\/cartao-rfid\/#primaryimage\"},\"thumbnailUrl\":\"https:\/\/v2charge.com\/store\/wp-content\/uploads\/2025\/05\/rfid-v2c.jpg\",\"datePublished\":\"2025-07-18T12:39:29+00:00\",\"description\":\"Cart\u00e3o RFID da V2C para carregador de carro el\u00e9trico \u2013 M\u00e9todo simples de identifica\u00e7\u00e3o do utilizador e autoriza\u00e7\u00e3o \u2013 V2C Store\",\"breadcrumb\":{\"@id\":\"https:\/\/v2charge.com\/store\/pt-pt\/produto\/cartao-rfid\/#breadcrumb\"},\"inLanguage\":\"pt-PT\",\"potentialAction\":[{\"@type\":\"ReadAction\",\"target\":[\"https:\/\/v2charge.com\/store\/pt-pt\/produto\/cartao-rfid\/\"]}]},{\"@type\":\"ImageObject\",\"inLanguage\":\"pt-PT\",\"@id\":\"https:\/\/v2charge.com\/store\/pt-pt\/produto\/cartao-rfid\/#primaryimage\",\"url\":\"https:\/\/v2charge.com\/store\/wp-content\/uploads\/2025\/05\/rfid-v2c.jpg\",\"contentUrl\":\"https:\/\/v2charge.com\/store\/wp-content\/uploads\/2025\/05\/rfid-v2c.jpg\",\"width\":600,\"height\":600},{\"@type\":\"BreadcrumbList\",\"@id\":\"https:\/\/v2charge.com\/store\/pt-pt\/produto\/cartao-rfid\/#breadcrumb\",\"itemListElement\":[{\"@type\":\"ListItem\",\"position\":1,\"name\":\"Portada\",\"item\":\"https:\/\/v2charge.com\/store\/\"},{\"@type\":\"ListItem\",\"position\":2,\"name\":\"Compra\",\"item\":\"https:\/\/v2charge.com\/store\/compra\/\"},{\"@type\":\"ListItem\",\"position\":3,\"name\":\"Cart\u00e3o RFID\"}]},{\"@type\":\"WebSite\",\"@id\":\"https:\/\/v2charge.com\/store\/#website\",\"url\":\"https:\/\/v2charge.com\/store\/\",\"name\":\"V2C Store\",\"description\":\"V2C Store\",\"publisher\":{\"@id\":\"https:\/\/v2charge.com\/store\/#organization\"},\"potentialAction\":[{\"@type\":\"SearchAction\",\"target\":{\"@type\":\"EntryPoint\",\"urlTemplate\":\"https:\/\/v2charge.com\/store\/?s={search_term_string}\"},\"query-input\":{\"@type\":\"PropertyValueSpecification\",\"valueRequired\":true,\"valueName\":\"search_term_string\"}}],\"inLanguage\":\"pt-PT\"},{\"@type\":\"Organization\",\"@id\":\"https:\/\/v2charge.com\/store\/#organization\",\"name\":\"V2C Store\",\"url\":\"https:\/\/v2charge.com\/store\/\",\"logo\":{\"@type\":\"ImageObject\",\"inLanguage\":\"pt-PT\",\"@id\":\"https:\/\/v2charge.com\/store\/#\/schema\/logo\/image\/\",\"url\":\"https:\/\/v2charge.com\/store\/wp-content\/uploads\/2022\/08\/cropped-cropped-logotipo-v2c-store-1.png\",\"contentUrl\":\"https:\/\/v2charge.com\/store\/wp-content\/uploads\/2022\/08\/cropped-cropped-logotipo-v2c-store-1.png\",\"width\":250,\"height\":65,\"caption\":\"V2C Store\"},\"image\":{\"@id\":\"https:\/\/v2charge.com\/store\/#\/schema\/logo\/image\/\"}}]}<\/script>\n<!-- \/ Yoast SEO plugin. -->","yoast_head_json":{"title":"Comprar Cart\u00e3o RFID V2C \u2013 V2C Store","description":"Cart\u00e3o RFID da V2C para carregador de carro el\u00e9trico \u2013 M\u00e9todo simples de identifica\u00e7\u00e3o do utilizador e autoriza\u00e7\u00e3o \u2013 V2C Store","robots":{"index":"index","follow":"follow","max-snippet":"max-snippet:-1","max-image-preview":"max-image-preview:large","max-video-preview":"max-video-preview:-1"},"canonical":"https:\/\/v2charge.com\/store\/pt-pt\/produto\/cartao-rfid\/","og_locale":"pt_PT","og_type":"article","og_title":"Comprar Cart\u00e3o RFID V2C \u2013 V2C Store","og_description":"Cart\u00e3o RFID da V2C para carregador de carro el\u00e9trico \u2013 M\u00e9todo simples de identifica\u00e7\u00e3o do utilizador e autoriza\u00e7\u00e3o \u2013 V2C Store","og_url":"https:\/\/v2charge.com\/store\/pt-pt\/produto\/cartao-rfid\/","og_site_name":"V2C Store","og_image":[{"width":600,"height":600,"url":"https:\/\/v2charge.com\/store\/wp-content\/uploads\/2025\/05\/rfid-v2c.jpg","type":"image\/jpeg"}],"twitter_card":"summary_large_image","twitter_misc":{"Tempo estimado de leitura":"1 minuto"},"schema":{"@context":"https:\/\/schema.org","@graph":[{"@type":"WebPage","@id":"https:\/\/v2charge.com\/store\/pt-pt\/produto\/cartao-rfid\/","url":"https:\/\/v2charge.com\/store\/pt-pt\/produto\/cartao-rfid\/","name":"Comprar Cart\u00e3o RFID V2C \u2013 V2C Store","isPartOf":{"@id":"https:\/\/v2charge.com\/store\/#website"},"primaryImageOfPage":{"@id":"https:\/\/v2charge.com\/store\/pt-pt\/produto\/cartao-rfid\/#primaryimage"},"image":{"@id":"https:\/\/v2charge.com\/store\/pt-pt\/produto\/cartao-rfid\/#primaryimage"},"thumbnailUrl":"https:\/\/v2charge.com\/store\/wp-content\/uploads\/2025\/05\/rfid-v2c.jpg","datePublished":"2025-07-18T12:39:29+00:00","description":"Cart\u00e3o RFID da V2C para carregador de carro el\u00e9trico \u2013 M\u00e9todo simples de identifica\u00e7\u00e3o do utilizador e autoriza\u00e7\u00e3o \u2013 V2C Store","breadcrumb":{"@id":"https:\/\/v2charge.com\/store\/pt-pt\/produto\/cartao-rfid\/#breadcrumb"},"inLanguage":"pt-PT","potentialAction":[{"@type":"ReadAction","target":["https:\/\/v2charge.com\/store\/pt-pt\/produto\/cartao-rfid\/"]}]},{"@type":"ImageObject","inLanguage":"pt-PT","@id":"https:\/\/v2charge.com\/store\/pt-pt\/produto\/cartao-rfid\/#primaryimage","url":"https:\/\/v2charge.com\/store\/wp-content\/uploads\/2025\/05\/rfid-v2c.jpg","contentUrl":"https:\/\/v2charge.com\/store\/wp-content\/uploads\/2025\/05\/rfid-v2c.jpg","width":600,"height":600},{"@type":"BreadcrumbList","@id":"https:\/\/v2charge.com\/store\/pt-pt\/produto\/cartao-rfid\/#breadcrumb","itemListElement":[{"@type":"ListItem","position":1,"name":"Portada","item":"https:\/\/v2charge.com\/store\/"},{"@type":"ListItem","position":2,"name":"Compra","item":"https:\/\/v2charge.com\/store\/compra\/"},{"@type":"ListItem","position":3,"name":"Cart\u00e3o RFID"}]},{"@type":"WebSite","@id":"https:\/\/v2charge.com\/store\/#website","url":"https:\/\/v2charge.com\/store\/","name":"V2C Store","description":"V2C Store","publisher":{"@id":"https:\/\/v2charge.com\/store\/#organization"},"potentialAction":[{"@type":"SearchAction","target":{"@type":"EntryPoint","urlTemplate":"https:\/\/v2charge.com\/store\/?s={search_term_string}"},"query-input":{"@type":"PropertyValueSpecification","valueRequired":true,"valueName":"search_term_string"}}],"inLanguage":"pt-PT"},{"@type":"Organization","@id":"https:\/\/v2charge.com\/store\/#organization","name":"V2C Store","url":"https:\/\/v2charge.com\/store\/","logo":{"@type":"ImageObject","inLanguage":"pt-PT","@id":"https:\/\/v2charge.com\/store\/#\/schema\/logo\/image\/","url":"https:\/\/v2charge.com\/store\/wp-content\/uploads\/2022\/08\/cropped-cropped-logotipo-v2c-store-1.png","contentUrl":"https:\/\/v2charge.com\/store\/wp-content\/uploads\/2022\/08\/cropped-cropped-logotipo-v2c-store-1.png","width":250,"height":65,"caption":"V2C Store"},"image":{"@id":"https:\/\/v2charge.com\/store\/#\/schema\/logo\/image\/"}}]}},"_links":{"self":[{"href":"https:\/\/v2charge.com\/store\/pt-pt\/wp-json\/wp\/v2\/product\/15055","targetHints":{"allow":["GET"]}}],"collection":[{"href":"https:\/\/v2charge.com\/store\/pt-pt\/wp-json\/wp\/v2\/product"}],"about":[{"href":"https:\/\/v2charge.com\/store\/pt-pt\/wp-json\/wp\/v2\/types\/product"}],"wp:featuredmedia":[{"embeddable":true,"href":"https:\/\/v2charge.com\/store\/pt-pt\/wp-json\/wp\/v2\/media\/15056"}],"wp:attachment":[{"href":"https:\/\/v2charge.com\/store\/pt-pt\/wp-json\/wp\/v2\/media?parent=15055"}],"wp:term":[{"taxonomy":"product_brand","embeddable":true,"href":"https:\/\/v2charge.com\/store\/pt-pt\/wp-json\/wp\/v2\/product_brand?post=15055"},{"taxonomy":"product_cat","embeddable":true,"href":"https:\/\/v2charge.com\/store\/pt-pt\/wp-json\/wp\/v2\/product_cat?post=15055"},{"taxonomy":"product_tag","embeddable":true,"href":"https:\/\/v2charge.com\/store\/pt-pt\/wp-json\/wp\/v2\/product_tag?post=15055"}],"curies":[{"name":"wp","href":"https:\/\/api.w.org\/{rel}","templated":true}]}}