{"id":21552,"date":"2026-04-12T19:16:03","date_gmt":"2026-04-12T19:16:03","guid":{"rendered":"https:\/\/v2charge.com\/store\/?post_type=product&#038;p=21552"},"modified":"2026-04-12T19:16:04","modified_gmt":"2026-04-12T19:16:04","slug":"medidor-bidirecional","status":"publish","type":"product","link":"https:\/\/v2charge.com\/store\/pt-pt\/produto\/medidor-bidirecional\/","title":{"rendered":"Medidor bidirecional + Pin\u00e7a(s) 120A"},"content":{"rendered":"<p class=\"font-claude-response-body break-words whitespace-normal leading-[1.7]\">O medidor bidirecional \u00e9 o componente essencial para elevar o <strong>controlo din\u00e2mico de pot\u00eancia<\/strong> da sua instala\u00e7\u00e3o el\u00e9trica a um novo n\u00edvel. Gra\u00e7as \u00e0 sua capacidade de medi\u00e7\u00e3o bidirecional, o dispositivo monitoriza em tempo real tanto o consumo dom\u00e9stico como os poss\u00edveis <strong>excedentes de energia fotovoltaica<\/strong>, ajustando automaticamente a pot\u00eancia destinada ao carregamento do ve\u00edculo el\u00e9trico para que a pot\u00eancia contratada nunca seja ultrapassada.<\/p>\n<h2 class=\"font-claude-response-body break-words whitespace-normal leading-[1.7]\">Como funciona o medidor bidirecional<\/h2>\n<p class=\"font-claude-response-body break-words whitespace-normal leading-[1.7]\">Uma vez instalado no quadro el\u00e9trico, o medidor l\u00ea continuamente o fluxo de energia atrav\u00e9s das suas pin\u00e7as amperim\u00e9tricas. Esta informa\u00e7\u00e3o \u00e9 enviada ao carregador Trydan\/Trydan Pro, que <strong>adapta em tempo real a intensidade de carregamento do ve\u00edculo em fun\u00e7\u00e3o do consumo instant\u00e2neo da habita\u00e7\u00e3o<\/strong>.<\/p>\n<p class=\"font-claude-response-body break-words whitespace-normal leading-[1.7]\">O medidor fornece dados precisos de consumo, produ\u00e7\u00e3o e importa\u00e7\u00e3o\/exporta\u00e7\u00e3o em tempo real, vis\u00edveis na aplica\u00e7\u00e3o gratuita V2C Cloud. O resultado: um carregamento sempre eficiente, sem disparos do disjuntor diferencial e sem desperdi\u00e7ar nenhum watt dispon\u00edvel.<\/p>\n<h2 class=\"font-claude-response-body break-words whitespace-normal leading-[1.7]\">Duas vers\u00f5es do medidor bidirecional para cada tipo de instala\u00e7\u00e3o<\/h2>\n<p class=\"font-claude-response-body break-words whitespace-normal leading-[1.7]\">O medidor bidirecional est\u00e1 dispon\u00edvel em duas configura\u00e7\u00f5es para se adaptar ao tipo de rede el\u00e9trica da sua habita\u00e7\u00e3o:<\/p>\n<ul class=\"[li_&amp;]:mb-0 [li_&amp;]:mt-1 [li_&amp;]:gap-1 [&amp;:not(:last-child)_ul]:pb-1 [&amp;:not(:last-child)_ol]:pb-1 list-disc flex flex-col gap-1 pl-8 mb-3\">\n<li class=\"whitespace-normal break-words pl-2\"><strong>Monof\u00e1sico + 1 Pin\u00e7a 120A<\/strong> \u2014 Ideal para instala\u00e7\u00f5es com alimenta\u00e7\u00e3o monof\u00e1sica. Inclui uma pin\u00e7a amperim\u00e9trica de 120A para a medi\u00e7\u00e3o da acometida geral da habita\u00e7\u00e3o.<\/li>\n<li class=\"whitespace-normal break-words pl-2\"><strong>Trif\u00e1sico + 3 Pin\u00e7as 120A<\/strong> \u2014 Concebido para instala\u00e7\u00f5es com alimenta\u00e7\u00e3o trif\u00e1sica. Inclui tr\u00eas pin\u00e7as amperim\u00e9tricas de 120A, uma por fase, para uma medi\u00e7\u00e3o completa e precisa de toda a instala\u00e7\u00e3o.<\/li>\n<\/ul>\n<h2 class=\"font-claude-response-body break-words whitespace-normal leading-[1.7]\">Como instalar o medidor bidirecional V2C?<\/h2>\n<p class=\"font-claude-response-body break-words whitespace-normal leading-[1.7]\">Consulte a documenta\u00e7\u00e3o oficial de suporte da V2C para realizar a instala\u00e7\u00e3o de forma correta e segura:<\/p>\n<p class=\"font-claude-response-body break-words whitespace-normal leading-[1.7]\"><img decoding=\"async\" class=\"emoji\" role=\"img\" draggable=\"false\" src=\"https:\/\/s.w.org\/images\/core\/emoji\/17.0.2\/svg\/1f517.svg\" alt=\"\ud83d\udd17\" \/> <a href=\"https:\/\/v2charge.com\/pt-pt\/suporte\/controlo-potencia\/dinamico\/\" target=\"_blank\" rel=\"noopener\">Controlo din\u00e2mico de pot\u00eancia \u2014 Guia geral<\/a><br \/>\n<img decoding=\"async\" class=\"emoji\" role=\"img\" draggable=\"false\" src=\"https:\/\/s.w.org\/images\/core\/emoji\/17.0.2\/svg\/1f517.svg\" alt=\"\ud83d\udd17\" \/> <a href=\"https:\/\/v2charge.com\/pt-pt\/suporte\/controlo-potencia\/dinamico\/medidores-fios\/#contadores-cablagem\" target=\"_blank\" rel=\"noopener\">Como instalar o medidor? \u2013 Selecione a op\u00e7\u00e3o &#8216;Eastron&#8217;<\/a><\/p>\n<p class=\"font-claude-response-body break-words whitespace-normal leading-[1.7]\">Uma vez instalado, a configura\u00e7\u00e3o do controlo din\u00e2mico de pot\u00eancia \u00e9 feita facilmente atrav\u00e9s da aplica\u00e7\u00e3o V2C Cloud ou do portal web, selecionando o esquema de instala\u00e7\u00e3o correspondente (monof\u00e1sico ou trif\u00e1sico, com ou sem fotovoltaico).<\/p>\n","protected":false},"excerpt":{"rendered":"<p>Dispositivo de medi\u00e7\u00e3o e controlo para uma gest\u00e3o inteligente da energia na sua habita\u00e7\u00e3o.<\/p>\n<p>O medidor bidirecional realiza o <strong>controlo din\u00e2mico de pot\u00eancia<\/strong> equilibrando automaticamente a pot\u00eancia contratada entre o carregamento do seu ve\u00edculo el\u00e9trico e os consumos dom\u00e9sticos. Dispon\u00edvel em duas vers\u00f5es consoante a sua instala\u00e7\u00e3o: <strong>monof\u00e1sica (1 pin\u00e7a 120A) ou trif\u00e1sica (3 pin\u00e7as 120A)<\/strong>.<\/p>\n","protected":false},"featured_media":21524,"template":"","meta":{"content-type":"","inline_featured_image":false},"product_brand":[],"product_cat":[150],"product_tag":[],"class_list":{"0":"post-21552","1":"product","2":"type-product","3":"status-publish","4":"has-post-thumbnail","6":"product_cat-acessorios","8":"first","9":"instock","10":"taxable","11":"shipping-taxable","12":"purchasable","13":"product-type-variable"},"yoast_head":"<!-- This site is optimized with the Yoast SEO plugin v27.0 - https:\/\/yoast.com\/product\/yoast-seo-wordpress\/ -->\n<title>Medidor bidirecional + Pin\u00e7a(s) 120A - Monof\u00e1sico ou Trif\u00e1sico<\/title>\n<meta name=\"description\" content=\"Compre o Medidor bidirecional + Pin\u00e7a(s) 120A para realizar o controlo din\u00e2mico de pot\u00eancia do seu e-Charger | V2C Store\" \/>\n<meta name=\"robots\" content=\"index, follow, max-snippet:-1, max-image-preview:large, max-video-preview:-1\" \/>\n<link rel=\"canonical\" href=\"https:\/\/v2charge.com\/store\/pt-pt\/produto\/medidor-bidirecional\/\" \/>\n<meta property=\"og:locale\" content=\"pt_PT\" \/>\n<meta property=\"og:type\" content=\"article\" \/>\n<meta property=\"og:title\" content=\"Medidor bidirecional + Pin\u00e7a(s) 120A - Monof\u00e1sico ou Trif\u00e1sico\" \/>\n<meta property=\"og:description\" content=\"Compre o Medidor bidirecional + Pin\u00e7a(s) 120A para realizar o controlo din\u00e2mico de pot\u00eancia do seu e-Charger | V2C Store\" \/>\n<meta property=\"og:url\" content=\"https:\/\/v2charge.com\/store\/pt-pt\/produto\/medidor-bidirecional\/\" \/>\n<meta property=\"og:site_name\" content=\"V2C Store\" \/>\n<meta property=\"article:modified_time\" content=\"2026-04-12T19:16:04+00:00\" \/>\n<meta property=\"og:image\" content=\"https:\/\/v2charge.com\/store\/wp-content\/uploads\/2026\/04\/v2c-bidirectional-single-phase-meter.jpg\" \/>\n\t<meta property=\"og:image:width\" content=\"600\" \/>\n\t<meta property=\"og:image:height\" content=\"600\" \/>\n\t<meta property=\"og:image:type\" content=\"image\/jpeg\" \/>\n<meta name=\"twitter:card\" content=\"summary_large_image\" \/>\n<meta name=\"twitter:label1\" content=\"Tempo estimado de leitura\" \/>\n\t<meta name=\"twitter:data1\" content=\"3 minutos\" \/>\n<script type=\"application\/ld+json\" class=\"yoast-schema-graph\">{\"@context\":\"https:\/\/schema.org\",\"@graph\":[{\"@type\":\"WebPage\",\"@id\":\"https:\/\/v2charge.com\/store\/pt-pt\/produto\/medidor-bidirecional\/\",\"url\":\"https:\/\/v2charge.com\/store\/pt-pt\/produto\/medidor-bidirecional\/\",\"name\":\"Medidor bidirecional + Pin\u00e7a(s) 120A - Monof\u00e1sico ou Trif\u00e1sico\",\"isPartOf\":{\"@id\":\"https:\/\/v2charge.com\/store\/#website\"},\"primaryImageOfPage\":{\"@id\":\"https:\/\/v2charge.com\/store\/pt-pt\/produto\/medidor-bidirecional\/#primaryimage\"},\"image\":{\"@id\":\"https:\/\/v2charge.com\/store\/pt-pt\/produto\/medidor-bidirecional\/#primaryimage\"},\"thumbnailUrl\":\"https:\/\/v2charge.com\/store\/wp-content\/uploads\/2026\/04\/v2c-bidirectional-single-phase-meter.jpg\",\"datePublished\":\"2026-04-12T19:16:03+00:00\",\"dateModified\":\"2026-04-12T19:16:04+00:00\",\"description\":\"Compre o Medidor bidirecional + Pin\u00e7a(s) 120A para realizar o controlo din\u00e2mico de pot\u00eancia do seu e-Charger | V2C Store\",\"breadcrumb\":{\"@id\":\"https:\/\/v2charge.com\/store\/pt-pt\/produto\/medidor-bidirecional\/#breadcrumb\"},\"inLanguage\":\"pt-PT\",\"potentialAction\":[{\"@type\":\"ReadAction\",\"target\":[\"https:\/\/v2charge.com\/store\/pt-pt\/produto\/medidor-bidirecional\/\"]}]},{\"@type\":\"ImageObject\",\"inLanguage\":\"pt-PT\",\"@id\":\"https:\/\/v2charge.com\/store\/pt-pt\/produto\/medidor-bidirecional\/#primaryimage\",\"url\":\"https:\/\/v2charge.com\/store\/wp-content\/uploads\/2026\/04\/v2c-bidirectional-single-phase-meter.jpg\",\"contentUrl\":\"https:\/\/v2charge.com\/store\/wp-content\/uploads\/2026\/04\/v2c-bidirectional-single-phase-meter.jpg\",\"width\":600,\"height\":600},{\"@type\":\"BreadcrumbList\",\"@id\":\"https:\/\/v2charge.com\/store\/pt-pt\/produto\/medidor-bidirecional\/#breadcrumb\",\"itemListElement\":[{\"@type\":\"ListItem\",\"position\":1,\"name\":\"Portada\",\"item\":\"https:\/\/v2charge.com\/store\/\"},{\"@type\":\"ListItem\",\"position\":2,\"name\":\"Compra\",\"item\":\"https:\/\/v2charge.com\/store\/compra\/\"},{\"@type\":\"ListItem\",\"position\":3,\"name\":\"Medidor bidirecional + Pin\u00e7a(s) 120A\"}]},{\"@type\":\"WebSite\",\"@id\":\"https:\/\/v2charge.com\/store\/#website\",\"url\":\"https:\/\/v2charge.com\/store\/\",\"name\":\"V2C Store\",\"description\":\"V2C Store\",\"publisher\":{\"@id\":\"https:\/\/v2charge.com\/store\/#organization\"},\"potentialAction\":[{\"@type\":\"SearchAction\",\"target\":{\"@type\":\"EntryPoint\",\"urlTemplate\":\"https:\/\/v2charge.com\/store\/?s={search_term_string}\"},\"query-input\":{\"@type\":\"PropertyValueSpecification\",\"valueRequired\":true,\"valueName\":\"search_term_string\"}}],\"inLanguage\":\"pt-PT\"},{\"@type\":\"Organization\",\"@id\":\"https:\/\/v2charge.com\/store\/#organization\",\"name\":\"V2C Store\",\"url\":\"https:\/\/v2charge.com\/store\/\",\"logo\":{\"@type\":\"ImageObject\",\"inLanguage\":\"pt-PT\",\"@id\":\"https:\/\/v2charge.com\/store\/#\/schema\/logo\/image\/\",\"url\":\"https:\/\/v2charge.com\/store\/wp-content\/uploads\/2022\/08\/cropped-cropped-logotipo-v2c-store-1.png\",\"contentUrl\":\"https:\/\/v2charge.com\/store\/wp-content\/uploads\/2022\/08\/cropped-cropped-logotipo-v2c-store-1.png\",\"width\":250,\"height\":65,\"caption\":\"V2C Store\"},\"image\":{\"@id\":\"https:\/\/v2charge.com\/store\/#\/schema\/logo\/image\/\"}}]}<\/script>\n<!-- \/ Yoast SEO plugin. -->","yoast_head_json":{"title":"Medidor bidirecional + Pin\u00e7a(s) 120A - Monof\u00e1sico ou Trif\u00e1sico","description":"Compre o Medidor bidirecional + Pin\u00e7a(s) 120A para realizar o controlo din\u00e2mico de pot\u00eancia do seu e-Charger | V2C Store","robots":{"index":"index","follow":"follow","max-snippet":"max-snippet:-1","max-image-preview":"max-image-preview:large","max-video-preview":"max-video-preview:-1"},"canonical":"https:\/\/v2charge.com\/store\/pt-pt\/produto\/medidor-bidirecional\/","og_locale":"pt_PT","og_type":"article","og_title":"Medidor bidirecional + Pin\u00e7a(s) 120A - Monof\u00e1sico ou Trif\u00e1sico","og_description":"Compre o Medidor bidirecional + Pin\u00e7a(s) 120A para realizar o controlo din\u00e2mico de pot\u00eancia do seu e-Charger | V2C Store","og_url":"https:\/\/v2charge.com\/store\/pt-pt\/produto\/medidor-bidirecional\/","og_site_name":"V2C Store","article_modified_time":"2026-04-12T19:16:04+00:00","og_image":[{"width":600,"height":600,"url":"https:\/\/v2charge.com\/store\/wp-content\/uploads\/2026\/04\/v2c-bidirectional-single-phase-meter.jpg","type":"image\/jpeg"}],"twitter_card":"summary_large_image","twitter_misc":{"Tempo estimado de leitura":"3 minutos"},"schema":{"@context":"https:\/\/schema.org","@graph":[{"@type":"WebPage","@id":"https:\/\/v2charge.com\/store\/pt-pt\/produto\/medidor-bidirecional\/","url":"https:\/\/v2charge.com\/store\/pt-pt\/produto\/medidor-bidirecional\/","name":"Medidor bidirecional + Pin\u00e7a(s) 120A - Monof\u00e1sico ou Trif\u00e1sico","isPartOf":{"@id":"https:\/\/v2charge.com\/store\/#website"},"primaryImageOfPage":{"@id":"https:\/\/v2charge.com\/store\/pt-pt\/produto\/medidor-bidirecional\/#primaryimage"},"image":{"@id":"https:\/\/v2charge.com\/store\/pt-pt\/produto\/medidor-bidirecional\/#primaryimage"},"thumbnailUrl":"https:\/\/v2charge.com\/store\/wp-content\/uploads\/2026\/04\/v2c-bidirectional-single-phase-meter.jpg","datePublished":"2026-04-12T19:16:03+00:00","dateModified":"2026-04-12T19:16:04+00:00","description":"Compre o Medidor bidirecional + Pin\u00e7a(s) 120A para realizar o controlo din\u00e2mico de pot\u00eancia do seu e-Charger | V2C Store","breadcrumb":{"@id":"https:\/\/v2charge.com\/store\/pt-pt\/produto\/medidor-bidirecional\/#breadcrumb"},"inLanguage":"pt-PT","potentialAction":[{"@type":"ReadAction","target":["https:\/\/v2charge.com\/store\/pt-pt\/produto\/medidor-bidirecional\/"]}]},{"@type":"ImageObject","inLanguage":"pt-PT","@id":"https:\/\/v2charge.com\/store\/pt-pt\/produto\/medidor-bidirecional\/#primaryimage","url":"https:\/\/v2charge.com\/store\/wp-content\/uploads\/2026\/04\/v2c-bidirectional-single-phase-meter.jpg","contentUrl":"https:\/\/v2charge.com\/store\/wp-content\/uploads\/2026\/04\/v2c-bidirectional-single-phase-meter.jpg","width":600,"height":600},{"@type":"BreadcrumbList","@id":"https:\/\/v2charge.com\/store\/pt-pt\/produto\/medidor-bidirecional\/#breadcrumb","itemListElement":[{"@type":"ListItem","position":1,"name":"Portada","item":"https:\/\/v2charge.com\/store\/"},{"@type":"ListItem","position":2,"name":"Compra","item":"https:\/\/v2charge.com\/store\/compra\/"},{"@type":"ListItem","position":3,"name":"Medidor bidirecional + Pin\u00e7a(s) 120A"}]},{"@type":"WebSite","@id":"https:\/\/v2charge.com\/store\/#website","url":"https:\/\/v2charge.com\/store\/","name":"V2C Store","description":"V2C Store","publisher":{"@id":"https:\/\/v2charge.com\/store\/#organization"},"potentialAction":[{"@type":"SearchAction","target":{"@type":"EntryPoint","urlTemplate":"https:\/\/v2charge.com\/store\/?s={search_term_string}"},"query-input":{"@type":"PropertyValueSpecification","valueRequired":true,"valueName":"search_term_string"}}],"inLanguage":"pt-PT"},{"@type":"Organization","@id":"https:\/\/v2charge.com\/store\/#organization","name":"V2C Store","url":"https:\/\/v2charge.com\/store\/","logo":{"@type":"ImageObject","inLanguage":"pt-PT","@id":"https:\/\/v2charge.com\/store\/#\/schema\/logo\/image\/","url":"https:\/\/v2charge.com\/store\/wp-content\/uploads\/2022\/08\/cropped-cropped-logotipo-v2c-store-1.png","contentUrl":"https:\/\/v2charge.com\/store\/wp-content\/uploads\/2022\/08\/cropped-cropped-logotipo-v2c-store-1.png","width":250,"height":65,"caption":"V2C Store"},"image":{"@id":"https:\/\/v2charge.com\/store\/#\/schema\/logo\/image\/"}}]}},"_links":{"self":[{"href":"https:\/\/v2charge.com\/store\/pt-pt\/wp-json\/wp\/v2\/product\/21552","targetHints":{"allow":["GET"]}}],"collection":[{"href":"https:\/\/v2charge.com\/store\/pt-pt\/wp-json\/wp\/v2\/product"}],"about":[{"href":"https:\/\/v2charge.com\/store\/pt-pt\/wp-json\/wp\/v2\/types\/product"}],"wp:featuredmedia":[{"embeddable":true,"href":"https:\/\/v2charge.com\/store\/pt-pt\/wp-json\/wp\/v2\/media\/21524"}],"wp:attachment":[{"href":"https:\/\/v2charge.com\/store\/pt-pt\/wp-json\/wp\/v2\/media?parent=21552"}],"wp:term":[{"taxonomy":"product_brand","embeddable":true,"href":"https:\/\/v2charge.com\/store\/pt-pt\/wp-json\/wp\/v2\/product_brand?post=21552"},{"taxonomy":"product_cat","embeddable":true,"href":"https:\/\/v2charge.com\/store\/pt-pt\/wp-json\/wp\/v2\/product_cat?post=21552"},{"taxonomy":"product_tag","embeddable":true,"href":"https:\/\/v2charge.com\/store\/pt-pt\/wp-json\/wp\/v2\/product_tag?post=21552"}],"curies":[{"name":"wp","href":"https:\/\/api.w.org\/{rel}","templated":true}]}}