{"id":22185,"date":"2026-04-23T06:51:02","date_gmt":"2026-04-23T06:51:02","guid":{"rendered":"https:\/\/v2charge.com\/store\/?post_type=product&#038;p=22185"},"modified":"2026-04-24T11:30:09","modified_gmt":"2026-04-24T11:30:09","slug":"trydan","status":"publish","type":"product","link":"https:\/\/v2charge.com\/store\/pt-pt\/produto\/trydan\/","title":{"rendered":"Trydan"},"content":{"rendered":"<p>Trydan garante um <strong>carregamento inteligente, seguro e eficiente<\/strong>. Re\u00fane a mais recente tecnologia do mercado para que possa carregar o seu ve\u00edculo el\u00e9trico ou h\u00edbrido plug-in como nunca antes.<\/p>\n<p>Assuma o controlo total de Trydan com a <strong>aplica\u00e7\u00e3o gratuita V2C Cloud<\/strong>. Poder\u00e1 controlar o carregamento em tempo real, program\u00e1-lo nas faixas hor\u00e1rias mais econ\u00f3micas e desfrutar de uma conectividade sem limites. \u00c9 o primeiro carregador que conta com um <strong>Bot do Telegram<\/strong>, liga\u00e7\u00e3o \u00e0 <strong>Alexa<\/strong>, integra\u00e7\u00e3o com <strong>Home Assistant<\/strong> e que <strong>se reinicia automaticamente<\/strong>. Em caso de cortes de energia, n\u00e3o ter\u00e1 de se deslocar \u00e0 garagem. M\u00e1ximo conforto: o seu e-Charger estar\u00e1 pronto apenas baixando e subindo o disjuntor geral da resid\u00eancia.<\/p>\n<p>Mas isso n\u00e3o \u00e9 tudo! <strong>Trydan conta com controlo din\u00e2mico de pot\u00eancia para evitar sobrecargas<\/strong> e integra as prote\u00e7\u00f5es el\u00e9tricas no seu interior.<\/p>\n<p>Pode escolher a tomada de sa\u00edda:<\/p>\n<ul>\n<li>Tomada Tipo 2<\/li>\n<li>Cabo Tipo 2 com 5 metros de comprimento<\/li>\n<li>Cabo Tipo 2 com 5 metros de comprimento com bot\u00e3o integrado para Tesla (Do pr\u00f3prio conetor, podes abrir a porta para iniciar a carga e desbloquear o cabo assim que o processo terminar)<\/li>\n<li>Cabo Tipo 2 com 10 metros de comprimento<br \/>\n&#8211; Cabo espiral Tipo 2 com 4,5 metros de comprimento<\/li>\n<\/ul>\n<p>Existe a possibilidade de incluir as prote\u00e7\u00f5es el\u00e9tricas no seu interior e uma tomada Schuko adicional na lateral.<\/p>\n<p><img fetchpriority=\"high\" decoding=\"async\" class=\"wp-image-8607 size-full aligncenter\" src=\"https:\/\/v2charge.com\/store\/wp-content\/uploads\/2022\/09\/trydan-cargador.jpg\" alt=\"\" width=\"1005\" height=\"415\" srcset=\"https:\/\/v2charge.com\/store\/wp-content\/uploads\/2022\/09\/trydan-cargador.jpg 1005w, https:\/\/v2charge.com\/store\/wp-content\/uploads\/2022\/09\/trydan-cargador-300x124.jpg 300w, https:\/\/v2charge.com\/store\/wp-content\/uploads\/2022\/09\/trydan-cargador-768x317.jpg 768w, https:\/\/v2charge.com\/store\/wp-content\/uploads\/2022\/09\/trydan-cargador-812x335.jpg 812w\" sizes=\"(max-width: 1005px) 100vw, 1005px\" \/><\/p>\n<h2>Funcionalidades inclu\u00eddas<\/h2>\n<ul>\n<li>Controlo din\u00e2mico da pot\u00eancia (1 pin\u00e7a)<\/li>\n<li>Acesso \u00e0 aplica\u00e7\u00e3o multiplataforma V2C Cloud<\/li>\n<li>Actualiza\u00e7\u00f5es autom\u00e1ticas para aceder a novas funcionalidades<\/li>\n<li>API integrada para programadores<\/li>\n<li>Ecr\u00e3 LCD frontal<\/li>\n<li>Conex\u00e3o WiFi\/Bluetooth<\/li>\n<li>OCPP 1.6 JSON<\/li>\n<\/ul>\n<h2>Carater\u00edsticas gerais<\/h2>\n<ul>\n<li>Cor: preto<\/li>\n<li>Material: Policarbonato MVR<\/li>\n<li>Peso: 2 kg (sem mangueira) \/ 2,5 kg (sem mangueira e com protec\u00e7\u00f5es)<\/li>\n<li>Comprimento da mangueira: 5 m \/ 10 m<\/li>\n<li>Tipo de mangueira: lisa \/ espiral<\/li>\n<li>Temperatura de funcionamento: -25\u00ba a 50\u00ba<\/li>\n<li>Temperatura de armazenamento: -40\u00ba a 70\u00ba<\/li>\n<li>Display<\/li>\n<li>Ilumina\u00e7\u00e3o RGB consoante o estado da carga<\/li>\n<\/ul>\n<h2>Carater\u00edsticas el\u00e9tricas<\/h2>\n<ul>\n<li>Tipo de conetor: Tipo2 \/ Tomada<\/li>\n<li>Tipo de rede: 230V\/400V<\/li>\n<li>Intensidade m\u00e1xima de carregamento: 32A (por fase)<\/li>\n<li>Pot\u00eancia m\u00e1xima de carregamento: 7,4kW ou 22kW, consoante o modelo<\/li>\n<li>Corrente configur\u00e1vel: 6 a 32 Amperes<\/li>\n<li>Frequ\u00eancia nominal: 50Hz \/ 60Hz<\/li>\n<li>\u00cdndice de prote\u00e7\u00e3o: IP54 \/ IK10<\/li>\n<li>Dete\u00e7\u00e3o de corrente residual: AC 30mA \/ DC 6mA consoante o modelo<\/li>\n<\/ul>\n<h2>Funcionalidades V2C Cloud<\/h2>\n<ul>\n<li>Programa\u00e7\u00e3o da pot\u00eancia m\u00e1xima por hora<\/li>\n<li>Programa\u00e7\u00e3o hor\u00e1ria em v\u00e1rios per\u00edodos<\/li>\n<li>Hist\u00f3rico de carga estat\u00edstica<\/li>\n<li>Bloqueio e desbloqueio<\/li>\n<li>Configura\u00e7\u00e3o com Alexa<\/li>\n<li>Compatibilidade com inversores solares Huawei, SolaX, Fronius, Kostal e contador Shelly para integra\u00e7\u00e3o sem fios<\/li>\n<\/ul>\n<p>&nbsp;<\/p>\n<p>&nbsp;<\/p>\n<p>&nbsp;<\/p>\n","protected":false},"excerpt":{"rendered":"<p>Trydan \u00e9 o novo e-Charger com a <strong>tecnologia mais avan\u00e7ada do mercado<\/strong> para carregar o seu carro el\u00e9trico como nunca antes.<\/p>\n<p>\u00c9 compat\u00edvel com todos os modelos de carros el\u00e9tricos e h\u00edbridos plug-in com conetor <strong>Tipo 2<\/strong>.<\/p>\n","protected":false},"featured_media":21748,"template":"","meta":{"content-type":"","inline_featured_image":false},"product_brand":[],"product_cat":[149],"product_tag":[],"class_list":{"0":"post-22185","1":"product","2":"type-product","3":"status-publish","4":"has-post-thumbnail","6":"product_cat-e-chargers-pt-pt","8":"first","9":"instock","10":"taxable","11":"shipping-taxable","12":"purchasable","13":"product-type-variable"},"yoast_head":"<!-- This site is optimized with the Yoast SEO plugin v27.0 - https:\/\/yoast.com\/product\/yoast-seo-wordpress\/ -->\n<title>Compra online o carregador Trydan | V2C Store<\/title>\n<meta name=\"description\" content=\"Compra online o carregador para ve\u00edculos el\u00e9ctricos TRYDAN | O carregador mais inovador e inteligente | Envio gratuito\" \/>\n<meta name=\"robots\" content=\"index, follow, max-snippet:-1, max-image-preview:large, max-video-preview:-1\" \/>\n<link rel=\"canonical\" href=\"https:\/\/v2charge.com\/store\/pt-pt\/produto\/trydan\/\" \/>\n<meta property=\"og:locale\" content=\"pt_PT\" \/>\n<meta property=\"og:type\" content=\"article\" \/>\n<meta property=\"og:title\" content=\"Compra online o carregador Trydan | V2C Store\" \/>\n<meta property=\"og:description\" content=\"Compra online o carregador para ve\u00edculos el\u00e9ctricos TRYDAN | O carregador mais inovador e inteligente | Envio gratuito\" \/>\n<meta property=\"og:url\" content=\"https:\/\/v2charge.com\/store\/pt-pt\/produto\/trydan\/\" \/>\n<meta property=\"og:site_name\" content=\"V2C Store\" \/>\n<meta property=\"article:modified_time\" content=\"2026-04-24T11:30:09+00:00\" \/>\n<meta property=\"og:image\" content=\"https:\/\/v2charge.com\/store\/wp-content\/uploads\/2026\/04\/electric-car-charger-trydan.jpg\" \/>\n\t<meta property=\"og:image:width\" content=\"600\" \/>\n\t<meta property=\"og:image:height\" content=\"600\" \/>\n\t<meta property=\"og:image:type\" content=\"image\/jpeg\" \/>\n<meta name=\"twitter:card\" content=\"summary_large_image\" \/>\n<meta name=\"twitter:label1\" content=\"Tempo estimado de leitura\" \/>\n\t<meta name=\"twitter:data1\" content=\"3 minutos\" \/>\n<script type=\"application\/ld+json\" class=\"yoast-schema-graph\">{\"@context\":\"https:\/\/schema.org\",\"@graph\":[{\"@type\":\"WebPage\",\"@id\":\"https:\/\/v2charge.com\/store\/pt-pt\/produto\/trydan\/\",\"url\":\"https:\/\/v2charge.com\/store\/pt-pt\/produto\/trydan\/\",\"name\":\"Compra online o carregador Trydan | V2C Store\",\"isPartOf\":{\"@id\":\"https:\/\/v2charge.com\/store\/#website\"},\"primaryImageOfPage\":{\"@id\":\"https:\/\/v2charge.com\/store\/pt-pt\/produto\/trydan\/#primaryimage\"},\"image\":{\"@id\":\"https:\/\/v2charge.com\/store\/pt-pt\/produto\/trydan\/#primaryimage\"},\"thumbnailUrl\":\"https:\/\/v2charge.com\/store\/wp-content\/uploads\/2026\/04\/electric-car-charger-trydan.jpg\",\"datePublished\":\"2026-04-23T06:51:02+00:00\",\"dateModified\":\"2026-04-24T11:30:09+00:00\",\"description\":\"Compra online o carregador para ve\u00edculos el\u00e9ctricos TRYDAN | O carregador mais inovador e inteligente | Envio gratuito\",\"breadcrumb\":{\"@id\":\"https:\/\/v2charge.com\/store\/pt-pt\/produto\/trydan\/#breadcrumb\"},\"inLanguage\":\"pt-PT\",\"potentialAction\":[{\"@type\":\"ReadAction\",\"target\":[\"https:\/\/v2charge.com\/store\/pt-pt\/produto\/trydan\/\"]}]},{\"@type\":\"ImageObject\",\"inLanguage\":\"pt-PT\",\"@id\":\"https:\/\/v2charge.com\/store\/pt-pt\/produto\/trydan\/#primaryimage\",\"url\":\"https:\/\/v2charge.com\/store\/wp-content\/uploads\/2026\/04\/electric-car-charger-trydan.jpg\",\"contentUrl\":\"https:\/\/v2charge.com\/store\/wp-content\/uploads\/2026\/04\/electric-car-charger-trydan.jpg\",\"width\":600,\"height\":600},{\"@type\":\"BreadcrumbList\",\"@id\":\"https:\/\/v2charge.com\/store\/pt-pt\/produto\/trydan\/#breadcrumb\",\"itemListElement\":[{\"@type\":\"ListItem\",\"position\":1,\"name\":\"Portada\",\"item\":\"https:\/\/v2charge.com\/store\/\"},{\"@type\":\"ListItem\",\"position\":2,\"name\":\"Compra\",\"item\":\"https:\/\/v2charge.com\/store\/compra\/\"},{\"@type\":\"ListItem\",\"position\":3,\"name\":\"Trydan\"}]},{\"@type\":\"WebSite\",\"@id\":\"https:\/\/v2charge.com\/store\/#website\",\"url\":\"https:\/\/v2charge.com\/store\/\",\"name\":\"V2C Store\",\"description\":\"V2C Store\",\"publisher\":{\"@id\":\"https:\/\/v2charge.com\/store\/#organization\"},\"potentialAction\":[{\"@type\":\"SearchAction\",\"target\":{\"@type\":\"EntryPoint\",\"urlTemplate\":\"https:\/\/v2charge.com\/store\/?s={search_term_string}\"},\"query-input\":{\"@type\":\"PropertyValueSpecification\",\"valueRequired\":true,\"valueName\":\"search_term_string\"}}],\"inLanguage\":\"pt-PT\"},{\"@type\":\"Organization\",\"@id\":\"https:\/\/v2charge.com\/store\/#organization\",\"name\":\"V2C Store\",\"url\":\"https:\/\/v2charge.com\/store\/\",\"logo\":{\"@type\":\"ImageObject\",\"inLanguage\":\"pt-PT\",\"@id\":\"https:\/\/v2charge.com\/store\/#\/schema\/logo\/image\/\",\"url\":\"https:\/\/v2charge.com\/store\/wp-content\/uploads\/2022\/08\/cropped-cropped-logotipo-v2c-store-1.png\",\"contentUrl\":\"https:\/\/v2charge.com\/store\/wp-content\/uploads\/2022\/08\/cropped-cropped-logotipo-v2c-store-1.png\",\"width\":250,\"height\":65,\"caption\":\"V2C Store\"},\"image\":{\"@id\":\"https:\/\/v2charge.com\/store\/#\/schema\/logo\/image\/\"}}]}<\/script>\n<!-- \/ Yoast SEO plugin. -->","yoast_head_json":{"title":"Compra online o carregador Trydan | V2C Store","description":"Compra online o carregador para ve\u00edculos el\u00e9ctricos TRYDAN | O carregador mais inovador e inteligente | Envio gratuito","robots":{"index":"index","follow":"follow","max-snippet":"max-snippet:-1","max-image-preview":"max-image-preview:large","max-video-preview":"max-video-preview:-1"},"canonical":"https:\/\/v2charge.com\/store\/pt-pt\/produto\/trydan\/","og_locale":"pt_PT","og_type":"article","og_title":"Compra online o carregador Trydan | V2C Store","og_description":"Compra online o carregador para ve\u00edculos el\u00e9ctricos TRYDAN | O carregador mais inovador e inteligente | Envio gratuito","og_url":"https:\/\/v2charge.com\/store\/pt-pt\/produto\/trydan\/","og_site_name":"V2C Store","article_modified_time":"2026-04-24T11:30:09+00:00","og_image":[{"width":600,"height":600,"url":"https:\/\/v2charge.com\/store\/wp-content\/uploads\/2026\/04\/electric-car-charger-trydan.jpg","type":"image\/jpeg"}],"twitter_card":"summary_large_image","twitter_misc":{"Tempo estimado de leitura":"3 minutos"},"schema":{"@context":"https:\/\/schema.org","@graph":[{"@type":"WebPage","@id":"https:\/\/v2charge.com\/store\/pt-pt\/produto\/trydan\/","url":"https:\/\/v2charge.com\/store\/pt-pt\/produto\/trydan\/","name":"Compra online o carregador Trydan | V2C Store","isPartOf":{"@id":"https:\/\/v2charge.com\/store\/#website"},"primaryImageOfPage":{"@id":"https:\/\/v2charge.com\/store\/pt-pt\/produto\/trydan\/#primaryimage"},"image":{"@id":"https:\/\/v2charge.com\/store\/pt-pt\/produto\/trydan\/#primaryimage"},"thumbnailUrl":"https:\/\/v2charge.com\/store\/wp-content\/uploads\/2026\/04\/electric-car-charger-trydan.jpg","datePublished":"2026-04-23T06:51:02+00:00","dateModified":"2026-04-24T11:30:09+00:00","description":"Compra online o carregador para ve\u00edculos el\u00e9ctricos TRYDAN | O carregador mais inovador e inteligente | Envio gratuito","breadcrumb":{"@id":"https:\/\/v2charge.com\/store\/pt-pt\/produto\/trydan\/#breadcrumb"},"inLanguage":"pt-PT","potentialAction":[{"@type":"ReadAction","target":["https:\/\/v2charge.com\/store\/pt-pt\/produto\/trydan\/"]}]},{"@type":"ImageObject","inLanguage":"pt-PT","@id":"https:\/\/v2charge.com\/store\/pt-pt\/produto\/trydan\/#primaryimage","url":"https:\/\/v2charge.com\/store\/wp-content\/uploads\/2026\/04\/electric-car-charger-trydan.jpg","contentUrl":"https:\/\/v2charge.com\/store\/wp-content\/uploads\/2026\/04\/electric-car-charger-trydan.jpg","width":600,"height":600},{"@type":"BreadcrumbList","@id":"https:\/\/v2charge.com\/store\/pt-pt\/produto\/trydan\/#breadcrumb","itemListElement":[{"@type":"ListItem","position":1,"name":"Portada","item":"https:\/\/v2charge.com\/store\/"},{"@type":"ListItem","position":2,"name":"Compra","item":"https:\/\/v2charge.com\/store\/compra\/"},{"@type":"ListItem","position":3,"name":"Trydan"}]},{"@type":"WebSite","@id":"https:\/\/v2charge.com\/store\/#website","url":"https:\/\/v2charge.com\/store\/","name":"V2C Store","description":"V2C Store","publisher":{"@id":"https:\/\/v2charge.com\/store\/#organization"},"potentialAction":[{"@type":"SearchAction","target":{"@type":"EntryPoint","urlTemplate":"https:\/\/v2charge.com\/store\/?s={search_term_string}"},"query-input":{"@type":"PropertyValueSpecification","valueRequired":true,"valueName":"search_term_string"}}],"inLanguage":"pt-PT"},{"@type":"Organization","@id":"https:\/\/v2charge.com\/store\/#organization","name":"V2C Store","url":"https:\/\/v2charge.com\/store\/","logo":{"@type":"ImageObject","inLanguage":"pt-PT","@id":"https:\/\/v2charge.com\/store\/#\/schema\/logo\/image\/","url":"https:\/\/v2charge.com\/store\/wp-content\/uploads\/2022\/08\/cropped-cropped-logotipo-v2c-store-1.png","contentUrl":"https:\/\/v2charge.com\/store\/wp-content\/uploads\/2022\/08\/cropped-cropped-logotipo-v2c-store-1.png","width":250,"height":65,"caption":"V2C Store"},"image":{"@id":"https:\/\/v2charge.com\/store\/#\/schema\/logo\/image\/"}}]}},"_links":{"self":[{"href":"https:\/\/v2charge.com\/store\/pt-pt\/wp-json\/wp\/v2\/product\/22185","targetHints":{"allow":["GET"]}}],"collection":[{"href":"https:\/\/v2charge.com\/store\/pt-pt\/wp-json\/wp\/v2\/product"}],"about":[{"href":"https:\/\/v2charge.com\/store\/pt-pt\/wp-json\/wp\/v2\/types\/product"}],"wp:featuredmedia":[{"embeddable":true,"href":"https:\/\/v2charge.com\/store\/pt-pt\/wp-json\/wp\/v2\/media\/21748"}],"wp:attachment":[{"href":"https:\/\/v2charge.com\/store\/pt-pt\/wp-json\/wp\/v2\/media?parent=22185"}],"wp:term":[{"taxonomy":"product_brand","embeddable":true,"href":"https:\/\/v2charge.com\/store\/pt-pt\/wp-json\/wp\/v2\/product_brand?post=22185"},{"taxonomy":"product_cat","embeddable":true,"href":"https:\/\/v2charge.com\/store\/pt-pt\/wp-json\/wp\/v2\/product_cat?post=22185"},{"taxonomy":"product_tag","embeddable":true,"href":"https:\/\/v2charge.com\/store\/pt-pt\/wp-json\/wp\/v2\/product_tag?post=22185"}],"curies":[{"name":"wp","href":"https:\/\/api.w.org\/{rel}","templated":true}]}}