{"id":22204,"date":"2026-04-23T10:06:25","date_gmt":"2026-04-23T10:06:25","guid":{"rendered":"https:\/\/v2charge.com\/store\/?post_type=product&#038;p=22204"},"modified":"2026-04-24T11:32:18","modified_gmt":"2026-04-24T11:32:18","slug":"trydan-pro","status":"publish","type":"product","link":"https:\/\/v2charge.com\/store\/pt-pt\/produto\/trydan-pro\/","title":{"rendered":"Trydan Pro"},"content":{"rendered":"<p>A inclus\u00e3o das tecnologias <strong>RFID<\/strong> e <strong>NFC<\/strong> transforma Trydan Pro no e-Charger de excel\u00eancia para neg\u00f3cios p\u00fablico-privados ou espa\u00e7os de uso particular. Identifica os utilizadores e gere os seus pagamentos de forma simples, garantindo uma experi\u00eancia de carregamento acess\u00edvel e segura.<\/p>\n<p>Trydan Pro disp\u00f5e de <strong>tecnologia 4G com cart\u00e3o SIM inclu\u00eddo<\/strong>, para que possa desfrutar de acesso imediato \u00e0 Internet.<\/p>\n<p>Mas a conetividade vai muito mais al\u00e9m. Desfrute de uma <strong>liga\u00e7\u00e3o ininterrupta<\/strong> mesmo em zonas sem cobertura, gra\u00e7as \u00e0 liga\u00e7\u00e3o por cabo de rede.<\/p>\n<h2>Com todo o potencial de Trydan!<\/h2>\n<p>Trydan Pro conta com todo o potencial de Trydan. Beneficie de uma <strong>integra\u00e7\u00e3o fotovoltaica \u00fanica<\/strong>, <strong>conetividade com dispositivos inteligentes<\/strong> e <strong>controlo din\u00e2mico de pot\u00eancia<\/strong>.<\/p>\n<p>Consulte os carregamentos de todos os utilizadores na <strong>aplica\u00e7\u00e3o gratuita V2C Cloud<\/strong> e gere os seus pagamentos atrav\u00e9s de <strong>V2C Payments<\/strong>.<\/p>\n<p><strong>Pode escolher a tomada de sa\u00edda:<\/strong><\/p>\n<ul>\n<li>Tomada Tipo 2<\/li>\n<li>Cabo Tipo 2 de 5 ou 10 metros de comprimento<\/li>\n<\/ul>\n<p>Existe a possibilidade de incluir as prote\u00e7\u00f5es el\u00e9tricas no interior e adicionar uma tomada Schuko adicional na lateral.<\/p>\n<p><img fetchpriority=\"high\" decoding=\"async\" class=\"wp-image-10823 size-full aligncenter\" src=\"https:\/\/v2charge.com\/store\/wp-content\/uploads\/2024\/03\/trydan-pro.jpg\" alt=\"Trydan Pro e-Charger\" width=\"1005\" height=\"405\" srcset=\"https:\/\/v2charge.com\/store\/wp-content\/uploads\/2024\/03\/trydan-pro.jpg 1005w, https:\/\/v2charge.com\/store\/wp-content\/uploads\/2024\/03\/trydan-pro-300x121.jpg 300w, https:\/\/v2charge.com\/store\/wp-content\/uploads\/2024\/03\/trydan-pro-768x309.jpg 768w, https:\/\/v2charge.com\/store\/wp-content\/uploads\/2024\/03\/trydan-pro-812x327.jpg 812w\" sizes=\"(max-width: 1005px) 100vw, 1005px\" \/><\/p>\n<h2>Funcionalidades inclu\u00eddas<\/h2>\n<ul>\n<li>Controlo din\u00e2mico da pot\u00eancia (1 pin\u00e7a)<\/li>\n<li>Liga\u00e7\u00e3o WiFi\/Bluetooth\/Ethernet\/4G<\/li>\n<li>Cart\u00e3o SIM para liga\u00e7\u00e3o 4G<\/li>\n<li>Leitor RFID\/NFC (1 cart\u00e3o RFID inclu\u00eddo)<\/li>\n<li>Acesso \u00e0 aplica\u00e7\u00e3o multiplataforma V2C Cloud<\/li>\n<li>Actualiza\u00e7\u00f5es autom\u00e1ticas para aceder a novas funcionalidades<\/li>\n<li>API integrada para programadores<\/li>\n<li>Ecr\u00e3 LCD frontal<\/li>\n<li>OCPP 1.6 JSON<\/li>\n<\/ul>\n<h2>Carater\u00edsticas gerais<\/h2>\n<ul>\n<li>Cor: preto<\/li>\n<li>Material: Policarbonato MVR<\/li>\n<li>Peso m\u00e1ximo: 7 kg<\/li>\n<li>Comprimento do cabo: 5 m\/10 m<\/li>\n<li>Tipo de cabo: liso<\/li>\n<li>Temperatura de funcionamento: -25\u00ba a 50\u00ba.<\/li>\n<li>Temperatura de armazenamento: -40\u00ba a 70\u00ba.<\/li>\n<li>Display<\/li>\n<li>Ilumina\u00e7\u00e3o RGB consoante o estado da carga<\/li>\n<\/ul>\n<h2>Carater\u00edsticas el\u00e9tricas<\/h2>\n<ul>\n<li>Tipo de sa\u00edda: Tipo 2\/Tomada<\/li>\n<li>Tipo de rede: 230V\/400V<\/li>\n<li>Pot\u00eancia m\u00e1xima de carregamento: 7,4kW ou 22kW, consoante o modelo<\/li>\n<li>Corrente configur\u00e1vel: 6 a 32 Amps (por fase)<\/li>\n<li>Frequ\u00eancia nominal: 50Hz\/60Hz<\/li>\n<li>\u00cdndice de prote\u00e7\u00e3o: IP54\/IK10<\/li>\n<li>Dete\u00e7\u00e3o de corrente residual: AC 30mA\/DC 6mA consoante o modelo<\/li>\n<\/ul>\n<h2>Funcionalidades V2C Cloud<\/h2>\n<ul>\n<li>Programa\u00e7\u00e3o da pot\u00eancia m\u00e1xima por hora<\/li>\n<li>Programa\u00e7\u00e3o hor\u00e1ria em v\u00e1rios per\u00edodos<\/li>\n<li>Hist\u00f3rico de carga estat\u00edstica<\/li>\n<li>Bloqueio e desbloqueio<\/li>\n<li>Compatibilidade com Alexa, Google Home e Home Assistant<\/li>\n<li>Compatibilidade com todos os inversores solares e com os modelos mais destacados para integra\u00e7\u00e3o sem fios<\/li>\n<\/ul>\n","protected":false},"excerpt":{"rendered":"<p><strong>Trydan Pro<\/strong> \u00e9 a <strong>evolu\u00e7\u00e3o perfeita<\/strong>. Experimenta controlo total gra\u00e7as ao acesso instant\u00e2neo \u00e0 Internet atrav\u00e9s de <strong>WiFi<\/strong>, <strong>4G<\/strong> ou <strong>Ethernet<\/strong>.<\/p>\n<p>A sua avan\u00e7ada tecnologia <strong>RFID<\/strong> e <strong>NFC<\/strong> facilita a identifica\u00e7\u00e3o de <strong>v\u00e1rios utilizadores<\/strong> e a gest\u00e3o dos seus pagamentos.<\/p>\n","protected":false},"featured_media":14927,"template":"","meta":{"content-type":"","inline_featured_image":false},"product_brand":[],"product_cat":[149],"product_tag":[],"class_list":{"0":"post-22204","1":"product","2":"type-product","3":"status-publish","4":"has-post-thumbnail","6":"product_cat-e-chargers-pt-pt","8":"first","9":"instock","10":"taxable","11":"shipping-taxable","12":"purchasable","13":"product-type-variable"},"yoast_head":"<!-- This site is optimized with the Yoast SEO plugin v27.0 - https:\/\/yoast.com\/product\/yoast-seo-wordpress\/ -->\n<title>Comprar Online Trydan Pro e-Charger | V2C Store<\/title>\n<meta name=\"description\" content=\"Compre online Trydan Pro, carregador para carros el\u00e9tricos | Com 4G, Ethernet e leitores RFID\/NFC | Envio expresso gratuito | V2C Store\" \/>\n<meta name=\"robots\" content=\"index, follow, max-snippet:-1, max-image-preview:large, max-video-preview:-1\" \/>\n<link rel=\"canonical\" href=\"https:\/\/v2charge.com\/store\/pt-pt\/produto\/trydan-pro\/\" \/>\n<meta property=\"og:locale\" content=\"pt_PT\" \/>\n<meta property=\"og:type\" content=\"article\" \/>\n<meta property=\"og:title\" content=\"Comprar Online Trydan Pro e-Charger | V2C Store\" \/>\n<meta property=\"og:description\" content=\"Compre online Trydan Pro, carregador para carros el\u00e9tricos | Com 4G, Ethernet e leitores RFID\/NFC | Envio expresso gratuito | V2C Store\" \/>\n<meta property=\"og:url\" content=\"https:\/\/v2charge.com\/store\/pt-pt\/produto\/trydan-pro\/\" \/>\n<meta property=\"og:site_name\" content=\"V2C Store\" \/>\n<meta property=\"article:modified_time\" content=\"2026-04-24T11:32:18+00:00\" \/>\n<meta property=\"og:image\" content=\"https:\/\/v2charge.com\/store\/wp-content\/uploads\/2024\/03\/trydan-pro-cable-side.jpg\" \/>\n\t<meta property=\"og:image:width\" content=\"600\" \/>\n\t<meta property=\"og:image:height\" content=\"600\" \/>\n\t<meta property=\"og:image:type\" content=\"image\/jpeg\" \/>\n<meta name=\"twitter:card\" content=\"summary_large_image\" \/>\n<meta name=\"twitter:label1\" content=\"Tempo estimado de leitura\" \/>\n\t<meta name=\"twitter:data1\" content=\"3 minutos\" \/>\n<script type=\"application\/ld+json\" class=\"yoast-schema-graph\">{\"@context\":\"https:\/\/schema.org\",\"@graph\":[{\"@type\":\"WebPage\",\"@id\":\"https:\/\/v2charge.com\/store\/pt-pt\/produto\/trydan-pro\/\",\"url\":\"https:\/\/v2charge.com\/store\/pt-pt\/produto\/trydan-pro\/\",\"name\":\"Comprar Online Trydan Pro e-Charger | V2C Store\",\"isPartOf\":{\"@id\":\"https:\/\/v2charge.com\/store\/#website\"},\"primaryImageOfPage\":{\"@id\":\"https:\/\/v2charge.com\/store\/pt-pt\/produto\/trydan-pro\/#primaryimage\"},\"image\":{\"@id\":\"https:\/\/v2charge.com\/store\/pt-pt\/produto\/trydan-pro\/#primaryimage\"},\"thumbnailUrl\":\"https:\/\/v2charge.com\/store\/wp-content\/uploads\/2024\/03\/trydan-pro-cable-side.jpg\",\"datePublished\":\"2026-04-23T10:06:25+00:00\",\"dateModified\":\"2026-04-24T11:32:18+00:00\",\"description\":\"Compre online Trydan Pro, carregador para carros el\u00e9tricos | Com 4G, Ethernet e leitores RFID\/NFC | Envio expresso gratuito | V2C Store\",\"breadcrumb\":{\"@id\":\"https:\/\/v2charge.com\/store\/pt-pt\/produto\/trydan-pro\/#breadcrumb\"},\"inLanguage\":\"pt-PT\",\"potentialAction\":[{\"@type\":\"ReadAction\",\"target\":[\"https:\/\/v2charge.com\/store\/pt-pt\/produto\/trydan-pro\/\"]}]},{\"@type\":\"ImageObject\",\"inLanguage\":\"pt-PT\",\"@id\":\"https:\/\/v2charge.com\/store\/pt-pt\/produto\/trydan-pro\/#primaryimage\",\"url\":\"https:\/\/v2charge.com\/store\/wp-content\/uploads\/2024\/03\/trydan-pro-cable-side.jpg\",\"contentUrl\":\"https:\/\/v2charge.com\/store\/wp-content\/uploads\/2024\/03\/trydan-pro-cable-side.jpg\",\"width\":600,\"height\":600},{\"@type\":\"BreadcrumbList\",\"@id\":\"https:\/\/v2charge.com\/store\/pt-pt\/produto\/trydan-pro\/#breadcrumb\",\"itemListElement\":[{\"@type\":\"ListItem\",\"position\":1,\"name\":\"Portada\",\"item\":\"https:\/\/v2charge.com\/store\/\"},{\"@type\":\"ListItem\",\"position\":2,\"name\":\"Compra\",\"item\":\"https:\/\/v2charge.com\/store\/compra\/\"},{\"@type\":\"ListItem\",\"position\":3,\"name\":\"Trydan Pro\"}]},{\"@type\":\"WebSite\",\"@id\":\"https:\/\/v2charge.com\/store\/#website\",\"url\":\"https:\/\/v2charge.com\/store\/\",\"name\":\"V2C Store\",\"description\":\"V2C Store\",\"publisher\":{\"@id\":\"https:\/\/v2charge.com\/store\/#organization\"},\"potentialAction\":[{\"@type\":\"SearchAction\",\"target\":{\"@type\":\"EntryPoint\",\"urlTemplate\":\"https:\/\/v2charge.com\/store\/?s={search_term_string}\"},\"query-input\":{\"@type\":\"PropertyValueSpecification\",\"valueRequired\":true,\"valueName\":\"search_term_string\"}}],\"inLanguage\":\"pt-PT\"},{\"@type\":\"Organization\",\"@id\":\"https:\/\/v2charge.com\/store\/#organization\",\"name\":\"V2C Store\",\"url\":\"https:\/\/v2charge.com\/store\/\",\"logo\":{\"@type\":\"ImageObject\",\"inLanguage\":\"pt-PT\",\"@id\":\"https:\/\/v2charge.com\/store\/#\/schema\/logo\/image\/\",\"url\":\"https:\/\/v2charge.com\/store\/wp-content\/uploads\/2022\/08\/cropped-cropped-logotipo-v2c-store-1.png\",\"contentUrl\":\"https:\/\/v2charge.com\/store\/wp-content\/uploads\/2022\/08\/cropped-cropped-logotipo-v2c-store-1.png\",\"width\":250,\"height\":65,\"caption\":\"V2C Store\"},\"image\":{\"@id\":\"https:\/\/v2charge.com\/store\/#\/schema\/logo\/image\/\"}}]}<\/script>\n<!-- \/ Yoast SEO plugin. -->","yoast_head_json":{"title":"Comprar Online Trydan Pro e-Charger | V2C Store","description":"Compre online Trydan Pro, carregador para carros el\u00e9tricos | Com 4G, Ethernet e leitores RFID\/NFC | Envio expresso gratuito | V2C Store","robots":{"index":"index","follow":"follow","max-snippet":"max-snippet:-1","max-image-preview":"max-image-preview:large","max-video-preview":"max-video-preview:-1"},"canonical":"https:\/\/v2charge.com\/store\/pt-pt\/produto\/trydan-pro\/","og_locale":"pt_PT","og_type":"article","og_title":"Comprar Online Trydan Pro e-Charger | V2C Store","og_description":"Compre online Trydan Pro, carregador para carros el\u00e9tricos | Com 4G, Ethernet e leitores RFID\/NFC | Envio expresso gratuito | V2C Store","og_url":"https:\/\/v2charge.com\/store\/pt-pt\/produto\/trydan-pro\/","og_site_name":"V2C Store","article_modified_time":"2026-04-24T11:32:18+00:00","og_image":[{"width":600,"height":600,"url":"https:\/\/v2charge.com\/store\/wp-content\/uploads\/2024\/03\/trydan-pro-cable-side.jpg","type":"image\/jpeg"}],"twitter_card":"summary_large_image","twitter_misc":{"Tempo estimado de leitura":"3 minutos"},"schema":{"@context":"https:\/\/schema.org","@graph":[{"@type":"WebPage","@id":"https:\/\/v2charge.com\/store\/pt-pt\/produto\/trydan-pro\/","url":"https:\/\/v2charge.com\/store\/pt-pt\/produto\/trydan-pro\/","name":"Comprar Online Trydan Pro e-Charger | V2C Store","isPartOf":{"@id":"https:\/\/v2charge.com\/store\/#website"},"primaryImageOfPage":{"@id":"https:\/\/v2charge.com\/store\/pt-pt\/produto\/trydan-pro\/#primaryimage"},"image":{"@id":"https:\/\/v2charge.com\/store\/pt-pt\/produto\/trydan-pro\/#primaryimage"},"thumbnailUrl":"https:\/\/v2charge.com\/store\/wp-content\/uploads\/2024\/03\/trydan-pro-cable-side.jpg","datePublished":"2026-04-23T10:06:25+00:00","dateModified":"2026-04-24T11:32:18+00:00","description":"Compre online Trydan Pro, carregador para carros el\u00e9tricos | Com 4G, Ethernet e leitores RFID\/NFC | Envio expresso gratuito | V2C Store","breadcrumb":{"@id":"https:\/\/v2charge.com\/store\/pt-pt\/produto\/trydan-pro\/#breadcrumb"},"inLanguage":"pt-PT","potentialAction":[{"@type":"ReadAction","target":["https:\/\/v2charge.com\/store\/pt-pt\/produto\/trydan-pro\/"]}]},{"@type":"ImageObject","inLanguage":"pt-PT","@id":"https:\/\/v2charge.com\/store\/pt-pt\/produto\/trydan-pro\/#primaryimage","url":"https:\/\/v2charge.com\/store\/wp-content\/uploads\/2024\/03\/trydan-pro-cable-side.jpg","contentUrl":"https:\/\/v2charge.com\/store\/wp-content\/uploads\/2024\/03\/trydan-pro-cable-side.jpg","width":600,"height":600},{"@type":"BreadcrumbList","@id":"https:\/\/v2charge.com\/store\/pt-pt\/produto\/trydan-pro\/#breadcrumb","itemListElement":[{"@type":"ListItem","position":1,"name":"Portada","item":"https:\/\/v2charge.com\/store\/"},{"@type":"ListItem","position":2,"name":"Compra","item":"https:\/\/v2charge.com\/store\/compra\/"},{"@type":"ListItem","position":3,"name":"Trydan Pro"}]},{"@type":"WebSite","@id":"https:\/\/v2charge.com\/store\/#website","url":"https:\/\/v2charge.com\/store\/","name":"V2C Store","description":"V2C Store","publisher":{"@id":"https:\/\/v2charge.com\/store\/#organization"},"potentialAction":[{"@type":"SearchAction","target":{"@type":"EntryPoint","urlTemplate":"https:\/\/v2charge.com\/store\/?s={search_term_string}"},"query-input":{"@type":"PropertyValueSpecification","valueRequired":true,"valueName":"search_term_string"}}],"inLanguage":"pt-PT"},{"@type":"Organization","@id":"https:\/\/v2charge.com\/store\/#organization","name":"V2C Store","url":"https:\/\/v2charge.com\/store\/","logo":{"@type":"ImageObject","inLanguage":"pt-PT","@id":"https:\/\/v2charge.com\/store\/#\/schema\/logo\/image\/","url":"https:\/\/v2charge.com\/store\/wp-content\/uploads\/2022\/08\/cropped-cropped-logotipo-v2c-store-1.png","contentUrl":"https:\/\/v2charge.com\/store\/wp-content\/uploads\/2022\/08\/cropped-cropped-logotipo-v2c-store-1.png","width":250,"height":65,"caption":"V2C Store"},"image":{"@id":"https:\/\/v2charge.com\/store\/#\/schema\/logo\/image\/"}}]}},"_links":{"self":[{"href":"https:\/\/v2charge.com\/store\/pt-pt\/wp-json\/wp\/v2\/product\/22204","targetHints":{"allow":["GET"]}}],"collection":[{"href":"https:\/\/v2charge.com\/store\/pt-pt\/wp-json\/wp\/v2\/product"}],"about":[{"href":"https:\/\/v2charge.com\/store\/pt-pt\/wp-json\/wp\/v2\/types\/product"}],"wp:featuredmedia":[{"embeddable":true,"href":"https:\/\/v2charge.com\/store\/pt-pt\/wp-json\/wp\/v2\/media\/14927"}],"wp:attachment":[{"href":"https:\/\/v2charge.com\/store\/pt-pt\/wp-json\/wp\/v2\/media?parent=22204"}],"wp:term":[{"taxonomy":"product_brand","embeddable":true,"href":"https:\/\/v2charge.com\/store\/pt-pt\/wp-json\/wp\/v2\/product_brand?post=22204"},{"taxonomy":"product_cat","embeddable":true,"href":"https:\/\/v2charge.com\/store\/pt-pt\/wp-json\/wp\/v2\/product_cat?post=22204"},{"taxonomy":"product_tag","embeddable":true,"href":"https:\/\/v2charge.com\/store\/pt-pt\/wp-json\/wp\/v2\/product_tag?post=22204"}],"curies":[{"name":"wp","href":"https:\/\/api.w.org\/{rel}","templated":true}]}}