{"id":109098,"date":"2023-07-06T10:28:03","date_gmt":"2023-07-06T10:28:03","guid":{"rendered":"https:\/\/v2charge.com\/?page_id=109098"},"modified":"2026-04-17T18:48:50","modified_gmt":"2026-04-17T18:48:50","slug":"katologlar","status":"publish","type":"page","link":"https:\/\/v2charge.com\/tr\/katologlar\/","title":{"rendered":"e-Chargers Kataloglar"},"content":{"rendered":"\n<div class=\"wp-block-uagb-container uagb-block-2804f7f4 alignfull uagb-is-root-container\"><div class=\"uagb-container-inner-blocks-wrap\">\n<div class=\"wp-block-uagb-container uagb-block-9f74c718\"><div class=\"wp-block-uagb-advanced-heading uagb-block-89b19f5c\"><h1 class=\"uagb-heading-text\">e-\u015earj Cihazlar\u0131 Kataloglar\u0131<\/h1><\/div><\/div>\n\n\n<div class=\"wp-block-uagb-advanced-heading uagb-block-79d864e3\"><p class=\"uagb-heading-text\">Size ara\u00e7lar\u0131n\u0131z i\u00e7in t\u00fcm elektrikli \u015farj cihazlar\u0131m\u0131z\u0131n dijital kataloglar\u0131n\u0131 sunuyoruz. Onlar\u0131 piyasada benzersiz k\u0131lan fonksiyonel \u00f6zellikleri ke\u015ffedin.<\/p><\/div><\/div><\/div>\n\n\n\n<div class=\"wp-block-uagb-container uagb-block-c9dda381 alignfull uagb-is-root-container\"><div class=\"uagb-container-inner-blocks-wrap\">\n<div class=\"wp-block-uagb-container uagb-block-bf5ab213\">\n<div class=\"wp-block-uagb-container uagb-block-13684220\">\n<div class=\"wp-block-uagb-image aligncenter uagb-block-b642e8ab wp-block-uagb-image--layout-default wp-block-uagb-image--effect-zoomin wp-block-uagb-image--align-center\"><figure class=\"wp-block-uagb-image__figure\"><a class=\"\" href=\"https:\/\/v2charge.com\/wp-content\/uploads\/2021\/12\/CATALOGUE-TRYDAN.pdf\" target=\"\" rel=\"noopener\"><img decoding=\"async\" srcset=\"https:\/\/v2charge.com\/wp-content\/uploads\/2021\/12\/TRYDAN-CATALOGUE.png \" sizes=\"auto, (max-width: 480px) 150px\" src=\"https:\/\/v2charge.com\/wp-content\/uploads\/2021\/12\/TRYDAN-CATALOGUE.png\" alt=\"catalogue trydan\" class=\"uag-image-66925\" width=\"300\" height=\"251\" title=\"\" loading=\"lazy\" role=\"img\"\/><\/a><\/figure><\/div>\n\n\n<div class=\"wp-block-uagb-advanced-heading uagb-block-f1d86d11\"><h2 class=\"uagb-heading-text\"><a href=\"https:\/\/v2charge.com\/wp-content\/uploads\/2021\/12\/CATALOGUE-TRYDAN.pdf\">TRYDAN<\/a><\/h2><\/div>\n\n\n<div class=\"wp-block-uagb-buttons uagb-buttons__outer-wrap uagb-btn__default-btn uagb-btn-tablet__default-btn uagb-btn-mobile__default-btn uagb-block-a701eeab\"><div class=\"uagb-buttons__wrap uagb-buttons-layout-wrap \"><div class=\"wp-block-uagb-buttons-child uagb-buttons__outer-wrap uagb-block-e56ad6ba wp-block-button\"><div class=\"uagb-button__wrapper\"><a class=\"uagb-buttons-repeater wp-block-button__link\" aria-label=\"\" href=\"https:\/\/v2charge.com\/wp-content\/uploads\/2021\/12\/CATALOGUE-TRYDAN.pdf\" rel=\"follow noopener\" target=\"_self\" role=\"button\"><div class=\"uagb-button__link\">Katalo\u011fu G\u00f6r\u00fcnt\u00fcle<\/div><\/a><\/div><\/div><\/div><\/div>\n<\/div>\n\n\n\n<div class=\"wp-block-uagb-container uagb-block-5f0b9876\">\n<div class=\"wp-block-uagb-image aligncenter uagb-block-3a6e396e wp-block-uagb-image--layout-default wp-block-uagb-image--effect-zoomin wp-block-uagb-image--align-center\"><figure class=\"wp-block-uagb-image__figure\"><a class=\"\" href=\"https:\/\/v2charge.com\/wp-content\/uploads\/2024\/03\/katalog-trydan-pro.pdf\" target=\"\" rel=\"noopener\"><img decoding=\"async\" srcset=\"https:\/\/v2charge.com\/wp-content\/uploads\/2021\/12\/TRYDAN-CATALOGUE.png \" sizes=\"auto, (max-width: 480px) 150px\" src=\"https:\/\/v2charge.com\/wp-content\/uploads\/2021\/12\/TRYDAN-CATALOGUE.png\" alt=\"catalogue trydan\" class=\"uag-image-66925\" width=\"300\" height=\"251\" title=\"\" loading=\"lazy\" role=\"img\"\/><\/a><\/figure><\/div>\n\n\n<div class=\"wp-block-uagb-advanced-heading uagb-block-f0b9ed9f\"><h2 class=\"uagb-heading-text\"><a href=\"https:\/\/v2charge.com\/wp-content\/uploads\/2024\/03\/catalogue-trydan-pro.pdf\">TRYDAN PRO<\/a><\/h2><\/div>\n\n\n<div class=\"wp-block-uagb-buttons uagb-buttons__outer-wrap uagb-btn__default-btn uagb-btn-tablet__default-btn uagb-btn-mobile__default-btn uagb-block-953d6c2e\"><div class=\"uagb-buttons__wrap uagb-buttons-layout-wrap \"><div class=\"wp-block-uagb-buttons-child uagb-buttons__outer-wrap uagb-block-efa2a626 wp-block-button\"><div class=\"uagb-button__wrapper\"><a class=\"uagb-buttons-repeater wp-block-button__link\" aria-label=\"\" href=\"https:\/\/v2charge.com\/wp-content\/uploads\/2024\/03\/catalogue-trydan-pro.pdf\" rel=\"follow noopener\" target=\"_self\" role=\"button\"><div class=\"uagb-button__link\">Katalo\u011fu G\u00f6r\u00fcnt\u00fcle<\/div><\/a><\/div><\/div><\/div><\/div>\n<\/div>\n\n\n\n<div class=\"wp-block-uagb-container uagb-block-59309066\">\n<div class=\"wp-block-uagb-image aligncenter uagb-block-e727ac82 wp-block-uagb-image--layout-default wp-block-uagb-image--effect-zoomin wp-block-uagb-image--align-center\"><figure class=\"wp-block-uagb-image__figure\"><a class=\"\" href=\"https:\/\/v2charge.com\/wp-content\/uploads\/2023\/06\/charger-pole-pro.png\" target=\"\" rel=\"noopener\"><img decoding=\"async\" srcset=\"https:\/\/v2charge.com\/wp-content\/uploads\/2023\/06\/charger-pole-pro.png \" sizes=\"auto, (max-width: 480px) 150px\" src=\"https:\/\/v2charge.com\/wp-content\/uploads\/2023\/06\/charger-pole-pro.png\" alt=\"e-Charger Pole Pro\" class=\"uag-image-106444\" width=\"300\" height=\"251\" title=\"\" loading=\"lazy\" role=\"img\"\/><\/a><\/figure><\/div>\n\n\n<div class=\"wp-block-uagb-advanced-heading uagb-block-59c9ed2c\"><h2 class=\"uagb-heading-text\"><a href=\"https:\/\/v2charge.com\/wp-content\/uploads\/2023\/06\/pole-pro-catalogue.pdf\">POLE PRO<\/a><\/h2><\/div>\n\n\n<div class=\"wp-block-uagb-buttons uagb-buttons__outer-wrap uagb-btn__default-btn uagb-btn-tablet__default-btn uagb-btn-mobile__default-btn uagb-block-9cef39f2\"><div class=\"uagb-buttons__wrap uagb-buttons-layout-wrap \"><div class=\"wp-block-uagb-buttons-child uagb-buttons__outer-wrap uagb-block-a5fda270 wp-block-button\"><div class=\"uagb-button__wrapper\"><a class=\"uagb-buttons-repeater wp-block-button__link\" aria-label=\"\" href=\"https:\/\/v2charge.com\/wp-content\/uploads\/2023\/06\/pole-pro-catalogue.pdf\" rel=\"follow noopener\" target=\"_self\" role=\"button\"><div class=\"uagb-button__link\">Katalo\u011fu G\u00f6r\u00fcnt\u00fcle<\/div><\/a><\/div><\/div><\/div><\/div>\n<\/div>\n<\/div>\n\n\n\n<div class=\"wp-block-uagb-container uagb-block-5c3b3018\">\n<div class=\"wp-block-uagb-container uagb-block-e1c1c867\">\n<div class=\"wp-block-uagb-image aligncenter uagb-block-db1a3eb1 wp-block-uagb-image--layout-default wp-block-uagb-image--effect-zoomin wp-block-uagb-image--align-center\"><figure class=\"wp-block-uagb-image__figure\"><a class=\"\" href=\"https:\/\/v2charge.com\/wp-content\/uploads\/2025\/06\/catalogue-denka-english.pdf\" target=\"\" rel=\"noopener\"><img decoding=\"async\" srcset=\"https:\/\/v2charge.com\/wp-content\/uploads\/2025\/05\/catalogo-denka.png ,https:\/\/v2charge.com\/wp-content\/uploads\/2025\/05\/catalogo-denka.png 780w, https:\/\/v2charge.com\/wp-content\/uploads\/2025\/05\/catalogo-denka.png 360w\" sizes=\"auto, (max-width: 480px) 150px\" src=\"https:\/\/v2charge.com\/wp-content\/uploads\/2025\/05\/catalogo-denka.png\" alt=\"\" class=\"uag-image-226331\" width=\"285\" height=\"251\" title=\"catalogo-denka\" loading=\"lazy\" role=\"img\"\/><\/a><\/figure><\/div>\n\n\n<div class=\"wp-block-uagb-advanced-heading uagb-block-63f671be\"><h2 class=\"uagb-heading-text\"><a href=\"https:\/\/v2charge.com\/wp-content\/uploads\/2025\/06\/catalogue-denka-english.pdf\">DENKA<\/a><\/h2><\/div>\n\n\n<div class=\"wp-block-uagb-buttons uagb-buttons__outer-wrap uagb-btn__default-btn uagb-btn-tablet__default-btn uagb-btn-mobile__default-btn uagb-block-ba38b8af\"><div class=\"uagb-buttons__wrap uagb-buttons-layout-wrap \"><div class=\"wp-block-uagb-buttons-child uagb-buttons__outer-wrap uagb-block-bb1caaa9 wp-block-button\"><div class=\"uagb-button__wrapper\"><a class=\"uagb-buttons-repeater wp-block-button__link\" aria-label=\"\" href=\"https:\/\/v2charge.com\/wp-content\/uploads\/2025\/06\/catalogue-denka-english.pdf\" rel=\"follow noopener\" target=\"_self\" role=\"button\"><div class=\"uagb-button__link\">Katalo\u011fu G\u00f6r\u00fcnt\u00fcle<\/div><\/a><\/div><\/div><\/div><\/div>\n<\/div>\n\n\n\n<div class=\"wp-block-uagb-container uagb-block-6e45078a\">\n<div class=\"wp-block-uagb-image aligncenter uagb-block-96491aa7 wp-block-uagb-image--layout-default wp-block-uagb-image--effect-zoomin wp-block-uagb-image--align-center\"><figure class=\"wp-block-uagb-image__figure\"><a class=\"\" href=\"https:\/\/v2charge.com\/wp-content\/uploads\/2021\/12\/CATALOGUE-SCREEN.pdf\" target=\"\" rel=\"noopener\"><img decoding=\"async\" srcset=\"https:\/\/v2charge.com\/wp-content\/uploads\/2023\/04\/catalogo-screen.png \" sizes=\"auto, (max-width: 480px) 150px\" src=\"https:\/\/v2charge.com\/wp-content\/uploads\/2023\/04\/catalogo-screen.png\" alt=\"cat\u00e1logo screen v2c\" class=\"uag-image-98781\" width=\"275\" height=\"251\" title=\"\" loading=\"lazy\" role=\"img\"\/><\/a><\/figure><\/div>\n\n\n<div class=\"wp-block-uagb-advanced-heading uagb-block-baf8003d\"><h2 class=\"uagb-heading-text\"><a href=\"https:\/\/v2charge.com\/wp-content\/uploads\/2021\/12\/CATALOGUE-SCREEN.pdf\">EKRAN<\/a><\/h2><\/div>\n\n\n<div class=\"wp-block-uagb-buttons uagb-buttons__outer-wrap uagb-btn__default-btn uagb-btn-tablet__default-btn uagb-btn-mobile__default-btn uagb-block-e2603fab\"><div class=\"uagb-buttons__wrap uagb-buttons-layout-wrap \"><div class=\"wp-block-uagb-buttons-child uagb-buttons__outer-wrap uagb-block-c2247019 wp-block-button\"><div class=\"uagb-button__wrapper\"><a class=\"uagb-buttons-repeater wp-block-button__link\" aria-label=\"\" href=\"https:\/\/v2charge.com\/wp-content\/uploads\/2021\/12\/CATALOGUE-SCREEN.pdf\" rel=\"follow noopener\" target=\"_self\" role=\"button\"><div class=\"uagb-button__link\">Katalo\u011fu G\u00f6r\u00fcnt\u00fcle<\/div><\/a><\/div><\/div><\/div><\/div>\n<\/div>\n\n\n\n<div class=\"wp-block-uagb-container uagb-block-377f901c\">\n<div class=\"wp-block-uagb-image aligncenter uagb-block-d0697f71 wp-block-uagb-image--layout-default wp-block-uagb-image--effect-zoomin wp-block-uagb-image--align-center\"><figure class=\"wp-block-uagb-image__figure\"><a class=\"\" href=\"https:\/\/v2charge.com\/wp-content\/uploads\/2022\/09\/CATALOGUE_EVPORTABLE.pdf\" target=\"\" rel=\"noopener\"><img decoding=\"async\" srcset=\"https:\/\/v2charge.com\/wp-content\/uploads\/2021\/12\/EV2-portable-catalogo.png \" sizes=\"auto, (max-width: 480px) 150px\" src=\"https:\/\/v2charge.com\/wp-content\/uploads\/2021\/12\/EV2-portable-catalogo.png\" alt=\"cat\u00e1logo ev portable\" class=\"uag-image-66904\" width=\"285\" height=\"251\" title=\"\" loading=\"lazy\" role=\"img\"\/><\/a><\/figure><\/div>\n\n\n<div class=\"wp-block-uagb-advanced-heading uagb-block-91d0cb01\"><h2 class=\"uagb-heading-text\"><a href=\"https:\/\/v2charge.com\/wp-content\/uploads\/2022\/09\/CATALOGUE_EVPORTABLE.pdf\">EV PORTABLE<\/a><\/h2><\/div>\n\n\n<div class=\"wp-block-uagb-buttons uagb-buttons__outer-wrap uagb-btn__default-btn uagb-btn-tablet__default-btn uagb-btn-mobile__default-btn uagb-block-6acf349d\"><div class=\"uagb-buttons__wrap uagb-buttons-layout-wrap \"><div class=\"wp-block-uagb-buttons-child uagb-buttons__outer-wrap uagb-block-99d00d68 wp-block-button\"><div class=\"uagb-button__wrapper\"><a class=\"uagb-buttons-repeater wp-block-button__link\" aria-label=\"\" href=\"https:\/\/v2charge.com\/wp-content\/uploads\/2022\/09\/CATALOGUE_EVPORTABLE.pdf\" rel=\"follow noopener\" target=\"_self\" role=\"button\"><div class=\"uagb-button__link\">Katalo\u011fu G\u00f6r\u00fcnt\u00fcle<\/div><\/a><\/div><\/div><\/div><\/div>\n<\/div>\n<\/div>\n\n\n<div class=\"wp-block-uagb-advanced-heading uagb-block-6db04aad\"><h2 class=\"uagb-heading-text\">Tam katalo\u011fu g\u00f6r\u00fcnt\u00fcleyin<\/h2><\/div>\n\n<div class=\"wp-block-uagb-advanced-heading uagb-block-23052ed9\"><p class=\"uagb-heading-text\">\u0130sterseniz, t\u00fcm E-\u015farj cihazlar\u0131m\u0131z hakk\u0131nda bilgileri ayn\u0131 belgede g\u00f6rebilirsiniz.<\/p><\/div>\n\n\n<div class=\"wp-block-uagb-buttons uagb-buttons__outer-wrap uagb-btn__default-btn uagb-btn-tablet__default-btn uagb-btn-mobile__default-btn uagb-block-abf08ef1\"><div class=\"uagb-buttons__wrap uagb-buttons-layout-wrap \"><div class=\"wp-block-uagb-buttons-child uagb-buttons__outer-wrap uagb-block-b80aad84 wp-block-button\"><div class=\"uagb-button__wrapper\"><a class=\"uagb-buttons-repeater wp-block-button__link\" aria-label=\"\" href=\"https:\/\/v2charge.com\/wp-content\/uploads\/2023\/04\/sales-folder-e-chargers.pdf\" rel=\"follow noopener\" target=\"_self\" role=\"button\"><div class=\"uagb-button__link\">Tam Katalo\u011fu G\u00f6r\u00fcnt\u00fcle<\/div><\/a><\/div><\/div><\/div><\/div>\n<\/div><\/div>\n","protected":false},"excerpt":{"rendered":"<p>e-\u015earj Cihazlar\u0131 Kataloglar\u0131 Size ara\u00e7lar\u0131n\u0131z i\u00e7in t\u00fcm elektrikli \u015farj cihazlar\u0131m\u0131z\u0131n dijital kataloglar\u0131n\u0131 sunuyoruz. Onlar\u0131 piyasada benzersiz k\u0131lan fonksiyonel \u00f6zellikleri ke\u015ffedin. TRYDAN TRYDAN PRO POLE PRO DENKA EKRAN EV PORTABLE Tam katalo\u011fu g\u00f6r\u00fcnt\u00fcleyin \u0130sterseniz, t\u00fcm E-\u015farj cihazlar\u0131m\u0131z hakk\u0131nda bilgileri ayn\u0131 belgede g\u00f6rebilirsiniz.<\/p>\n","protected":false},"author":400,"featured_media":170355,"parent":0,"menu_order":0,"comment_status":"closed","ping_status":"closed","template":"","meta":{"_eb_attr":"","content-type":"","_uag_custom_page_level_css":"","footnotes":""},"class_list":["post-109098","page","type-page","status-publish","has-post-thumbnail"],"yoast_head":"<!-- This site is optimized with the Yoast SEO plugin v25.3.1 - https:\/\/yoast.com\/wordpress\/plugins\/seo\/ -->\n<title>Dijital kataloglar: Her bir E-\u015earj Cihaz\u0131n\u0131n ayr\u0131nt\u0131lar\u0131n\u0131 \u00f6\u011frenin | V2C<\/title>\n<meta name=\"description\" content=\"Elektrikli \u015farj cihazlar\u0131m\u0131z\u0131n her birini benzersiz k\u0131lan \u00f6zellikleri dijital kataloglar\u0131m\u0131zda sizlere sunuyoruz. Onlar\u0131 tan\u0131y\u0131n!\" \/>\n<meta name=\"robots\" content=\"index, follow, max-snippet:-1, max-image-preview:large, max-video-preview:-1\" \/>\n<link rel=\"canonical\" href=\"https:\/\/v2charge.com\/tr\/katologlar\/\" \/>\n<meta property=\"og:locale\" content=\"tr_TR\" \/>\n<meta property=\"og:type\" content=\"article\" \/>\n<meta property=\"og:title\" content=\"Dijital kataloglar: Her bir E-\u015earj Cihaz\u0131n\u0131n ayr\u0131nt\u0131lar\u0131n\u0131 \u00f6\u011frenin | V2C\" \/>\n<meta property=\"og:description\" content=\"Elektrikli \u015farj cihazlar\u0131m\u0131z\u0131n her birini benzersiz k\u0131lan \u00f6zellikleri dijital kataloglar\u0131m\u0131zda sizlere sunuyoruz. Onlar\u0131 tan\u0131y\u0131n!\" \/>\n<meta property=\"og:url\" content=\"https:\/\/v2charge.com\/tr\/katologlar\/\" \/>\n<meta property=\"og:site_name\" content=\"V2C\" \/>\n<meta property=\"article:publisher\" content=\"https:\/\/www.facebook.com\/V2C.Charge\" \/>\n<meta property=\"article:modified_time\" content=\"2026-04-17T18:48:50+00:00\" \/>\n<meta property=\"og:image\" content=\"https:\/\/v2charge.com\/wp-content\/uploads\/2024\/07\/v2c-electric-chargers.jpg\" \/>\n\t<meta property=\"og:image:width\" content=\"1200\" \/>\n\t<meta property=\"og:image:height\" content=\"675\" \/>\n\t<meta property=\"og:image:type\" content=\"image\/jpeg\" \/>\n<meta name=\"twitter:card\" content=\"summary_large_image\" \/>\n<meta name=\"twitter:site\" content=\"@V2C_Charge\" \/>\n<meta name=\"twitter:label1\" content=\"Tahmini okuma s\u00fcresi\" \/>\n\t<meta name=\"twitter:data1\" content=\"2 dakika\" \/>\n<script type=\"application\/ld+json\" class=\"yoast-schema-graph\">{\"@context\":\"https:\/\/schema.org\",\"@graph\":[{\"@type\":\"WebPage\",\"@id\":\"https:\/\/v2charge.com\/tr\/katologlar\/\",\"url\":\"https:\/\/v2charge.com\/tr\/katologlar\/\",\"name\":\"Dijital kataloglar: Her bir E-\u015earj Cihaz\u0131n\u0131n ayr\u0131nt\u0131lar\u0131n\u0131 \u00f6\u011frenin | V2C\",\"isPartOf\":{\"@id\":\"https:\/\/v2charge.com\/tr\/#website\"},\"primaryImageOfPage\":{\"@id\":\"https:\/\/v2charge.com\/tr\/katologlar\/#primaryimage\"},\"image\":{\"@id\":\"https:\/\/v2charge.com\/tr\/katologlar\/#primaryimage\"},\"thumbnailUrl\":\"https:\/\/v2charge.com\/wp-content\/uploads\/2024\/07\/v2c-electric-chargers.jpg\",\"datePublished\":\"2023-07-06T10:28:03+00:00\",\"dateModified\":\"2026-04-17T18:48:50+00:00\",\"description\":\"Elektrikli \u015farj cihazlar\u0131m\u0131z\u0131n her birini benzersiz k\u0131lan \u00f6zellikleri dijital kataloglar\u0131m\u0131zda sizlere sunuyoruz. Onlar\u0131 tan\u0131y\u0131n!\",\"breadcrumb\":{\"@id\":\"https:\/\/v2charge.com\/tr\/katologlar\/#breadcrumb\"},\"inLanguage\":\"tr\",\"potentialAction\":[{\"@type\":\"ReadAction\",\"target\":[\"https:\/\/v2charge.com\/tr\/katologlar\/\"]}]},{\"@type\":\"ImageObject\",\"inLanguage\":\"tr\",\"@id\":\"https:\/\/v2charge.com\/tr\/katologlar\/#primaryimage\",\"url\":\"https:\/\/v2charge.com\/wp-content\/uploads\/2024\/07\/v2c-electric-chargers.jpg\",\"contentUrl\":\"https:\/\/v2charge.com\/wp-content\/uploads\/2024\/07\/v2c-electric-chargers.jpg\",\"width\":1200,\"height\":675,\"caption\":\"V2C Electric Chargers\"},{\"@type\":\"BreadcrumbList\",\"@id\":\"https:\/\/v2charge.com\/tr\/katologlar\/#breadcrumb\",\"itemListElement\":[{\"@type\":\"ListItem\",\"position\":1,\"name\":\"V2C\",\"item\":\"https:\/\/v2charge.com\/tr\/\"},{\"@type\":\"ListItem\",\"position\":2,\"name\":\"e-Charges Kataloglar\u0131\"}]},{\"@type\":\"WebSite\",\"@id\":\"https:\/\/v2charge.com\/tr\/#website\",\"url\":\"https:\/\/v2charge.com\/tr\/\",\"name\":\"V2C\",\"description\":\"#CargandoElMa\u00f1ana\",\"publisher\":{\"@id\":\"https:\/\/v2charge.com\/tr\/#organization\"},\"potentialAction\":[{\"@type\":\"SearchAction\",\"target\":{\"@type\":\"EntryPoint\",\"urlTemplate\":\"https:\/\/v2charge.com\/tr\/?s={search_term_string}\"},\"query-input\":{\"@type\":\"PropertyValueSpecification\",\"valueRequired\":true,\"valueName\":\"search_term_string\"}}],\"inLanguage\":\"tr\"},{\"@type\":\"Organization\",\"@id\":\"https:\/\/v2charge.com\/tr\/#organization\",\"name\":\"V2C\",\"url\":\"https:\/\/v2charge.com\/tr\/\",\"logo\":{\"@type\":\"ImageObject\",\"inLanguage\":\"tr\",\"@id\":\"https:\/\/v2charge.com\/tr\/#\/schema\/logo\/image\/\",\"url\":\"https:\/\/v2charge.com\/wp-content\/uploads\/2024\/11\/cropped-v2c-charge-logo-menu.png\",\"contentUrl\":\"https:\/\/v2charge.com\/wp-content\/uploads\/2024\/11\/cropped-v2c-charge-logo-menu.png\",\"width\":984,\"height\":431,\"caption\":\"V2C\"},\"image\":{\"@id\":\"https:\/\/v2charge.com\/tr\/#\/schema\/logo\/image\/\"},\"sameAs\":[\"https:\/\/www.facebook.com\/V2C.Charge\",\"https:\/\/x.com\/V2C_Charge\",\"https:\/\/www.instagram.com\/v2c.charge\/\",\"https:\/\/www.youtube.com\/@V2C\",\"https:\/\/www.linkedin.com\/company\/v2c-chargers\/\"]}]}<\/script>\n<!-- \/ Yoast SEO plugin. -->","yoast_head_json":{"title":"Dijital kataloglar: Her bir E-\u015earj Cihaz\u0131n\u0131n ayr\u0131nt\u0131lar\u0131n\u0131 \u00f6\u011frenin | V2C","description":"Elektrikli \u015farj cihazlar\u0131m\u0131z\u0131n her birini benzersiz k\u0131lan \u00f6zellikleri dijital kataloglar\u0131m\u0131zda sizlere sunuyoruz. Onlar\u0131 tan\u0131y\u0131n!","robots":{"index":"index","follow":"follow","max-snippet":"max-snippet:-1","max-image-preview":"max-image-preview:large","max-video-preview":"max-video-preview:-1"},"canonical":"https:\/\/v2charge.com\/tr\/katologlar\/","og_locale":"tr_TR","og_type":"article","og_title":"Dijital kataloglar: Her bir E-\u015earj Cihaz\u0131n\u0131n ayr\u0131nt\u0131lar\u0131n\u0131 \u00f6\u011frenin | V2C","og_description":"Elektrikli \u015farj cihazlar\u0131m\u0131z\u0131n her birini benzersiz k\u0131lan \u00f6zellikleri dijital kataloglar\u0131m\u0131zda sizlere sunuyoruz. Onlar\u0131 tan\u0131y\u0131n!","og_url":"https:\/\/v2charge.com\/tr\/katologlar\/","og_site_name":"V2C","article_publisher":"https:\/\/www.facebook.com\/V2C.Charge","article_modified_time":"2026-04-17T18:48:50+00:00","og_image":[{"width":1200,"height":675,"url":"https:\/\/v2charge.com\/wp-content\/uploads\/2024\/07\/v2c-electric-chargers.jpg","type":"image\/jpeg"}],"twitter_card":"summary_large_image","twitter_site":"@V2C_Charge","twitter_misc":{"Tahmini okuma s\u00fcresi":"2 dakika"},"schema":{"@context":"https:\/\/schema.org","@graph":[{"@type":"WebPage","@id":"https:\/\/v2charge.com\/tr\/katologlar\/","url":"https:\/\/v2charge.com\/tr\/katologlar\/","name":"Dijital kataloglar: Her bir E-\u015earj Cihaz\u0131n\u0131n ayr\u0131nt\u0131lar\u0131n\u0131 \u00f6\u011frenin | V2C","isPartOf":{"@id":"https:\/\/v2charge.com\/tr\/#website"},"primaryImageOfPage":{"@id":"https:\/\/v2charge.com\/tr\/katologlar\/#primaryimage"},"image":{"@id":"https:\/\/v2charge.com\/tr\/katologlar\/#primaryimage"},"thumbnailUrl":"https:\/\/v2charge.com\/wp-content\/uploads\/2024\/07\/v2c-electric-chargers.jpg","datePublished":"2023-07-06T10:28:03+00:00","dateModified":"2026-04-17T18:48:50+00:00","description":"Elektrikli \u015farj cihazlar\u0131m\u0131z\u0131n her birini benzersiz k\u0131lan \u00f6zellikleri dijital kataloglar\u0131m\u0131zda sizlere sunuyoruz. Onlar\u0131 tan\u0131y\u0131n!","breadcrumb":{"@id":"https:\/\/v2charge.com\/tr\/katologlar\/#breadcrumb"},"inLanguage":"tr","potentialAction":[{"@type":"ReadAction","target":["https:\/\/v2charge.com\/tr\/katologlar\/"]}]},{"@type":"ImageObject","inLanguage":"tr","@id":"https:\/\/v2charge.com\/tr\/katologlar\/#primaryimage","url":"https:\/\/v2charge.com\/wp-content\/uploads\/2024\/07\/v2c-electric-chargers.jpg","contentUrl":"https:\/\/v2charge.com\/wp-content\/uploads\/2024\/07\/v2c-electric-chargers.jpg","width":1200,"height":675,"caption":"V2C Electric Chargers"},{"@type":"BreadcrumbList","@id":"https:\/\/v2charge.com\/tr\/katologlar\/#breadcrumb","itemListElement":[{"@type":"ListItem","position":1,"name":"V2C","item":"https:\/\/v2charge.com\/tr\/"},{"@type":"ListItem","position":2,"name":"e-Charges Kataloglar\u0131"}]},{"@type":"WebSite","@id":"https:\/\/v2charge.com\/tr\/#website","url":"https:\/\/v2charge.com\/tr\/","name":"V2C","description":"#CargandoElMa\u00f1ana","publisher":{"@id":"https:\/\/v2charge.com\/tr\/#organization"},"potentialAction":[{"@type":"SearchAction","target":{"@type":"EntryPoint","urlTemplate":"https:\/\/v2charge.com\/tr\/?s={search_term_string}"},"query-input":{"@type":"PropertyValueSpecification","valueRequired":true,"valueName":"search_term_string"}}],"inLanguage":"tr"},{"@type":"Organization","@id":"https:\/\/v2charge.com\/tr\/#organization","name":"V2C","url":"https:\/\/v2charge.com\/tr\/","logo":{"@type":"ImageObject","inLanguage":"tr","@id":"https:\/\/v2charge.com\/tr\/#\/schema\/logo\/image\/","url":"https:\/\/v2charge.com\/wp-content\/uploads\/2024\/11\/cropped-v2c-charge-logo-menu.png","contentUrl":"https:\/\/v2charge.com\/wp-content\/uploads\/2024\/11\/cropped-v2c-charge-logo-menu.png","width":984,"height":431,"caption":"V2C"},"image":{"@id":"https:\/\/v2charge.com\/tr\/#\/schema\/logo\/image\/"},"sameAs":["https:\/\/www.facebook.com\/V2C.Charge","https:\/\/x.com\/V2C_Charge","https:\/\/www.instagram.com\/v2c.charge\/","https:\/\/www.youtube.com\/@V2C","https:\/\/www.linkedin.com\/company\/v2c-chargers\/"]}]}},"uagb_featured_image_src":{"full":["https:\/\/v2charge.com\/wp-content\/uploads\/2024\/07\/v2c-electric-chargers.jpg",1200,675,false],"thumbnail":["https:\/\/v2charge.com\/wp-content\/uploads\/2024\/07\/v2c-electric-chargers-150x150.jpg",150,150,true],"medium":["https:\/\/v2charge.com\/wp-content\/uploads\/2024\/07\/v2c-electric-chargers-300x169.jpg",300,169,true],"medium_large":["https:\/\/v2charge.com\/wp-content\/uploads\/2024\/07\/v2c-electric-chargers-768x432.jpg",768,432,true],"large":["https:\/\/v2charge.com\/wp-content\/uploads\/2024\/07\/v2c-electric-chargers-1024x576.jpg",1024,576,true],"gs-tiny":["https:\/\/v2charge.com\/wp-content\/uploads\/2024\/07\/v2c-electric-chargers.jpg",50,28,false],"xl":["https:\/\/v2charge.com\/wp-content\/uploads\/2024\/07\/v2c-electric-chargers.jpg",1200,675,false],"xxl":["https:\/\/v2charge.com\/wp-content\/uploads\/2024\/07\/v2c-electric-chargers.jpg",1200,675,false],"xxxl":["https:\/\/v2charge.com\/wp-content\/uploads\/2024\/07\/v2c-electric-chargers.jpg",1200,675,false],"xxxxl":["https:\/\/v2charge.com\/wp-content\/uploads\/2024\/07\/v2c-electric-chargers.jpg",1200,675,false],"xxxxxl":["https:\/\/v2charge.com\/wp-content\/uploads\/2024\/07\/v2c-electric-chargers.jpg",1200,675,false],"1536x1536":["https:\/\/v2charge.com\/wp-content\/uploads\/2024\/07\/v2c-electric-chargers.jpg",1200,675,false],"2048x2048":["https:\/\/v2charge.com\/wp-content\/uploads\/2024\/07\/v2c-electric-chargers.jpg",1200,675,false]},"uagb_author_info":{"display_name":"V2C","author_link":"https:\/\/v2charge.com\/tr\/author\/marketing\/"},"uagb_comment_info":0,"uagb_excerpt":"e-\u015earj Cihazlar\u0131 Kataloglar\u0131 Size ara\u00e7lar\u0131n\u0131z i\u00e7in t\u00fcm elektrikli \u015farj cihazlar\u0131m\u0131z\u0131n dijital kataloglar\u0131n\u0131 sunuyoruz. Onlar\u0131 piyasada benzersiz k\u0131lan fonksiyonel \u00f6zellikleri ke\u015ffedin. TRYDAN TRYDAN PRO POLE PRO DENKA EKRAN EV PORTABLE Tam katalo\u011fu g\u00f6r\u00fcnt\u00fcleyin \u0130sterseniz, t\u00fcm E-\u015farj cihazlar\u0131m\u0131z hakk\u0131nda bilgileri ayn\u0131 belgede g\u00f6rebilirsiniz.","_links":{"self":[{"href":"https:\/\/v2charge.com\/tr\/wp-json\/wp\/v2\/pages\/109098","targetHints":{"allow":["GET"]}}],"collection":[{"href":"https:\/\/v2charge.com\/tr\/wp-json\/wp\/v2\/pages"}],"about":[{"href":"https:\/\/v2charge.com\/tr\/wp-json\/wp\/v2\/types\/page"}],"author":[{"embeddable":true,"href":"https:\/\/v2charge.com\/tr\/wp-json\/wp\/v2\/users\/400"}],"replies":[{"embeddable":true,"href":"https:\/\/v2charge.com\/tr\/wp-json\/wp\/v2\/comments?post=109098"}],"version-history":[{"count":2,"href":"https:\/\/v2charge.com\/tr\/wp-json\/wp\/v2\/pages\/109098\/revisions"}],"predecessor-version":[{"id":226833,"href":"https:\/\/v2charge.com\/tr\/wp-json\/wp\/v2\/pages\/109098\/revisions\/226833"}],"wp:featuredmedia":[{"embeddable":true,"href":"https:\/\/v2charge.com\/tr\/wp-json\/wp\/v2\/media\/170355"}],"wp:attachment":[{"href":"https:\/\/v2charge.com\/tr\/wp-json\/wp\/v2\/media?parent=109098"}],"curies":[{"name":"wp","href":"https:\/\/api.w.org\/{rel}","templated":true}]}}