{"id":109404,"date":"2023-07-06T14:12:20","date_gmt":"2023-07-06T14:12:20","guid":{"rendered":"https:\/\/v2charge.com\/?page_id=109404"},"modified":"2026-04-19T10:22:29","modified_gmt":"2026-04-19T10:22:29","slug":"dinamik-guc-kontrolu","status":"publish","type":"page","link":"https:\/\/v2charge.com\/tr\/dinamik-guc-kontrolu\/","title":{"rendered":"Dinamik g\u00fc\u00e7 kontrol\u00fc"},"content":{"rendered":"\n<div class=\"wp-block-uagb-container uagb-block-bd58cebc alignfull uagb-is-root-container\"><div class=\"uagb-container-inner-blocks-wrap\">\n<div class=\"wp-block-uagb-container uagb-block-7b418547\">\n<div class=\"wp-block-uagb-container uagb-block-8291aab2\"><div class=\"wp-block-uagb-advanced-heading uagb-block-34fa328c\"><h1 class=\"uagb-heading-text\">Dinamik g\u00fc\u00e7 kontrol\u00fc<\/h1><\/div>\n\n<div class=\"wp-block-uagb-advanced-heading uagb-block-1abc2395\"><h2 class=\"uagb-heading-text\">Ak\u0131ll\u0131 \u015farj\u0131n&nbsp;<strong>faydalar\u0131n\u0131<\/strong> \u00f6\u011frenin<\/h2><\/div><\/div>\n\n\n\n<div class=\"wp-block-uagb-container uagb-block-3aa21f7c\"><\/div>\n<\/div>\n\n\n\n<div class=\"wp-block-uagb-container uagb-block-0ed6dfdd\">\n<div class=\"wp-block-uagb-container uagb-block-77bdb36b\">\n<div class=\"wp-block-uagb-image aligncenter uagb-block-e153a1d9 wp-block-uagb-image--layout-default wp-block-uagb-image--effect-static wp-block-uagb-image--align-center\"><figure class=\"wp-block-uagb-image__figure\"><img decoding=\"async\" srcset=\"https:\/\/v2charge.com\/wp-content\/uploads\/2021\/11\/grafica-control-dinamico-de-potencia-5.png \" sizes=\"auto, (max-width: 480px) 150px\" src=\"https:\/\/v2charge.com\/wp-content\/uploads\/2021\/11\/grafica-control-dinamico-de-potencia-5.png\" alt=\"\" class=\"uag-image-60214\" width=\"631\" height=\"392\" title=\"\" loading=\"lazy\" role=\"img\"\/><\/figure><\/div>\n<\/div>\n\n\n\n<div class=\"wp-block-uagb-container uagb-block-b681848b\"><p class=\"has-base-3-color has-text-color\">Dinamik kontrol, kurulumun g\u00fcc\u00fcn\u00fc, evdeki elektrikli aletlerin ihtiya\u00e7lar\u0131n\u0131 ve elektrikli arac\u0131 \u00f6l\u00e7en ak\u0131ll\u0131 bir sens\u00f6rd\u00fcr ve bunlar aras\u0131nda \u015farj\u0131 d\u00fczenler.<\/p>\n\n<p class=\"has-base-3-color has-text-color\">Bu \u015fekilde, t\u00fcm cihazlar\u0131n\u0131z\u0131 beslemek i\u00e7in s\u00f6zle\u015fmeli g\u00fcc\u00fc art\u0131rman\u0131z gerekmez.&nbsp;<\/p>\n\n<p class=\"has-base-3-color has-text-color\"><strong><strong>Ak\u0131ll\u0131 \u015farj. Endi\u015fe yok. Kesintisiz enerji.<\/strong><\/strong><\/p><\/div>\n<\/div>\n<\/div><\/div>\n\n\n\n<div class=\"wp-block-uagb-container uagb-block-bf0bb0e8 alignfull uagb-is-root-container\"><div class=\"uagb-container-inner-blocks-wrap\">\n<div class=\"wp-block-uagb-container uagb-block-601b3a85\">\n<div class=\"wp-block-uagb-container uagb-block-61d08f9f\">\n<div class=\"wp-block-uagb-image aligncenter uagb-block-dc4b1ae6 wp-block-uagb-image--layout-default wp-block-uagb-image--effect-static wp-block-uagb-image--align-center\"><figure class=\"wp-block-uagb-image__figure\"><img decoding=\"async\" srcset=\"https:\/\/v2charge.com\/wp-content\/uploads\/2023\/07\/seguridad-icono.png \" sizes=\"auto, (max-width: 480px) 150px\" src=\"https:\/\/v2charge.com\/wp-content\/uploads\/2023\/07\/seguridad-icono.png\" alt=\"\" class=\"uag-image-109348\" width=\"81\" height=\"95\" title=\"\" loading=\"lazy\" role=\"img\"\/><\/figure><\/div>\n\n\n<div class=\"wp-block-uagb-advanced-heading uagb-block-edfd7583\"><h2 class=\"uagb-heading-text\">G\u00fcvenlik<\/h2><\/div>\n\n<div class=\"wp-block-uagb-advanced-heading uagb-block-b29ae060\"><p class=\"uagb-heading-text\">Kendili\u011finden d\u00fczenleme, enerji kesintilerine neden olan dalgalanmalar\u0131 \u00f6nler.<\/p><\/div><\/div>\n\n\n\n<div class=\"wp-block-uagb-container uagb-block-93242c66\">\n<div class=\"wp-block-uagb-image aligncenter uagb-block-a0f9af05 wp-block-uagb-image--layout-default wp-block-uagb-image--effect-static wp-block-uagb-image--align-center\"><figure class=\"wp-block-uagb-image__figure\"><img decoding=\"async\" srcset=\"https:\/\/v2charge.com\/wp-content\/uploads\/2021\/11\/euroahorro-1.png \" sizes=\"auto, (max-width: 480px) 150px\" src=\"https:\/\/v2charge.com\/wp-content\/uploads\/2021\/11\/euroahorro-1.png\" alt=\"\" class=\"uag-image-60937\" width=\"95\" height=\"95\" title=\"\" loading=\"lazy\" role=\"img\"\/><\/figure><\/div>\n\n\n<div class=\"wp-block-uagb-advanced-heading uagb-block-98865490\"><h2 class=\"uagb-heading-text\">Ekonomik<\/h2><\/div>\n\n<div class=\"wp-block-uagb-advanced-heading uagb-block-ffd145f1\"><p class=\"uagb-heading-text\">S\u00f6zle\u015fmeli g\u00fcc\u00fcn\u00fcz\u00fc art\u0131rmadan enerji t\u00fcketiminizden tasarruf etmenizi sa\u011flar.<\/p><\/div><\/div>\n\n\n\n<div class=\"wp-block-uagb-container uagb-block-0b1f0cfb\">\n<div class=\"wp-block-uagb-image aligncenter uagb-block-1853f296 wp-block-uagb-image--layout-default wp-block-uagb-image--effect-static wp-block-uagb-image--align-center\"><figure class=\"wp-block-uagb-image__figure\"><img decoding=\"async\" srcset=\"https:\/\/v2charge.com\/wp-content\/uploads\/2021\/11\/Balance-4.png \" sizes=\"auto, (max-width: 480px) 150px\" src=\"https:\/\/v2charge.com\/wp-content\/uploads\/2021\/11\/Balance-4.png\" alt=\"\" class=\"uag-image-60501\" width=\"96\" height=\"96\" title=\"\" loading=\"lazy\" role=\"img\"\/><\/figure><\/div>\n\n\n<div class=\"wp-block-uagb-advanced-heading uagb-block-b2e9e184\"><h2 class=\"uagb-heading-text\">Denge<\/h2><\/div>\n\n<div class=\"wp-block-uagb-advanced-heading uagb-block-f24fa052\"><p class=\"uagb-heading-text\">Evinizin kalan g\u00fcc\u00fc arac\u0131n\u0131z\u0131 \u015farj etmek i\u00e7in kullan\u0131lacakt\u0131r.&nbsp;<\/p><\/div><\/div>\n<\/div>\n<\/div><\/div>\n\n\n\n<div class=\"wp-block-uagb-container uagb-block-f9f348ab alignfull uagb-is-root-container\"><div class=\"uagb-container-inner-blocks-wrap\">\n<div class=\"wp-block-uagb-container uagb-block-f80d8aaa\">\n<div class=\"wp-block-uagb-container uagb-block-fd669160\">\n<div class=\"flourish-embed\" data-src=\"visualisation\/323987\"><\/div>\n<script src=\"https:\/\/public.flourish.studio\/resources\/embed.js\"><\/script>\n<\/div>\n\n\n\n<div class=\"wp-block-uagb-container uagb-block-a108b8d6\">\n<div class=\"flourish-embed flourish-chart\" data-src=\"visualisation\/323949\"><\/div>\n<script src=\"https:\/\/public.flourish.studio\/resources\/embed.js\"><\/script>\n<\/div>\n<\/div>\n<\/div><\/div>\n\n\n\n<div class=\"wp-block-uagb-container uagb-block-b7db42c8 alignfull uagb-is-root-container\"><div class=\"uagb-container-inner-blocks-wrap\">\n<div class=\"wp-block-uagb-container uagb-block-ef635077\">\n<div class=\"wp-block-uagb-container uagb-block-46751910\"><div class=\"wp-block-uagb-advanced-heading uagb-block-949d91de\"><h2 class=\"uagb-heading-text\">ENTEGRE&nbsp;<strong>TRYDAN<\/strong>&nbsp;MODELLER\u0130<\/h2><\/div>\n\n\n<div class=\"wp-block-uagb-buttons uagb-buttons__outer-wrap uagb-btn__default-btn uagb-btn-tablet__default-btn uagb-btn-mobile__default-btn uagb-block-b9e71ae1\"><div class=\"uagb-buttons__wrap uagb-buttons-layout-wrap \"><div class=\"wp-block-uagb-buttons-child uagb-buttons__outer-wrap uagb-block-18b86a55 wp-block-button\"><div class=\"uagb-button__wrapper\"><a class=\"uagb-buttons-repeater wp-block-button__link\" aria-label=\"\" href=\"https:\/\/v2charge.com\/trydan\/\" rel=\"follow noopener\" target=\"_self\"><div class=\"uagb-button__link\"><a href=\"https:\/\/v2charge.com\/trydan\/\" target=\"_blank\" rel=\"noreferrer noopener\">TRYDAN \u015eARJ C\u0130HAZINI G\u00d6R\u00dcNT\u00dcLE<\/a><\/div><\/a><\/div><\/div><\/div><\/div>\n<\/div>\n\n\n\n<div class=\"wp-block-uagb-container uagb-block-71f2d1ac\">\n<div class=\"wp-block-uagb-image uagb-block-9c88c3c2 wp-block-uagb-image--layout-default wp-block-uagb-image--effect-static wp-block-uagb-image--align-none\"><figure class=\"wp-block-uagb-image__figure\"><img decoding=\"async\" srcset=\"https:\/\/v2charge.com\/wp-content\/uploads\/2021\/12\/trydan.jpg \" sizes=\"auto, (max-width: 480px) 150px\" src=\"https:\/\/v2charge.com\/wp-content\/uploads\/2021\/12\/trydan.jpg\" alt=\"\" class=\"uag-image-67172\" width=\"500\" height=\"500\" title=\"\" loading=\"lazy\" role=\"img\"\/><\/figure><\/div>\n<\/div>\n<\/div>\n\n\n\n<div class=\"wp-block-uagb-buttons uagb-buttons__outer-wrap uagb-btn__default-btn uagb-btn-tablet__default-btn uagb-btn-mobile__default-btn uagb-block-720fafdd\"><div class=\"uagb-buttons__wrap uagb-buttons-layout-wrap \"><div class=\"wp-block-uagb-buttons-child uagb-buttons__outer-wrap uagb-block-68856505 wp-block-button\"><div class=\"uagb-button__wrapper\"><a class=\"uagb-buttons-repeater wp-block-button__link\" aria-label=\"\" href=\"https:\/\/v2charge.com\/support\/trydan\/dynamic-power-control\/\" rel=\"follow noopener\" target=\"_self\"><div class=\"uagb-button__link\">Dinamik g\u00fc\u00e7 kontrol ayarlar\u0131n\u0131 g\u00f6r\u00fcnt\u00fcle<\/div><\/a><\/div><\/div><\/div><\/div>\n<\/div><\/div>\n","protected":false},"excerpt":{"rendered":"<p>Dinamik g\u00fc\u00e7 kontrol\u00fc Ak\u0131ll\u0131 \u015farj\u0131n&nbsp;faydalar\u0131n\u0131 \u00f6\u011frenin Dinamik kontrol, kurulumun g\u00fcc\u00fcn\u00fc, evdeki elektrikli aletlerin ihtiya\u00e7lar\u0131n\u0131 ve elektrikli arac\u0131 \u00f6l\u00e7en ak\u0131ll\u0131 bir sens\u00f6rd\u00fcr ve bunlar aras\u0131nda \u015farj\u0131 d\u00fczenler. Bu \u015fekilde, t\u00fcm cihazlar\u0131n\u0131z\u0131 beslemek i\u00e7in s\u00f6zle\u015fmeli g\u00fcc\u00fc art\u0131rman\u0131z gerekmez.&nbsp; Ak\u0131ll\u0131 \u015farj. Endi\u015fe yok. Kesintisiz enerji. G\u00fcvenlik Kendili\u011finden d\u00fczenleme, enerji kesintilerine neden olan dalgalanmalar\u0131 \u00f6nler. Ekonomik S\u00f6zle\u015fmeli g\u00fcc\u00fcn\u00fcz\u00fc art\u0131rmadan &#8230; <a title=\"Dinamik g\u00fc\u00e7 kontrol\u00fc\" class=\"read-more\" href=\"https:\/\/v2charge.com\/tr\/dinamik-guc-kontrolu\/\" aria-label=\"Read more about Dinamik g\u00fc\u00e7 kontrol\u00fc\">Devam\u0131n\u0131 oku<\/a><\/p>\n","protected":false},"author":400,"featured_media":170355,"parent":0,"menu_order":0,"comment_status":"closed","ping_status":"closed","template":"","meta":{"_eb_attr":"","content-type":"","_uag_custom_page_level_css":"","footnotes":""},"class_list":["post-109404","page","type-page","status-publish","has-post-thumbnail"],"yoast_head":"<!-- This site is optimized with the Yoast SEO plugin v25.3.1 - https:\/\/yoast.com\/wordpress\/plugins\/seo\/ -->\n<title>Dinamik G\u00fc\u00e7 Kontrol\u00fc: Nedir ve Nas\u0131l \u00c7al\u0131\u015f\u0131r | V2C<\/title>\n<meta name=\"description\" content=\"Dinamik g\u00fc\u00e7 kontrol\u00fc, evinizdeki farkl\u0131 elektronik cihazlar aras\u0131ndaki s\u00f6zle\u015fmeli g\u00fcc\u00fc d\u00fczenlemenizi sa\u011flar. Bu konuda daha fazla bilgi edinin.\" \/>\n<meta name=\"robots\" content=\"index, follow, max-snippet:-1, max-image-preview:large, max-video-preview:-1\" \/>\n<link rel=\"canonical\" href=\"https:\/\/v2charge.com\/tr\/dinamik-guc-kontrolu\/\" \/>\n<meta property=\"og:locale\" content=\"tr_TR\" \/>\n<meta property=\"og:type\" content=\"article\" \/>\n<meta property=\"og:title\" content=\"Dinamik G\u00fc\u00e7 Kontrol\u00fc: Nedir ve Nas\u0131l \u00c7al\u0131\u015f\u0131r | V2C\" \/>\n<meta property=\"og:description\" content=\"Dinamik g\u00fc\u00e7 kontrol\u00fc, evinizdeki farkl\u0131 elektronik cihazlar aras\u0131ndaki s\u00f6zle\u015fmeli g\u00fcc\u00fc d\u00fczenlemenizi sa\u011flar. Bu konuda daha fazla bilgi edinin.\" \/>\n<meta property=\"og:url\" content=\"https:\/\/v2charge.com\/tr\/dinamik-guc-kontrolu\/\" \/>\n<meta property=\"og:site_name\" content=\"V2C\" \/>\n<meta property=\"article:publisher\" content=\"https:\/\/www.facebook.com\/V2C.Charge\" \/>\n<meta property=\"article:modified_time\" content=\"2026-04-19T10:22:29+00:00\" \/>\n<meta property=\"og:image\" content=\"https:\/\/v2charge.com\/wp-content\/uploads\/2021\/11\/grafica-control-dinamico-de-potencia-5.png\" \/>\n<meta name=\"twitter:card\" content=\"summary_large_image\" \/>\n<meta name=\"twitter:site\" content=\"@V2C_Charge\" \/>\n<meta name=\"twitter:label1\" content=\"Tahmini okuma s\u00fcresi\" \/>\n\t<meta name=\"twitter:data1\" content=\"2 dakika\" \/>\n<script type=\"application\/ld+json\" class=\"yoast-schema-graph\">{\"@context\":\"https:\/\/schema.org\",\"@graph\":[{\"@type\":\"WebPage\",\"@id\":\"https:\/\/v2charge.com\/tr\/dinamik-guc-kontrolu\/\",\"url\":\"https:\/\/v2charge.com\/tr\/dinamik-guc-kontrolu\/\",\"name\":\"Dinamik G\u00fc\u00e7 Kontrol\u00fc: Nedir ve Nas\u0131l \u00c7al\u0131\u015f\u0131r | V2C\",\"isPartOf\":{\"@id\":\"https:\/\/v2charge.com\/tr\/#website\"},\"primaryImageOfPage\":{\"@id\":\"https:\/\/v2charge.com\/tr\/dinamik-guc-kontrolu\/#primaryimage\"},\"image\":{\"@id\":\"https:\/\/v2charge.com\/tr\/dinamik-guc-kontrolu\/#primaryimage\"},\"thumbnailUrl\":\"https:\/\/v2charge.com\/wp-content\/uploads\/2024\/07\/v2c-electric-chargers.jpg\",\"datePublished\":\"2023-07-06T14:12:20+00:00\",\"dateModified\":\"2026-04-19T10:22:29+00:00\",\"description\":\"Dinamik g\u00fc\u00e7 kontrol\u00fc, evinizdeki farkl\u0131 elektronik cihazlar aras\u0131ndaki s\u00f6zle\u015fmeli g\u00fcc\u00fc d\u00fczenlemenizi sa\u011flar. Bu konuda daha fazla bilgi edinin.\",\"breadcrumb\":{\"@id\":\"https:\/\/v2charge.com\/tr\/dinamik-guc-kontrolu\/#breadcrumb\"},\"inLanguage\":\"tr\",\"potentialAction\":[{\"@type\":\"ReadAction\",\"target\":[\"https:\/\/v2charge.com\/tr\/dinamik-guc-kontrolu\/\"]}]},{\"@type\":\"ImageObject\",\"inLanguage\":\"tr\",\"@id\":\"https:\/\/v2charge.com\/tr\/dinamik-guc-kontrolu\/#primaryimage\",\"url\":\"https:\/\/v2charge.com\/wp-content\/uploads\/2024\/07\/v2c-electric-chargers.jpg\",\"contentUrl\":\"https:\/\/v2charge.com\/wp-content\/uploads\/2024\/07\/v2c-electric-chargers.jpg\",\"width\":1200,\"height\":675,\"caption\":\"V2C Electric Chargers\"},{\"@type\":\"BreadcrumbList\",\"@id\":\"https:\/\/v2charge.com\/tr\/dinamik-guc-kontrolu\/#breadcrumb\",\"itemListElement\":[{\"@type\":\"ListItem\",\"position\":1,\"name\":\"V2C\",\"item\":\"https:\/\/v2charge.com\/tr\/\"},{\"@type\":\"ListItem\",\"position\":2,\"name\":\"Dinamik g\u00fc\u00e7 kontrol\u00fc\"}]},{\"@type\":\"WebSite\",\"@id\":\"https:\/\/v2charge.com\/tr\/#website\",\"url\":\"https:\/\/v2charge.com\/tr\/\",\"name\":\"V2C\",\"description\":\"#CargandoElMa\u00f1ana\",\"publisher\":{\"@id\":\"https:\/\/v2charge.com\/tr\/#organization\"},\"potentialAction\":[{\"@type\":\"SearchAction\",\"target\":{\"@type\":\"EntryPoint\",\"urlTemplate\":\"https:\/\/v2charge.com\/tr\/?s={search_term_string}\"},\"query-input\":{\"@type\":\"PropertyValueSpecification\",\"valueRequired\":true,\"valueName\":\"search_term_string\"}}],\"inLanguage\":\"tr\"},{\"@type\":\"Organization\",\"@id\":\"https:\/\/v2charge.com\/tr\/#organization\",\"name\":\"V2C\",\"url\":\"https:\/\/v2charge.com\/tr\/\",\"logo\":{\"@type\":\"ImageObject\",\"inLanguage\":\"tr\",\"@id\":\"https:\/\/v2charge.com\/tr\/#\/schema\/logo\/image\/\",\"url\":\"https:\/\/v2charge.com\/wp-content\/uploads\/2024\/11\/cropped-v2c-charge-logo-menu.png\",\"contentUrl\":\"https:\/\/v2charge.com\/wp-content\/uploads\/2024\/11\/cropped-v2c-charge-logo-menu.png\",\"width\":984,\"height\":431,\"caption\":\"V2C\"},\"image\":{\"@id\":\"https:\/\/v2charge.com\/tr\/#\/schema\/logo\/image\/\"},\"sameAs\":[\"https:\/\/www.facebook.com\/V2C.Charge\",\"https:\/\/x.com\/V2C_Charge\",\"https:\/\/www.instagram.com\/v2c.charge\/\",\"https:\/\/www.youtube.com\/@V2C\",\"https:\/\/www.linkedin.com\/company\/v2c-chargers\/\"]}]}<\/script>\n<!-- \/ Yoast SEO plugin. -->","yoast_head_json":{"title":"Dinamik G\u00fc\u00e7 Kontrol\u00fc: Nedir ve Nas\u0131l \u00c7al\u0131\u015f\u0131r | V2C","description":"Dinamik g\u00fc\u00e7 kontrol\u00fc, evinizdeki farkl\u0131 elektronik cihazlar aras\u0131ndaki s\u00f6zle\u015fmeli g\u00fcc\u00fc d\u00fczenlemenizi sa\u011flar. Bu konuda daha fazla bilgi edinin.","robots":{"index":"index","follow":"follow","max-snippet":"max-snippet:-1","max-image-preview":"max-image-preview:large","max-video-preview":"max-video-preview:-1"},"canonical":"https:\/\/v2charge.com\/tr\/dinamik-guc-kontrolu\/","og_locale":"tr_TR","og_type":"article","og_title":"Dinamik G\u00fc\u00e7 Kontrol\u00fc: Nedir ve Nas\u0131l \u00c7al\u0131\u015f\u0131r | V2C","og_description":"Dinamik g\u00fc\u00e7 kontrol\u00fc, evinizdeki farkl\u0131 elektronik cihazlar aras\u0131ndaki s\u00f6zle\u015fmeli g\u00fcc\u00fc d\u00fczenlemenizi sa\u011flar. Bu konuda daha fazla bilgi edinin.","og_url":"https:\/\/v2charge.com\/tr\/dinamik-guc-kontrolu\/","og_site_name":"V2C","article_publisher":"https:\/\/www.facebook.com\/V2C.Charge","article_modified_time":"2026-04-19T10:22:29+00:00","og_image":[{"url":"https:\/\/v2charge.com\/wp-content\/uploads\/2021\/11\/grafica-control-dinamico-de-potencia-5.png","type":"","width":"","height":""}],"twitter_card":"summary_large_image","twitter_site":"@V2C_Charge","twitter_misc":{"Tahmini okuma s\u00fcresi":"2 dakika"},"schema":{"@context":"https:\/\/schema.org","@graph":[{"@type":"WebPage","@id":"https:\/\/v2charge.com\/tr\/dinamik-guc-kontrolu\/","url":"https:\/\/v2charge.com\/tr\/dinamik-guc-kontrolu\/","name":"Dinamik G\u00fc\u00e7 Kontrol\u00fc: Nedir ve Nas\u0131l \u00c7al\u0131\u015f\u0131r | V2C","isPartOf":{"@id":"https:\/\/v2charge.com\/tr\/#website"},"primaryImageOfPage":{"@id":"https:\/\/v2charge.com\/tr\/dinamik-guc-kontrolu\/#primaryimage"},"image":{"@id":"https:\/\/v2charge.com\/tr\/dinamik-guc-kontrolu\/#primaryimage"},"thumbnailUrl":"https:\/\/v2charge.com\/wp-content\/uploads\/2024\/07\/v2c-electric-chargers.jpg","datePublished":"2023-07-06T14:12:20+00:00","dateModified":"2026-04-19T10:22:29+00:00","description":"Dinamik g\u00fc\u00e7 kontrol\u00fc, evinizdeki farkl\u0131 elektronik cihazlar aras\u0131ndaki s\u00f6zle\u015fmeli g\u00fcc\u00fc d\u00fczenlemenizi sa\u011flar. Bu konuda daha fazla bilgi edinin.","breadcrumb":{"@id":"https:\/\/v2charge.com\/tr\/dinamik-guc-kontrolu\/#breadcrumb"},"inLanguage":"tr","potentialAction":[{"@type":"ReadAction","target":["https:\/\/v2charge.com\/tr\/dinamik-guc-kontrolu\/"]}]},{"@type":"ImageObject","inLanguage":"tr","@id":"https:\/\/v2charge.com\/tr\/dinamik-guc-kontrolu\/#primaryimage","url":"https:\/\/v2charge.com\/wp-content\/uploads\/2024\/07\/v2c-electric-chargers.jpg","contentUrl":"https:\/\/v2charge.com\/wp-content\/uploads\/2024\/07\/v2c-electric-chargers.jpg","width":1200,"height":675,"caption":"V2C Electric Chargers"},{"@type":"BreadcrumbList","@id":"https:\/\/v2charge.com\/tr\/dinamik-guc-kontrolu\/#breadcrumb","itemListElement":[{"@type":"ListItem","position":1,"name":"V2C","item":"https:\/\/v2charge.com\/tr\/"},{"@type":"ListItem","position":2,"name":"Dinamik g\u00fc\u00e7 kontrol\u00fc"}]},{"@type":"WebSite","@id":"https:\/\/v2charge.com\/tr\/#website","url":"https:\/\/v2charge.com\/tr\/","name":"V2C","description":"#CargandoElMa\u00f1ana","publisher":{"@id":"https:\/\/v2charge.com\/tr\/#organization"},"potentialAction":[{"@type":"SearchAction","target":{"@type":"EntryPoint","urlTemplate":"https:\/\/v2charge.com\/tr\/?s={search_term_string}"},"query-input":{"@type":"PropertyValueSpecification","valueRequired":true,"valueName":"search_term_string"}}],"inLanguage":"tr"},{"@type":"Organization","@id":"https:\/\/v2charge.com\/tr\/#organization","name":"V2C","url":"https:\/\/v2charge.com\/tr\/","logo":{"@type":"ImageObject","inLanguage":"tr","@id":"https:\/\/v2charge.com\/tr\/#\/schema\/logo\/image\/","url":"https:\/\/v2charge.com\/wp-content\/uploads\/2024\/11\/cropped-v2c-charge-logo-menu.png","contentUrl":"https:\/\/v2charge.com\/wp-content\/uploads\/2024\/11\/cropped-v2c-charge-logo-menu.png","width":984,"height":431,"caption":"V2C"},"image":{"@id":"https:\/\/v2charge.com\/tr\/#\/schema\/logo\/image\/"},"sameAs":["https:\/\/www.facebook.com\/V2C.Charge","https:\/\/x.com\/V2C_Charge","https:\/\/www.instagram.com\/v2c.charge\/","https:\/\/www.youtube.com\/@V2C","https:\/\/www.linkedin.com\/company\/v2c-chargers\/"]}]}},"uagb_featured_image_src":{"full":["https:\/\/v2charge.com\/wp-content\/uploads\/2024\/07\/v2c-electric-chargers.jpg",1200,675,false],"thumbnail":["https:\/\/v2charge.com\/wp-content\/uploads\/2024\/07\/v2c-electric-chargers-150x150.jpg",150,150,true],"medium":["https:\/\/v2charge.com\/wp-content\/uploads\/2024\/07\/v2c-electric-chargers-300x169.jpg",300,169,true],"medium_large":["https:\/\/v2charge.com\/wp-content\/uploads\/2024\/07\/v2c-electric-chargers-768x432.jpg",768,432,true],"large":["https:\/\/v2charge.com\/wp-content\/uploads\/2024\/07\/v2c-electric-chargers-1024x576.jpg",1024,576,true],"gs-tiny":["https:\/\/v2charge.com\/wp-content\/uploads\/2024\/07\/v2c-electric-chargers.jpg",50,28,false],"xl":["https:\/\/v2charge.com\/wp-content\/uploads\/2024\/07\/v2c-electric-chargers.jpg",1200,675,false],"xxl":["https:\/\/v2charge.com\/wp-content\/uploads\/2024\/07\/v2c-electric-chargers.jpg",1200,675,false],"xxxl":["https:\/\/v2charge.com\/wp-content\/uploads\/2024\/07\/v2c-electric-chargers.jpg",1200,675,false],"xxxxl":["https:\/\/v2charge.com\/wp-content\/uploads\/2024\/07\/v2c-electric-chargers.jpg",1200,675,false],"xxxxxl":["https:\/\/v2charge.com\/wp-content\/uploads\/2024\/07\/v2c-electric-chargers.jpg",1200,675,false],"1536x1536":["https:\/\/v2charge.com\/wp-content\/uploads\/2024\/07\/v2c-electric-chargers.jpg",1200,675,false],"2048x2048":["https:\/\/v2charge.com\/wp-content\/uploads\/2024\/07\/v2c-electric-chargers.jpg",1200,675,false]},"uagb_author_info":{"display_name":"V2C","author_link":"https:\/\/v2charge.com\/tr\/author\/marketing\/"},"uagb_comment_info":0,"uagb_excerpt":"Dinamik g\u00fc\u00e7 kontrol\u00fc Ak\u0131ll\u0131 \u015farj\u0131n&nbsp;faydalar\u0131n\u0131 \u00f6\u011frenin Dinamik kontrol, kurulumun g\u00fcc\u00fcn\u00fc, evdeki elektrikli aletlerin ihtiya\u00e7lar\u0131n\u0131 ve elektrikli arac\u0131 \u00f6l\u00e7en ak\u0131ll\u0131 bir sens\u00f6rd\u00fcr ve bunlar aras\u0131nda \u015farj\u0131 d\u00fczenler. Bu \u015fekilde, t\u00fcm cihazlar\u0131n\u0131z\u0131 beslemek i\u00e7in s\u00f6zle\u015fmeli g\u00fcc\u00fc art\u0131rman\u0131z gerekmez.&nbsp; Ak\u0131ll\u0131 \u015farj. Endi\u015fe yok. Kesintisiz enerji. G\u00fcvenlik Kendili\u011finden d\u00fczenleme, enerji kesintilerine neden olan dalgalanmalar\u0131 \u00f6nler. Ekonomik S\u00f6zle\u015fmeli g\u00fcc\u00fcn\u00fcz\u00fc art\u0131rmadan&hellip;","_links":{"self":[{"href":"https:\/\/v2charge.com\/tr\/wp-json\/wp\/v2\/pages\/109404","targetHints":{"allow":["GET"]}}],"collection":[{"href":"https:\/\/v2charge.com\/tr\/wp-json\/wp\/v2\/pages"}],"about":[{"href":"https:\/\/v2charge.com\/tr\/wp-json\/wp\/v2\/types\/page"}],"author":[{"embeddable":true,"href":"https:\/\/v2charge.com\/tr\/wp-json\/wp\/v2\/users\/400"}],"replies":[{"embeddable":true,"href":"https:\/\/v2charge.com\/tr\/wp-json\/wp\/v2\/comments?post=109404"}],"version-history":[{"count":0,"href":"https:\/\/v2charge.com\/tr\/wp-json\/wp\/v2\/pages\/109404\/revisions"}],"wp:featuredmedia":[{"embeddable":true,"href":"https:\/\/v2charge.com\/tr\/wp-json\/wp\/v2\/media\/170355"}],"wp:attachment":[{"href":"https:\/\/v2charge.com\/tr\/wp-json\/wp\/v2\/media?parent=109404"}],"curies":[{"name":"wp","href":"https:\/\/api.w.org\/{rel}","templated":true}]}}