{"id":109631,"date":"2023-07-10T14:23:04","date_gmt":"2023-07-10T14:23:04","guid":{"rendered":"https:\/\/v2charge.com\/?page_id=109631"},"modified":"2023-07-10T14:23:05","modified_gmt":"2023-07-10T14:23:05","slug":"platformuma-yukleme-noktasi-nasil-eklenir","status":"publish","type":"page","link":"https:\/\/v2charge.com\/tr\/platformuma-yukleme-noktasi-nasil-eklenir\/","title":{"rendered":"Platformuma nas\u0131l bir \u015earj noktas\u0131 ekleyebilirim?"},"content":{"rendered":"\n<div style=\"height:60px\" aria-hidden=\"true\" class=\"wp-block-spacer\"><\/div>\n\n\n\n<h1 class=\"wp-block-heading\">Platformuma nas\u0131l bir \u015earj noktas\u0131 ekleyebilirim?<\/h1>\n\n\n\n<p>V2C Cloud platformunuza bir \u015farj noktas\u0131 eklemek i\u00e7in a\u015fa\u011f\u0131daki ad\u0131mlar\u0131 izleyin:<\/p>\n\n\n\n<h2 class=\"wp-block-heading\">Uygulaman\u0131z arac\u0131l\u0131\u011f\u0131yla<\/h2>\n\n\n\n<p>Yukar\u0131da tarih ile i\u015faretlenmi\u015f y\u00fckleyici ekle d\u00fc\u011fmesine bas\u0131n.<\/p>\n\n\n\n<figure><img decoding=\"async\" src=\"https:\/\/v2charge.com\/wp-content\/uploads\/2022\/12\/v2c-app-an\u0303adir-echarger-731x1024.jpg\" alt=\"V2C APP A\u00f1adir cargador\" width=\"366\" height=\"512\"\/><\/figure>\n\n\n\n<p>Kimlik numaras\u0131 cihaz\u0131n \u00fczerindeki etikette veya k\u0131lavuzdaki bir etikette bulunabilir. Rastgele b\u00fcy\u00fck harflerle yaz\u0131lm\u0131\u015f toplam 7 rakam ve harften olu\u015fur. \u00d6rne\u011fin ER47HBV.<\/p>\n\n\n\n<figure><img decoding=\"async\" src=\"https:\/\/v2charge.com\/wp-content\/uploads\/2022\/12\/v2c-app-an\u0303adir-cargador-731x1024.jpg\" alt=\"V2C APP ID de un e-Charger\" width=\"366\" height=\"512\"\/><\/figure>\n\n\n\n<blockquote class=\"wp-block-quote is-layout-flow wp-block-quote-is-layout-flow\"><p>\u015earj noktas\u0131n\u0131n e\u015fle\u015ftirilmesi s\u0131ras\u0131nda, istatistiksel kullan\u0131m ve g\u00fcvenlik i\u00e7in sizden konum istenecektir.<\/p><\/blockquote>\n\n\n\n<p>\u015earj cihaz\u0131 bir kez kaydedildikten sonra, silinmedi\u011fi s\u00fcrece art\u0131k ba\u015fkas\u0131 taraf\u0131ndan e\u015fle\u015ftirilemez. Ayn\u0131 anda iki cep telefonunda veya hesapta olmas\u0131n\u0131 istiyorsan\u0131z, payla\u015f\u0131n. \u015earj noktan\u0131z herhangi bir cihazda (cep telefonu veya bilgisayar) kay\u0131tl\u0131 de\u011filse ve numaran\u0131z herkese a\u00e7\u0131ksa, izniniz olmadan \u00fc\u00e7\u00fcnc\u00fc bir taraf\u00e7a kaydedilebilir.<\/p>\n\n\n\n<blockquote class=\"wp-block-quote is-layout-flow wp-block-quote-is-layout-flow\"><p>Cihaz\u0131 e\u015fle\u015ftirmek i\u00e7in cep telefonunda bir internet ba\u011flant\u0131s\u0131 gereklidir. Garajda internet ba\u011flant\u0131s\u0131 yoksa, kimlik numaras\u0131n\u0131 not edin ve e\u015fle\u015ftirmek i\u00e7in bir kapsama alan\u0131 bulun.<\/p><\/blockquote>\n\n\n\n<p>QR kod okuyucu kolayl\u0131k sa\u011flamak i\u00e7in kullan\u0131labilir (kamera d\u00fc\u011fmesine bas\u0131n).<\/p>\n\n\n\n<figure><img decoding=\"async\" src=\"https:\/\/v2charge.com\/wp-content\/uploads\/2022\/12\/v2c-app-wifi-conectar-731x1024.jpg\" alt=\"V2C APP Registro de Red WiFi\" width=\"366\" height=\"512\"\/><\/figure>\n\n\n\n<p>E\u015fle\u015ftirildikten sonra, wifi \u00fczerinden ba\u011flanman\u0131z istenir. Wifi \u015fifresinin ba\u011flant\u0131s\u0131 bluetooth arac\u0131l\u0131\u011f\u0131yla yap\u0131l\u0131r, e\u011fer etkinle\u015ftirmediyseniz, do\u011frudan WIFI yap\u0131land\u0131rmas\u0131n\u0131 atla d\u00fc\u011fmesine basarak daha sonraya b\u0131rakmak daha iyidir.<\/p>\n\n\n\n<h2 class=\"wp-block-heading\">Web \u00fczerinden<\/h2>\n\n\n\n<p>V2C Cloud&#8217;da ba\u015far\u0131yla oturum a\u00e7t\u0131ktan sonra,<\/p>\n\n\n\n<p>Bir \u015farj cihaz\u0131 eklemek i\u00e7in art\u0131 d\u00fc\u011fmesine bas\u0131n:<\/p>\n\n\n\n<figure><img decoding=\"async\" src=\"https:\/\/v2charge.com\/wp-content\/uploads\/2022\/12\/mis-e-chargers-app-registro-1024x819.jpg\" alt=\"Registro e-Chargers\" width=\"768\" height=\"614\"\/><\/figure>\n\n\n\n<p>\u015earj cihaz\u0131 kimli\u011fini ekleyin. \u015earj cihaz\u0131 kimli\u011fi 7 karakterli alfan\u00fcmerik bir koddur ve size verilmi\u015f olabilir ya da \u015farj cihaz\u0131 etiketinde veya talimatlarda bulunabilir.<\/p>\n\n\n\n<figure><img decoding=\"async\" src=\"https:\/\/v2charge.com\/wp-content\/uploads\/2022\/12\/soporte-v2c-id-1024x819.jpg\" alt=\"Registro V2C ID Soporte\" width=\"768\" height=\"614\"\/><\/figure>\n\n\n\n<div style=\"height:60px\" aria-hidden=\"true\" class=\"wp-block-spacer\"><\/div>\n","protected":false},"excerpt":{"rendered":"<p>Platformuma nas\u0131l bir \u015earj noktas\u0131 ekleyebilirim? V2C Cloud platformunuza bir \u015farj noktas\u0131 eklemek i\u00e7in a\u015fa\u011f\u0131daki ad\u0131mlar\u0131 izleyin: Uygulaman\u0131z arac\u0131l\u0131\u011f\u0131yla Yukar\u0131da tarih ile i\u015faretlenmi\u015f y\u00fckleyici ekle d\u00fc\u011fmesine bas\u0131n. Kimlik numaras\u0131 cihaz\u0131n \u00fczerindeki etikette veya k\u0131lavuzdaki bir etikette bulunabilir. Rastgele b\u00fcy\u00fck harflerle yaz\u0131lm\u0131\u015f toplam 7 rakam ve harften olu\u015fur. \u00d6rne\u011fin ER47HBV. \u015earj noktas\u0131n\u0131n e\u015fle\u015ftirilmesi s\u0131ras\u0131nda, istatistiksel kullan\u0131m &#8230; <a title=\"Platformuma nas\u0131l bir \u015earj noktas\u0131 ekleyebilirim?\" class=\"read-more\" href=\"https:\/\/v2charge.com\/tr\/platformuma-yukleme-noktasi-nasil-eklenir\/\" aria-label=\"Read more about Platformuma nas\u0131l bir \u015earj noktas\u0131 ekleyebilirim?\">Devam\u0131n\u0131 oku<\/a><\/p>\n","protected":false},"author":400,"featured_media":170355,"parent":0,"menu_order":0,"comment_status":"closed","ping_status":"closed","template":"","meta":{"_eb_attr":"","content-type":"","_uag_custom_page_level_css":"","footnotes":""},"class_list":["post-109631","page","type-page","status-publish","has-post-thumbnail"],"yoast_head":"<!-- This site is optimized with the Yoast SEO plugin v25.3.1 - https:\/\/yoast.com\/wordpress\/plugins\/seo\/ -->\n<title>Platformuma nas\u0131l \u015farj noktas\u0131 ekleyebilirim? - V2C<\/title>\n<meta name=\"description\" content=\"V2C Cloud uygulaman\u0131za nas\u0131l yeni bir \u015farj noktas\u0131 ekleyece\u011finizi a\u00e7\u0131kl\u0131yoruz. \u00d6rneklerle ad\u0131m ad\u0131m. V2C destek alan\u0131.\" \/>\n<meta name=\"robots\" content=\"index, follow, max-snippet:-1, max-image-preview:large, max-video-preview:-1\" \/>\n<link rel=\"canonical\" href=\"https:\/\/v2charge.com\/tr\/platformuma-yukleme-noktasi-nasil-eklenir\/\" \/>\n<meta property=\"og:locale\" content=\"tr_TR\" \/>\n<meta property=\"og:type\" content=\"article\" \/>\n<meta property=\"og:title\" content=\"Platformuma nas\u0131l \u015farj noktas\u0131 ekleyebilirim? - V2C\" \/>\n<meta property=\"og:description\" content=\"V2C Cloud uygulaman\u0131za nas\u0131l yeni bir \u015farj noktas\u0131 ekleyece\u011finizi a\u00e7\u0131kl\u0131yoruz. \u00d6rneklerle ad\u0131m ad\u0131m. V2C destek alan\u0131.\" \/>\n<meta property=\"og:url\" content=\"https:\/\/v2charge.com\/tr\/platformuma-yukleme-noktasi-nasil-eklenir\/\" \/>\n<meta property=\"og:site_name\" content=\"V2C\" \/>\n<meta property=\"article:publisher\" content=\"https:\/\/www.facebook.com\/V2C.Charge\" \/>\n<meta property=\"article:modified_time\" content=\"2023-07-10T14:23:05+00:00\" \/>\n<meta property=\"og:image\" content=\"https:\/\/v2charge.com\/wp-content\/uploads\/2022\/12\/v2c-app-wifi-conectar-731x1024.jpg\" \/>\n<meta name=\"twitter:card\" content=\"summary_large_image\" \/>\n<meta name=\"twitter:site\" content=\"@V2C_Charge\" \/>\n<meta name=\"twitter:label1\" content=\"Tahmini okuma s\u00fcresi\" \/>\n\t<meta name=\"twitter:data1\" content=\"2 dakika\" \/>\n<script type=\"application\/ld+json\" class=\"yoast-schema-graph\">{\"@context\":\"https:\/\/schema.org\",\"@graph\":[{\"@type\":\"WebPage\",\"@id\":\"https:\/\/v2charge.com\/tr\/platformuma-yukleme-noktasi-nasil-eklenir\/\",\"url\":\"https:\/\/v2charge.com\/tr\/platformuma-yukleme-noktasi-nasil-eklenir\/\",\"name\":\"Platformuma nas\u0131l \u015farj noktas\u0131 ekleyebilirim? - V2C\",\"isPartOf\":{\"@id\":\"https:\/\/v2charge.com\/tr\/#website\"},\"primaryImageOfPage\":{\"@id\":\"https:\/\/v2charge.com\/tr\/platformuma-yukleme-noktasi-nasil-eklenir\/#primaryimage\"},\"image\":{\"@id\":\"https:\/\/v2charge.com\/tr\/platformuma-yukleme-noktasi-nasil-eklenir\/#primaryimage\"},\"thumbnailUrl\":\"https:\/\/v2charge.com\/wp-content\/uploads\/2024\/07\/v2c-electric-chargers.jpg\",\"datePublished\":\"2023-07-10T14:23:04+00:00\",\"dateModified\":\"2023-07-10T14:23:05+00:00\",\"description\":\"V2C Cloud uygulaman\u0131za nas\u0131l yeni bir \u015farj noktas\u0131 ekleyece\u011finizi a\u00e7\u0131kl\u0131yoruz. \u00d6rneklerle ad\u0131m ad\u0131m. V2C destek alan\u0131.\",\"breadcrumb\":{\"@id\":\"https:\/\/v2charge.com\/tr\/platformuma-yukleme-noktasi-nasil-eklenir\/#breadcrumb\"},\"inLanguage\":\"tr\",\"potentialAction\":[{\"@type\":\"ReadAction\",\"target\":[\"https:\/\/v2charge.com\/tr\/platformuma-yukleme-noktasi-nasil-eklenir\/\"]}]},{\"@type\":\"ImageObject\",\"inLanguage\":\"tr\",\"@id\":\"https:\/\/v2charge.com\/tr\/platformuma-yukleme-noktasi-nasil-eklenir\/#primaryimage\",\"url\":\"https:\/\/v2charge.com\/wp-content\/uploads\/2024\/07\/v2c-electric-chargers.jpg\",\"contentUrl\":\"https:\/\/v2charge.com\/wp-content\/uploads\/2024\/07\/v2c-electric-chargers.jpg\",\"width\":1200,\"height\":675,\"caption\":\"V2C Electric Chargers\"},{\"@type\":\"BreadcrumbList\",\"@id\":\"https:\/\/v2charge.com\/tr\/platformuma-yukleme-noktasi-nasil-eklenir\/#breadcrumb\",\"itemListElement\":[{\"@type\":\"ListItem\",\"position\":1,\"name\":\"V2C\",\"item\":\"https:\/\/v2charge.com\/tr\/\"},{\"@type\":\"ListItem\",\"position\":2,\"name\":\"Platformuma nas\u0131l bir \u015earj noktas\u0131 ekleyebilirim?\"}]},{\"@type\":\"WebSite\",\"@id\":\"https:\/\/v2charge.com\/tr\/#website\",\"url\":\"https:\/\/v2charge.com\/tr\/\",\"name\":\"V2C\",\"description\":\"#CargandoElMa\u00f1ana\",\"publisher\":{\"@id\":\"https:\/\/v2charge.com\/tr\/#organization\"},\"potentialAction\":[{\"@type\":\"SearchAction\",\"target\":{\"@type\":\"EntryPoint\",\"urlTemplate\":\"https:\/\/v2charge.com\/tr\/?s={search_term_string}\"},\"query-input\":{\"@type\":\"PropertyValueSpecification\",\"valueRequired\":true,\"valueName\":\"search_term_string\"}}],\"inLanguage\":\"tr\"},{\"@type\":\"Organization\",\"@id\":\"https:\/\/v2charge.com\/tr\/#organization\",\"name\":\"V2C\",\"url\":\"https:\/\/v2charge.com\/tr\/\",\"logo\":{\"@type\":\"ImageObject\",\"inLanguage\":\"tr\",\"@id\":\"https:\/\/v2charge.com\/tr\/#\/schema\/logo\/image\/\",\"url\":\"https:\/\/v2charge.com\/wp-content\/uploads\/2024\/11\/cropped-v2c-charge-logo-menu.png\",\"contentUrl\":\"https:\/\/v2charge.com\/wp-content\/uploads\/2024\/11\/cropped-v2c-charge-logo-menu.png\",\"width\":984,\"height\":431,\"caption\":\"V2C\"},\"image\":{\"@id\":\"https:\/\/v2charge.com\/tr\/#\/schema\/logo\/image\/\"},\"sameAs\":[\"https:\/\/www.facebook.com\/V2C.Charge\",\"https:\/\/x.com\/V2C_Charge\",\"https:\/\/www.instagram.com\/v2c.charge\/\",\"https:\/\/www.youtube.com\/@V2C\",\"https:\/\/www.linkedin.com\/company\/v2c-chargers\/\"]}]}<\/script>\n<!-- \/ Yoast SEO plugin. -->","yoast_head_json":{"title":"Platformuma nas\u0131l \u015farj noktas\u0131 ekleyebilirim? - V2C","description":"V2C Cloud uygulaman\u0131za nas\u0131l yeni bir \u015farj noktas\u0131 ekleyece\u011finizi a\u00e7\u0131kl\u0131yoruz. \u00d6rneklerle ad\u0131m ad\u0131m. V2C destek alan\u0131.","robots":{"index":"index","follow":"follow","max-snippet":"max-snippet:-1","max-image-preview":"max-image-preview:large","max-video-preview":"max-video-preview:-1"},"canonical":"https:\/\/v2charge.com\/tr\/platformuma-yukleme-noktasi-nasil-eklenir\/","og_locale":"tr_TR","og_type":"article","og_title":"Platformuma nas\u0131l \u015farj noktas\u0131 ekleyebilirim? - V2C","og_description":"V2C Cloud uygulaman\u0131za nas\u0131l yeni bir \u015farj noktas\u0131 ekleyece\u011finizi a\u00e7\u0131kl\u0131yoruz. \u00d6rneklerle ad\u0131m ad\u0131m. V2C destek alan\u0131.","og_url":"https:\/\/v2charge.com\/tr\/platformuma-yukleme-noktasi-nasil-eklenir\/","og_site_name":"V2C","article_publisher":"https:\/\/www.facebook.com\/V2C.Charge","article_modified_time":"2023-07-10T14:23:05+00:00","og_image":[{"url":"https:\/\/v2charge.com\/wp-content\/uploads\/2022\/12\/v2c-app-wifi-conectar-731x1024.jpg","type":"","width":"","height":""}],"twitter_card":"summary_large_image","twitter_site":"@V2C_Charge","twitter_misc":{"Tahmini okuma s\u00fcresi":"2 dakika"},"schema":{"@context":"https:\/\/schema.org","@graph":[{"@type":"WebPage","@id":"https:\/\/v2charge.com\/tr\/platformuma-yukleme-noktasi-nasil-eklenir\/","url":"https:\/\/v2charge.com\/tr\/platformuma-yukleme-noktasi-nasil-eklenir\/","name":"Platformuma nas\u0131l \u015farj noktas\u0131 ekleyebilirim? - V2C","isPartOf":{"@id":"https:\/\/v2charge.com\/tr\/#website"},"primaryImageOfPage":{"@id":"https:\/\/v2charge.com\/tr\/platformuma-yukleme-noktasi-nasil-eklenir\/#primaryimage"},"image":{"@id":"https:\/\/v2charge.com\/tr\/platformuma-yukleme-noktasi-nasil-eklenir\/#primaryimage"},"thumbnailUrl":"https:\/\/v2charge.com\/wp-content\/uploads\/2024\/07\/v2c-electric-chargers.jpg","datePublished":"2023-07-10T14:23:04+00:00","dateModified":"2023-07-10T14:23:05+00:00","description":"V2C Cloud uygulaman\u0131za nas\u0131l yeni bir \u015farj noktas\u0131 ekleyece\u011finizi a\u00e7\u0131kl\u0131yoruz. \u00d6rneklerle ad\u0131m ad\u0131m. V2C destek alan\u0131.","breadcrumb":{"@id":"https:\/\/v2charge.com\/tr\/platformuma-yukleme-noktasi-nasil-eklenir\/#breadcrumb"},"inLanguage":"tr","potentialAction":[{"@type":"ReadAction","target":["https:\/\/v2charge.com\/tr\/platformuma-yukleme-noktasi-nasil-eklenir\/"]}]},{"@type":"ImageObject","inLanguage":"tr","@id":"https:\/\/v2charge.com\/tr\/platformuma-yukleme-noktasi-nasil-eklenir\/#primaryimage","url":"https:\/\/v2charge.com\/wp-content\/uploads\/2024\/07\/v2c-electric-chargers.jpg","contentUrl":"https:\/\/v2charge.com\/wp-content\/uploads\/2024\/07\/v2c-electric-chargers.jpg","width":1200,"height":675,"caption":"V2C Electric Chargers"},{"@type":"BreadcrumbList","@id":"https:\/\/v2charge.com\/tr\/platformuma-yukleme-noktasi-nasil-eklenir\/#breadcrumb","itemListElement":[{"@type":"ListItem","position":1,"name":"V2C","item":"https:\/\/v2charge.com\/tr\/"},{"@type":"ListItem","position":2,"name":"Platformuma nas\u0131l bir \u015earj noktas\u0131 ekleyebilirim?"}]},{"@type":"WebSite","@id":"https:\/\/v2charge.com\/tr\/#website","url":"https:\/\/v2charge.com\/tr\/","name":"V2C","description":"#CargandoElMa\u00f1ana","publisher":{"@id":"https:\/\/v2charge.com\/tr\/#organization"},"potentialAction":[{"@type":"SearchAction","target":{"@type":"EntryPoint","urlTemplate":"https:\/\/v2charge.com\/tr\/?s={search_term_string}"},"query-input":{"@type":"PropertyValueSpecification","valueRequired":true,"valueName":"search_term_string"}}],"inLanguage":"tr"},{"@type":"Organization","@id":"https:\/\/v2charge.com\/tr\/#organization","name":"V2C","url":"https:\/\/v2charge.com\/tr\/","logo":{"@type":"ImageObject","inLanguage":"tr","@id":"https:\/\/v2charge.com\/tr\/#\/schema\/logo\/image\/","url":"https:\/\/v2charge.com\/wp-content\/uploads\/2024\/11\/cropped-v2c-charge-logo-menu.png","contentUrl":"https:\/\/v2charge.com\/wp-content\/uploads\/2024\/11\/cropped-v2c-charge-logo-menu.png","width":984,"height":431,"caption":"V2C"},"image":{"@id":"https:\/\/v2charge.com\/tr\/#\/schema\/logo\/image\/"},"sameAs":["https:\/\/www.facebook.com\/V2C.Charge","https:\/\/x.com\/V2C_Charge","https:\/\/www.instagram.com\/v2c.charge\/","https:\/\/www.youtube.com\/@V2C","https:\/\/www.linkedin.com\/company\/v2c-chargers\/"]}]}},"uagb_featured_image_src":{"full":["https:\/\/v2charge.com\/wp-content\/uploads\/2024\/07\/v2c-electric-chargers.jpg",1200,675,false],"thumbnail":["https:\/\/v2charge.com\/wp-content\/uploads\/2024\/07\/v2c-electric-chargers-150x150.jpg",150,150,true],"medium":["https:\/\/v2charge.com\/wp-content\/uploads\/2024\/07\/v2c-electric-chargers-300x169.jpg",300,169,true],"medium_large":["https:\/\/v2charge.com\/wp-content\/uploads\/2024\/07\/v2c-electric-chargers-768x432.jpg",768,432,true],"large":["https:\/\/v2charge.com\/wp-content\/uploads\/2024\/07\/v2c-electric-chargers-1024x576.jpg",1024,576,true],"gs-tiny":["https:\/\/v2charge.com\/wp-content\/uploads\/2024\/07\/v2c-electric-chargers.jpg",50,28,false],"xl":["https:\/\/v2charge.com\/wp-content\/uploads\/2024\/07\/v2c-electric-chargers.jpg",1200,675,false],"xxl":["https:\/\/v2charge.com\/wp-content\/uploads\/2024\/07\/v2c-electric-chargers.jpg",1200,675,false],"xxxl":["https:\/\/v2charge.com\/wp-content\/uploads\/2024\/07\/v2c-electric-chargers.jpg",1200,675,false],"xxxxl":["https:\/\/v2charge.com\/wp-content\/uploads\/2024\/07\/v2c-electric-chargers.jpg",1200,675,false],"xxxxxl":["https:\/\/v2charge.com\/wp-content\/uploads\/2024\/07\/v2c-electric-chargers.jpg",1200,675,false],"1536x1536":["https:\/\/v2charge.com\/wp-content\/uploads\/2024\/07\/v2c-electric-chargers.jpg",1200,675,false],"2048x2048":["https:\/\/v2charge.com\/wp-content\/uploads\/2024\/07\/v2c-electric-chargers.jpg",1200,675,false]},"uagb_author_info":{"display_name":"V2C","author_link":"https:\/\/v2charge.com\/tr\/author\/marketing\/"},"uagb_comment_info":0,"uagb_excerpt":"Platformuma nas\u0131l bir \u015earj noktas\u0131 ekleyebilirim? V2C Cloud platformunuza bir \u015farj noktas\u0131 eklemek i\u00e7in a\u015fa\u011f\u0131daki ad\u0131mlar\u0131 izleyin: Uygulaman\u0131z arac\u0131l\u0131\u011f\u0131yla Yukar\u0131da tarih ile i\u015faretlenmi\u015f y\u00fckleyici ekle d\u00fc\u011fmesine bas\u0131n. Kimlik numaras\u0131 cihaz\u0131n \u00fczerindeki etikette veya k\u0131lavuzdaki bir etikette bulunabilir. Rastgele b\u00fcy\u00fck harflerle yaz\u0131lm\u0131\u015f toplam 7 rakam ve harften olu\u015fur. \u00d6rne\u011fin ER47HBV. \u015earj noktas\u0131n\u0131n e\u015fle\u015ftirilmesi s\u0131ras\u0131nda, istatistiksel kullan\u0131m&hellip;","_links":{"self":[{"href":"https:\/\/v2charge.com\/tr\/wp-json\/wp\/v2\/pages\/109631","targetHints":{"allow":["GET"]}}],"collection":[{"href":"https:\/\/v2charge.com\/tr\/wp-json\/wp\/v2\/pages"}],"about":[{"href":"https:\/\/v2charge.com\/tr\/wp-json\/wp\/v2\/types\/page"}],"author":[{"embeddable":true,"href":"https:\/\/v2charge.com\/tr\/wp-json\/wp\/v2\/users\/400"}],"replies":[{"embeddable":true,"href":"https:\/\/v2charge.com\/tr\/wp-json\/wp\/v2\/comments?post=109631"}],"version-history":[{"count":0,"href":"https:\/\/v2charge.com\/tr\/wp-json\/wp\/v2\/pages\/109631\/revisions"}],"wp:featuredmedia":[{"embeddable":true,"href":"https:\/\/v2charge.com\/tr\/wp-json\/wp\/v2\/media\/170355"}],"wp:attachment":[{"href":"https:\/\/v2charge.com\/tr\/wp-json\/wp\/v2\/media?parent=109631"}],"curies":[{"name":"wp","href":"https:\/\/api.w.org\/{rel}","templated":true}]}}