{"id":109650,"date":"2023-07-10T14:46:44","date_gmt":"2023-07-10T14:46:44","guid":{"rendered":"https:\/\/v2charge.com\/?page_id=109650"},"modified":"2023-07-10T14:46:45","modified_gmt":"2023-07-10T14:46:45","slug":"yerel-agima-bagli-cihazlarin-ipsini-nasil-bulabilirim","status":"publish","type":"page","link":"https:\/\/v2charge.com\/tr\/yerel-agima-bagli-cihazlarin-ipsini-nasil-bulabilirim\/","title":{"rendered":"Yerel a\u011f\u0131ma ba\u011fl\u0131 cihazlar\u0131n IP&#8217;sini nas\u0131l bulabilirim?"},"content":{"rendered":"\n<p><strong>    1. Bir PC ile<\/strong><\/p>\n\n\n\n<p><a href=\"https:\/\/github.com\/angryip\/ipscan\/releases\/download\/3.9.0\/ipscan-3.9.0-setup.exe\" target=\"_blank\" rel=\"noreferrer noopener\">Angry IP <\/a>program\u0131 arac\u0131l\u0131\u011f\u0131yla (buradan indirin), t\u00fcm IP&#8217;leri tarar ve genellikle cihaz kimli\u011fine veya \u00fcreticiye g\u00f6re bulabilirsiniz.<\/p>\n\n\n<div class=\"wp-block-image\">\n<figure class=\"aligncenter size-full is-resized\"><img decoding=\"async\" src=\"https:\/\/v2charge.com\/wp-content\/uploads\/2023\/02\/angry-ip-scanner.png\" alt=\"\" class=\"wp-image-93833\" width=\"542\" height=\"316\" srcset=\"https:\/\/v2charge.com\/wp-content\/uploads\/2023\/02\/angry-ip-scanner.png 908w, https:\/\/v2charge.com\/wp-content\/uploads\/2023\/02\/angry-ip-scanner-300x175.png 300w, https:\/\/v2charge.com\/wp-content\/uploads\/2023\/02\/angry-ip-scanner-768x448.png 768w\" sizes=\"(max-width: 542px) 100vw, 542px\" \/><\/figure>\n<\/div>\n\n\n<p><strong>  2. Google Play&#8217;deki &#8220;A\u011f Ip Taray\u0131c\u0131s\u0131&#8221; uygulamas\u0131 ile<\/strong><\/p>\n\n\n\n<p>A\u011f IP Taray\u0131c\u0131 Uygulamas\u0131n\u0131 indirin ve evinizin WiFi&#8217;sine ba\u011flan\u0131n.<\/p>\n\n\n<div class=\"wp-block-image\">\n<figure class=\"aligncenter size-large is-resized\"><img decoding=\"async\" src=\"https:\/\/v2charge.com\/wp-content\/uploads\/2023\/02\/app-wifi-576x1024.webp\" alt=\"\" class=\"wp-image-92737\" width=\"280\" height=\"498\" srcset=\"https:\/\/v2charge.com\/wp-content\/uploads\/2023\/02\/app-wifi-576x1024.webp 576w, https:\/\/v2charge.com\/wp-content\/uploads\/2023\/02\/app-wifi-169x300.webp 169w, https:\/\/v2charge.com\/wp-content\/uploads\/2023\/02\/app-wifi-768x1365.webp 768w, https:\/\/v2charge.com\/wp-content\/uploads\/2023\/02\/app-wifi.webp 810w\" sizes=\"(max-width: 280px) 100vw, 280px\" \/><\/figure>\n<\/div>\n\n\n<p> 3. Iphone, MAC ve iPad&#8217;de &#8220;IP Taray\u0131c\u0131&#8221; uygulamas\u0131 ile<\/p>\n\n\n\n<p>Uygulamay\u0131 <a href=\"https:\/\/apps.apple.com\/co\/app\/ip-scanner\/id6443819966?platform=iphone\" target=\"_blank\" rel=\"noreferrer noopener nofollow\">Apple Store<\/a>&#8216;dan indirin.<\/p>\n\n\n<div class=\"wp-block-image\">\n<figure class=\"aligncenter size-full\"><img decoding=\"async\" width=\"300\" height=\"649\" src=\"https:\/\/v2charge.com\/wp-content\/uploads\/2023\/02\/300x0w.webp\" alt=\"\" class=\"wp-image-92745\" srcset=\"https:\/\/v2charge.com\/wp-content\/uploads\/2023\/02\/300x0w.webp 300w, https:\/\/v2charge.com\/wp-content\/uploads\/2023\/02\/300x0w-139x300.webp 139w\" sizes=\"(max-width: 300px) 100vw, 300px\" \/><\/figure>\n<\/div>\n\n\n<p><strong>4. <\/strong>Y\u00f6nlendirici arac\u0131l\u0131\u011f\u0131yla<\/p>\n\n\n\n<p>Piyasadaki \u00e7o\u011fu y\u00f6nlendirici hem kablolu hem de kablosuz cihazlar\u0131n listesini sa\u011flar. \u015eirketiniz taraf\u0131ndan size verilen IP adresi, kullan\u0131c\u0131 ad\u0131 ve \u015fifre ile a\u011f ge\u00e7idine eri\u015fin.<\/p>\n","protected":false},"excerpt":{"rendered":"<p>1. Bir PC ile Angry IP program\u0131 arac\u0131l\u0131\u011f\u0131yla (buradan indirin), t\u00fcm IP&#8217;leri tarar ve genellikle cihaz kimli\u011fine veya \u00fcreticiye g\u00f6re bulabilirsiniz. 2. Google Play&#8217;deki &#8220;A\u011f Ip Taray\u0131c\u0131s\u0131&#8221; uygulamas\u0131 ile A\u011f IP Taray\u0131c\u0131 Uygulamas\u0131n\u0131 indirin ve evinizin WiFi&#8217;sine ba\u011flan\u0131n. 3. Iphone, MAC ve iPad&#8217;de &#8220;IP Taray\u0131c\u0131&#8221; uygulamas\u0131 ile Uygulamay\u0131 Apple Store&#8216;dan indirin. 4. Y\u00f6nlendirici arac\u0131l\u0131\u011f\u0131yla Piyasadaki &#8230; <a title=\"Yerel a\u011f\u0131ma ba\u011fl\u0131 cihazlar\u0131n IP&#8217;sini nas\u0131l bulabilirim?\" class=\"read-more\" href=\"https:\/\/v2charge.com\/tr\/yerel-agima-bagli-cihazlarin-ipsini-nasil-bulabilirim\/\" aria-label=\"Read more about Yerel a\u011f\u0131ma ba\u011fl\u0131 cihazlar\u0131n IP&#8217;sini nas\u0131l bulabilirim?\">Devam\u0131n\u0131 oku<\/a><\/p>\n","protected":false},"author":400,"featured_media":0,"parent":0,"menu_order":0,"comment_status":"closed","ping_status":"closed","template":"","meta":{"_eb_attr":"","content-type":"","_uag_custom_page_level_css":"","footnotes":""},"class_list":["post-109650","page","type-page","status-publish"],"yoast_head":"<!-- This site is optimized with the Yoast SEO plugin v25.3.1 - https:\/\/yoast.com\/wordpress\/plugins\/seo\/ -->\n<title>Yerel a\u011f\u0131ma ba\u011fl\u0131 cihazlar\u0131n IP&#039;sini nas\u0131l bulabilirim? - V2C<\/title>\n<meta name=\"description\" content=\"Yerel a\u011f\u0131n\u0131za ba\u011fl\u0131 cihazlar\u0131n IP&#039;sini farkl\u0131 yollarla nas\u0131l bulaca\u011f\u0131n\u0131z\u0131 anlat\u0131yoruz. V2C Destek Alan\u0131.\" \/>\n<meta name=\"robots\" content=\"index, follow, max-snippet:-1, max-image-preview:large, max-video-preview:-1\" \/>\n<link rel=\"canonical\" href=\"https:\/\/v2charge.com\/tr\/yerel-agima-bagli-cihazlarin-ipsini-nasil-bulabilirim\/\" \/>\n<meta property=\"og:locale\" content=\"tr_TR\" \/>\n<meta property=\"og:type\" content=\"article\" \/>\n<meta property=\"og:title\" content=\"Yerel a\u011f\u0131ma ba\u011fl\u0131 cihazlar\u0131n IP&#039;sini nas\u0131l bulabilirim? - V2C\" \/>\n<meta property=\"og:description\" content=\"Yerel a\u011f\u0131n\u0131za ba\u011fl\u0131 cihazlar\u0131n IP&#039;sini farkl\u0131 yollarla nas\u0131l bulaca\u011f\u0131n\u0131z\u0131 anlat\u0131yoruz. V2C Destek Alan\u0131.\" \/>\n<meta property=\"og:url\" content=\"https:\/\/v2charge.com\/tr\/yerel-agima-bagli-cihazlarin-ipsini-nasil-bulabilirim\/\" \/>\n<meta property=\"og:site_name\" content=\"V2C\" \/>\n<meta property=\"article:publisher\" content=\"https:\/\/www.facebook.com\/V2C.Charge\" \/>\n<meta property=\"article:modified_time\" content=\"2023-07-10T14:46:45+00:00\" \/>\n<meta property=\"og:image\" content=\"https:\/\/v2charge.com\/wp-content\/uploads\/2023\/02\/angry-ip-scanner.png\" \/>\n<meta name=\"twitter:card\" content=\"summary_large_image\" \/>\n<meta name=\"twitter:site\" content=\"@V2C_Charge\" \/>\n<meta name=\"twitter:label1\" content=\"Tahmini okuma s\u00fcresi\" \/>\n\t<meta name=\"twitter:data1\" content=\"1 dakika\" \/>\n<script type=\"application\/ld+json\" class=\"yoast-schema-graph\">{\"@context\":\"https:\/\/schema.org\",\"@graph\":[{\"@type\":\"WebPage\",\"@id\":\"https:\/\/v2charge.com\/tr\/yerel-agima-bagli-cihazlarin-ipsini-nasil-bulabilirim\/\",\"url\":\"https:\/\/v2charge.com\/tr\/yerel-agima-bagli-cihazlarin-ipsini-nasil-bulabilirim\/\",\"name\":\"Yerel a\u011f\u0131ma ba\u011fl\u0131 cihazlar\u0131n IP'sini nas\u0131l bulabilirim? - V2C\",\"isPartOf\":{\"@id\":\"https:\/\/v2charge.com\/tr\/#website\"},\"primaryImageOfPage\":{\"@id\":\"https:\/\/v2charge.com\/tr\/yerel-agima-bagli-cihazlarin-ipsini-nasil-bulabilirim\/#primaryimage\"},\"image\":{\"@id\":\"https:\/\/v2charge.com\/tr\/yerel-agima-bagli-cihazlarin-ipsini-nasil-bulabilirim\/#primaryimage\"},\"thumbnailUrl\":\"https:\/\/v2charge.com\/wp-content\/uploads\/2023\/02\/angry-ip-scanner.png\",\"datePublished\":\"2023-07-10T14:46:44+00:00\",\"dateModified\":\"2023-07-10T14:46:45+00:00\",\"description\":\"Yerel a\u011f\u0131n\u0131za ba\u011fl\u0131 cihazlar\u0131n IP'sini farkl\u0131 yollarla nas\u0131l bulaca\u011f\u0131n\u0131z\u0131 anlat\u0131yoruz. V2C Destek Alan\u0131.\",\"breadcrumb\":{\"@id\":\"https:\/\/v2charge.com\/tr\/yerel-agima-bagli-cihazlarin-ipsini-nasil-bulabilirim\/#breadcrumb\"},\"inLanguage\":\"tr\",\"potentialAction\":[{\"@type\":\"ReadAction\",\"target\":[\"https:\/\/v2charge.com\/tr\/yerel-agima-bagli-cihazlarin-ipsini-nasil-bulabilirim\/\"]}]},{\"@type\":\"ImageObject\",\"inLanguage\":\"tr\",\"@id\":\"https:\/\/v2charge.com\/tr\/yerel-agima-bagli-cihazlarin-ipsini-nasil-bulabilirim\/#primaryimage\",\"url\":\"https:\/\/v2charge.com\/wp-content\/uploads\/2023\/02\/angry-ip-scanner.png\",\"contentUrl\":\"https:\/\/v2charge.com\/wp-content\/uploads\/2023\/02\/angry-ip-scanner.png\"},{\"@type\":\"BreadcrumbList\",\"@id\":\"https:\/\/v2charge.com\/tr\/yerel-agima-bagli-cihazlarin-ipsini-nasil-bulabilirim\/#breadcrumb\",\"itemListElement\":[{\"@type\":\"ListItem\",\"position\":1,\"name\":\"V2C\",\"item\":\"https:\/\/v2charge.com\/tr\/\"},{\"@type\":\"ListItem\",\"position\":2,\"name\":\"Yerel a\u011f\u0131ma ba\u011fl\u0131 cihazlar\u0131n IP&#8217;sini nas\u0131l bulabilirim?\"}]},{\"@type\":\"WebSite\",\"@id\":\"https:\/\/v2charge.com\/tr\/#website\",\"url\":\"https:\/\/v2charge.com\/tr\/\",\"name\":\"V2C\",\"description\":\"#CargandoElMa\u00f1ana\",\"publisher\":{\"@id\":\"https:\/\/v2charge.com\/tr\/#organization\"},\"potentialAction\":[{\"@type\":\"SearchAction\",\"target\":{\"@type\":\"EntryPoint\",\"urlTemplate\":\"https:\/\/v2charge.com\/tr\/?s={search_term_string}\"},\"query-input\":{\"@type\":\"PropertyValueSpecification\",\"valueRequired\":true,\"valueName\":\"search_term_string\"}}],\"inLanguage\":\"tr\"},{\"@type\":\"Organization\",\"@id\":\"https:\/\/v2charge.com\/tr\/#organization\",\"name\":\"V2C\",\"url\":\"https:\/\/v2charge.com\/tr\/\",\"logo\":{\"@type\":\"ImageObject\",\"inLanguage\":\"tr\",\"@id\":\"https:\/\/v2charge.com\/tr\/#\/schema\/logo\/image\/\",\"url\":\"https:\/\/v2charge.com\/wp-content\/uploads\/2024\/11\/cropped-v2c-charge-logo-menu.png\",\"contentUrl\":\"https:\/\/v2charge.com\/wp-content\/uploads\/2024\/11\/cropped-v2c-charge-logo-menu.png\",\"width\":984,\"height\":431,\"caption\":\"V2C\"},\"image\":{\"@id\":\"https:\/\/v2charge.com\/tr\/#\/schema\/logo\/image\/\"},\"sameAs\":[\"https:\/\/www.facebook.com\/V2C.Charge\",\"https:\/\/x.com\/V2C_Charge\",\"https:\/\/www.instagram.com\/v2c.charge\/\",\"https:\/\/www.youtube.com\/@V2C\",\"https:\/\/www.linkedin.com\/company\/v2c-chargers\/\"]}]}<\/script>\n<!-- \/ Yoast SEO plugin. -->","yoast_head_json":{"title":"Yerel a\u011f\u0131ma ba\u011fl\u0131 cihazlar\u0131n IP'sini nas\u0131l bulabilirim? - V2C","description":"Yerel a\u011f\u0131n\u0131za ba\u011fl\u0131 cihazlar\u0131n IP'sini farkl\u0131 yollarla nas\u0131l bulaca\u011f\u0131n\u0131z\u0131 anlat\u0131yoruz. V2C Destek Alan\u0131.","robots":{"index":"index","follow":"follow","max-snippet":"max-snippet:-1","max-image-preview":"max-image-preview:large","max-video-preview":"max-video-preview:-1"},"canonical":"https:\/\/v2charge.com\/tr\/yerel-agima-bagli-cihazlarin-ipsini-nasil-bulabilirim\/","og_locale":"tr_TR","og_type":"article","og_title":"Yerel a\u011f\u0131ma ba\u011fl\u0131 cihazlar\u0131n IP'sini nas\u0131l bulabilirim? - V2C","og_description":"Yerel a\u011f\u0131n\u0131za ba\u011fl\u0131 cihazlar\u0131n IP'sini farkl\u0131 yollarla nas\u0131l bulaca\u011f\u0131n\u0131z\u0131 anlat\u0131yoruz. V2C Destek Alan\u0131.","og_url":"https:\/\/v2charge.com\/tr\/yerel-agima-bagli-cihazlarin-ipsini-nasil-bulabilirim\/","og_site_name":"V2C","article_publisher":"https:\/\/www.facebook.com\/V2C.Charge","article_modified_time":"2023-07-10T14:46:45+00:00","og_image":[{"url":"https:\/\/v2charge.com\/wp-content\/uploads\/2023\/02\/angry-ip-scanner.png","type":"","width":"","height":""}],"twitter_card":"summary_large_image","twitter_site":"@V2C_Charge","twitter_misc":{"Tahmini okuma s\u00fcresi":"1 dakika"},"schema":{"@context":"https:\/\/schema.org","@graph":[{"@type":"WebPage","@id":"https:\/\/v2charge.com\/tr\/yerel-agima-bagli-cihazlarin-ipsini-nasil-bulabilirim\/","url":"https:\/\/v2charge.com\/tr\/yerel-agima-bagli-cihazlarin-ipsini-nasil-bulabilirim\/","name":"Yerel a\u011f\u0131ma ba\u011fl\u0131 cihazlar\u0131n IP'sini nas\u0131l bulabilirim? - V2C","isPartOf":{"@id":"https:\/\/v2charge.com\/tr\/#website"},"primaryImageOfPage":{"@id":"https:\/\/v2charge.com\/tr\/yerel-agima-bagli-cihazlarin-ipsini-nasil-bulabilirim\/#primaryimage"},"image":{"@id":"https:\/\/v2charge.com\/tr\/yerel-agima-bagli-cihazlarin-ipsini-nasil-bulabilirim\/#primaryimage"},"thumbnailUrl":"https:\/\/v2charge.com\/wp-content\/uploads\/2023\/02\/angry-ip-scanner.png","datePublished":"2023-07-10T14:46:44+00:00","dateModified":"2023-07-10T14:46:45+00:00","description":"Yerel a\u011f\u0131n\u0131za ba\u011fl\u0131 cihazlar\u0131n IP'sini farkl\u0131 yollarla nas\u0131l bulaca\u011f\u0131n\u0131z\u0131 anlat\u0131yoruz. V2C Destek Alan\u0131.","breadcrumb":{"@id":"https:\/\/v2charge.com\/tr\/yerel-agima-bagli-cihazlarin-ipsini-nasil-bulabilirim\/#breadcrumb"},"inLanguage":"tr","potentialAction":[{"@type":"ReadAction","target":["https:\/\/v2charge.com\/tr\/yerel-agima-bagli-cihazlarin-ipsini-nasil-bulabilirim\/"]}]},{"@type":"ImageObject","inLanguage":"tr","@id":"https:\/\/v2charge.com\/tr\/yerel-agima-bagli-cihazlarin-ipsini-nasil-bulabilirim\/#primaryimage","url":"https:\/\/v2charge.com\/wp-content\/uploads\/2023\/02\/angry-ip-scanner.png","contentUrl":"https:\/\/v2charge.com\/wp-content\/uploads\/2023\/02\/angry-ip-scanner.png"},{"@type":"BreadcrumbList","@id":"https:\/\/v2charge.com\/tr\/yerel-agima-bagli-cihazlarin-ipsini-nasil-bulabilirim\/#breadcrumb","itemListElement":[{"@type":"ListItem","position":1,"name":"V2C","item":"https:\/\/v2charge.com\/tr\/"},{"@type":"ListItem","position":2,"name":"Yerel a\u011f\u0131ma ba\u011fl\u0131 cihazlar\u0131n IP&#8217;sini nas\u0131l bulabilirim?"}]},{"@type":"WebSite","@id":"https:\/\/v2charge.com\/tr\/#website","url":"https:\/\/v2charge.com\/tr\/","name":"V2C","description":"#CargandoElMa\u00f1ana","publisher":{"@id":"https:\/\/v2charge.com\/tr\/#organization"},"potentialAction":[{"@type":"SearchAction","target":{"@type":"EntryPoint","urlTemplate":"https:\/\/v2charge.com\/tr\/?s={search_term_string}"},"query-input":{"@type":"PropertyValueSpecification","valueRequired":true,"valueName":"search_term_string"}}],"inLanguage":"tr"},{"@type":"Organization","@id":"https:\/\/v2charge.com\/tr\/#organization","name":"V2C","url":"https:\/\/v2charge.com\/tr\/","logo":{"@type":"ImageObject","inLanguage":"tr","@id":"https:\/\/v2charge.com\/tr\/#\/schema\/logo\/image\/","url":"https:\/\/v2charge.com\/wp-content\/uploads\/2024\/11\/cropped-v2c-charge-logo-menu.png","contentUrl":"https:\/\/v2charge.com\/wp-content\/uploads\/2024\/11\/cropped-v2c-charge-logo-menu.png","width":984,"height":431,"caption":"V2C"},"image":{"@id":"https:\/\/v2charge.com\/tr\/#\/schema\/logo\/image\/"},"sameAs":["https:\/\/www.facebook.com\/V2C.Charge","https:\/\/x.com\/V2C_Charge","https:\/\/www.instagram.com\/v2c.charge\/","https:\/\/www.youtube.com\/@V2C","https:\/\/www.linkedin.com\/company\/v2c-chargers\/"]}]}},"uagb_featured_image_src":{"full":false,"thumbnail":false,"medium":false,"medium_large":false,"large":false,"gs-tiny":false,"xl":false,"xxl":false,"xxxl":false,"xxxxl":false,"xxxxxl":false,"1536x1536":false,"2048x2048":false},"uagb_author_info":{"display_name":"V2C","author_link":"https:\/\/v2charge.com\/tr\/author\/marketing\/"},"uagb_comment_info":0,"uagb_excerpt":"1. Bir PC ile Angry IP program\u0131 arac\u0131l\u0131\u011f\u0131yla (buradan indirin), t\u00fcm IP&#8217;leri tarar ve genellikle cihaz kimli\u011fine veya \u00fcreticiye g\u00f6re bulabilirsiniz. 2. Google Play&#8217;deki &#8220;A\u011f Ip Taray\u0131c\u0131s\u0131&#8221; uygulamas\u0131 ile A\u011f IP Taray\u0131c\u0131 Uygulamas\u0131n\u0131 indirin ve evinizin WiFi&#8217;sine ba\u011flan\u0131n. 3. Iphone, MAC ve iPad&#8217;de &#8220;IP Taray\u0131c\u0131&#8221; uygulamas\u0131 ile Uygulamay\u0131 Apple Store&#8216;dan indirin. 4. Y\u00f6nlendirici arac\u0131l\u0131\u011f\u0131yla Piyasadaki&hellip;","_links":{"self":[{"href":"https:\/\/v2charge.com\/tr\/wp-json\/wp\/v2\/pages\/109650","targetHints":{"allow":["GET"]}}],"collection":[{"href":"https:\/\/v2charge.com\/tr\/wp-json\/wp\/v2\/pages"}],"about":[{"href":"https:\/\/v2charge.com\/tr\/wp-json\/wp\/v2\/types\/page"}],"author":[{"embeddable":true,"href":"https:\/\/v2charge.com\/tr\/wp-json\/wp\/v2\/users\/400"}],"replies":[{"embeddable":true,"href":"https:\/\/v2charge.com\/tr\/wp-json\/wp\/v2\/comments?post=109650"}],"version-history":[{"count":0,"href":"https:\/\/v2charge.com\/tr\/wp-json\/wp\/v2\/pages\/109650\/revisions"}],"wp:attachment":[{"href":"https:\/\/v2charge.com\/tr\/wp-json\/wp\/v2\/media?parent=109650"}],"curies":[{"name":"wp","href":"https:\/\/api.w.org\/{rel}","templated":true}]}}