{"id":109715,"date":"2023-07-11T06:44:27","date_gmt":"2023-07-11T06:44:27","guid":{"rendered":"https:\/\/v2charge.com\/?page_id=109715"},"modified":"2023-07-11T06:44:28","modified_gmt":"2023-07-11T06:44:28","slug":"v2c-cloud-hesabi-nasil-olusturulur","status":"publish","type":"page","link":"https:\/\/v2charge.com\/tr\/v2c-cloud-hesabi-nasil-olusturulur\/","title":{"rendered":"V2C Cloud hesab\u0131 nas\u0131l olu\u015fturulur?"},"content":{"rendered":"\n<div style=\"height:60px\" aria-hidden=\"true\" class=\"wp-block-spacer\"><\/div>\n\n\n\n<h1 class=\"wp-block-heading\">V2C Cloud hesab\u0131 nas\u0131l olu\u015fturulur?<\/h1>\n\n\n\n<h3 class=\"wp-block-heading\">Uygulama arac\u0131l\u0131\u011f\u0131yla<\/h3>\n\n\n\n<p>Uygulamay\u0131 <a href=\"https:\/\/v2charge.com\/v2c-cloud\/\">uygulama ma\u011fazan\u0131zdan indirin<\/a>. \u0130ndirdikten sonra bu web sayfas\u0131na ula\u015facaks\u0131n\u0131z.<\/p>\n\n\n\n<figure><img decoding=\"async\" src=\"https:\/\/v2charge.com\/wp-content\/uploads\/2022\/12\/v2c-app-inicio-sesio\u0301n-731x1024.jpg\" alt=\"V2C APP Inicio de sesi\u00f3n\" width=\"366\" height=\"512\"\/><\/figure>\n\n\n\n<p>Eri\u015fim \u015eekilleri:<\/p>\n\n\n\n<ul class=\"wp-block-list\"><li>E-posta adresiniz ile<\/li><li>Google hesab\u0131n\u0131zla<\/li><li>Apple hesab\u0131n\u0131zla (yaln\u0131zca iphone kullan\u0131c\u0131lar\u0131 i\u00e7in mevcuttur)<\/li><\/ul>\n\n\n\n<p>Google veya Apple hesab\u0131n\u0131z\u0131 olu\u015fturmak i\u00e7in d\u00fc\u011fmeye t\u0131klay\u0131n ve y\u00f6nergeleri izleyin.<\/p>\n\n\n\n<p>E-posta adresinizle hesab\u0131n\u0131z\u0131 olu\u015fturmak i\u00e7in Buraya Kaydolun d\u00fc\u011fmesine t\u0131klay\u0131n:<\/p>\n\n\n\n<p>L\u00fctfen a\u015fa\u011f\u0131daki bilgileri doldurunuz:<\/p>\n\n\n\n<figure><img decoding=\"async\" src=\"https:\/\/v2charge.com\/wp-content\/uploads\/2022\/12\/v2c-app-registro-731x1024.jpg\" alt=\"V2C App Registro\" width=\"366\" height=\"512\"\/><\/figure>\n\n\n\n<p>Kay\u0131t olduktan sonra bir onay e-postas\u0131 alacaks\u0131n\u0131z. Almazsan\u0131z l\u00fctfen spam klas\u00f6r\u00fcn\u00fcz\u00fc kontrol edin. E-postay\u0131 onaylamadan giri\u015f yapamazs\u0131n\u0131z. Zaten kullan\u0131lm\u0131\u015f olan bu e-postay\u0131 kaydedemiyorsan\u0131z, \u015fifre kurtarma i\u015flevini kullan\u0131n.<\/p>\n\n\n\n<blockquote class=\"wp-block-quote is-layout-flow wp-block-quote-is-layout-flow\"><p>\u0130nternet ba\u011flant\u0131s\u0131 olmadan bir hesap olu\u015fturmak m\u00fcmk\u00fcn de\u011fildir.<\/p><\/blockquote>\n\n\n\n<h3 class=\"wp-block-heading\">Bilgisayar arac\u0131l\u0131\u011f\u0131yla<\/h3>\n\n\n\n<p>Web sitesini ziyaret edin <a href=\"https:\/\/v2c.cloud\/\" title=\"v2c cloud2>www.v2c.cloud<\/a><\/p>\n\n\n\n<figure><img decoding=\"async\" src=\"https:\/\/v2charge.com\/wp-content\/uploads\/2021\/12\/Captura_imac2013_front-1024x1024.png\" alt=\"\" width=\"768\" height=\"768\"\/><\/figure>\n\n\n\n<p>Mobil versiyonda oldu\u011fu gibi Google, Apple ID veya e-posta ile giri\u015f yapabilirsiniz. Bir e-posta hesab\u0131 olu\u015fturmak i\u00e7in kay\u0131t b\u00f6l\u00fcm\u00fcne gidin ve bunun gibi bir web sitesine y\u00f6nlendirileceksiniz:<\/p>\n\n\n\n<figure><img decoding=\"async\" src=\"https:\/\/v2charge.com\/wp-content\/uploads\/2021\/12\/ordenador-v2c-cloud-crear-cuenta-1024x1024.png\" alt=\"punto de recarga acceso login cloud v2c\" width=\"768\" height=\"768\"\/><\/figure>\n\n\n\n<p>Hesab\u0131 olu\u015fturun ve hesab\u0131n\u0131z\u0131 onaylaman\u0131z i\u00e7in size bir e-posta g\u00f6nderilecektir.<\/p>\n\n\n\n<div style=\"height:60px\" aria-hidden=\"true\" class=\"wp-block-spacer\"><\/div>\n","protected":false},"excerpt":{"rendered":"<p>V2C Cloud hesab\u0131 nas\u0131l olu\u015fturulur? Uygulama arac\u0131l\u0131\u011f\u0131yla Uygulamay\u0131 uygulama ma\u011fazan\u0131zdan indirin. \u0130ndirdikten sonra bu web sayfas\u0131na ula\u015facaks\u0131n\u0131z. Eri\u015fim \u015eekilleri: E-posta adresiniz ile Google hesab\u0131n\u0131zla Apple hesab\u0131n\u0131zla (yaln\u0131zca iphone kullan\u0131c\u0131lar\u0131 i\u00e7in mevcuttur) Google veya Apple hesab\u0131n\u0131z\u0131 olu\u015fturmak i\u00e7in d\u00fc\u011fmeye t\u0131klay\u0131n ve y\u00f6nergeleri izleyin. E-posta adresinizle hesab\u0131n\u0131z\u0131 olu\u015fturmak i\u00e7in Buraya Kaydolun d\u00fc\u011fmesine t\u0131klay\u0131n: L\u00fctfen a\u015fa\u011f\u0131daki bilgileri doldurunuz: &#8230; <a title=\"V2C Cloud hesab\u0131 nas\u0131l olu\u015fturulur?\" class=\"read-more\" href=\"https:\/\/v2charge.com\/tr\/v2c-cloud-hesabi-nasil-olusturulur\/\" aria-label=\"Read more about V2C Cloud hesab\u0131 nas\u0131l olu\u015fturulur?\">Devam\u0131n\u0131 oku<\/a><\/p>\n","protected":false},"author":400,"featured_media":170355,"parent":0,"menu_order":0,"comment_status":"closed","ping_status":"closed","template":"","meta":{"_eb_attr":"","content-type":"","_uag_custom_page_level_css":"","footnotes":""},"class_list":["post-109715","page","type-page","status-publish","has-post-thumbnail"],"yoast_head":"<!-- This site is optimized with the Yoast SEO plugin v25.3.1 - https:\/\/yoast.com\/wordpress\/plugins\/seo\/ -->\n<title>V2C Cloud, V2C Uygulamas\u0131 \u00fczerinde nas\u0131l hesap olu\u015fturulur?<\/title>\n<meta name=\"description\" content=\"Bir V2C Cloud hesab\u0131 olu\u015fturun ve elektrikli \u015farj cihaz\u0131n\u0131z\u0131 y\u00f6netin. Ad\u0131m ad\u0131m nas\u0131l yap\u0131laca\u011f\u0131n\u0131 a\u00e7\u0131kl\u0131yoruz.\" \/>\n<meta name=\"robots\" content=\"index, follow, max-snippet:-1, max-image-preview:large, max-video-preview:-1\" \/>\n<link rel=\"canonical\" href=\"https:\/\/v2charge.com\/tr\/v2c-cloud-hesabi-nasil-olusturulur\/\" \/>\n<meta property=\"og:locale\" content=\"tr_TR\" \/>\n<meta property=\"og:type\" content=\"article\" \/>\n<meta property=\"og:title\" content=\"V2C Cloud, V2C Uygulamas\u0131 \u00fczerinde nas\u0131l hesap olu\u015fturulur?\" \/>\n<meta property=\"og:description\" content=\"Bir V2C Cloud hesab\u0131 olu\u015fturun ve elektrikli \u015farj cihaz\u0131n\u0131z\u0131 y\u00f6netin. Ad\u0131m ad\u0131m nas\u0131l yap\u0131laca\u011f\u0131n\u0131 a\u00e7\u0131kl\u0131yoruz.\" \/>\n<meta property=\"og:url\" content=\"https:\/\/v2charge.com\/tr\/v2c-cloud-hesabi-nasil-olusturulur\/\" \/>\n<meta property=\"og:site_name\" content=\"V2C\" \/>\n<meta property=\"article:publisher\" content=\"https:\/\/www.facebook.com\/V2C.Charge\" \/>\n<meta property=\"article:modified_time\" content=\"2023-07-11T06:44:28+00:00\" \/>\n<meta property=\"og:image\" content=\"https:\/\/v2charge.com\/wp-content\/uploads\/2022\/12\/v2c-app-registro-731x1024.jpg\" \/>\n<meta name=\"twitter:card\" content=\"summary_large_image\" \/>\n<meta name=\"twitter:site\" content=\"@V2C_Charge\" \/>\n<meta name=\"twitter:label1\" content=\"Tahmini okuma s\u00fcresi\" \/>\n\t<meta name=\"twitter:data1\" content=\"2 dakika\" \/>\n<script type=\"application\/ld+json\" class=\"yoast-schema-graph\">{\"@context\":\"https:\/\/schema.org\",\"@graph\":[{\"@type\":\"WebPage\",\"@id\":\"https:\/\/v2charge.com\/tr\/v2c-cloud-hesabi-nasil-olusturulur\/\",\"url\":\"https:\/\/v2charge.com\/tr\/v2c-cloud-hesabi-nasil-olusturulur\/\",\"name\":\"V2C Cloud, V2C Uygulamas\u0131 \u00fczerinde nas\u0131l hesap olu\u015fturulur?\",\"isPartOf\":{\"@id\":\"https:\/\/v2charge.com\/tr\/#website\"},\"primaryImageOfPage\":{\"@id\":\"https:\/\/v2charge.com\/tr\/v2c-cloud-hesabi-nasil-olusturulur\/#primaryimage\"},\"image\":{\"@id\":\"https:\/\/v2charge.com\/tr\/v2c-cloud-hesabi-nasil-olusturulur\/#primaryimage\"},\"thumbnailUrl\":\"https:\/\/v2charge.com\/wp-content\/uploads\/2024\/07\/v2c-electric-chargers.jpg\",\"datePublished\":\"2023-07-11T06:44:27+00:00\",\"dateModified\":\"2023-07-11T06:44:28+00:00\",\"description\":\"Bir V2C Cloud hesab\u0131 olu\u015fturun ve elektrikli \u015farj cihaz\u0131n\u0131z\u0131 y\u00f6netin. Ad\u0131m ad\u0131m nas\u0131l yap\u0131laca\u011f\u0131n\u0131 a\u00e7\u0131kl\u0131yoruz.\",\"breadcrumb\":{\"@id\":\"https:\/\/v2charge.com\/tr\/v2c-cloud-hesabi-nasil-olusturulur\/#breadcrumb\"},\"inLanguage\":\"tr\",\"potentialAction\":[{\"@type\":\"ReadAction\",\"target\":[\"https:\/\/v2charge.com\/tr\/v2c-cloud-hesabi-nasil-olusturulur\/\"]}]},{\"@type\":\"ImageObject\",\"inLanguage\":\"tr\",\"@id\":\"https:\/\/v2charge.com\/tr\/v2c-cloud-hesabi-nasil-olusturulur\/#primaryimage\",\"url\":\"https:\/\/v2charge.com\/wp-content\/uploads\/2024\/07\/v2c-electric-chargers.jpg\",\"contentUrl\":\"https:\/\/v2charge.com\/wp-content\/uploads\/2024\/07\/v2c-electric-chargers.jpg\",\"width\":1200,\"height\":675,\"caption\":\"V2C Electric Chargers\"},{\"@type\":\"BreadcrumbList\",\"@id\":\"https:\/\/v2charge.com\/tr\/v2c-cloud-hesabi-nasil-olusturulur\/#breadcrumb\",\"itemListElement\":[{\"@type\":\"ListItem\",\"position\":1,\"name\":\"V2C\",\"item\":\"https:\/\/v2charge.com\/tr\/\"},{\"@type\":\"ListItem\",\"position\":2,\"name\":\"V2C Cloud hesab\u0131 nas\u0131l olu\u015fturulur?\"}]},{\"@type\":\"WebSite\",\"@id\":\"https:\/\/v2charge.com\/tr\/#website\",\"url\":\"https:\/\/v2charge.com\/tr\/\",\"name\":\"V2C\",\"description\":\"#CargandoElMa\u00f1ana\",\"publisher\":{\"@id\":\"https:\/\/v2charge.com\/tr\/#organization\"},\"potentialAction\":[{\"@type\":\"SearchAction\",\"target\":{\"@type\":\"EntryPoint\",\"urlTemplate\":\"https:\/\/v2charge.com\/tr\/?s={search_term_string}\"},\"query-input\":{\"@type\":\"PropertyValueSpecification\",\"valueRequired\":true,\"valueName\":\"search_term_string\"}}],\"inLanguage\":\"tr\"},{\"@type\":\"Organization\",\"@id\":\"https:\/\/v2charge.com\/tr\/#organization\",\"name\":\"V2C\",\"url\":\"https:\/\/v2charge.com\/tr\/\",\"logo\":{\"@type\":\"ImageObject\",\"inLanguage\":\"tr\",\"@id\":\"https:\/\/v2charge.com\/tr\/#\/schema\/logo\/image\/\",\"url\":\"https:\/\/v2charge.com\/wp-content\/uploads\/2024\/11\/cropped-v2c-charge-logo-menu.png\",\"contentUrl\":\"https:\/\/v2charge.com\/wp-content\/uploads\/2024\/11\/cropped-v2c-charge-logo-menu.png\",\"width\":984,\"height\":431,\"caption\":\"V2C\"},\"image\":{\"@id\":\"https:\/\/v2charge.com\/tr\/#\/schema\/logo\/image\/\"},\"sameAs\":[\"https:\/\/www.facebook.com\/V2C.Charge\",\"https:\/\/x.com\/V2C_Charge\",\"https:\/\/www.instagram.com\/v2c.charge\/\",\"https:\/\/www.youtube.com\/@V2C\",\"https:\/\/www.linkedin.com\/company\/v2c-chargers\/\"]}]}<\/script>\n<!-- \/ Yoast SEO plugin. -->","yoast_head_json":{"title":"V2C Cloud, V2C Uygulamas\u0131 \u00fczerinde nas\u0131l hesap olu\u015fturulur?","description":"Bir V2C Cloud hesab\u0131 olu\u015fturun ve elektrikli \u015farj cihaz\u0131n\u0131z\u0131 y\u00f6netin. Ad\u0131m ad\u0131m nas\u0131l yap\u0131laca\u011f\u0131n\u0131 a\u00e7\u0131kl\u0131yoruz.","robots":{"index":"index","follow":"follow","max-snippet":"max-snippet:-1","max-image-preview":"max-image-preview:large","max-video-preview":"max-video-preview:-1"},"canonical":"https:\/\/v2charge.com\/tr\/v2c-cloud-hesabi-nasil-olusturulur\/","og_locale":"tr_TR","og_type":"article","og_title":"V2C Cloud, V2C Uygulamas\u0131 \u00fczerinde nas\u0131l hesap olu\u015fturulur?","og_description":"Bir V2C Cloud hesab\u0131 olu\u015fturun ve elektrikli \u015farj cihaz\u0131n\u0131z\u0131 y\u00f6netin. Ad\u0131m ad\u0131m nas\u0131l yap\u0131laca\u011f\u0131n\u0131 a\u00e7\u0131kl\u0131yoruz.","og_url":"https:\/\/v2charge.com\/tr\/v2c-cloud-hesabi-nasil-olusturulur\/","og_site_name":"V2C","article_publisher":"https:\/\/www.facebook.com\/V2C.Charge","article_modified_time":"2023-07-11T06:44:28+00:00","og_image":[{"url":"https:\/\/v2charge.com\/wp-content\/uploads\/2022\/12\/v2c-app-registro-731x1024.jpg","type":"","width":"","height":""}],"twitter_card":"summary_large_image","twitter_site":"@V2C_Charge","twitter_misc":{"Tahmini okuma s\u00fcresi":"2 dakika"},"schema":{"@context":"https:\/\/schema.org","@graph":[{"@type":"WebPage","@id":"https:\/\/v2charge.com\/tr\/v2c-cloud-hesabi-nasil-olusturulur\/","url":"https:\/\/v2charge.com\/tr\/v2c-cloud-hesabi-nasil-olusturulur\/","name":"V2C Cloud, V2C Uygulamas\u0131 \u00fczerinde nas\u0131l hesap olu\u015fturulur?","isPartOf":{"@id":"https:\/\/v2charge.com\/tr\/#website"},"primaryImageOfPage":{"@id":"https:\/\/v2charge.com\/tr\/v2c-cloud-hesabi-nasil-olusturulur\/#primaryimage"},"image":{"@id":"https:\/\/v2charge.com\/tr\/v2c-cloud-hesabi-nasil-olusturulur\/#primaryimage"},"thumbnailUrl":"https:\/\/v2charge.com\/wp-content\/uploads\/2024\/07\/v2c-electric-chargers.jpg","datePublished":"2023-07-11T06:44:27+00:00","dateModified":"2023-07-11T06:44:28+00:00","description":"Bir V2C Cloud hesab\u0131 olu\u015fturun ve elektrikli \u015farj cihaz\u0131n\u0131z\u0131 y\u00f6netin. Ad\u0131m ad\u0131m nas\u0131l yap\u0131laca\u011f\u0131n\u0131 a\u00e7\u0131kl\u0131yoruz.","breadcrumb":{"@id":"https:\/\/v2charge.com\/tr\/v2c-cloud-hesabi-nasil-olusturulur\/#breadcrumb"},"inLanguage":"tr","potentialAction":[{"@type":"ReadAction","target":["https:\/\/v2charge.com\/tr\/v2c-cloud-hesabi-nasil-olusturulur\/"]}]},{"@type":"ImageObject","inLanguage":"tr","@id":"https:\/\/v2charge.com\/tr\/v2c-cloud-hesabi-nasil-olusturulur\/#primaryimage","url":"https:\/\/v2charge.com\/wp-content\/uploads\/2024\/07\/v2c-electric-chargers.jpg","contentUrl":"https:\/\/v2charge.com\/wp-content\/uploads\/2024\/07\/v2c-electric-chargers.jpg","width":1200,"height":675,"caption":"V2C Electric Chargers"},{"@type":"BreadcrumbList","@id":"https:\/\/v2charge.com\/tr\/v2c-cloud-hesabi-nasil-olusturulur\/#breadcrumb","itemListElement":[{"@type":"ListItem","position":1,"name":"V2C","item":"https:\/\/v2charge.com\/tr\/"},{"@type":"ListItem","position":2,"name":"V2C Cloud hesab\u0131 nas\u0131l olu\u015fturulur?"}]},{"@type":"WebSite","@id":"https:\/\/v2charge.com\/tr\/#website","url":"https:\/\/v2charge.com\/tr\/","name":"V2C","description":"#CargandoElMa\u00f1ana","publisher":{"@id":"https:\/\/v2charge.com\/tr\/#organization"},"potentialAction":[{"@type":"SearchAction","target":{"@type":"EntryPoint","urlTemplate":"https:\/\/v2charge.com\/tr\/?s={search_term_string}"},"query-input":{"@type":"PropertyValueSpecification","valueRequired":true,"valueName":"search_term_string"}}],"inLanguage":"tr"},{"@type":"Organization","@id":"https:\/\/v2charge.com\/tr\/#organization","name":"V2C","url":"https:\/\/v2charge.com\/tr\/","logo":{"@type":"ImageObject","inLanguage":"tr","@id":"https:\/\/v2charge.com\/tr\/#\/schema\/logo\/image\/","url":"https:\/\/v2charge.com\/wp-content\/uploads\/2024\/11\/cropped-v2c-charge-logo-menu.png","contentUrl":"https:\/\/v2charge.com\/wp-content\/uploads\/2024\/11\/cropped-v2c-charge-logo-menu.png","width":984,"height":431,"caption":"V2C"},"image":{"@id":"https:\/\/v2charge.com\/tr\/#\/schema\/logo\/image\/"},"sameAs":["https:\/\/www.facebook.com\/V2C.Charge","https:\/\/x.com\/V2C_Charge","https:\/\/www.instagram.com\/v2c.charge\/","https:\/\/www.youtube.com\/@V2C","https:\/\/www.linkedin.com\/company\/v2c-chargers\/"]}]}},"uagb_featured_image_src":{"full":["https:\/\/v2charge.com\/wp-content\/uploads\/2024\/07\/v2c-electric-chargers.jpg",1200,675,false],"thumbnail":["https:\/\/v2charge.com\/wp-content\/uploads\/2024\/07\/v2c-electric-chargers-150x150.jpg",150,150,true],"medium":["https:\/\/v2charge.com\/wp-content\/uploads\/2024\/07\/v2c-electric-chargers-300x169.jpg",300,169,true],"medium_large":["https:\/\/v2charge.com\/wp-content\/uploads\/2024\/07\/v2c-electric-chargers-768x432.jpg",768,432,true],"large":["https:\/\/v2charge.com\/wp-content\/uploads\/2024\/07\/v2c-electric-chargers-1024x576.jpg",1024,576,true],"gs-tiny":["https:\/\/v2charge.com\/wp-content\/uploads\/2024\/07\/v2c-electric-chargers.jpg",50,28,false],"xl":["https:\/\/v2charge.com\/wp-content\/uploads\/2024\/07\/v2c-electric-chargers.jpg",1200,675,false],"xxl":["https:\/\/v2charge.com\/wp-content\/uploads\/2024\/07\/v2c-electric-chargers.jpg",1200,675,false],"xxxl":["https:\/\/v2charge.com\/wp-content\/uploads\/2024\/07\/v2c-electric-chargers.jpg",1200,675,false],"xxxxl":["https:\/\/v2charge.com\/wp-content\/uploads\/2024\/07\/v2c-electric-chargers.jpg",1200,675,false],"xxxxxl":["https:\/\/v2charge.com\/wp-content\/uploads\/2024\/07\/v2c-electric-chargers.jpg",1200,675,false],"1536x1536":["https:\/\/v2charge.com\/wp-content\/uploads\/2024\/07\/v2c-electric-chargers.jpg",1200,675,false],"2048x2048":["https:\/\/v2charge.com\/wp-content\/uploads\/2024\/07\/v2c-electric-chargers.jpg",1200,675,false]},"uagb_author_info":{"display_name":"V2C","author_link":"https:\/\/v2charge.com\/tr\/author\/marketing\/"},"uagb_comment_info":0,"uagb_excerpt":"V2C Cloud hesab\u0131 nas\u0131l olu\u015fturulur? Uygulama arac\u0131l\u0131\u011f\u0131yla Uygulamay\u0131 uygulama ma\u011fazan\u0131zdan indirin. \u0130ndirdikten sonra bu web sayfas\u0131na ula\u015facaks\u0131n\u0131z. Eri\u015fim \u015eekilleri: E-posta adresiniz ile Google hesab\u0131n\u0131zla Apple hesab\u0131n\u0131zla (yaln\u0131zca iphone kullan\u0131c\u0131lar\u0131 i\u00e7in mevcuttur) Google veya Apple hesab\u0131n\u0131z\u0131 olu\u015fturmak i\u00e7in d\u00fc\u011fmeye t\u0131klay\u0131n ve y\u00f6nergeleri izleyin. E-posta adresinizle hesab\u0131n\u0131z\u0131 olu\u015fturmak i\u00e7in Buraya Kaydolun d\u00fc\u011fmesine t\u0131klay\u0131n: L\u00fctfen a\u015fa\u011f\u0131daki bilgileri doldurunuz:&hellip;","_links":{"self":[{"href":"https:\/\/v2charge.com\/tr\/wp-json\/wp\/v2\/pages\/109715","targetHints":{"allow":["GET"]}}],"collection":[{"href":"https:\/\/v2charge.com\/tr\/wp-json\/wp\/v2\/pages"}],"about":[{"href":"https:\/\/v2charge.com\/tr\/wp-json\/wp\/v2\/types\/page"}],"author":[{"embeddable":true,"href":"https:\/\/v2charge.com\/tr\/wp-json\/wp\/v2\/users\/400"}],"replies":[{"embeddable":true,"href":"https:\/\/v2charge.com\/tr\/wp-json\/wp\/v2\/comments?post=109715"}],"version-history":[{"count":0,"href":"https:\/\/v2charge.com\/tr\/wp-json\/wp\/v2\/pages\/109715\/revisions"}],"wp:featuredmedia":[{"embeddable":true,"href":"https:\/\/v2charge.com\/tr\/wp-json\/wp\/v2\/media\/170355"}],"wp:attachment":[{"href":"https:\/\/v2charge.com\/tr\/wp-json\/wp\/v2\/media?parent=109715"}],"curies":[{"name":"wp","href":"https:\/\/api.w.org\/{rel}","templated":true}]}}