{"id":109731,"date":"2023-07-11T07:01:23","date_gmt":"2023-07-11T07:01:23","guid":{"rendered":"https:\/\/v2charge.com\/?page_id=109731"},"modified":"2023-07-11T07:01:24","modified_gmt":"2023-07-11T07:01:24","slug":"sarj-noktamin-internete-bagli-olup-olmadigini-nasil-anlarim","status":"publish","type":"page","link":"https:\/\/v2charge.com\/tr\/sarj-noktamin-internete-bagli-olup-olmadigini-nasil-anlarim\/","title":{"rendered":"\u015earj noktam\u0131n internete ba\u011fl\u0131 olup olmad\u0131\u011f\u0131n\u0131 nas\u0131l anlar\u0131m?"},"content":{"rendered":"\n<div style=\"height:60px\" aria-hidden=\"true\" class=\"wp-block-spacer\"><\/div>\n\n\n\n<h1 class=\"wp-block-heading\">\u015earj noktam\u0131n internete ba\u011fl\u0131 olup olmad\u0131\u011f\u0131n\u0131 nas\u0131l anlar\u0131m?<\/h1>\n\n\n\n<p>\u015earj noktan\u0131z\u0131n internete ba\u011fl\u0131 olup olmad\u0131\u011f\u0131n\u0131 web sitenizden veya uygulaman\u0131zdan \u00f6\u011frenmek i\u00e7in, a\u015fa\u011f\u0131daki dalga sinyali arac\u0131l\u0131\u011f\u0131yla bilgileri do\u011frudan ana sayfan\u0131zda bulabilirsiniz.<\/p>\n\n\n\n<p><strong>Uygulama arac\u0131l\u0131\u011f\u0131yla:<\/strong><\/p>\n\n\n\n<p>\u015earj noktas\u0131ndaki dalgalar.<\/p>\n\n\n\n<figure><img decoding=\"async\" src=\"https:\/\/v2charge.com\/wp-content\/uploads\/2022\/12\/v2c-internet-bluetooth-2-731x1024.jpg\" alt=\"Conexiones WiFi\" width=\"366\" height=\"512\"\/><\/figure>\n\n\n\n<p>\u015earj noktas\u0131na uygulama \u00fczerinden eri\u015firseniz ve Bluetooth veya Wifi ba\u011flant\u0131n\u0131z yoksa, a\u015fa\u011f\u0131daki ekran g\u00f6r\u00fcnt\u00fclenecektir.<\/p>\n\n\n<div class=\"wp-block-image\">\n<figure class=\"aligncenter size-large is-resized\"><img decoding=\"async\" src=\"https:\/\/v2charge.com\/wp-content\/uploads\/2022\/12\/app-sin-conexion-731x1024.jpg\" alt=\"app sin conexi\u00f3n wifi bluetooth\" class=\"wp-image-90779\" width=\"366\" height=\"512\" srcset=\"https:\/\/v2charge.com\/wp-content\/uploads\/2022\/12\/app-sin-conexion-731x1024.jpg 731w, https:\/\/v2charge.com\/wp-content\/uploads\/2022\/12\/app-sin-conexion-214x300.jpg 214w, https:\/\/v2charge.com\/wp-content\/uploads\/2022\/12\/app-sin-conexion-768x1075.jpg 768w, https:\/\/v2charge.com\/wp-content\/uploads\/2022\/12\/app-sin-conexion-1097x1536.jpg 1097w, https:\/\/v2charge.com\/wp-content\/uploads\/2022\/12\/app-sin-conexion.jpg 1385w\" sizes=\"(max-width: 366px) 100vw, 366px\" \/><figcaption>\u00c7evrimd\u0131\u015f\u0131 \u015farj noktas\u0131<\/figcaption><\/figure>\n<\/div>\n\n\n<p><strong>Bilgisayar arac\u0131l\u0131\u011f\u0131yla:<\/strong><\/p>\n\n\n\n<p><a href=\"http:\/\/www.v2c.cloud\/\" title=\"v2c cloud\">www.v2c.cloud<\/a> web sitesinde, \u015farj cihaz\u0131n\u0131 girin ve \u00e7evrimd\u0131\u015f\u0131 iseniz a\u015fa\u011f\u0131daki g\u00f6r\u00fcnt\u00fcy\u00fc g\u00f6receksiniz:<\/p>\n\n\n\n<figure class=\"wp-block-image size-large is-resized\"><img decoding=\"async\" src=\"https:\/\/v2charge.com\/wp-content\/uploads\/2022\/12\/potencia-energia-v2c-1024x819.jpg\" alt=\"Potencia de carga V2C\" class=\"wp-image-90787\" width=\"768\" height=\"614\" srcset=\"https:\/\/v2charge.com\/wp-content\/uploads\/2022\/12\/potencia-energia-v2c-1024x819.jpg 1024w, https:\/\/v2charge.com\/wp-content\/uploads\/2022\/12\/potencia-energia-v2c-300x240.jpg 300w, https:\/\/v2charge.com\/wp-content\/uploads\/2022\/12\/potencia-energia-v2c-768x614.jpg 768w, https:\/\/v2charge.com\/wp-content\/uploads\/2022\/12\/potencia-energia-v2c-1536x1229.jpg 1536w, https:\/\/v2charge.com\/wp-content\/uploads\/2022\/12\/potencia-energia-v2c-2048x1638.jpg 2048w\" sizes=\"(max-width: 768px) 100vw, 768px\" \/><figcaption>Ekipman Ba\u011flant\u0131 yok<\/figcaption><\/figure>\n\n\n\n<div style=\"height:60px\" aria-hidden=\"true\" class=\"wp-block-spacer\"><\/div>\n","protected":false},"excerpt":{"rendered":"<p>\u015earj noktam\u0131n internete ba\u011fl\u0131 olup olmad\u0131\u011f\u0131n\u0131 nas\u0131l anlar\u0131m? \u015earj noktan\u0131z\u0131n internete ba\u011fl\u0131 olup olmad\u0131\u011f\u0131n\u0131 web sitenizden veya uygulaman\u0131zdan \u00f6\u011frenmek i\u00e7in, a\u015fa\u011f\u0131daki dalga sinyali arac\u0131l\u0131\u011f\u0131yla bilgileri do\u011frudan ana sayfan\u0131zda bulabilirsiniz. Uygulama arac\u0131l\u0131\u011f\u0131yla: \u015earj noktas\u0131ndaki dalgalar. \u015earj noktas\u0131na uygulama \u00fczerinden eri\u015firseniz ve Bluetooth veya Wifi ba\u011flant\u0131n\u0131z yoksa, a\u015fa\u011f\u0131daki ekran g\u00f6r\u00fcnt\u00fclenecektir. Bilgisayar arac\u0131l\u0131\u011f\u0131yla: www.v2c.cloud web sitesinde, \u015farj cihaz\u0131n\u0131 &#8230; <a title=\"\u015earj noktam\u0131n internete ba\u011fl\u0131 olup olmad\u0131\u011f\u0131n\u0131 nas\u0131l anlar\u0131m?\" class=\"read-more\" href=\"https:\/\/v2charge.com\/tr\/sarj-noktamin-internete-bagli-olup-olmadigini-nasil-anlarim\/\" aria-label=\"Read more about \u015earj noktam\u0131n internete ba\u011fl\u0131 olup olmad\u0131\u011f\u0131n\u0131 nas\u0131l anlar\u0131m?\">Devam\u0131n\u0131 oku<\/a><\/p>\n","protected":false},"author":400,"featured_media":170355,"parent":0,"menu_order":0,"comment_status":"closed","ping_status":"closed","template":"","meta":{"_eb_attr":"","content-type":"","_uag_custom_page_level_css":"","footnotes":""},"class_list":["post-109731","page","type-page","status-publish","has-post-thumbnail"],"yoast_head":"<!-- This site is optimized with the Yoast SEO plugin v25.3.1 - https:\/\/yoast.com\/wordpress\/plugins\/seo\/ -->\n<title>V2C \u015earj Cihaz\u0131n\u0131z\u0131n \u0130nternete ba\u011fl\u0131 olup olmad\u0131\u011f\u0131n\u0131 nas\u0131l anlars\u0131n\u0131z | V2C<\/title>\n<meta name=\"description\" content=\"V2C \u015farj noktan\u0131z\u0131n internete ba\u011fl\u0131 olup olmad\u0131\u011f\u0131n\u0131 V2C Cloud uygulamas\u0131 \u00fczerinden veya bilgisayar\u0131n\u0131zdan nas\u0131l \u00f6\u011frenebilece\u011finizi a\u00e7\u0131kl\u0131yoruz.\" \/>\n<meta name=\"robots\" content=\"index, follow, max-snippet:-1, max-image-preview:large, max-video-preview:-1\" \/>\n<link rel=\"canonical\" href=\"https:\/\/v2charge.com\/tr\/sarj-noktamin-internete-bagli-olup-olmadigini-nasil-anlarim\/\" \/>\n<meta property=\"og:locale\" content=\"tr_TR\" \/>\n<meta property=\"og:type\" content=\"article\" \/>\n<meta property=\"og:title\" content=\"V2C \u015earj Cihaz\u0131n\u0131z\u0131n \u0130nternete ba\u011fl\u0131 olup olmad\u0131\u011f\u0131n\u0131 nas\u0131l anlars\u0131n\u0131z | V2C\" \/>\n<meta property=\"og:description\" content=\"V2C \u015farj noktan\u0131z\u0131n internete ba\u011fl\u0131 olup olmad\u0131\u011f\u0131n\u0131 V2C Cloud uygulamas\u0131 \u00fczerinden veya bilgisayar\u0131n\u0131zdan nas\u0131l \u00f6\u011frenebilece\u011finizi a\u00e7\u0131kl\u0131yoruz.\" \/>\n<meta property=\"og:url\" content=\"https:\/\/v2charge.com\/tr\/sarj-noktamin-internete-bagli-olup-olmadigini-nasil-anlarim\/\" \/>\n<meta property=\"og:site_name\" content=\"V2C\" \/>\n<meta property=\"article:publisher\" content=\"https:\/\/www.facebook.com\/V2C.Charge\" \/>\n<meta property=\"article:modified_time\" content=\"2023-07-11T07:01:24+00:00\" \/>\n<meta property=\"og:image\" content=\"https:\/\/v2charge.com\/wp-content\/uploads\/2022\/12\/v2c-internet-bluetooth-2-731x1024.jpg\" \/>\n<meta name=\"twitter:card\" content=\"summary_large_image\" \/>\n<meta name=\"twitter:site\" content=\"@V2C_Charge\" \/>\n<meta name=\"twitter:label1\" content=\"Tahmini okuma s\u00fcresi\" \/>\n\t<meta name=\"twitter:data1\" content=\"1 dakika\" \/>\n<script type=\"application\/ld+json\" class=\"yoast-schema-graph\">{\"@context\":\"https:\/\/schema.org\",\"@graph\":[{\"@type\":\"WebPage\",\"@id\":\"https:\/\/v2charge.com\/tr\/sarj-noktamin-internete-bagli-olup-olmadigini-nasil-anlarim\/\",\"url\":\"https:\/\/v2charge.com\/tr\/sarj-noktamin-internete-bagli-olup-olmadigini-nasil-anlarim\/\",\"name\":\"V2C \u015earj Cihaz\u0131n\u0131z\u0131n \u0130nternete ba\u011fl\u0131 olup olmad\u0131\u011f\u0131n\u0131 nas\u0131l anlars\u0131n\u0131z | V2C\",\"isPartOf\":{\"@id\":\"https:\/\/v2charge.com\/tr\/#website\"},\"primaryImageOfPage\":{\"@id\":\"https:\/\/v2charge.com\/tr\/sarj-noktamin-internete-bagli-olup-olmadigini-nasil-anlarim\/#primaryimage\"},\"image\":{\"@id\":\"https:\/\/v2charge.com\/tr\/sarj-noktamin-internete-bagli-olup-olmadigini-nasil-anlarim\/#primaryimage\"},\"thumbnailUrl\":\"https:\/\/v2charge.com\/wp-content\/uploads\/2024\/07\/v2c-electric-chargers.jpg\",\"datePublished\":\"2023-07-11T07:01:23+00:00\",\"dateModified\":\"2023-07-11T07:01:24+00:00\",\"description\":\"V2C \u015farj noktan\u0131z\u0131n internete ba\u011fl\u0131 olup olmad\u0131\u011f\u0131n\u0131 V2C Cloud uygulamas\u0131 \u00fczerinden veya bilgisayar\u0131n\u0131zdan nas\u0131l \u00f6\u011frenebilece\u011finizi a\u00e7\u0131kl\u0131yoruz.\",\"breadcrumb\":{\"@id\":\"https:\/\/v2charge.com\/tr\/sarj-noktamin-internete-bagli-olup-olmadigini-nasil-anlarim\/#breadcrumb\"},\"inLanguage\":\"tr\",\"potentialAction\":[{\"@type\":\"ReadAction\",\"target\":[\"https:\/\/v2charge.com\/tr\/sarj-noktamin-internete-bagli-olup-olmadigini-nasil-anlarim\/\"]}]},{\"@type\":\"ImageObject\",\"inLanguage\":\"tr\",\"@id\":\"https:\/\/v2charge.com\/tr\/sarj-noktamin-internete-bagli-olup-olmadigini-nasil-anlarim\/#primaryimage\",\"url\":\"https:\/\/v2charge.com\/wp-content\/uploads\/2024\/07\/v2c-electric-chargers.jpg\",\"contentUrl\":\"https:\/\/v2charge.com\/wp-content\/uploads\/2024\/07\/v2c-electric-chargers.jpg\",\"width\":1200,\"height\":675,\"caption\":\"V2C Electric Chargers\"},{\"@type\":\"BreadcrumbList\",\"@id\":\"https:\/\/v2charge.com\/tr\/sarj-noktamin-internete-bagli-olup-olmadigini-nasil-anlarim\/#breadcrumb\",\"itemListElement\":[{\"@type\":\"ListItem\",\"position\":1,\"name\":\"V2C\",\"item\":\"https:\/\/v2charge.com\/tr\/\"},{\"@type\":\"ListItem\",\"position\":2,\"name\":\"\u015earj noktam\u0131n internete ba\u011fl\u0131 olup olmad\u0131\u011f\u0131n\u0131 nas\u0131l anlar\u0131m?\"}]},{\"@type\":\"WebSite\",\"@id\":\"https:\/\/v2charge.com\/tr\/#website\",\"url\":\"https:\/\/v2charge.com\/tr\/\",\"name\":\"V2C\",\"description\":\"#CargandoElMa\u00f1ana\",\"publisher\":{\"@id\":\"https:\/\/v2charge.com\/tr\/#organization\"},\"potentialAction\":[{\"@type\":\"SearchAction\",\"target\":{\"@type\":\"EntryPoint\",\"urlTemplate\":\"https:\/\/v2charge.com\/tr\/?s={search_term_string}\"},\"query-input\":{\"@type\":\"PropertyValueSpecification\",\"valueRequired\":true,\"valueName\":\"search_term_string\"}}],\"inLanguage\":\"tr\"},{\"@type\":\"Organization\",\"@id\":\"https:\/\/v2charge.com\/tr\/#organization\",\"name\":\"V2C\",\"url\":\"https:\/\/v2charge.com\/tr\/\",\"logo\":{\"@type\":\"ImageObject\",\"inLanguage\":\"tr\",\"@id\":\"https:\/\/v2charge.com\/tr\/#\/schema\/logo\/image\/\",\"url\":\"https:\/\/v2charge.com\/wp-content\/uploads\/2024\/11\/cropped-v2c-charge-logo-menu.png\",\"contentUrl\":\"https:\/\/v2charge.com\/wp-content\/uploads\/2024\/11\/cropped-v2c-charge-logo-menu.png\",\"width\":984,\"height\":431,\"caption\":\"V2C\"},\"image\":{\"@id\":\"https:\/\/v2charge.com\/tr\/#\/schema\/logo\/image\/\"},\"sameAs\":[\"https:\/\/www.facebook.com\/V2C.Charge\",\"https:\/\/x.com\/V2C_Charge\",\"https:\/\/www.instagram.com\/v2c.charge\/\",\"https:\/\/www.youtube.com\/@V2C\",\"https:\/\/www.linkedin.com\/company\/v2c-chargers\/\"]}]}<\/script>\n<!-- \/ Yoast SEO plugin. -->","yoast_head_json":{"title":"V2C \u015earj Cihaz\u0131n\u0131z\u0131n \u0130nternete ba\u011fl\u0131 olup olmad\u0131\u011f\u0131n\u0131 nas\u0131l anlars\u0131n\u0131z | V2C","description":"V2C \u015farj noktan\u0131z\u0131n internete ba\u011fl\u0131 olup olmad\u0131\u011f\u0131n\u0131 V2C Cloud uygulamas\u0131 \u00fczerinden veya bilgisayar\u0131n\u0131zdan nas\u0131l \u00f6\u011frenebilece\u011finizi a\u00e7\u0131kl\u0131yoruz.","robots":{"index":"index","follow":"follow","max-snippet":"max-snippet:-1","max-image-preview":"max-image-preview:large","max-video-preview":"max-video-preview:-1"},"canonical":"https:\/\/v2charge.com\/tr\/sarj-noktamin-internete-bagli-olup-olmadigini-nasil-anlarim\/","og_locale":"tr_TR","og_type":"article","og_title":"V2C \u015earj Cihaz\u0131n\u0131z\u0131n \u0130nternete ba\u011fl\u0131 olup olmad\u0131\u011f\u0131n\u0131 nas\u0131l anlars\u0131n\u0131z | V2C","og_description":"V2C \u015farj noktan\u0131z\u0131n internete ba\u011fl\u0131 olup olmad\u0131\u011f\u0131n\u0131 V2C Cloud uygulamas\u0131 \u00fczerinden veya bilgisayar\u0131n\u0131zdan nas\u0131l \u00f6\u011frenebilece\u011finizi a\u00e7\u0131kl\u0131yoruz.","og_url":"https:\/\/v2charge.com\/tr\/sarj-noktamin-internete-bagli-olup-olmadigini-nasil-anlarim\/","og_site_name":"V2C","article_publisher":"https:\/\/www.facebook.com\/V2C.Charge","article_modified_time":"2023-07-11T07:01:24+00:00","og_image":[{"url":"https:\/\/v2charge.com\/wp-content\/uploads\/2022\/12\/v2c-internet-bluetooth-2-731x1024.jpg","type":"","width":"","height":""}],"twitter_card":"summary_large_image","twitter_site":"@V2C_Charge","twitter_misc":{"Tahmini okuma s\u00fcresi":"1 dakika"},"schema":{"@context":"https:\/\/schema.org","@graph":[{"@type":"WebPage","@id":"https:\/\/v2charge.com\/tr\/sarj-noktamin-internete-bagli-olup-olmadigini-nasil-anlarim\/","url":"https:\/\/v2charge.com\/tr\/sarj-noktamin-internete-bagli-olup-olmadigini-nasil-anlarim\/","name":"V2C \u015earj Cihaz\u0131n\u0131z\u0131n \u0130nternete ba\u011fl\u0131 olup olmad\u0131\u011f\u0131n\u0131 nas\u0131l anlars\u0131n\u0131z | V2C","isPartOf":{"@id":"https:\/\/v2charge.com\/tr\/#website"},"primaryImageOfPage":{"@id":"https:\/\/v2charge.com\/tr\/sarj-noktamin-internete-bagli-olup-olmadigini-nasil-anlarim\/#primaryimage"},"image":{"@id":"https:\/\/v2charge.com\/tr\/sarj-noktamin-internete-bagli-olup-olmadigini-nasil-anlarim\/#primaryimage"},"thumbnailUrl":"https:\/\/v2charge.com\/wp-content\/uploads\/2024\/07\/v2c-electric-chargers.jpg","datePublished":"2023-07-11T07:01:23+00:00","dateModified":"2023-07-11T07:01:24+00:00","description":"V2C \u015farj noktan\u0131z\u0131n internete ba\u011fl\u0131 olup olmad\u0131\u011f\u0131n\u0131 V2C Cloud uygulamas\u0131 \u00fczerinden veya bilgisayar\u0131n\u0131zdan nas\u0131l \u00f6\u011frenebilece\u011finizi a\u00e7\u0131kl\u0131yoruz.","breadcrumb":{"@id":"https:\/\/v2charge.com\/tr\/sarj-noktamin-internete-bagli-olup-olmadigini-nasil-anlarim\/#breadcrumb"},"inLanguage":"tr","potentialAction":[{"@type":"ReadAction","target":["https:\/\/v2charge.com\/tr\/sarj-noktamin-internete-bagli-olup-olmadigini-nasil-anlarim\/"]}]},{"@type":"ImageObject","inLanguage":"tr","@id":"https:\/\/v2charge.com\/tr\/sarj-noktamin-internete-bagli-olup-olmadigini-nasil-anlarim\/#primaryimage","url":"https:\/\/v2charge.com\/wp-content\/uploads\/2024\/07\/v2c-electric-chargers.jpg","contentUrl":"https:\/\/v2charge.com\/wp-content\/uploads\/2024\/07\/v2c-electric-chargers.jpg","width":1200,"height":675,"caption":"V2C Electric Chargers"},{"@type":"BreadcrumbList","@id":"https:\/\/v2charge.com\/tr\/sarj-noktamin-internete-bagli-olup-olmadigini-nasil-anlarim\/#breadcrumb","itemListElement":[{"@type":"ListItem","position":1,"name":"V2C","item":"https:\/\/v2charge.com\/tr\/"},{"@type":"ListItem","position":2,"name":"\u015earj noktam\u0131n internete ba\u011fl\u0131 olup olmad\u0131\u011f\u0131n\u0131 nas\u0131l anlar\u0131m?"}]},{"@type":"WebSite","@id":"https:\/\/v2charge.com\/tr\/#website","url":"https:\/\/v2charge.com\/tr\/","name":"V2C","description":"#CargandoElMa\u00f1ana","publisher":{"@id":"https:\/\/v2charge.com\/tr\/#organization"},"potentialAction":[{"@type":"SearchAction","target":{"@type":"EntryPoint","urlTemplate":"https:\/\/v2charge.com\/tr\/?s={search_term_string}"},"query-input":{"@type":"PropertyValueSpecification","valueRequired":true,"valueName":"search_term_string"}}],"inLanguage":"tr"},{"@type":"Organization","@id":"https:\/\/v2charge.com\/tr\/#organization","name":"V2C","url":"https:\/\/v2charge.com\/tr\/","logo":{"@type":"ImageObject","inLanguage":"tr","@id":"https:\/\/v2charge.com\/tr\/#\/schema\/logo\/image\/","url":"https:\/\/v2charge.com\/wp-content\/uploads\/2024\/11\/cropped-v2c-charge-logo-menu.png","contentUrl":"https:\/\/v2charge.com\/wp-content\/uploads\/2024\/11\/cropped-v2c-charge-logo-menu.png","width":984,"height":431,"caption":"V2C"},"image":{"@id":"https:\/\/v2charge.com\/tr\/#\/schema\/logo\/image\/"},"sameAs":["https:\/\/www.facebook.com\/V2C.Charge","https:\/\/x.com\/V2C_Charge","https:\/\/www.instagram.com\/v2c.charge\/","https:\/\/www.youtube.com\/@V2C","https:\/\/www.linkedin.com\/company\/v2c-chargers\/"]}]}},"uagb_featured_image_src":{"full":["https:\/\/v2charge.com\/wp-content\/uploads\/2024\/07\/v2c-electric-chargers.jpg",1200,675,false],"thumbnail":["https:\/\/v2charge.com\/wp-content\/uploads\/2024\/07\/v2c-electric-chargers-150x150.jpg",150,150,true],"medium":["https:\/\/v2charge.com\/wp-content\/uploads\/2024\/07\/v2c-electric-chargers-300x169.jpg",300,169,true],"medium_large":["https:\/\/v2charge.com\/wp-content\/uploads\/2024\/07\/v2c-electric-chargers-768x432.jpg",768,432,true],"large":["https:\/\/v2charge.com\/wp-content\/uploads\/2024\/07\/v2c-electric-chargers-1024x576.jpg",1024,576,true],"gs-tiny":["https:\/\/v2charge.com\/wp-content\/uploads\/2024\/07\/v2c-electric-chargers.jpg",50,28,false],"xl":["https:\/\/v2charge.com\/wp-content\/uploads\/2024\/07\/v2c-electric-chargers.jpg",1200,675,false],"xxl":["https:\/\/v2charge.com\/wp-content\/uploads\/2024\/07\/v2c-electric-chargers.jpg",1200,675,false],"xxxl":["https:\/\/v2charge.com\/wp-content\/uploads\/2024\/07\/v2c-electric-chargers.jpg",1200,675,false],"xxxxl":["https:\/\/v2charge.com\/wp-content\/uploads\/2024\/07\/v2c-electric-chargers.jpg",1200,675,false],"xxxxxl":["https:\/\/v2charge.com\/wp-content\/uploads\/2024\/07\/v2c-electric-chargers.jpg",1200,675,false],"1536x1536":["https:\/\/v2charge.com\/wp-content\/uploads\/2024\/07\/v2c-electric-chargers.jpg",1200,675,false],"2048x2048":["https:\/\/v2charge.com\/wp-content\/uploads\/2024\/07\/v2c-electric-chargers.jpg",1200,675,false]},"uagb_author_info":{"display_name":"V2C","author_link":"https:\/\/v2charge.com\/tr\/author\/marketing\/"},"uagb_comment_info":0,"uagb_excerpt":"\u015earj noktam\u0131n internete ba\u011fl\u0131 olup olmad\u0131\u011f\u0131n\u0131 nas\u0131l anlar\u0131m? \u015earj noktan\u0131z\u0131n internete ba\u011fl\u0131 olup olmad\u0131\u011f\u0131n\u0131 web sitenizden veya uygulaman\u0131zdan \u00f6\u011frenmek i\u00e7in, a\u015fa\u011f\u0131daki dalga sinyali arac\u0131l\u0131\u011f\u0131yla bilgileri do\u011frudan ana sayfan\u0131zda bulabilirsiniz. Uygulama arac\u0131l\u0131\u011f\u0131yla: \u015earj noktas\u0131ndaki dalgalar. \u015earj noktas\u0131na uygulama \u00fczerinden eri\u015firseniz ve Bluetooth veya Wifi ba\u011flant\u0131n\u0131z yoksa, a\u015fa\u011f\u0131daki ekran g\u00f6r\u00fcnt\u00fclenecektir. Bilgisayar arac\u0131l\u0131\u011f\u0131yla: www.v2c.cloud web sitesinde, \u015farj cihaz\u0131n\u0131&hellip;","_links":{"self":[{"href":"https:\/\/v2charge.com\/tr\/wp-json\/wp\/v2\/pages\/109731","targetHints":{"allow":["GET"]}}],"collection":[{"href":"https:\/\/v2charge.com\/tr\/wp-json\/wp\/v2\/pages"}],"about":[{"href":"https:\/\/v2charge.com\/tr\/wp-json\/wp\/v2\/types\/page"}],"author":[{"embeddable":true,"href":"https:\/\/v2charge.com\/tr\/wp-json\/wp\/v2\/users\/400"}],"replies":[{"embeddable":true,"href":"https:\/\/v2charge.com\/tr\/wp-json\/wp\/v2\/comments?post=109731"}],"version-history":[{"count":0,"href":"https:\/\/v2charge.com\/tr\/wp-json\/wp\/v2\/pages\/109731\/revisions"}],"wp:featuredmedia":[{"embeddable":true,"href":"https:\/\/v2charge.com\/tr\/wp-json\/wp\/v2\/media\/170355"}],"wp:attachment":[{"href":"https:\/\/v2charge.com\/tr\/wp-json\/wp\/v2\/media?parent=109731"}],"curies":[{"name":"wp","href":"https:\/\/api.w.org\/{rel}","templated":true}]}}