{"id":109759,"date":"2023-07-11T07:11:51","date_gmt":"2023-07-11T07:11:51","guid":{"rendered":"https:\/\/v2charge.com\/?page_id=109759"},"modified":"2025-07-21T09:42:33","modified_gmt":"2025-07-21T07:42:33","slug":"wibeee-olcum","status":"publish","type":"page","link":"https:\/\/v2charge.com\/tr\/destek-alani\/guc-kontrolu\/dinamik\/wibeee-olcum\/","title":{"rendered":"Trydan&#8217;\u0131n Wibeee Enerji \u00d6l\u00e7er ile Ba\u011flant\u0131s\u0131"},"content":{"rendered":"\n<div class=\"wp-block-uagb-container uagb-block-ab7cfef6 alignfull uagb-is-root-container\"><div class=\"uagb-container-inner-blocks-wrap\"><div class=\"yoast-breadcrumbs\"><span><span><a href=\"https:\/\/v2charge.com\/tr\/\">V2C<\/a><\/span> \u00bb <span><a href=\"https:\/\/v2charge.com\/tr\/destek-alani\/\">Destek Alan\u0131.<\/a><\/span> \u00bb <span><a href=\"https:\/\/v2charge.com\/tr\/destek-alani\/guc-kontrolu\/\">G\u00fc\u00e7 kontrol\u00fc<\/a><\/span> \u00bb <span><a href=\"https:\/\/v2charge.com\/tr\/destek-alani\/guc-kontrolu\/dinamik\/\">Dinamik<\/a><\/span> \u00bb <span class=\"breadcrumb_last\" aria-current=\"page\">Trydan&#8217;\u0131n Wibeee Enerji \u00d6l\u00e7er ile Ba\u011flant\u0131s\u0131<\/span><\/span><\/div>\n\n\n<div class=\"wp-block-uagb-advanced-heading uagb-block-b32c4bfc\"><h1 class=\"uagb-heading-text\">Trydan&#8217;\u0131n Wibeee enerji \u00f6l\u00e7er ile ba\u011flant\u0131s\u0131<\/h1><\/div>\n<\/div><\/div>\n\n\n\n<div class=\"wp-block-uagb-container uagb-block-d1d57cfd alignfull uagb-is-root-container\"><div class=\"uagb-container-inner-blocks-wrap\">\n<div class=\"wp-block-uagb-container uagb-block-1d926316 alignfull uagb-is-root-container\"><div class=\"uagb-container-inner-blocks-wrap\">\n<div class=\"wp-block-uagb-container uagb-block-3769988c\">\n<div class=\"wp-block-uagb-image aligncenter uagb-block-dd804c57 wp-block-uagb-image--layout-default wp-block-uagb-image--effect-static wp-block-uagb-image--align-center\"><figure class=\"wp-block-uagb-image__figure\"><img decoding=\"async\" srcset=\"https:\/\/v2charge.com\/wp-content\/uploads\/2023\/12\/wibee-logo.png ,https:\/\/v2charge.com\/wp-content\/uploads\/2023\/12\/wibee-logo.png 780w, https:\/\/v2charge.com\/wp-content\/uploads\/2023\/12\/wibee-logo.png 360w\" sizes=\"auto, (max-width: 480px) 150px\" src=\"https:\/\/v2charge.com\/wp-content\/uploads\/2023\/12\/wibee-logo.png\" alt=\"\" class=\"uag-image-130122\" width=\"400\" height=\"124\" title=\"\" loading=\"lazy\" role=\"img\"\/><\/figure><\/div>\n<\/div>\n\n\n\n<div class=\"wp-block-uagb-container uagb-block-a2bfc09c\">\n<div class=\"wp-block-uagb-advanced-heading uagb-block-892dcedd\"><p class=\"uagb-heading-text\"><strong>Trydan<\/strong>, <strong>Smilics Technologies<\/strong>\u2019in Wibeee enerji \u00f6l\u00e7erleri ile uyumludur; hem fotovoltaik versiyonu hem de monofaz versiyonu desteklenmektedir.<br><br>Uyumlu cihazlar aras\u0131nda, \u00f6zellikle fotovoltaik sistemlerde kullan\u0131lan \u00e7ok y\u00f6nl\u00fc bir \u00f6l\u00e7\u00fcm cihaz\u0131 olan <strong>Wibeee Box<\/strong> ve <strong>Wibeee Home<\/strong> bulunmaktad\u0131r. Fotovoltaik ba\u011flant\u0131 i\u00e7in birinci kelep\u00e7e genel t\u00fcketime, ikinci kelep\u00e7e ise fotovoltaik invert\u00f6re ba\u011flanmal\u0131d\u0131r.<\/p><\/div>\n<\/div>\n<\/div><\/div>\n\n\n\n<div class=\"wp-block-uagb-container uagb-block-333fb119 alignfull uagb-is-root-container\"><div class=\"uagb-container-inner-blocks-wrap\">\n<div class=\"wp-block-uagb-container uagb-block-2ff110d0 default uagb-is-root-container\">\n<div class=\"wp-block-uagb-container uagb-block-cd442c87\">\n<div class=\"wp-block-uagb-image aligncenter uagb-block-4bb46c59 wp-block-uagb-image--layout-default wp-block-uagb-image--effect-static wp-block-uagb-image--align-center\"><figure class=\"wp-block-uagb-image__figure\"><img decoding=\"async\" srcset=\"https:\/\/v2charge.com\/wp-content\/uploads\/2023\/11\/icon-important.png ,https:\/\/v2charge.com\/wp-content\/uploads\/2023\/11\/icon-important.png 780w, https:\/\/v2charge.com\/wp-content\/uploads\/2023\/11\/icon-important.png 360w\" sizes=\"auto, (max-width: 480px) 150px\" src=\"https:\/\/v2charge.com\/wp-content\/uploads\/2023\/11\/icon-important.png\" alt=\"\" class=\"uag-image-125013\" width=\"50\" height=\"50\" title=\"\" loading=\"lazy\" role=\"img\"\/><\/figure><\/div>\n<\/div>\n\n\n\n<div class=\"wp-block-uagb-container uagb-block-38de7166\">\n<div class=\"wp-block-uagb-advanced-heading uagb-block-37ab01f0\"><p class=\"uagb-heading-text\"><strong>Wi-Fi tekrarlay\u0131c\u0131lar\u0131n<\/strong>&nbsp;veya&nbsp;<strong>mesh a\u011flar\u0131n\u0131n<\/strong>&nbsp;kullan\u0131m\u0131, sistemin d\u00fczg\u00fcn \u00e7al\u0131\u015fmas\u0131n\u0131 etkileyebilir. \u015earj cihaz\u0131 ile saya\u00e7 aras\u0131nda optimum ba\u011flant\u0131y\u0131 sa\u011flamak i\u00e7in&nbsp;<strong>stabil ve do\u011frudan bir Wi-Fi a\u011f\u0131<\/strong>&nbsp;kullanman\u0131z\u0131 \u00f6neririz.<\/p><\/div>\n<\/div>\n<\/div>\n\n\n\n<div style=\"height:5px\" aria-hidden=\"true\" class=\"wp-block-spacer\"><\/div>\n<\/div><\/div>\n\n\n\n<div class=\"wp-block-uagb-separator uagb-block-824a65ea\"><div class=\"wp-block-uagb-separator__inner\" style=\"--my-background-image:\"><\/div><\/div>\n\n\n\n<div class=\"wp-block-uagb-advanced-heading uagb-block-bead9183\"><h2 class=\"uagb-heading-text\">Wibeee \u00f6l\u00e7er ile WiFi ba\u011flant\u0131 ad\u0131mlar\u0131<\/h2><\/div>\n\n\n\n<div class=\"wp-block-uagb-container uagb-block-18eeea3d alignfull uagb-is-root-container\"><div class=\"uagb-container-inner-blocks-wrap\">\n<div class=\"wp-block-uagb-info-box uagb-block-bb6a2ad9 uagb-infobox__content-wrap  uagb-infobox-icon-left uagb-infobox-left uagb-infobox-stacked-tablet uagb-infobox-image-valign-top\"><div class=\"uagb-ifb-image-content\"><img decoding=\"async\" src=\"https:\/\/v2charge.com\/wp-content\/uploads\/2023\/11\/numero-uno.png\" alt=\"\" width=\"38\" height=\"38\" loading=\"lazy\"\/><\/div><div class=\"uagb-ifb-content\"><div class=\"uagb-ifb-title-wrap\"><\/div><p class=\"uagb-ifb-desc\"><strong>Wibeee Next<\/strong> uygulamas\u0131nda (bilgisayar veya mobil cihaz \u00fczerinden), <strong>Wibeee cihaz\u0131n\u0131n IP adresini<\/strong> bulun.<\/p><\/div><\/div>\n\n\n\n<div class=\"wp-block-uagb-image aligncenter uagb-block-0ede07ef wp-block-uagb-image--layout-default wp-block-uagb-image--effect-static wp-block-uagb-image--align-center\"><figure class=\"wp-block-uagb-image__figure\"><img decoding=\"async\" srcset=\"https:\/\/v2charge.com\/wp-content\/uploads\/2024\/01\/conexion-wifi-wibee-trydan.jpg ,https:\/\/v2charge.com\/wp-content\/uploads\/2024\/01\/conexion-wifi-wibee-trydan.jpg 780w, https:\/\/v2charge.com\/wp-content\/uploads\/2024\/01\/conexion-wifi-wibee-trydan.jpg 360w\" sizes=\"auto, (max-width: 480px) 150px\" src=\"https:\/\/v2charge.com\/wp-content\/uploads\/2024\/01\/conexion-wifi-wibee-trydan.jpg\" alt=\"\" class=\"uag-image-131292\" width=\"750\" height=\"257\" title=\"\" loading=\"lazy\" role=\"img\"\/><\/figure><\/div>\n<\/div><\/div>\n\n\n\n<div class=\"wp-block-uagb-separator uagb-block-1f4e5f80\"><div class=\"wp-block-uagb-separator__inner\" style=\"--my-background-image:\"><\/div><\/div>\n\n\n\n<div class=\"wp-block-uagb-container uagb-block-bf18b7b8 alignfull uagb-is-root-container\"><div class=\"uagb-container-inner-blocks-wrap\">\n<div class=\"wp-block-uagb-container uagb-block-63fc9fe5\">\n<div class=\"wp-block-uagb-advanced-heading uagb-block-17704ad3\"><h2 class=\"uagb-heading-text\">V2C Cloud uygulamas\u0131nda Wibeee \u00f6l\u00e7er konfig\u00fcrasyonu<\/h2><\/div>\n\n\n\n<p>V2C Cloud uygulamas\u0131na giri\u015f yap\u0131n, \u015farj noktas\u0131n\u0131 se\u00e7in ve ard\u0131ndan ayarlar b\u00f6l\u00fcm\u00fcne eri\u015fin.<br><br>Dinamik g\u00fc\u00e7 kontrol\u00fc sekmesine girin, cihaz t\u00fcr\u00fc k\u0131sm\u0131nda \u2018\u00f6l\u00e7er\u2019 se\u00e7ene\u011fini i\u015faretleyin ve \u00f6l\u00e7er t\u00fcr\u00fc olarak Wibeee&#8217;yi se\u00e7in.<br>Adem\u00e1s, debes escoger el tipo de instalaci\u00f3n adecuada.<br><br><strong>Uygun kurulum t\u00fcr\u00fcn\u00fc se\u00e7ti\u011finizden emin olun.<\/strong><br><strong>Ayarlar\u0131 kaydedin. Dinamik g\u00fc\u00e7 kontrol\u00fcn\u00fcn do\u011fru \u00e7al\u0131\u015fmas\u0131 i\u00e7in bu ad\u0131m zorunludur.<\/strong><\/p>\n<\/div>\n\n\n\n<div class=\"wp-block-uagb-container uagb-block-071ab2ad\">\n<div class=\"wp-block-uagb-image uagb-block-861583ee wp-block-uagb-image--layout-default wp-block-uagb-image--effect-static wp-block-uagb-image--align-none\"><figure class=\"wp-block-uagb-image__figure\"><img decoding=\"async\" srcset=\"https:\/\/v2charge.com\/wp-content\/uploads\/2024\/01\/seleccionar-medidor-wibeee.jpg ,https:\/\/v2charge.com\/wp-content\/uploads\/2024\/01\/seleccionar-medidor-wibeee.jpg 780w, https:\/\/v2charge.com\/wp-content\/uploads\/2024\/01\/seleccionar-medidor-wibeee.jpg 360w\" sizes=\"auto, (max-width: 480px) 150px\" src=\"https:\/\/v2charge.com\/wp-content\/uploads\/2024\/01\/seleccionar-medidor-wibeee.jpg\" alt=\"\" class=\"uag-image-131164\" width=\"731\" height=\"1024\" title=\"\" loading=\"lazy\" role=\"img\"\/><\/figure><\/div>\n<\/div>\n<\/div><\/div>\n\n\n\n<div style=\"height:40px\" aria-hidden=\"true\" class=\"wp-block-spacer\"><\/div>\n<\/div><\/div>\n\n\n\n<div class=\"wp-block-uagb-container uagb-block-262454c8 alignfull uagb-is-root-container\"><div class=\"uagb-container-inner-blocks-wrap\">\n<div class=\"wp-block-uagb-advanced-heading uagb-block-58cc34d4\"><h2 class=\"uagb-heading-text\"><strong>Teknik deste\u011fe mi ihtiyac\u0131n\u0131z var?<\/strong><\/h2><\/div>\n\n\n\n<div class=\"wp-block-uagb-advanced-heading uagb-block-54f266f3\"><p class=\"uagb-heading-text\">Teknik Destek Merkezi&#8217;nde bir talep olu\u015fturun; size en iyi \u00e7\u00f6z\u00fcm\u00fc sunmak i\u00e7in en k\u0131sa s\u00fcrede sizinle ileti\u015fime ge\u00e7ece\u011fiz.<\/p><\/div>\n\n\n\n<div class=\"wp-block-uagb-buttons uagb-buttons__outer-wrap uagb-btn__default-btn uagb-btn-tablet__default-btn uagb-btn-mobile__default-btn uagb-block-a1e1777d\"><div class=\"uagb-buttons__wrap uagb-buttons-layout-wrap \">\n<div class=\"wp-block-uagb-buttons-child uagb-buttons__outer-wrap uagb-block-ce8df8c1 wp-block-button\"><div class=\"uagb-button__wrapper\"><a class=\"uagb-buttons-repeater wp-block-button__link\" aria-label=\"\" href=\"https:\/\/v2charge.atlassian.net\/servicedesk\/customer\/portal\/3\" rel=\"follow noopener\" target=\"_self\" role=\"button\"><div class=\"uagb-button__link\">Teknik Destekle \u0130leti\u015fime Ge\u00e7in<\/div><\/a><\/div><\/div>\n<\/div><\/div>\n<\/div><\/div>\n","protected":false},"excerpt":{"rendered":"<p>Trydan&#8217;\u0131n Wibeee enerji \u00f6l\u00e7er ile ba\u011flant\u0131s\u0131 Trydan, Smilics Technologies\u2019in Wibeee enerji \u00f6l\u00e7erleri ile uyumludur; hem fotovoltaik versiyonu hem de monofaz versiyonu desteklenmektedir. Uyumlu cihazlar aras\u0131nda, \u00f6zellikle fotovoltaik sistemlerde kullan\u0131lan \u00e7ok y\u00f6nl\u00fc bir \u00f6l\u00e7\u00fcm cihaz\u0131 olan Wibeee Box ve Wibeee Home bulunmaktad\u0131r. Fotovoltaik ba\u011flant\u0131 i\u00e7in birinci kelep\u00e7e genel t\u00fcketime, ikinci kelep\u00e7e ise fotovoltaik invert\u00f6re ba\u011flanmal\u0131d\u0131r. Wi-Fi &#8230; <a title=\"Trydan&#8217;\u0131n Wibeee Enerji \u00d6l\u00e7er ile Ba\u011flant\u0131s\u0131\" class=\"read-more\" href=\"https:\/\/v2charge.com\/tr\/destek-alani\/guc-kontrolu\/dinamik\/wibeee-olcum\/\" aria-label=\"Read more about Trydan&#8217;\u0131n Wibeee Enerji \u00d6l\u00e7er ile Ba\u011flant\u0131s\u0131\">Devam\u0131n\u0131 oku<\/a><\/p>\n","protected":false},"author":400,"featured_media":170355,"parent":125469,"menu_order":0,"comment_status":"closed","ping_status":"closed","template":"","meta":{"_eb_attr":"","content-type":"","_uag_custom_page_level_css":"","footnotes":""},"class_list":["post-109759","page","type-page","status-publish","has-post-thumbnail"],"yoast_head":"<!-- This site is optimized with the Yoast SEO plugin v25.3.1 - https:\/\/yoast.com\/wordpress\/plugins\/seo\/ -->\n<title>Trydan \u015earj Cihaz\u0131 - Wibeee Enerji \u00d6l\u00e7er Ba\u011flant\u0131s\u0131 | V2C<\/title>\n<meta name=\"description\" content=\"Trydan \u015earj Cihaz\u0131n\u0131z\u0131 Wibeee Enerji \u00d6l\u00e7er ile nas\u0131l ba\u011flayaca\u011f\u0131n\u0131z\u0131 \u00f6\u011frenin. Elektrikli ara\u00e7 \u015farj s\u00fcrecinizi bug\u00fcn optimize etmeye ba\u015flay\u0131n!\" \/>\n<meta name=\"robots\" content=\"index, follow, max-snippet:-1, max-image-preview:large, max-video-preview:-1\" \/>\n<link rel=\"canonical\" href=\"https:\/\/v2charge.com\/tr\/destek-alani\/guc-kontrolu\/dinamik\/wibeee-olcum\/\" \/>\n<meta property=\"og:locale\" content=\"tr_TR\" \/>\n<meta property=\"og:type\" content=\"article\" \/>\n<meta property=\"og:title\" content=\"Trydan \u015earj Cihaz\u0131 - Wibeee Enerji \u00d6l\u00e7er Ba\u011flant\u0131s\u0131 | V2C\" \/>\n<meta property=\"og:description\" content=\"Trydan \u015earj Cihaz\u0131n\u0131z\u0131 Wibeee Enerji \u00d6l\u00e7er ile nas\u0131l ba\u011flayaca\u011f\u0131n\u0131z\u0131 \u00f6\u011frenin. Elektrikli ara\u00e7 \u015farj s\u00fcrecinizi bug\u00fcn optimize etmeye ba\u015flay\u0131n!\" \/>\n<meta property=\"og:url\" content=\"https:\/\/v2charge.com\/tr\/destek-alani\/guc-kontrolu\/dinamik\/wibeee-olcum\/\" \/>\n<meta property=\"og:site_name\" content=\"V2C\" \/>\n<meta property=\"article:publisher\" content=\"https:\/\/www.facebook.com\/V2C.Charge\" \/>\n<meta property=\"article:modified_time\" content=\"2025-07-21T07:42:33+00:00\" \/>\n<meta property=\"og:image\" content=\"https:\/\/v2charge.com\/wp-content\/uploads\/2024\/07\/v2c-electric-chargers.jpg\" \/>\n\t<meta property=\"og:image:width\" content=\"1200\" \/>\n\t<meta property=\"og:image:height\" content=\"675\" \/>\n\t<meta property=\"og:image:type\" content=\"image\/jpeg\" \/>\n<meta name=\"twitter:card\" content=\"summary_large_image\" \/>\n<meta name=\"twitter:site\" content=\"@V2C_Charge\" \/>\n<meta name=\"twitter:label1\" content=\"Tahmini okuma s\u00fcresi\" \/>\n\t<meta name=\"twitter:data1\" content=\"3 dakika\" \/>\n<script type=\"application\/ld+json\" class=\"yoast-schema-graph\">{\"@context\":\"https:\/\/schema.org\",\"@graph\":[{\"@type\":\"WebPage\",\"@id\":\"https:\/\/v2charge.com\/tr\/destek-alani\/guc-kontrolu\/dinamik\/wibeee-olcum\/\",\"url\":\"https:\/\/v2charge.com\/tr\/destek-alani\/guc-kontrolu\/dinamik\/wibeee-olcum\/\",\"name\":\"Trydan \u015earj Cihaz\u0131 - Wibeee Enerji \u00d6l\u00e7er Ba\u011flant\u0131s\u0131 | V2C\",\"isPartOf\":{\"@id\":\"https:\/\/v2charge.com\/tr\/#website\"},\"primaryImageOfPage\":{\"@id\":\"https:\/\/v2charge.com\/tr\/destek-alani\/guc-kontrolu\/dinamik\/wibeee-olcum\/#primaryimage\"},\"image\":{\"@id\":\"https:\/\/v2charge.com\/tr\/destek-alani\/guc-kontrolu\/dinamik\/wibeee-olcum\/#primaryimage\"},\"thumbnailUrl\":\"https:\/\/v2charge.com\/wp-content\/uploads\/2024\/07\/v2c-electric-chargers.jpg\",\"datePublished\":\"2023-07-11T07:11:51+00:00\",\"dateModified\":\"2025-07-21T07:42:33+00:00\",\"description\":\"Trydan \u015earj Cihaz\u0131n\u0131z\u0131 Wibeee Enerji \u00d6l\u00e7er ile nas\u0131l ba\u011flayaca\u011f\u0131n\u0131z\u0131 \u00f6\u011frenin. Elektrikli ara\u00e7 \u015farj s\u00fcrecinizi bug\u00fcn optimize etmeye ba\u015flay\u0131n!\",\"breadcrumb\":{\"@id\":\"https:\/\/v2charge.com\/tr\/destek-alani\/guc-kontrolu\/dinamik\/wibeee-olcum\/#breadcrumb\"},\"inLanguage\":\"tr\",\"potentialAction\":[{\"@type\":\"ReadAction\",\"target\":[\"https:\/\/v2charge.com\/tr\/destek-alani\/guc-kontrolu\/dinamik\/wibeee-olcum\/\"]}]},{\"@type\":\"ImageObject\",\"inLanguage\":\"tr\",\"@id\":\"https:\/\/v2charge.com\/tr\/destek-alani\/guc-kontrolu\/dinamik\/wibeee-olcum\/#primaryimage\",\"url\":\"https:\/\/v2charge.com\/wp-content\/uploads\/2024\/07\/v2c-electric-chargers.jpg\",\"contentUrl\":\"https:\/\/v2charge.com\/wp-content\/uploads\/2024\/07\/v2c-electric-chargers.jpg\",\"width\":1200,\"height\":675,\"caption\":\"V2C Electric Chargers\"},{\"@type\":\"BreadcrumbList\",\"@id\":\"https:\/\/v2charge.com\/tr\/destek-alani\/guc-kontrolu\/dinamik\/wibeee-olcum\/#breadcrumb\",\"itemListElement\":[{\"@type\":\"ListItem\",\"position\":1,\"name\":\"V2C\",\"item\":\"https:\/\/v2charge.com\/tr\/\"},{\"@type\":\"ListItem\",\"position\":2,\"name\":\"Destek Alan\u0131.\",\"item\":\"https:\/\/v2charge.com\/tr\/destek-alani\/\"},{\"@type\":\"ListItem\",\"position\":3,\"name\":\"G\u00fc\u00e7 kontrol\u00fc\",\"item\":\"https:\/\/v2charge.com\/tr\/destek-alani\/guc-kontrolu\/\"},{\"@type\":\"ListItem\",\"position\":4,\"name\":\"Dinamik\",\"item\":\"https:\/\/v2charge.com\/tr\/destek-alani\/guc-kontrolu\/dinamik\/\"},{\"@type\":\"ListItem\",\"position\":5,\"name\":\"Trydan&#8217;\u0131n Wibeee Enerji \u00d6l\u00e7er ile Ba\u011flant\u0131s\u0131\"}]},{\"@type\":\"WebSite\",\"@id\":\"https:\/\/v2charge.com\/tr\/#website\",\"url\":\"https:\/\/v2charge.com\/tr\/\",\"name\":\"V2C\",\"description\":\"#CargandoElMa\u00f1ana\",\"publisher\":{\"@id\":\"https:\/\/v2charge.com\/tr\/#organization\"},\"potentialAction\":[{\"@type\":\"SearchAction\",\"target\":{\"@type\":\"EntryPoint\",\"urlTemplate\":\"https:\/\/v2charge.com\/tr\/?s={search_term_string}\"},\"query-input\":{\"@type\":\"PropertyValueSpecification\",\"valueRequired\":true,\"valueName\":\"search_term_string\"}}],\"inLanguage\":\"tr\"},{\"@type\":\"Organization\",\"@id\":\"https:\/\/v2charge.com\/tr\/#organization\",\"name\":\"V2C\",\"url\":\"https:\/\/v2charge.com\/tr\/\",\"logo\":{\"@type\":\"ImageObject\",\"inLanguage\":\"tr\",\"@id\":\"https:\/\/v2charge.com\/tr\/#\/schema\/logo\/image\/\",\"url\":\"https:\/\/v2charge.com\/wp-content\/uploads\/2024\/11\/cropped-v2c-charge-logo-menu.png\",\"contentUrl\":\"https:\/\/v2charge.com\/wp-content\/uploads\/2024\/11\/cropped-v2c-charge-logo-menu.png\",\"width\":984,\"height\":431,\"caption\":\"V2C\"},\"image\":{\"@id\":\"https:\/\/v2charge.com\/tr\/#\/schema\/logo\/image\/\"},\"sameAs\":[\"https:\/\/www.facebook.com\/V2C.Charge\",\"https:\/\/x.com\/V2C_Charge\",\"https:\/\/www.instagram.com\/v2c.charge\/\",\"https:\/\/www.youtube.com\/@V2C\",\"https:\/\/www.linkedin.com\/company\/v2c-chargers\/\"]}]}<\/script>\n<!-- \/ Yoast SEO plugin. -->","yoast_head_json":{"title":"Trydan \u015earj Cihaz\u0131 - Wibeee Enerji \u00d6l\u00e7er Ba\u011flant\u0131s\u0131 | V2C","description":"Trydan \u015earj Cihaz\u0131n\u0131z\u0131 Wibeee Enerji \u00d6l\u00e7er ile nas\u0131l ba\u011flayaca\u011f\u0131n\u0131z\u0131 \u00f6\u011frenin. Elektrikli ara\u00e7 \u015farj s\u00fcrecinizi bug\u00fcn optimize etmeye ba\u015flay\u0131n!","robots":{"index":"index","follow":"follow","max-snippet":"max-snippet:-1","max-image-preview":"max-image-preview:large","max-video-preview":"max-video-preview:-1"},"canonical":"https:\/\/v2charge.com\/tr\/destek-alani\/guc-kontrolu\/dinamik\/wibeee-olcum\/","og_locale":"tr_TR","og_type":"article","og_title":"Trydan \u015earj Cihaz\u0131 - Wibeee Enerji \u00d6l\u00e7er Ba\u011flant\u0131s\u0131 | V2C","og_description":"Trydan \u015earj Cihaz\u0131n\u0131z\u0131 Wibeee Enerji \u00d6l\u00e7er ile nas\u0131l ba\u011flayaca\u011f\u0131n\u0131z\u0131 \u00f6\u011frenin. Elektrikli ara\u00e7 \u015farj s\u00fcrecinizi bug\u00fcn optimize etmeye ba\u015flay\u0131n!","og_url":"https:\/\/v2charge.com\/tr\/destek-alani\/guc-kontrolu\/dinamik\/wibeee-olcum\/","og_site_name":"V2C","article_publisher":"https:\/\/www.facebook.com\/V2C.Charge","article_modified_time":"2025-07-21T07:42:33+00:00","og_image":[{"width":1200,"height":675,"url":"https:\/\/v2charge.com\/wp-content\/uploads\/2024\/07\/v2c-electric-chargers.jpg","type":"image\/jpeg"}],"twitter_card":"summary_large_image","twitter_site":"@V2C_Charge","twitter_misc":{"Tahmini okuma s\u00fcresi":"3 dakika"},"schema":{"@context":"https:\/\/schema.org","@graph":[{"@type":"WebPage","@id":"https:\/\/v2charge.com\/tr\/destek-alani\/guc-kontrolu\/dinamik\/wibeee-olcum\/","url":"https:\/\/v2charge.com\/tr\/destek-alani\/guc-kontrolu\/dinamik\/wibeee-olcum\/","name":"Trydan \u015earj Cihaz\u0131 - Wibeee Enerji \u00d6l\u00e7er Ba\u011flant\u0131s\u0131 | V2C","isPartOf":{"@id":"https:\/\/v2charge.com\/tr\/#website"},"primaryImageOfPage":{"@id":"https:\/\/v2charge.com\/tr\/destek-alani\/guc-kontrolu\/dinamik\/wibeee-olcum\/#primaryimage"},"image":{"@id":"https:\/\/v2charge.com\/tr\/destek-alani\/guc-kontrolu\/dinamik\/wibeee-olcum\/#primaryimage"},"thumbnailUrl":"https:\/\/v2charge.com\/wp-content\/uploads\/2024\/07\/v2c-electric-chargers.jpg","datePublished":"2023-07-11T07:11:51+00:00","dateModified":"2025-07-21T07:42:33+00:00","description":"Trydan \u015earj Cihaz\u0131n\u0131z\u0131 Wibeee Enerji \u00d6l\u00e7er ile nas\u0131l ba\u011flayaca\u011f\u0131n\u0131z\u0131 \u00f6\u011frenin. Elektrikli ara\u00e7 \u015farj s\u00fcrecinizi bug\u00fcn optimize etmeye ba\u015flay\u0131n!","breadcrumb":{"@id":"https:\/\/v2charge.com\/tr\/destek-alani\/guc-kontrolu\/dinamik\/wibeee-olcum\/#breadcrumb"},"inLanguage":"tr","potentialAction":[{"@type":"ReadAction","target":["https:\/\/v2charge.com\/tr\/destek-alani\/guc-kontrolu\/dinamik\/wibeee-olcum\/"]}]},{"@type":"ImageObject","inLanguage":"tr","@id":"https:\/\/v2charge.com\/tr\/destek-alani\/guc-kontrolu\/dinamik\/wibeee-olcum\/#primaryimage","url":"https:\/\/v2charge.com\/wp-content\/uploads\/2024\/07\/v2c-electric-chargers.jpg","contentUrl":"https:\/\/v2charge.com\/wp-content\/uploads\/2024\/07\/v2c-electric-chargers.jpg","width":1200,"height":675,"caption":"V2C Electric Chargers"},{"@type":"BreadcrumbList","@id":"https:\/\/v2charge.com\/tr\/destek-alani\/guc-kontrolu\/dinamik\/wibeee-olcum\/#breadcrumb","itemListElement":[{"@type":"ListItem","position":1,"name":"V2C","item":"https:\/\/v2charge.com\/tr\/"},{"@type":"ListItem","position":2,"name":"Destek Alan\u0131.","item":"https:\/\/v2charge.com\/tr\/destek-alani\/"},{"@type":"ListItem","position":3,"name":"G\u00fc\u00e7 kontrol\u00fc","item":"https:\/\/v2charge.com\/tr\/destek-alani\/guc-kontrolu\/"},{"@type":"ListItem","position":4,"name":"Dinamik","item":"https:\/\/v2charge.com\/tr\/destek-alani\/guc-kontrolu\/dinamik\/"},{"@type":"ListItem","position":5,"name":"Trydan&#8217;\u0131n Wibeee Enerji \u00d6l\u00e7er ile Ba\u011flant\u0131s\u0131"}]},{"@type":"WebSite","@id":"https:\/\/v2charge.com\/tr\/#website","url":"https:\/\/v2charge.com\/tr\/","name":"V2C","description":"#CargandoElMa\u00f1ana","publisher":{"@id":"https:\/\/v2charge.com\/tr\/#organization"},"potentialAction":[{"@type":"SearchAction","target":{"@type":"EntryPoint","urlTemplate":"https:\/\/v2charge.com\/tr\/?s={search_term_string}"},"query-input":{"@type":"PropertyValueSpecification","valueRequired":true,"valueName":"search_term_string"}}],"inLanguage":"tr"},{"@type":"Organization","@id":"https:\/\/v2charge.com\/tr\/#organization","name":"V2C","url":"https:\/\/v2charge.com\/tr\/","logo":{"@type":"ImageObject","inLanguage":"tr","@id":"https:\/\/v2charge.com\/tr\/#\/schema\/logo\/image\/","url":"https:\/\/v2charge.com\/wp-content\/uploads\/2024\/11\/cropped-v2c-charge-logo-menu.png","contentUrl":"https:\/\/v2charge.com\/wp-content\/uploads\/2024\/11\/cropped-v2c-charge-logo-menu.png","width":984,"height":431,"caption":"V2C"},"image":{"@id":"https:\/\/v2charge.com\/tr\/#\/schema\/logo\/image\/"},"sameAs":["https:\/\/www.facebook.com\/V2C.Charge","https:\/\/x.com\/V2C_Charge","https:\/\/www.instagram.com\/v2c.charge\/","https:\/\/www.youtube.com\/@V2C","https:\/\/www.linkedin.com\/company\/v2c-chargers\/"]}]}},"uagb_featured_image_src":{"full":["https:\/\/v2charge.com\/wp-content\/uploads\/2024\/07\/v2c-electric-chargers.jpg",1200,675,false],"thumbnail":["https:\/\/v2charge.com\/wp-content\/uploads\/2024\/07\/v2c-electric-chargers-150x150.jpg",150,150,true],"medium":["https:\/\/v2charge.com\/wp-content\/uploads\/2024\/07\/v2c-electric-chargers-300x169.jpg",300,169,true],"medium_large":["https:\/\/v2charge.com\/wp-content\/uploads\/2024\/07\/v2c-electric-chargers-768x432.jpg",768,432,true],"large":["https:\/\/v2charge.com\/wp-content\/uploads\/2024\/07\/v2c-electric-chargers-1024x576.jpg",1024,576,true],"gs-tiny":["https:\/\/v2charge.com\/wp-content\/uploads\/2024\/07\/v2c-electric-chargers.jpg",50,28,false],"xl":["https:\/\/v2charge.com\/wp-content\/uploads\/2024\/07\/v2c-electric-chargers.jpg",1200,675,false],"xxl":["https:\/\/v2charge.com\/wp-content\/uploads\/2024\/07\/v2c-electric-chargers.jpg",1200,675,false],"xxxl":["https:\/\/v2charge.com\/wp-content\/uploads\/2024\/07\/v2c-electric-chargers.jpg",1200,675,false],"xxxxl":["https:\/\/v2charge.com\/wp-content\/uploads\/2024\/07\/v2c-electric-chargers.jpg",1200,675,false],"xxxxxl":["https:\/\/v2charge.com\/wp-content\/uploads\/2024\/07\/v2c-electric-chargers.jpg",1200,675,false],"1536x1536":["https:\/\/v2charge.com\/wp-content\/uploads\/2024\/07\/v2c-electric-chargers.jpg",1200,675,false],"2048x2048":["https:\/\/v2charge.com\/wp-content\/uploads\/2024\/07\/v2c-electric-chargers.jpg",1200,675,false]},"uagb_author_info":{"display_name":"V2C","author_link":"https:\/\/v2charge.com\/tr\/author\/marketing\/"},"uagb_comment_info":0,"uagb_excerpt":"Trydan&#8217;\u0131n Wibeee enerji \u00f6l\u00e7er ile ba\u011flant\u0131s\u0131 Trydan, Smilics Technologies\u2019in Wibeee enerji \u00f6l\u00e7erleri ile uyumludur; hem fotovoltaik versiyonu hem de monofaz versiyonu desteklenmektedir. Uyumlu cihazlar aras\u0131nda, \u00f6zellikle fotovoltaik sistemlerde kullan\u0131lan \u00e7ok y\u00f6nl\u00fc bir \u00f6l\u00e7\u00fcm cihaz\u0131 olan Wibeee Box ve Wibeee Home bulunmaktad\u0131r. Fotovoltaik ba\u011flant\u0131 i\u00e7in birinci kelep\u00e7e genel t\u00fcketime, ikinci kelep\u00e7e ise fotovoltaik invert\u00f6re ba\u011flanmal\u0131d\u0131r. Wi-Fi&hellip;","_links":{"self":[{"href":"https:\/\/v2charge.com\/tr\/wp-json\/wp\/v2\/pages\/109759","targetHints":{"allow":["GET"]}}],"collection":[{"href":"https:\/\/v2charge.com\/tr\/wp-json\/wp\/v2\/pages"}],"about":[{"href":"https:\/\/v2charge.com\/tr\/wp-json\/wp\/v2\/types\/page"}],"author":[{"embeddable":true,"href":"https:\/\/v2charge.com\/tr\/wp-json\/wp\/v2\/users\/400"}],"replies":[{"embeddable":true,"href":"https:\/\/v2charge.com\/tr\/wp-json\/wp\/v2\/comments?post=109759"}],"version-history":[{"count":4,"href":"https:\/\/v2charge.com\/tr\/wp-json\/wp\/v2\/pages\/109759\/revisions"}],"predecessor-version":[{"id":239096,"href":"https:\/\/v2charge.com\/tr\/wp-json\/wp\/v2\/pages\/109759\/revisions\/239096"}],"up":[{"embeddable":true,"href":"https:\/\/v2charge.com\/tr\/wp-json\/wp\/v2\/pages\/125469"}],"wp:featuredmedia":[{"embeddable":true,"href":"https:\/\/v2charge.com\/tr\/wp-json\/wp\/v2\/media\/170355"}],"wp:attachment":[{"href":"https:\/\/v2charge.com\/tr\/wp-json\/wp\/v2\/media?parent=109759"}],"curies":[{"name":"wp","href":"https:\/\/api.w.org\/{rel}","templated":true}]}}