{"id":109812,"date":"2023-07-11T09:40:57","date_gmt":"2023-07-11T09:40:57","guid":{"rendered":"https:\/\/v2charge.com\/?page_id=109812"},"modified":"2025-10-31T13:10:56","modified_gmt":"2025-10-31T11:10:56","slug":"olsun-toke-api-rest-cloud","status":"publish","type":"page","link":"https:\/\/v2charge.com\/tr\/destek-alani\/v2c-cloud\/olsun-toke-api-rest-cloud\/","title":{"rendered":"Rest bulut API&#8217;sini kullanmak i\u00e7in token kimli\u011fimi nas\u0131l alabilirim?"},"content":{"rendered":"\n<div class=\"wp-block-uagb-container uagb-block-ac789413 alignfull uagb-is-root-container\"><div class=\"uagb-container-inner-blocks-wrap\"><div class=\"yoast-breadcrumbs\"><span><span><a href=\"https:\/\/v2charge.com\/tr\/\">V2C<\/a><\/span> \u00bb <span><a href=\"https:\/\/v2charge.com\/tr\/destek-alani\/\">Destek Alan\u0131.<\/a><\/span> \u00bb <span><a href=\"https:\/\/v2charge.com\/tr\/destek-alani\/v2c-cloud\/\">Soporte V2C Cloud<\/a><\/span> \u00bb <span class=\"breadcrumb_last\" aria-current=\"page\">Rest bulut API&#8217;sini kullanmak i\u00e7in token kimli\u011fimi nas\u0131l alabilirim?<\/span><\/span><\/div>\n\n\n<h1 class=\"wp-block-heading\">Rest bulut API&#8217;sini kullanmak i\u00e7in token kimli\u011fimi nas\u0131l alabilirim?<\/h1>\n\n\n\n<p>REST API veya RESTful API, REST mimarisinin s\u0131n\u0131rlar\u0131na uyan ve RESTful web hizmetleriyle etkile\u015fime izin veren bir uygulama programlama aray\u00fcz\u00fcd\u00fcr (API veya web API).<\/p>\n\n\n\n<p>API ile, resmi uygulamalar\u0131 kullanmadan kendi olu\u015fturdu\u011funuz uygulamalar \/ hizmetler arac\u0131l\u0131\u011f\u0131yla \u015farj noktas\u0131n\u0131 kullanabileceksiniz. Programlama yoluyla \u015farj noktalar\u0131m\u0131zda otomasyonlar veya ilgin\u00e7 hizmetler olu\u015fturman\u0131za olanak tan\u0131yacakt\u0131r.<\/p>\n\n\n\n<p>Daha fazla bilgi i\u00e7in l\u00fctfen <a href=\"https:\/\/api.v2charge.com\/\" target=\"_blank\" rel=\"noreferrer noopener\">Rest Cloud API belgelerine bak\u0131n<\/a>.<\/p>\n\n\n\n<div class=\"wp-block-uagb-slider uagb-block-3b42e577 uagb-slider-container\"><div class=\"uagb-slides uagb-swiper\"><div class=\"swiper-wrapper\">\n<div class=\"wp-block-uagb-slider-child uagb-slider-child-wrap swiper-slide uagb-block-4cae72c6\"><div class=\"swiper-content\">\n<div class=\"wp-block-uagb-container uagb-block-ad496432 alignfull uagb-is-root-container\"><div class=\"uagb-container-inner-blocks-wrap\">\n<div class=\"wp-block-uagb-info-box uagb-block-95d92034 uagb-infobox__content-wrap  uagb-infobox-icon-above-title uagb-infobox-image-valign-top\"><div class=\"uagb-ifb-content\"><div class=\"uagb-ifb-image-content\"><img decoding=\"async\" src=\"https:\/\/v2charge.com\/wp-content\/uploads\/2023\/11\/numero-uno.png\" alt=\"\" width=\"30\" height=\"30\" loading=\"lazy\"\/><\/div><div class=\"uagb-ifb-title-wrap\"><\/div><p class=\"uagb-ifb-desc\"><a href=\"https:\/\/www.v2c.cloud\/\">v2c.cloud<\/a> platformuna giri\u015f yap\u0131n ve sol \u00fcstte bulunan &#8216;Kullan\u0131c\u0131&#8217; se\u00e7ene\u011fine t\u0131klay\u0131n<\/p><\/div><\/div>\n\n\n\n<div class=\"wp-block-uagb-image aligncenter uagb-block-5929cf85 wp-block-uagb-image--layout-default wp-block-uagb-image--effect-static wp-block-uagb-image--align-center\"><figure class=\"wp-block-uagb-image__figure\"><img decoding=\"async\" srcset=\"https:\/\/v2charge.com\/wp-content\/uploads\/2025\/10\/user-web.png ,https:\/\/v2charge.com\/wp-content\/uploads\/2025\/10\/user-web.png 780w, https:\/\/v2charge.com\/wp-content\/uploads\/2025\/10\/user-web.png 360w\" sizes=\"auto, (max-width: 480px) 150px\" src=\"https:\/\/v2charge.com\/wp-content\/uploads\/2025\/10\/user-web.png\" alt=\"\" class=\"uag-image-265379\" width=\"800\" height=\"470\" title=\"user-web\" loading=\"lazy\" role=\"img\"\/><\/figure><\/div>\n<\/div><\/div>\n<\/div><\/div>\n\n\n\n<div class=\"wp-block-uagb-slider-child uagb-slider-child-wrap swiper-slide uagb-block-87ab5b82\"><div class=\"swiper-content\">\n<div class=\"wp-block-uagb-container uagb-block-8fda0342 alignfull uagb-is-root-container\"><div class=\"uagb-container-inner-blocks-wrap\">\n<div class=\"wp-block-uagb-info-box uagb-block-68437ed9 uagb-infobox__content-wrap  uagb-infobox-icon-above-title uagb-infobox-image-valign-top\"><div class=\"uagb-ifb-content\"><div class=\"uagb-ifb-image-content\"><img decoding=\"async\" src=\"https:\/\/v2charge.com\/wp-content\/uploads\/2023\/11\/numero-dos.png\" alt=\"\" width=\"30\" height=\"30\" loading=\"lazy\"\/><\/div><div class=\"uagb-ifb-title-wrap\"><\/div><p class=\"uagb-ifb-desc\">Men\u00fcdeki &#8216;API&#8217; b\u00f6l\u00fcm\u00fcne t\u0131klay\u0131n<\/p><\/div><\/div>\n\n\n\n<div class=\"wp-block-uagb-image aligncenter uagb-block-aedf30c6 wp-block-uagb-image--layout-default wp-block-uagb-image--effect-static wp-block-uagb-image--align-center\"><figure class=\"wp-block-uagb-image__figure\"><img decoding=\"async\" srcset=\"https:\/\/v2charge.com\/wp-content\/uploads\/2025\/10\/user-api.png ,https:\/\/v2charge.com\/wp-content\/uploads\/2025\/10\/user-api.png 780w, https:\/\/v2charge.com\/wp-content\/uploads\/2025\/10\/user-api.png 360w\" sizes=\"auto, (max-width: 480px) 150px\" src=\"https:\/\/v2charge.com\/wp-content\/uploads\/2025\/10\/user-api.png\" alt=\"\" class=\"uag-image-265390\" width=\"800\" height=\"470\" title=\"user-api\" loading=\"lazy\" role=\"img\"\/><\/figure><\/div>\n<\/div><\/div>\n<\/div><\/div>\n\n\n\n<div class=\"wp-block-uagb-slider-child uagb-slider-child-wrap swiper-slide uagb-block-ea46eed7\"><div class=\"swiper-content\">\n<div class=\"wp-block-uagb-container uagb-block-020e2cb0 alignfull uagb-is-root-container\"><div class=\"uagb-container-inner-blocks-wrap\">\n<div class=\"wp-block-uagb-info-box uagb-block-37093105 uagb-infobox__content-wrap  uagb-infobox-icon-above-title uagb-infobox-image-valign-top\"><div class=\"uagb-ifb-content\"><div class=\"uagb-ifb-image-content\"><img decoding=\"async\" src=\"https:\/\/v2charge.com\/wp-content\/uploads\/2023\/11\/numero-tres.png\" alt=\"\" width=\"30\" height=\"30\" loading=\"lazy\"\/><\/div><div class=\"uagb-ifb-title-wrap\"><\/div><p class=\"uagb-ifb-desc\">&#8216;Token al&#8217; d\u00fc\u011fmesine t\u0131klay\u0131n<\/p><\/div><\/div>\n\n\n\n<div class=\"wp-block-uagb-image aligncenter uagb-block-b47ca29e wp-block-uagb-image--layout-default wp-block-uagb-image--effect-static wp-block-uagb-image--align-center\"><figure class=\"wp-block-uagb-image__figure\"><img decoding=\"async\" srcset=\"https:\/\/v2charge.com\/wp-content\/uploads\/2025\/10\/get-token.png ,https:\/\/v2charge.com\/wp-content\/uploads\/2025\/10\/get-token.png 780w, https:\/\/v2charge.com\/wp-content\/uploads\/2025\/10\/get-token.png 360w\" sizes=\"auto, (max-width: 480px) 150px\" src=\"https:\/\/v2charge.com\/wp-content\/uploads\/2025\/10\/get-token.png\" alt=\"\" class=\"uag-image-265401\" width=\"800\" height=\"470\" title=\"get-token\" loading=\"lazy\" role=\"img\"\/><\/figure><\/div>\n<\/div><\/div>\n<\/div><\/div>\n<\/div><\/div><div class=\"swiper-pagination\"><\/div><div class=\"swiper-button-prev\"><\/div><div class=\"swiper-button-next\"><\/div><\/div>\n\n\n\n<div style=\"height:60px\" aria-hidden=\"true\" class=\"wp-block-spacer\"><\/div>\n<\/div><\/div>\n","protected":false},"excerpt":{"rendered":"<p>Rest bulut API&#8217;sini kullanmak i\u00e7in token kimli\u011fimi nas\u0131l alabilirim? REST API veya RESTful API, REST mimarisinin s\u0131n\u0131rlar\u0131na uyan ve RESTful web hizmetleriyle etkile\u015fime izin veren bir uygulama programlama aray\u00fcz\u00fcd\u00fcr (API veya web API). API ile, resmi uygulamalar\u0131 kullanmadan kendi olu\u015fturdu\u011funuz uygulamalar \/ hizmetler arac\u0131l\u0131\u011f\u0131yla \u015farj noktas\u0131n\u0131 kullanabileceksiniz. Programlama yoluyla \u015farj noktalar\u0131m\u0131zda otomasyonlar veya ilgin\u00e7 hizmetler &#8230; <a title=\"Rest bulut API&#8217;sini kullanmak i\u00e7in token kimli\u011fimi nas\u0131l alabilirim?\" class=\"read-more\" href=\"https:\/\/v2charge.com\/tr\/destek-alani\/v2c-cloud\/olsun-toke-api-rest-cloud\/\" aria-label=\"Read more about Rest bulut API&#8217;sini kullanmak i\u00e7in token kimli\u011fimi nas\u0131l alabilirim?\">Devam\u0131n\u0131 oku<\/a><\/p>\n","protected":false},"author":400,"featured_media":170355,"parent":83685,"menu_order":0,"comment_status":"closed","ping_status":"closed","template":"","meta":{"_eb_attr":"","content-type":"","_uag_custom_page_level_css":"","footnotes":""},"class_list":["post-109812","page","type-page","status-publish","has-post-thumbnail"],"yoast_head":"<!-- This site is optimized with the Yoast SEO plugin v25.3.1 - https:\/\/yoast.com\/wordpress\/plugins\/seo\/ -->\n<title>Rest bulut API&#039;sini kullanmak i\u00e7in token kimli\u011fimi nas\u0131l alabilirim? - V2C<\/title>\n<meta name=\"description\" content=\"API ile, resmi uygulamalar\u0131 kullanmaya gerek kalmadan kendi olu\u015fturdu\u011funuz uygulamalar\/hizmetler arac\u0131l\u0131\u011f\u0131yla \u015farj noktas\u0131n\u0131 kullanabileceksiniz.\" \/>\n<meta name=\"robots\" content=\"index, follow, max-snippet:-1, max-image-preview:large, max-video-preview:-1\" \/>\n<link rel=\"canonical\" href=\"https:\/\/v2charge.com\/tr\/destek-alani\/v2c-cloud\/olsun-toke-api-rest-cloud\/\" \/>\n<meta property=\"og:locale\" content=\"tr_TR\" \/>\n<meta property=\"og:type\" content=\"article\" \/>\n<meta property=\"og:title\" content=\"Rest bulut API&#039;sini kullanmak i\u00e7in token kimli\u011fimi nas\u0131l alabilirim? - V2C\" \/>\n<meta property=\"og:description\" content=\"API ile, resmi uygulamalar\u0131 kullanmaya gerek kalmadan kendi olu\u015fturdu\u011funuz uygulamalar\/hizmetler arac\u0131l\u0131\u011f\u0131yla \u015farj noktas\u0131n\u0131 kullanabileceksiniz.\" \/>\n<meta property=\"og:url\" content=\"https:\/\/v2charge.com\/tr\/destek-alani\/v2c-cloud\/olsun-toke-api-rest-cloud\/\" \/>\n<meta property=\"og:site_name\" content=\"V2C\" \/>\n<meta property=\"article:publisher\" content=\"https:\/\/www.facebook.com\/V2C.Charge\" \/>\n<meta property=\"article:modified_time\" content=\"2025-10-31T11:10:56+00:00\" \/>\n<meta property=\"og:image\" content=\"https:\/\/v2charge.com\/wp-content\/uploads\/2024\/07\/v2c-electric-chargers.jpg\" \/>\n\t<meta property=\"og:image:width\" content=\"1200\" \/>\n\t<meta property=\"og:image:height\" content=\"675\" \/>\n\t<meta property=\"og:image:type\" content=\"image\/jpeg\" \/>\n<meta name=\"twitter:card\" content=\"summary_large_image\" \/>\n<meta name=\"twitter:site\" content=\"@V2C_Charge\" \/>\n<meta name=\"twitter:label1\" content=\"Tahmini okuma s\u00fcresi\" \/>\n\t<meta name=\"twitter:data1\" content=\"2 dakika\" \/>\n<script type=\"application\/ld+json\" class=\"yoast-schema-graph\">{\"@context\":\"https:\/\/schema.org\",\"@graph\":[{\"@type\":\"WebPage\",\"@id\":\"https:\/\/v2charge.com\/tr\/destek-alani\/v2c-cloud\/olsun-toke-api-rest-cloud\/\",\"url\":\"https:\/\/v2charge.com\/tr\/destek-alani\/v2c-cloud\/olsun-toke-api-rest-cloud\/\",\"name\":\"Rest bulut API'sini kullanmak i\u00e7in token kimli\u011fimi nas\u0131l alabilirim? - V2C\",\"isPartOf\":{\"@id\":\"https:\/\/v2charge.com\/tr\/#website\"},\"primaryImageOfPage\":{\"@id\":\"https:\/\/v2charge.com\/tr\/destek-alani\/v2c-cloud\/olsun-toke-api-rest-cloud\/#primaryimage\"},\"image\":{\"@id\":\"https:\/\/v2charge.com\/tr\/destek-alani\/v2c-cloud\/olsun-toke-api-rest-cloud\/#primaryimage\"},\"thumbnailUrl\":\"https:\/\/v2charge.com\/wp-content\/uploads\/2024\/07\/v2c-electric-chargers.jpg\",\"datePublished\":\"2023-07-11T09:40:57+00:00\",\"dateModified\":\"2025-10-31T11:10:56+00:00\",\"description\":\"API ile, resmi uygulamalar\u0131 kullanmaya gerek kalmadan kendi olu\u015fturdu\u011funuz uygulamalar\/hizmetler arac\u0131l\u0131\u011f\u0131yla \u015farj noktas\u0131n\u0131 kullanabileceksiniz.\",\"breadcrumb\":{\"@id\":\"https:\/\/v2charge.com\/tr\/destek-alani\/v2c-cloud\/olsun-toke-api-rest-cloud\/#breadcrumb\"},\"inLanguage\":\"tr\",\"potentialAction\":[{\"@type\":\"ReadAction\",\"target\":[\"https:\/\/v2charge.com\/tr\/destek-alani\/v2c-cloud\/olsun-toke-api-rest-cloud\/\"]}]},{\"@type\":\"ImageObject\",\"inLanguage\":\"tr\",\"@id\":\"https:\/\/v2charge.com\/tr\/destek-alani\/v2c-cloud\/olsun-toke-api-rest-cloud\/#primaryimage\",\"url\":\"https:\/\/v2charge.com\/wp-content\/uploads\/2024\/07\/v2c-electric-chargers.jpg\",\"contentUrl\":\"https:\/\/v2charge.com\/wp-content\/uploads\/2024\/07\/v2c-electric-chargers.jpg\",\"width\":1200,\"height\":675,\"caption\":\"V2C Electric Chargers\"},{\"@type\":\"BreadcrumbList\",\"@id\":\"https:\/\/v2charge.com\/tr\/destek-alani\/v2c-cloud\/olsun-toke-api-rest-cloud\/#breadcrumb\",\"itemListElement\":[{\"@type\":\"ListItem\",\"position\":1,\"name\":\"V2C\",\"item\":\"https:\/\/v2charge.com\/tr\/\"},{\"@type\":\"ListItem\",\"position\":2,\"name\":\"Destek Alan\u0131.\",\"item\":\"https:\/\/v2charge.com\/tr\/destek-alani\/\"},{\"@type\":\"ListItem\",\"position\":3,\"name\":\"Soporte V2C Cloud\",\"item\":\"https:\/\/v2charge.com\/tr\/destek-alani\/v2c-cloud\/\"},{\"@type\":\"ListItem\",\"position\":4,\"name\":\"Rest bulut API&#8217;sini kullanmak i\u00e7in token kimli\u011fimi nas\u0131l alabilirim?\"}]},{\"@type\":\"WebSite\",\"@id\":\"https:\/\/v2charge.com\/tr\/#website\",\"url\":\"https:\/\/v2charge.com\/tr\/\",\"name\":\"V2C\",\"description\":\"#CargandoElMa\u00f1ana\",\"publisher\":{\"@id\":\"https:\/\/v2charge.com\/tr\/#organization\"},\"potentialAction\":[{\"@type\":\"SearchAction\",\"target\":{\"@type\":\"EntryPoint\",\"urlTemplate\":\"https:\/\/v2charge.com\/tr\/?s={search_term_string}\"},\"query-input\":{\"@type\":\"PropertyValueSpecification\",\"valueRequired\":true,\"valueName\":\"search_term_string\"}}],\"inLanguage\":\"tr\"},{\"@type\":\"Organization\",\"@id\":\"https:\/\/v2charge.com\/tr\/#organization\",\"name\":\"V2C\",\"url\":\"https:\/\/v2charge.com\/tr\/\",\"logo\":{\"@type\":\"ImageObject\",\"inLanguage\":\"tr\",\"@id\":\"https:\/\/v2charge.com\/tr\/#\/schema\/logo\/image\/\",\"url\":\"https:\/\/v2charge.com\/wp-content\/uploads\/2024\/11\/cropped-v2c-charge-logo-menu.png\",\"contentUrl\":\"https:\/\/v2charge.com\/wp-content\/uploads\/2024\/11\/cropped-v2c-charge-logo-menu.png\",\"width\":984,\"height\":431,\"caption\":\"V2C\"},\"image\":{\"@id\":\"https:\/\/v2charge.com\/tr\/#\/schema\/logo\/image\/\"},\"sameAs\":[\"https:\/\/www.facebook.com\/V2C.Charge\",\"https:\/\/x.com\/V2C_Charge\",\"https:\/\/www.instagram.com\/v2c.charge\/\",\"https:\/\/www.youtube.com\/@V2C\",\"https:\/\/www.linkedin.com\/company\/v2c-chargers\/\"]}]}<\/script>\n<!-- \/ Yoast SEO plugin. -->","yoast_head_json":{"title":"Rest bulut API'sini kullanmak i\u00e7in token kimli\u011fimi nas\u0131l alabilirim? - V2C","description":"API ile, resmi uygulamalar\u0131 kullanmaya gerek kalmadan kendi olu\u015fturdu\u011funuz uygulamalar\/hizmetler arac\u0131l\u0131\u011f\u0131yla \u015farj noktas\u0131n\u0131 kullanabileceksiniz.","robots":{"index":"index","follow":"follow","max-snippet":"max-snippet:-1","max-image-preview":"max-image-preview:large","max-video-preview":"max-video-preview:-1"},"canonical":"https:\/\/v2charge.com\/tr\/destek-alani\/v2c-cloud\/olsun-toke-api-rest-cloud\/","og_locale":"tr_TR","og_type":"article","og_title":"Rest bulut API'sini kullanmak i\u00e7in token kimli\u011fimi nas\u0131l alabilirim? - V2C","og_description":"API ile, resmi uygulamalar\u0131 kullanmaya gerek kalmadan kendi olu\u015fturdu\u011funuz uygulamalar\/hizmetler arac\u0131l\u0131\u011f\u0131yla \u015farj noktas\u0131n\u0131 kullanabileceksiniz.","og_url":"https:\/\/v2charge.com\/tr\/destek-alani\/v2c-cloud\/olsun-toke-api-rest-cloud\/","og_site_name":"V2C","article_publisher":"https:\/\/www.facebook.com\/V2C.Charge","article_modified_time":"2025-10-31T11:10:56+00:00","og_image":[{"width":1200,"height":675,"url":"https:\/\/v2charge.com\/wp-content\/uploads\/2024\/07\/v2c-electric-chargers.jpg","type":"image\/jpeg"}],"twitter_card":"summary_large_image","twitter_site":"@V2C_Charge","twitter_misc":{"Tahmini okuma s\u00fcresi":"2 dakika"},"schema":{"@context":"https:\/\/schema.org","@graph":[{"@type":"WebPage","@id":"https:\/\/v2charge.com\/tr\/destek-alani\/v2c-cloud\/olsun-toke-api-rest-cloud\/","url":"https:\/\/v2charge.com\/tr\/destek-alani\/v2c-cloud\/olsun-toke-api-rest-cloud\/","name":"Rest bulut API'sini kullanmak i\u00e7in token kimli\u011fimi nas\u0131l alabilirim? - V2C","isPartOf":{"@id":"https:\/\/v2charge.com\/tr\/#website"},"primaryImageOfPage":{"@id":"https:\/\/v2charge.com\/tr\/destek-alani\/v2c-cloud\/olsun-toke-api-rest-cloud\/#primaryimage"},"image":{"@id":"https:\/\/v2charge.com\/tr\/destek-alani\/v2c-cloud\/olsun-toke-api-rest-cloud\/#primaryimage"},"thumbnailUrl":"https:\/\/v2charge.com\/wp-content\/uploads\/2024\/07\/v2c-electric-chargers.jpg","datePublished":"2023-07-11T09:40:57+00:00","dateModified":"2025-10-31T11:10:56+00:00","description":"API ile, resmi uygulamalar\u0131 kullanmaya gerek kalmadan kendi olu\u015fturdu\u011funuz uygulamalar\/hizmetler arac\u0131l\u0131\u011f\u0131yla \u015farj noktas\u0131n\u0131 kullanabileceksiniz.","breadcrumb":{"@id":"https:\/\/v2charge.com\/tr\/destek-alani\/v2c-cloud\/olsun-toke-api-rest-cloud\/#breadcrumb"},"inLanguage":"tr","potentialAction":[{"@type":"ReadAction","target":["https:\/\/v2charge.com\/tr\/destek-alani\/v2c-cloud\/olsun-toke-api-rest-cloud\/"]}]},{"@type":"ImageObject","inLanguage":"tr","@id":"https:\/\/v2charge.com\/tr\/destek-alani\/v2c-cloud\/olsun-toke-api-rest-cloud\/#primaryimage","url":"https:\/\/v2charge.com\/wp-content\/uploads\/2024\/07\/v2c-electric-chargers.jpg","contentUrl":"https:\/\/v2charge.com\/wp-content\/uploads\/2024\/07\/v2c-electric-chargers.jpg","width":1200,"height":675,"caption":"V2C Electric Chargers"},{"@type":"BreadcrumbList","@id":"https:\/\/v2charge.com\/tr\/destek-alani\/v2c-cloud\/olsun-toke-api-rest-cloud\/#breadcrumb","itemListElement":[{"@type":"ListItem","position":1,"name":"V2C","item":"https:\/\/v2charge.com\/tr\/"},{"@type":"ListItem","position":2,"name":"Destek Alan\u0131.","item":"https:\/\/v2charge.com\/tr\/destek-alani\/"},{"@type":"ListItem","position":3,"name":"Soporte V2C Cloud","item":"https:\/\/v2charge.com\/tr\/destek-alani\/v2c-cloud\/"},{"@type":"ListItem","position":4,"name":"Rest bulut API&#8217;sini kullanmak i\u00e7in token kimli\u011fimi nas\u0131l alabilirim?"}]},{"@type":"WebSite","@id":"https:\/\/v2charge.com\/tr\/#website","url":"https:\/\/v2charge.com\/tr\/","name":"V2C","description":"#CargandoElMa\u00f1ana","publisher":{"@id":"https:\/\/v2charge.com\/tr\/#organization"},"potentialAction":[{"@type":"SearchAction","target":{"@type":"EntryPoint","urlTemplate":"https:\/\/v2charge.com\/tr\/?s={search_term_string}"},"query-input":{"@type":"PropertyValueSpecification","valueRequired":true,"valueName":"search_term_string"}}],"inLanguage":"tr"},{"@type":"Organization","@id":"https:\/\/v2charge.com\/tr\/#organization","name":"V2C","url":"https:\/\/v2charge.com\/tr\/","logo":{"@type":"ImageObject","inLanguage":"tr","@id":"https:\/\/v2charge.com\/tr\/#\/schema\/logo\/image\/","url":"https:\/\/v2charge.com\/wp-content\/uploads\/2024\/11\/cropped-v2c-charge-logo-menu.png","contentUrl":"https:\/\/v2charge.com\/wp-content\/uploads\/2024\/11\/cropped-v2c-charge-logo-menu.png","width":984,"height":431,"caption":"V2C"},"image":{"@id":"https:\/\/v2charge.com\/tr\/#\/schema\/logo\/image\/"},"sameAs":["https:\/\/www.facebook.com\/V2C.Charge","https:\/\/x.com\/V2C_Charge","https:\/\/www.instagram.com\/v2c.charge\/","https:\/\/www.youtube.com\/@V2C","https:\/\/www.linkedin.com\/company\/v2c-chargers\/"]}]}},"uagb_featured_image_src":{"full":["https:\/\/v2charge.com\/wp-content\/uploads\/2024\/07\/v2c-electric-chargers.jpg",1200,675,false],"thumbnail":["https:\/\/v2charge.com\/wp-content\/uploads\/2024\/07\/v2c-electric-chargers-150x150.jpg",150,150,true],"medium":["https:\/\/v2charge.com\/wp-content\/uploads\/2024\/07\/v2c-electric-chargers-300x169.jpg",300,169,true],"medium_large":["https:\/\/v2charge.com\/wp-content\/uploads\/2024\/07\/v2c-electric-chargers-768x432.jpg",768,432,true],"large":["https:\/\/v2charge.com\/wp-content\/uploads\/2024\/07\/v2c-electric-chargers-1024x576.jpg",1024,576,true],"gs-tiny":["https:\/\/v2charge.com\/wp-content\/uploads\/2024\/07\/v2c-electric-chargers.jpg",50,28,false],"xl":["https:\/\/v2charge.com\/wp-content\/uploads\/2024\/07\/v2c-electric-chargers.jpg",1200,675,false],"xxl":["https:\/\/v2charge.com\/wp-content\/uploads\/2024\/07\/v2c-electric-chargers.jpg",1200,675,false],"xxxl":["https:\/\/v2charge.com\/wp-content\/uploads\/2024\/07\/v2c-electric-chargers.jpg",1200,675,false],"xxxxl":["https:\/\/v2charge.com\/wp-content\/uploads\/2024\/07\/v2c-electric-chargers.jpg",1200,675,false],"xxxxxl":["https:\/\/v2charge.com\/wp-content\/uploads\/2024\/07\/v2c-electric-chargers.jpg",1200,675,false],"1536x1536":["https:\/\/v2charge.com\/wp-content\/uploads\/2024\/07\/v2c-electric-chargers.jpg",1200,675,false],"2048x2048":["https:\/\/v2charge.com\/wp-content\/uploads\/2024\/07\/v2c-electric-chargers.jpg",1200,675,false]},"uagb_author_info":{"display_name":"V2C","author_link":"https:\/\/v2charge.com\/tr\/author\/marketing\/"},"uagb_comment_info":0,"uagb_excerpt":"Rest bulut API&#8217;sini kullanmak i\u00e7in token kimli\u011fimi nas\u0131l alabilirim? REST API veya RESTful API, REST mimarisinin s\u0131n\u0131rlar\u0131na uyan ve RESTful web hizmetleriyle etkile\u015fime izin veren bir uygulama programlama aray\u00fcz\u00fcd\u00fcr (API veya web API). API ile, resmi uygulamalar\u0131 kullanmadan kendi olu\u015fturdu\u011funuz uygulamalar \/ hizmetler arac\u0131l\u0131\u011f\u0131yla \u015farj noktas\u0131n\u0131 kullanabileceksiniz. Programlama yoluyla \u015farj noktalar\u0131m\u0131zda otomasyonlar veya ilgin\u00e7 hizmetler&hellip;","_links":{"self":[{"href":"https:\/\/v2charge.com\/tr\/wp-json\/wp\/v2\/pages\/109812","targetHints":{"allow":["GET"]}}],"collection":[{"href":"https:\/\/v2charge.com\/tr\/wp-json\/wp\/v2\/pages"}],"about":[{"href":"https:\/\/v2charge.com\/tr\/wp-json\/wp\/v2\/types\/page"}],"author":[{"embeddable":true,"href":"https:\/\/v2charge.com\/tr\/wp-json\/wp\/v2\/users\/400"}],"replies":[{"embeddable":true,"href":"https:\/\/v2charge.com\/tr\/wp-json\/wp\/v2\/comments?post=109812"}],"version-history":[{"count":1,"href":"https:\/\/v2charge.com\/tr\/wp-json\/wp\/v2\/pages\/109812\/revisions"}],"predecessor-version":[{"id":265424,"href":"https:\/\/v2charge.com\/tr\/wp-json\/wp\/v2\/pages\/109812\/revisions\/265424"}],"up":[{"embeddable":true,"href":"https:\/\/v2charge.com\/tr\/wp-json\/wp\/v2\/pages\/83685"}],"wp:featuredmedia":[{"embeddable":true,"href":"https:\/\/v2charge.com\/tr\/wp-json\/wp\/v2\/media\/170355"}],"wp:attachment":[{"href":"https:\/\/v2charge.com\/tr\/wp-json\/wp\/v2\/media?parent=109812"}],"curies":[{"name":"wp","href":"https:\/\/api.w.org\/{rel}","templated":true}]}}