{"id":109822,"date":"2023-07-11T09:45:38","date_gmt":"2023-07-11T09:45:38","guid":{"rendered":"https:\/\/v2charge.com\/?page_id=109822"},"modified":"2023-08-10T13:53:40","modified_gmt":"2023-08-10T13:53:40","slug":"solis-inverterin-trydan-ile-entegrasyonu","status":"publish","type":"page","link":"https:\/\/v2charge.com\/tr\/destek-alani\/guc-kontrolu\/dinamik\/fotovoltaik\/solis-inverterin-trydan-ile-entegrasyonu\/","title":{"rendered":"Solis inverterin Trydan ile entegrasyonu"},"content":{"rendered":"\n<div style=\"height:60px\" aria-hidden=\"true\" class=\"wp-block-spacer\"><\/div>\n\n\n\n<h1 class=\"wp-block-heading\">Solis inverterin Trydan ile entegrasyonu<\/h1>\n\n\n\n<p>Trydan \u015farj noktas\u0131 t\u00fcm Solis invert\u00f6r serisiyle uyumludur. Ba\u011flant\u0131 kablo ile do\u011frudan invert\u00f6re yap\u0131lmal\u0131d\u0131r ve invert\u00f6rlerin b\u00fcy\u00fck \u00e7o\u011funlu\u011funun aksine kablo olmadan (wifi \u00fczerinden) yap\u0131lamaz. Kablonun d\u00f6\u015fenmesi gerekti\u011finden kurulum daha karma\u015f\u0131kt\u0131r, ancak yap\u0131land\u0131rma daha kararl\u0131 olacakt\u0131r.<\/p>\n\n\n\n<p>\u00d6ncelikle a\u015fa\u011f\u0131daki resimde g\u00f6sterilen kabloyu ba\u011flaman\u0131z gerekmektedir. Bu kablo \u00fcr\u00fcne dahildir. E\u011fer yoksa, distrib\u00fct\u00f6rden RS485 Modbus ileti\u015fimi i\u00e7in (internette de bulunabilir) isteyin.<\/p>\n\n\n\n<figure><img decoding=\"async\" src=\"https:\/\/v2charge.com\/wp-content\/uploads\/2023\/01\/cable-com-SOLIS-576x1024.jpeg\" alt=\"\" width=\"336\" height=\"598\"\/><\/figure>\n\n\n\n<p>Kablo COM CABLE&#8217;a ba\u011flan\u0131r, sar\u0131 kablo pin 3&#8217;e gider ve RS485-A&#8217;d\u0131r ve mavi kablo pin 4&#8217;e ba\u011flan\u0131r ve RS485-B&#8217;dir.<\/p>\n\n\n\n<figure><img decoding=\"async\" src=\"https:\/\/v2charge.com\/wp-content\/uploads\/2023\/01\/com-cable-solis-edited.png\" alt=\"\"\/><\/figure>\n\n\n\n<p>Ba\u011fland\u0131ktan sonra, \u015farj noktam\u0131za iki telli bir ba\u011flant\u0131 g\u00f6nderece\u011fiz. \u015earj cihaz\u0131n\u0131n i\u015fini kolayla\u015ft\u0131rmak i\u00e7in UTP kablosu kullanman\u0131z\u0131 \u00f6neririz.<\/p>\n\n\n\n<p>Trydan \u015farj noktas\u0131na ula\u015ft\u0131\u011f\u0131m\u0131zda, kapaktaki RS485 giri\u015fine ba\u011flanmal\u0131y\u0131z (kay\u0131plar\u0131 en aza indirmek i\u00e7in sadece birka\u00e7 kablo kullanaca\u011f\u0131z).<\/p>\n\n\n\n<figure><img decoding=\"async\" src=\"https:\/\/v2charge.com\/wp-content\/uploads\/2023\/01\/conexion-trydan-solis-734x1024.jpg\" alt=\"\" width=\"551\" height=\"768\"\/><\/figure>\n\n\n\n<p>Ba\u011flant\u0131 a\u015fa\u011f\u0131daki resimde g\u00f6sterildi\u011fi gibi yap\u0131lmal\u0131d\u0131r, iki kablo yeterlidir, 4 B&#8217;ye ba\u011flanacak olan ve 5 A&#8217;ya ba\u011flanacak olan kablodur.<\/p>\n\n\n\n<figure><img decoding=\"async\" src=\"https:\/\/v2charge.com\/wp-content\/uploads\/2023\/01\/image-3.png\" alt=\"\"\/><\/figure>\n\n\n\n<h2 class=\"wp-block-heading\">V2C Bulut Uygulamas\u0131nda Solis inverter yap\u0131land\u0131rmas\u0131<\/h2>\n\n\n\n<p>V2C Bulut Uygulamas\u0131na giri\u015f yap\u0131n, \u015farj noktas\u0131n\u0131 se\u00e7in ve ard\u0131ndan yap\u0131land\u0131rma b\u00f6l\u00fcm\u00fcne eri\u015fin. Dinamik G\u00fc\u00e7 Kontrol\u00fc&#8217;ne gidin ve saya\u00e7 b\u00f6l\u00fcm\u00fcnde Solis&#8217;i se\u00e7in.<\/p>\n\n\n\n<figure><img decoding=\"async\" src=\"https:\/\/v2charge.com\/wp-content\/uploads\/2023\/04\/solis-ES-731x1024.jpg\" alt=\"\" width=\"366\" height=\"512\"\/><\/figure>\n\n\n\n<div style=\"height:60px\" aria-hidden=\"true\" class=\"wp-block-spacer\"><\/div>\n","protected":false},"excerpt":{"rendered":"<p>Solis inverterin Trydan ile entegrasyonu Trydan \u015farj noktas\u0131 t\u00fcm Solis invert\u00f6r serisiyle uyumludur. Ba\u011flant\u0131 kablo ile do\u011frudan invert\u00f6re yap\u0131lmal\u0131d\u0131r ve invert\u00f6rlerin b\u00fcy\u00fck \u00e7o\u011funlu\u011funun aksine kablo olmadan (wifi \u00fczerinden) yap\u0131lamaz. Kablonun d\u00f6\u015fenmesi gerekti\u011finden kurulum daha karma\u015f\u0131kt\u0131r, ancak yap\u0131land\u0131rma daha kararl\u0131 olacakt\u0131r. \u00d6ncelikle a\u015fa\u011f\u0131daki resimde g\u00f6sterilen kabloyu ba\u011flaman\u0131z gerekmektedir. Bu kablo \u00fcr\u00fcne dahildir. E\u011fer yoksa, distrib\u00fct\u00f6rden RS485 &#8230; <a title=\"Solis inverterin Trydan ile entegrasyonu\" class=\"read-more\" href=\"https:\/\/v2charge.com\/tr\/destek-alani\/guc-kontrolu\/dinamik\/fotovoltaik\/solis-inverterin-trydan-ile-entegrasyonu\/\" aria-label=\"Read more about Solis inverterin Trydan ile entegrasyonu\">Devam\u0131n\u0131 oku<\/a><\/p>\n","protected":false},"author":400,"featured_media":0,"parent":131445,"menu_order":0,"comment_status":"closed","ping_status":"closed","template":"","meta":{"_eb_attr":"","content-type":"","_uag_custom_page_level_css":"","footnotes":""},"class_list":["post-109822","page","type-page","status-publish"],"yoast_head":"<!-- This site is optimized with the Yoast SEO plugin v25.3.1 - https:\/\/yoast.com\/wordpress\/plugins\/seo\/ -->\n<title>Solis inverterin Trydan - V2C ile entegrasyonu<\/title>\n<meta name=\"description\" content=\"Trydan \u015farj noktas\u0131, t\u00fcm Solis invert\u00f6r serisiyle uyumludur. Ba\u011flant\u0131 kablo ile yap\u0131l\u0131r ve wifi \u00fczerinden yap\u0131lamaz.\" \/>\n<meta name=\"robots\" content=\"index, follow, max-snippet:-1, max-image-preview:large, max-video-preview:-1\" \/>\n<link rel=\"canonical\" href=\"https:\/\/v2charge.com\/tr\/destek-alani\/guc-kontrolu\/dinamik\/fotovoltaik\/solis-inverterin-trydan-ile-entegrasyonu\/\" \/>\n<meta property=\"og:locale\" content=\"tr_TR\" \/>\n<meta property=\"og:type\" content=\"article\" \/>\n<meta property=\"og:title\" content=\"Solis inverterin Trydan - V2C ile entegrasyonu\" \/>\n<meta property=\"og:description\" content=\"Trydan \u015farj noktas\u0131, t\u00fcm Solis invert\u00f6r serisiyle uyumludur. Ba\u011flant\u0131 kablo ile yap\u0131l\u0131r ve wifi \u00fczerinden yap\u0131lamaz.\" \/>\n<meta property=\"og:url\" content=\"https:\/\/v2charge.com\/tr\/destek-alani\/guc-kontrolu\/dinamik\/fotovoltaik\/solis-inverterin-trydan-ile-entegrasyonu\/\" \/>\n<meta property=\"og:site_name\" content=\"V2C\" \/>\n<meta property=\"article:publisher\" content=\"https:\/\/www.facebook.com\/V2C.Charge\" \/>\n<meta property=\"article:modified_time\" content=\"2023-08-10T13:53:40+00:00\" \/>\n<meta property=\"og:image\" content=\"https:\/\/v2charge.com\/wp-content\/uploads\/2023\/01\/cable-com-SOLIS-576x1024.jpeg\" \/>\n<meta name=\"twitter:card\" content=\"summary_large_image\" \/>\n<meta name=\"twitter:site\" content=\"@V2C_Charge\" \/>\n<meta name=\"twitter:label1\" content=\"Tahmini okuma s\u00fcresi\" \/>\n\t<meta name=\"twitter:data1\" content=\"2 dakika\" \/>\n<script type=\"application\/ld+json\" class=\"yoast-schema-graph\">{\"@context\":\"https:\/\/schema.org\",\"@graph\":[{\"@type\":\"WebPage\",\"@id\":\"https:\/\/v2charge.com\/tr\/destek-alani\/guc-kontrolu\/dinamik\/fotovoltaik\/solis-inverterin-trydan-ile-entegrasyonu\/\",\"url\":\"https:\/\/v2charge.com\/tr\/destek-alani\/guc-kontrolu\/dinamik\/fotovoltaik\/solis-inverterin-trydan-ile-entegrasyonu\/\",\"name\":\"Solis inverterin Trydan - V2C ile entegrasyonu\",\"isPartOf\":{\"@id\":\"https:\/\/v2charge.com\/tr\/#website\"},\"primaryImageOfPage\":{\"@id\":\"https:\/\/v2charge.com\/tr\/destek-alani\/guc-kontrolu\/dinamik\/fotovoltaik\/solis-inverterin-trydan-ile-entegrasyonu\/#primaryimage\"},\"image\":{\"@id\":\"https:\/\/v2charge.com\/tr\/destek-alani\/guc-kontrolu\/dinamik\/fotovoltaik\/solis-inverterin-trydan-ile-entegrasyonu\/#primaryimage\"},\"thumbnailUrl\":\"https:\/\/v2charge.com\/wp-content\/uploads\/2023\/01\/cable-com-SOLIS-576x1024.jpeg\",\"datePublished\":\"2023-07-11T09:45:38+00:00\",\"dateModified\":\"2023-08-10T13:53:40+00:00\",\"description\":\"Trydan \u015farj noktas\u0131, t\u00fcm Solis invert\u00f6r serisiyle uyumludur. Ba\u011flant\u0131 kablo ile yap\u0131l\u0131r ve wifi \u00fczerinden yap\u0131lamaz.\",\"breadcrumb\":{\"@id\":\"https:\/\/v2charge.com\/tr\/destek-alani\/guc-kontrolu\/dinamik\/fotovoltaik\/solis-inverterin-trydan-ile-entegrasyonu\/#breadcrumb\"},\"inLanguage\":\"tr\",\"potentialAction\":[{\"@type\":\"ReadAction\",\"target\":[\"https:\/\/v2charge.com\/tr\/destek-alani\/guc-kontrolu\/dinamik\/fotovoltaik\/solis-inverterin-trydan-ile-entegrasyonu\/\"]}]},{\"@type\":\"ImageObject\",\"inLanguage\":\"tr\",\"@id\":\"https:\/\/v2charge.com\/tr\/destek-alani\/guc-kontrolu\/dinamik\/fotovoltaik\/solis-inverterin-trydan-ile-entegrasyonu\/#primaryimage\",\"url\":\"https:\/\/v2charge.com\/wp-content\/uploads\/2023\/01\/cable-com-SOLIS-576x1024.jpeg\",\"contentUrl\":\"https:\/\/v2charge.com\/wp-content\/uploads\/2023\/01\/cable-com-SOLIS-576x1024.jpeg\"},{\"@type\":\"BreadcrumbList\",\"@id\":\"https:\/\/v2charge.com\/tr\/destek-alani\/guc-kontrolu\/dinamik\/fotovoltaik\/solis-inverterin-trydan-ile-entegrasyonu\/#breadcrumb\",\"itemListElement\":[{\"@type\":\"ListItem\",\"position\":1,\"name\":\"V2C\",\"item\":\"https:\/\/v2charge.com\/tr\/\"},{\"@type\":\"ListItem\",\"position\":2,\"name\":\"Solis inverterin Trydan ile entegrasyonu\"}]},{\"@type\":\"WebSite\",\"@id\":\"https:\/\/v2charge.com\/tr\/#website\",\"url\":\"https:\/\/v2charge.com\/tr\/\",\"name\":\"V2C\",\"description\":\"#CargandoElMa\u00f1ana\",\"publisher\":{\"@id\":\"https:\/\/v2charge.com\/tr\/#organization\"},\"potentialAction\":[{\"@type\":\"SearchAction\",\"target\":{\"@type\":\"EntryPoint\",\"urlTemplate\":\"https:\/\/v2charge.com\/tr\/?s={search_term_string}\"},\"query-input\":{\"@type\":\"PropertyValueSpecification\",\"valueRequired\":true,\"valueName\":\"search_term_string\"}}],\"inLanguage\":\"tr\"},{\"@type\":\"Organization\",\"@id\":\"https:\/\/v2charge.com\/tr\/#organization\",\"name\":\"V2C\",\"url\":\"https:\/\/v2charge.com\/tr\/\",\"logo\":{\"@type\":\"ImageObject\",\"inLanguage\":\"tr\",\"@id\":\"https:\/\/v2charge.com\/tr\/#\/schema\/logo\/image\/\",\"url\":\"https:\/\/v2charge.com\/wp-content\/uploads\/2024\/11\/cropped-v2c-charge-logo-menu.png\",\"contentUrl\":\"https:\/\/v2charge.com\/wp-content\/uploads\/2024\/11\/cropped-v2c-charge-logo-menu.png\",\"width\":984,\"height\":431,\"caption\":\"V2C\"},\"image\":{\"@id\":\"https:\/\/v2charge.com\/tr\/#\/schema\/logo\/image\/\"},\"sameAs\":[\"https:\/\/www.facebook.com\/V2C.Charge\",\"https:\/\/x.com\/V2C_Charge\",\"https:\/\/www.instagram.com\/v2c.charge\/\",\"https:\/\/www.youtube.com\/@V2C\",\"https:\/\/www.linkedin.com\/company\/v2c-chargers\/\"]}]}<\/script>\n<!-- \/ Yoast SEO plugin. -->","yoast_head_json":{"title":"Solis inverterin Trydan - V2C ile entegrasyonu","description":"Trydan \u015farj noktas\u0131, t\u00fcm Solis invert\u00f6r serisiyle uyumludur. Ba\u011flant\u0131 kablo ile yap\u0131l\u0131r ve wifi \u00fczerinden yap\u0131lamaz.","robots":{"index":"index","follow":"follow","max-snippet":"max-snippet:-1","max-image-preview":"max-image-preview:large","max-video-preview":"max-video-preview:-1"},"canonical":"https:\/\/v2charge.com\/tr\/destek-alani\/guc-kontrolu\/dinamik\/fotovoltaik\/solis-inverterin-trydan-ile-entegrasyonu\/","og_locale":"tr_TR","og_type":"article","og_title":"Solis inverterin Trydan - V2C ile entegrasyonu","og_description":"Trydan \u015farj noktas\u0131, t\u00fcm Solis invert\u00f6r serisiyle uyumludur. Ba\u011flant\u0131 kablo ile yap\u0131l\u0131r ve wifi \u00fczerinden yap\u0131lamaz.","og_url":"https:\/\/v2charge.com\/tr\/destek-alani\/guc-kontrolu\/dinamik\/fotovoltaik\/solis-inverterin-trydan-ile-entegrasyonu\/","og_site_name":"V2C","article_publisher":"https:\/\/www.facebook.com\/V2C.Charge","article_modified_time":"2023-08-10T13:53:40+00:00","og_image":[{"url":"https:\/\/v2charge.com\/wp-content\/uploads\/2023\/01\/cable-com-SOLIS-576x1024.jpeg","type":"","width":"","height":""}],"twitter_card":"summary_large_image","twitter_site":"@V2C_Charge","twitter_misc":{"Tahmini okuma s\u00fcresi":"2 dakika"},"schema":{"@context":"https:\/\/schema.org","@graph":[{"@type":"WebPage","@id":"https:\/\/v2charge.com\/tr\/destek-alani\/guc-kontrolu\/dinamik\/fotovoltaik\/solis-inverterin-trydan-ile-entegrasyonu\/","url":"https:\/\/v2charge.com\/tr\/destek-alani\/guc-kontrolu\/dinamik\/fotovoltaik\/solis-inverterin-trydan-ile-entegrasyonu\/","name":"Solis inverterin Trydan - V2C ile entegrasyonu","isPartOf":{"@id":"https:\/\/v2charge.com\/tr\/#website"},"primaryImageOfPage":{"@id":"https:\/\/v2charge.com\/tr\/destek-alani\/guc-kontrolu\/dinamik\/fotovoltaik\/solis-inverterin-trydan-ile-entegrasyonu\/#primaryimage"},"image":{"@id":"https:\/\/v2charge.com\/tr\/destek-alani\/guc-kontrolu\/dinamik\/fotovoltaik\/solis-inverterin-trydan-ile-entegrasyonu\/#primaryimage"},"thumbnailUrl":"https:\/\/v2charge.com\/wp-content\/uploads\/2023\/01\/cable-com-SOLIS-576x1024.jpeg","datePublished":"2023-07-11T09:45:38+00:00","dateModified":"2023-08-10T13:53:40+00:00","description":"Trydan \u015farj noktas\u0131, t\u00fcm Solis invert\u00f6r serisiyle uyumludur. Ba\u011flant\u0131 kablo ile yap\u0131l\u0131r ve wifi \u00fczerinden yap\u0131lamaz.","breadcrumb":{"@id":"https:\/\/v2charge.com\/tr\/destek-alani\/guc-kontrolu\/dinamik\/fotovoltaik\/solis-inverterin-trydan-ile-entegrasyonu\/#breadcrumb"},"inLanguage":"tr","potentialAction":[{"@type":"ReadAction","target":["https:\/\/v2charge.com\/tr\/destek-alani\/guc-kontrolu\/dinamik\/fotovoltaik\/solis-inverterin-trydan-ile-entegrasyonu\/"]}]},{"@type":"ImageObject","inLanguage":"tr","@id":"https:\/\/v2charge.com\/tr\/destek-alani\/guc-kontrolu\/dinamik\/fotovoltaik\/solis-inverterin-trydan-ile-entegrasyonu\/#primaryimage","url":"https:\/\/v2charge.com\/wp-content\/uploads\/2023\/01\/cable-com-SOLIS-576x1024.jpeg","contentUrl":"https:\/\/v2charge.com\/wp-content\/uploads\/2023\/01\/cable-com-SOLIS-576x1024.jpeg"},{"@type":"BreadcrumbList","@id":"https:\/\/v2charge.com\/tr\/destek-alani\/guc-kontrolu\/dinamik\/fotovoltaik\/solis-inverterin-trydan-ile-entegrasyonu\/#breadcrumb","itemListElement":[{"@type":"ListItem","position":1,"name":"V2C","item":"https:\/\/v2charge.com\/tr\/"},{"@type":"ListItem","position":2,"name":"Solis inverterin Trydan ile entegrasyonu"}]},{"@type":"WebSite","@id":"https:\/\/v2charge.com\/tr\/#website","url":"https:\/\/v2charge.com\/tr\/","name":"V2C","description":"#CargandoElMa\u00f1ana","publisher":{"@id":"https:\/\/v2charge.com\/tr\/#organization"},"potentialAction":[{"@type":"SearchAction","target":{"@type":"EntryPoint","urlTemplate":"https:\/\/v2charge.com\/tr\/?s={search_term_string}"},"query-input":{"@type":"PropertyValueSpecification","valueRequired":true,"valueName":"search_term_string"}}],"inLanguage":"tr"},{"@type":"Organization","@id":"https:\/\/v2charge.com\/tr\/#organization","name":"V2C","url":"https:\/\/v2charge.com\/tr\/","logo":{"@type":"ImageObject","inLanguage":"tr","@id":"https:\/\/v2charge.com\/tr\/#\/schema\/logo\/image\/","url":"https:\/\/v2charge.com\/wp-content\/uploads\/2024\/11\/cropped-v2c-charge-logo-menu.png","contentUrl":"https:\/\/v2charge.com\/wp-content\/uploads\/2024\/11\/cropped-v2c-charge-logo-menu.png","width":984,"height":431,"caption":"V2C"},"image":{"@id":"https:\/\/v2charge.com\/tr\/#\/schema\/logo\/image\/"},"sameAs":["https:\/\/www.facebook.com\/V2C.Charge","https:\/\/x.com\/V2C_Charge","https:\/\/www.instagram.com\/v2c.charge\/","https:\/\/www.youtube.com\/@V2C","https:\/\/www.linkedin.com\/company\/v2c-chargers\/"]}]}},"uagb_featured_image_src":{"full":false,"thumbnail":false,"medium":false,"medium_large":false,"large":false,"gs-tiny":false,"xl":false,"xxl":false,"xxxl":false,"xxxxl":false,"xxxxxl":false,"1536x1536":false,"2048x2048":false},"uagb_author_info":{"display_name":"V2C","author_link":"https:\/\/v2charge.com\/tr\/author\/marketing\/"},"uagb_comment_info":0,"uagb_excerpt":"Solis inverterin Trydan ile entegrasyonu Trydan \u015farj noktas\u0131 t\u00fcm Solis invert\u00f6r serisiyle uyumludur. Ba\u011flant\u0131 kablo ile do\u011frudan invert\u00f6re yap\u0131lmal\u0131d\u0131r ve invert\u00f6rlerin b\u00fcy\u00fck \u00e7o\u011funlu\u011funun aksine kablo olmadan (wifi \u00fczerinden) yap\u0131lamaz. Kablonun d\u00f6\u015fenmesi gerekti\u011finden kurulum daha karma\u015f\u0131kt\u0131r, ancak yap\u0131land\u0131rma daha kararl\u0131 olacakt\u0131r. \u00d6ncelikle a\u015fa\u011f\u0131daki resimde g\u00f6sterilen kabloyu ba\u011flaman\u0131z gerekmektedir. Bu kablo \u00fcr\u00fcne dahildir. E\u011fer yoksa, distrib\u00fct\u00f6rden RS485&hellip;","_links":{"self":[{"href":"https:\/\/v2charge.com\/tr\/wp-json\/wp\/v2\/pages\/109822","targetHints":{"allow":["GET"]}}],"collection":[{"href":"https:\/\/v2charge.com\/tr\/wp-json\/wp\/v2\/pages"}],"about":[{"href":"https:\/\/v2charge.com\/tr\/wp-json\/wp\/v2\/types\/page"}],"author":[{"embeddable":true,"href":"https:\/\/v2charge.com\/tr\/wp-json\/wp\/v2\/users\/400"}],"replies":[{"embeddable":true,"href":"https:\/\/v2charge.com\/tr\/wp-json\/wp\/v2\/comments?post=109822"}],"version-history":[{"count":0,"href":"https:\/\/v2charge.com\/tr\/wp-json\/wp\/v2\/pages\/109822\/revisions"}],"up":[{"embeddable":true,"href":"https:\/\/v2charge.com\/tr\/wp-json\/wp\/v2\/pages\/131445"}],"wp:attachment":[{"href":"https:\/\/v2charge.com\/tr\/wp-json\/wp\/v2\/media?parent=109822"}],"curies":[{"name":"wp","href":"https:\/\/api.w.org\/{rel}","templated":true}]}}