{"id":110060,"date":"2023-07-11T11:34:47","date_gmt":"2023-07-11T11:34:47","guid":{"rendered":"https:\/\/v2charge.com\/?page_id=110060"},"modified":"2023-08-10T13:51:58","modified_gmt":"2023-08-10T13:51:58","slug":"sarj-noktam-neden-sarjin-son-dakikasinda-sarj-gucunu-dusuruyor","status":"publish","type":"page","link":"https:\/\/v2charge.com\/tr\/sarj-noktam-neden-sarjin-son-dakikasinda-sarj-gucunu-dusuruyor\/","title":{"rendered":"\u015earj noktam neden \u015farj\u0131n son dakikas\u0131nda \u015farj g\u00fcc\u00fcn\u00fc d\u00fc\u015f\u00fcr\u00fcyor?"},"content":{"rendered":"<p>\u015earj cihaz\u0131n\u0131z\u0131n \u00f6mr\u00fcn\u00fc m\u00fcmk\u00fcn oldu\u011funca uzatmak i\u00e7in, ark kontaklar\u0131n\u0131 m\u00fcmk\u00fcn oldu\u011funca s\u0131k \u00f6nl\u00fcyoruz. Bu nedenle, \u015farj\u0131n bitmek \u00fczere oldu\u011funu anlad\u0131\u011f\u0131m\u0131zda, \u015farj g\u00fcc\u00fcn\u00fc maksimuma d\u00fc\u015f\u00fcrerek \u015farj cihaz\u0131n\u0131n a\u00e7\u0131kl\u0131\u011f\u0131nda ark olu\u015fmas\u0131n\u0131 \u00f6nl\u00fcyoruz.<\/p>\n<div style=\"height:60px\" aria-hidden=\"true\" class=\"wp-block-spacer\"><\/div>\n","protected":false},"excerpt":{"rendered":"<p>\u015earj cihaz\u0131n\u0131z\u0131n \u00f6mr\u00fcn\u00fc m\u00fcmk\u00fcn oldu\u011funca uzatmak i\u00e7in, ark kontaklar\u0131n\u0131 m\u00fcmk\u00fcn oldu\u011funca s\u0131k \u00f6nl\u00fcyoruz. Bu nedenle, \u015farj\u0131n bitmek \u00fczere oldu\u011funu anlad\u0131\u011f\u0131m\u0131zda, \u015farj g\u00fcc\u00fcn\u00fc maksimuma d\u00fc\u015f\u00fcrerek \u015farj cihaz\u0131n\u0131n a\u00e7\u0131kl\u0131\u011f\u0131nda ark olu\u015fmas\u0131n\u0131 \u00f6nl\u00fcyoruz.<\/p>\n","protected":false},"author":400,"featured_media":0,"parent":0,"menu_order":0,"comment_status":"closed","ping_status":"closed","template":"","meta":{"_eb_attr":"","content-type":"","_uag_custom_page_level_css":"","footnotes":""},"class_list":["post-110060","page","type-page","status-publish"],"yoast_head":"<!-- This site is optimized with the Yoast SEO plugin v25.3.1 - https:\/\/yoast.com\/wordpress\/plugins\/seo\/ -->\n<title>E-\u015earj cihaz\u0131m neden son dakikada bozuluyor? | V2C<\/title>\n<meta name=\"description\" content=\"\u015earj noktan\u0131z\u0131n \u015farj i\u015fleminin son dakikas\u0131nda neden g\u00fc\u00e7 kaybetti\u011fini a\u00e7\u0131kl\u0131yoruz: \u015earj cihaz\u0131n\u0131n \u00f6mr\u00fcn\u00fc uzatman\u0131n bir yolu.\" \/>\n<meta name=\"robots\" content=\"index, follow, max-snippet:-1, max-image-preview:large, max-video-preview:-1\" \/>\n<link rel=\"canonical\" href=\"https:\/\/v2charge.com\/tr\/sarj-noktam-neden-sarjin-son-dakikasinda-sarj-gucunu-dusuruyor\/\" \/>\n<meta property=\"og:locale\" content=\"tr_TR\" \/>\n<meta property=\"og:type\" content=\"article\" \/>\n<meta property=\"og:title\" content=\"E-\u015earj cihaz\u0131m neden son dakikada bozuluyor? | V2C\" \/>\n<meta property=\"og:description\" content=\"\u015earj noktan\u0131z\u0131n \u015farj i\u015fleminin son dakikas\u0131nda neden g\u00fc\u00e7 kaybetti\u011fini a\u00e7\u0131kl\u0131yoruz: \u015earj cihaz\u0131n\u0131n \u00f6mr\u00fcn\u00fc uzatman\u0131n bir yolu.\" \/>\n<meta property=\"og:url\" content=\"https:\/\/v2charge.com\/tr\/sarj-noktam-neden-sarjin-son-dakikasinda-sarj-gucunu-dusuruyor\/\" \/>\n<meta property=\"og:site_name\" content=\"V2C\" \/>\n<meta property=\"article:publisher\" content=\"https:\/\/www.facebook.com\/V2C.Charge\" \/>\n<meta property=\"article:modified_time\" content=\"2023-08-10T13:51:58+00:00\" \/>\n<meta property=\"og:image\" content=\"https:\/\/v2charge.com\/wp-content\/uploads\/2024\/07\/v2c-electric-chargers.jpg\" \/>\n\t<meta property=\"og:image:width\" content=\"1200\" \/>\n\t<meta property=\"og:image:height\" content=\"675\" \/>\n\t<meta property=\"og:image:type\" content=\"image\/jpeg\" \/>\n<meta name=\"twitter:card\" content=\"summary_large_image\" \/>\n<meta name=\"twitter:site\" content=\"@V2C_Charge\" \/>\n<meta name=\"twitter:label1\" content=\"Tahmini okuma s\u00fcresi\" \/>\n\t<meta name=\"twitter:data1\" content=\"1 dakika\" \/>\n<script type=\"application\/ld+json\" class=\"yoast-schema-graph\">{\"@context\":\"https:\/\/schema.org\",\"@graph\":[{\"@type\":\"WebPage\",\"@id\":\"https:\/\/v2charge.com\/tr\/sarj-noktam-neden-sarjin-son-dakikasinda-sarj-gucunu-dusuruyor\/\",\"url\":\"https:\/\/v2charge.com\/tr\/sarj-noktam-neden-sarjin-son-dakikasinda-sarj-gucunu-dusuruyor\/\",\"name\":\"E-\u015earj cihaz\u0131m neden son dakikada bozuluyor? | V2C\",\"isPartOf\":{\"@id\":\"https:\/\/v2charge.com\/tr\/#website\"},\"datePublished\":\"2023-07-11T11:34:47+00:00\",\"dateModified\":\"2023-08-10T13:51:58+00:00\",\"description\":\"\u015earj noktan\u0131z\u0131n \u015farj i\u015fleminin son dakikas\u0131nda neden g\u00fc\u00e7 kaybetti\u011fini a\u00e7\u0131kl\u0131yoruz: \u015earj cihaz\u0131n\u0131n \u00f6mr\u00fcn\u00fc uzatman\u0131n bir yolu.\",\"breadcrumb\":{\"@id\":\"https:\/\/v2charge.com\/tr\/sarj-noktam-neden-sarjin-son-dakikasinda-sarj-gucunu-dusuruyor\/#breadcrumb\"},\"inLanguage\":\"tr\",\"potentialAction\":[{\"@type\":\"ReadAction\",\"target\":[\"https:\/\/v2charge.com\/tr\/sarj-noktam-neden-sarjin-son-dakikasinda-sarj-gucunu-dusuruyor\/\"]}]},{\"@type\":\"BreadcrumbList\",\"@id\":\"https:\/\/v2charge.com\/tr\/sarj-noktam-neden-sarjin-son-dakikasinda-sarj-gucunu-dusuruyor\/#breadcrumb\",\"itemListElement\":[{\"@type\":\"ListItem\",\"position\":1,\"name\":\"V2C\",\"item\":\"https:\/\/v2charge.com\/tr\/\"},{\"@type\":\"ListItem\",\"position\":2,\"name\":\"\u015earj noktam neden \u015farj\u0131n son dakikas\u0131nda \u015farj g\u00fcc\u00fcn\u00fc d\u00fc\u015f\u00fcr\u00fcyor?\"}]},{\"@type\":\"WebSite\",\"@id\":\"https:\/\/v2charge.com\/tr\/#website\",\"url\":\"https:\/\/v2charge.com\/tr\/\",\"name\":\"V2C\",\"description\":\"#CargandoElMa\u00f1ana\",\"publisher\":{\"@id\":\"https:\/\/v2charge.com\/tr\/#organization\"},\"potentialAction\":[{\"@type\":\"SearchAction\",\"target\":{\"@type\":\"EntryPoint\",\"urlTemplate\":\"https:\/\/v2charge.com\/tr\/?s={search_term_string}\"},\"query-input\":{\"@type\":\"PropertyValueSpecification\",\"valueRequired\":true,\"valueName\":\"search_term_string\"}}],\"inLanguage\":\"tr\"},{\"@type\":\"Organization\",\"@id\":\"https:\/\/v2charge.com\/tr\/#organization\",\"name\":\"V2C\",\"url\":\"https:\/\/v2charge.com\/tr\/\",\"logo\":{\"@type\":\"ImageObject\",\"inLanguage\":\"tr\",\"@id\":\"https:\/\/v2charge.com\/tr\/#\/schema\/logo\/image\/\",\"url\":\"https:\/\/v2charge.com\/wp-content\/uploads\/2024\/11\/cropped-v2c-charge-logo-menu.png\",\"contentUrl\":\"https:\/\/v2charge.com\/wp-content\/uploads\/2024\/11\/cropped-v2c-charge-logo-menu.png\",\"width\":984,\"height\":431,\"caption\":\"V2C\"},\"image\":{\"@id\":\"https:\/\/v2charge.com\/tr\/#\/schema\/logo\/image\/\"},\"sameAs\":[\"https:\/\/www.facebook.com\/V2C.Charge\",\"https:\/\/x.com\/V2C_Charge\",\"https:\/\/www.instagram.com\/v2c.charge\/\",\"https:\/\/www.youtube.com\/@V2C\",\"https:\/\/www.linkedin.com\/company\/v2c-chargers\/\"]}]}<\/script>\n<!-- \/ Yoast SEO plugin. -->","yoast_head_json":{"title":"E-\u015earj cihaz\u0131m neden son dakikada bozuluyor? | V2C","description":"\u015earj noktan\u0131z\u0131n \u015farj i\u015fleminin son dakikas\u0131nda neden g\u00fc\u00e7 kaybetti\u011fini a\u00e7\u0131kl\u0131yoruz: \u015earj cihaz\u0131n\u0131n \u00f6mr\u00fcn\u00fc uzatman\u0131n bir yolu.","robots":{"index":"index","follow":"follow","max-snippet":"max-snippet:-1","max-image-preview":"max-image-preview:large","max-video-preview":"max-video-preview:-1"},"canonical":"https:\/\/v2charge.com\/tr\/sarj-noktam-neden-sarjin-son-dakikasinda-sarj-gucunu-dusuruyor\/","og_locale":"tr_TR","og_type":"article","og_title":"E-\u015earj cihaz\u0131m neden son dakikada bozuluyor? | V2C","og_description":"\u015earj noktan\u0131z\u0131n \u015farj i\u015fleminin son dakikas\u0131nda neden g\u00fc\u00e7 kaybetti\u011fini a\u00e7\u0131kl\u0131yoruz: \u015earj cihaz\u0131n\u0131n \u00f6mr\u00fcn\u00fc uzatman\u0131n bir yolu.","og_url":"https:\/\/v2charge.com\/tr\/sarj-noktam-neden-sarjin-son-dakikasinda-sarj-gucunu-dusuruyor\/","og_site_name":"V2C","article_publisher":"https:\/\/www.facebook.com\/V2C.Charge","article_modified_time":"2023-08-10T13:51:58+00:00","og_image":[{"width":1200,"height":675,"url":"https:\/\/v2charge.com\/wp-content\/uploads\/2024\/07\/v2c-electric-chargers.jpg","type":"image\/jpeg"}],"twitter_card":"summary_large_image","twitter_site":"@V2C_Charge","twitter_misc":{"Tahmini okuma s\u00fcresi":"1 dakika"},"schema":{"@context":"https:\/\/schema.org","@graph":[{"@type":"WebPage","@id":"https:\/\/v2charge.com\/tr\/sarj-noktam-neden-sarjin-son-dakikasinda-sarj-gucunu-dusuruyor\/","url":"https:\/\/v2charge.com\/tr\/sarj-noktam-neden-sarjin-son-dakikasinda-sarj-gucunu-dusuruyor\/","name":"E-\u015earj cihaz\u0131m neden son dakikada bozuluyor? | V2C","isPartOf":{"@id":"https:\/\/v2charge.com\/tr\/#website"},"datePublished":"2023-07-11T11:34:47+00:00","dateModified":"2023-08-10T13:51:58+00:00","description":"\u015earj noktan\u0131z\u0131n \u015farj i\u015fleminin son dakikas\u0131nda neden g\u00fc\u00e7 kaybetti\u011fini a\u00e7\u0131kl\u0131yoruz: \u015earj cihaz\u0131n\u0131n \u00f6mr\u00fcn\u00fc uzatman\u0131n bir yolu.","breadcrumb":{"@id":"https:\/\/v2charge.com\/tr\/sarj-noktam-neden-sarjin-son-dakikasinda-sarj-gucunu-dusuruyor\/#breadcrumb"},"inLanguage":"tr","potentialAction":[{"@type":"ReadAction","target":["https:\/\/v2charge.com\/tr\/sarj-noktam-neden-sarjin-son-dakikasinda-sarj-gucunu-dusuruyor\/"]}]},{"@type":"BreadcrumbList","@id":"https:\/\/v2charge.com\/tr\/sarj-noktam-neden-sarjin-son-dakikasinda-sarj-gucunu-dusuruyor\/#breadcrumb","itemListElement":[{"@type":"ListItem","position":1,"name":"V2C","item":"https:\/\/v2charge.com\/tr\/"},{"@type":"ListItem","position":2,"name":"\u015earj noktam neden \u015farj\u0131n son dakikas\u0131nda \u015farj g\u00fcc\u00fcn\u00fc d\u00fc\u015f\u00fcr\u00fcyor?"}]},{"@type":"WebSite","@id":"https:\/\/v2charge.com\/tr\/#website","url":"https:\/\/v2charge.com\/tr\/","name":"V2C","description":"#CargandoElMa\u00f1ana","publisher":{"@id":"https:\/\/v2charge.com\/tr\/#organization"},"potentialAction":[{"@type":"SearchAction","target":{"@type":"EntryPoint","urlTemplate":"https:\/\/v2charge.com\/tr\/?s={search_term_string}"},"query-input":{"@type":"PropertyValueSpecification","valueRequired":true,"valueName":"search_term_string"}}],"inLanguage":"tr"},{"@type":"Organization","@id":"https:\/\/v2charge.com\/tr\/#organization","name":"V2C","url":"https:\/\/v2charge.com\/tr\/","logo":{"@type":"ImageObject","inLanguage":"tr","@id":"https:\/\/v2charge.com\/tr\/#\/schema\/logo\/image\/","url":"https:\/\/v2charge.com\/wp-content\/uploads\/2024\/11\/cropped-v2c-charge-logo-menu.png","contentUrl":"https:\/\/v2charge.com\/wp-content\/uploads\/2024\/11\/cropped-v2c-charge-logo-menu.png","width":984,"height":431,"caption":"V2C"},"image":{"@id":"https:\/\/v2charge.com\/tr\/#\/schema\/logo\/image\/"},"sameAs":["https:\/\/www.facebook.com\/V2C.Charge","https:\/\/x.com\/V2C_Charge","https:\/\/www.instagram.com\/v2c.charge\/","https:\/\/www.youtube.com\/@V2C","https:\/\/www.linkedin.com\/company\/v2c-chargers\/"]}]}},"uagb_featured_image_src":{"full":false,"thumbnail":false,"medium":false,"medium_large":false,"large":false,"gs-tiny":false,"xl":false,"xxl":false,"xxxl":false,"xxxxl":false,"xxxxxl":false,"1536x1536":false,"2048x2048":false},"uagb_author_info":{"display_name":"V2C","author_link":"https:\/\/v2charge.com\/tr\/author\/marketing\/"},"uagb_comment_info":0,"uagb_excerpt":"\u015earj cihaz\u0131n\u0131z\u0131n \u00f6mr\u00fcn\u00fc m\u00fcmk\u00fcn oldu\u011funca uzatmak i\u00e7in, ark kontaklar\u0131n\u0131 m\u00fcmk\u00fcn oldu\u011funca s\u0131k \u00f6nl\u00fcyoruz. Bu nedenle, \u015farj\u0131n bitmek \u00fczere oldu\u011funu anlad\u0131\u011f\u0131m\u0131zda, \u015farj g\u00fcc\u00fcn\u00fc maksimuma d\u00fc\u015f\u00fcrerek \u015farj cihaz\u0131n\u0131n a\u00e7\u0131kl\u0131\u011f\u0131nda ark olu\u015fmas\u0131n\u0131 \u00f6nl\u00fcyoruz.","_links":{"self":[{"href":"https:\/\/v2charge.com\/tr\/wp-json\/wp\/v2\/pages\/110060","targetHints":{"allow":["GET"]}}],"collection":[{"href":"https:\/\/v2charge.com\/tr\/wp-json\/wp\/v2\/pages"}],"about":[{"href":"https:\/\/v2charge.com\/tr\/wp-json\/wp\/v2\/types\/page"}],"author":[{"embeddable":true,"href":"https:\/\/v2charge.com\/tr\/wp-json\/wp\/v2\/users\/400"}],"replies":[{"embeddable":true,"href":"https:\/\/v2charge.com\/tr\/wp-json\/wp\/v2\/comments?post=110060"}],"version-history":[{"count":0,"href":"https:\/\/v2charge.com\/tr\/wp-json\/wp\/v2\/pages\/110060\/revisions"}],"wp:attachment":[{"href":"https:\/\/v2charge.com\/tr\/wp-json\/wp\/v2\/media?parent=110060"}],"curies":[{"name":"wp","href":"https:\/\/api.w.org\/{rel}","templated":true}]}}