{"id":113158,"date":"2023-07-13T11:51:06","date_gmt":"2023-07-13T11:51:06","guid":{"rendered":"https:\/\/v2charge.com\/?page_id=113158"},"modified":"2023-08-10T13:49:16","modified_gmt":"2023-08-10T13:49:16","slug":"aracimi-sarj-etme-zamanini-nasil-belirleyebilirim","status":"publish","type":"page","link":"https:\/\/v2charge.com\/tr\/aracimi-sarj-etme-zamanini-nasil-belirleyebilirim\/","title":{"rendered":"Arac\u0131m\u0131 \u015farj etme zaman\u0131n\u0131 nas\u0131l belirleyebilirim?"},"content":{"rendered":"<div style=\"height:60px\" aria-hidden=\"true\" class=\"wp-block-spacer\"><\/div>\n<h1>Arac\u0131m\u0131 \u015farj etme zaman\u0131n\u0131 nas\u0131l belirleyebilirim?<\/h1>\n<p>V2C bulutu ile \u015farj noktalar\u0131 \u00e7ok basit bir \u015fekilde zamanlanabilir.<\/p>\n<h2>Uygulama arac\u0131l\u0131\u011f\u0131yla<\/h2>\n<p>Bluetooth veya WiFi \u00f6zellikli cihazlar i\u00e7in kullan\u0131labilir. Uygulamaya eri\u015fin ve \u015farj noktas\u0131na dokunun.<\/p>\n<p>Takvim simgesine t\u0131klay\u0131n.<\/p>\n<p>\u0130ki zamanlay\u0131c\u0131n\u0131z var. Zamanlay\u0131c\u0131 1 ve zamanlay\u0131c\u0131 2, haftan\u0131n g\u00fcn\u00fcn\u00fc ve etkinle\u015ftirmek istedi\u011finiz saati se\u00e7in, her ikisiyle birlikte \u00e7al\u0131\u015fabilirsiniz. \u00d6rne\u011fin, zamanlay\u0131c\u0131 1&#8217;de Pazartesi 16.30-18.30 aras\u0131 ve zamanlay\u0131c\u0131 2&#8217;de Pazartesi 19.15-20:00 aras\u0131 ayarlay\u0131n. Bu \u015fekilde 18:30 ile 19:15 aras\u0131nda \u015farj noktas\u0131 durdurulacakt\u0131r.<\/p>\n<p><img decoding=\"async\" src=\"https:\/\/v2charge.com\/wp-content\/uploads\/2023\/01\/v2c-app-ajustes-calendario.jpg\" alt=\"\" class=\"wp-image-91343\" width=\"346\" height=\"485\" srcset=\"https:\/\/v2charge.com\/wp-content\/uploads\/2023\/01\/v2c-app-ajustes-calendario.jpg 1385w, https:\/\/v2charge.com\/wp-content\/uploads\/2023\/01\/v2c-app-ajustes-calendario-214x300.jpg 214w, https:\/\/v2charge.com\/wp-content\/uploads\/2023\/01\/v2c-app-ajustes-calendario-731x1024.jpg 731w, https:\/\/v2charge.com\/wp-content\/uploads\/2023\/01\/v2c-app-ajustes-calendario-768x1075.jpg 768w, https:\/\/v2charge.com\/wp-content\/uploads\/2023\/01\/v2c-app-ajustes-calendario-1097x1536.jpg 1097w\" sizes=\"(max-width: 346px) 100vw, 346px\" \/><\/p>\n<p><img decoding=\"async\" src=\"https:\/\/v2charge.com\/wp-content\/uploads\/2023\/01\/temporizar-carga-v2c-app.jpg\" alt=\"\" class=\"wp-image-91351\" width=\"346\" height=\"485\" srcset=\"https:\/\/v2charge.com\/wp-content\/uploads\/2023\/01\/temporizar-carga-v2c-app.jpg 1385w, https:\/\/v2charge.com\/wp-content\/uploads\/2023\/01\/temporizar-carga-v2c-app-214x300.jpg 214w, https:\/\/v2charge.com\/wp-content\/uploads\/2023\/01\/temporizar-carga-v2c-app-731x1024.jpg 731w, https:\/\/v2charge.com\/wp-content\/uploads\/2023\/01\/temporizar-carga-v2c-app-768x1075.jpg 768w, https:\/\/v2charge.com\/wp-content\/uploads\/2023\/01\/temporizar-carga-v2c-app-1097x1536.jpg 1097w\" sizes=\"(max-width: 346px) 100vw, 346px\" \/><br \/>\n<img decoding=\"async\" src=\"https:\/\/v2charge.com\/wp-content\/uploads\/2023\/01\/calendario-de-cargas-v2c-app.jpg\" alt=\"\" class=\"wp-image-91360\" width=\"346\" height=\"485\" srcset=\"https:\/\/v2charge.com\/wp-content\/uploads\/2023\/01\/calendario-de-cargas-v2c-app.jpg 1385w, https:\/\/v2charge.com\/wp-content\/uploads\/2023\/01\/calendario-de-cargas-v2c-app-214x300.jpg 214w, https:\/\/v2charge.com\/wp-content\/uploads\/2023\/01\/calendario-de-cargas-v2c-app-731x1024.jpg 731w, https:\/\/v2charge.com\/wp-content\/uploads\/2023\/01\/calendario-de-cargas-v2c-app-768x1075.jpg 768w, https:\/\/v2charge.com\/wp-content\/uploads\/2023\/01\/calendario-de-cargas-v2c-app-1097x1536.jpg 1097w\" sizes=\"(max-width: 346px) 100vw, 346px\" \/><\/p>\n<p>Ana sayfada programland\u0131ktan sonra, yap\u0131labilecek bir sonraki y\u00fcklemenin zaman\u0131n\u0131 g\u00f6sterecektir.<\/p>\n<p><img decoding=\"async\" src=\"https:\/\/v2charge.com\/wp-content\/uploads\/2023\/01\/calendario-app-v2c-app-programacio\u0301n.jpg\" alt=\"\" class=\"wp-image-91368\" width=\"346\" height=\"485\" srcset=\"https:\/\/v2charge.com\/wp-content\/uploads\/2023\/01\/calendario-app-v2c-app-programacio\u0301n.jpg 1385w, https:\/\/v2charge.com\/wp-content\/uploads\/2023\/01\/calendario-app-v2c-app-programacio\u0301n-214x300.jpg 214w, https:\/\/v2charge.com\/wp-content\/uploads\/2023\/01\/calendario-app-v2c-app-programacio\u0301n-731x1024.jpg 731w, https:\/\/v2charge.com\/wp-content\/uploads\/2023\/01\/calendario-app-v2c-app-programacio\u0301n-768x1075.jpg 768w, https:\/\/v2charge.com\/wp-content\/uploads\/2023\/01\/calendario-app-v2c-app-programacio\u0301n-1097x1536.jpg 1097w\" sizes=\"(max-width: 346px) 100vw, 346px\" \/><\/p>\n<p><em><a href=\"https:\/\/v2charge.com\/tr\/sarj-noktam-neden-sarjin-son-dakikasinda-sarj-gucunu-dusuruyor\/\">\u015earj noktam neden \u015farj\u0131n son dakikas\u0131nda \u015farj g\u00fcc\u00fcn\u00fc d\u00fc\u015f\u00fcr\u00fcyor<\/a>? G\u00f6sterilen t\u00fcm ad\u0131mlar, \u015farj noktas\u0131 ayarlar\u0131na eri\u015ferek bir PC&#8217;deki V2C Cloud&#8217;dan da ger\u00e7ekle\u015ftirilebilir.<\/em><\/p>\n<div style=\"height:60px\" aria-hidden=\"true\" class=\"wp-block-spacer\"><\/div>\n","protected":false},"excerpt":{"rendered":"<p>Arac\u0131m\u0131 \u015farj etme zaman\u0131n\u0131 nas\u0131l belirleyebilirim? V2C bulutu ile \u015farj noktalar\u0131 \u00e7ok basit bir \u015fekilde zamanlanabilir. Uygulama arac\u0131l\u0131\u011f\u0131yla Bluetooth veya WiFi \u00f6zellikli cihazlar i\u00e7in kullan\u0131labilir. Uygulamaya eri\u015fin ve \u015farj noktas\u0131na dokunun. Takvim simgesine t\u0131klay\u0131n. \u0130ki zamanlay\u0131c\u0131n\u0131z var. Zamanlay\u0131c\u0131 1 ve zamanlay\u0131c\u0131 2, haftan\u0131n g\u00fcn\u00fcn\u00fc ve etkinle\u015ftirmek istedi\u011finiz saati se\u00e7in, her ikisiyle birlikte \u00e7al\u0131\u015fabilirsiniz. \u00d6rne\u011fin, zamanlay\u0131c\u0131 &#8230; <a title=\"Arac\u0131m\u0131 \u015farj etme zaman\u0131n\u0131 nas\u0131l belirleyebilirim?\" class=\"read-more\" href=\"https:\/\/v2charge.com\/tr\/aracimi-sarj-etme-zamanini-nasil-belirleyebilirim\/\" aria-label=\"Read more about Arac\u0131m\u0131 \u015farj etme zaman\u0131n\u0131 nas\u0131l belirleyebilirim?\">Devam\u0131n\u0131 oku<\/a><\/p>\n","protected":false},"author":400,"featured_media":170355,"parent":0,"menu_order":0,"comment_status":"closed","ping_status":"closed","template":"","meta":{"_eb_attr":"","content-type":"","_uag_custom_page_level_css":"","footnotes":""},"class_list":["post-113158","page","type-page","status-publish","has-post-thumbnail"],"yoast_head":"<!-- This site is optimized with the Yoast SEO plugin v25.3.1 - https:\/\/yoast.com\/wordpress\/plugins\/seo\/ -->\n<title>Arac\u0131m\u0131n \u015farj\u0131n\u0131 nas\u0131l zamanlayabilirim? \u25b7 V2C Cloud<\/title>\n<meta name=\"description\" content=\"V2C uygulamas\u0131 arac\u0131l\u0131\u011f\u0131yla arac\u0131n\u0131z\u0131n \u015farj\u0131n\u0131 elektrikli \u015farj cihaz\u0131n\u0131zla nas\u0131l zamanlayabilece\u011finizi a\u00e7\u0131kl\u0131yoruz. [Destek Alan\u0131]\" \/>\n<meta name=\"robots\" content=\"index, follow, max-snippet:-1, max-image-preview:large, max-video-preview:-1\" \/>\n<link rel=\"canonical\" href=\"https:\/\/v2charge.com\/tr\/aracimi-sarj-etme-zamanini-nasil-belirleyebilirim\/\" \/>\n<meta property=\"og:locale\" content=\"tr_TR\" \/>\n<meta property=\"og:type\" content=\"article\" \/>\n<meta property=\"og:title\" content=\"Arac\u0131m\u0131n \u015farj\u0131n\u0131 nas\u0131l zamanlayabilirim? \u25b7 V2C Cloud\" \/>\n<meta property=\"og:description\" content=\"V2C uygulamas\u0131 arac\u0131l\u0131\u011f\u0131yla arac\u0131n\u0131z\u0131n \u015farj\u0131n\u0131 elektrikli \u015farj cihaz\u0131n\u0131zla nas\u0131l zamanlayabilece\u011finizi a\u00e7\u0131kl\u0131yoruz. [Destek Alan\u0131]\" \/>\n<meta property=\"og:url\" content=\"https:\/\/v2charge.com\/tr\/aracimi-sarj-etme-zamanini-nasil-belirleyebilirim\/\" \/>\n<meta property=\"og:site_name\" content=\"V2C\" \/>\n<meta property=\"article:publisher\" content=\"https:\/\/www.facebook.com\/V2C.Charge\" \/>\n<meta property=\"article:modified_time\" content=\"2023-08-10T13:49:16+00:00\" \/>\n<meta property=\"og:image\" content=\"https:\/\/v2charge.com\/wp-content\/uploads\/2023\/01\/v2c-app-ajustes-calendario.jpg\" \/>\n<meta name=\"twitter:card\" content=\"summary_large_image\" \/>\n<meta name=\"twitter:site\" content=\"@V2C_Charge\" \/>\n<meta name=\"twitter:label1\" content=\"Tahmini okuma s\u00fcresi\" \/>\n\t<meta name=\"twitter:data1\" content=\"2 dakika\" \/>\n<script type=\"application\/ld+json\" class=\"yoast-schema-graph\">{\"@context\":\"https:\/\/schema.org\",\"@graph\":[{\"@type\":\"WebPage\",\"@id\":\"https:\/\/v2charge.com\/tr\/aracimi-sarj-etme-zamanini-nasil-belirleyebilirim\/\",\"url\":\"https:\/\/v2charge.com\/tr\/aracimi-sarj-etme-zamanini-nasil-belirleyebilirim\/\",\"name\":\"Arac\u0131m\u0131n \u015farj\u0131n\u0131 nas\u0131l zamanlayabilirim? \u25b7 V2C Cloud\",\"isPartOf\":{\"@id\":\"https:\/\/v2charge.com\/tr\/#website\"},\"primaryImageOfPage\":{\"@id\":\"https:\/\/v2charge.com\/tr\/aracimi-sarj-etme-zamanini-nasil-belirleyebilirim\/#primaryimage\"},\"image\":{\"@id\":\"https:\/\/v2charge.com\/tr\/aracimi-sarj-etme-zamanini-nasil-belirleyebilirim\/#primaryimage\"},\"thumbnailUrl\":\"https:\/\/v2charge.com\/wp-content\/uploads\/2024\/07\/v2c-electric-chargers.jpg\",\"datePublished\":\"2023-07-13T11:51:06+00:00\",\"dateModified\":\"2023-08-10T13:49:16+00:00\",\"description\":\"V2C uygulamas\u0131 arac\u0131l\u0131\u011f\u0131yla arac\u0131n\u0131z\u0131n \u015farj\u0131n\u0131 elektrikli \u015farj cihaz\u0131n\u0131zla nas\u0131l zamanlayabilece\u011finizi a\u00e7\u0131kl\u0131yoruz. [Destek Alan\u0131]\",\"breadcrumb\":{\"@id\":\"https:\/\/v2charge.com\/tr\/aracimi-sarj-etme-zamanini-nasil-belirleyebilirim\/#breadcrumb\"},\"inLanguage\":\"tr\",\"potentialAction\":[{\"@type\":\"ReadAction\",\"target\":[\"https:\/\/v2charge.com\/tr\/aracimi-sarj-etme-zamanini-nasil-belirleyebilirim\/\"]}]},{\"@type\":\"ImageObject\",\"inLanguage\":\"tr\",\"@id\":\"https:\/\/v2charge.com\/tr\/aracimi-sarj-etme-zamanini-nasil-belirleyebilirim\/#primaryimage\",\"url\":\"https:\/\/v2charge.com\/wp-content\/uploads\/2024\/07\/v2c-electric-chargers.jpg\",\"contentUrl\":\"https:\/\/v2charge.com\/wp-content\/uploads\/2024\/07\/v2c-electric-chargers.jpg\",\"width\":1200,\"height\":675,\"caption\":\"V2C Electric Chargers\"},{\"@type\":\"BreadcrumbList\",\"@id\":\"https:\/\/v2charge.com\/tr\/aracimi-sarj-etme-zamanini-nasil-belirleyebilirim\/#breadcrumb\",\"itemListElement\":[{\"@type\":\"ListItem\",\"position\":1,\"name\":\"V2C\",\"item\":\"https:\/\/v2charge.com\/tr\/\"},{\"@type\":\"ListItem\",\"position\":2,\"name\":\"Arac\u0131m\u0131 \u015farj etme zaman\u0131n\u0131 nas\u0131l belirleyebilirim?\"}]},{\"@type\":\"WebSite\",\"@id\":\"https:\/\/v2charge.com\/tr\/#website\",\"url\":\"https:\/\/v2charge.com\/tr\/\",\"name\":\"V2C\",\"description\":\"#CargandoElMa\u00f1ana\",\"publisher\":{\"@id\":\"https:\/\/v2charge.com\/tr\/#organization\"},\"potentialAction\":[{\"@type\":\"SearchAction\",\"target\":{\"@type\":\"EntryPoint\",\"urlTemplate\":\"https:\/\/v2charge.com\/tr\/?s={search_term_string}\"},\"query-input\":{\"@type\":\"PropertyValueSpecification\",\"valueRequired\":true,\"valueName\":\"search_term_string\"}}],\"inLanguage\":\"tr\"},{\"@type\":\"Organization\",\"@id\":\"https:\/\/v2charge.com\/tr\/#organization\",\"name\":\"V2C\",\"url\":\"https:\/\/v2charge.com\/tr\/\",\"logo\":{\"@type\":\"ImageObject\",\"inLanguage\":\"tr\",\"@id\":\"https:\/\/v2charge.com\/tr\/#\/schema\/logo\/image\/\",\"url\":\"https:\/\/v2charge.com\/wp-content\/uploads\/2024\/11\/cropped-v2c-charge-logo-menu.png\",\"contentUrl\":\"https:\/\/v2charge.com\/wp-content\/uploads\/2024\/11\/cropped-v2c-charge-logo-menu.png\",\"width\":984,\"height\":431,\"caption\":\"V2C\"},\"image\":{\"@id\":\"https:\/\/v2charge.com\/tr\/#\/schema\/logo\/image\/\"},\"sameAs\":[\"https:\/\/www.facebook.com\/V2C.Charge\",\"https:\/\/x.com\/V2C_Charge\",\"https:\/\/www.instagram.com\/v2c.charge\/\",\"https:\/\/www.youtube.com\/@V2C\",\"https:\/\/www.linkedin.com\/company\/v2c-chargers\/\"]}]}<\/script>\n<!-- \/ Yoast SEO plugin. -->","yoast_head_json":{"title":"Arac\u0131m\u0131n \u015farj\u0131n\u0131 nas\u0131l zamanlayabilirim? \u25b7 V2C Cloud","description":"V2C uygulamas\u0131 arac\u0131l\u0131\u011f\u0131yla arac\u0131n\u0131z\u0131n \u015farj\u0131n\u0131 elektrikli \u015farj cihaz\u0131n\u0131zla nas\u0131l zamanlayabilece\u011finizi a\u00e7\u0131kl\u0131yoruz. [Destek Alan\u0131]","robots":{"index":"index","follow":"follow","max-snippet":"max-snippet:-1","max-image-preview":"max-image-preview:large","max-video-preview":"max-video-preview:-1"},"canonical":"https:\/\/v2charge.com\/tr\/aracimi-sarj-etme-zamanini-nasil-belirleyebilirim\/","og_locale":"tr_TR","og_type":"article","og_title":"Arac\u0131m\u0131n \u015farj\u0131n\u0131 nas\u0131l zamanlayabilirim? \u25b7 V2C Cloud","og_description":"V2C uygulamas\u0131 arac\u0131l\u0131\u011f\u0131yla arac\u0131n\u0131z\u0131n \u015farj\u0131n\u0131 elektrikli \u015farj cihaz\u0131n\u0131zla nas\u0131l zamanlayabilece\u011finizi a\u00e7\u0131kl\u0131yoruz. [Destek Alan\u0131]","og_url":"https:\/\/v2charge.com\/tr\/aracimi-sarj-etme-zamanini-nasil-belirleyebilirim\/","og_site_name":"V2C","article_publisher":"https:\/\/www.facebook.com\/V2C.Charge","article_modified_time":"2023-08-10T13:49:16+00:00","og_image":[{"url":"https:\/\/v2charge.com\/wp-content\/uploads\/2023\/01\/v2c-app-ajustes-calendario.jpg","type":"","width":"","height":""}],"twitter_card":"summary_large_image","twitter_site":"@V2C_Charge","twitter_misc":{"Tahmini okuma s\u00fcresi":"2 dakika"},"schema":{"@context":"https:\/\/schema.org","@graph":[{"@type":"WebPage","@id":"https:\/\/v2charge.com\/tr\/aracimi-sarj-etme-zamanini-nasil-belirleyebilirim\/","url":"https:\/\/v2charge.com\/tr\/aracimi-sarj-etme-zamanini-nasil-belirleyebilirim\/","name":"Arac\u0131m\u0131n \u015farj\u0131n\u0131 nas\u0131l zamanlayabilirim? \u25b7 V2C Cloud","isPartOf":{"@id":"https:\/\/v2charge.com\/tr\/#website"},"primaryImageOfPage":{"@id":"https:\/\/v2charge.com\/tr\/aracimi-sarj-etme-zamanini-nasil-belirleyebilirim\/#primaryimage"},"image":{"@id":"https:\/\/v2charge.com\/tr\/aracimi-sarj-etme-zamanini-nasil-belirleyebilirim\/#primaryimage"},"thumbnailUrl":"https:\/\/v2charge.com\/wp-content\/uploads\/2024\/07\/v2c-electric-chargers.jpg","datePublished":"2023-07-13T11:51:06+00:00","dateModified":"2023-08-10T13:49:16+00:00","description":"V2C uygulamas\u0131 arac\u0131l\u0131\u011f\u0131yla arac\u0131n\u0131z\u0131n \u015farj\u0131n\u0131 elektrikli \u015farj cihaz\u0131n\u0131zla nas\u0131l zamanlayabilece\u011finizi a\u00e7\u0131kl\u0131yoruz. [Destek Alan\u0131]","breadcrumb":{"@id":"https:\/\/v2charge.com\/tr\/aracimi-sarj-etme-zamanini-nasil-belirleyebilirim\/#breadcrumb"},"inLanguage":"tr","potentialAction":[{"@type":"ReadAction","target":["https:\/\/v2charge.com\/tr\/aracimi-sarj-etme-zamanini-nasil-belirleyebilirim\/"]}]},{"@type":"ImageObject","inLanguage":"tr","@id":"https:\/\/v2charge.com\/tr\/aracimi-sarj-etme-zamanini-nasil-belirleyebilirim\/#primaryimage","url":"https:\/\/v2charge.com\/wp-content\/uploads\/2024\/07\/v2c-electric-chargers.jpg","contentUrl":"https:\/\/v2charge.com\/wp-content\/uploads\/2024\/07\/v2c-electric-chargers.jpg","width":1200,"height":675,"caption":"V2C Electric Chargers"},{"@type":"BreadcrumbList","@id":"https:\/\/v2charge.com\/tr\/aracimi-sarj-etme-zamanini-nasil-belirleyebilirim\/#breadcrumb","itemListElement":[{"@type":"ListItem","position":1,"name":"V2C","item":"https:\/\/v2charge.com\/tr\/"},{"@type":"ListItem","position":2,"name":"Arac\u0131m\u0131 \u015farj etme zaman\u0131n\u0131 nas\u0131l belirleyebilirim?"}]},{"@type":"WebSite","@id":"https:\/\/v2charge.com\/tr\/#website","url":"https:\/\/v2charge.com\/tr\/","name":"V2C","description":"#CargandoElMa\u00f1ana","publisher":{"@id":"https:\/\/v2charge.com\/tr\/#organization"},"potentialAction":[{"@type":"SearchAction","target":{"@type":"EntryPoint","urlTemplate":"https:\/\/v2charge.com\/tr\/?s={search_term_string}"},"query-input":{"@type":"PropertyValueSpecification","valueRequired":true,"valueName":"search_term_string"}}],"inLanguage":"tr"},{"@type":"Organization","@id":"https:\/\/v2charge.com\/tr\/#organization","name":"V2C","url":"https:\/\/v2charge.com\/tr\/","logo":{"@type":"ImageObject","inLanguage":"tr","@id":"https:\/\/v2charge.com\/tr\/#\/schema\/logo\/image\/","url":"https:\/\/v2charge.com\/wp-content\/uploads\/2024\/11\/cropped-v2c-charge-logo-menu.png","contentUrl":"https:\/\/v2charge.com\/wp-content\/uploads\/2024\/11\/cropped-v2c-charge-logo-menu.png","width":984,"height":431,"caption":"V2C"},"image":{"@id":"https:\/\/v2charge.com\/tr\/#\/schema\/logo\/image\/"},"sameAs":["https:\/\/www.facebook.com\/V2C.Charge","https:\/\/x.com\/V2C_Charge","https:\/\/www.instagram.com\/v2c.charge\/","https:\/\/www.youtube.com\/@V2C","https:\/\/www.linkedin.com\/company\/v2c-chargers\/"]}]}},"uagb_featured_image_src":{"full":["https:\/\/v2charge.com\/wp-content\/uploads\/2024\/07\/v2c-electric-chargers.jpg",1200,675,false],"thumbnail":["https:\/\/v2charge.com\/wp-content\/uploads\/2024\/07\/v2c-electric-chargers-150x150.jpg",150,150,true],"medium":["https:\/\/v2charge.com\/wp-content\/uploads\/2024\/07\/v2c-electric-chargers-300x169.jpg",300,169,true],"medium_large":["https:\/\/v2charge.com\/wp-content\/uploads\/2024\/07\/v2c-electric-chargers-768x432.jpg",768,432,true],"large":["https:\/\/v2charge.com\/wp-content\/uploads\/2024\/07\/v2c-electric-chargers-1024x576.jpg",1024,576,true],"gs-tiny":["https:\/\/v2charge.com\/wp-content\/uploads\/2024\/07\/v2c-electric-chargers.jpg",50,28,false],"xl":["https:\/\/v2charge.com\/wp-content\/uploads\/2024\/07\/v2c-electric-chargers.jpg",1200,675,false],"xxl":["https:\/\/v2charge.com\/wp-content\/uploads\/2024\/07\/v2c-electric-chargers.jpg",1200,675,false],"xxxl":["https:\/\/v2charge.com\/wp-content\/uploads\/2024\/07\/v2c-electric-chargers.jpg",1200,675,false],"xxxxl":["https:\/\/v2charge.com\/wp-content\/uploads\/2024\/07\/v2c-electric-chargers.jpg",1200,675,false],"xxxxxl":["https:\/\/v2charge.com\/wp-content\/uploads\/2024\/07\/v2c-electric-chargers.jpg",1200,675,false],"1536x1536":["https:\/\/v2charge.com\/wp-content\/uploads\/2024\/07\/v2c-electric-chargers.jpg",1200,675,false],"2048x2048":["https:\/\/v2charge.com\/wp-content\/uploads\/2024\/07\/v2c-electric-chargers.jpg",1200,675,false]},"uagb_author_info":{"display_name":"V2C","author_link":"https:\/\/v2charge.com\/tr\/author\/marketing\/"},"uagb_comment_info":0,"uagb_excerpt":"Arac\u0131m\u0131 \u015farj etme zaman\u0131n\u0131 nas\u0131l belirleyebilirim? V2C bulutu ile \u015farj noktalar\u0131 \u00e7ok basit bir \u015fekilde zamanlanabilir. Uygulama arac\u0131l\u0131\u011f\u0131yla Bluetooth veya WiFi \u00f6zellikli cihazlar i\u00e7in kullan\u0131labilir. Uygulamaya eri\u015fin ve \u015farj noktas\u0131na dokunun. Takvim simgesine t\u0131klay\u0131n. \u0130ki zamanlay\u0131c\u0131n\u0131z var. Zamanlay\u0131c\u0131 1 ve zamanlay\u0131c\u0131 2, haftan\u0131n g\u00fcn\u00fcn\u00fc ve etkinle\u015ftirmek istedi\u011finiz saati se\u00e7in, her ikisiyle birlikte \u00e7al\u0131\u015fabilirsiniz. \u00d6rne\u011fin, zamanlay\u0131c\u0131&hellip;","_links":{"self":[{"href":"https:\/\/v2charge.com\/tr\/wp-json\/wp\/v2\/pages\/113158","targetHints":{"allow":["GET"]}}],"collection":[{"href":"https:\/\/v2charge.com\/tr\/wp-json\/wp\/v2\/pages"}],"about":[{"href":"https:\/\/v2charge.com\/tr\/wp-json\/wp\/v2\/types\/page"}],"author":[{"embeddable":true,"href":"https:\/\/v2charge.com\/tr\/wp-json\/wp\/v2\/users\/400"}],"replies":[{"embeddable":true,"href":"https:\/\/v2charge.com\/tr\/wp-json\/wp\/v2\/comments?post=113158"}],"version-history":[{"count":0,"href":"https:\/\/v2charge.com\/tr\/wp-json\/wp\/v2\/pages\/113158\/revisions"}],"wp:featuredmedia":[{"embeddable":true,"href":"https:\/\/v2charge.com\/tr\/wp-json\/wp\/v2\/media\/170355"}],"wp:attachment":[{"href":"https:\/\/v2charge.com\/tr\/wp-json\/wp\/v2\/media?parent=113158"}],"curies":[{"name":"wp","href":"https:\/\/api.w.org\/{rel}","templated":true}]}}