{"id":113221,"date":"2023-07-13T13:04:58","date_gmt":"2023-07-13T13:04:58","guid":{"rendered":"https:\/\/v2charge.com\/?page_id=113221"},"modified":"2023-08-10T13:54:39","modified_gmt":"2023-08-10T13:54:39","slug":"teknik-destege-nasil-bilet-gonderilir","status":"publish","type":"page","link":"https:\/\/v2charge.com\/tr\/teknik-destege-nasil-bilet-gonderilir\/","title":{"rendered":"Teknik Deste\u011fe nas\u0131l bilet g\u00f6nderilir?"},"content":{"rendered":"\n<div style=\"height:60px\" aria-hidden=\"true\" class=\"wp-block-spacer\"><\/div>\n\n\n\n<h1 class=\"wp-block-heading\">Teknik Deste\u011fe nas\u0131l bilet g\u00f6nderilir?<\/h1>\n\n\n\n<p>V2C&#8217;de bir Teknik Destek Merkezimiz var. A\u015fa\u011f\u0131daki ba\u011flant\u0131ya girin, gerekli bilgileri doldurun gerekli alanlar\u0131 doldurun, en k\u0131sa s\u00fcrede sizinle ileti\u015fime ge\u00e7ece\u011fiz: https:\/\/v2charge.atlassian.net\/servicedesk\/customer\/portal\/3\/group\/4\/create\/12<\/p>\n\n\n\n<p>Teknik Destek Merkezi&#8217;ne V2C Cloud uygulamas\u0131 \u00fczerinden de eri\u015febilirsiniz:<\/p>\n\n\n<div class=\"wp-block-image\">\n<figure class=\"aligncenter size-large is-resized\"><img decoding=\"async\" src=\"https:\/\/v2charge.com\/wp-content\/uploads\/2023\/01\/desbloqueo-cargador-v2charge.app_-731x1024.jpg\" alt=\"\" class=\"wp-image-92139\" width=\"366\" height=\"512\" srcset=\"https:\/\/v2charge.com\/wp-content\/uploads\/2023\/01\/desbloqueo-cargador-v2charge.app_-731x1024.jpg 731w, https:\/\/v2charge.com\/wp-content\/uploads\/2023\/01\/desbloqueo-cargador-v2charge.app_-214x300.jpg 214w, https:\/\/v2charge.com\/wp-content\/uploads\/2023\/01\/desbloqueo-cargador-v2charge.app_-768x1075.jpg 768w, https:\/\/v2charge.com\/wp-content\/uploads\/2023\/01\/desbloqueo-cargador-v2charge.app_-1097x1536.jpg 1097w, https:\/\/v2charge.com\/wp-content\/uploads\/2023\/01\/desbloqueo-cargador-v2charge.app_.jpg 1385w\" sizes=\"(max-width: 366px) 100vw, 366px\" \/><figcaption class=\"wp-element-caption\">1. Sol \u00fcstteki Kullan\u0131c\u0131 simgesine t\u0131klay\u0131n.<\/figcaption><\/figure>\n<\/div>\n\n<div class=\"wp-block-image\">\n<figure class=\"aligncenter size-large is-resized\"><img decoding=\"async\" src=\"https:\/\/v2charge.com\/wp-content\/uploads\/2022\/11\/dados-do-usuario-731x1024.jpg\" alt=\"V2C Payments App\" class=\"wp-image-88531\" width=\"366\" height=\"512\" srcset=\"https:\/\/v2charge.com\/wp-content\/uploads\/2022\/11\/dados-do-usuario-731x1024.jpg 731w, https:\/\/v2charge.com\/wp-content\/uploads\/2022\/11\/dados-do-usuario-214x300.jpg 214w, https:\/\/v2charge.com\/wp-content\/uploads\/2022\/11\/dados-do-usuario-768x1075.jpg 768w, https:\/\/v2charge.com\/wp-content\/uploads\/2022\/11\/dados-do-usuario-1097x1536.jpg 1097w, https:\/\/v2charge.com\/wp-content\/uploads\/2022\/11\/dados-do-usuario.jpg 1385w\" sizes=\"(max-width: 366px) 100vw, 366px\" \/><figcaption class=\"wp-element-caption\">2. Destek \u00fczerine t\u0131klay\u0131n. &#8220;Soporte&#8221;<\/figcaption><\/figure>\n<\/div>\n\n<div class=\"wp-block-image\">\n<figure class=\"aligncenter size-large is-resized\"><img decoding=\"async\" src=\"https:\/\/v2charge.com\/wp-content\/uploads\/2023\/01\/soporte-v2charge-app-ticket-731x1024.jpg\" alt=\"Ticket Soporte V2C Charge\" class=\"wp-image-92174\" width=\"366\" height=\"512\" srcset=\"https:\/\/v2charge.com\/wp-content\/uploads\/2023\/01\/soporte-v2charge-app-ticket-731x1024.jpg 731w, https:\/\/v2charge.com\/wp-content\/uploads\/2023\/01\/soporte-v2charge-app-ticket-214x300.jpg 214w, https:\/\/v2charge.com\/wp-content\/uploads\/2023\/01\/soporte-v2charge-app-ticket-768x1075.jpg 768w, https:\/\/v2charge.com\/wp-content\/uploads\/2023\/01\/soporte-v2charge-app-ticket-1097x1536.jpg 1097w, https:\/\/v2charge.com\/wp-content\/uploads\/2023\/01\/soporte-v2charge-app-ticket.jpg 1385w\" sizes=\"(max-width: 366px) 100vw, 366px\" \/><figcaption class=\"wp-element-caption\">3. &#8216;Olay bildir&#8217;i se\u00e7in. &#8220;Informar de una incidencia&#8221;<\/figcaption><\/figure>\n<\/div>\n\n<div class=\"wp-block-image\">\n<figure class=\"aligncenter size-large is-resized\"><img decoding=\"async\" src=\"https:\/\/v2charge.com\/wp-content\/uploads\/2023\/01\/enviar-ticket-incidencia-v2charge-app-731x1024.jpg\" alt=\"Ticket Soporte V2C Charge\" class=\"wp-image-92166\" width=\"366\" height=\"512\" srcset=\"https:\/\/v2charge.com\/wp-content\/uploads\/2023\/01\/enviar-ticket-incidencia-v2charge-app-731x1024.jpg 731w, https:\/\/v2charge.com\/wp-content\/uploads\/2023\/01\/enviar-ticket-incidencia-v2charge-app-214x300.jpg 214w, https:\/\/v2charge.com\/wp-content\/uploads\/2023\/01\/enviar-ticket-incidencia-v2charge-app-768x1075.jpg 768w, https:\/\/v2charge.com\/wp-content\/uploads\/2023\/01\/enviar-ticket-incidencia-v2charge-app-1097x1536.jpg 1097w, https:\/\/v2charge.com\/wp-content\/uploads\/2023\/01\/enviar-ticket-incidencia-v2charge-app.jpg 1385w\" sizes=\"(max-width: 366px) 100vw, 366px\" \/><figcaption class=\"wp-element-caption\">4. &#8216;Bilet g\u00f6nder&#8217; \u00fczerine t\u0131klay\u0131n. &#8220;Enviar ticket&#8221;<\/figcaption><\/figure>\n<\/div>\n\n<div class=\"wp-block-image\">\n<figure class=\"aligncenter size-large is-resized\"><img decoding=\"async\" src=\"https:\/\/v2charge.com\/wp-content\/uploads\/2022\/09\/mockup-soporte-5-731x1024.jpg\" alt=\"\" class=\"wp-image-82862\" width=\"366\" height=\"512\" srcset=\"https:\/\/v2charge.com\/wp-content\/uploads\/2022\/09\/mockup-soporte-5-731x1024.jpg 731w, https:\/\/v2charge.com\/wp-content\/uploads\/2022\/09\/mockup-soporte-5-214x300.jpg 214w, https:\/\/v2charge.com\/wp-content\/uploads\/2022\/09\/mockup-soporte-5-768x1075.jpg 768w, https:\/\/v2charge.com\/wp-content\/uploads\/2022\/09\/mockup-soporte-5-1097x1536.jpg 1097w, https:\/\/v2charge.com\/wp-content\/uploads\/2022\/09\/mockup-soporte-5.jpg 1385w\" sizes=\"(max-width: 366px) 100vw, 366px\" \/><figcaption class=\"wp-element-caption\">5. &#8216;Teknik Destek&#8217; se\u00e7ene\u011fini se\u00e7in. &#8220;Soporte t\u00e9cnico&#8221;<\/figcaption><\/figure>\n<\/div>\n\n\n<div style=\"height:60px\" aria-hidden=\"true\" class=\"wp-block-spacer\"><\/div>\n","protected":false},"excerpt":{"rendered":"<p>Teknik Deste\u011fe nas\u0131l bilet g\u00f6nderilir? V2C&#8217;de bir Teknik Destek Merkezimiz var. A\u015fa\u011f\u0131daki ba\u011flant\u0131ya girin, gerekli bilgileri doldurun gerekli alanlar\u0131 doldurun, en k\u0131sa s\u00fcrede sizinle ileti\u015fime ge\u00e7ece\u011fiz: https:\/\/v2charge.atlassian.net\/servicedesk\/customer\/portal\/3\/group\/4\/create\/12 Teknik Destek Merkezi&#8217;ne V2C Cloud uygulamas\u0131 \u00fczerinden de eri\u015febilirsiniz:<\/p>\n","protected":false},"author":400,"featured_media":170355,"parent":0,"menu_order":0,"comment_status":"closed","ping_status":"closed","template":"","meta":{"_eb_attr":"","content-type":"","_uag_custom_page_level_css":"","footnotes":""},"class_list":["post-113221","page","type-page","status-publish","has-post-thumbnail"],"yoast_head":"<!-- This site is optimized with the Yoast SEO plugin v25.3.1 - https:\/\/yoast.com\/wordpress\/plugins\/seo\/ -->\n<title>Teknik Deste\u011fe nas\u0131l bilet g\u00f6nderilir | V2C<\/title>\n<meta name=\"description\" content=\"Bir bilet g\u00f6ndererek V2C Teknik Destek Merkezi ile ileti\u015fime ge\u00e7in. Nas\u0131l yap\u0131laca\u011f\u0131n\u0131 a\u00e7\u0131kl\u0131yoruz. Biz sizin hizmetinizdeyiz.\" \/>\n<meta name=\"robots\" content=\"index, follow, max-snippet:-1, max-image-preview:large, max-video-preview:-1\" \/>\n<link rel=\"canonical\" href=\"https:\/\/v2charge.com\/tr\/teknik-destege-nasil-bilet-gonderilir\/\" \/>\n<meta property=\"og:locale\" content=\"tr_TR\" \/>\n<meta property=\"og:type\" content=\"article\" \/>\n<meta property=\"og:title\" content=\"Teknik Deste\u011fe nas\u0131l bilet g\u00f6nderilir | V2C\" \/>\n<meta property=\"og:description\" content=\"Bir bilet g\u00f6ndererek V2C Teknik Destek Merkezi ile ileti\u015fime ge\u00e7in. Nas\u0131l yap\u0131laca\u011f\u0131n\u0131 a\u00e7\u0131kl\u0131yoruz. Biz sizin hizmetinizdeyiz.\" \/>\n<meta property=\"og:url\" content=\"https:\/\/v2charge.com\/tr\/teknik-destege-nasil-bilet-gonderilir\/\" \/>\n<meta property=\"og:site_name\" content=\"V2C\" \/>\n<meta property=\"article:publisher\" content=\"https:\/\/www.facebook.com\/V2C.Charge\" \/>\n<meta property=\"article:modified_time\" content=\"2023-08-10T13:54:39+00:00\" \/>\n<meta property=\"og:image\" content=\"https:\/\/v2charge.com\/wp-content\/uploads\/2023\/01\/desbloqueo-cargador-v2charge.app_-731x1024.jpg\" \/>\n<meta name=\"twitter:card\" content=\"summary_large_image\" \/>\n<meta name=\"twitter:site\" content=\"@V2C_Charge\" \/>\n<meta name=\"twitter:label1\" content=\"Tahmini okuma s\u00fcresi\" \/>\n\t<meta name=\"twitter:data1\" content=\"2 dakika\" \/>\n<script type=\"application\/ld+json\" class=\"yoast-schema-graph\">{\"@context\":\"https:\/\/schema.org\",\"@graph\":[{\"@type\":\"WebPage\",\"@id\":\"https:\/\/v2charge.com\/tr\/teknik-destege-nasil-bilet-gonderilir\/\",\"url\":\"https:\/\/v2charge.com\/tr\/teknik-destege-nasil-bilet-gonderilir\/\",\"name\":\"Teknik Deste\u011fe nas\u0131l bilet g\u00f6nderilir | V2C\",\"isPartOf\":{\"@id\":\"https:\/\/v2charge.com\/tr\/#website\"},\"primaryImageOfPage\":{\"@id\":\"https:\/\/v2charge.com\/tr\/teknik-destege-nasil-bilet-gonderilir\/#primaryimage\"},\"image\":{\"@id\":\"https:\/\/v2charge.com\/tr\/teknik-destege-nasil-bilet-gonderilir\/#primaryimage\"},\"thumbnailUrl\":\"https:\/\/v2charge.com\/wp-content\/uploads\/2024\/07\/v2c-electric-chargers.jpg\",\"datePublished\":\"2023-07-13T13:04:58+00:00\",\"dateModified\":\"2023-08-10T13:54:39+00:00\",\"description\":\"Bir bilet g\u00f6ndererek V2C Teknik Destek Merkezi ile ileti\u015fime ge\u00e7in. Nas\u0131l yap\u0131laca\u011f\u0131n\u0131 a\u00e7\u0131kl\u0131yoruz. Biz sizin hizmetinizdeyiz.\",\"breadcrumb\":{\"@id\":\"https:\/\/v2charge.com\/tr\/teknik-destege-nasil-bilet-gonderilir\/#breadcrumb\"},\"inLanguage\":\"tr\",\"potentialAction\":[{\"@type\":\"ReadAction\",\"target\":[\"https:\/\/v2charge.com\/tr\/teknik-destege-nasil-bilet-gonderilir\/\"]}]},{\"@type\":\"ImageObject\",\"inLanguage\":\"tr\",\"@id\":\"https:\/\/v2charge.com\/tr\/teknik-destege-nasil-bilet-gonderilir\/#primaryimage\",\"url\":\"https:\/\/v2charge.com\/wp-content\/uploads\/2024\/07\/v2c-electric-chargers.jpg\",\"contentUrl\":\"https:\/\/v2charge.com\/wp-content\/uploads\/2024\/07\/v2c-electric-chargers.jpg\",\"width\":1200,\"height\":675,\"caption\":\"V2C Electric Chargers\"},{\"@type\":\"BreadcrumbList\",\"@id\":\"https:\/\/v2charge.com\/tr\/teknik-destege-nasil-bilet-gonderilir\/#breadcrumb\",\"itemListElement\":[{\"@type\":\"ListItem\",\"position\":1,\"name\":\"V2C\",\"item\":\"https:\/\/v2charge.com\/tr\/\"},{\"@type\":\"ListItem\",\"position\":2,\"name\":\"Teknik Deste\u011fe nas\u0131l bilet g\u00f6nderilir?\"}]},{\"@type\":\"WebSite\",\"@id\":\"https:\/\/v2charge.com\/tr\/#website\",\"url\":\"https:\/\/v2charge.com\/tr\/\",\"name\":\"V2C\",\"description\":\"#CargandoElMa\u00f1ana\",\"publisher\":{\"@id\":\"https:\/\/v2charge.com\/tr\/#organization\"},\"potentialAction\":[{\"@type\":\"SearchAction\",\"target\":{\"@type\":\"EntryPoint\",\"urlTemplate\":\"https:\/\/v2charge.com\/tr\/?s={search_term_string}\"},\"query-input\":{\"@type\":\"PropertyValueSpecification\",\"valueRequired\":true,\"valueName\":\"search_term_string\"}}],\"inLanguage\":\"tr\"},{\"@type\":\"Organization\",\"@id\":\"https:\/\/v2charge.com\/tr\/#organization\",\"name\":\"V2C\",\"url\":\"https:\/\/v2charge.com\/tr\/\",\"logo\":{\"@type\":\"ImageObject\",\"inLanguage\":\"tr\",\"@id\":\"https:\/\/v2charge.com\/tr\/#\/schema\/logo\/image\/\",\"url\":\"https:\/\/v2charge.com\/wp-content\/uploads\/2024\/11\/cropped-v2c-charge-logo-menu.png\",\"contentUrl\":\"https:\/\/v2charge.com\/wp-content\/uploads\/2024\/11\/cropped-v2c-charge-logo-menu.png\",\"width\":984,\"height\":431,\"caption\":\"V2C\"},\"image\":{\"@id\":\"https:\/\/v2charge.com\/tr\/#\/schema\/logo\/image\/\"},\"sameAs\":[\"https:\/\/www.facebook.com\/V2C.Charge\",\"https:\/\/x.com\/V2C_Charge\",\"https:\/\/www.instagram.com\/v2c.charge\/\",\"https:\/\/www.youtube.com\/@V2C\",\"https:\/\/www.linkedin.com\/company\/v2c-chargers\/\"]}]}<\/script>\n<!-- \/ Yoast SEO plugin. -->","yoast_head_json":{"title":"Teknik Deste\u011fe nas\u0131l bilet g\u00f6nderilir | V2C","description":"Bir bilet g\u00f6ndererek V2C Teknik Destek Merkezi ile ileti\u015fime ge\u00e7in. Nas\u0131l yap\u0131laca\u011f\u0131n\u0131 a\u00e7\u0131kl\u0131yoruz. Biz sizin hizmetinizdeyiz.","robots":{"index":"index","follow":"follow","max-snippet":"max-snippet:-1","max-image-preview":"max-image-preview:large","max-video-preview":"max-video-preview:-1"},"canonical":"https:\/\/v2charge.com\/tr\/teknik-destege-nasil-bilet-gonderilir\/","og_locale":"tr_TR","og_type":"article","og_title":"Teknik Deste\u011fe nas\u0131l bilet g\u00f6nderilir | V2C","og_description":"Bir bilet g\u00f6ndererek V2C Teknik Destek Merkezi ile ileti\u015fime ge\u00e7in. Nas\u0131l yap\u0131laca\u011f\u0131n\u0131 a\u00e7\u0131kl\u0131yoruz. Biz sizin hizmetinizdeyiz.","og_url":"https:\/\/v2charge.com\/tr\/teknik-destege-nasil-bilet-gonderilir\/","og_site_name":"V2C","article_publisher":"https:\/\/www.facebook.com\/V2C.Charge","article_modified_time":"2023-08-10T13:54:39+00:00","og_image":[{"url":"https:\/\/v2charge.com\/wp-content\/uploads\/2023\/01\/desbloqueo-cargador-v2charge.app_-731x1024.jpg","type":"","width":"","height":""}],"twitter_card":"summary_large_image","twitter_site":"@V2C_Charge","twitter_misc":{"Tahmini okuma s\u00fcresi":"2 dakika"},"schema":{"@context":"https:\/\/schema.org","@graph":[{"@type":"WebPage","@id":"https:\/\/v2charge.com\/tr\/teknik-destege-nasil-bilet-gonderilir\/","url":"https:\/\/v2charge.com\/tr\/teknik-destege-nasil-bilet-gonderilir\/","name":"Teknik Deste\u011fe nas\u0131l bilet g\u00f6nderilir | V2C","isPartOf":{"@id":"https:\/\/v2charge.com\/tr\/#website"},"primaryImageOfPage":{"@id":"https:\/\/v2charge.com\/tr\/teknik-destege-nasil-bilet-gonderilir\/#primaryimage"},"image":{"@id":"https:\/\/v2charge.com\/tr\/teknik-destege-nasil-bilet-gonderilir\/#primaryimage"},"thumbnailUrl":"https:\/\/v2charge.com\/wp-content\/uploads\/2024\/07\/v2c-electric-chargers.jpg","datePublished":"2023-07-13T13:04:58+00:00","dateModified":"2023-08-10T13:54:39+00:00","description":"Bir bilet g\u00f6ndererek V2C Teknik Destek Merkezi ile ileti\u015fime ge\u00e7in. Nas\u0131l yap\u0131laca\u011f\u0131n\u0131 a\u00e7\u0131kl\u0131yoruz. Biz sizin hizmetinizdeyiz.","breadcrumb":{"@id":"https:\/\/v2charge.com\/tr\/teknik-destege-nasil-bilet-gonderilir\/#breadcrumb"},"inLanguage":"tr","potentialAction":[{"@type":"ReadAction","target":["https:\/\/v2charge.com\/tr\/teknik-destege-nasil-bilet-gonderilir\/"]}]},{"@type":"ImageObject","inLanguage":"tr","@id":"https:\/\/v2charge.com\/tr\/teknik-destege-nasil-bilet-gonderilir\/#primaryimage","url":"https:\/\/v2charge.com\/wp-content\/uploads\/2024\/07\/v2c-electric-chargers.jpg","contentUrl":"https:\/\/v2charge.com\/wp-content\/uploads\/2024\/07\/v2c-electric-chargers.jpg","width":1200,"height":675,"caption":"V2C Electric Chargers"},{"@type":"BreadcrumbList","@id":"https:\/\/v2charge.com\/tr\/teknik-destege-nasil-bilet-gonderilir\/#breadcrumb","itemListElement":[{"@type":"ListItem","position":1,"name":"V2C","item":"https:\/\/v2charge.com\/tr\/"},{"@type":"ListItem","position":2,"name":"Teknik Deste\u011fe nas\u0131l bilet g\u00f6nderilir?"}]},{"@type":"WebSite","@id":"https:\/\/v2charge.com\/tr\/#website","url":"https:\/\/v2charge.com\/tr\/","name":"V2C","description":"#CargandoElMa\u00f1ana","publisher":{"@id":"https:\/\/v2charge.com\/tr\/#organization"},"potentialAction":[{"@type":"SearchAction","target":{"@type":"EntryPoint","urlTemplate":"https:\/\/v2charge.com\/tr\/?s={search_term_string}"},"query-input":{"@type":"PropertyValueSpecification","valueRequired":true,"valueName":"search_term_string"}}],"inLanguage":"tr"},{"@type":"Organization","@id":"https:\/\/v2charge.com\/tr\/#organization","name":"V2C","url":"https:\/\/v2charge.com\/tr\/","logo":{"@type":"ImageObject","inLanguage":"tr","@id":"https:\/\/v2charge.com\/tr\/#\/schema\/logo\/image\/","url":"https:\/\/v2charge.com\/wp-content\/uploads\/2024\/11\/cropped-v2c-charge-logo-menu.png","contentUrl":"https:\/\/v2charge.com\/wp-content\/uploads\/2024\/11\/cropped-v2c-charge-logo-menu.png","width":984,"height":431,"caption":"V2C"},"image":{"@id":"https:\/\/v2charge.com\/tr\/#\/schema\/logo\/image\/"},"sameAs":["https:\/\/www.facebook.com\/V2C.Charge","https:\/\/x.com\/V2C_Charge","https:\/\/www.instagram.com\/v2c.charge\/","https:\/\/www.youtube.com\/@V2C","https:\/\/www.linkedin.com\/company\/v2c-chargers\/"]}]}},"uagb_featured_image_src":{"full":["https:\/\/v2charge.com\/wp-content\/uploads\/2024\/07\/v2c-electric-chargers.jpg",1200,675,false],"thumbnail":["https:\/\/v2charge.com\/wp-content\/uploads\/2024\/07\/v2c-electric-chargers-150x150.jpg",150,150,true],"medium":["https:\/\/v2charge.com\/wp-content\/uploads\/2024\/07\/v2c-electric-chargers-300x169.jpg",300,169,true],"medium_large":["https:\/\/v2charge.com\/wp-content\/uploads\/2024\/07\/v2c-electric-chargers-768x432.jpg",768,432,true],"large":["https:\/\/v2charge.com\/wp-content\/uploads\/2024\/07\/v2c-electric-chargers-1024x576.jpg",1024,576,true],"gs-tiny":["https:\/\/v2charge.com\/wp-content\/uploads\/2024\/07\/v2c-electric-chargers.jpg",50,28,false],"xl":["https:\/\/v2charge.com\/wp-content\/uploads\/2024\/07\/v2c-electric-chargers.jpg",1200,675,false],"xxl":["https:\/\/v2charge.com\/wp-content\/uploads\/2024\/07\/v2c-electric-chargers.jpg",1200,675,false],"xxxl":["https:\/\/v2charge.com\/wp-content\/uploads\/2024\/07\/v2c-electric-chargers.jpg",1200,675,false],"xxxxl":["https:\/\/v2charge.com\/wp-content\/uploads\/2024\/07\/v2c-electric-chargers.jpg",1200,675,false],"xxxxxl":["https:\/\/v2charge.com\/wp-content\/uploads\/2024\/07\/v2c-electric-chargers.jpg",1200,675,false],"1536x1536":["https:\/\/v2charge.com\/wp-content\/uploads\/2024\/07\/v2c-electric-chargers.jpg",1200,675,false],"2048x2048":["https:\/\/v2charge.com\/wp-content\/uploads\/2024\/07\/v2c-electric-chargers.jpg",1200,675,false]},"uagb_author_info":{"display_name":"V2C","author_link":"https:\/\/v2charge.com\/tr\/author\/marketing\/"},"uagb_comment_info":0,"uagb_excerpt":"Teknik Deste\u011fe nas\u0131l bilet g\u00f6nderilir? V2C&#8217;de bir Teknik Destek Merkezimiz var. A\u015fa\u011f\u0131daki ba\u011flant\u0131ya girin, gerekli bilgileri doldurun gerekli alanlar\u0131 doldurun, en k\u0131sa s\u00fcrede sizinle ileti\u015fime ge\u00e7ece\u011fiz: https:\/\/v2charge.atlassian.net\/servicedesk\/customer\/portal\/3\/group\/4\/create\/12 Teknik Destek Merkezi&#8217;ne V2C Cloud uygulamas\u0131 \u00fczerinden de eri\u015febilirsiniz:","_links":{"self":[{"href":"https:\/\/v2charge.com\/tr\/wp-json\/wp\/v2\/pages\/113221","targetHints":{"allow":["GET"]}}],"collection":[{"href":"https:\/\/v2charge.com\/tr\/wp-json\/wp\/v2\/pages"}],"about":[{"href":"https:\/\/v2charge.com\/tr\/wp-json\/wp\/v2\/types\/page"}],"author":[{"embeddable":true,"href":"https:\/\/v2charge.com\/tr\/wp-json\/wp\/v2\/users\/400"}],"replies":[{"embeddable":true,"href":"https:\/\/v2charge.com\/tr\/wp-json\/wp\/v2\/comments?post=113221"}],"version-history":[{"count":0,"href":"https:\/\/v2charge.com\/tr\/wp-json\/wp\/v2\/pages\/113221\/revisions"}],"wp:featuredmedia":[{"embeddable":true,"href":"https:\/\/v2charge.com\/tr\/wp-json\/wp\/v2\/media\/170355"}],"wp:attachment":[{"href":"https:\/\/v2charge.com\/tr\/wp-json\/wp\/v2\/media?parent=113221"}],"curies":[{"name":"wp","href":"https:\/\/api.w.org\/{rel}","templated":true}]}}