{"id":113307,"date":"2023-07-13T13:29:22","date_gmt":"2023-07-13T13:29:22","guid":{"rendered":"https:\/\/v2charge.com\/?page_id=113307"},"modified":"2023-08-10T12:13:02","modified_gmt":"2023-08-10T12:13:02","slug":"v2c-bulut-uygulamasindan-bir-sarj-cihazi-nasil-paylasilir","status":"publish","type":"page","link":"https:\/\/v2charge.com\/tr\/v2c-bulut-uygulamasindan-bir-sarj-cihazi-nasil-paylasilir\/","title":{"rendered":"V2C Bulut Uygulamas\u0131ndan bir \u015farj cihaz\u0131 nas\u0131l payla\u015f\u0131l\u0131r?"},"content":{"rendered":"\n<div style=\"height:60px\" aria-hidden=\"true\" class=\"wp-block-spacer\"><\/div>\n\n\n\n<h1 class=\"wp-block-heading\">V2C Bulut Uygulamas\u0131ndan bir \u015farj cihaz\u0131 nas\u0131l payla\u015f\u0131l\u0131r?<\/h1>\n\n\n\n<p>Bir \u015farj cihaz\u0131n\u0131 bir aile \u00fcyesiyle veya \u00fc\u00e7\u00fcnc\u00fc tarafla payla\u015fmak i\u00e7in bunu V2C Cloud platformundan de\u011fil, Uygulamadan yapman\u0131z gerekir.<\/p>\n\n\n\n<p>Uygulamaya giri\u015f yap\u0131n.<\/p>\n\n\n<div class=\"wp-block-image\">\n<figure class=\"aligncenter size-large is-resized\"><img decoding=\"async\" src=\"https:\/\/v2charge.com\/wp-content\/uploads\/2022\/12\/v2c-app-inicio-sesio\u0301n-731x1024.jpg\" alt=\"V2C Home Principal\" class=\"wp-image-90676\" width=\"366\" height=\"512\" srcset=\"https:\/\/v2charge.com\/wp-content\/uploads\/2022\/12\/v2c-app-inicio-sesio\u0301n-731x1024.jpg 731w, https:\/\/v2charge.com\/wp-content\/uploads\/2022\/12\/v2c-app-inicio-sesio\u0301n-214x300.jpg 214w, https:\/\/v2charge.com\/wp-content\/uploads\/2022\/12\/v2c-app-inicio-sesio\u0301n-768x1075.jpg 768w, https:\/\/v2charge.com\/wp-content\/uploads\/2022\/12\/v2c-app-inicio-sesio\u0301n-1097x1536.jpg 1097w, https:\/\/v2charge.com\/wp-content\/uploads\/2022\/12\/v2c-app-inicio-sesio\u0301n.jpg 1385w\" sizes=\"(max-width: 366px) 100vw, 366px\" \/><\/figure>\n<\/div>\n\n\n<div class=\"wp-block-group\"><div class=\"wp-block-group__inner-container is-layout-flow wp-block-group-is-layout-flow\">\n<div class=\"wp-block-columns is-layout-flex wp-container-core-columns-is-layout-9d6595d7 wp-block-columns-is-layout-flex\">\n<div class=\"wp-block-column is-layout-flow wp-block-column-is-layout-flow\" style=\"flex-basis:100%\">\n<p>Payla\u015fmak istedi\u011finiz \u015farj cihaz\u0131n\u0131 se\u00e7in.<\/p>\n<\/div>\n<\/div>\n<\/div><\/div>\n\n\n<div class=\"wp-block-image\">\n<figure class=\"aligncenter size-large is-resized\"><img decoding=\"async\" src=\"https:\/\/v2charge.com\/wp-content\/uploads\/2022\/12\/v2c-internet-bluetooth-1-731x1024.jpg\" alt=\"\" class=\"wp-image-90761\" width=\"366\" height=\"512\" srcset=\"https:\/\/v2charge.com\/wp-content\/uploads\/2022\/12\/v2c-internet-bluetooth-1-731x1024.jpg 731w, https:\/\/v2charge.com\/wp-content\/uploads\/2022\/12\/v2c-internet-bluetooth-1-214x300.jpg 214w, https:\/\/v2charge.com\/wp-content\/uploads\/2022\/12\/v2c-internet-bluetooth-1-768x1075.jpg 768w, https:\/\/v2charge.com\/wp-content\/uploads\/2022\/12\/v2c-internet-bluetooth-1-1097x1536.jpg 1097w, https:\/\/v2charge.com\/wp-content\/uploads\/2022\/12\/v2c-internet-bluetooth-1.jpg 1385w\" sizes=\"(max-width: 366px) 100vw, 366px\" \/><\/figure>\n<\/div>\n\n\n<p>&#8216;BU Y\u00dcKLEY\u0130C\u0130Y\u0130 DAHA FAZLA K\u0130\u015e\u0130YLE PAYLA\u015e&#8217; d\u00fc\u011fmesinin sa\u011f\u0131ndaki oka t\u0131klay\u0131n.<\/p>\n\n\n<div class=\"wp-block-image\">\n<figure class=\"aligncenter size-large is-resized\"><img decoding=\"async\" src=\"https:\/\/v2charge.com\/wp-content\/uploads\/2022\/12\/app-sin-conexion-731x1024.jpg\" alt=\"Trydan-V2C-App\" class=\"wp-image-90779\" width=\"366\" height=\"512\" srcset=\"https:\/\/v2charge.com\/wp-content\/uploads\/2022\/12\/app-sin-conexion-731x1024.jpg 731w, https:\/\/v2charge.com\/wp-content\/uploads\/2022\/12\/app-sin-conexion-214x300.jpg 214w, https:\/\/v2charge.com\/wp-content\/uploads\/2022\/12\/app-sin-conexion-768x1075.jpg 768w, https:\/\/v2charge.com\/wp-content\/uploads\/2022\/12\/app-sin-conexion-1097x1536.jpg 1097w, https:\/\/v2charge.com\/wp-content\/uploads\/2022\/12\/app-sin-conexion.jpg 1385w\" sizes=\"(max-width: 366px) 100vw, 366px\" \/><\/figure>\n<\/div>\n\n\n<p>Payla\u015fmak istedi\u011finiz e-\u015earj cihaz\u0131n\u0131 se\u00e7mek i\u00e7in &#8216;\u015earj Cihaz\u0131&#8217; alan\u0131n\u0131 se\u00e7in.<\/p>\n\n\n\n<div class=\"wp-block-columns is-layout-flex wp-container-core-columns-is-layout-9d6595d7 wp-block-columns-is-layout-flex\">\n<div class=\"wp-block-column is-layout-flow wp-block-column-is-layout-flow\" style=\"flex-basis:100%\">\n<div class=\"wp-block-columns is-layout-flex wp-container-core-columns-is-layout-9d6595d7 wp-block-columns-is-layout-flex\">\n<div class=\"wp-block-column is-layout-flow wp-block-column-is-layout-flow\" style=\"flex-basis:100%\"><div class=\"wp-block-image\">\n<figure class=\"aligncenter size-large is-resized\"><img decoding=\"async\" src=\"https:\/\/v2charge.com\/wp-content\/uploads\/2023\/01\/compartir-e-charger-permisos-731x1024.jpg\" alt=\"Compartir e-Charger V2C App\" class=\"wp-image-91388\" width=\"366\" height=\"512\" srcset=\"https:\/\/v2charge.com\/wp-content\/uploads\/2023\/01\/compartir-e-charger-permisos-731x1024.jpg 731w, https:\/\/v2charge.com\/wp-content\/uploads\/2023\/01\/compartir-e-charger-permisos-214x300.jpg 214w, https:\/\/v2charge.com\/wp-content\/uploads\/2023\/01\/compartir-e-charger-permisos-768x1075.jpg 768w, https:\/\/v2charge.com\/wp-content\/uploads\/2023\/01\/compartir-e-charger-permisos-1097x1536.jpg 1097w, https:\/\/v2charge.com\/wp-content\/uploads\/2023\/01\/compartir-e-charger-permisos.jpg 1385w\" sizes=\"(max-width: 366px) 100vw, 366px\" \/><\/figure>\n<\/div><\/div>\n<\/div>\n<\/div>\n<\/div>\n\n\n\n<p>Daha sonra, &#8216;Tamam&#8217;\u0131 se\u00e7in ve ard\u0131ndan &#8216;DAVET ET&#8217; d\u00fc\u011fmesine t\u0131klay\u0131n.<\/p>\n\n\n<div class=\"wp-block-image\">\n<figure class=\"aligncenter size-large is-resized\"><img decoding=\"async\" src=\"https:\/\/v2charge.com\/wp-content\/uploads\/2023\/01\/visor-editor-permisos-v2c-app-731x1024.jpg\" alt=\"Permisos V2C App \" class=\"wp-image-91396\" width=\"366\" height=\"512\" srcset=\"https:\/\/v2charge.com\/wp-content\/uploads\/2023\/01\/visor-editor-permisos-v2c-app-731x1024.jpg 731w, https:\/\/v2charge.com\/wp-content\/uploads\/2023\/01\/visor-editor-permisos-v2c-app-214x300.jpg 214w, https:\/\/v2charge.com\/wp-content\/uploads\/2023\/01\/visor-editor-permisos-v2c-app-768x1075.jpg 768w, https:\/\/v2charge.com\/wp-content\/uploads\/2023\/01\/visor-editor-permisos-v2c-app-1097x1536.jpg 1097w, https:\/\/v2charge.com\/wp-content\/uploads\/2023\/01\/visor-editor-permisos-v2c-app.jpg 1385w\" sizes=\"(max-width: 366px) 100vw, 366px\" \/><\/figure>\n<\/div>\n\n\n<p>Davetiyeyi g\u00f6ndermek istedi\u011finiz arac\u0131 se\u00e7in (WhatsApp, e-posta\u2026).<\/p>\n\n\n\n<p>Misafir, t\u0131klamas\u0131 gereken bir ba\u011flant\u0131 i\u00e7eren bir mesaj alacakt\u0131r. Daha sonra V2C Cloud&#8217;da oturum a\u00e7mak veya alternatif olarak kay\u0131t yapt\u0131rarak uygulamaya kaydolmak i\u00e7in bir pencereye y\u00f6nlendirileceklerdir.<\/p>\n\n\n\n<p>\u0130\u015flemi tamamlad\u0131\u011f\u0131n\u0131zda, payla\u015f\u0131lan e-\u015earj cihaz\u0131n\u0131n g\u00f6r\u00fcnece\u011fi Uygulamay\u0131 a\u00e7man\u0131z gerekecektir.<\/p>\n\n\n\n<div style=\"height:60px\" aria-hidden=\"true\" class=\"wp-block-spacer\"><\/div>\n","protected":false},"excerpt":{"rendered":"<p>V2C Bulut Uygulamas\u0131ndan bir \u015farj cihaz\u0131 nas\u0131l payla\u015f\u0131l\u0131r? Bir \u015farj cihaz\u0131n\u0131 bir aile \u00fcyesiyle veya \u00fc\u00e7\u00fcnc\u00fc tarafla payla\u015fmak i\u00e7in bunu V2C Cloud platformundan de\u011fil, Uygulamadan yapman\u0131z gerekir. Uygulamaya giri\u015f yap\u0131n. Payla\u015fmak istedi\u011finiz \u015farj cihaz\u0131n\u0131 se\u00e7in. &#8216;BU Y\u00dcKLEY\u0130C\u0130Y\u0130 DAHA FAZLA K\u0130\u015e\u0130YLE PAYLA\u015e&#8217; d\u00fc\u011fmesinin sa\u011f\u0131ndaki oka t\u0131klay\u0131n. Payla\u015fmak istedi\u011finiz e-\u015earj cihaz\u0131n\u0131 se\u00e7mek i\u00e7in &#8216;\u015earj Cihaz\u0131&#8217; alan\u0131n\u0131 se\u00e7in. &#8230; <a title=\"V2C Bulut Uygulamas\u0131ndan bir \u015farj cihaz\u0131 nas\u0131l payla\u015f\u0131l\u0131r?\" class=\"read-more\" href=\"https:\/\/v2charge.com\/tr\/v2c-bulut-uygulamasindan-bir-sarj-cihazi-nasil-paylasilir\/\" aria-label=\"Read more about V2C Bulut Uygulamas\u0131ndan bir \u015farj cihaz\u0131 nas\u0131l payla\u015f\u0131l\u0131r?\">Devam\u0131n\u0131 oku<\/a><\/p>\n","protected":false},"author":400,"featured_media":170355,"parent":0,"menu_order":0,"comment_status":"closed","ping_status":"closed","template":"","meta":{"_eb_attr":"","content-type":"","_uag_custom_page_level_css":"","footnotes":""},"class_list":["post-113307","page","type-page","status-publish","has-post-thumbnail"],"yoast_head":"<!-- This site is optimized with the Yoast SEO plugin v25.3.1 - https:\/\/yoast.com\/wordpress\/plugins\/seo\/ -->\n<title>V2C Cloud | V2C Uygulamas\u0131ndan bir \u015farj cihaz\u0131 nas\u0131l payla\u015f\u0131l\u0131r<\/title>\n<meta name=\"description\" content=\"\u015earj cihaz\u0131n\u0131z\u0131 bir aile \u00fcyesiyle, arkada\u015f\u0131n\u0131zla veya ba\u015fka bir ki\u015fiyle payla\u015fmak istiyorsan\u0131z, bunu V2C Bulut Uygulamas\u0131 arac\u0131l\u0131\u011f\u0131yla yapabilirsiniz. \u0130\u015fte nas\u0131l yap\u0131laca\u011f\u0131.\" \/>\n<meta name=\"robots\" content=\"index, follow, max-snippet:-1, max-image-preview:large, max-video-preview:-1\" \/>\n<link rel=\"canonical\" href=\"https:\/\/v2charge.com\/tr\/v2c-bulut-uygulamasindan-bir-sarj-cihazi-nasil-paylasilir\/\" \/>\n<meta property=\"og:locale\" content=\"tr_TR\" \/>\n<meta property=\"og:type\" content=\"article\" \/>\n<meta property=\"og:title\" content=\"V2C Cloud | V2C Uygulamas\u0131ndan bir \u015farj cihaz\u0131 nas\u0131l payla\u015f\u0131l\u0131r\" \/>\n<meta property=\"og:description\" content=\"\u015earj cihaz\u0131n\u0131z\u0131 bir aile \u00fcyesiyle, arkada\u015f\u0131n\u0131zla veya ba\u015fka bir ki\u015fiyle payla\u015fmak istiyorsan\u0131z, bunu V2C Bulut Uygulamas\u0131 arac\u0131l\u0131\u011f\u0131yla yapabilirsiniz. \u0130\u015fte nas\u0131l yap\u0131laca\u011f\u0131.\" \/>\n<meta property=\"og:url\" content=\"https:\/\/v2charge.com\/tr\/v2c-bulut-uygulamasindan-bir-sarj-cihazi-nasil-paylasilir\/\" \/>\n<meta property=\"og:site_name\" content=\"V2C\" \/>\n<meta property=\"article:publisher\" content=\"https:\/\/www.facebook.com\/V2C.Charge\" \/>\n<meta property=\"article:modified_time\" content=\"2023-08-10T12:13:02+00:00\" \/>\n<meta property=\"og:image\" content=\"https:\/\/v2charge.com\/wp-content\/uploads\/2022\/12\/v2c-internet-bluetooth-1-731x1024.jpg\" \/>\n<meta name=\"twitter:card\" content=\"summary_large_image\" \/>\n<meta name=\"twitter:site\" content=\"@V2C_Charge\" \/>\n<meta name=\"twitter:label1\" content=\"Tahmini okuma s\u00fcresi\" \/>\n\t<meta name=\"twitter:data1\" content=\"2 dakika\" \/>\n<script type=\"application\/ld+json\" class=\"yoast-schema-graph\">{\"@context\":\"https:\/\/schema.org\",\"@graph\":[{\"@type\":\"WebPage\",\"@id\":\"https:\/\/v2charge.com\/tr\/v2c-bulut-uygulamasindan-bir-sarj-cihazi-nasil-paylasilir\/\",\"url\":\"https:\/\/v2charge.com\/tr\/v2c-bulut-uygulamasindan-bir-sarj-cihazi-nasil-paylasilir\/\",\"name\":\"V2C Cloud | V2C Uygulamas\u0131ndan bir \u015farj cihaz\u0131 nas\u0131l payla\u015f\u0131l\u0131r\",\"isPartOf\":{\"@id\":\"https:\/\/v2charge.com\/tr\/#website\"},\"primaryImageOfPage\":{\"@id\":\"https:\/\/v2charge.com\/tr\/v2c-bulut-uygulamasindan-bir-sarj-cihazi-nasil-paylasilir\/#primaryimage\"},\"image\":{\"@id\":\"https:\/\/v2charge.com\/tr\/v2c-bulut-uygulamasindan-bir-sarj-cihazi-nasil-paylasilir\/#primaryimage\"},\"thumbnailUrl\":\"https:\/\/v2charge.com\/wp-content\/uploads\/2024\/07\/v2c-electric-chargers.jpg\",\"datePublished\":\"2023-07-13T13:29:22+00:00\",\"dateModified\":\"2023-08-10T12:13:02+00:00\",\"description\":\"\u015earj cihaz\u0131n\u0131z\u0131 bir aile \u00fcyesiyle, arkada\u015f\u0131n\u0131zla veya ba\u015fka bir ki\u015fiyle payla\u015fmak istiyorsan\u0131z, bunu V2C Bulut Uygulamas\u0131 arac\u0131l\u0131\u011f\u0131yla yapabilirsiniz. \u0130\u015fte nas\u0131l yap\u0131laca\u011f\u0131.\",\"breadcrumb\":{\"@id\":\"https:\/\/v2charge.com\/tr\/v2c-bulut-uygulamasindan-bir-sarj-cihazi-nasil-paylasilir\/#breadcrumb\"},\"inLanguage\":\"tr\",\"potentialAction\":[{\"@type\":\"ReadAction\",\"target\":[\"https:\/\/v2charge.com\/tr\/v2c-bulut-uygulamasindan-bir-sarj-cihazi-nasil-paylasilir\/\"]}]},{\"@type\":\"ImageObject\",\"inLanguage\":\"tr\",\"@id\":\"https:\/\/v2charge.com\/tr\/v2c-bulut-uygulamasindan-bir-sarj-cihazi-nasil-paylasilir\/#primaryimage\",\"url\":\"https:\/\/v2charge.com\/wp-content\/uploads\/2024\/07\/v2c-electric-chargers.jpg\",\"contentUrl\":\"https:\/\/v2charge.com\/wp-content\/uploads\/2024\/07\/v2c-electric-chargers.jpg\",\"width\":1200,\"height\":675,\"caption\":\"V2C Electric Chargers\"},{\"@type\":\"BreadcrumbList\",\"@id\":\"https:\/\/v2charge.com\/tr\/v2c-bulut-uygulamasindan-bir-sarj-cihazi-nasil-paylasilir\/#breadcrumb\",\"itemListElement\":[{\"@type\":\"ListItem\",\"position\":1,\"name\":\"V2C\",\"item\":\"https:\/\/v2charge.com\/tr\/\"},{\"@type\":\"ListItem\",\"position\":2,\"name\":\"V2C Bulut Uygulamas\u0131ndan bir \u015farj cihaz\u0131 nas\u0131l payla\u015f\u0131l\u0131r?\"}]},{\"@type\":\"WebSite\",\"@id\":\"https:\/\/v2charge.com\/tr\/#website\",\"url\":\"https:\/\/v2charge.com\/tr\/\",\"name\":\"V2C\",\"description\":\"#CargandoElMa\u00f1ana\",\"publisher\":{\"@id\":\"https:\/\/v2charge.com\/tr\/#organization\"},\"potentialAction\":[{\"@type\":\"SearchAction\",\"target\":{\"@type\":\"EntryPoint\",\"urlTemplate\":\"https:\/\/v2charge.com\/tr\/?s={search_term_string}\"},\"query-input\":{\"@type\":\"PropertyValueSpecification\",\"valueRequired\":true,\"valueName\":\"search_term_string\"}}],\"inLanguage\":\"tr\"},{\"@type\":\"Organization\",\"@id\":\"https:\/\/v2charge.com\/tr\/#organization\",\"name\":\"V2C\",\"url\":\"https:\/\/v2charge.com\/tr\/\",\"logo\":{\"@type\":\"ImageObject\",\"inLanguage\":\"tr\",\"@id\":\"https:\/\/v2charge.com\/tr\/#\/schema\/logo\/image\/\",\"url\":\"https:\/\/v2charge.com\/wp-content\/uploads\/2024\/11\/cropped-v2c-charge-logo-menu.png\",\"contentUrl\":\"https:\/\/v2charge.com\/wp-content\/uploads\/2024\/11\/cropped-v2c-charge-logo-menu.png\",\"width\":984,\"height\":431,\"caption\":\"V2C\"},\"image\":{\"@id\":\"https:\/\/v2charge.com\/tr\/#\/schema\/logo\/image\/\"},\"sameAs\":[\"https:\/\/www.facebook.com\/V2C.Charge\",\"https:\/\/x.com\/V2C_Charge\",\"https:\/\/www.instagram.com\/v2c.charge\/\",\"https:\/\/www.youtube.com\/@V2C\",\"https:\/\/www.linkedin.com\/company\/v2c-chargers\/\"]}]}<\/script>\n<!-- \/ Yoast SEO plugin. -->","yoast_head_json":{"title":"V2C Cloud | V2C Uygulamas\u0131ndan bir \u015farj cihaz\u0131 nas\u0131l payla\u015f\u0131l\u0131r","description":"\u015earj cihaz\u0131n\u0131z\u0131 bir aile \u00fcyesiyle, arkada\u015f\u0131n\u0131zla veya ba\u015fka bir ki\u015fiyle payla\u015fmak istiyorsan\u0131z, bunu V2C Bulut Uygulamas\u0131 arac\u0131l\u0131\u011f\u0131yla yapabilirsiniz. \u0130\u015fte nas\u0131l yap\u0131laca\u011f\u0131.","robots":{"index":"index","follow":"follow","max-snippet":"max-snippet:-1","max-image-preview":"max-image-preview:large","max-video-preview":"max-video-preview:-1"},"canonical":"https:\/\/v2charge.com\/tr\/v2c-bulut-uygulamasindan-bir-sarj-cihazi-nasil-paylasilir\/","og_locale":"tr_TR","og_type":"article","og_title":"V2C Cloud | V2C Uygulamas\u0131ndan bir \u015farj cihaz\u0131 nas\u0131l payla\u015f\u0131l\u0131r","og_description":"\u015earj cihaz\u0131n\u0131z\u0131 bir aile \u00fcyesiyle, arkada\u015f\u0131n\u0131zla veya ba\u015fka bir ki\u015fiyle payla\u015fmak istiyorsan\u0131z, bunu V2C Bulut Uygulamas\u0131 arac\u0131l\u0131\u011f\u0131yla yapabilirsiniz. \u0130\u015fte nas\u0131l yap\u0131laca\u011f\u0131.","og_url":"https:\/\/v2charge.com\/tr\/v2c-bulut-uygulamasindan-bir-sarj-cihazi-nasil-paylasilir\/","og_site_name":"V2C","article_publisher":"https:\/\/www.facebook.com\/V2C.Charge","article_modified_time":"2023-08-10T12:13:02+00:00","og_image":[{"url":"https:\/\/v2charge.com\/wp-content\/uploads\/2022\/12\/v2c-internet-bluetooth-1-731x1024.jpg","type":"","width":"","height":""}],"twitter_card":"summary_large_image","twitter_site":"@V2C_Charge","twitter_misc":{"Tahmini okuma s\u00fcresi":"2 dakika"},"schema":{"@context":"https:\/\/schema.org","@graph":[{"@type":"WebPage","@id":"https:\/\/v2charge.com\/tr\/v2c-bulut-uygulamasindan-bir-sarj-cihazi-nasil-paylasilir\/","url":"https:\/\/v2charge.com\/tr\/v2c-bulut-uygulamasindan-bir-sarj-cihazi-nasil-paylasilir\/","name":"V2C Cloud | V2C Uygulamas\u0131ndan bir \u015farj cihaz\u0131 nas\u0131l payla\u015f\u0131l\u0131r","isPartOf":{"@id":"https:\/\/v2charge.com\/tr\/#website"},"primaryImageOfPage":{"@id":"https:\/\/v2charge.com\/tr\/v2c-bulut-uygulamasindan-bir-sarj-cihazi-nasil-paylasilir\/#primaryimage"},"image":{"@id":"https:\/\/v2charge.com\/tr\/v2c-bulut-uygulamasindan-bir-sarj-cihazi-nasil-paylasilir\/#primaryimage"},"thumbnailUrl":"https:\/\/v2charge.com\/wp-content\/uploads\/2024\/07\/v2c-electric-chargers.jpg","datePublished":"2023-07-13T13:29:22+00:00","dateModified":"2023-08-10T12:13:02+00:00","description":"\u015earj cihaz\u0131n\u0131z\u0131 bir aile \u00fcyesiyle, arkada\u015f\u0131n\u0131zla veya ba\u015fka bir ki\u015fiyle payla\u015fmak istiyorsan\u0131z, bunu V2C Bulut Uygulamas\u0131 arac\u0131l\u0131\u011f\u0131yla yapabilirsiniz. \u0130\u015fte nas\u0131l yap\u0131laca\u011f\u0131.","breadcrumb":{"@id":"https:\/\/v2charge.com\/tr\/v2c-bulut-uygulamasindan-bir-sarj-cihazi-nasil-paylasilir\/#breadcrumb"},"inLanguage":"tr","potentialAction":[{"@type":"ReadAction","target":["https:\/\/v2charge.com\/tr\/v2c-bulut-uygulamasindan-bir-sarj-cihazi-nasil-paylasilir\/"]}]},{"@type":"ImageObject","inLanguage":"tr","@id":"https:\/\/v2charge.com\/tr\/v2c-bulut-uygulamasindan-bir-sarj-cihazi-nasil-paylasilir\/#primaryimage","url":"https:\/\/v2charge.com\/wp-content\/uploads\/2024\/07\/v2c-electric-chargers.jpg","contentUrl":"https:\/\/v2charge.com\/wp-content\/uploads\/2024\/07\/v2c-electric-chargers.jpg","width":1200,"height":675,"caption":"V2C Electric Chargers"},{"@type":"BreadcrumbList","@id":"https:\/\/v2charge.com\/tr\/v2c-bulut-uygulamasindan-bir-sarj-cihazi-nasil-paylasilir\/#breadcrumb","itemListElement":[{"@type":"ListItem","position":1,"name":"V2C","item":"https:\/\/v2charge.com\/tr\/"},{"@type":"ListItem","position":2,"name":"V2C Bulut Uygulamas\u0131ndan bir \u015farj cihaz\u0131 nas\u0131l payla\u015f\u0131l\u0131r?"}]},{"@type":"WebSite","@id":"https:\/\/v2charge.com\/tr\/#website","url":"https:\/\/v2charge.com\/tr\/","name":"V2C","description":"#CargandoElMa\u00f1ana","publisher":{"@id":"https:\/\/v2charge.com\/tr\/#organization"},"potentialAction":[{"@type":"SearchAction","target":{"@type":"EntryPoint","urlTemplate":"https:\/\/v2charge.com\/tr\/?s={search_term_string}"},"query-input":{"@type":"PropertyValueSpecification","valueRequired":true,"valueName":"search_term_string"}}],"inLanguage":"tr"},{"@type":"Organization","@id":"https:\/\/v2charge.com\/tr\/#organization","name":"V2C","url":"https:\/\/v2charge.com\/tr\/","logo":{"@type":"ImageObject","inLanguage":"tr","@id":"https:\/\/v2charge.com\/tr\/#\/schema\/logo\/image\/","url":"https:\/\/v2charge.com\/wp-content\/uploads\/2024\/11\/cropped-v2c-charge-logo-menu.png","contentUrl":"https:\/\/v2charge.com\/wp-content\/uploads\/2024\/11\/cropped-v2c-charge-logo-menu.png","width":984,"height":431,"caption":"V2C"},"image":{"@id":"https:\/\/v2charge.com\/tr\/#\/schema\/logo\/image\/"},"sameAs":["https:\/\/www.facebook.com\/V2C.Charge","https:\/\/x.com\/V2C_Charge","https:\/\/www.instagram.com\/v2c.charge\/","https:\/\/www.youtube.com\/@V2C","https:\/\/www.linkedin.com\/company\/v2c-chargers\/"]}]}},"uagb_featured_image_src":{"full":["https:\/\/v2charge.com\/wp-content\/uploads\/2024\/07\/v2c-electric-chargers.jpg",1200,675,false],"thumbnail":["https:\/\/v2charge.com\/wp-content\/uploads\/2024\/07\/v2c-electric-chargers-150x150.jpg",150,150,true],"medium":["https:\/\/v2charge.com\/wp-content\/uploads\/2024\/07\/v2c-electric-chargers-300x169.jpg",300,169,true],"medium_large":["https:\/\/v2charge.com\/wp-content\/uploads\/2024\/07\/v2c-electric-chargers-768x432.jpg",768,432,true],"large":["https:\/\/v2charge.com\/wp-content\/uploads\/2024\/07\/v2c-electric-chargers-1024x576.jpg",1024,576,true],"gs-tiny":["https:\/\/v2charge.com\/wp-content\/uploads\/2024\/07\/v2c-electric-chargers.jpg",50,28,false],"xl":["https:\/\/v2charge.com\/wp-content\/uploads\/2024\/07\/v2c-electric-chargers.jpg",1200,675,false],"xxl":["https:\/\/v2charge.com\/wp-content\/uploads\/2024\/07\/v2c-electric-chargers.jpg",1200,675,false],"xxxl":["https:\/\/v2charge.com\/wp-content\/uploads\/2024\/07\/v2c-electric-chargers.jpg",1200,675,false],"xxxxl":["https:\/\/v2charge.com\/wp-content\/uploads\/2024\/07\/v2c-electric-chargers.jpg",1200,675,false],"xxxxxl":["https:\/\/v2charge.com\/wp-content\/uploads\/2024\/07\/v2c-electric-chargers.jpg",1200,675,false],"1536x1536":["https:\/\/v2charge.com\/wp-content\/uploads\/2024\/07\/v2c-electric-chargers.jpg",1200,675,false],"2048x2048":["https:\/\/v2charge.com\/wp-content\/uploads\/2024\/07\/v2c-electric-chargers.jpg",1200,675,false]},"uagb_author_info":{"display_name":"V2C","author_link":"https:\/\/v2charge.com\/tr\/author\/marketing\/"},"uagb_comment_info":0,"uagb_excerpt":"V2C Bulut Uygulamas\u0131ndan bir \u015farj cihaz\u0131 nas\u0131l payla\u015f\u0131l\u0131r? Bir \u015farj cihaz\u0131n\u0131 bir aile \u00fcyesiyle veya \u00fc\u00e7\u00fcnc\u00fc tarafla payla\u015fmak i\u00e7in bunu V2C Cloud platformundan de\u011fil, Uygulamadan yapman\u0131z gerekir. Uygulamaya giri\u015f yap\u0131n. Payla\u015fmak istedi\u011finiz \u015farj cihaz\u0131n\u0131 se\u00e7in. &#8216;BU Y\u00dcKLEY\u0130C\u0130Y\u0130 DAHA FAZLA K\u0130\u015e\u0130YLE PAYLA\u015e&#8217; d\u00fc\u011fmesinin sa\u011f\u0131ndaki oka t\u0131klay\u0131n. Payla\u015fmak istedi\u011finiz e-\u015earj cihaz\u0131n\u0131 se\u00e7mek i\u00e7in &#8216;\u015earj Cihaz\u0131&#8217; alan\u0131n\u0131 se\u00e7in.&hellip;","_links":{"self":[{"href":"https:\/\/v2charge.com\/tr\/wp-json\/wp\/v2\/pages\/113307","targetHints":{"allow":["GET"]}}],"collection":[{"href":"https:\/\/v2charge.com\/tr\/wp-json\/wp\/v2\/pages"}],"about":[{"href":"https:\/\/v2charge.com\/tr\/wp-json\/wp\/v2\/types\/page"}],"author":[{"embeddable":true,"href":"https:\/\/v2charge.com\/tr\/wp-json\/wp\/v2\/users\/400"}],"replies":[{"embeddable":true,"href":"https:\/\/v2charge.com\/tr\/wp-json\/wp\/v2\/comments?post=113307"}],"version-history":[{"count":0,"href":"https:\/\/v2charge.com\/tr\/wp-json\/wp\/v2\/pages\/113307\/revisions"}],"wp:featuredmedia":[{"embeddable":true,"href":"https:\/\/v2charge.com\/tr\/wp-json\/wp\/v2\/media\/170355"}],"wp:attachment":[{"href":"https:\/\/v2charge.com\/tr\/wp-json\/wp\/v2\/media?parent=113307"}],"curies":[{"name":"wp","href":"https:\/\/api.w.org\/{rel}","templated":true}]}}