{"id":130943,"date":"2024-01-03T10:34:55","date_gmt":"2024-01-03T08:34:55","guid":{"rendered":"https:\/\/v2charge.com\/?page_id=130943"},"modified":"2025-04-29T10:11:46","modified_gmt":"2025-04-29T08:11:46","slug":"smartlock-konfigurasyonu","status":"publish","type":"page","link":"https:\/\/v2charge.com\/tr\/destek-alani\/trydan\/smartlock-konfigurasyonu\/","title":{"rendered":"V2C SmartLockk"},"content":{"rendered":"\n<div class=\"wp-block-uagb-container uagb-block-86579c9d alignfull uagb-is-root-container\"><div class=\"uagb-container-inner-blocks-wrap\"><div class=\"yoast-breadcrumbs\"><span><span><a href=\"https:\/\/v2charge.com\/tr\/\">V2C<\/a><\/span> \u00bb <span><a href=\"https:\/\/v2charge.com\/tr\/destek-alani\/\">Destek Alan\u0131.<\/a><\/span> \u00bb <span><a href=\"https:\/\/v2charge.com\/tr\/destek-alani\/trydan\/\">Trydan deste\u011fi<\/a><\/span> \u00bb <span class=\"breadcrumb_last\" aria-current=\"page\">V2C SmartLockk<\/span><\/span><\/div>\n\n\n<h1 class=\"wp-block-heading\">V2C SmartLock nedir?<\/h1>\n\n\n\n<p><strong>V2C SmartLock<\/strong>, Trydan e-\u015earj Cihaz\u0131n\u0131n yeni bir \u00f6zelli\u011fidir ve bir e-Anahtar, yani <strong>BLE<\/strong> (Bluetooth D\u00fc\u015f\u00fck Enerji) ba\u011flant\u0131s\u0131 kullanan bir cihaz kullanarak \u015farj cihaz\u0131n\u0131n kilidini kablosuz olarak a\u00e7man\u0131za olanak tan\u0131r. Bir ak\u0131ll\u0131 saat, bir fitness bilekli\u011fi, bir anahtarl\u0131k veya Tesla Model 3 veya Model Y gibi bir elektrikli ara\u00e7 kullanarak, V2C Cloud uygulamas\u0131n\u0131, V2C Cloud web platformunu veya e-\u015earj cihaz\u0131n\u0131n tu\u015f tak\u0131m\u0131n\u0131 kullanmak zorunda kalmadan \u015farj cihaz\u0131n\u0131n kilidini a\u00e7abilirsiniz. D\u00fczg\u00fcn \u00e7al\u0131\u015fma i\u00e7in cihaz\u0131n statik bir MAC adresine sahip olmas\u0131 \u00f6nemlidir.<\/p>\n\n\n\n<p>e-\u015earj Cihaz\u0131n\u0131n V2C SmartLock teknolojisi zaman kazand\u0131r\u0131r ve elektrikli arac\u0131n\u0131z\u0131 \u015farj etmeyi kolayla\u015ft\u0131r\u0131r. Sadece e-Anahtar\u0131 \u015farj cihaz\u0131na yakla\u015ft\u0131r\u0131n ve kilidi a\u00e7\u0131n.<\/p>\n\n\n\n<blockquote class=\"wp-block-quote is-layout-flow wp-block-quote-is-layout-flow\">\n<p style=\"font-size:16px\"><em>NOT: e-Anahtar\u0131 ba\u011flamadan \u00f6nce, \u015farj cihaz\u0131n\u0131n \u00fcr\u00fcn yaz\u0131l\u0131m\u0131 s\u00fcr\u00fcm\u00fcn\u00fcn <strong>1.7.15 <\/strong>veya \u00fcst\u00fc oldu\u011funu kontrol etmelisiniz. Bunu Cihaz ayarlar\u0131 &gt; Kimlik numaras\u0131 b\u00f6l\u00fcm\u00fcnden kontrol edebilirsiniz.<\/em><\/p>\n<\/blockquote>\n\n\n\n<h2 class=\"wp-block-heading\">V2C SmartLock arac\u0131l\u0131\u011f\u0131yla bir e-Anahtar\u0131 \u015farj cihaz\u0131na nas\u0131l ba\u011flayabilirim?<\/h2>\n\n\n\n<p>e-Anahtar\u0131 \u015farj cihaz\u0131n\u0131zla e\u015fle\u015ftirmek i\u00e7in e-\u015earj cihaz\u0131n\u0131za gidin ve V2C Cloud uygulamas\u0131nda a\u015fa\u011f\u0131daki ad\u0131mlar\u0131 izleyin. Elektrikli bir ara\u00e7 s\u00f6z konusu oldu\u011funda, e-\u015earj cihaz\u0131 en yak\u0131n cihaz\u0131 ekleyece\u011finden, arac\u0131 ba\u015fka Bluetooth cihazlar\u0131 olmadan \u015farj cihaz\u0131n\u0131n yak\u0131n\u0131na yerle\u015ftirin.<\/p>\n\n\n\n<div class=\"wp-block-uagb-container uagb-block-a42587f1 alignfull uagb-is-root-container\"><div class=\"uagb-container-inner-blocks-wrap\">\n<div class=\"wp-block-uagb-image uagb-block-039355ce wp-block-uagb-image--layout-default wp-block-uagb-image--effect-static wp-block-uagb-image--align-none\"><figure class=\"wp-block-uagb-image__figure\"><img decoding=\"async\" srcset=\"https:\/\/v2charge.com\/wp-content\/uploads\/2023\/11\/e-charger-v2c.jpg ,https:\/\/v2charge.com\/wp-content\/uploads\/2023\/11\/e-charger-v2c.jpg 780w, https:\/\/v2charge.com\/wp-content\/uploads\/2023\/11\/e-charger-v2c.jpg 360w\" sizes=\"auto, (max-width: 480px) 150px\" src=\"https:\/\/v2charge.com\/wp-content\/uploads\/2023\/11\/e-charger-v2c.jpg\" alt=\"\" class=\"uag-image-126317\" width=\"400\" height=\"560\" title=\"\" loading=\"lazy\" role=\"img\"\/><figcaption class=\"uagb-image-caption\">1. Uygulamaya girin ve e-Charger se\u00e7in.<\/figcaption><\/figure><\/div>\n\n\n\n<div class=\"wp-block-uagb-image uagb-block-49e1d3e1 wp-block-uagb-image--layout-default wp-block-uagb-image--effect-static wp-block-uagb-image--align-none\"><figure class=\"wp-block-uagb-image__figure\"><img decoding=\"async\" srcset=\"https:\/\/v2charge.com\/wp-content\/uploads\/2023\/11\/trydan-configuration.jpg ,https:\/\/v2charge.com\/wp-content\/uploads\/2023\/11\/trydan-configuration.jpg 780w, https:\/\/v2charge.com\/wp-content\/uploads\/2023\/11\/trydan-configuration.jpg 360w\" sizes=\"auto, (max-width: 480px) 150px\" src=\"https:\/\/v2charge.com\/wp-content\/uploads\/2023\/11\/trydan-configuration.jpg\" alt=\"\" class=\"uag-image-126373\" width=\"400\" height=\"560\" title=\"\" loading=\"lazy\" role=\"img\"\/><figcaption class=\"uagb-image-caption\">2. Yap\u0131land\u0131rmaya t\u0131klay\u0131n<br>D\u00fc\u011fme.<\/figcaption><\/figure><\/div>\n\n\n\n<div class=\"wp-block-uagb-image uagb-block-435bc9cd wp-block-uagb-image--layout-default wp-block-uagb-image--effect-static wp-block-uagb-image--align-none\"><figure class=\"wp-block-uagb-image__figure\"><img decoding=\"async\" srcset=\"https:\/\/v2charge.com\/wp-content\/uploads\/2023\/11\/configuration-e-keys.jpg ,https:\/\/v2charge.com\/wp-content\/uploads\/2023\/11\/configuration-e-keys.jpg 780w, https:\/\/v2charge.com\/wp-content\/uploads\/2023\/11\/configuration-e-keys.jpg 360w\" sizes=\"auto, (max-width: 480px) 150px\" src=\"https:\/\/v2charge.com\/wp-content\/uploads\/2023\/11\/configuration-e-keys.jpg\" alt=\"\" class=\"uag-image-126326\" width=\"400\" height=\"560\" title=\"\" loading=\"lazy\" role=\"img\"\/><figcaption class=\"uagb-image-caption\">3. B\u00f6l\u00fcm\u00fcne gidin<br>&#8220;e-Anahtarlar&#8221;.<\/figcaption><\/figure><\/div>\n\n\n\n<div class=\"wp-block-uagb-image uagb-block-ebc6a949 wp-block-uagb-image--layout-default wp-block-uagb-image--effect-static wp-block-uagb-image--align-none\"><figure class=\"wp-block-uagb-image__figure\"><img decoding=\"async\" srcset=\"https:\/\/v2charge.com\/wp-content\/uploads\/2023\/11\/activate-e-keys.jpg ,https:\/\/v2charge.com\/wp-content\/uploads\/2023\/11\/activate-e-keys.jpg 780w, https:\/\/v2charge.com\/wp-content\/uploads\/2023\/11\/activate-e-keys.jpg 360w\" sizes=\"auto, (max-width: 480px) 150px\" src=\"https:\/\/v2charge.com\/wp-content\/uploads\/2023\/11\/activate-e-keys.jpg\" alt=\"\" class=\"uag-image-126335\" width=\"400\" height=\"560\" title=\"\" loading=\"lazy\" role=\"img\"\/><figcaption class=\"uagb-image-caption\">4. Etkinle\u015ftirmek i\u00e7in d\u00fc\u011fmeye t\u0131klay\u0131n e-Anahtarlar.<\/figcaption><\/figure><\/div>\n<\/div><\/div>\n\n\n\n<div class=\"wp-block-uagb-container uagb-block-c9ebf02a alignfull uagb-is-root-container\"><div class=\"uagb-container-inner-blocks-wrap\">\n<div class=\"wp-block-uagb-container uagb-block-28b75626\"><\/div>\n\n\n\n<div class=\"wp-block-uagb-image uagb-block-c58ef694 wp-block-uagb-image--layout-default wp-block-uagb-image--effect-static wp-block-uagb-image--align-none\"><figure class=\"wp-block-uagb-image__figure\"><img decoding=\"async\" srcset=\"https:\/\/v2charge.com\/wp-content\/uploads\/2023\/11\/add-e-key.jpg ,https:\/\/v2charge.com\/wp-content\/uploads\/2023\/11\/add-e-key.jpg 780w, https:\/\/v2charge.com\/wp-content\/uploads\/2023\/11\/add-e-key.jpg 360w\" sizes=\"auto, (max-width: 480px) 150px\" src=\"https:\/\/v2charge.com\/wp-content\/uploads\/2023\/11\/add-e-key.jpg\" alt=\"\" class=\"uag-image-126344\" width=\"400\" height=\"560\" title=\"\" loading=\"lazy\" role=\"img\"\/><figcaption class=\"uagb-image-caption\">5. T\u0131klay\u0131n\u0131z e-Anahtar Ekle&#8217;.<\/figcaption><\/figure><\/div>\n\n\n\n<div class=\"wp-block-uagb-image uagb-block-465ed35a wp-block-uagb-image--layout-default wp-block-uagb-image--effect-static wp-block-uagb-image--align-none\"><figure class=\"wp-block-uagb-image__figure\"><img decoding=\"async\" srcset=\"https:\/\/v2charge.com\/wp-content\/uploads\/2023\/11\/add-name-e-key.jpg ,https:\/\/v2charge.com\/wp-content\/uploads\/2023\/11\/add-name-e-key.jpg 780w, https:\/\/v2charge.com\/wp-content\/uploads\/2023\/11\/add-name-e-key.jpg 360w\" sizes=\"auto, (max-width: 480px) 150px\" src=\"https:\/\/v2charge.com\/wp-content\/uploads\/2023\/11\/add-name-e-key.jpg\" alt=\"\" class=\"uag-image-126354\" width=\"400\" height=\"560\" title=\"\" loading=\"lazy\" role=\"img\"\/><figcaption class=\"uagb-image-caption\">6. E-Anahtar\u0131 adland\u0131r\u0131n ve \u015farj cihaz\u0131na yakla\u015ft\u0131r\u0131n.<\/figcaption><\/figure><\/div>\n\n\n\n<div class=\"wp-block-uagb-image uagb-block-85cafc2b wp-block-uagb-image--layout-default wp-block-uagb-image--effect-static wp-block-uagb-image--align-none\"><figure class=\"wp-block-uagb-image__figure\"><img decoding=\"async\" srcset=\"https:\/\/v2charge.com\/wp-content\/uploads\/2023\/11\/e-key-added.jpg ,https:\/\/v2charge.com\/wp-content\/uploads\/2023\/11\/e-key-added.jpg 780w, https:\/\/v2charge.com\/wp-content\/uploads\/2023\/11\/e-key-added.jpg 360w\" sizes=\"auto, (max-width: 480px) 150px\" src=\"https:\/\/v2charge.com\/wp-content\/uploads\/2023\/11\/e-key-added.jpg\" alt=\"\" class=\"uag-image-126363\" width=\"400\" height=\"560\" title=\"\" loading=\"lazy\" role=\"img\"\/><figcaption class=\"uagb-image-caption\">7. e-Anahtar eklendi. Ad\u0131 de\u011fi\u015ftirebilir veya silebilirsiniz.<\/figcaption><\/figure><\/div>\n\n\n\n<div class=\"wp-block-uagb-container uagb-block-3574ee0f\"><\/div>\n<\/div><\/div>\n\n\n\n<blockquote class=\"wp-block-quote is-layout-flow wp-block-quote-is-layout-flow\">\n<p style=\"font-size:16px\"><em>NOT: Hortum araca ba\u011fl\u0131ysa, \u015farj cihaz\u0131n\u0131n e-Key&#8217;in uzakla\u015ft\u0131\u011f\u0131n\u0131 alg\u0131lasa bile kilitlenmeyece\u011fini ve b\u00f6ylece \u015farj i\u015fleminin do\u011fru \u015fekilde ger\u00e7ekle\u015ftirilebilece\u011fini l\u00fctfen unutmay\u0131n.<\/em><\/p>\n<\/blockquote>\n<\/div><\/div>\n\n\n\n<div class=\"wp-block-uagb-container uagb-block-c6f38013 alignfull uagb-is-root-container\"><div class=\"uagb-container-inner-blocks-wrap\">\n<div class=\"wp-block-uagb-advanced-heading uagb-block-6963d70c\"><h2 class=\"uagb-heading-text\"><strong>Teknik deste\u011fe mi ihtiyac\u0131n\u0131z var?<\/strong><\/h2><\/div>\n\n\n\n<div class=\"wp-block-uagb-advanced-heading uagb-block-408243eb\"><p class=\"uagb-heading-text\">Teknik Destek Merkezi&#8217;nde bir talep olu\u015fturun; size en iyi \u00e7\u00f6z\u00fcm\u00fc sunmak i\u00e7in en k\u0131sa s\u00fcrede sizinle ileti\u015fime ge\u00e7ece\u011fiz.<\/p><\/div>\n\n\n\n<div class=\"wp-block-uagb-buttons uagb-buttons__outer-wrap uagb-btn__default-btn uagb-btn-tablet__default-btn uagb-btn-mobile__default-btn uagb-block-ba1e67d1\"><div class=\"uagb-buttons__wrap uagb-buttons-layout-wrap \">\n<div class=\"wp-block-uagb-buttons-child uagb-buttons__outer-wrap uagb-block-23cfb623 wp-block-button\"><div class=\"uagb-button__wrapper\"><a class=\"uagb-buttons-repeater wp-block-button__link\" aria-label=\"\" href=\"https:\/\/v2charge.atlassian.net\/servicedesk\/customer\/portal\/3\" rel=\"follow noopener\" target=\"_self\" role=\"button\"><div class=\"uagb-button__link\">Teknik Destekle \u0130leti\u015fime Ge\u00e7in<\/div><\/a><\/div><\/div>\n<\/div><\/div>\n<\/div><\/div>\n","protected":false},"excerpt":{"rendered":"<p>V2C SmartLock nedir? V2C SmartLock, Trydan e-\u015earj Cihaz\u0131n\u0131n yeni bir \u00f6zelli\u011fidir ve bir e-Anahtar, yani BLE (Bluetooth D\u00fc\u015f\u00fck Enerji) ba\u011flant\u0131s\u0131 kullanan bir cihaz kullanarak \u015farj cihaz\u0131n\u0131n kilidini kablosuz olarak a\u00e7man\u0131za olanak tan\u0131r. Bir ak\u0131ll\u0131 saat, bir fitness bilekli\u011fi, bir anahtarl\u0131k veya Tesla Model 3 veya Model Y gibi bir elektrikli ara\u00e7 kullanarak, V2C Cloud uygulamas\u0131n\u0131, &#8230; <a title=\"V2C SmartLockk\" class=\"read-more\" href=\"https:\/\/v2charge.com\/tr\/destek-alani\/trydan\/smartlock-konfigurasyonu\/\" aria-label=\"Read more about V2C SmartLockk\">Devam\u0131n\u0131 oku<\/a><\/p>\n","protected":false},"author":400,"featured_media":170355,"parent":75655,"menu_order":0,"comment_status":"closed","ping_status":"closed","template":"","meta":{"_eb_attr":"","content-type":"","_uag_custom_page_level_css":"","footnotes":""},"class_list":["post-130943","page","type-page","status-publish","has-post-thumbnail"],"yoast_head":"<!-- This site is optimized with the Yoast SEO plugin v25.3.1 - https:\/\/yoast.com\/wordpress\/plugins\/seo\/ -->\n<title>V2C SmartLock - Nedir ve nas\u0131l \u00e7al\u0131\u015f\u0131r? | V2C<\/title>\n<meta name=\"description\" content=\"Bir e-Anahtar ba\u011flama ve Trydan&#039;\u0131n kilidini yak\u0131nl\u0131k ile a\u00e7ma ad\u0131mlar\u0131n\u0131 \u00f6\u011frenin. Ad\u0131m ad\u0131m : V2C SmartLock nas\u0131l \u00e7al\u0131\u015f\u0131r?\" \/>\n<meta name=\"robots\" content=\"index, follow, max-snippet:-1, max-image-preview:large, max-video-preview:-1\" \/>\n<link rel=\"canonical\" href=\"https:\/\/v2charge.com\/tr\/destek-alani\/trydan\/smartlock-konfigurasyonu\/\" \/>\n<meta property=\"og:locale\" content=\"tr_TR\" \/>\n<meta property=\"og:type\" content=\"article\" \/>\n<meta property=\"og:title\" content=\"V2C SmartLock - Nedir ve nas\u0131l \u00e7al\u0131\u015f\u0131r? | V2C\" \/>\n<meta property=\"og:description\" content=\"Bir e-Anahtar ba\u011flama ve Trydan&#039;\u0131n kilidini yak\u0131nl\u0131k ile a\u00e7ma ad\u0131mlar\u0131n\u0131 \u00f6\u011frenin. Ad\u0131m ad\u0131m : V2C SmartLock nas\u0131l \u00e7al\u0131\u015f\u0131r?\" \/>\n<meta property=\"og:url\" content=\"https:\/\/v2charge.com\/tr\/destek-alani\/trydan\/smartlock-konfigurasyonu\/\" \/>\n<meta property=\"og:site_name\" content=\"V2C\" \/>\n<meta property=\"article:publisher\" content=\"https:\/\/www.facebook.com\/V2C.Charge\" \/>\n<meta property=\"article:modified_time\" content=\"2025-04-29T08:11:46+00:00\" \/>\n<meta property=\"og:image\" content=\"https:\/\/v2charge.com\/wp-content\/uploads\/2024\/07\/v2c-electric-chargers.jpg\" \/>\n\t<meta property=\"og:image:width\" content=\"1200\" \/>\n\t<meta property=\"og:image:height\" content=\"675\" \/>\n\t<meta property=\"og:image:type\" content=\"image\/jpeg\" \/>\n<meta name=\"twitter:card\" content=\"summary_large_image\" \/>\n<meta name=\"twitter:site\" content=\"@V2C_Charge\" \/>\n<meta name=\"twitter:label1\" content=\"Tahmini okuma s\u00fcresi\" \/>\n\t<meta name=\"twitter:data1\" content=\"3 dakika\" \/>\n<script type=\"application\/ld+json\" class=\"yoast-schema-graph\">{\"@context\":\"https:\/\/schema.org\",\"@graph\":[{\"@type\":\"WebPage\",\"@id\":\"https:\/\/v2charge.com\/tr\/destek-alani\/trydan\/smartlock-konfigurasyonu\/\",\"url\":\"https:\/\/v2charge.com\/tr\/destek-alani\/trydan\/smartlock-konfigurasyonu\/\",\"name\":\"V2C SmartLock - Nedir ve nas\u0131l \u00e7al\u0131\u015f\u0131r? | V2C\",\"isPartOf\":{\"@id\":\"https:\/\/v2charge.com\/tr\/#website\"},\"primaryImageOfPage\":{\"@id\":\"https:\/\/v2charge.com\/tr\/destek-alani\/trydan\/smartlock-konfigurasyonu\/#primaryimage\"},\"image\":{\"@id\":\"https:\/\/v2charge.com\/tr\/destek-alani\/trydan\/smartlock-konfigurasyonu\/#primaryimage\"},\"thumbnailUrl\":\"https:\/\/v2charge.com\/wp-content\/uploads\/2024\/07\/v2c-electric-chargers.jpg\",\"datePublished\":\"2024-01-03T08:34:55+00:00\",\"dateModified\":\"2025-04-29T08:11:46+00:00\",\"description\":\"Bir e-Anahtar ba\u011flama ve Trydan'\u0131n kilidini yak\u0131nl\u0131k ile a\u00e7ma ad\u0131mlar\u0131n\u0131 \u00f6\u011frenin. Ad\u0131m ad\u0131m : V2C SmartLock nas\u0131l \u00e7al\u0131\u015f\u0131r?\",\"breadcrumb\":{\"@id\":\"https:\/\/v2charge.com\/tr\/destek-alani\/trydan\/smartlock-konfigurasyonu\/#breadcrumb\"},\"inLanguage\":\"tr\",\"potentialAction\":[{\"@type\":\"ReadAction\",\"target\":[\"https:\/\/v2charge.com\/tr\/destek-alani\/trydan\/smartlock-konfigurasyonu\/\"]}]},{\"@type\":\"ImageObject\",\"inLanguage\":\"tr\",\"@id\":\"https:\/\/v2charge.com\/tr\/destek-alani\/trydan\/smartlock-konfigurasyonu\/#primaryimage\",\"url\":\"https:\/\/v2charge.com\/wp-content\/uploads\/2024\/07\/v2c-electric-chargers.jpg\",\"contentUrl\":\"https:\/\/v2charge.com\/wp-content\/uploads\/2024\/07\/v2c-electric-chargers.jpg\",\"width\":1200,\"height\":675,\"caption\":\"V2C Electric Chargers\"},{\"@type\":\"BreadcrumbList\",\"@id\":\"https:\/\/v2charge.com\/tr\/destek-alani\/trydan\/smartlock-konfigurasyonu\/#breadcrumb\",\"itemListElement\":[{\"@type\":\"ListItem\",\"position\":1,\"name\":\"V2C\",\"item\":\"https:\/\/v2charge.com\/tr\/\"},{\"@type\":\"ListItem\",\"position\":2,\"name\":\"Destek Alan\u0131.\",\"item\":\"https:\/\/v2charge.com\/tr\/destek-alani\/\"},{\"@type\":\"ListItem\",\"position\":3,\"name\":\"Trydan deste\u011fi\",\"item\":\"https:\/\/v2charge.com\/tr\/destek-alani\/trydan\/\"},{\"@type\":\"ListItem\",\"position\":4,\"name\":\"V2C SmartLockk\"}]},{\"@type\":\"WebSite\",\"@id\":\"https:\/\/v2charge.com\/tr\/#website\",\"url\":\"https:\/\/v2charge.com\/tr\/\",\"name\":\"V2C\",\"description\":\"#CargandoElMa\u00f1ana\",\"publisher\":{\"@id\":\"https:\/\/v2charge.com\/tr\/#organization\"},\"potentialAction\":[{\"@type\":\"SearchAction\",\"target\":{\"@type\":\"EntryPoint\",\"urlTemplate\":\"https:\/\/v2charge.com\/tr\/?s={search_term_string}\"},\"query-input\":{\"@type\":\"PropertyValueSpecification\",\"valueRequired\":true,\"valueName\":\"search_term_string\"}}],\"inLanguage\":\"tr\"},{\"@type\":\"Organization\",\"@id\":\"https:\/\/v2charge.com\/tr\/#organization\",\"name\":\"V2C\",\"url\":\"https:\/\/v2charge.com\/tr\/\",\"logo\":{\"@type\":\"ImageObject\",\"inLanguage\":\"tr\",\"@id\":\"https:\/\/v2charge.com\/tr\/#\/schema\/logo\/image\/\",\"url\":\"https:\/\/v2charge.com\/wp-content\/uploads\/2024\/11\/cropped-v2c-charge-logo-menu.png\",\"contentUrl\":\"https:\/\/v2charge.com\/wp-content\/uploads\/2024\/11\/cropped-v2c-charge-logo-menu.png\",\"width\":984,\"height\":431,\"caption\":\"V2C\"},\"image\":{\"@id\":\"https:\/\/v2charge.com\/tr\/#\/schema\/logo\/image\/\"},\"sameAs\":[\"https:\/\/www.facebook.com\/V2C.Charge\",\"https:\/\/x.com\/V2C_Charge\",\"https:\/\/www.instagram.com\/v2c.charge\/\",\"https:\/\/www.youtube.com\/@V2C\",\"https:\/\/www.linkedin.com\/company\/v2c-chargers\/\"]}]}<\/script>\n<!-- \/ Yoast SEO plugin. -->","yoast_head_json":{"title":"V2C SmartLock - Nedir ve nas\u0131l \u00e7al\u0131\u015f\u0131r? | V2C","description":"Bir e-Anahtar ba\u011flama ve Trydan'\u0131n kilidini yak\u0131nl\u0131k ile a\u00e7ma ad\u0131mlar\u0131n\u0131 \u00f6\u011frenin. Ad\u0131m ad\u0131m : V2C SmartLock nas\u0131l \u00e7al\u0131\u015f\u0131r?","robots":{"index":"index","follow":"follow","max-snippet":"max-snippet:-1","max-image-preview":"max-image-preview:large","max-video-preview":"max-video-preview:-1"},"canonical":"https:\/\/v2charge.com\/tr\/destek-alani\/trydan\/smartlock-konfigurasyonu\/","og_locale":"tr_TR","og_type":"article","og_title":"V2C SmartLock - Nedir ve nas\u0131l \u00e7al\u0131\u015f\u0131r? | V2C","og_description":"Bir e-Anahtar ba\u011flama ve Trydan'\u0131n kilidini yak\u0131nl\u0131k ile a\u00e7ma ad\u0131mlar\u0131n\u0131 \u00f6\u011frenin. Ad\u0131m ad\u0131m : V2C SmartLock nas\u0131l \u00e7al\u0131\u015f\u0131r?","og_url":"https:\/\/v2charge.com\/tr\/destek-alani\/trydan\/smartlock-konfigurasyonu\/","og_site_name":"V2C","article_publisher":"https:\/\/www.facebook.com\/V2C.Charge","article_modified_time":"2025-04-29T08:11:46+00:00","og_image":[{"width":1200,"height":675,"url":"https:\/\/v2charge.com\/wp-content\/uploads\/2024\/07\/v2c-electric-chargers.jpg","type":"image\/jpeg"}],"twitter_card":"summary_large_image","twitter_site":"@V2C_Charge","twitter_misc":{"Tahmini okuma s\u00fcresi":"3 dakika"},"schema":{"@context":"https:\/\/schema.org","@graph":[{"@type":"WebPage","@id":"https:\/\/v2charge.com\/tr\/destek-alani\/trydan\/smartlock-konfigurasyonu\/","url":"https:\/\/v2charge.com\/tr\/destek-alani\/trydan\/smartlock-konfigurasyonu\/","name":"V2C SmartLock - Nedir ve nas\u0131l \u00e7al\u0131\u015f\u0131r? | V2C","isPartOf":{"@id":"https:\/\/v2charge.com\/tr\/#website"},"primaryImageOfPage":{"@id":"https:\/\/v2charge.com\/tr\/destek-alani\/trydan\/smartlock-konfigurasyonu\/#primaryimage"},"image":{"@id":"https:\/\/v2charge.com\/tr\/destek-alani\/trydan\/smartlock-konfigurasyonu\/#primaryimage"},"thumbnailUrl":"https:\/\/v2charge.com\/wp-content\/uploads\/2024\/07\/v2c-electric-chargers.jpg","datePublished":"2024-01-03T08:34:55+00:00","dateModified":"2025-04-29T08:11:46+00:00","description":"Bir e-Anahtar ba\u011flama ve Trydan'\u0131n kilidini yak\u0131nl\u0131k ile a\u00e7ma ad\u0131mlar\u0131n\u0131 \u00f6\u011frenin. Ad\u0131m ad\u0131m : V2C SmartLock nas\u0131l \u00e7al\u0131\u015f\u0131r?","breadcrumb":{"@id":"https:\/\/v2charge.com\/tr\/destek-alani\/trydan\/smartlock-konfigurasyonu\/#breadcrumb"},"inLanguage":"tr","potentialAction":[{"@type":"ReadAction","target":["https:\/\/v2charge.com\/tr\/destek-alani\/trydan\/smartlock-konfigurasyonu\/"]}]},{"@type":"ImageObject","inLanguage":"tr","@id":"https:\/\/v2charge.com\/tr\/destek-alani\/trydan\/smartlock-konfigurasyonu\/#primaryimage","url":"https:\/\/v2charge.com\/wp-content\/uploads\/2024\/07\/v2c-electric-chargers.jpg","contentUrl":"https:\/\/v2charge.com\/wp-content\/uploads\/2024\/07\/v2c-electric-chargers.jpg","width":1200,"height":675,"caption":"V2C Electric Chargers"},{"@type":"BreadcrumbList","@id":"https:\/\/v2charge.com\/tr\/destek-alani\/trydan\/smartlock-konfigurasyonu\/#breadcrumb","itemListElement":[{"@type":"ListItem","position":1,"name":"V2C","item":"https:\/\/v2charge.com\/tr\/"},{"@type":"ListItem","position":2,"name":"Destek Alan\u0131.","item":"https:\/\/v2charge.com\/tr\/destek-alani\/"},{"@type":"ListItem","position":3,"name":"Trydan deste\u011fi","item":"https:\/\/v2charge.com\/tr\/destek-alani\/trydan\/"},{"@type":"ListItem","position":4,"name":"V2C SmartLockk"}]},{"@type":"WebSite","@id":"https:\/\/v2charge.com\/tr\/#website","url":"https:\/\/v2charge.com\/tr\/","name":"V2C","description":"#CargandoElMa\u00f1ana","publisher":{"@id":"https:\/\/v2charge.com\/tr\/#organization"},"potentialAction":[{"@type":"SearchAction","target":{"@type":"EntryPoint","urlTemplate":"https:\/\/v2charge.com\/tr\/?s={search_term_string}"},"query-input":{"@type":"PropertyValueSpecification","valueRequired":true,"valueName":"search_term_string"}}],"inLanguage":"tr"},{"@type":"Organization","@id":"https:\/\/v2charge.com\/tr\/#organization","name":"V2C","url":"https:\/\/v2charge.com\/tr\/","logo":{"@type":"ImageObject","inLanguage":"tr","@id":"https:\/\/v2charge.com\/tr\/#\/schema\/logo\/image\/","url":"https:\/\/v2charge.com\/wp-content\/uploads\/2024\/11\/cropped-v2c-charge-logo-menu.png","contentUrl":"https:\/\/v2charge.com\/wp-content\/uploads\/2024\/11\/cropped-v2c-charge-logo-menu.png","width":984,"height":431,"caption":"V2C"},"image":{"@id":"https:\/\/v2charge.com\/tr\/#\/schema\/logo\/image\/"},"sameAs":["https:\/\/www.facebook.com\/V2C.Charge","https:\/\/x.com\/V2C_Charge","https:\/\/www.instagram.com\/v2c.charge\/","https:\/\/www.youtube.com\/@V2C","https:\/\/www.linkedin.com\/company\/v2c-chargers\/"]}]}},"uagb_featured_image_src":{"full":["https:\/\/v2charge.com\/wp-content\/uploads\/2024\/07\/v2c-electric-chargers.jpg",1200,675,false],"thumbnail":["https:\/\/v2charge.com\/wp-content\/uploads\/2024\/07\/v2c-electric-chargers-150x150.jpg",150,150,true],"medium":["https:\/\/v2charge.com\/wp-content\/uploads\/2024\/07\/v2c-electric-chargers-300x169.jpg",300,169,true],"medium_large":["https:\/\/v2charge.com\/wp-content\/uploads\/2024\/07\/v2c-electric-chargers-768x432.jpg",768,432,true],"large":["https:\/\/v2charge.com\/wp-content\/uploads\/2024\/07\/v2c-electric-chargers-1024x576.jpg",1024,576,true],"gs-tiny":["https:\/\/v2charge.com\/wp-content\/uploads\/2024\/07\/v2c-electric-chargers.jpg",50,28,false],"xl":["https:\/\/v2charge.com\/wp-content\/uploads\/2024\/07\/v2c-electric-chargers.jpg",1200,675,false],"xxl":["https:\/\/v2charge.com\/wp-content\/uploads\/2024\/07\/v2c-electric-chargers.jpg",1200,675,false],"xxxl":["https:\/\/v2charge.com\/wp-content\/uploads\/2024\/07\/v2c-electric-chargers.jpg",1200,675,false],"xxxxl":["https:\/\/v2charge.com\/wp-content\/uploads\/2024\/07\/v2c-electric-chargers.jpg",1200,675,false],"xxxxxl":["https:\/\/v2charge.com\/wp-content\/uploads\/2024\/07\/v2c-electric-chargers.jpg",1200,675,false],"1536x1536":["https:\/\/v2charge.com\/wp-content\/uploads\/2024\/07\/v2c-electric-chargers.jpg",1200,675,false],"2048x2048":["https:\/\/v2charge.com\/wp-content\/uploads\/2024\/07\/v2c-electric-chargers.jpg",1200,675,false]},"uagb_author_info":{"display_name":"V2C","author_link":"https:\/\/v2charge.com\/tr\/author\/marketing\/"},"uagb_comment_info":0,"uagb_excerpt":"V2C SmartLock nedir? V2C SmartLock, Trydan e-\u015earj Cihaz\u0131n\u0131n yeni bir \u00f6zelli\u011fidir ve bir e-Anahtar, yani BLE (Bluetooth D\u00fc\u015f\u00fck Enerji) ba\u011flant\u0131s\u0131 kullanan bir cihaz kullanarak \u015farj cihaz\u0131n\u0131n kilidini kablosuz olarak a\u00e7man\u0131za olanak tan\u0131r. Bir ak\u0131ll\u0131 saat, bir fitness bilekli\u011fi, bir anahtarl\u0131k veya Tesla Model 3 veya Model Y gibi bir elektrikli ara\u00e7 kullanarak, V2C Cloud uygulamas\u0131n\u0131,&hellip;","_links":{"self":[{"href":"https:\/\/v2charge.com\/tr\/wp-json\/wp\/v2\/pages\/130943","targetHints":{"allow":["GET"]}}],"collection":[{"href":"https:\/\/v2charge.com\/tr\/wp-json\/wp\/v2\/pages"}],"about":[{"href":"https:\/\/v2charge.com\/tr\/wp-json\/wp\/v2\/types\/page"}],"author":[{"embeddable":true,"href":"https:\/\/v2charge.com\/tr\/wp-json\/wp\/v2\/users\/400"}],"replies":[{"embeddable":true,"href":"https:\/\/v2charge.com\/tr\/wp-json\/wp\/v2\/comments?post=130943"}],"version-history":[{"count":1,"href":"https:\/\/v2charge.com\/tr\/wp-json\/wp\/v2\/pages\/130943\/revisions"}],"predecessor-version":[{"id":218564,"href":"https:\/\/v2charge.com\/tr\/wp-json\/wp\/v2\/pages\/130943\/revisions\/218564"}],"up":[{"embeddable":true,"href":"https:\/\/v2charge.com\/tr\/wp-json\/wp\/v2\/pages\/75655"}],"wp:featuredmedia":[{"embeddable":true,"href":"https:\/\/v2charge.com\/tr\/wp-json\/wp\/v2\/media\/170355"}],"wp:attachment":[{"href":"https:\/\/v2charge.com\/tr\/wp-json\/wp\/v2\/media?parent=130943"}],"curies":[{"name":"wp","href":"https:\/\/api.w.org\/{rel}","templated":true}]}}