{"id":161851,"date":"2024-06-24T14:09:11","date_gmt":"2024-06-24T12:09:11","guid":{"rendered":"https:\/\/v2charge.com\/destek-alani\/trydan\/impedancia-infinita\/"},"modified":"2026-04-19T09:37:06","modified_gmt":"2026-04-19T09:37:06","slug":"sonsuz-empedans","status":"publish","type":"page","link":"https:\/\/v2charge.com\/tr\/destek-alani\/trydan\/sonsuz-empedans\/","title":{"rendered":"Sonsuz empedans"},"content":{"rendered":"\n<div class=\"wp-block-uagb-container uagb-block-2b438ecc alignfull uagb-is-root-container\"><div class=\"uagb-container-inner-blocks-wrap\">\n<div style=\"height:20px\" aria-hidden=\"true\" class=\"wp-block-spacer\"><\/div>\n\n\n<div class=\"yoast-breadcrumbs\"><span><span><a href=\"https:\/\/v2charge.com\/tr\/\">V2C<\/a><\/span> \u00bb <span><a href=\"https:\/\/v2charge.com\/tr\/destek-alani\/\">Destek Alan\u0131.<\/a><\/span> \u00bb <span><a href=\"https:\/\/v2charge.com\/tr\/destek-alani\/trydan\/\">Trydan deste\u011fi<\/a><\/span> \u00bb <span class=\"breadcrumb_last\" aria-current=\"page\">Sonsuz empedans<\/span><\/span><\/div>\n\n\n<div style=\"height:0px\" aria-hidden=\"true\" class=\"wp-block-spacer\"><\/div>\n\n\n<h1 class=\"wp-block-heading\" style=\"font-size:29px\">Sonsuz empedans<\/h1>\n\n<p>e-Charger Trydan, korumalar dahil versiyonunda, sonsuz empedans (veya s\u0131f\u0131r empedans) sunar, <strong>bu V2C taraf\u0131ndan geli\u015ftirilen bir teknolojidir<\/strong> ve saya\u00e7, \u015farj noktas\u0131n\u0131 alg\u0131lamaz. Bu nedenle, <strong>elektrik kesintisi durumunda, evin ana sigortas\u0131n\u0131 indirip kald\u0131rarak tesisat yeniden devreye al\u0131nabilir.<\/strong><\/p>\n\n<p><strong> sonsuz empedans a\u015fa\u011f\u0131daki ko\u015fullar alt\u0131nda \u00e7al\u0131\u015f\u0131r:<\/strong><\/p>\n\n\n<ul class=\"wp-block-list\"><li>Sayac\u0131n <strong>Iberdrola<\/strong>, <strong>Landis Gyr<\/strong>, <strong>ZiV<\/strong> veya <strong>Gridspertise<\/strong> olmas\u0131 gerekmektedir.<\/li>\n\n<li>\u015earj cihaz\u0131 <strong>tek fazl\u0131<\/strong> olmal\u0131 ve fabrikadan sa\u011flanan koruma blo\u011funa, \u00f6zellikle CHINT veya TOSCANO markalar\u0131na sahip olmal\u0131d\u0131r.<\/li>\n\n<li>\u015earj cihaz\u0131nda <strong>hi\u00e7bir i\u00e7 de\u011fi\u015fiklik<\/strong> yap\u0131lmamal\u0131d\u0131r, ek bir priz, Schuko prizi veya ba\u015fka bir priz t\u00fcr\u00fc kurulamaz.<\/li>\n\n<li>\u015earj cihaz\u0131n\u0131n g\u00fc\u00e7 hatt\u0131nda<strong> hi\u00e7bir sapma veya ba\u011flant\u0131 olmamal\u0131d\u0131r.<\/strong><\/li>\n\n<li>&#8216;<strong>COMP1<\/strong>&#8216; bile\u015feni, resimde g\u00f6sterildi\u011fi gibi <strong>P2 konekt\u00f6r\u00fcne<\/strong> ba\u011flan\u0131r.<\/li>\n\n<li>&#8216;<strong>COMP1<\/strong>&#8216; bile\u015feninin numaras\u0131 <strong>e\u015fle\u015fmelidir<\/strong> P2 konekt\u00f6r\u00fcn\u00fcn numaras\u0131yla.<\/li>\n\n<li>&#8216;<strong>POV-1<\/strong>&#8216; bile\u015feni <strong>resimde g\u00f6sterildi\u011fi gibi<\/strong> ba\u011flanmal\u0131d\u0131r, yani faz (F) ba\u011flant\u0131 1&#8217;e, n\u00f6tr (N) ise ba\u011flant\u0131 2&#8217;ye ba\u011flanmal\u0131d\u0131r.<\/li><\/ul>\n\n\n\n<div class=\"wp-block-uagb-container uagb-block-e8b823d8\">\n<div class=\"wp-block-uagb-container uagb-block-077528da alignfull uagb-is-root-container\"><div class=\"uagb-container-inner-blocks-wrap\">\n<div class=\"wp-block-uagb-container uagb-block-dda246f1\">\n<div class=\"wp-block-uagb-image uagb-block-2af6dd92 wp-block-uagb-image--layout-default wp-block-uagb-image--effect-static wp-block-uagb-image--align-none\"><figure class=\"wp-block-uagb-image__figure\"><img decoding=\"async\" srcset=\"https:\/\/v2charge.com\/wp-content\/uploads\/2024\/06\/impedancia-infinita.jpg ,https:\/\/v2charge.com\/wp-content\/uploads\/2024\/06\/impedancia-infinita.jpg 780w, https:\/\/v2charge.com\/wp-content\/uploads\/2024\/06\/impedancia-infinita.jpg 360w\" sizes=\"auto, (max-width: 480px) 150px\" src=\"https:\/\/v2charge.com\/wp-content\/uploads\/2024\/06\/impedancia-infinita.jpg\" alt=\"\" class=\"uag-image-161775\" width=\"724\" height=\"686\" title=\"impedancia-infinita\" loading=\"lazy\" role=\"img\"\/><\/figure><\/div>\n<\/div>\n\n\n\n<div class=\"wp-block-uagb-container uagb-block-3c1b7031\"><div class=\"wp-block-uagb-info-box uagb-block-518cd380 uagb-infobox__content-wrap  uagb-infobox-icon-left uagb-infobox-left uagb-infobox-stacked-tablet uagb-infobox-image-valign-top\"><div class=\"uagb-ifb-image-content\"><img decoding=\"async\" src=\"https:\/\/v2charge.com\/wp-content\/uploads\/2023\/11\/numero-uno.png\" alt=\"\" width=\"25\" height=\"25\" loading=\"lazy\"\/><\/div><div class=\"uagb-ifb-content\"><div class=\"uagb-ifb-title-wrap\"><\/div><p class=\"uagb-ifb-desc\">Saya\u00e7<\/p><\/div><\/div>\n\n<div class=\"wp-block-uagb-info-box uagb-block-d38bd8b9 uagb-infobox__content-wrap  uagb-infobox-icon-left uagb-infobox-left uagb-infobox-stacked-tablet uagb-infobox-image-valign-top\"><div class=\"uagb-ifb-image-content\"><img decoding=\"async\" src=\"https:\/\/v2charge.com\/wp-content\/uploads\/2023\/11\/numero-dos.png\" alt=\"\" width=\"25\" height=\"25\" loading=\"lazy\"\/><\/div><div class=\"uagb-ifb-content\"><div class=\"uagb-ifb-title-wrap\"><\/div><p class=\"uagb-ifb-desc\">P2<\/p><\/div><\/div>\n\n<div class=\"wp-block-uagb-info-box uagb-block-e81d4244 uagb-infobox__content-wrap  uagb-infobox-icon-left uagb-infobox-left uagb-infobox-stacked-tablet uagb-infobox-image-valign-top\"><div class=\"uagb-ifb-image-content\"><img decoding=\"async\" src=\"https:\/\/v2charge.com\/wp-content\/uploads\/2023\/11\/numero-tres.png\" alt=\"\" width=\"25\" height=\"25\" loading=\"lazy\"\/><\/div><div class=\"uagb-ifb-content\"><div class=\"uagb-ifb-title-wrap\"><\/div><p class=\"uagb-ifb-desc\">COMP1<\/p><\/div><\/div><\/div>\n<\/div><\/div>\n<\/div>\n\n\n\n<div style=\"height:40px\" aria-hidden=\"true\" class=\"wp-block-spacer\"><\/div>\n<\/div><\/div>\n\n\n\n<div class=\"wp-block-uagb-container uagb-block-c6f38013 alignfull uagb-is-root-container\"><div class=\"uagb-container-inner-blocks-wrap\"><div class=\"wp-block-uagb-advanced-heading uagb-block-6963d70c\"><h2 class=\"uagb-heading-text\"><strong>Teknik destek mi gerekiyor?<\/strong><\/h2><\/div>\n\n<div class=\"wp-block-uagb-advanced-heading uagb-block-408243eb\"><p class=\"uagb-heading-text\">Sorununuzu an\u0131nda AI ile sohbetimiz arac\u0131l\u0131\u011f\u0131yla \u00e7\u00f6z\u00fcn. E\u011fer \u00e7\u00f6z\u00fclmezse, Teknik Destek Merkezi&#8217;nde bir talep olu\u015fturun ve en k\u0131sa s\u00fcrede sizinle ileti\u015fime ge\u00e7erek en iyi \u00e7\u00f6z\u00fcm\u00fc sunaca\u011f\u0131z.<\/p><\/div>\n\n<div class=\"wp-block-uagb-info-box uagb-block-12e3cf1c uagb-infobox__content-wrap  uagb-infobox-icon-left uagb-infobox-left uagb-infobox-image-valign-top wp-block-uagb-info-box--has-margin ai-chatbot-button\"><div class=\"uagb-infobox-margin-wrapper\"><div class=\"uagb-ifb-image-content\"><img decoding=\"async\" src=\"https:\/\/v2charge.com\/wp-content\/uploads\/2026\/01\/support-ai-chatbot.png\" alt=\"\" width=\"20\" height=\"19\" loading=\"lazy\"\/><\/div><div class=\"uagb-ifb-content\"><div class=\"uagb-ifb-title-wrap\"><\/div><div class=\"uagb-ifb-button-wrapper wp-block-button\"><a href=\"https:\/\/v2charge.com\/v2c-support-web\/\" class=\"uagb-infobox-cta-link wp-block-button__link\" target=\"_blank\" rel=\"noopener noreferrer\" onclick=\"return true;\"><span class=\"uagb-inline-editing\">Yapay Zeka Sohbetimize Sorun<\/span><\/a><\/div><\/div><\/div><\/div>\n\n\n<div class=\"wp-block-uagb-buttons uagb-buttons__outer-wrap uagb-btn__default-btn uagb-btn-tablet__default-btn uagb-btn-mobile__default-btn uagb-block-ba1e67d1\"><div class=\"uagb-buttons__wrap uagb-buttons-layout-wrap \"><div class=\"wp-block-uagb-buttons-child uagb-buttons__outer-wrap uagb-block-23cfb623 wp-block-button\"><div class=\"uagb-button__wrapper\"><a class=\"uagb-buttons-repeater wp-block-button__link\" aria-label=\"\" href=\"https:\/\/v2charge.atlassian.net\/servicedesk\/customer\/portal\/3\" rel=\"follow noopener\" target=\"_blank\" role=\"button\"><div class=\"uagb-button__link\">Teknik Destek ile \u0130leti\u015fime Ge\u00e7in<\/div><\/a><\/div><\/div><\/div><\/div>\n<\/div><\/div>\n","protected":false},"excerpt":{"rendered":"<p>Sonsuz empedans e-Charger Trydan, korumalar dahil versiyonunda, sonsuz empedans (veya s\u0131f\u0131r empedans) sunar, bu V2C taraf\u0131ndan geli\u015ftirilen bir teknolojidir ve saya\u00e7, \u015farj noktas\u0131n\u0131 alg\u0131lamaz. Bu nedenle, elektrik kesintisi durumunda, evin ana sigortas\u0131n\u0131 indirip kald\u0131rarak tesisat yeniden devreye al\u0131nabilir. sonsuz empedans a\u015fa\u011f\u0131daki ko\u015fullar alt\u0131nda \u00e7al\u0131\u015f\u0131r: Teknik destek mi gerekiyor? Sorununuzu an\u0131nda AI ile sohbetimiz arac\u0131l\u0131\u011f\u0131yla \u00e7\u00f6z\u00fcn. &#8230; <a title=\"Sonsuz empedans\" class=\"read-more\" href=\"https:\/\/v2charge.com\/tr\/destek-alani\/trydan\/sonsuz-empedans\/\" aria-label=\"Read more about Sonsuz empedans\">Devam\u0131n\u0131 oku<\/a><\/p>\n","protected":false},"author":400,"featured_media":170355,"parent":75655,"menu_order":0,"comment_status":"closed","ping_status":"closed","template":"","meta":{"_eb_attr":"","content-type":"","_uag_custom_page_level_css":"","footnotes":""},"class_list":["post-161851","page","type-page","status-publish","has-post-thumbnail"],"yoast_head":"<!-- This site is optimized with the Yoast SEO plugin v25.3.1 - https:\/\/yoast.com\/wordpress\/plugins\/seo\/ -->\n<title>Sonsuz empedans - V2C<\/title>\n<meta name=\"description\" content=\"Trydan e-\u015earj Cihaz\u0131 sonsuz empedans i\u00e7erir. Ana \u015falteri indirip kald\u0131rarak kurulumun s\u0131f\u0131rlanmas\u0131n\u0131 sa\u011flar.\" \/>\n<meta name=\"robots\" content=\"index, follow, max-snippet:-1, max-image-preview:large, max-video-preview:-1\" \/>\n<link rel=\"canonical\" href=\"https:\/\/v2charge.com\/tr\/destek-alani\/trydan\/sonsuz-empedans\/\" \/>\n<meta property=\"og:locale\" content=\"tr_TR\" \/>\n<meta property=\"og:type\" content=\"article\" \/>\n<meta property=\"og:title\" content=\"Sonsuz empedans - V2C\" \/>\n<meta property=\"og:description\" content=\"Trydan e-\u015earj Cihaz\u0131 sonsuz empedans i\u00e7erir. Ana \u015falteri indirip kald\u0131rarak kurulumun s\u0131f\u0131rlanmas\u0131n\u0131 sa\u011flar.\" \/>\n<meta property=\"og:url\" content=\"https:\/\/v2charge.com\/tr\/destek-alani\/trydan\/sonsuz-empedans\/\" \/>\n<meta property=\"og:site_name\" content=\"V2C\" \/>\n<meta property=\"article:publisher\" content=\"https:\/\/www.facebook.com\/V2C.Charge\" \/>\n<meta property=\"article:modified_time\" content=\"2026-04-19T09:37:06+00:00\" \/>\n<meta property=\"og:image\" content=\"https:\/\/v2charge.com\/wp-content\/uploads\/2024\/07\/v2c-electric-chargers.jpg\" \/>\n\t<meta property=\"og:image:width\" content=\"1200\" \/>\n\t<meta property=\"og:image:height\" content=\"675\" \/>\n\t<meta property=\"og:image:type\" content=\"image\/jpeg\" \/>\n<meta name=\"twitter:card\" content=\"summary_large_image\" \/>\n<meta name=\"twitter:site\" content=\"@V2C_Charge\" \/>\n<meta name=\"twitter:label1\" content=\"Tahmini okuma s\u00fcresi\" \/>\n\t<meta name=\"twitter:data1\" content=\"2 dakika\" \/>\n<script type=\"application\/ld+json\" class=\"yoast-schema-graph\">{\"@context\":\"https:\/\/schema.org\",\"@graph\":[{\"@type\":\"WebPage\",\"@id\":\"https:\/\/v2charge.com\/tr\/destek-alani\/trydan\/sonsuz-empedans\/\",\"url\":\"https:\/\/v2charge.com\/tr\/destek-alani\/trydan\/sonsuz-empedans\/\",\"name\":\"Sonsuz empedans - V2C\",\"isPartOf\":{\"@id\":\"https:\/\/v2charge.com\/tr\/#website\"},\"primaryImageOfPage\":{\"@id\":\"https:\/\/v2charge.com\/tr\/destek-alani\/trydan\/sonsuz-empedans\/#primaryimage\"},\"image\":{\"@id\":\"https:\/\/v2charge.com\/tr\/destek-alani\/trydan\/sonsuz-empedans\/#primaryimage\"},\"thumbnailUrl\":\"https:\/\/v2charge.com\/wp-content\/uploads\/2024\/07\/v2c-electric-chargers.jpg\",\"datePublished\":\"2024-06-24T12:09:11+00:00\",\"dateModified\":\"2026-04-19T09:37:06+00:00\",\"description\":\"Trydan e-\u015earj Cihaz\u0131 sonsuz empedans i\u00e7erir. Ana \u015falteri indirip kald\u0131rarak kurulumun s\u0131f\u0131rlanmas\u0131n\u0131 sa\u011flar.\",\"breadcrumb\":{\"@id\":\"https:\/\/v2charge.com\/tr\/destek-alani\/trydan\/sonsuz-empedans\/#breadcrumb\"},\"inLanguage\":\"tr\",\"potentialAction\":[{\"@type\":\"ReadAction\",\"target\":[\"https:\/\/v2charge.com\/tr\/destek-alani\/trydan\/sonsuz-empedans\/\"]}]},{\"@type\":\"ImageObject\",\"inLanguage\":\"tr\",\"@id\":\"https:\/\/v2charge.com\/tr\/destek-alani\/trydan\/sonsuz-empedans\/#primaryimage\",\"url\":\"https:\/\/v2charge.com\/wp-content\/uploads\/2024\/07\/v2c-electric-chargers.jpg\",\"contentUrl\":\"https:\/\/v2charge.com\/wp-content\/uploads\/2024\/07\/v2c-electric-chargers.jpg\",\"width\":1200,\"height\":675,\"caption\":\"V2C Electric Chargers\"},{\"@type\":\"BreadcrumbList\",\"@id\":\"https:\/\/v2charge.com\/tr\/destek-alani\/trydan\/sonsuz-empedans\/#breadcrumb\",\"itemListElement\":[{\"@type\":\"ListItem\",\"position\":1,\"name\":\"V2C\",\"item\":\"https:\/\/v2charge.com\/tr\/\"},{\"@type\":\"ListItem\",\"position\":2,\"name\":\"Destek Alan\u0131.\",\"item\":\"https:\/\/v2charge.com\/tr\/destek-alani\/\"},{\"@type\":\"ListItem\",\"position\":3,\"name\":\"Trydan deste\u011fi\",\"item\":\"https:\/\/v2charge.com\/tr\/destek-alani\/trydan\/\"},{\"@type\":\"ListItem\",\"position\":4,\"name\":\"Sonsuz empedans\"}]},{\"@type\":\"WebSite\",\"@id\":\"https:\/\/v2charge.com\/tr\/#website\",\"url\":\"https:\/\/v2charge.com\/tr\/\",\"name\":\"V2C\",\"description\":\"#CargandoElMa\u00f1ana\",\"publisher\":{\"@id\":\"https:\/\/v2charge.com\/tr\/#organization\"},\"potentialAction\":[{\"@type\":\"SearchAction\",\"target\":{\"@type\":\"EntryPoint\",\"urlTemplate\":\"https:\/\/v2charge.com\/tr\/?s={search_term_string}\"},\"query-input\":{\"@type\":\"PropertyValueSpecification\",\"valueRequired\":true,\"valueName\":\"search_term_string\"}}],\"inLanguage\":\"tr\"},{\"@type\":\"Organization\",\"@id\":\"https:\/\/v2charge.com\/tr\/#organization\",\"name\":\"V2C\",\"url\":\"https:\/\/v2charge.com\/tr\/\",\"logo\":{\"@type\":\"ImageObject\",\"inLanguage\":\"tr\",\"@id\":\"https:\/\/v2charge.com\/tr\/#\/schema\/logo\/image\/\",\"url\":\"https:\/\/v2charge.com\/wp-content\/uploads\/2024\/11\/cropped-v2c-charge-logo-menu.png\",\"contentUrl\":\"https:\/\/v2charge.com\/wp-content\/uploads\/2024\/11\/cropped-v2c-charge-logo-menu.png\",\"width\":984,\"height\":431,\"caption\":\"V2C\"},\"image\":{\"@id\":\"https:\/\/v2charge.com\/tr\/#\/schema\/logo\/image\/\"},\"sameAs\":[\"https:\/\/www.facebook.com\/V2C.Charge\",\"https:\/\/x.com\/V2C_Charge\",\"https:\/\/www.instagram.com\/v2c.charge\/\",\"https:\/\/www.youtube.com\/@V2C\",\"https:\/\/www.linkedin.com\/company\/v2c-chargers\/\"]}]}<\/script>\n<!-- \/ Yoast SEO plugin. -->","yoast_head_json":{"title":"Sonsuz empedans - V2C","description":"Trydan e-\u015earj Cihaz\u0131 sonsuz empedans i\u00e7erir. Ana \u015falteri indirip kald\u0131rarak kurulumun s\u0131f\u0131rlanmas\u0131n\u0131 sa\u011flar.","robots":{"index":"index","follow":"follow","max-snippet":"max-snippet:-1","max-image-preview":"max-image-preview:large","max-video-preview":"max-video-preview:-1"},"canonical":"https:\/\/v2charge.com\/tr\/destek-alani\/trydan\/sonsuz-empedans\/","og_locale":"tr_TR","og_type":"article","og_title":"Sonsuz empedans - V2C","og_description":"Trydan e-\u015earj Cihaz\u0131 sonsuz empedans i\u00e7erir. Ana \u015falteri indirip kald\u0131rarak kurulumun s\u0131f\u0131rlanmas\u0131n\u0131 sa\u011flar.","og_url":"https:\/\/v2charge.com\/tr\/destek-alani\/trydan\/sonsuz-empedans\/","og_site_name":"V2C","article_publisher":"https:\/\/www.facebook.com\/V2C.Charge","article_modified_time":"2026-04-19T09:37:06+00:00","og_image":[{"width":1200,"height":675,"url":"https:\/\/v2charge.com\/wp-content\/uploads\/2024\/07\/v2c-electric-chargers.jpg","type":"image\/jpeg"}],"twitter_card":"summary_large_image","twitter_site":"@V2C_Charge","twitter_misc":{"Tahmini okuma s\u00fcresi":"2 dakika"},"schema":{"@context":"https:\/\/schema.org","@graph":[{"@type":"WebPage","@id":"https:\/\/v2charge.com\/tr\/destek-alani\/trydan\/sonsuz-empedans\/","url":"https:\/\/v2charge.com\/tr\/destek-alani\/trydan\/sonsuz-empedans\/","name":"Sonsuz empedans - V2C","isPartOf":{"@id":"https:\/\/v2charge.com\/tr\/#website"},"primaryImageOfPage":{"@id":"https:\/\/v2charge.com\/tr\/destek-alani\/trydan\/sonsuz-empedans\/#primaryimage"},"image":{"@id":"https:\/\/v2charge.com\/tr\/destek-alani\/trydan\/sonsuz-empedans\/#primaryimage"},"thumbnailUrl":"https:\/\/v2charge.com\/wp-content\/uploads\/2024\/07\/v2c-electric-chargers.jpg","datePublished":"2024-06-24T12:09:11+00:00","dateModified":"2026-04-19T09:37:06+00:00","description":"Trydan e-\u015earj Cihaz\u0131 sonsuz empedans i\u00e7erir. Ana \u015falteri indirip kald\u0131rarak kurulumun s\u0131f\u0131rlanmas\u0131n\u0131 sa\u011flar.","breadcrumb":{"@id":"https:\/\/v2charge.com\/tr\/destek-alani\/trydan\/sonsuz-empedans\/#breadcrumb"},"inLanguage":"tr","potentialAction":[{"@type":"ReadAction","target":["https:\/\/v2charge.com\/tr\/destek-alani\/trydan\/sonsuz-empedans\/"]}]},{"@type":"ImageObject","inLanguage":"tr","@id":"https:\/\/v2charge.com\/tr\/destek-alani\/trydan\/sonsuz-empedans\/#primaryimage","url":"https:\/\/v2charge.com\/wp-content\/uploads\/2024\/07\/v2c-electric-chargers.jpg","contentUrl":"https:\/\/v2charge.com\/wp-content\/uploads\/2024\/07\/v2c-electric-chargers.jpg","width":1200,"height":675,"caption":"V2C Electric Chargers"},{"@type":"BreadcrumbList","@id":"https:\/\/v2charge.com\/tr\/destek-alani\/trydan\/sonsuz-empedans\/#breadcrumb","itemListElement":[{"@type":"ListItem","position":1,"name":"V2C","item":"https:\/\/v2charge.com\/tr\/"},{"@type":"ListItem","position":2,"name":"Destek Alan\u0131.","item":"https:\/\/v2charge.com\/tr\/destek-alani\/"},{"@type":"ListItem","position":3,"name":"Trydan deste\u011fi","item":"https:\/\/v2charge.com\/tr\/destek-alani\/trydan\/"},{"@type":"ListItem","position":4,"name":"Sonsuz empedans"}]},{"@type":"WebSite","@id":"https:\/\/v2charge.com\/tr\/#website","url":"https:\/\/v2charge.com\/tr\/","name":"V2C","description":"#CargandoElMa\u00f1ana","publisher":{"@id":"https:\/\/v2charge.com\/tr\/#organization"},"potentialAction":[{"@type":"SearchAction","target":{"@type":"EntryPoint","urlTemplate":"https:\/\/v2charge.com\/tr\/?s={search_term_string}"},"query-input":{"@type":"PropertyValueSpecification","valueRequired":true,"valueName":"search_term_string"}}],"inLanguage":"tr"},{"@type":"Organization","@id":"https:\/\/v2charge.com\/tr\/#organization","name":"V2C","url":"https:\/\/v2charge.com\/tr\/","logo":{"@type":"ImageObject","inLanguage":"tr","@id":"https:\/\/v2charge.com\/tr\/#\/schema\/logo\/image\/","url":"https:\/\/v2charge.com\/wp-content\/uploads\/2024\/11\/cropped-v2c-charge-logo-menu.png","contentUrl":"https:\/\/v2charge.com\/wp-content\/uploads\/2024\/11\/cropped-v2c-charge-logo-menu.png","width":984,"height":431,"caption":"V2C"},"image":{"@id":"https:\/\/v2charge.com\/tr\/#\/schema\/logo\/image\/"},"sameAs":["https:\/\/www.facebook.com\/V2C.Charge","https:\/\/x.com\/V2C_Charge","https:\/\/www.instagram.com\/v2c.charge\/","https:\/\/www.youtube.com\/@V2C","https:\/\/www.linkedin.com\/company\/v2c-chargers\/"]}]}},"uagb_featured_image_src":{"full":["https:\/\/v2charge.com\/wp-content\/uploads\/2024\/07\/v2c-electric-chargers.jpg",1200,675,false],"thumbnail":["https:\/\/v2charge.com\/wp-content\/uploads\/2024\/07\/v2c-electric-chargers-150x150.jpg",150,150,true],"medium":["https:\/\/v2charge.com\/wp-content\/uploads\/2024\/07\/v2c-electric-chargers-300x169.jpg",300,169,true],"medium_large":["https:\/\/v2charge.com\/wp-content\/uploads\/2024\/07\/v2c-electric-chargers-768x432.jpg",768,432,true],"large":["https:\/\/v2charge.com\/wp-content\/uploads\/2024\/07\/v2c-electric-chargers-1024x576.jpg",1024,576,true],"gs-tiny":["https:\/\/v2charge.com\/wp-content\/uploads\/2024\/07\/v2c-electric-chargers.jpg",50,28,false],"xl":["https:\/\/v2charge.com\/wp-content\/uploads\/2024\/07\/v2c-electric-chargers.jpg",1200,675,false],"xxl":["https:\/\/v2charge.com\/wp-content\/uploads\/2024\/07\/v2c-electric-chargers.jpg",1200,675,false],"xxxl":["https:\/\/v2charge.com\/wp-content\/uploads\/2024\/07\/v2c-electric-chargers.jpg",1200,675,false],"xxxxl":["https:\/\/v2charge.com\/wp-content\/uploads\/2024\/07\/v2c-electric-chargers.jpg",1200,675,false],"xxxxxl":["https:\/\/v2charge.com\/wp-content\/uploads\/2024\/07\/v2c-electric-chargers.jpg",1200,675,false],"1536x1536":["https:\/\/v2charge.com\/wp-content\/uploads\/2024\/07\/v2c-electric-chargers.jpg",1200,675,false],"2048x2048":["https:\/\/v2charge.com\/wp-content\/uploads\/2024\/07\/v2c-electric-chargers.jpg",1200,675,false]},"uagb_author_info":{"display_name":"V2C","author_link":"https:\/\/v2charge.com\/tr\/author\/marketing\/"},"uagb_comment_info":0,"uagb_excerpt":"Sonsuz empedans e-Charger Trydan, korumalar dahil versiyonunda, sonsuz empedans (veya s\u0131f\u0131r empedans) sunar, bu V2C taraf\u0131ndan geli\u015ftirilen bir teknolojidir ve saya\u00e7, \u015farj noktas\u0131n\u0131 alg\u0131lamaz. Bu nedenle, elektrik kesintisi durumunda, evin ana sigortas\u0131n\u0131 indirip kald\u0131rarak tesisat yeniden devreye al\u0131nabilir. sonsuz empedans a\u015fa\u011f\u0131daki ko\u015fullar alt\u0131nda \u00e7al\u0131\u015f\u0131r: Teknik destek mi gerekiyor? Sorununuzu an\u0131nda AI ile sohbetimiz arac\u0131l\u0131\u011f\u0131yla \u00e7\u00f6z\u00fcn.&hellip;","_links":{"self":[{"href":"https:\/\/v2charge.com\/tr\/wp-json\/wp\/v2\/pages\/161851","targetHints":{"allow":["GET"]}}],"collection":[{"href":"https:\/\/v2charge.com\/tr\/wp-json\/wp\/v2\/pages"}],"about":[{"href":"https:\/\/v2charge.com\/tr\/wp-json\/wp\/v2\/types\/page"}],"author":[{"embeddable":true,"href":"https:\/\/v2charge.com\/tr\/wp-json\/wp\/v2\/users\/400"}],"replies":[{"embeddable":true,"href":"https:\/\/v2charge.com\/tr\/wp-json\/wp\/v2\/comments?post=161851"}],"version-history":[{"count":1,"href":"https:\/\/v2charge.com\/tr\/wp-json\/wp\/v2\/pages\/161851\/revisions"}],"predecessor-version":[{"id":185085,"href":"https:\/\/v2charge.com\/tr\/wp-json\/wp\/v2\/pages\/161851\/revisions\/185085"}],"up":[{"embeddable":true,"href":"https:\/\/v2charge.com\/tr\/wp-json\/wp\/v2\/pages\/75655"}],"wp:featuredmedia":[{"embeddable":true,"href":"https:\/\/v2charge.com\/tr\/wp-json\/wp\/v2\/media\/170355"}],"wp:attachment":[{"href":"https:\/\/v2charge.com\/tr\/wp-json\/wp\/v2\/media?parent=161851"}],"curies":[{"name":"wp","href":"https:\/\/api.w.org\/{rel}","templated":true}]}}