{"id":192241,"date":"2024-11-28T14:58:55","date_gmt":"2024-11-28T12:58:55","guid":{"rendered":"https:\/\/v2charge.com\/?page_id=192241"},"modified":"2026-04-19T09:39:02","modified_gmt":"2026-04-19T09:39:02","slug":"statik","status":"publish","type":"page","link":"https:\/\/v2charge.com\/tr\/destek-alani\/guc-kontrolu\/statik\/","title":{"rendered":"Statik g\u00fc\u00e7 kontrol\u00fc"},"content":{"rendered":"\n<div class=\"wp-block-uagb-container uagb-block-9d828d1c alignfull uagb-is-root-container\"><div class=\"uagb-container-inner-blocks-wrap\"><div class=\"yoast-breadcrumbs\"><span><span><a href=\"https:\/\/v2charge.com\/tr\/\">V2C<\/a><\/span> \u00bb <span><a href=\"https:\/\/v2charge.com\/tr\/destek-alani\/\">Destek Alan\u0131.<\/a><\/span> \u00bb <span><a href=\"https:\/\/v2charge.com\/tr\/destek-alani\/guc-kontrolu\/\">G\u00fc\u00e7 kontrol\u00fc<\/a><\/span> \u00bb <span class=\"breadcrumb_last\" aria-current=\"page\">Statik<\/span><\/span><\/div>\n\n<div class=\"wp-block-uagb-advanced-heading uagb-block-be8360a4\"><h1 class=\"uagb-heading-text\">Statik g\u00fc\u00e7 kontrol\u00fc<\/h1><\/div>\n\n<p><strong>Statik g\u00fc\u00e7 kontrol\u00fc<\/strong>, V2C&#8217;nin <strong>ayn\u0131 e-Charger i\u00e7indeki farkl\u0131 prizler veya birden fazla e-Charger aras\u0131nda enerjiyi verimli bir \u015fekilde da\u011f\u0131tan<\/strong> geli\u015fmi\u015f bir i\u015flevselli\u011fidir ve a\u015f\u0131r\u0131 y\u00fcklenmeleri \u00f6nleyerek s\u00f6zle\u015fmeli g\u00fcc\u00fcn dengeli bir \u015fekilde kullan\u0131lmas\u0131n\u0131 garanti eder.<br><br>\u015earj cihazlar\u0131 aras\u0131nda enerjiyi otomatik olarak dengeleyerek, sistem <strong>optimum ve g\u00fcvenli bir performans<\/strong> sa\u011flar ve enerji verimlili\u011fini maksimize eder.<br><br>Bu t\u00fcr bir kontrol <strong>ev veya i\u015fletme ile, ya da fotovoltaik sistemlerle etkile\u015fime girmez<\/strong>. Enerji y\u00f6netimini genel kurulum veya fotovoltaik ile entegre etmek i\u00e7in <a href=\"https:\/\/v2charge.com\/es\/soporte\/control-potencia\/dinamico\/\">dinamik g\u00fc\u00e7 kontrol\u00fc<\/a> hakk\u0131nda bilgi alman\u0131z gerekir.<\/p><\/div><\/div>\n\n\n\n<div class=\"wp-block-uagb-container uagb-block-9b644119 alignfull uagb-is-root-container\"><div class=\"uagb-container-inner-blocks-wrap\"><div class=\"wp-block-uagb-advanced-heading uagb-block-bead9183\"><p class=\"uagb-heading-text\">Statik g\u00fc\u00e7 kontrol\u00fc t\u00fcr\u00fcn\u00fc se\u00e7in<\/p><\/div>\n\n\n<div class=\"wp-block-uagb-container uag-hide-mob uagb-block-e5a60c2b alignwide uagb-is-root-container\">\n<div class=\"wp-block-uagb-container uagb-block-d79fe4cc\">\n<div class=\"wp-block-uagb-image aligncenter uagb-block-e15e89e5 wp-block-uagb-image--layout-default wp-block-uagb-image--effect-static wp-block-uagb-image--align-center\"><figure class=\"wp-block-uagb-image__figure\"><a class=\"\" href=\"https:\/\/v2charge.com\/es\/soporte\/control-potencia\/estatico\/balanceo-tomas\/\" target=\"\" rel=\"noopener\"><img decoding=\"async\" srcset=\"https:\/\/v2charge.com\/wp-content\/uploads\/2024\/08\/cdp-balanceo-tomas.png ,https:\/\/v2charge.com\/wp-content\/uploads\/2024\/08\/cdp-balanceo-tomas.png 780w, https:\/\/v2charge.com\/wp-content\/uploads\/2024\/08\/cdp-balanceo-tomas.png 360w\" sizes=\"auto, (max-width: 480px) 150px\" src=\"https:\/\/v2charge.com\/wp-content\/uploads\/2024\/08\/cdp-balanceo-tomas.png\" alt=\"\" class=\"uag-image-172797\" width=\"300\" height=\"300\" title=\"cdp-balanceo-tomas\" loading=\"lazy\" role=\"img\"\/><\/a><\/figure><\/div>\n\n\n<div class=\"wp-block-uagb-advanced-heading uagb-block-3c368daa\"><p class=\"uagb-heading-text\"><a href=\"https:\/\/v2charge.com\/es\/soporte\/control-potencia\/estatico\/balanceo-tomas\/\">Prizler aras\u0131nda dengeleme<\/a><\/p><\/div><\/div>\n\n\n\n<div class=\"wp-block-uagb-container uagb-block-39ec5039\">\n<div class=\"wp-block-uagb-image aligncenter uagb-block-d0c3b9cc wp-block-uagb-image--layout-default wp-block-uagb-image--effect-static wp-block-uagb-image--align-center\"><figure class=\"wp-block-uagb-image__figure\"><a class=\"\" href=\"https:\/\/v2charge.com\/es\/soporte\/control-potencia\/estatico\/balanceo-echargers\/\" target=\"\" rel=\"noopener\"><img decoding=\"async\" srcset=\"https:\/\/v2charge.com\/wp-content\/uploads\/2024\/08\/cdp-balanceo-echargers.png ,https:\/\/v2charge.com\/wp-content\/uploads\/2024\/08\/cdp-balanceo-echargers.png 780w, https:\/\/v2charge.com\/wp-content\/uploads\/2024\/08\/cdp-balanceo-echargers.png 360w\" sizes=\"auto, (max-width: 480px) 150px\" src=\"https:\/\/v2charge.com\/wp-content\/uploads\/2024\/08\/cdp-balanceo-echargers.png\" alt=\"\" class=\"uag-image-172808\" width=\"300\" height=\"300\" title=\"cdp-balanceo-echargers\" loading=\"lazy\" role=\"img\"\/><\/a><\/figure><\/div>\n\n\n<div class=\"wp-block-uagb-advanced-heading uagb-block-afda75d0\"><p class=\"uagb-heading-text\"><a href=\"https:\/\/v2charge.com\/es\/soporte\/control-potencia\/estatico\/balanceo-echargers\/\">e-Chargers aras\u0131nda dengeleme<\/a><\/p><\/div><\/div>\n<\/div>\n<\/div><\/div>\n\n\n\n<div style=\"height:20px\" aria-hidden=\"true\" class=\"wp-block-spacer uag-hide-desktop uag-hide-tab uag-hide-mob\"><\/div>\n\n\n\n<div class=\"wp-block-uagb-container uagb-block-c6f38013 alignfull uagb-is-root-container\"><div class=\"uagb-container-inner-blocks-wrap\"><div class=\"wp-block-uagb-advanced-heading uagb-block-6963d70c\"><h2 class=\"uagb-heading-text\"><strong>Teknik destek mi gerekiyor?<\/strong><\/h2><\/div>\n\n<div class=\"wp-block-uagb-advanced-heading uagb-block-408243eb\"><p class=\"uagb-heading-text\">Sorununuzu an\u0131nda AI Sohbetimiz arac\u0131l\u0131\u011f\u0131yla \u00e7\u00f6z\u00fcn. E\u011fer \u00e7\u00f6z\u00fclmezse, Teknik Destek Merkezi&#8217;nde bir talep olu\u015fturun ve en k\u0131sa s\u00fcrede sizinle ileti\u015fime ge\u00e7erek en iyi \u00e7\u00f6z\u00fcm\u00fc sunal\u0131m.<\/p><\/div>\n\n<div class=\"wp-block-uagb-info-box uagb-block-12e3cf1c uagb-infobox__content-wrap  uagb-infobox-icon-left uagb-infobox-left uagb-infobox-image-valign-top wp-block-uagb-info-box--has-margin ai-chatbot-button\"><div class=\"uagb-infobox-margin-wrapper\"><div class=\"uagb-ifb-image-content\"><img decoding=\"async\" src=\"https:\/\/v2charge.com\/wp-content\/uploads\/2026\/01\/support-ai-chatbot.png\" alt=\"\" width=\"20\" height=\"19\" loading=\"lazy\"\/><\/div><div class=\"uagb-ifb-content\"><div class=\"uagb-ifb-title-wrap\"><\/div><div class=\"uagb-ifb-button-wrapper wp-block-button\"><a href=\"https:\/\/v2charge.com\/v2c-support-web\/\" class=\"uagb-infobox-cta-link wp-block-button__link\" target=\"_blank\" rel=\"noopener noreferrer\" onclick=\"return true;\"><span class=\"uagb-inline-editing\">Yapay Zeka Sohbetimize Sorun<\/span><\/a><\/div><\/div><\/div><\/div>\n\n\n<div class=\"wp-block-uagb-buttons uagb-buttons__outer-wrap uagb-btn__default-btn uagb-btn-tablet__default-btn uagb-btn-mobile__default-btn uagb-block-ba1e67d1\"><div class=\"uagb-buttons__wrap uagb-buttons-layout-wrap \"><div class=\"wp-block-uagb-buttons-child uagb-buttons__outer-wrap uagb-block-23cfb623 wp-block-button\"><div class=\"uagb-button__wrapper\"><a class=\"uagb-buttons-repeater wp-block-button__link\" aria-label=\"\" href=\"https:\/\/v2charge.atlassian.net\/servicedesk\/customer\/portal\/3\" rel=\"follow noopener\" target=\"_blank\" role=\"button\"><div class=\"uagb-button__link\">Teknik Destek ile \u0130leti\u015fime Ge\u00e7in<\/div><\/a><\/div><\/div><\/div><\/div>\n<\/div><\/div>\n","protected":false},"excerpt":{"rendered":"<p>Statik g\u00fc\u00e7 kontrol\u00fc Statik g\u00fc\u00e7 kontrol\u00fc, V2C&#8217;nin ayn\u0131 e-Charger i\u00e7indeki farkl\u0131 prizler veya birden fazla e-Charger aras\u0131nda enerjiyi verimli bir \u015fekilde da\u011f\u0131tan geli\u015fmi\u015f bir i\u015flevselli\u011fidir ve a\u015f\u0131r\u0131 y\u00fcklenmeleri \u00f6nleyerek s\u00f6zle\u015fmeli g\u00fcc\u00fcn dengeli bir \u015fekilde kullan\u0131lmas\u0131n\u0131 garanti eder. \u015earj cihazlar\u0131 aras\u0131nda enerjiyi otomatik olarak dengeleyerek, sistem optimum ve g\u00fcvenli bir performans sa\u011flar ve enerji verimlili\u011fini maksimize &#8230; <a title=\"Statik g\u00fc\u00e7 kontrol\u00fc\" class=\"read-more\" href=\"https:\/\/v2charge.com\/tr\/destek-alani\/guc-kontrolu\/statik\/\" aria-label=\"Read more about Statik g\u00fc\u00e7 kontrol\u00fc\">Devam\u0131n\u0131 oku<\/a><\/p>\n","protected":false},"author":400,"featured_media":170355,"parent":192211,"menu_order":0,"comment_status":"closed","ping_status":"closed","template":"","meta":{"_eb_attr":"","content-type":"","_uag_custom_page_level_css":"","footnotes":""},"class_list":["post-192241","page","type-page","status-publish","has-post-thumbnail"],"yoast_head":"<!-- This site is optimized with the Yoast SEO plugin v25.3.1 - https:\/\/yoast.com\/wordpress\/plugins\/seo\/ -->\n<title>Statik g\u00fc\u00e7 kontrol\u00fc - V2C destek alan\u0131<\/title>\n<meta name=\"description\" content=\"Statik g\u00fc\u00e7 kontrol\u00fc - Bir e-Charger&#039;\u0131n prizler aras\u0131 dengelenmesi veya e-Charger\u2019lar aras\u0131 dengelenmesi aras\u0131nda se\u00e7im yap\u0131n | V2C\" \/>\n<meta name=\"robots\" content=\"index, follow, max-snippet:-1, max-image-preview:large, max-video-preview:-1\" \/>\n<link rel=\"canonical\" href=\"https:\/\/v2charge.com\/tr\/destek-alani\/guc-kontrolu\/statik\/\" \/>\n<meta property=\"og:locale\" content=\"tr_TR\" \/>\n<meta property=\"og:type\" content=\"article\" \/>\n<meta property=\"og:title\" content=\"Statik g\u00fc\u00e7 kontrol\u00fc - V2C destek alan\u0131\" \/>\n<meta property=\"og:description\" content=\"Statik g\u00fc\u00e7 kontrol\u00fc - Bir e-Charger&#039;\u0131n prizler aras\u0131 dengelenmesi veya e-Charger\u2019lar aras\u0131 dengelenmesi aras\u0131nda se\u00e7im yap\u0131n | V2C\" \/>\n<meta property=\"og:url\" content=\"https:\/\/v2charge.com\/tr\/destek-alani\/guc-kontrolu\/statik\/\" \/>\n<meta property=\"og:site_name\" content=\"V2C\" \/>\n<meta property=\"article:publisher\" content=\"https:\/\/www.facebook.com\/V2C.Charge\" \/>\n<meta property=\"article:modified_time\" content=\"2026-04-19T09:39:02+00:00\" \/>\n<meta property=\"og:image\" content=\"https:\/\/v2charge.com\/wp-content\/uploads\/2024\/07\/v2c-electric-chargers.jpg\" \/>\n\t<meta property=\"og:image:width\" content=\"1200\" \/>\n\t<meta property=\"og:image:height\" content=\"675\" \/>\n\t<meta property=\"og:image:type\" content=\"image\/jpeg\" \/>\n<meta name=\"twitter:card\" content=\"summary_large_image\" \/>\n<meta name=\"twitter:site\" content=\"@V2C_Charge\" \/>\n<meta name=\"twitter:label1\" content=\"Tahmini okuma s\u00fcresi\" \/>\n\t<meta name=\"twitter:data1\" content=\"2 dakika\" \/>\n<script type=\"application\/ld+json\" class=\"yoast-schema-graph\">{\"@context\":\"https:\/\/schema.org\",\"@graph\":[{\"@type\":\"WebPage\",\"@id\":\"https:\/\/v2charge.com\/tr\/destek-alani\/guc-kontrolu\/statik\/\",\"url\":\"https:\/\/v2charge.com\/tr\/destek-alani\/guc-kontrolu\/statik\/\",\"name\":\"Statik g\u00fc\u00e7 kontrol\u00fc - V2C destek alan\u0131\",\"isPartOf\":{\"@id\":\"https:\/\/v2charge.com\/tr\/#website\"},\"primaryImageOfPage\":{\"@id\":\"https:\/\/v2charge.com\/tr\/destek-alani\/guc-kontrolu\/statik\/#primaryimage\"},\"image\":{\"@id\":\"https:\/\/v2charge.com\/tr\/destek-alani\/guc-kontrolu\/statik\/#primaryimage\"},\"thumbnailUrl\":\"https:\/\/v2charge.com\/wp-content\/uploads\/2024\/07\/v2c-electric-chargers.jpg\",\"datePublished\":\"2024-11-28T12:58:55+00:00\",\"dateModified\":\"2026-04-19T09:39:02+00:00\",\"description\":\"Statik g\u00fc\u00e7 kontrol\u00fc - Bir e-Charger'\u0131n prizler aras\u0131 dengelenmesi veya e-Charger\u2019lar aras\u0131 dengelenmesi aras\u0131nda se\u00e7im yap\u0131n | V2C\",\"breadcrumb\":{\"@id\":\"https:\/\/v2charge.com\/tr\/destek-alani\/guc-kontrolu\/statik\/#breadcrumb\"},\"inLanguage\":\"tr\",\"potentialAction\":[{\"@type\":\"ReadAction\",\"target\":[\"https:\/\/v2charge.com\/tr\/destek-alani\/guc-kontrolu\/statik\/\"]}]},{\"@type\":\"ImageObject\",\"inLanguage\":\"tr\",\"@id\":\"https:\/\/v2charge.com\/tr\/destek-alani\/guc-kontrolu\/statik\/#primaryimage\",\"url\":\"https:\/\/v2charge.com\/wp-content\/uploads\/2024\/07\/v2c-electric-chargers.jpg\",\"contentUrl\":\"https:\/\/v2charge.com\/wp-content\/uploads\/2024\/07\/v2c-electric-chargers.jpg\",\"width\":1200,\"height\":675,\"caption\":\"V2C Electric Chargers\"},{\"@type\":\"BreadcrumbList\",\"@id\":\"https:\/\/v2charge.com\/tr\/destek-alani\/guc-kontrolu\/statik\/#breadcrumb\",\"itemListElement\":[{\"@type\":\"ListItem\",\"position\":1,\"name\":\"V2C\",\"item\":\"https:\/\/v2charge.com\/tr\/\"},{\"@type\":\"ListItem\",\"position\":2,\"name\":\"Destek Alan\u0131.\",\"item\":\"https:\/\/v2charge.com\/tr\/destek-alani\/\"},{\"@type\":\"ListItem\",\"position\":3,\"name\":\"G\u00fc\u00e7 kontrol\u00fc\",\"item\":\"https:\/\/v2charge.com\/tr\/destek-alani\/guc-kontrolu\/\"},{\"@type\":\"ListItem\",\"position\":4,\"name\":\"Statik\"}]},{\"@type\":\"WebSite\",\"@id\":\"https:\/\/v2charge.com\/tr\/#website\",\"url\":\"https:\/\/v2charge.com\/tr\/\",\"name\":\"V2C\",\"description\":\"#CargandoElMa\u00f1ana\",\"publisher\":{\"@id\":\"https:\/\/v2charge.com\/tr\/#organization\"},\"potentialAction\":[{\"@type\":\"SearchAction\",\"target\":{\"@type\":\"EntryPoint\",\"urlTemplate\":\"https:\/\/v2charge.com\/tr\/?s={search_term_string}\"},\"query-input\":{\"@type\":\"PropertyValueSpecification\",\"valueRequired\":true,\"valueName\":\"search_term_string\"}}],\"inLanguage\":\"tr\"},{\"@type\":\"Organization\",\"@id\":\"https:\/\/v2charge.com\/tr\/#organization\",\"name\":\"V2C\",\"url\":\"https:\/\/v2charge.com\/tr\/\",\"logo\":{\"@type\":\"ImageObject\",\"inLanguage\":\"tr\",\"@id\":\"https:\/\/v2charge.com\/tr\/#\/schema\/logo\/image\/\",\"url\":\"https:\/\/v2charge.com\/wp-content\/uploads\/2024\/11\/cropped-v2c-charge-logo-menu.png\",\"contentUrl\":\"https:\/\/v2charge.com\/wp-content\/uploads\/2024\/11\/cropped-v2c-charge-logo-menu.png\",\"width\":984,\"height\":431,\"caption\":\"V2C\"},\"image\":{\"@id\":\"https:\/\/v2charge.com\/tr\/#\/schema\/logo\/image\/\"},\"sameAs\":[\"https:\/\/www.facebook.com\/V2C.Charge\",\"https:\/\/x.com\/V2C_Charge\",\"https:\/\/www.instagram.com\/v2c.charge\/\",\"https:\/\/www.youtube.com\/@V2C\",\"https:\/\/www.linkedin.com\/company\/v2c-chargers\/\"]}]}<\/script>\n<!-- \/ Yoast SEO plugin. -->","yoast_head_json":{"title":"Statik g\u00fc\u00e7 kontrol\u00fc - V2C destek alan\u0131","description":"Statik g\u00fc\u00e7 kontrol\u00fc - Bir e-Charger'\u0131n prizler aras\u0131 dengelenmesi veya e-Charger\u2019lar aras\u0131 dengelenmesi aras\u0131nda se\u00e7im yap\u0131n | V2C","robots":{"index":"index","follow":"follow","max-snippet":"max-snippet:-1","max-image-preview":"max-image-preview:large","max-video-preview":"max-video-preview:-1"},"canonical":"https:\/\/v2charge.com\/tr\/destek-alani\/guc-kontrolu\/statik\/","og_locale":"tr_TR","og_type":"article","og_title":"Statik g\u00fc\u00e7 kontrol\u00fc - V2C destek alan\u0131","og_description":"Statik g\u00fc\u00e7 kontrol\u00fc - Bir e-Charger'\u0131n prizler aras\u0131 dengelenmesi veya e-Charger\u2019lar aras\u0131 dengelenmesi aras\u0131nda se\u00e7im yap\u0131n | V2C","og_url":"https:\/\/v2charge.com\/tr\/destek-alani\/guc-kontrolu\/statik\/","og_site_name":"V2C","article_publisher":"https:\/\/www.facebook.com\/V2C.Charge","article_modified_time":"2026-04-19T09:39:02+00:00","og_image":[{"width":1200,"height":675,"url":"https:\/\/v2charge.com\/wp-content\/uploads\/2024\/07\/v2c-electric-chargers.jpg","type":"image\/jpeg"}],"twitter_card":"summary_large_image","twitter_site":"@V2C_Charge","twitter_misc":{"Tahmini okuma s\u00fcresi":"2 dakika"},"schema":{"@context":"https:\/\/schema.org","@graph":[{"@type":"WebPage","@id":"https:\/\/v2charge.com\/tr\/destek-alani\/guc-kontrolu\/statik\/","url":"https:\/\/v2charge.com\/tr\/destek-alani\/guc-kontrolu\/statik\/","name":"Statik g\u00fc\u00e7 kontrol\u00fc - V2C destek alan\u0131","isPartOf":{"@id":"https:\/\/v2charge.com\/tr\/#website"},"primaryImageOfPage":{"@id":"https:\/\/v2charge.com\/tr\/destek-alani\/guc-kontrolu\/statik\/#primaryimage"},"image":{"@id":"https:\/\/v2charge.com\/tr\/destek-alani\/guc-kontrolu\/statik\/#primaryimage"},"thumbnailUrl":"https:\/\/v2charge.com\/wp-content\/uploads\/2024\/07\/v2c-electric-chargers.jpg","datePublished":"2024-11-28T12:58:55+00:00","dateModified":"2026-04-19T09:39:02+00:00","description":"Statik g\u00fc\u00e7 kontrol\u00fc - Bir e-Charger'\u0131n prizler aras\u0131 dengelenmesi veya e-Charger\u2019lar aras\u0131 dengelenmesi aras\u0131nda se\u00e7im yap\u0131n | V2C","breadcrumb":{"@id":"https:\/\/v2charge.com\/tr\/destek-alani\/guc-kontrolu\/statik\/#breadcrumb"},"inLanguage":"tr","potentialAction":[{"@type":"ReadAction","target":["https:\/\/v2charge.com\/tr\/destek-alani\/guc-kontrolu\/statik\/"]}]},{"@type":"ImageObject","inLanguage":"tr","@id":"https:\/\/v2charge.com\/tr\/destek-alani\/guc-kontrolu\/statik\/#primaryimage","url":"https:\/\/v2charge.com\/wp-content\/uploads\/2024\/07\/v2c-electric-chargers.jpg","contentUrl":"https:\/\/v2charge.com\/wp-content\/uploads\/2024\/07\/v2c-electric-chargers.jpg","width":1200,"height":675,"caption":"V2C Electric Chargers"},{"@type":"BreadcrumbList","@id":"https:\/\/v2charge.com\/tr\/destek-alani\/guc-kontrolu\/statik\/#breadcrumb","itemListElement":[{"@type":"ListItem","position":1,"name":"V2C","item":"https:\/\/v2charge.com\/tr\/"},{"@type":"ListItem","position":2,"name":"Destek Alan\u0131.","item":"https:\/\/v2charge.com\/tr\/destek-alani\/"},{"@type":"ListItem","position":3,"name":"G\u00fc\u00e7 kontrol\u00fc","item":"https:\/\/v2charge.com\/tr\/destek-alani\/guc-kontrolu\/"},{"@type":"ListItem","position":4,"name":"Statik"}]},{"@type":"WebSite","@id":"https:\/\/v2charge.com\/tr\/#website","url":"https:\/\/v2charge.com\/tr\/","name":"V2C","description":"#CargandoElMa\u00f1ana","publisher":{"@id":"https:\/\/v2charge.com\/tr\/#organization"},"potentialAction":[{"@type":"SearchAction","target":{"@type":"EntryPoint","urlTemplate":"https:\/\/v2charge.com\/tr\/?s={search_term_string}"},"query-input":{"@type":"PropertyValueSpecification","valueRequired":true,"valueName":"search_term_string"}}],"inLanguage":"tr"},{"@type":"Organization","@id":"https:\/\/v2charge.com\/tr\/#organization","name":"V2C","url":"https:\/\/v2charge.com\/tr\/","logo":{"@type":"ImageObject","inLanguage":"tr","@id":"https:\/\/v2charge.com\/tr\/#\/schema\/logo\/image\/","url":"https:\/\/v2charge.com\/wp-content\/uploads\/2024\/11\/cropped-v2c-charge-logo-menu.png","contentUrl":"https:\/\/v2charge.com\/wp-content\/uploads\/2024\/11\/cropped-v2c-charge-logo-menu.png","width":984,"height":431,"caption":"V2C"},"image":{"@id":"https:\/\/v2charge.com\/tr\/#\/schema\/logo\/image\/"},"sameAs":["https:\/\/www.facebook.com\/V2C.Charge","https:\/\/x.com\/V2C_Charge","https:\/\/www.instagram.com\/v2c.charge\/","https:\/\/www.youtube.com\/@V2C","https:\/\/www.linkedin.com\/company\/v2c-chargers\/"]}]}},"uagb_featured_image_src":{"full":["https:\/\/v2charge.com\/wp-content\/uploads\/2024\/07\/v2c-electric-chargers.jpg",1200,675,false],"thumbnail":["https:\/\/v2charge.com\/wp-content\/uploads\/2024\/07\/v2c-electric-chargers-150x150.jpg",150,150,true],"medium":["https:\/\/v2charge.com\/wp-content\/uploads\/2024\/07\/v2c-electric-chargers-300x169.jpg",300,169,true],"medium_large":["https:\/\/v2charge.com\/wp-content\/uploads\/2024\/07\/v2c-electric-chargers-768x432.jpg",768,432,true],"large":["https:\/\/v2charge.com\/wp-content\/uploads\/2024\/07\/v2c-electric-chargers-1024x576.jpg",1024,576,true],"gs-tiny":["https:\/\/v2charge.com\/wp-content\/uploads\/2024\/07\/v2c-electric-chargers.jpg",50,28,false],"xl":["https:\/\/v2charge.com\/wp-content\/uploads\/2024\/07\/v2c-electric-chargers.jpg",1200,675,false],"xxl":["https:\/\/v2charge.com\/wp-content\/uploads\/2024\/07\/v2c-electric-chargers.jpg",1200,675,false],"xxxl":["https:\/\/v2charge.com\/wp-content\/uploads\/2024\/07\/v2c-electric-chargers.jpg",1200,675,false],"xxxxl":["https:\/\/v2charge.com\/wp-content\/uploads\/2024\/07\/v2c-electric-chargers.jpg",1200,675,false],"xxxxxl":["https:\/\/v2charge.com\/wp-content\/uploads\/2024\/07\/v2c-electric-chargers.jpg",1200,675,false],"1536x1536":["https:\/\/v2charge.com\/wp-content\/uploads\/2024\/07\/v2c-electric-chargers.jpg",1200,675,false],"2048x2048":["https:\/\/v2charge.com\/wp-content\/uploads\/2024\/07\/v2c-electric-chargers.jpg",1200,675,false]},"uagb_author_info":{"display_name":"V2C","author_link":"https:\/\/v2charge.com\/tr\/author\/marketing\/"},"uagb_comment_info":0,"uagb_excerpt":"Statik g\u00fc\u00e7 kontrol\u00fc Statik g\u00fc\u00e7 kontrol\u00fc, V2C&#8217;nin ayn\u0131 e-Charger i\u00e7indeki farkl\u0131 prizler veya birden fazla e-Charger aras\u0131nda enerjiyi verimli bir \u015fekilde da\u011f\u0131tan geli\u015fmi\u015f bir i\u015flevselli\u011fidir ve a\u015f\u0131r\u0131 y\u00fcklenmeleri \u00f6nleyerek s\u00f6zle\u015fmeli g\u00fcc\u00fcn dengeli bir \u015fekilde kullan\u0131lmas\u0131n\u0131 garanti eder. \u015earj cihazlar\u0131 aras\u0131nda enerjiyi otomatik olarak dengeleyerek, sistem optimum ve g\u00fcvenli bir performans sa\u011flar ve enerji verimlili\u011fini maksimize&hellip;","_links":{"self":[{"href":"https:\/\/v2charge.com\/tr\/wp-json\/wp\/v2\/pages\/192241","targetHints":{"allow":["GET"]}}],"collection":[{"href":"https:\/\/v2charge.com\/tr\/wp-json\/wp\/v2\/pages"}],"about":[{"href":"https:\/\/v2charge.com\/tr\/wp-json\/wp\/v2\/types\/page"}],"author":[{"embeddable":true,"href":"https:\/\/v2charge.com\/tr\/wp-json\/wp\/v2\/users\/400"}],"replies":[{"embeddable":true,"href":"https:\/\/v2charge.com\/tr\/wp-json\/wp\/v2\/comments?post=192241"}],"version-history":[{"count":4,"href":"https:\/\/v2charge.com\/tr\/wp-json\/wp\/v2\/pages\/192241\/revisions"}],"predecessor-version":[{"id":192253,"href":"https:\/\/v2charge.com\/tr\/wp-json\/wp\/v2\/pages\/192241\/revisions\/192253"}],"up":[{"embeddable":true,"href":"https:\/\/v2charge.com\/tr\/wp-json\/wp\/v2\/pages\/192211"}],"wp:featuredmedia":[{"embeddable":true,"href":"https:\/\/v2charge.com\/tr\/wp-json\/wp\/v2\/media\/170355"}],"wp:attachment":[{"href":"https:\/\/v2charge.com\/tr\/wp-json\/wp\/v2\/media?parent=192241"}],"curies":[{"name":"wp","href":"https:\/\/api.w.org\/{rel}","templated":true}]}}