{"id":215635,"date":"2025-04-14T12:54:21","date_gmt":"2025-04-14T10:54:21","guid":{"rendered":"https:\/\/v2charge.com\/?page_id=215635"},"modified":"2025-05-27T11:15:23","modified_gmt":"2025-05-27T09:15:23","slug":"instrukcje-oswietlenia-led","status":"publish","type":"page","link":"https:\/\/v2charge.com\/tr\/destek-alani\/denka\/instrukcje-oswietlenia-led\/","title":{"rendered":"LED Renk G\u00f6stergeleri"},"content":{"rendered":"\n<div class=\"wp-block-uagb-container uagb-block-17e1a3db alignfull uagb-is-root-container\"><div class=\"uagb-container-inner-blocks-wrap\"><div class=\"yoast-breadcrumbs\"><span><span><a href=\"https:\/\/v2charge.com\/tr\/\">V2C<\/a><\/span> \u00bb <span><a href=\"https:\/\/v2charge.com\/tr\/destek-alani\/\">Destek Alan\u0131.<\/a><\/span> \u00bb <span><a href=\"https:\/\/v2charge.com\/tr\/destek-alani\/denka\/\">Denka Deste\u011fi<\/a><\/span> \u00bb <span class=\"breadcrumb_last\" aria-current=\"page\">LED Renk G\u00f6stergeleri<\/span><\/span><\/div>\n\n\n<h1 class=\"wp-block-heading\">LED Renk G\u00f6stergeleri<\/h1>\n<\/div><\/div>\n\n\n\n<div class=\"wp-block-uagb-container uagb-block-c483af30 alignfull uagb-is-root-container\"><div class=\"uagb-container-inner-blocks-wrap\">\n<div class=\"wp-block-uagb-container uagb-block-9d0ad235\">\n<div class=\"wp-block-uagb-image uagb-block-4833ea13 wp-block-uagb-image--layout-default wp-block-uagb-image--effect-static wp-block-uagb-image--align-none\"><figure class=\"wp-block-uagb-image__figure\"><img decoding=\"async\" srcset=\"https:\/\/v2charge.com\/wp-content\/uploads\/2024\/12\/led-blanco-denka.jpg ,https:\/\/v2charge.com\/wp-content\/uploads\/2024\/12\/led-blanco-denka.jpg 780w, https:\/\/v2charge.com\/wp-content\/uploads\/2024\/12\/led-blanco-denka.jpg 360w\" sizes=\"auto, (max-width: 480px) 150px\" src=\"https:\/\/v2charge.com\/wp-content\/uploads\/2024\/12\/led-blanco-denka.jpg\" alt=\"\" class=\"uag-image-198724\" width=\"303\" height=\"300\" title=\"led-blanco-denka\" loading=\"lazy\" role=\"img\"\/><\/figure><\/div>\n<\/div>\n\n\n\n<div class=\"wp-block-uagb-container uagb-block-01c41ba6\">\n<p><strong>Beyaz<\/strong>: RFID\/V2C Payments\/OCPP kabul edildi veya \u015farj cihaz\u0131 kullan\u0131labilir.<\/p>\n<\/div>\n<\/div><\/div>\n\n\n\n<div class=\"wp-block-uagb-container uagb-block-bfb0e86e alignfull uagb-is-root-container\"><div class=\"uagb-container-inner-blocks-wrap\">\n<div class=\"wp-block-uagb-container uagb-block-abca8cd0\">\n<div class=\"wp-block-uagb-image uagb-block-9bfa1a97 wp-block-uagb-image--layout-default wp-block-uagb-image--effect-static wp-block-uagb-image--align-none\"><figure class=\"wp-block-uagb-image__figure\"><img decoding=\"async\" srcset=\"https:\/\/v2charge.com\/wp-content\/uploads\/2024\/12\/led-azul-denka.jpg ,https:\/\/v2charge.com\/wp-content\/uploads\/2024\/12\/led-azul-denka.jpg 780w, https:\/\/v2charge.com\/wp-content\/uploads\/2024\/12\/led-azul-denka.jpg 360w\" sizes=\"auto, (max-width: 480px) 150px\" src=\"https:\/\/v2charge.com\/wp-content\/uploads\/2024\/12\/led-azul-denka.jpg\" alt=\"\" class=\"uag-image-198713\" width=\"303\" height=\"300\" title=\"led-azul-denka\" loading=\"lazy\" role=\"img\"\/><\/figure><\/div>\n<\/div>\n\n\n\n<div class=\"wp-block-uagb-container uagb-block-37a9717e\">\n<p><strong>Koyu Mavi<\/strong>: Ara\u00e7 \u015farj oluyor. I\u015f\u0131k \u00e7ubu\u011fu \u015farj y\u00fczdesini g\u00f6sterir.<\/p>\n<\/div>\n<\/div><\/div>\n\n\n\n<div class=\"wp-block-uagb-container uagb-block-781ad5e9 alignfull uagb-is-root-container\"><div class=\"uagb-container-inner-blocks-wrap\">\n<div class=\"wp-block-uagb-container uagb-block-4aed571f\">\n<div class=\"wp-block-uagb-image uagb-block-4c1296d9 wp-block-uagb-image--layout-default wp-block-uagb-image--effect-static wp-block-uagb-image--align-none\"><figure class=\"wp-block-uagb-image__figure\"><img decoding=\"async\" srcset=\"https:\/\/v2charge.com\/wp-content\/uploads\/2024\/12\/led-cyan-denka.jpg ,https:\/\/v2charge.com\/wp-content\/uploads\/2024\/12\/led-cyan-denka.jpg 780w, https:\/\/v2charge.com\/wp-content\/uploads\/2024\/12\/led-cyan-denka.jpg 360w\" sizes=\"auto, (max-width: 480px) 150px\" src=\"https:\/\/v2charge.com\/wp-content\/uploads\/2024\/12\/led-cyan-denka.jpg\" alt=\"\" class=\"uag-image-198735\" width=\"303\" height=\"300\" title=\"led-cyan-denka\" loading=\"lazy\" role=\"img\"\/><\/figure><\/div>\n<\/div>\n\n\n\n<div class=\"wp-block-uagb-container uagb-block-e4f870ad\">\n<p><strong>A\u00e7\u0131k Mavi<\/strong>: e-Charger ba\u015flat\u0131l\u0131yor.<\/p>\n\n\n\n<p><strong>A\u00e7\u0131k Mavi yan\u0131p s\u00f6n\u00fcyor<\/strong>: RFID\/V2C Payments\/OCPP bekleniyor.<\/p>\n<\/div>\n<\/div><\/div>\n\n\n\n<div class=\"wp-block-uagb-container uagb-block-075bcc5a alignfull uagb-is-root-container\"><div class=\"uagb-container-inner-blocks-wrap\">\n<div class=\"wp-block-uagb-container uagb-block-7fb073e2\">\n<div class=\"wp-block-uagb-image uagb-block-905fe628 wp-block-uagb-image--layout-default wp-block-uagb-image--effect-static wp-block-uagb-image--align-none\"><figure class=\"wp-block-uagb-image__figure\"><img decoding=\"async\" srcset=\"https:\/\/v2charge.com\/wp-content\/uploads\/2024\/12\/led-verde-denka.jpg ,https:\/\/v2charge.com\/wp-content\/uploads\/2024\/12\/led-verde-denka.jpg 780w, https:\/\/v2charge.com\/wp-content\/uploads\/2024\/12\/led-verde-denka.jpg 360w\" sizes=\"auto, (max-width: 480px) 150px\" src=\"https:\/\/v2charge.com\/wp-content\/uploads\/2024\/12\/led-verde-denka.jpg\" alt=\"\" class=\"uag-image-198757\" width=\"303\" height=\"300\" title=\"led-verde-denka\" loading=\"lazy\" role=\"img\"\/><\/figure><\/div>\n<\/div>\n\n\n\n<div class=\"wp-block-uagb-container uagb-block-50027222\">\n<p><strong>Ye\u015fil<\/strong>: Ara\u00e7 ba\u011fl\u0131.<\/p>\n<\/div>\n<\/div><\/div>\n\n\n\n<div class=\"wp-block-uagb-container uagb-block-8b504286 alignfull uagb-is-root-container\"><div class=\"uagb-container-inner-blocks-wrap\">\n<div class=\"wp-block-uagb-container uagb-block-022e5896\">\n<div class=\"wp-block-uagb-image uagb-block-5d05a7d8 wp-block-uagb-image--layout-default wp-block-uagb-image--effect-static wp-block-uagb-image--align-none\"><figure class=\"wp-block-uagb-image__figure\"><img decoding=\"async\" srcset=\"https:\/\/v2charge.com\/wp-content\/uploads\/2024\/12\/led-rojo-denka.jpg ,https:\/\/v2charge.com\/wp-content\/uploads\/2024\/12\/led-rojo-denka.jpg 780w, https:\/\/v2charge.com\/wp-content\/uploads\/2024\/12\/led-rojo-denka.jpg 360w\" sizes=\"auto, (max-width: 480px) 150px\" src=\"https:\/\/v2charge.com\/wp-content\/uploads\/2024\/12\/led-rojo-denka.jpg\" alt=\"\" class=\"uag-image-198746\" width=\"303\" height=\"300\" title=\"led-rojo-denka\" loading=\"lazy\" role=\"img\"\/><\/figure><\/div>\n<\/div>\n\n\n\n<div class=\"wp-block-uagb-container uagb-block-05c65a2d\">\n<p><strong>K\u0131rm\u0131z\u0131 yan\u0131p s\u00f6n\u00fcyor<\/strong>: Acil durum butonu bas\u0131l\u0131 veya i\u00e7 hata\/ileti\u015fim hatas\u0131.<br><em>Acil durdurma d\u00fc\u011fmesine bas\u0131l\u0131ysa, \u00e7\u0131karmak i\u00e7in d\u00fc\u011fmeye bast\u0131r\u0131p sa\u011fa do\u011fru \u00e7evirmeniz gerekir.<\/em><\/p>\n<\/div>\n<\/div><\/div>\n\n\n\n<div class=\"wp-block-uagb-container uagb-block-c6f38013 alignfull uagb-is-root-container\"><div class=\"uagb-container-inner-blocks-wrap\">\n<div class=\"wp-block-uagb-advanced-heading uagb-block-6963d70c\"><h2 class=\"uagb-heading-text\"><strong><strong>Teknik Destek Mi \u0130htiyac\u0131n\u0131z Var?<\/strong><\/strong><\/h2><\/div>\n\n\n\n<div class=\"wp-block-uagb-advanced-heading uagb-block-408243eb\"><p class=\"uagb-heading-text\">Teknik Destek Merkezi&#8217;nde bir talep olu\u015fturun, en k\u0131sa s\u00fcrede sizinle ileti\u015fime ge\u00e7erek en iyi \u00e7\u00f6z\u00fcm\u00fc sunal\u0131m.<\/p><\/div>\n\n\n\n<div class=\"wp-block-uagb-buttons uagb-buttons__outer-wrap uagb-btn__default-btn uagb-btn-tablet__default-btn uagb-btn-mobile__default-btn uagb-block-ba1e67d1\"><div class=\"uagb-buttons__wrap uagb-buttons-layout-wrap \">\n<div class=\"wp-block-uagb-buttons-child uagb-buttons__outer-wrap uagb-block-23cfb623 wp-block-button\"><div class=\"uagb-button__wrapper\"><a class=\"uagb-buttons-repeater wp-block-button__link\" aria-label=\"\" href=\"https:\/\/v2charge.atlassian.net\/servicedesk\/customer\/portal\/3\" rel=\"follow noopener\" target=\"_self\" role=\"button\"><div class=\"uagb-button__link\"><strong>Teknik Destek ile \u0130leti\u015fime Ge\u00e7in<\/strong><\/div><\/a><\/div><\/div>\n<\/div><\/div>\n<\/div><\/div>\n","protected":false},"excerpt":{"rendered":"<p>LED Renk G\u00f6stergeleri Beyaz: RFID\/V2C Payments\/OCPP kabul edildi veya \u015farj cihaz\u0131 kullan\u0131labilir. Koyu Mavi: Ara\u00e7 \u015farj oluyor. I\u015f\u0131k \u00e7ubu\u011fu \u015farj y\u00fczdesini g\u00f6sterir. A\u00e7\u0131k Mavi: e-Charger ba\u015flat\u0131l\u0131yor. A\u00e7\u0131k Mavi yan\u0131p s\u00f6n\u00fcyor: RFID\/V2C Payments\/OCPP bekleniyor. Ye\u015fil: Ara\u00e7 ba\u011fl\u0131. K\u0131rm\u0131z\u0131 yan\u0131p s\u00f6n\u00fcyor: Acil durum butonu bas\u0131l\u0131 veya i\u00e7 hata\/ileti\u015fim hatas\u0131.Acil durdurma d\u00fc\u011fmesine bas\u0131l\u0131ysa, \u00e7\u0131karmak i\u00e7in d\u00fc\u011fmeye bast\u0131r\u0131p sa\u011fa &#8230; <a title=\"LED Renk G\u00f6stergeleri\" class=\"read-more\" href=\"https:\/\/v2charge.com\/tr\/destek-alani\/denka\/instrukcje-oswietlenia-led\/\" aria-label=\"Read more about LED Renk G\u00f6stergeleri\">Devam\u0131n\u0131 oku<\/a><\/p>\n","protected":false},"author":400,"featured_media":170355,"parent":215605,"menu_order":0,"comment_status":"closed","ping_status":"closed","template":"","meta":{"_eb_attr":"","content-type":"","_uag_custom_page_level_css":"","footnotes":""},"class_list":["post-215635","page","type-page","status-publish","has-post-thumbnail"],"yoast_head":"<!-- This site is optimized with the Yoast SEO plugin v25.3.1 - https:\/\/yoast.com\/wordpress\/plugins\/seo\/ -->\n<title>LED Renk G\u00f6stergeleri - Denka<\/title>\n<meta name=\"description\" content=\"Denka&#039;n\u0131n \u00f6n k\u0131sm\u0131ndaki LED, \u015farj durumuna g\u00f6re yanar. Farkl\u0131 renklerin anlamlar\u0131n\u0131 \u00f6\u011frenin.\" \/>\n<meta name=\"robots\" content=\"index, follow, max-snippet:-1, max-image-preview:large, max-video-preview:-1\" \/>\n<link rel=\"canonical\" href=\"https:\/\/v2charge.com\/tr\/destek-alani\/denka\/instrukcje-oswietlenia-led\/\" \/>\n<meta property=\"og:locale\" content=\"tr_TR\" \/>\n<meta property=\"og:type\" content=\"article\" \/>\n<meta property=\"og:title\" content=\"LED Renk G\u00f6stergeleri - Denka\" \/>\n<meta property=\"og:description\" content=\"Denka&#039;n\u0131n \u00f6n k\u0131sm\u0131ndaki LED, \u015farj durumuna g\u00f6re yanar. Farkl\u0131 renklerin anlamlar\u0131n\u0131 \u00f6\u011frenin.\" \/>\n<meta property=\"og:url\" content=\"https:\/\/v2charge.com\/tr\/destek-alani\/denka\/instrukcje-oswietlenia-led\/\" \/>\n<meta property=\"og:site_name\" content=\"V2C\" \/>\n<meta property=\"article:publisher\" content=\"https:\/\/www.facebook.com\/V2C.Charge\" \/>\n<meta property=\"article:modified_time\" content=\"2025-05-27T09:15:23+00:00\" \/>\n<meta property=\"og:image\" content=\"https:\/\/v2charge.com\/wp-content\/uploads\/2024\/07\/v2c-electric-chargers.jpg\" \/>\n\t<meta property=\"og:image:width\" content=\"1200\" \/>\n\t<meta property=\"og:image:height\" content=\"675\" \/>\n\t<meta property=\"og:image:type\" content=\"image\/jpeg\" \/>\n<meta name=\"twitter:card\" content=\"summary_large_image\" \/>\n<meta name=\"twitter:site\" content=\"@V2C_Charge\" \/>\n<meta name=\"twitter:label1\" content=\"Tahmini okuma s\u00fcresi\" \/>\n\t<meta name=\"twitter:data1\" content=\"2 dakika\" \/>\n<script type=\"application\/ld+json\" class=\"yoast-schema-graph\">{\"@context\":\"https:\/\/schema.org\",\"@graph\":[{\"@type\":\"WebPage\",\"@id\":\"https:\/\/v2charge.com\/tr\/destek-alani\/denka\/instrukcje-oswietlenia-led\/\",\"url\":\"https:\/\/v2charge.com\/tr\/destek-alani\/denka\/instrukcje-oswietlenia-led\/\",\"name\":\"LED Renk G\u00f6stergeleri - Denka\",\"isPartOf\":{\"@id\":\"https:\/\/v2charge.com\/tr\/#website\"},\"primaryImageOfPage\":{\"@id\":\"https:\/\/v2charge.com\/tr\/destek-alani\/denka\/instrukcje-oswietlenia-led\/#primaryimage\"},\"image\":{\"@id\":\"https:\/\/v2charge.com\/tr\/destek-alani\/denka\/instrukcje-oswietlenia-led\/#primaryimage\"},\"thumbnailUrl\":\"https:\/\/v2charge.com\/wp-content\/uploads\/2024\/07\/v2c-electric-chargers.jpg\",\"datePublished\":\"2025-04-14T10:54:21+00:00\",\"dateModified\":\"2025-05-27T09:15:23+00:00\",\"description\":\"Denka'n\u0131n \u00f6n k\u0131sm\u0131ndaki LED, \u015farj durumuna g\u00f6re yanar. Farkl\u0131 renklerin anlamlar\u0131n\u0131 \u00f6\u011frenin.\",\"breadcrumb\":{\"@id\":\"https:\/\/v2charge.com\/tr\/destek-alani\/denka\/instrukcje-oswietlenia-led\/#breadcrumb\"},\"inLanguage\":\"tr\",\"potentialAction\":[{\"@type\":\"ReadAction\",\"target\":[\"https:\/\/v2charge.com\/tr\/destek-alani\/denka\/instrukcje-oswietlenia-led\/\"]}]},{\"@type\":\"ImageObject\",\"inLanguage\":\"tr\",\"@id\":\"https:\/\/v2charge.com\/tr\/destek-alani\/denka\/instrukcje-oswietlenia-led\/#primaryimage\",\"url\":\"https:\/\/v2charge.com\/wp-content\/uploads\/2024\/07\/v2c-electric-chargers.jpg\",\"contentUrl\":\"https:\/\/v2charge.com\/wp-content\/uploads\/2024\/07\/v2c-electric-chargers.jpg\",\"width\":1200,\"height\":675,\"caption\":\"V2C Electric Chargers\"},{\"@type\":\"BreadcrumbList\",\"@id\":\"https:\/\/v2charge.com\/tr\/destek-alani\/denka\/instrukcje-oswietlenia-led\/#breadcrumb\",\"itemListElement\":[{\"@type\":\"ListItem\",\"position\":1,\"name\":\"V2C\",\"item\":\"https:\/\/v2charge.com\/tr\/\"},{\"@type\":\"ListItem\",\"position\":2,\"name\":\"Destek Alan\u0131.\",\"item\":\"https:\/\/v2charge.com\/tr\/destek-alani\/\"},{\"@type\":\"ListItem\",\"position\":3,\"name\":\"Denka Deste\u011fi\",\"item\":\"https:\/\/v2charge.com\/tr\/destek-alani\/denka\/\"},{\"@type\":\"ListItem\",\"position\":4,\"name\":\"LED Renk G\u00f6stergeleri\"}]},{\"@type\":\"WebSite\",\"@id\":\"https:\/\/v2charge.com\/tr\/#website\",\"url\":\"https:\/\/v2charge.com\/tr\/\",\"name\":\"V2C\",\"description\":\"#CargandoElMa\u00f1ana\",\"publisher\":{\"@id\":\"https:\/\/v2charge.com\/tr\/#organization\"},\"potentialAction\":[{\"@type\":\"SearchAction\",\"target\":{\"@type\":\"EntryPoint\",\"urlTemplate\":\"https:\/\/v2charge.com\/tr\/?s={search_term_string}\"},\"query-input\":{\"@type\":\"PropertyValueSpecification\",\"valueRequired\":true,\"valueName\":\"search_term_string\"}}],\"inLanguage\":\"tr\"},{\"@type\":\"Organization\",\"@id\":\"https:\/\/v2charge.com\/tr\/#organization\",\"name\":\"V2C\",\"url\":\"https:\/\/v2charge.com\/tr\/\",\"logo\":{\"@type\":\"ImageObject\",\"inLanguage\":\"tr\",\"@id\":\"https:\/\/v2charge.com\/tr\/#\/schema\/logo\/image\/\",\"url\":\"https:\/\/v2charge.com\/wp-content\/uploads\/2024\/11\/cropped-v2c-charge-logo-menu.png\",\"contentUrl\":\"https:\/\/v2charge.com\/wp-content\/uploads\/2024\/11\/cropped-v2c-charge-logo-menu.png\",\"width\":984,\"height\":431,\"caption\":\"V2C\"},\"image\":{\"@id\":\"https:\/\/v2charge.com\/tr\/#\/schema\/logo\/image\/\"},\"sameAs\":[\"https:\/\/www.facebook.com\/V2C.Charge\",\"https:\/\/x.com\/V2C_Charge\",\"https:\/\/www.instagram.com\/v2c.charge\/\",\"https:\/\/www.youtube.com\/@V2C\",\"https:\/\/www.linkedin.com\/company\/v2c-chargers\/\"]}]}<\/script>\n<!-- \/ Yoast SEO plugin. -->","yoast_head_json":{"title":"LED Renk G\u00f6stergeleri - Denka","description":"Denka'n\u0131n \u00f6n k\u0131sm\u0131ndaki LED, \u015farj durumuna g\u00f6re yanar. Farkl\u0131 renklerin anlamlar\u0131n\u0131 \u00f6\u011frenin.","robots":{"index":"index","follow":"follow","max-snippet":"max-snippet:-1","max-image-preview":"max-image-preview:large","max-video-preview":"max-video-preview:-1"},"canonical":"https:\/\/v2charge.com\/tr\/destek-alani\/denka\/instrukcje-oswietlenia-led\/","og_locale":"tr_TR","og_type":"article","og_title":"LED Renk G\u00f6stergeleri - Denka","og_description":"Denka'n\u0131n \u00f6n k\u0131sm\u0131ndaki LED, \u015farj durumuna g\u00f6re yanar. Farkl\u0131 renklerin anlamlar\u0131n\u0131 \u00f6\u011frenin.","og_url":"https:\/\/v2charge.com\/tr\/destek-alani\/denka\/instrukcje-oswietlenia-led\/","og_site_name":"V2C","article_publisher":"https:\/\/www.facebook.com\/V2C.Charge","article_modified_time":"2025-05-27T09:15:23+00:00","og_image":[{"width":1200,"height":675,"url":"https:\/\/v2charge.com\/wp-content\/uploads\/2024\/07\/v2c-electric-chargers.jpg","type":"image\/jpeg"}],"twitter_card":"summary_large_image","twitter_site":"@V2C_Charge","twitter_misc":{"Tahmini okuma s\u00fcresi":"2 dakika"},"schema":{"@context":"https:\/\/schema.org","@graph":[{"@type":"WebPage","@id":"https:\/\/v2charge.com\/tr\/destek-alani\/denka\/instrukcje-oswietlenia-led\/","url":"https:\/\/v2charge.com\/tr\/destek-alani\/denka\/instrukcje-oswietlenia-led\/","name":"LED Renk G\u00f6stergeleri - Denka","isPartOf":{"@id":"https:\/\/v2charge.com\/tr\/#website"},"primaryImageOfPage":{"@id":"https:\/\/v2charge.com\/tr\/destek-alani\/denka\/instrukcje-oswietlenia-led\/#primaryimage"},"image":{"@id":"https:\/\/v2charge.com\/tr\/destek-alani\/denka\/instrukcje-oswietlenia-led\/#primaryimage"},"thumbnailUrl":"https:\/\/v2charge.com\/wp-content\/uploads\/2024\/07\/v2c-electric-chargers.jpg","datePublished":"2025-04-14T10:54:21+00:00","dateModified":"2025-05-27T09:15:23+00:00","description":"Denka'n\u0131n \u00f6n k\u0131sm\u0131ndaki LED, \u015farj durumuna g\u00f6re yanar. Farkl\u0131 renklerin anlamlar\u0131n\u0131 \u00f6\u011frenin.","breadcrumb":{"@id":"https:\/\/v2charge.com\/tr\/destek-alani\/denka\/instrukcje-oswietlenia-led\/#breadcrumb"},"inLanguage":"tr","potentialAction":[{"@type":"ReadAction","target":["https:\/\/v2charge.com\/tr\/destek-alani\/denka\/instrukcje-oswietlenia-led\/"]}]},{"@type":"ImageObject","inLanguage":"tr","@id":"https:\/\/v2charge.com\/tr\/destek-alani\/denka\/instrukcje-oswietlenia-led\/#primaryimage","url":"https:\/\/v2charge.com\/wp-content\/uploads\/2024\/07\/v2c-electric-chargers.jpg","contentUrl":"https:\/\/v2charge.com\/wp-content\/uploads\/2024\/07\/v2c-electric-chargers.jpg","width":1200,"height":675,"caption":"V2C Electric Chargers"},{"@type":"BreadcrumbList","@id":"https:\/\/v2charge.com\/tr\/destek-alani\/denka\/instrukcje-oswietlenia-led\/#breadcrumb","itemListElement":[{"@type":"ListItem","position":1,"name":"V2C","item":"https:\/\/v2charge.com\/tr\/"},{"@type":"ListItem","position":2,"name":"Destek Alan\u0131.","item":"https:\/\/v2charge.com\/tr\/destek-alani\/"},{"@type":"ListItem","position":3,"name":"Denka Deste\u011fi","item":"https:\/\/v2charge.com\/tr\/destek-alani\/denka\/"},{"@type":"ListItem","position":4,"name":"LED Renk G\u00f6stergeleri"}]},{"@type":"WebSite","@id":"https:\/\/v2charge.com\/tr\/#website","url":"https:\/\/v2charge.com\/tr\/","name":"V2C","description":"#CargandoElMa\u00f1ana","publisher":{"@id":"https:\/\/v2charge.com\/tr\/#organization"},"potentialAction":[{"@type":"SearchAction","target":{"@type":"EntryPoint","urlTemplate":"https:\/\/v2charge.com\/tr\/?s={search_term_string}"},"query-input":{"@type":"PropertyValueSpecification","valueRequired":true,"valueName":"search_term_string"}}],"inLanguage":"tr"},{"@type":"Organization","@id":"https:\/\/v2charge.com\/tr\/#organization","name":"V2C","url":"https:\/\/v2charge.com\/tr\/","logo":{"@type":"ImageObject","inLanguage":"tr","@id":"https:\/\/v2charge.com\/tr\/#\/schema\/logo\/image\/","url":"https:\/\/v2charge.com\/wp-content\/uploads\/2024\/11\/cropped-v2c-charge-logo-menu.png","contentUrl":"https:\/\/v2charge.com\/wp-content\/uploads\/2024\/11\/cropped-v2c-charge-logo-menu.png","width":984,"height":431,"caption":"V2C"},"image":{"@id":"https:\/\/v2charge.com\/tr\/#\/schema\/logo\/image\/"},"sameAs":["https:\/\/www.facebook.com\/V2C.Charge","https:\/\/x.com\/V2C_Charge","https:\/\/www.instagram.com\/v2c.charge\/","https:\/\/www.youtube.com\/@V2C","https:\/\/www.linkedin.com\/company\/v2c-chargers\/"]}]}},"uagb_featured_image_src":{"full":["https:\/\/v2charge.com\/wp-content\/uploads\/2024\/07\/v2c-electric-chargers.jpg",1200,675,false],"thumbnail":["https:\/\/v2charge.com\/wp-content\/uploads\/2024\/07\/v2c-electric-chargers-150x150.jpg",150,150,true],"medium":["https:\/\/v2charge.com\/wp-content\/uploads\/2024\/07\/v2c-electric-chargers-300x169.jpg",300,169,true],"medium_large":["https:\/\/v2charge.com\/wp-content\/uploads\/2024\/07\/v2c-electric-chargers-768x432.jpg",768,432,true],"large":["https:\/\/v2charge.com\/wp-content\/uploads\/2024\/07\/v2c-electric-chargers-1024x576.jpg",1024,576,true],"gs-tiny":["https:\/\/v2charge.com\/wp-content\/uploads\/2024\/07\/v2c-electric-chargers.jpg",50,28,false],"xl":["https:\/\/v2charge.com\/wp-content\/uploads\/2024\/07\/v2c-electric-chargers.jpg",1200,675,false],"xxl":["https:\/\/v2charge.com\/wp-content\/uploads\/2024\/07\/v2c-electric-chargers.jpg",1200,675,false],"xxxl":["https:\/\/v2charge.com\/wp-content\/uploads\/2024\/07\/v2c-electric-chargers.jpg",1200,675,false],"xxxxl":["https:\/\/v2charge.com\/wp-content\/uploads\/2024\/07\/v2c-electric-chargers.jpg",1200,675,false],"xxxxxl":["https:\/\/v2charge.com\/wp-content\/uploads\/2024\/07\/v2c-electric-chargers.jpg",1200,675,false],"1536x1536":["https:\/\/v2charge.com\/wp-content\/uploads\/2024\/07\/v2c-electric-chargers.jpg",1200,675,false],"2048x2048":["https:\/\/v2charge.com\/wp-content\/uploads\/2024\/07\/v2c-electric-chargers.jpg",1200,675,false]},"uagb_author_info":{"display_name":"V2C","author_link":"https:\/\/v2charge.com\/tr\/author\/marketing\/"},"uagb_comment_info":0,"uagb_excerpt":"LED Renk G\u00f6stergeleri Beyaz: RFID\/V2C Payments\/OCPP kabul edildi veya \u015farj cihaz\u0131 kullan\u0131labilir. Koyu Mavi: Ara\u00e7 \u015farj oluyor. I\u015f\u0131k \u00e7ubu\u011fu \u015farj y\u00fczdesini g\u00f6sterir. A\u00e7\u0131k Mavi: e-Charger ba\u015flat\u0131l\u0131yor. A\u00e7\u0131k Mavi yan\u0131p s\u00f6n\u00fcyor: RFID\/V2C Payments\/OCPP bekleniyor. Ye\u015fil: Ara\u00e7 ba\u011fl\u0131. K\u0131rm\u0131z\u0131 yan\u0131p s\u00f6n\u00fcyor: Acil durum butonu bas\u0131l\u0131 veya i\u00e7 hata\/ileti\u015fim hatas\u0131.Acil durdurma d\u00fc\u011fmesine bas\u0131l\u0131ysa, \u00e7\u0131karmak i\u00e7in d\u00fc\u011fmeye bast\u0131r\u0131p sa\u011fa&hellip;","_links":{"self":[{"href":"https:\/\/v2charge.com\/tr\/wp-json\/wp\/v2\/pages\/215635","targetHints":{"allow":["GET"]}}],"collection":[{"href":"https:\/\/v2charge.com\/tr\/wp-json\/wp\/v2\/pages"}],"about":[{"href":"https:\/\/v2charge.com\/tr\/wp-json\/wp\/v2\/types\/page"}],"author":[{"embeddable":true,"href":"https:\/\/v2charge.com\/tr\/wp-json\/wp\/v2\/users\/400"}],"replies":[{"embeddable":true,"href":"https:\/\/v2charge.com\/tr\/wp-json\/wp\/v2\/comments?post=215635"}],"version-history":[{"count":3,"href":"https:\/\/v2charge.com\/tr\/wp-json\/wp\/v2\/pages\/215635\/revisions"}],"predecessor-version":[{"id":225365,"href":"https:\/\/v2charge.com\/tr\/wp-json\/wp\/v2\/pages\/215635\/revisions\/225365"}],"up":[{"embeddable":true,"href":"https:\/\/v2charge.com\/tr\/wp-json\/wp\/v2\/pages\/215605"}],"wp:featuredmedia":[{"embeddable":true,"href":"https:\/\/v2charge.com\/tr\/wp-json\/wp\/v2\/media\/170355"}],"wp:attachment":[{"href":"https:\/\/v2charge.com\/tr\/wp-json\/wp\/v2\/media?parent=215635"}],"curies":[{"name":"wp","href":"https:\/\/api.w.org\/{rel}","templated":true}]}}