{"id":241390,"date":"2025-08-01T12:58:14","date_gmt":"2025-08-01T10:58:14","guid":{"rendered":"https:\/\/v2charge.com\/destek-alani\/trydan\/medidor-mid\/"},"modified":"2025-08-04T13:21:57","modified_gmt":"2025-08-04T11:21:57","slug":"mid-olcer","status":"publish","type":"page","link":"https:\/\/v2charge.com\/tr\/destek-alani\/trydan\/mid-olcer\/","title":{"rendered":"Medidor MID"},"content":{"rendered":"\n<div class=\"wp-block-uagb-container uagb-block-4e29f302 alignfull uagb-is-root-container\"><div class=\"uagb-container-inner-blocks-wrap\"><div class=\"yoast-breadcrumbs\"><span><span><a href=\"https:\/\/v2charge.com\/tr\/\">V2C<\/a><\/span> \u00bb <span><a href=\"https:\/\/v2charge.com\/tr\/destek-alani\/\">Destek Alan\u0131.<\/a><\/span> \u00bb <span><a href=\"https:\/\/v2charge.com\/tr\/destek-alani\/trydan\/\">Trydan deste\u011fi<\/a><\/span> \u00bb <span class=\"breadcrumb_last\" aria-current=\"page\">Medidor MID<\/span><\/span><\/div>\n\n\n<div class=\"wp-block-uagb-advanced-heading uagb-block-eb8d37cd\"><h1 class=\"uagb-heading-text\"><strong>MID \u00d6l\u00e7er<\/strong><\/h1><\/div>\n\n\n\n<p><strong>MID \u00f6l\u00e7er, <\/strong>Avrupa Birli\u011fi\u2019nin 2014\/32\/AB say\u0131l\u0131 MID Direktifi\u2019ne (Measuring Instruments Directive) uygun bir elektrik \u00f6l\u00e7\u00fcm cihaz\u0131d\u0131r.<\/p>\n\n\n\n<p>MID \u00f6l\u00e7erler, \u00f6zellikle faturaland\u0131rma ama\u00e7l\u0131 sertifikal\u0131 \u00f6l\u00e7\u00fcm gerekti\u011finde, elektrikli ara\u00e7lar\u0131n \u015farj\u0131 s\u0131ras\u0131nda t\u00fcketilen enerjiyi hassas bir \u015fekilde kaydetmeyi sa\u011flar. MID sertifikas\u0131 sayesinde bu cihazlar, i\u015fletmecilere, \u015firketlere ve bireylere elektrik t\u00fcketimi faturaland\u0131rmas\u0131nda \u015feffafl\u0131k sa\u011flar.<\/p>\n\n\n\n<p>MID \u00f6l\u00e7erler, elektrikli ara\u00e7 \u015farj cihazlar\u0131n\u0131n yan\u0131 s\u0131ra, enerji verisinin do\u011frulu\u011funun ve izlenebilirli\u011finin kritik oldu\u011fu end\u00fcstriyel, ticari ve konut kurulumlar\u0131nda da kullan\u0131l\u0131r.<\/p>\n\n\n\n<hr class=\"wp-block-separator has-alpha-channel-opacity\"\/>\n<\/div><\/div>\n\n\n\n<div class=\"wp-block-uagb-advanced-heading uagb-block-f436cc25\"><h1 class=\"uagb-heading-text\"><strong>MID \u00d6l\u00e7er Nas\u0131l Ba\u011flan\u0131r<\/strong><\/h1><\/div>\n\n\n\n<p><strong>MID \u00f6l\u00e7er, koruma blo\u011fundan gelen faz ile beslenir. <\/strong>G\u00f6rselde de g\u00f6r\u00fcld\u00fc\u011f\u00fc gibi, N\u00f6tr (mavi kablo) saya\u00e7taki \u00fcst konekt\u00f6rlerden girip \u00e7\u0131kar, Faz 1 ise alt konekt\u00f6rlerden girip \u00e7\u0131kar.<br><\/p>\n\n\n\n<div class=\"wp-block-uagb-container uagb-block-a856e430 alignwide uagb-is-root-container\">\n<div class=\"wp-block-uagb-container uagb-block-1c381015\">\n<div class=\"wp-block-uagb-image uagb-block-88976d01 wp-block-uagb-image--layout-default wp-block-uagb-image--effect-zoomin wp-block-uagb-image--align-none\"><figure class=\"wp-block-uagb-image__figure\"><img decoding=\"async\" srcset=\"https:\/\/v2charge.com\/wp-content\/uploads\/2025\/08\/medidor-mid.jpg ,https:\/\/v2charge.com\/wp-content\/uploads\/2025\/08\/medidor-mid.jpg 780w, https:\/\/v2charge.com\/wp-content\/uploads\/2025\/08\/medidor-mid.jpg 360w\" sizes=\"auto, (max-width: 480px) 150px\" src=\"https:\/\/v2charge.com\/wp-content\/uploads\/2025\/08\/medidor-mid.jpg\" alt=\"\" class=\"uag-image-240966\" width=\"842\" height=\"610\" title=\"medidor-mid\" loading=\"lazy\" role=\"img\"\/><\/figure><\/div>\n<\/div>\n\n\n\n<div class=\"wp-block-uagb-container margen-acordeon uagb-block-02f02898\">\n<div class=\"wp-block-uagb-info-box uagb-block-b2701ecb uagb-infobox__content-wrap  uagb-infobox-icon-left uagb-infobox-left uagb-infobox-stacked-tablet uagb-infobox-image-valign-top\"><div class=\"uagb-ifb-image-content\"><img decoding=\"async\" src=\"https:\/\/v2charge.com\/wp-content\/uploads\/2023\/11\/numero-uno.png\" alt=\"\" width=\"25\" height=\"25\" loading=\"lazy\"\/><\/div><div class=\"uagb-ifb-content\"><div class=\"uagb-ifb-title-wrap\"><\/div><p class=\"uagb-ifb-desc\">Monofaze Kurulum<\/p><\/div><\/div>\n\n\n\n<div class=\"wp-block-uagb-info-box uagb-block-84c1f95e uagb-infobox__content-wrap  uagb-infobox-icon-left uagb-infobox-left uagb-infobox-stacked-tablet uagb-infobox-image-valign-top\"><div class=\"uagb-ifb-image-content\"><img decoding=\"async\" src=\"https:\/\/v2charge.com\/wp-content\/uploads\/2023\/11\/numero-dos.png\" alt=\"\" width=\"25\" height=\"25\" loading=\"lazy\"\/><\/div><div class=\"uagb-ifb-content\"><div class=\"uagb-ifb-title-wrap\"><\/div><p class=\"uagb-ifb-desc\">MID \u00f6l\u00e7er<\/p><\/div><\/div>\n\n\n\n<div class=\"wp-block-uagb-info-box uagb-block-d2b382d2 uagb-infobox__content-wrap  uagb-infobox-icon-left uagb-infobox-left uagb-infobox-stacked-tablet uagb-infobox-image-valign-top\"><div class=\"uagb-ifb-image-content\"><img decoding=\"async\" src=\"https:\/\/v2charge.com\/wp-content\/uploads\/2023\/11\/numero-tres.png\" alt=\"\" width=\"25\" height=\"25\" loading=\"lazy\"\/><\/div><div class=\"uagb-ifb-content\"><div class=\"uagb-ifb-title-wrap\"><\/div><p class=\"uagb-ifb-desc\">G\u00fc\u00e7 kart\u0131<\/p><\/div><\/div>\n\n\n\n<div class=\"wp-block-uagb-info-box uagb-block-510c4db1 uagb-infobox__content-wrap  uagb-infobox-icon-left uagb-infobox-left uagb-infobox-stacked-tablet uagb-infobox-image-valign-top\"><div class=\"uagb-ifb-image-content\"><img decoding=\"async\" src=\"https:\/\/v2charge.com\/wp-content\/uploads\/2023\/11\/numero-cuatro.png\" alt=\"\" width=\"25\" height=\"25\" loading=\"lazy\"\/><\/div><div class=\"uagb-ifb-content\"><div class=\"uagb-ifb-title-wrap\"><\/div><p class=\"uagb-ifb-desc\">CON6<\/p><\/div><\/div>\n\n\n\n<div class=\"wp-block-uagb-info-box uagb-block-1b65eb79 uagb-infobox__content-wrap  uagb-infobox-icon-left uagb-infobox-left uagb-infobox-stacked-tablet uagb-infobox-image-valign-top\"><div class=\"uagb-ifb-image-content\"><img decoding=\"async\" src=\"https:\/\/v2charge.com\/wp-content\/uploads\/2023\/11\/numero-cinco.png\" alt=\"\" width=\"25\" height=\"25\" loading=\"lazy\"\/><\/div><div class=\"uagb-ifb-content\"><div class=\"uagb-ifb-title-wrap\"><\/div><p class=\"uagb-ifb-desc\">\u015earj kablosu<\/p><\/div><\/div>\n\n\n\n<div class=\"wp-block-uagb-info-box uagb-block-617adc4f uagb-infobox__content-wrap  uagb-infobox-icon-left uagb-infobox-left uagb-infobox-stacked-tablet uagb-infobox-image-valign-top\"><div class=\"uagb-ifb-image-content\"><img decoding=\"async\" src=\"https:\/\/v2charge.com\/wp-content\/uploads\/2023\/12\/numero-seis.png\" alt=\"\" width=\"25\" height=\"25\" loading=\"lazy\"\/><\/div><div class=\"uagb-ifb-content\"><div class=\"uagb-ifb-title-wrap\"><\/div><p class=\"uagb-ifb-desc\">e-Charger muhafazas\u0131<\/p><\/div><\/div>\n<\/div>\n<\/div>\n\n\n\n<hr class=\"wp-block-separator has-alpha-channel-opacity\"\/>\n\n\n\n<div class=\"wp-block-uagb-advanced-heading uagb-block-3510d36a\"><h1 class=\"uagb-heading-text\"><strong>MID \u00d6l\u00e7er Nas\u0131l Yap\u0131land\u0131r\u0131l\u0131r<\/strong><\/h1><\/div>\n\n\n\n<p>MID \u00f6l\u00e7er, Trydan <a href=\"https:\/\/v2charge.com\/support\/trydan\/navigation-buttons-display\/\"><strong>\u015farj cihaz\u0131n\u0131n buton panelinden yap\u0131land\u0131r\u0131l\u0131r. <\/strong><\/a>Bunun i\u00e7in \u2018Ekstra Ayarlar\u2019 men\u00fcs\u00fcne, ard\u0131ndan \u2018MID \u00d6l\u00e7er\u2019 b\u00f6l\u00fcm\u00fcne gidilir ve son olarak \u2018Monofaze\u2019 veya \u2018Trifaze\u2019 se\u00e7ilir.<br><br>E\u011fer bu \u00f6l\u00e7er mevcut de\u011filse, \u2018Hay\u0131r\u2019 se\u00e7ene\u011fi i\u015faretlenmelidir.<br><\/p>\n\n\n\n<div class=\"wp-block-uagb-container uagb-block-d7888932 default uagb-is-root-container\">\n<div class=\"wp-block-uagb-container uagb-block-51c979ca\">\n<div class=\"wp-block-uagb-image uagb-block-522c59ec wp-block-uagb-image--layout-default wp-block-uagb-image--effect-static wp-block-uagb-image--align-none\"><figure class=\"wp-block-uagb-image__figure\"><img decoding=\"async\" srcset=\"https:\/\/v2charge.com\/wp-content\/uploads\/2024\/06\/mid-meter-single-phase.png ,https:\/\/v2charge.com\/wp-content\/uploads\/2024\/06\/mid-meter-single-phase.png 780w, https:\/\/v2charge.com\/wp-content\/uploads\/2024\/06\/mid-meter-single-phase.png 360w\" sizes=\"auto, (max-width: 480px) 150px\" src=\"https:\/\/v2charge.com\/wp-content\/uploads\/2024\/06\/mid-meter-single-phase.png\" alt=\"\" class=\"uag-image-159574\" width=\"685\" height=\"166\" title=\"mid-meter-single-phase\" loading=\"lazy\" role=\"img\"\/><\/figure><\/div>\n<\/div>\n\n\n\n<div class=\"wp-block-uagb-container uagb-block-c2a9fa26\">\n<div class=\"wp-block-uagb-image uagb-block-1dd3bb79 wp-block-uagb-image--layout-default wp-block-uagb-image--effect-static wp-block-uagb-image--align-none\"><figure class=\"wp-block-uagb-image__figure\"><img decoding=\"async\" srcset=\"https:\/\/v2charge.com\/wp-content\/uploads\/2024\/06\/mid-meter-no.png ,https:\/\/v2charge.com\/wp-content\/uploads\/2024\/06\/mid-meter-no.png 780w, https:\/\/v2charge.com\/wp-content\/uploads\/2024\/06\/mid-meter-no.png 360w\" sizes=\"auto, (max-width: 480px) 150px\" src=\"https:\/\/v2charge.com\/wp-content\/uploads\/2024\/06\/mid-meter-no.png\" alt=\"\" class=\"uag-image-159594\" width=\"685\" height=\"166\" title=\"mid-meter-no\" loading=\"lazy\" role=\"img\"\/><\/figure><\/div>\n<\/div>\n\n\n\n<div class=\"wp-block-uagb-container uagb-block-971804f3\">\n<div class=\"wp-block-uagb-image uagb-block-8e1dc988 wp-block-uagb-image--layout-default wp-block-uagb-image--effect-static wp-block-uagb-image--align-none\"><figure class=\"wp-block-uagb-image__figure\"><img decoding=\"async\" srcset=\"https:\/\/v2charge.com\/wp-content\/uploads\/2024\/06\/mid-meter-three-phase.png ,https:\/\/v2charge.com\/wp-content\/uploads\/2024\/06\/mid-meter-three-phase.png 780w, https:\/\/v2charge.com\/wp-content\/uploads\/2024\/06\/mid-meter-three-phase.png 360w\" sizes=\"auto, (max-width: 480px) 150px\" src=\"https:\/\/v2charge.com\/wp-content\/uploads\/2024\/06\/mid-meter-three-phase.png\" alt=\"\" class=\"uag-image-159584\" width=\"685\" height=\"166\" title=\"mid-meter-three-phase\" loading=\"lazy\" role=\"img\"\/><\/figure><\/div>\n<\/div>\n<\/div>\n\n\n\n<div style=\"height:30px\" aria-hidden=\"true\" class=\"wp-block-spacer uag-hide-mob\"><\/div>\n\n\n\n<div style=\"height:50px\" aria-hidden=\"true\" class=\"wp-block-spacer\"><\/div>\n\n\n\n<div class=\"wp-block-uagb-container uagb-block-c6f38013 alignfull uagb-is-root-container\"><div class=\"uagb-container-inner-blocks-wrap\">\n<div class=\"wp-block-uagb-advanced-heading uagb-block-6963d70c\"><h2 class=\"uagb-heading-text\"><strong><strong>Teknik deste\u011fe mi ihtiyac\u0131n\u0131z var?<\/strong><\/strong><\/h2><\/div>\n\n\n\n<div class=\"wp-block-uagb-advanced-heading uagb-block-408243eb\"><p class=\"uagb-heading-text\">Teknik Destek Merkezi\u2019nde bir talep olu\u015fturun ve size en iyi \u00e7\u00f6z\u00fcm\u00fc sunmak i\u00e7in m\u00fcmk\u00fcn olan en k\u0131sa s\u00fcrede sizinle ileti\u015fime ge\u00e7ece\u011fiz.<br><a href=\"https:\/\/v2charge.atlassian.net\/servicedesk\/customer\/portal\/3\"><\/a><\/p><\/div>\n\n\n\n<div class=\"wp-block-uagb-buttons uagb-buttons__outer-wrap uagb-btn__default-btn uagb-btn-tablet__default-btn uagb-btn-mobile__default-btn uagb-block-ba1e67d1\"><div class=\"uagb-buttons__wrap uagb-buttons-layout-wrap \">\n<div class=\"wp-block-uagb-buttons-child uagb-buttons__outer-wrap uagb-block-23cfb623 wp-block-button\"><div class=\"uagb-button__wrapper\"><a class=\"uagb-buttons-repeater wp-block-button__link\" aria-label=\"\" href=\"https:\/\/v2charge.atlassian.net\/servicedesk\/customer\/portal\/3\" rel=\"follow noopener\" target=\"_self\" role=\"button\"><div class=\"uagb-button__link\">Teknik Destek ile \u0130leti\u015fime Ge\u00e7in<\/div><\/a><\/div><\/div>\n<\/div><\/div>\n<\/div><\/div>\n","protected":false},"excerpt":{"rendered":"<p>MID \u00d6l\u00e7er MID \u00f6l\u00e7er, Avrupa Birli\u011fi\u2019nin 2014\/32\/AB say\u0131l\u0131 MID Direktifi\u2019ne (Measuring Instruments Directive) uygun bir elektrik \u00f6l\u00e7\u00fcm cihaz\u0131d\u0131r. MID \u00f6l\u00e7erler, \u00f6zellikle faturaland\u0131rma ama\u00e7l\u0131 sertifikal\u0131 \u00f6l\u00e7\u00fcm gerekti\u011finde, elektrikli ara\u00e7lar\u0131n \u015farj\u0131 s\u0131ras\u0131nda t\u00fcketilen enerjiyi hassas bir \u015fekilde kaydetmeyi sa\u011flar. MID sertifikas\u0131 sayesinde bu cihazlar, i\u015fletmecilere, \u015firketlere ve bireylere elektrik t\u00fcketimi faturaland\u0131rmas\u0131nda \u015feffafl\u0131k sa\u011flar. MID \u00f6l\u00e7erler, elektrikli ara\u00e7 &#8230; <a title=\"Medidor MID\" class=\"read-more\" href=\"https:\/\/v2charge.com\/tr\/destek-alani\/trydan\/mid-olcer\/\" aria-label=\"Read more about Medidor MID\">Devam\u0131n\u0131 oku<\/a><\/p>\n","protected":false},"author":400,"featured_media":0,"parent":75655,"menu_order":0,"comment_status":"closed","ping_status":"closed","template":"","meta":{"_eb_attr":"","content-type":"","_uag_custom_page_level_css":"","footnotes":""},"class_list":["post-241390","page","type-page","status-publish"],"yoast_head":"<!-- This site is optimized with the Yoast SEO plugin v25.3.1 - https:\/\/yoast.com\/wordpress\/plugins\/seo\/ -->\n<title>Medidor MID - V2C<\/title>\n<meta name=\"description\" content=\"MID \u00f6l\u00e7eri nas\u0131l ba\u011flay\u0131p yap\u0131land\u0131raca\u011f\u0131n\u0131z\u0131 ke\u015ffedin \u2013 EV \u015farjlar\u0131nda t\u00fcketilen enerjiyi hassas bir \u015fekilde kaydeden bir cihaz.\" \/>\n<meta name=\"robots\" content=\"index, follow, max-snippet:-1, max-image-preview:large, max-video-preview:-1\" \/>\n<link rel=\"canonical\" href=\"https:\/\/v2charge.com\/tr\/destek-alani\/trydan\/mid-olcer\/\" \/>\n<meta property=\"og:locale\" content=\"tr_TR\" \/>\n<meta property=\"og:type\" content=\"article\" \/>\n<meta property=\"og:title\" content=\"Medidor MID - V2C\" \/>\n<meta property=\"og:description\" content=\"MID \u00f6l\u00e7eri nas\u0131l ba\u011flay\u0131p yap\u0131land\u0131raca\u011f\u0131n\u0131z\u0131 ke\u015ffedin \u2013 EV \u015farjlar\u0131nda t\u00fcketilen enerjiyi hassas bir \u015fekilde kaydeden bir cihaz.\" \/>\n<meta property=\"og:url\" content=\"https:\/\/v2charge.com\/tr\/destek-alani\/trydan\/mid-olcer\/\" \/>\n<meta property=\"og:site_name\" content=\"V2C\" \/>\n<meta property=\"article:publisher\" content=\"https:\/\/www.facebook.com\/V2C.Charge\" \/>\n<meta property=\"article:modified_time\" content=\"2025-08-04T11:21:57+00:00\" \/>\n<meta property=\"og:image\" content=\"https:\/\/v2charge.com\/wp-content\/uploads\/2025\/08\/medidor-mid.jpg\" \/>\n<meta name=\"twitter:card\" content=\"summary_large_image\" \/>\n<meta name=\"twitter:site\" content=\"@V2C_Charge\" \/>\n<meta name=\"twitter:label1\" content=\"Tahmini okuma s\u00fcresi\" \/>\n\t<meta name=\"twitter:data1\" content=\"3 dakika\" \/>\n<script type=\"application\/ld+json\" class=\"yoast-schema-graph\">{\"@context\":\"https:\/\/schema.org\",\"@graph\":[{\"@type\":\"WebPage\",\"@id\":\"https:\/\/v2charge.com\/tr\/destek-alani\/trydan\/mid-olcer\/\",\"url\":\"https:\/\/v2charge.com\/tr\/destek-alani\/trydan\/mid-olcer\/\",\"name\":\"Medidor MID - V2C\",\"isPartOf\":{\"@id\":\"https:\/\/v2charge.com\/tr\/#website\"},\"primaryImageOfPage\":{\"@id\":\"https:\/\/v2charge.com\/tr\/destek-alani\/trydan\/mid-olcer\/#primaryimage\"},\"image\":{\"@id\":\"https:\/\/v2charge.com\/tr\/destek-alani\/trydan\/mid-olcer\/#primaryimage\"},\"thumbnailUrl\":\"https:\/\/v2charge.com\/wp-content\/uploads\/2025\/08\/medidor-mid.jpg\",\"datePublished\":\"2025-08-01T10:58:14+00:00\",\"dateModified\":\"2025-08-04T11:21:57+00:00\",\"description\":\"MID \u00f6l\u00e7eri nas\u0131l ba\u011flay\u0131p yap\u0131land\u0131raca\u011f\u0131n\u0131z\u0131 ke\u015ffedin \u2013 EV \u015farjlar\u0131nda t\u00fcketilen enerjiyi hassas bir \u015fekilde kaydeden bir cihaz.\",\"breadcrumb\":{\"@id\":\"https:\/\/v2charge.com\/tr\/destek-alani\/trydan\/mid-olcer\/#breadcrumb\"},\"inLanguage\":\"tr\",\"potentialAction\":[{\"@type\":\"ReadAction\",\"target\":[\"https:\/\/v2charge.com\/tr\/destek-alani\/trydan\/mid-olcer\/\"]}]},{\"@type\":\"ImageObject\",\"inLanguage\":\"tr\",\"@id\":\"https:\/\/v2charge.com\/tr\/destek-alani\/trydan\/mid-olcer\/#primaryimage\",\"url\":\"https:\/\/v2charge.com\/wp-content\/uploads\/2025\/08\/medidor-mid.jpg\",\"contentUrl\":\"https:\/\/v2charge.com\/wp-content\/uploads\/2025\/08\/medidor-mid.jpg\"},{\"@type\":\"BreadcrumbList\",\"@id\":\"https:\/\/v2charge.com\/tr\/destek-alani\/trydan\/mid-olcer\/#breadcrumb\",\"itemListElement\":[{\"@type\":\"ListItem\",\"position\":1,\"name\":\"V2C\",\"item\":\"https:\/\/v2charge.com\/tr\/\"},{\"@type\":\"ListItem\",\"position\":2,\"name\":\"Destek Alan\u0131.\",\"item\":\"https:\/\/v2charge.com\/tr\/destek-alani\/\"},{\"@type\":\"ListItem\",\"position\":3,\"name\":\"Trydan deste\u011fi\",\"item\":\"https:\/\/v2charge.com\/tr\/destek-alani\/trydan\/\"},{\"@type\":\"ListItem\",\"position\":4,\"name\":\"Medidor MID\"}]},{\"@type\":\"WebSite\",\"@id\":\"https:\/\/v2charge.com\/tr\/#website\",\"url\":\"https:\/\/v2charge.com\/tr\/\",\"name\":\"V2C\",\"description\":\"#CargandoElMa\u00f1ana\",\"publisher\":{\"@id\":\"https:\/\/v2charge.com\/tr\/#organization\"},\"potentialAction\":[{\"@type\":\"SearchAction\",\"target\":{\"@type\":\"EntryPoint\",\"urlTemplate\":\"https:\/\/v2charge.com\/tr\/?s={search_term_string}\"},\"query-input\":{\"@type\":\"PropertyValueSpecification\",\"valueRequired\":true,\"valueName\":\"search_term_string\"}}],\"inLanguage\":\"tr\"},{\"@type\":\"Organization\",\"@id\":\"https:\/\/v2charge.com\/tr\/#organization\",\"name\":\"V2C\",\"url\":\"https:\/\/v2charge.com\/tr\/\",\"logo\":{\"@type\":\"ImageObject\",\"inLanguage\":\"tr\",\"@id\":\"https:\/\/v2charge.com\/tr\/#\/schema\/logo\/image\/\",\"url\":\"https:\/\/v2charge.com\/wp-content\/uploads\/2024\/11\/cropped-v2c-charge-logo-menu.png\",\"contentUrl\":\"https:\/\/v2charge.com\/wp-content\/uploads\/2024\/11\/cropped-v2c-charge-logo-menu.png\",\"width\":984,\"height\":431,\"caption\":\"V2C\"},\"image\":{\"@id\":\"https:\/\/v2charge.com\/tr\/#\/schema\/logo\/image\/\"},\"sameAs\":[\"https:\/\/www.facebook.com\/V2C.Charge\",\"https:\/\/x.com\/V2C_Charge\",\"https:\/\/www.instagram.com\/v2c.charge\/\",\"https:\/\/www.youtube.com\/@V2C\",\"https:\/\/www.linkedin.com\/company\/v2c-chargers\/\"]}]}<\/script>\n<!-- \/ Yoast SEO plugin. -->","yoast_head_json":{"title":"Medidor MID - V2C","description":"MID \u00f6l\u00e7eri nas\u0131l ba\u011flay\u0131p yap\u0131land\u0131raca\u011f\u0131n\u0131z\u0131 ke\u015ffedin \u2013 EV \u015farjlar\u0131nda t\u00fcketilen enerjiyi hassas bir \u015fekilde kaydeden bir cihaz.","robots":{"index":"index","follow":"follow","max-snippet":"max-snippet:-1","max-image-preview":"max-image-preview:large","max-video-preview":"max-video-preview:-1"},"canonical":"https:\/\/v2charge.com\/tr\/destek-alani\/trydan\/mid-olcer\/","og_locale":"tr_TR","og_type":"article","og_title":"Medidor MID - V2C","og_description":"MID \u00f6l\u00e7eri nas\u0131l ba\u011flay\u0131p yap\u0131land\u0131raca\u011f\u0131n\u0131z\u0131 ke\u015ffedin \u2013 EV \u015farjlar\u0131nda t\u00fcketilen enerjiyi hassas bir \u015fekilde kaydeden bir cihaz.","og_url":"https:\/\/v2charge.com\/tr\/destek-alani\/trydan\/mid-olcer\/","og_site_name":"V2C","article_publisher":"https:\/\/www.facebook.com\/V2C.Charge","article_modified_time":"2025-08-04T11:21:57+00:00","og_image":[{"url":"https:\/\/v2charge.com\/wp-content\/uploads\/2025\/08\/medidor-mid.jpg","type":"","width":"","height":""}],"twitter_card":"summary_large_image","twitter_site":"@V2C_Charge","twitter_misc":{"Tahmini okuma s\u00fcresi":"3 dakika"},"schema":{"@context":"https:\/\/schema.org","@graph":[{"@type":"WebPage","@id":"https:\/\/v2charge.com\/tr\/destek-alani\/trydan\/mid-olcer\/","url":"https:\/\/v2charge.com\/tr\/destek-alani\/trydan\/mid-olcer\/","name":"Medidor MID - V2C","isPartOf":{"@id":"https:\/\/v2charge.com\/tr\/#website"},"primaryImageOfPage":{"@id":"https:\/\/v2charge.com\/tr\/destek-alani\/trydan\/mid-olcer\/#primaryimage"},"image":{"@id":"https:\/\/v2charge.com\/tr\/destek-alani\/trydan\/mid-olcer\/#primaryimage"},"thumbnailUrl":"https:\/\/v2charge.com\/wp-content\/uploads\/2025\/08\/medidor-mid.jpg","datePublished":"2025-08-01T10:58:14+00:00","dateModified":"2025-08-04T11:21:57+00:00","description":"MID \u00f6l\u00e7eri nas\u0131l ba\u011flay\u0131p yap\u0131land\u0131raca\u011f\u0131n\u0131z\u0131 ke\u015ffedin \u2013 EV \u015farjlar\u0131nda t\u00fcketilen enerjiyi hassas bir \u015fekilde kaydeden bir cihaz.","breadcrumb":{"@id":"https:\/\/v2charge.com\/tr\/destek-alani\/trydan\/mid-olcer\/#breadcrumb"},"inLanguage":"tr","potentialAction":[{"@type":"ReadAction","target":["https:\/\/v2charge.com\/tr\/destek-alani\/trydan\/mid-olcer\/"]}]},{"@type":"ImageObject","inLanguage":"tr","@id":"https:\/\/v2charge.com\/tr\/destek-alani\/trydan\/mid-olcer\/#primaryimage","url":"https:\/\/v2charge.com\/wp-content\/uploads\/2025\/08\/medidor-mid.jpg","contentUrl":"https:\/\/v2charge.com\/wp-content\/uploads\/2025\/08\/medidor-mid.jpg"},{"@type":"BreadcrumbList","@id":"https:\/\/v2charge.com\/tr\/destek-alani\/trydan\/mid-olcer\/#breadcrumb","itemListElement":[{"@type":"ListItem","position":1,"name":"V2C","item":"https:\/\/v2charge.com\/tr\/"},{"@type":"ListItem","position":2,"name":"Destek Alan\u0131.","item":"https:\/\/v2charge.com\/tr\/destek-alani\/"},{"@type":"ListItem","position":3,"name":"Trydan deste\u011fi","item":"https:\/\/v2charge.com\/tr\/destek-alani\/trydan\/"},{"@type":"ListItem","position":4,"name":"Medidor MID"}]},{"@type":"WebSite","@id":"https:\/\/v2charge.com\/tr\/#website","url":"https:\/\/v2charge.com\/tr\/","name":"V2C","description":"#CargandoElMa\u00f1ana","publisher":{"@id":"https:\/\/v2charge.com\/tr\/#organization"},"potentialAction":[{"@type":"SearchAction","target":{"@type":"EntryPoint","urlTemplate":"https:\/\/v2charge.com\/tr\/?s={search_term_string}"},"query-input":{"@type":"PropertyValueSpecification","valueRequired":true,"valueName":"search_term_string"}}],"inLanguage":"tr"},{"@type":"Organization","@id":"https:\/\/v2charge.com\/tr\/#organization","name":"V2C","url":"https:\/\/v2charge.com\/tr\/","logo":{"@type":"ImageObject","inLanguage":"tr","@id":"https:\/\/v2charge.com\/tr\/#\/schema\/logo\/image\/","url":"https:\/\/v2charge.com\/wp-content\/uploads\/2024\/11\/cropped-v2c-charge-logo-menu.png","contentUrl":"https:\/\/v2charge.com\/wp-content\/uploads\/2024\/11\/cropped-v2c-charge-logo-menu.png","width":984,"height":431,"caption":"V2C"},"image":{"@id":"https:\/\/v2charge.com\/tr\/#\/schema\/logo\/image\/"},"sameAs":["https:\/\/www.facebook.com\/V2C.Charge","https:\/\/x.com\/V2C_Charge","https:\/\/www.instagram.com\/v2c.charge\/","https:\/\/www.youtube.com\/@V2C","https:\/\/www.linkedin.com\/company\/v2c-chargers\/"]}]}},"uagb_featured_image_src":{"full":false,"thumbnail":false,"medium":false,"medium_large":false,"large":false,"gs-tiny":false,"xl":false,"xxl":false,"xxxl":false,"xxxxl":false,"xxxxxl":false,"1536x1536":false,"2048x2048":false},"uagb_author_info":{"display_name":"V2C","author_link":"https:\/\/v2charge.com\/tr\/author\/marketing\/"},"uagb_comment_info":0,"uagb_excerpt":"MID \u00d6l\u00e7er MID \u00f6l\u00e7er, Avrupa Birli\u011fi\u2019nin 2014\/32\/AB say\u0131l\u0131 MID Direktifi\u2019ne (Measuring Instruments Directive) uygun bir elektrik \u00f6l\u00e7\u00fcm cihaz\u0131d\u0131r. MID \u00f6l\u00e7erler, \u00f6zellikle faturaland\u0131rma ama\u00e7l\u0131 sertifikal\u0131 \u00f6l\u00e7\u00fcm gerekti\u011finde, elektrikli ara\u00e7lar\u0131n \u015farj\u0131 s\u0131ras\u0131nda t\u00fcketilen enerjiyi hassas bir \u015fekilde kaydetmeyi sa\u011flar. MID sertifikas\u0131 sayesinde bu cihazlar, i\u015fletmecilere, \u015firketlere ve bireylere elektrik t\u00fcketimi faturaland\u0131rmas\u0131nda \u015feffafl\u0131k sa\u011flar. MID \u00f6l\u00e7erler, elektrikli ara\u00e7&hellip;","_links":{"self":[{"href":"https:\/\/v2charge.com\/tr\/wp-json\/wp\/v2\/pages\/241390","targetHints":{"allow":["GET"]}}],"collection":[{"href":"https:\/\/v2charge.com\/tr\/wp-json\/wp\/v2\/pages"}],"about":[{"href":"https:\/\/v2charge.com\/tr\/wp-json\/wp\/v2\/types\/page"}],"author":[{"embeddable":true,"href":"https:\/\/v2charge.com\/tr\/wp-json\/wp\/v2\/users\/400"}],"replies":[{"embeddable":true,"href":"https:\/\/v2charge.com\/tr\/wp-json\/wp\/v2\/comments?post=241390"}],"version-history":[{"count":2,"href":"https:\/\/v2charge.com\/tr\/wp-json\/wp\/v2\/pages\/241390\/revisions"}],"predecessor-version":[{"id":241446,"href":"https:\/\/v2charge.com\/tr\/wp-json\/wp\/v2\/pages\/241390\/revisions\/241446"}],"up":[{"embeddable":true,"href":"https:\/\/v2charge.com\/tr\/wp-json\/wp\/v2\/pages\/75655"}],"wp:attachment":[{"href":"https:\/\/v2charge.com\/tr\/wp-json\/wp\/v2\/media?parent=241390"}],"curies":[{"name":"wp","href":"https:\/\/api.w.org\/{rel}","templated":true}]}}