{"id":314149,"date":"2018-05-31T15:46:08","date_gmt":"2018-05-31T15:46:08","guid":{"rendered":""},"modified":"2026-04-19T09:07:33","modified_gmt":"2026-04-19T09:07:33","slug":"hukuki-uyari-ve-gizlilik-politikasi","status":"publish","type":"page","link":"https:\/\/v2charge.com\/tr\/hukuki-uyari-ve-gizlilik-politikasi\/","title":{"rendered":"Hukuk bildirimi ve gizlilik politikas\u0131"},"content":{"rendered":"<p><strong>Gizlilik politikas\u0131, \u00c7erezlerin kullan\u0131m\u0131 ve daha fazla bilgi<\/strong><\/p>\n<p>V2Charge (V2C) Gizlilik Politikas\u0131. Bu web sitesi NEGOCIOS INTELIGENTES 7EXPERIENCE S.L.&#8217;ye aittir (bundan sonra \u201cV2C\u201d), Avenida Cam\u00ed Nou 268 Xirivella (Valensiya) adresinde, CIF N\u00ba B98496706 ile.<br \/>\n15\/99 Say\u0131l\u0131 Kanun&#8217;un 13 Aral\u0131k tarihli ki\u015fisel verilerin korunmas\u0131 gerekliliklerine uygun olarak, t\u00fcm verilerinizin NEGOCIOS INTELIGENTES 7 EXPERIENCE S.L.&#8217;ye ait bir dosyada bulundu\u011funu bildiriyoruz; bu veriler, sorular\u0131n\u0131z\u0131 yan\u0131tlamak, ticari ili\u015fkileri y\u00f6netmek ve \u015eirketin \u00fcr\u00fcnleri ve hizmetleri hakk\u0131nda bilgi vermek amac\u0131yla kullan\u0131lacakt\u0131r, her t\u00fcrl\u00fc ileti\u015fim arac\u0131 dahil.<\/p>\n<p>Kredi kart\u0131 bilgilerinizi saklam\u0131yoruz ve kullan\u0131c\u0131lar\u0131n ki\u015fisel verilerini \u00fc\u00e7\u00fcnc\u00fc \u015fah\u0131slarla payla\u015fm\u0131yoruz. Ki\u015fisel verilerinizi, sizin izniniz olmadan, satmayacak, kiralamayacak veya kimli\u011finizi belirlemeye olanak tan\u0131yacak \u015fekilde \u00fc\u00e7\u00fcnc\u00fc \u015fah\u0131slara vermeyece\u011fiz, gelecekte de vermeyece\u011fiz. Ancak, baz\u0131 durumlarda, tedarik\u00e7iler, ortaklar veya ajanslar arac\u0131l\u0131\u011f\u0131yla ki\u015fisel bilgilerinizi bizim ad\u0131m\u0131za i\u015flemek i\u00e7in kullanabiliriz; bu her zaman talimatlar\u0131m\u0131za uygun olarak ve en kat\u0131 g\u00fcvenlik standartlar\u0131n\u0131n uygulanmas\u0131n\u0131 talep ederek olacakt\u0131r.<\/p>\n<p>Gelecekte \u015firketimizin (NEGOCIOS INTELIGENTES 7EXPERIENCE S.L.) veya onun i\u015ftirakleri olan di\u011fer \u015firketlerin yeni i\u015flerini ba\u015flat\u0131rsak, V2C&#8217;nin sundu\u011fu \u00fcr\u00fcnler ve hizmetlerle ilgili olarak ki\u015fisel verilerinizi kullanaca\u011f\u0131z; bu, ba\u015flatma hakk\u0131nda bilgi vermek ve bunlar\u0131n kullan\u0131m\u0131n\u0131 veya s\u00f6zle\u015fmesini kolayla\u015ft\u0131rmak amac\u0131yla olacakt\u0131r. Bu durumda, \u00f6nceden bilgilendirece\u011fiz, b\u00f6ylece verilerinizin bu hizmetlerde silinmesi m\u00fcmk\u00fcn olabilecektir.<\/p>\n<p>Web sitemizde kay\u0131t oldu\u011funuzda veya bizimle ileti\u015fime ge\u00e7ti\u011finizde, iki t\u00fcr bilgi topluyoruz: 1) Ad\u0131n\u0131z, adresiniz, telefon numaran\u0131z ve verdi\u011finiz e-posta gibi ki\u015fisel bilgiler, iste\u011fe ba\u011fl\u0131 olarak sa\u011flad\u0131\u011f\u0131n\u0131z bilgiler. 2) Bilgisayar\u0131n\u0131z\u0131n IP adresi ve \u00e7erezlerin web sitemizde gezinirken toplad\u0131\u011f\u0131 anonim bilgiler, web sitemizi ve hizmetlerimizi geli\u015ftirmeye yard\u0131mc\u0131 olmak i\u00e7in. \u00c7erezlerin kullan\u0131m\u0131 hakk\u0131nda daha fazla bilgi almak isterseniz, l\u00fctfen \/es\/Legal\/Cookies web sayfas\u0131n\u0131 ziyaret edin.<\/p>\n<p><strong>Haklar\u0131n\u0131z<\/strong><\/p>\n<p>Veri koruma yasas\u0131, ki\u015fisel verilerinizi adil, uygun, do\u011fru ve a\u015f\u0131r\u0131 olmayan bir \u015fekilde i\u015flenmesini talep etmektedir. Ki\u015fisel verilerin g\u00fcncel tutulmas\u0131 ve gere\u011finden fazla s\u00fcreyle saklanmamas\u0131 gerekmektedir. Ayr\u0131ca, di\u011fer ki\u015filerin izinsiz eri\u015fimini \u00f6nlemek i\u00e7in g\u00fcvenli bir \u015fekilde saklanmal\u0131d\u0131r ve hangi bilgilere sahip oldu\u011funuzu bilme ve yanl\u0131\u015f verileri d\u00fczeltme hakk\u0131na sahipsiniz. Herhangi bir zamanda, eri\u015fim, d\u00fczeltme, itiraz veya silme haklar\u0131n\u0131z\u0131 kullanabilirsiniz; talebinizi info@v2charge.com adresine veya posta yoluyla NEGOCIOS INTELIGENTES 7EXPERIENCE S.L.&#8217;ye, Avenida Cam\u00ed Nou 268 Xirivella 46950 adresine, Kimlik Belgenizin (DNI) veya e\u015fde\u011fer bir belgenin bir kopyas\u0131n\u0131 ekleyerek g\u00f6nderebilirsiniz.<\/p>\n<p><strong>\u00c7erezler<\/strong><\/p>\n<p>Bazen, V2C web sitesinde internet taray\u0131c\u0131n\u0131z\u0131n \u201c\u00e7erez\u201d i\u015flevselli\u011fini kullan\u0131yoruz. \u201c\u00c7erez\u201d, taray\u0131c\u0131n\u0131z\u0131n bilgisayar\u0131n\u0131z\u0131n sabit diskine koydu\u011fu \u00e7ok k\u00fc\u00e7\u00fck bir metin dosyas\u0131d\u0131r; bu, web sitemizi ziyaretinizi maksimize etmemize ve kullan\u0131c\u0131 deneyimini geli\u015ftirmemize olanak tan\u0131r. Bir \u201c\u00e7erez\u201d, bir web sitesine ne zaman geri d\u00f6nd\u00fc\u011f\u00fcn\u00fcz\u00fc bildiren bir kimlik kart\u0131 olarak d\u00fc\u015f\u00fcn\u00fclebilir.<\/p>\n<p>V2C, t\u00fcm bilgileri dikkatlice ve g\u00fcvenli bir \u015fekilde i\u015fler. Asla banka bilgilerinizi veya kredi kart\u0131 bilgilerinizi saklamaz veya i\u015flemez; bunun yerine, bu bilgiler do\u011frudan \u00f6deme arac\u0131lar\u0131m\u0131z arac\u0131l\u0131\u011f\u0131yla y\u00f6netilecektir ve t\u00fcm g\u00fcvenlik ve yasal gerekliliklere uygun olacakt\u0131r. L\u00fctfen, hesab\u0131n\u0131z\u0131n detaylar\u0131n\u0131n onay\u0131n\u0131 istemeyece\u011fimizi unutmay\u0131n; kart\u0131n\u0131z \u00f6deme an\u0131nda reddedildi\u011finde. Sizinle ileti\u015fime ge\u00e7ti\u011fimizde, asla \u015fifrenizi veya kart PIN&#8217;inizi istemeyece\u011fiz. Hesap numaran\u0131z\u0131 veya \u015fifrenizi e-postada yazman\u0131z veya e-postadan gelen bir ba\u011flant\u0131ya t\u0131klaman\u0131z \u00f6nerilmez.<\/p>\n<p><strong>Gizlilik politikas\u0131 de\u011fi\u015fiklikleri<\/strong><\/p>\n<p>Gizlilik politikas\u0131n\u0131n g\u00fcncellenmesi ve de\u011fi\u015fiklikler, kullan\u0131m ko\u015fullar\u0131nda \u00f6ng\u00f6r\u00fclen kurallara g\u00f6re yap\u0131lacakt\u0131r.<\/p>\n","protected":false},"excerpt":{"rendered":"<p>Gizlilik politikas\u0131, \u00c7erezlerin kullan\u0131m\u0131 ve daha fazla bilgi V2Charge (V2C) Gizlilik Politikas\u0131. Bu web sitesi NEGOCIOS INTELIGENTES 7EXPERIENCE S.L.&#8217;ye aittir (bundan sonra \u201cV2C\u201d), Avenida Cam\u00ed Nou 268 Xirivella (Valensiya) adresinde, CIF N\u00ba B98496706 ile. 15\/99 Say\u0131l\u0131 Kanun&#8217;un 13 Aral\u0131k tarihli ki\u015fisel verilerin korunmas\u0131 gerekliliklerine uygun olarak, t\u00fcm verilerinizin NEGOCIOS INTELIGENTES 7 EXPERIENCE S.L.&#8217;ye ait bir &#8230; <a title=\"Hukuk bildirimi ve gizlilik politikas\u0131\" class=\"read-more\" href=\"https:\/\/v2charge.com\/tr\/hukuki-uyari-ve-gizlilik-politikasi\/\" aria-label=\"Read more about Hukuk bildirimi ve gizlilik politikas\u0131\">Devam\u0131n\u0131 oku<\/a><\/p>\n","protected":false},"author":1,"featured_media":170354,"parent":0,"menu_order":0,"comment_status":"closed","ping_status":"closed","template":"","meta":{"_eb_attr":"","content-type":"","_uag_custom_page_level_css":"","footnotes":""},"class_list":["post-314149","page","type-page","status-publish","has-post-thumbnail"],"yoast_head":"<!-- This site is optimized with the Yoast SEO plugin v25.3.1 - https:\/\/yoast.com\/wordpress\/plugins\/seo\/ -->\n<title>Hukuk bildirimi ve gizlilik politikas\u0131 - V2C \u015earj \u0130stasyonlar\u0131<\/title>\n<meta name=\"robots\" content=\"noindex, follow\" \/>\n<meta property=\"og:locale\" content=\"tr_TR\" \/>\n<meta property=\"og:type\" content=\"article\" \/>\n<meta property=\"og:title\" content=\"Hukuk bildirimi ve gizlilik politikas\u0131 - V2C \u015earj \u0130stasyonlar\u0131\" \/>\n<meta property=\"og:description\" content=\"Gizlilik politikas\u0131, \u00c7erezlerin kullan\u0131m\u0131 ve daha fazla bilgi V2Charge (V2C) Gizlilik Politikas\u0131. Bu web sitesi NEGOCIOS INTELIGENTES 7EXPERIENCE S.L.&#8217;ye aittir (bundan sonra \u201cV2C\u201d), Avenida Cam\u00ed Nou 268 Xirivella (Valensiya) adresinde, CIF N\u00ba B98496706 ile. 15\/99 Say\u0131l\u0131 Kanun&#8217;un 13 Aral\u0131k tarihli ki\u015fisel verilerin korunmas\u0131 gerekliliklerine uygun olarak, t\u00fcm verilerinizin NEGOCIOS INTELIGENTES 7 EXPERIENCE S.L.&#8217;ye ait bir ... Devam\u0131n\u0131 oku\" \/>\n<meta property=\"og:url\" content=\"https:\/\/v2charge.com\/tr\/hukuki-uyari-ve-gizlilik-politikasi\/\" \/>\n<meta property=\"og:site_name\" content=\"V2C\" \/>\n<meta property=\"article:publisher\" content=\"https:\/\/www.facebook.com\/V2C.Charge\" \/>\n<meta property=\"article:modified_time\" content=\"2026-04-19T09:07:33+00:00\" \/>\n<meta property=\"og:image\" content=\"https:\/\/v2charge.com\/wp-content\/uploads\/2024\/07\/v2c-electric-chargers.jpg\" \/>\n\t<meta property=\"og:image:width\" content=\"1200\" \/>\n\t<meta property=\"og:image:height\" content=\"675\" \/>\n\t<meta property=\"og:image:type\" content=\"image\/jpeg\" \/>\n<meta name=\"twitter:card\" content=\"summary_large_image\" \/>\n<meta name=\"twitter:site\" content=\"@V2C_Charge\" \/>\n<meta name=\"twitter:label1\" content=\"Tahmini okuma s\u00fcresi\" \/>\n\t<meta name=\"twitter:data1\" content=\"4 dakika\" \/>\n<script type=\"application\/ld+json\" class=\"yoast-schema-graph\">{\"@context\":\"https:\/\/schema.org\",\"@graph\":[{\"@type\":\"WebPage\",\"@id\":\"https:\/\/v2charge.com\/tr\/hukuki-uyari-ve-gizlilik-politikasi\/\",\"url\":\"https:\/\/v2charge.com\/tr\/hukuki-uyari-ve-gizlilik-politikasi\/\",\"name\":\"Hukuk bildirimi ve gizlilik politikas\u0131 - V2C \u015earj \u0130stasyonlar\u0131\",\"isPartOf\":{\"@id\":\"https:\/\/v2charge.com\/tr\/#website\"},\"primaryImageOfPage\":{\"@id\":\"https:\/\/v2charge.com\/tr\/hukuki-uyari-ve-gizlilik-politikasi\/#primaryimage\"},\"image\":{\"@id\":\"https:\/\/v2charge.com\/tr\/hukuki-uyari-ve-gizlilik-politikasi\/#primaryimage\"},\"thumbnailUrl\":\"https:\/\/v2charge.com\/wp-content\/uploads\/2024\/07\/v2c-electric-chargers.jpg\",\"datePublished\":\"2018-05-31T15:46:08+00:00\",\"dateModified\":\"2026-04-19T09:07:33+00:00\",\"breadcrumb\":{\"@id\":\"https:\/\/v2charge.com\/tr\/hukuki-uyari-ve-gizlilik-politikasi\/#breadcrumb\"},\"inLanguage\":\"tr\",\"potentialAction\":[{\"@type\":\"ReadAction\",\"target\":[\"https:\/\/v2charge.com\/tr\/hukuki-uyari-ve-gizlilik-politikasi\/\"]}]},{\"@type\":\"ImageObject\",\"inLanguage\":\"tr\",\"@id\":\"https:\/\/v2charge.com\/tr\/hukuki-uyari-ve-gizlilik-politikasi\/#primaryimage\",\"url\":\"https:\/\/v2charge.com\/wp-content\/uploads\/2024\/07\/v2c-electric-chargers.jpg\",\"contentUrl\":\"https:\/\/v2charge.com\/wp-content\/uploads\/2024\/07\/v2c-electric-chargers.jpg\",\"width\":1200,\"height\":675,\"caption\":\"V2C Electric Chargers\"},{\"@type\":\"BreadcrumbList\",\"@id\":\"https:\/\/v2charge.com\/tr\/hukuki-uyari-ve-gizlilik-politikasi\/#breadcrumb\",\"itemListElement\":[{\"@type\":\"ListItem\",\"position\":1,\"name\":\"V2C\",\"item\":\"https:\/\/v2charge.com\/tr\/\"},{\"@type\":\"ListItem\",\"position\":2,\"name\":\"Hukuki Uyar\u0131 ve Gizlilik Politikas\u0131\"}]},{\"@type\":\"WebSite\",\"@id\":\"https:\/\/v2charge.com\/tr\/#website\",\"url\":\"https:\/\/v2charge.com\/tr\/\",\"name\":\"V2C\",\"description\":\"#CargandoElMa\u00f1ana\",\"publisher\":{\"@id\":\"https:\/\/v2charge.com\/tr\/#organization\"},\"potentialAction\":[{\"@type\":\"SearchAction\",\"target\":{\"@type\":\"EntryPoint\",\"urlTemplate\":\"https:\/\/v2charge.com\/tr\/?s={search_term_string}\"},\"query-input\":{\"@type\":\"PropertyValueSpecification\",\"valueRequired\":true,\"valueName\":\"search_term_string\"}}],\"inLanguage\":\"tr\"},{\"@type\":\"Organization\",\"@id\":\"https:\/\/v2charge.com\/tr\/#organization\",\"name\":\"V2C\",\"url\":\"https:\/\/v2charge.com\/tr\/\",\"logo\":{\"@type\":\"ImageObject\",\"inLanguage\":\"tr\",\"@id\":\"https:\/\/v2charge.com\/tr\/#\/schema\/logo\/image\/\",\"url\":\"https:\/\/v2charge.com\/wp-content\/uploads\/2024\/11\/cropped-v2c-charge-logo-menu.png\",\"contentUrl\":\"https:\/\/v2charge.com\/wp-content\/uploads\/2024\/11\/cropped-v2c-charge-logo-menu.png\",\"width\":984,\"height\":431,\"caption\":\"V2C\"},\"image\":{\"@id\":\"https:\/\/v2charge.com\/tr\/#\/schema\/logo\/image\/\"},\"sameAs\":[\"https:\/\/www.facebook.com\/V2C.Charge\",\"https:\/\/x.com\/V2C_Charge\",\"https:\/\/www.instagram.com\/v2c.charge\/\",\"https:\/\/www.youtube.com\/@V2C\",\"https:\/\/www.linkedin.com\/company\/v2c-chargers\/\"]}]}<\/script>\n<!-- \/ Yoast SEO plugin. -->","yoast_head_json":{"title":"Hukuk bildirimi ve gizlilik politikas\u0131 - V2C \u015earj \u0130stasyonlar\u0131","robots":{"index":"noindex","follow":"follow"},"og_locale":"tr_TR","og_type":"article","og_title":"Hukuk bildirimi ve gizlilik politikas\u0131 - V2C \u015earj \u0130stasyonlar\u0131","og_description":"Gizlilik politikas\u0131, \u00c7erezlerin kullan\u0131m\u0131 ve daha fazla bilgi V2Charge (V2C) Gizlilik Politikas\u0131. Bu web sitesi NEGOCIOS INTELIGENTES 7EXPERIENCE S.L.&#8217;ye aittir (bundan sonra \u201cV2C\u201d), Avenida Cam\u00ed Nou 268 Xirivella (Valensiya) adresinde, CIF N\u00ba B98496706 ile. 15\/99 Say\u0131l\u0131 Kanun&#8217;un 13 Aral\u0131k tarihli ki\u015fisel verilerin korunmas\u0131 gerekliliklerine uygun olarak, t\u00fcm verilerinizin NEGOCIOS INTELIGENTES 7 EXPERIENCE S.L.&#8217;ye ait bir ... Devam\u0131n\u0131 oku","og_url":"https:\/\/v2charge.com\/tr\/hukuki-uyari-ve-gizlilik-politikasi\/","og_site_name":"V2C","article_publisher":"https:\/\/www.facebook.com\/V2C.Charge","article_modified_time":"2026-04-19T09:07:33+00:00","og_image":[{"width":1200,"height":675,"url":"https:\/\/v2charge.com\/wp-content\/uploads\/2024\/07\/v2c-electric-chargers.jpg","type":"image\/jpeg"}],"twitter_card":"summary_large_image","twitter_site":"@V2C_Charge","twitter_misc":{"Tahmini okuma s\u00fcresi":"4 dakika"},"schema":{"@context":"https:\/\/schema.org","@graph":[{"@type":"WebPage","@id":"https:\/\/v2charge.com\/tr\/hukuki-uyari-ve-gizlilik-politikasi\/","url":"https:\/\/v2charge.com\/tr\/hukuki-uyari-ve-gizlilik-politikasi\/","name":"Hukuk bildirimi ve gizlilik politikas\u0131 - V2C \u015earj \u0130stasyonlar\u0131","isPartOf":{"@id":"https:\/\/v2charge.com\/tr\/#website"},"primaryImageOfPage":{"@id":"https:\/\/v2charge.com\/tr\/hukuki-uyari-ve-gizlilik-politikasi\/#primaryimage"},"image":{"@id":"https:\/\/v2charge.com\/tr\/hukuki-uyari-ve-gizlilik-politikasi\/#primaryimage"},"thumbnailUrl":"https:\/\/v2charge.com\/wp-content\/uploads\/2024\/07\/v2c-electric-chargers.jpg","datePublished":"2018-05-31T15:46:08+00:00","dateModified":"2026-04-19T09:07:33+00:00","breadcrumb":{"@id":"https:\/\/v2charge.com\/tr\/hukuki-uyari-ve-gizlilik-politikasi\/#breadcrumb"},"inLanguage":"tr","potentialAction":[{"@type":"ReadAction","target":["https:\/\/v2charge.com\/tr\/hukuki-uyari-ve-gizlilik-politikasi\/"]}]},{"@type":"ImageObject","inLanguage":"tr","@id":"https:\/\/v2charge.com\/tr\/hukuki-uyari-ve-gizlilik-politikasi\/#primaryimage","url":"https:\/\/v2charge.com\/wp-content\/uploads\/2024\/07\/v2c-electric-chargers.jpg","contentUrl":"https:\/\/v2charge.com\/wp-content\/uploads\/2024\/07\/v2c-electric-chargers.jpg","width":1200,"height":675,"caption":"V2C Electric Chargers"},{"@type":"BreadcrumbList","@id":"https:\/\/v2charge.com\/tr\/hukuki-uyari-ve-gizlilik-politikasi\/#breadcrumb","itemListElement":[{"@type":"ListItem","position":1,"name":"V2C","item":"https:\/\/v2charge.com\/tr\/"},{"@type":"ListItem","position":2,"name":"Hukuki Uyar\u0131 ve Gizlilik Politikas\u0131"}]},{"@type":"WebSite","@id":"https:\/\/v2charge.com\/tr\/#website","url":"https:\/\/v2charge.com\/tr\/","name":"V2C","description":"#CargandoElMa\u00f1ana","publisher":{"@id":"https:\/\/v2charge.com\/tr\/#organization"},"potentialAction":[{"@type":"SearchAction","target":{"@type":"EntryPoint","urlTemplate":"https:\/\/v2charge.com\/tr\/?s={search_term_string}"},"query-input":{"@type":"PropertyValueSpecification","valueRequired":true,"valueName":"search_term_string"}}],"inLanguage":"tr"},{"@type":"Organization","@id":"https:\/\/v2charge.com\/tr\/#organization","name":"V2C","url":"https:\/\/v2charge.com\/tr\/","logo":{"@type":"ImageObject","inLanguage":"tr","@id":"https:\/\/v2charge.com\/tr\/#\/schema\/logo\/image\/","url":"https:\/\/v2charge.com\/wp-content\/uploads\/2024\/11\/cropped-v2c-charge-logo-menu.png","contentUrl":"https:\/\/v2charge.com\/wp-content\/uploads\/2024\/11\/cropped-v2c-charge-logo-menu.png","width":984,"height":431,"caption":"V2C"},"image":{"@id":"https:\/\/v2charge.com\/tr\/#\/schema\/logo\/image\/"},"sameAs":["https:\/\/www.facebook.com\/V2C.Charge","https:\/\/x.com\/V2C_Charge","https:\/\/www.instagram.com\/v2c.charge\/","https:\/\/www.youtube.com\/@V2C","https:\/\/www.linkedin.com\/company\/v2c-chargers\/"]}]}},"uagb_featured_image_src":{"full":["https:\/\/v2charge.com\/wp-content\/uploads\/2024\/07\/v2c-electric-chargers.jpg",1200,675,false],"thumbnail":["https:\/\/v2charge.com\/wp-content\/uploads\/2024\/07\/v2c-electric-chargers-150x150.jpg",150,150,true],"medium":["https:\/\/v2charge.com\/wp-content\/uploads\/2024\/07\/v2c-electric-chargers-300x169.jpg",300,169,true],"medium_large":["https:\/\/v2charge.com\/wp-content\/uploads\/2024\/07\/v2c-electric-chargers-768x432.jpg",768,432,true],"large":["https:\/\/v2charge.com\/wp-content\/uploads\/2024\/07\/v2c-electric-chargers-1024x576.jpg",1024,576,true],"gs-tiny":["https:\/\/v2charge.com\/wp-content\/uploads\/2024\/07\/v2c-electric-chargers.jpg",50,28,false],"xl":["https:\/\/v2charge.com\/wp-content\/uploads\/2024\/07\/v2c-electric-chargers.jpg",1200,675,false],"xxl":["https:\/\/v2charge.com\/wp-content\/uploads\/2024\/07\/v2c-electric-chargers.jpg",1200,675,false],"xxxl":["https:\/\/v2charge.com\/wp-content\/uploads\/2024\/07\/v2c-electric-chargers.jpg",1200,675,false],"xxxxl":["https:\/\/v2charge.com\/wp-content\/uploads\/2024\/07\/v2c-electric-chargers.jpg",1200,675,false],"xxxxxl":["https:\/\/v2charge.com\/wp-content\/uploads\/2024\/07\/v2c-electric-chargers.jpg",1200,675,false],"1536x1536":["https:\/\/v2charge.com\/wp-content\/uploads\/2024\/07\/v2c-electric-chargers.jpg",1200,675,false],"2048x2048":["https:\/\/v2charge.com\/wp-content\/uploads\/2024\/07\/v2c-electric-chargers.jpg",1200,675,false]},"uagb_author_info":{"display_name":"V2C","author_link":"https:\/\/v2charge.com\/tr\/author\/root_k4eu7ki8\/"},"uagb_comment_info":0,"uagb_excerpt":"Gizlilik politikas\u0131, \u00c7erezlerin kullan\u0131m\u0131 ve daha fazla bilgi V2Charge (V2C) Gizlilik Politikas\u0131. Bu web sitesi NEGOCIOS INTELIGENTES 7EXPERIENCE S.L.&#8217;ye aittir (bundan sonra \u201cV2C\u201d), Avenida Cam\u00ed Nou 268 Xirivella (Valensiya) adresinde, CIF N\u00ba B98496706 ile. 15\/99 Say\u0131l\u0131 Kanun&#8217;un 13 Aral\u0131k tarihli ki\u015fisel verilerin korunmas\u0131 gerekliliklerine uygun olarak, t\u00fcm verilerinizin NEGOCIOS INTELIGENTES 7 EXPERIENCE S.L.&#8217;ye ait bir&hellip;","_links":{"self":[{"href":"https:\/\/v2charge.com\/tr\/wp-json\/wp\/v2\/pages\/314149","targetHints":{"allow":["GET"]}}],"collection":[{"href":"https:\/\/v2charge.com\/tr\/wp-json\/wp\/v2\/pages"}],"about":[{"href":"https:\/\/v2charge.com\/tr\/wp-json\/wp\/v2\/types\/page"}],"author":[{"embeddable":true,"href":"https:\/\/v2charge.com\/tr\/wp-json\/wp\/v2\/users\/1"}],"replies":[{"embeddable":true,"href":"https:\/\/v2charge.com\/tr\/wp-json\/wp\/v2\/comments?post=314149"}],"version-history":[{"count":0,"href":"https:\/\/v2charge.com\/tr\/wp-json\/wp\/v2\/pages\/314149\/revisions"}],"wp:featuredmedia":[{"embeddable":true,"href":"https:\/\/v2charge.com\/tr\/wp-json\/wp\/v2\/media\/170354"}],"wp:attachment":[{"href":"https:\/\/v2charge.com\/tr\/wp-json\/wp\/v2\/media?parent=314149"}],"curies":[{"name":"wp","href":"https:\/\/api.w.org\/{rel}","templated":true}]}}