{"id":314150,"date":"2018-06-01T09:43:28","date_gmt":"2018-06-01T09:43:28","guid":{"rendered":""},"modified":"2026-04-19T09:07:14","modified_gmt":"2026-04-19T09:07:14","slug":"cerez-politikasi","status":"publish","type":"page","link":"https:\/\/v2charge.com\/tr\/cerez-politikasi\/","title":{"rendered":"\u00c7erez politikas\u0131"},"content":{"rendered":"<p>Bu web sayfas\u0131 NEGOCIOS INTELIGENTES 7 EXPERIENCE S.L. \u015firketine aittir. Bu sayfalara eri\u015fim, gizlilik politikas\u0131n\u0131 bilmek ve kabul etmek anlam\u0131na gelir. 34\/2002 Say\u0131l\u0131 Kanunun 10. maddesine g\u00f6re, Bilgi Toplumu ve Elektronik Ticaret Yasas\u0131 (LSSI) kimlik bilgileri sunulmaktad\u0131r.<\/p>\n<h2>\u00c7erezler nedir?<\/h2>\n<p>Bir \u00e7erez, web sitemize eri\u015fti\u011finizde bilgisayar\u0131n\u0131za veya terminalinize indirilen bir dosyad\u0131r. \u00c7erezler, di\u011fer \u015feylerin yan\u0131 s\u0131ra, bir kullan\u0131c\u0131n\u0131n veya ekiplerinin gezinme al\u0131\u015fkanl\u0131klar\u0131 hakk\u0131nda bilgi depolamam\u0131za ve geri almam\u0131za olanak tan\u0131r ve i\u00e7erdikleri bilgiye ve kullan\u0131c\u0131n\u0131n ekipman\u0131n\u0131 nas\u0131l kulland\u0131\u011f\u0131na dayanarak kullan\u0131c\u0131y\u0131 tan\u0131mak i\u00e7in kullan\u0131labilir.<\/p>\n<h2>Web sitemiz hangi \u00e7erez t\u00fcrlerini kullan\u0131yor?<\/h2>\n<p>Kendi \u00e7erezlerimiz: Web sitemizden bilgisayar\u0131n\u0131za veya terminalinize g\u00f6nderdi\u011fimiz \u00e7erezlerdir.<br \/>\u00dc\u00e7\u00fcnc\u00fc taraf \u00e7erezleri: Y\u00f6netimimiz alt\u0131nda olmayan bir alan veya web sitesinden bilgisayar\u0131n\u0131za veya terminalinize g\u00f6nderilen \u00e7erezlerdir, bunun yerine \u00e7erezleri kullanarak elde edilen verileri i\u015fleyen ba\u015fka bir varl\u0131k taraf\u0131ndan g\u00f6nderilir.<br \/>Analiz \u00e7erezleri: Bizim veya \u00fc\u00e7\u00fcnc\u00fc \u015fah\u0131slar\u0131n iyi bir \u015fekilde i\u015flenmesi sayesinde, kullan\u0131c\u0131 say\u0131s\u0131n\u0131 nicelendirip web sitemizin kullan\u0131m\u0131n\u0131 \u00f6l\u00e7me ve analiz etme imkan\u0131 veren \u00e7erezlerdir. Bunun i\u00e7in, sundu\u011fumuz \u00fcr\u00fcn veya hizmetlerin teklifini geli\u015ftirmek amac\u0131yla web sitemizdeki gezinmeyi analiz ediyoruz.<\/p>\n<h2>www.v2charge.com&#8217;da kullan\u0131lan \u00e7erezler \u015funlard\u0131r:<\/h2>\n<p>Gerekli \u00e7erezler, \u00f6rne\u011fin, do\u011fru gezinme yapmak ve web sayfas\u0131n\u0131n i\u00e7eri\u011fini etkili bir \u015fekilde y\u00fcklemek i\u00e7in i\u015fe yarayanlard\u0131r. PHPSESSID OTURUM \u2013 Bu \u00e7erez, web sitemizi ziyaret eden kullan\u0131c\u0131n\u0131n oturumunu ayarlamak i\u00e7in kullan\u0131l\u0131r. Bu, belirli bir kullan\u0131c\u0131n\u0131n durumu \u2013 oturum de\u011fi\u015fkenleri \u2013 tan\u0131mlamak ve y\u00f6netmek i\u00e7in bir yoldur ve bilgilerin web sitemizde sayfalar aras\u0131nda hareket etmesine olanak tan\u0131r. WordPress_test_cookie OTURUM \u2013 Bu \u00e7erez, WordPress i\u00e7erik y\u00f6neticisinin taray\u0131c\u0131da \u00e7erezlerin etkin olup olmad\u0131\u011f\u0131n\u0131 kontrol etmek i\u00e7in kullan\u0131l\u0131r. Wp-settings-{time}-`{`UID`}` \u2013 \u00c7erez ad\u0131n\u0131n sonunda bulunan UID, WordPress veritaban\u0131nda saklanan kullan\u0131c\u0131 kimli\u011fidir. Y\u00f6netim aray\u00fcz\u00fcn\u00fcn g\u00f6r\u00fcn\u00fcm\u00fcn\u00fc saklamak i\u00e7in kullan\u0131l\u0131r ve web sitesinin g\u00f6r\u00fcn\u00fcm\u00fcn\u00fc saklamak i\u00e7in de kullan\u0131labilir. WordPress_logged_in_`{`hash`}` \u2013 Oturum a\u00e7t\u0131ktan sonra, WordPress wordpress_logged_in_`{`hash`}` \u00e7erezini etkinle\u015ftirir, bu \u00e7erez ne zaman ba\u011fland\u0131\u011f\u0131n\u0131z\u0131 ve kim oldu\u011funuzu belirtir, WordPress aray\u00fcz\u00fc i\u00e7in kullan\u0131l\u0131r. WordPress_`{`hash`}` \u2013 Bu \u00e7erez oturum a\u00e7\u0131ld\u0131\u011f\u0131nda etkinle\u015ftirilir ve kimlik do\u011frulama verilerini saklar. Kullan\u0131m\u0131 y\u00f6netim alan\u0131yla s\u0131n\u0131rl\u0131d\u0131r, \/wp-config\/.<\/p>\n<p>\u00dc\u00e7\u00fcnc\u00fc taraf \u00e7erezleri, \u00f6rne\u011fin, sosyal medya veya Google Maps gibi d\u0131\u015f i\u00e7erik eklentileri taraf\u0131ndan kullan\u0131lanlard\u0131r. _NID, _PREF \u2013 Google Maps&#8217;taki bu \u00e7erezler, kullan\u0131c\u0131n\u0131n kayna\u011f\u0131n\u0131 ve anahtar kelimeleri kaydeder. HSID, SSID, APISID, SAPISID, BEAT, OTZ, BEAT \u2013 \u0130\u00e7eri\u011fi sosyal medyada payla\u015fma imkan\u0131 sunar. __ga, __utma, __utmb, __utmc, __utmv, __utmz, _twitter_sess, external_referer, guest_id \u2013 Twitter&#8217;\u0131n kullan\u0131c\u0131lar\u0131 takip etmek, yeniden pazarlama yapmak ve analiz yapmak i\u00e7in kurdu\u011fu \u00e7erezlerdir.<\/p>\n<p>Analiz \u00e7erezleri, Google Analytics&#8217;in web deneyimini geli\u015ftirmek i\u00e7in analiz, ara\u015ft\u0131rma veya istatistik ama\u00e7lar\u0131yla kulland\u0131\u011f\u0131 \u00e7erezlerdir. Bu \u00e7erezleri kullanarak ziyaret\u00e7ilere daha \u00f6nemli bilgiler sunmak m\u00fcmk\u00fcnd\u00fcr. __hstc, hubspotutk, __hssc, __hssrc, __hs_opt_out, __hs_do_not_track, __hs_testcookie, hsPagesViewedThisSession, hsfirstvisit: Hubspot&#8217;un \u00e7erezleri, web analitik arac\u0131, \u00e7evrimi\u00e7i pazarlama yoluyla web sitemizin kullan\u0131m\u0131n\u0131 ve \u00f6l\u00e7\u00fcm\u00fcn\u00fc analiz etmek ve hizmetlerimizi geli\u015ftirmek i\u00e7in kullan\u0131l\u0131r. _utma, _utmb, _utmz, _utmc, _utmt: Ana hedef, ziyaret say\u0131s\u0131n\u0131, sorgu s\u00fcresini, web sitesine eri\u015fim i\u00e7in kullan\u0131lan taray\u0131c\u0131y\u0131, kullan\u0131lan anahtar kelimeleri, ziyaret\u00e7inin k\u00fcresel konumunu, web sitesinde ziyaret edilen i\u00e7erikleri ve web trafi\u011finin di\u011fer parametrelerini tan\u0131mlamakt\u0131r, her zaman anonim olarak. Google, \u00e7erezler arac\u0131l\u0131\u011f\u0131yla toplanan bilgileri saklar, bir kullan\u0131c\u0131y\u0131 tan\u0131mlamadan. _hjIncludedInSample ve _hjUserId: Hotjar&#8217;\u0131n \u00e7erezleri, web analitik arac\u0131, web sitemizin kullan\u0131m\u0131n\u0131 ve \u00f6l\u00e7\u00fcm\u00fcn\u00fc analiz etmek ve hizmetlerimizi geli\u015ftirmek i\u00e7in kullan\u0131l\u0131r.<\/p>\n<p>Bu web sitesinde \u00e7erezlerin kullan\u0131m\u0131yla ilgili ald\u0131\u011f\u0131n\u0131z karara ba\u011fl\u0131 olarak, se\u00e7iminizi korumak i\u00e7in ek bir \u00e7erez g\u00f6nderilecektir ve her seferinde web sitemize eri\u015fti\u011finizde \u00e7erez kullan\u0131m\u0131n\u0131 kabul etmek zorunda kalmayacaks\u0131n\u0131z. Bu \u00e7erez listesi, web sitemizi ziyaret etti\u011finizde veya di\u011fer sitelerdeki reklamlar\u0131m\u0131z\u0131 g\u00f6rd\u00fc\u011f\u00fcn\u00fczde taray\u0131c\u0131n\u0131zda saklanan \u00e7erezleri tan\u0131man\u0131za yard\u0131mc\u0131 olmak i\u00e7indir. Hem bizim hem de teknolojik ortaklar\u0131m\u0131z\u0131n kulland\u0131\u011f\u0131 t\u00fcm \u00e7erezleri dahil etmeye \u00e7al\u0131\u015ft\u0131k, ancak bazen listeyi g\u00fcncellemekte gecikebilece\u011fimizi unutmay\u0131n. Herhangi bir tutars\u0131zl\u0131k g\u00f6r\u00fcrseniz veya bir \u00e7erez eksik oldu\u011funu d\u00fc\u015f\u00fcn\u00fcyorsan\u0131z, l\u00fctfen bize bildirin.<\/p>\n<div style=\"height:100px\" aria-hidden=\"true\" class=\"wp-block-spacer\"><\/div>\n","protected":false},"excerpt":{"rendered":"<p>Bu web sayfas\u0131 NEGOCIOS INTELIGENTES 7 EXPERIENCE S.L. \u015firketine aittir. Bu sayfalara eri\u015fim, gizlilik politikas\u0131n\u0131 bilmek ve kabul etmek anlam\u0131na gelir. 34\/2002 Say\u0131l\u0131 Kanunun 10. maddesine g\u00f6re, Bilgi Toplumu ve Elektronik Ticaret Yasas\u0131 (LSSI) kimlik bilgileri sunulmaktad\u0131r. \u00c7erezler nedir? Bir \u00e7erez, web sitemize eri\u015fti\u011finizde bilgisayar\u0131n\u0131za veya terminalinize indirilen bir dosyad\u0131r. \u00c7erezler, di\u011fer \u015feylerin yan\u0131 s\u0131ra, &#8230; <a title=\"\u00c7erez politikas\u0131\" class=\"read-more\" href=\"https:\/\/v2charge.com\/tr\/cerez-politikasi\/\" aria-label=\"Read more about \u00c7erez politikas\u0131\">Devam\u0131n\u0131 oku<\/a><\/p>\n","protected":false},"author":1,"featured_media":170354,"parent":0,"menu_order":0,"comment_status":"closed","ping_status":"closed","template":"","meta":{"_eb_attr":"","content-type":"","_uag_custom_page_level_css":"","footnotes":""},"class_list":["post-314150","page","type-page","status-publish","has-post-thumbnail"],"yoast_head":"<!-- This site is optimized with the Yoast SEO plugin v25.3.1 - https:\/\/yoast.com\/wordpress\/plugins\/seo\/ -->\n<title>Cookies | V2C Elektrikli Ara\u00e7 \u015earj \u0130stasyonlar\u0131<\/title>\n<meta name=\"robots\" content=\"noindex, follow\" \/>\n<meta property=\"og:locale\" content=\"tr_TR\" \/>\n<meta property=\"og:type\" content=\"article\" \/>\n<meta property=\"og:title\" content=\"Cookies | V2C Elektrikli Ara\u00e7 \u015earj \u0130stasyonlar\u0131\" \/>\n<meta property=\"og:description\" content=\"Bu web sayfas\u0131 NEGOCIOS INTELIGENTES 7 EXPERIENCE S.L. \u015firketine aittir. Bu sayfalara eri\u015fim, gizlilik politikas\u0131n\u0131 bilmek ve kabul etmek anlam\u0131na gelir. 34\/2002 Say\u0131l\u0131 Kanunun 10. maddesine g\u00f6re, Bilgi Toplumu ve Elektronik Ticaret Yasas\u0131 (LSSI) kimlik bilgileri sunulmaktad\u0131r. \u00c7erezler nedir? Bir \u00e7erez, web sitemize eri\u015fti\u011finizde bilgisayar\u0131n\u0131za veya terminalinize indirilen bir dosyad\u0131r. \u00c7erezler, di\u011fer \u015feylerin yan\u0131 s\u0131ra, ... Devam\u0131n\u0131 oku\" \/>\n<meta property=\"og:url\" content=\"https:\/\/v2charge.com\/tr\/cerez-politikasi\/\" \/>\n<meta property=\"og:site_name\" content=\"V2C\" \/>\n<meta property=\"article:publisher\" content=\"https:\/\/www.facebook.com\/V2C.Charge\" \/>\n<meta property=\"article:modified_time\" content=\"2026-04-19T09:07:14+00:00\" \/>\n<meta property=\"og:image\" content=\"https:\/\/v2charge.com\/wp-content\/uploads\/2024\/07\/v2c-electric-chargers.jpg\" \/>\n\t<meta property=\"og:image:width\" content=\"1200\" \/>\n\t<meta property=\"og:image:height\" content=\"675\" \/>\n\t<meta property=\"og:image:type\" content=\"image\/jpeg\" \/>\n<meta name=\"twitter:card\" content=\"summary_large_image\" \/>\n<meta name=\"twitter:site\" content=\"@V2C_Charge\" \/>\n<meta name=\"twitter:label1\" content=\"Tahmini okuma s\u00fcresi\" \/>\n\t<meta name=\"twitter:data1\" content=\"9 dakika\" \/>\n<script type=\"application\/ld+json\" class=\"yoast-schema-graph\">{\"@context\":\"https:\/\/schema.org\",\"@graph\":[{\"@type\":\"WebPage\",\"@id\":\"https:\/\/v2charge.com\/tr\/cerez-politikasi\/\",\"url\":\"https:\/\/v2charge.com\/tr\/cerez-politikasi\/\",\"name\":\"Cookies | V2C Elektrikli Ara\u00e7 \u015earj \u0130stasyonlar\u0131\",\"isPartOf\":{\"@id\":\"https:\/\/v2charge.com\/tr\/#website\"},\"primaryImageOfPage\":{\"@id\":\"https:\/\/v2charge.com\/tr\/cerez-politikasi\/#primaryimage\"},\"image\":{\"@id\":\"https:\/\/v2charge.com\/tr\/cerez-politikasi\/#primaryimage\"},\"thumbnailUrl\":\"https:\/\/v2charge.com\/wp-content\/uploads\/2024\/07\/v2c-electric-chargers.jpg\",\"datePublished\":\"2018-06-01T09:43:28+00:00\",\"dateModified\":\"2026-04-19T09:07:14+00:00\",\"breadcrumb\":{\"@id\":\"https:\/\/v2charge.com\/tr\/cerez-politikasi\/#breadcrumb\"},\"inLanguage\":\"tr\",\"potentialAction\":[{\"@type\":\"ReadAction\",\"target\":[\"https:\/\/v2charge.com\/tr\/cerez-politikasi\/\"]}]},{\"@type\":\"ImageObject\",\"inLanguage\":\"tr\",\"@id\":\"https:\/\/v2charge.com\/tr\/cerez-politikasi\/#primaryimage\",\"url\":\"https:\/\/v2charge.com\/wp-content\/uploads\/2024\/07\/v2c-electric-chargers.jpg\",\"contentUrl\":\"https:\/\/v2charge.com\/wp-content\/uploads\/2024\/07\/v2c-electric-chargers.jpg\",\"width\":1200,\"height\":675,\"caption\":\"V2C Electric Chargers\"},{\"@type\":\"BreadcrumbList\",\"@id\":\"https:\/\/v2charge.com\/tr\/cerez-politikasi\/#breadcrumb\",\"itemListElement\":[{\"@type\":\"ListItem\",\"position\":1,\"name\":\"V2C\",\"item\":\"https:\/\/v2charge.com\/tr\/\"},{\"@type\":\"ListItem\",\"position\":2,\"name\":\"\u00c7erez Politikas\u0131\"}]},{\"@type\":\"WebSite\",\"@id\":\"https:\/\/v2charge.com\/tr\/#website\",\"url\":\"https:\/\/v2charge.com\/tr\/\",\"name\":\"V2C\",\"description\":\"#CargandoElMa\u00f1ana\",\"publisher\":{\"@id\":\"https:\/\/v2charge.com\/tr\/#organization\"},\"potentialAction\":[{\"@type\":\"SearchAction\",\"target\":{\"@type\":\"EntryPoint\",\"urlTemplate\":\"https:\/\/v2charge.com\/tr\/?s={search_term_string}\"},\"query-input\":{\"@type\":\"PropertyValueSpecification\",\"valueRequired\":true,\"valueName\":\"search_term_string\"}}],\"inLanguage\":\"tr\"},{\"@type\":\"Organization\",\"@id\":\"https:\/\/v2charge.com\/tr\/#organization\",\"name\":\"V2C\",\"url\":\"https:\/\/v2charge.com\/tr\/\",\"logo\":{\"@type\":\"ImageObject\",\"inLanguage\":\"tr\",\"@id\":\"https:\/\/v2charge.com\/tr\/#\/schema\/logo\/image\/\",\"url\":\"https:\/\/v2charge.com\/wp-content\/uploads\/2024\/11\/cropped-v2c-charge-logo-menu.png\",\"contentUrl\":\"https:\/\/v2charge.com\/wp-content\/uploads\/2024\/11\/cropped-v2c-charge-logo-menu.png\",\"width\":984,\"height\":431,\"caption\":\"V2C\"},\"image\":{\"@id\":\"https:\/\/v2charge.com\/tr\/#\/schema\/logo\/image\/\"},\"sameAs\":[\"https:\/\/www.facebook.com\/V2C.Charge\",\"https:\/\/x.com\/V2C_Charge\",\"https:\/\/www.instagram.com\/v2c.charge\/\",\"https:\/\/www.youtube.com\/@V2C\",\"https:\/\/www.linkedin.com\/company\/v2c-chargers\/\"]}]}<\/script>\n<!-- \/ Yoast SEO plugin. -->","yoast_head_json":{"title":"Cookies | V2C Elektrikli Ara\u00e7 \u015earj \u0130stasyonlar\u0131","robots":{"index":"noindex","follow":"follow"},"og_locale":"tr_TR","og_type":"article","og_title":"Cookies | V2C Elektrikli Ara\u00e7 \u015earj \u0130stasyonlar\u0131","og_description":"Bu web sayfas\u0131 NEGOCIOS INTELIGENTES 7 EXPERIENCE S.L. \u015firketine aittir. Bu sayfalara eri\u015fim, gizlilik politikas\u0131n\u0131 bilmek ve kabul etmek anlam\u0131na gelir. 34\/2002 Say\u0131l\u0131 Kanunun 10. maddesine g\u00f6re, Bilgi Toplumu ve Elektronik Ticaret Yasas\u0131 (LSSI) kimlik bilgileri sunulmaktad\u0131r. \u00c7erezler nedir? Bir \u00e7erez, web sitemize eri\u015fti\u011finizde bilgisayar\u0131n\u0131za veya terminalinize indirilen bir dosyad\u0131r. \u00c7erezler, di\u011fer \u015feylerin yan\u0131 s\u0131ra, ... Devam\u0131n\u0131 oku","og_url":"https:\/\/v2charge.com\/tr\/cerez-politikasi\/","og_site_name":"V2C","article_publisher":"https:\/\/www.facebook.com\/V2C.Charge","article_modified_time":"2026-04-19T09:07:14+00:00","og_image":[{"width":1200,"height":675,"url":"https:\/\/v2charge.com\/wp-content\/uploads\/2024\/07\/v2c-electric-chargers.jpg","type":"image\/jpeg"}],"twitter_card":"summary_large_image","twitter_site":"@V2C_Charge","twitter_misc":{"Tahmini okuma s\u00fcresi":"9 dakika"},"schema":{"@context":"https:\/\/schema.org","@graph":[{"@type":"WebPage","@id":"https:\/\/v2charge.com\/tr\/cerez-politikasi\/","url":"https:\/\/v2charge.com\/tr\/cerez-politikasi\/","name":"Cookies | V2C Elektrikli Ara\u00e7 \u015earj \u0130stasyonlar\u0131","isPartOf":{"@id":"https:\/\/v2charge.com\/tr\/#website"},"primaryImageOfPage":{"@id":"https:\/\/v2charge.com\/tr\/cerez-politikasi\/#primaryimage"},"image":{"@id":"https:\/\/v2charge.com\/tr\/cerez-politikasi\/#primaryimage"},"thumbnailUrl":"https:\/\/v2charge.com\/wp-content\/uploads\/2024\/07\/v2c-electric-chargers.jpg","datePublished":"2018-06-01T09:43:28+00:00","dateModified":"2026-04-19T09:07:14+00:00","breadcrumb":{"@id":"https:\/\/v2charge.com\/tr\/cerez-politikasi\/#breadcrumb"},"inLanguage":"tr","potentialAction":[{"@type":"ReadAction","target":["https:\/\/v2charge.com\/tr\/cerez-politikasi\/"]}]},{"@type":"ImageObject","inLanguage":"tr","@id":"https:\/\/v2charge.com\/tr\/cerez-politikasi\/#primaryimage","url":"https:\/\/v2charge.com\/wp-content\/uploads\/2024\/07\/v2c-electric-chargers.jpg","contentUrl":"https:\/\/v2charge.com\/wp-content\/uploads\/2024\/07\/v2c-electric-chargers.jpg","width":1200,"height":675,"caption":"V2C Electric Chargers"},{"@type":"BreadcrumbList","@id":"https:\/\/v2charge.com\/tr\/cerez-politikasi\/#breadcrumb","itemListElement":[{"@type":"ListItem","position":1,"name":"V2C","item":"https:\/\/v2charge.com\/tr\/"},{"@type":"ListItem","position":2,"name":"\u00c7erez Politikas\u0131"}]},{"@type":"WebSite","@id":"https:\/\/v2charge.com\/tr\/#website","url":"https:\/\/v2charge.com\/tr\/","name":"V2C","description":"#CargandoElMa\u00f1ana","publisher":{"@id":"https:\/\/v2charge.com\/tr\/#organization"},"potentialAction":[{"@type":"SearchAction","target":{"@type":"EntryPoint","urlTemplate":"https:\/\/v2charge.com\/tr\/?s={search_term_string}"},"query-input":{"@type":"PropertyValueSpecification","valueRequired":true,"valueName":"search_term_string"}}],"inLanguage":"tr"},{"@type":"Organization","@id":"https:\/\/v2charge.com\/tr\/#organization","name":"V2C","url":"https:\/\/v2charge.com\/tr\/","logo":{"@type":"ImageObject","inLanguage":"tr","@id":"https:\/\/v2charge.com\/tr\/#\/schema\/logo\/image\/","url":"https:\/\/v2charge.com\/wp-content\/uploads\/2024\/11\/cropped-v2c-charge-logo-menu.png","contentUrl":"https:\/\/v2charge.com\/wp-content\/uploads\/2024\/11\/cropped-v2c-charge-logo-menu.png","width":984,"height":431,"caption":"V2C"},"image":{"@id":"https:\/\/v2charge.com\/tr\/#\/schema\/logo\/image\/"},"sameAs":["https:\/\/www.facebook.com\/V2C.Charge","https:\/\/x.com\/V2C_Charge","https:\/\/www.instagram.com\/v2c.charge\/","https:\/\/www.youtube.com\/@V2C","https:\/\/www.linkedin.com\/company\/v2c-chargers\/"]}]}},"uagb_featured_image_src":{"full":["https:\/\/v2charge.com\/wp-content\/uploads\/2024\/07\/v2c-electric-chargers.jpg",1200,675,false],"thumbnail":["https:\/\/v2charge.com\/wp-content\/uploads\/2024\/07\/v2c-electric-chargers-150x150.jpg",150,150,true],"medium":["https:\/\/v2charge.com\/wp-content\/uploads\/2024\/07\/v2c-electric-chargers-300x169.jpg",300,169,true],"medium_large":["https:\/\/v2charge.com\/wp-content\/uploads\/2024\/07\/v2c-electric-chargers-768x432.jpg",768,432,true],"large":["https:\/\/v2charge.com\/wp-content\/uploads\/2024\/07\/v2c-electric-chargers-1024x576.jpg",1024,576,true],"gs-tiny":["https:\/\/v2charge.com\/wp-content\/uploads\/2024\/07\/v2c-electric-chargers.jpg",50,28,false],"xl":["https:\/\/v2charge.com\/wp-content\/uploads\/2024\/07\/v2c-electric-chargers.jpg",1200,675,false],"xxl":["https:\/\/v2charge.com\/wp-content\/uploads\/2024\/07\/v2c-electric-chargers.jpg",1200,675,false],"xxxl":["https:\/\/v2charge.com\/wp-content\/uploads\/2024\/07\/v2c-electric-chargers.jpg",1200,675,false],"xxxxl":["https:\/\/v2charge.com\/wp-content\/uploads\/2024\/07\/v2c-electric-chargers.jpg",1200,675,false],"xxxxxl":["https:\/\/v2charge.com\/wp-content\/uploads\/2024\/07\/v2c-electric-chargers.jpg",1200,675,false],"1536x1536":["https:\/\/v2charge.com\/wp-content\/uploads\/2024\/07\/v2c-electric-chargers.jpg",1200,675,false],"2048x2048":["https:\/\/v2charge.com\/wp-content\/uploads\/2024\/07\/v2c-electric-chargers.jpg",1200,675,false]},"uagb_author_info":{"display_name":"V2C","author_link":"https:\/\/v2charge.com\/tr\/author\/root_k4eu7ki8\/"},"uagb_comment_info":0,"uagb_excerpt":"Bu web sayfas\u0131 NEGOCIOS INTELIGENTES 7 EXPERIENCE S.L. \u015firketine aittir. Bu sayfalara eri\u015fim, gizlilik politikas\u0131n\u0131 bilmek ve kabul etmek anlam\u0131na gelir. 34\/2002 Say\u0131l\u0131 Kanunun 10. maddesine g\u00f6re, Bilgi Toplumu ve Elektronik Ticaret Yasas\u0131 (LSSI) kimlik bilgileri sunulmaktad\u0131r. \u00c7erezler nedir? Bir \u00e7erez, web sitemize eri\u015fti\u011finizde bilgisayar\u0131n\u0131za veya terminalinize indirilen bir dosyad\u0131r. \u00c7erezler, di\u011fer \u015feylerin yan\u0131 s\u0131ra,&hellip;","_links":{"self":[{"href":"https:\/\/v2charge.com\/tr\/wp-json\/wp\/v2\/pages\/314150","targetHints":{"allow":["GET"]}}],"collection":[{"href":"https:\/\/v2charge.com\/tr\/wp-json\/wp\/v2\/pages"}],"about":[{"href":"https:\/\/v2charge.com\/tr\/wp-json\/wp\/v2\/types\/page"}],"author":[{"embeddable":true,"href":"https:\/\/v2charge.com\/tr\/wp-json\/wp\/v2\/users\/1"}],"replies":[{"embeddable":true,"href":"https:\/\/v2charge.com\/tr\/wp-json\/wp\/v2\/comments?post=314150"}],"version-history":[{"count":0,"href":"https:\/\/v2charge.com\/tr\/wp-json\/wp\/v2\/pages\/314150\/revisions"}],"wp:featuredmedia":[{"embeddable":true,"href":"https:\/\/v2charge.com\/tr\/wp-json\/wp\/v2\/media\/170354"}],"wp:attachment":[{"href":"https:\/\/v2charge.com\/tr\/wp-json\/wp\/v2\/media?parent=314150"}],"curies":[{"name":"wp","href":"https:\/\/api.w.org\/{rel}","templated":true}]}}