{"id":314158,"date":"2017-10-31T12:11:52","date_gmt":"2017-10-31T12:11:52","guid":{"rendered":""},"modified":"2025-01-16T17:36:34","modified_gmt":"2025-01-16T15:36:34","slug":"kilavuzlar-v2c","status":"publish","type":"page","link":"https:\/\/v2charge.com\/tr\/kilavuzlar-v2c\/","title":{"rendered":"K\u0131lavuzlar V2C"},"content":{"rendered":"\n<div class=\"wp-block-uagb-container uagb-block-757494c0 alignfull uagb-is-root-container\"><div class=\"uagb-container-inner-blocks-wrap\"><div class=\"wp-block-uagb-advanced-heading uagb-block-91616c0c\"><h1 class=\"uagb-heading-text\">V2C e-Charger k\u0131lavuzlar\u0131<\/h1><\/div><\/div><\/div>\n\n\n\n<div class=\"wp-block-uagb-container uagb-block-63199ad0 alignfull uagb-is-root-container\"><div class=\"uagb-container-inner-blocks-wrap\"><div class=\"wp-block-uagb-advanced-heading uagb-block-b1281fc7\"><h2 class=\"uagb-heading-text\">K\u0131lavuzu indirmek i\u00e7in \u00fcr\u00fcn\u00fc se\u00e7in<\/h2><\/div><\/div><\/div>\n\n\n\n<div class=\"wp-block-uagb-container uagb-block-c59f2925 alignfull uagb-is-root-container\"><div class=\"uagb-container-inner-blocks-wrap\"><div class=\"wp-block-uagb-tabs uagb-block-0fa5ca86 uagb-tabs__wrap uagb-tabs__hstyle1-desktop uagb-tabs__vstyle6-tablet uagb-tabs__stack1-mobile\" data-tab-active=\"0\"><ul class=\"uagb-tabs__panel uagb-tabs__align-left\" role=\"tablist\"><li class=\"uagb-tab uagb-tabs__active\" role=\"none\"><a href=\"#uagb-tabs__tab0\" class=\"uagb-tabs-list uagb-tabs__icon-position-left\" data-tab=\"0\" role=\"tab\"><div>TRYDAN<\/div><\/a><\/li><li class=\"uagb-tab \" role=\"none\"><a href=\"#uagb-tabs__tab1\" class=\"uagb-tabs-list uagb-tabs__icon-position-left\" data-tab=\"1\" role=\"tab\"><div>POLE PRO<\/div><\/a><\/li><li class=\"uagb-tab \" role=\"none\"><a href=\"#uagb-tabs__tab2\" class=\"uagb-tabs-list uagb-tabs__icon-position-left\" data-tab=\"2\" role=\"tab\"><div>SCREEN<\/div><\/a><\/li><li class=\"uagb-tab \" role=\"none\"><a href=\"#uagb-tabs__tab3\" class=\"uagb-tabs-list uagb-tabs__icon-position-left\" data-tab=\"3\" role=\"tab\"><div>EV PORTABLE<\/div><\/a><\/li><li class=\"uagb-tab \" role=\"none\"><a href=\"#uagb-tabs__tab4\" class=\"uagb-tabs-list uagb-tabs__icon-position-left\" data-tab=\"4\" role=\"tab\"><div>V2C CLOUD<\/div><\/a><\/li><li class=\"uagb-tab \" role=\"none\"><a href=\"#uagb-tabs__tab5\" class=\"uagb-tabs-list uagb-tabs__icon-position-left\" data-tab=\"5\" role=\"tab\"><div>D\u0130NAM\u0130K G\u00dc\u00c7 KONTROL\u00dc<\/div><\/a><\/li><li class=\"uagb-tab \" role=\"none\"><a href=\"#uagb-tabs__tab6\" class=\"uagb-tabs-list uagb-tabs__icon-position-left\" data-tab=\"6\" role=\"tab\"><div>FOTOVOLTA\u0130K<\/div><\/a><\/li><li class=\"uagb-tab \" role=\"none\"><a href=\"#uagb-tabs__tab7\" class=\"uagb-tabs-list uagb-tabs__icon-position-left\" data-tab=\"7\" role=\"tab\"><div>G\u00dcNE\u015e ENVERTER\u0130<\/div><\/a><\/li><\/ul><div class=\"uagb-tabs__body-wrap\">\n<div class=\"wp-block-uagb-tabs-child uagb-tabs__body-container uagb-inner-tab-0\" aria-labelledby=\"uagb-tabs__tab0\"><p><a href=\"https:\/\/drive.google.com\/file\/d\/1t6hmD22pgw1IxUqp8P9RMLgEyCdFeay-\/view?usp=drive_link\" target=\"_blank\" rel=\"noreferrer noopener\">\u0130spanyolca<\/a> \/ <a href=\"https:\/\/v2charge.com\/tr\/destek-alani\/trydan\/kurulum-kilavuzu-tr-1776448996\/\">\u0130spanyolca web versiyonu<\/a><\/p>\n\n<p><a href=\"https:\/\/drive.google.com\/file\/d\/1t6hmD22pgw1IxUqp8P9RMLgEyCdFeay-\/view?usp=drive_link\" target=\"_blank\" rel=\"noreferrer noopener\">\u0130ngilizce<\/a> \/ <a href=\"https:\/\/v2charge.com\/tr\/destek-alani\/trydan\/kurulum-kilavuzu-tr-1776448996\/\">\u0130ngilizce Web Versiyonu<\/a><\/p>\n\n<p><a href=\"https:\/\/drive.google.com\/file\/d\/1t6hmD22pgw1IxUqp8P9RMLgEyCdFeay-\/view?usp=drive_link\" target=\"_blank\" rel=\"noreferrer noopener\">T\u00fcrk\u00e7e<\/a> \/ <a href=\"https:\/\/v2charge.com\/tr\/destek-alani\/trydan\/kurulum-kilavuzu-tr-1776448996\/\">Web Versiyonu T\u00fcrk\u00e7e<\/a><\/p>\n\n<p><a href=\"https:\/\/drive.google.com\/file\/d\/1uaEouh1e-sUObGa7cG1vecZGpfDBl-XN\/view?usp=sharing\" target=\"_blank\" rel=\"noreferrer noopener\">Frans\u0131zca<\/a> \/ <a href=\"https:\/\/v2charge.com\/tr\/destek-alani\/trydan\/kurulum-kilavuzu-tr-1776448996\/\">Web Versiyonu Frans\u0131zca<\/a><\/p>\n\n<p><a href=\"https:\/\/drive.google.com\/file\/d\/1uaEouh1e-sUObGa7cG1vecZGpfDBl-XN\/view?usp=sharing\" target=\"_blank\" rel=\"noreferrer noopener\">\u0130talyanca<\/a> \/ <a href=\"https:\/\/v2charge.com\/tr\/destek-alani\/trydan\/kurulum-kilavuzu-tr-1776448996\/\">\u0130talyanca Web Versiyonu<\/a><\/p>\n\n<p><a href=\"https:\/\/drive.google.com\/file\/d\/1uaEouh1e-sUObGa7cG1vecZGpfDBl-XN\/view?usp=sharing\" target=\"_blank\" rel=\"noreferrer noopener\">Almanca<\/a> \/ <a href=\"https:\/\/v2charge.com\/tr\/unterstutzung\/trydan\/installationshandbuch\/\">Almanca Webversiyonu<\/a><\/p>\n\n<p><a href=\"https:\/\/drive.google.com\/file\/d\/1d5tV1cH7MLoP5BlCzsSUwPZDDfXLJClz\/view?usp=share_link\" target=\"_blank\" rel=\"noreferrer noopener\">Hollanda Dili<\/a><\/p><\/div>\n\n\n\n<div class=\"wp-block-uagb-tabs-child uagb-tabs__body-container uagb-inner-tab-1\" aria-labelledby=\"uagb-tabs__tab1\"><p><a href=\"https:\/\/v2charge.com\/wp-content\/uploads\/2024\/02\/installation-manual-polepro.pdf\">\u0130spanyolca<\/a> <\/p>\n\n<p><a href=\"https:\/\/v2charge.com\/wp-content\/uploads\/2024\/02\/installation-manual-polepro.pdf\">T\u00fcrk\u00e7e<\/a><\/p>\n\n<p><a href=\"https:\/\/v2charge.com\/wp-content\/uploads\/2024\/02\/installation-manual-polepro.pdf\">T\u00fcrk\u00e7e<\/a><\/p>\n\n<p><a href=\"https:\/\/v2charge.com\/wp-content\/uploads\/2024\/02\/manuel-installation-polepro.pdf\">T\u00fcrk\u00e7e<\/a> <\/p>\n\n<p><a href=\"https:\/\/v2charge.com\/wp-content\/uploads\/2024\/02\/manuel-installation-polepro.pdf\">\u0130talyanca<\/a><\/p>\n\n<p><a href=\"https:\/\/v2charge.com\/wp-content\/uploads\/2024\/02\/manuel-installation-polepro.pdf\">T\u00fcrk\u00e7e<\/a><\/p><\/div>\n\n\n\n<div class=\"wp-block-uagb-tabs-child uagb-tabs__body-container uagb-inner-tab-2\" aria-labelledby=\"uagb-tabs__tab2\"><p><a href=\"https:\/\/v2charge.com\/wp-content\/uploads\/2021\/12\/SCREEN-Espan%CC%83ol.pdf\" target=\"_blank\" rel=\"noreferrer noopener\">\u0130spanyolca<\/a><\/p>\n\n<p><a href=\"https:\/\/v2charge.com\/wp-content\/uploads\/2021\/12\/SCREEN-MANUAL.pdf\" target=\"_blank\" rel=\"noreferrer noopener\">T\u00fcrk\u00e7e<\/a><\/p><\/div>\n\n\n\n<div class=\"wp-block-uagb-tabs-child uagb-tabs__body-container uagb-inner-tab-3\" aria-labelledby=\"uagb-tabs__tab3\"><p><a href=\"https:\/\/www.v2charge.com\/wp-content\/uploads\/2020\/03\/EV-Portable-V2C.pdf\">\u0130spanyolca<\/a><\/p>\n\n<p><a href=\"https:\/\/www.v2charge.com\/wp-content\/uploads\/2020\/03\/EV-portable-ENG-V2C.pdf\">T\u00fcrk\u00e7e<\/a><\/p>\n\n<p><a href=\"https:\/\/www.v2charge.com\/wp-content\/uploads\/2020\/03\/EV-PORTABLE-PT-V2C.pdf\">T\u00fcrk\u00e7e<\/a><\/p><\/div>\n\n\n\n<div class=\"wp-block-uagb-tabs-child uagb-tabs__body-container uagb-inner-tab-4\" aria-labelledby=\"uagb-tabs__tab4\"><p><a href=\"https:\/\/www.v2charge.com\/wp-content\/uploads\/2020\/06\/V2C-Cloud-Espa%C3%B1ol.pdf\">\u0130spanyolca<\/a><\/p><\/div>\n\n\n\n<div class=\"wp-block-uagb-tabs-child uagb-tabs__body-container uagb-inner-tab-5\" aria-labelledby=\"uagb-tabs__tab5\"><p><a href=\"https:\/\/drive.google.com\/uc?id=1OiuynER-IWhjRkk-whIaTgUYy-I2EY6q&amp;export=download\">\u0130spanyolca<\/a><\/p>\n\n<p><a href=\"https:\/\/drive.google.com\/file\/d\/1VLvf6DHQj4Dm0BriTD2GKGtbNnvGYONB\/view\">T\u00fcrk\u00e7e<\/a><\/p>\n\n<p><a href=\"https:\/\/drive.google.com\/uc?id=1OiuynER-IWhjRkk-whIaTgUYy-I2EY6q&amp;export=download\" target=\"_blank\" rel=\"noreferrer noopener\">T\u00fcrk\u00e7e<\/a><\/p>\n\n<p><a href=\"https:\/\/drive.google.com\/file\/d\/1RU8HBWq6INH9GRwS9nD85_0wBW3WTWLu\/view?usp=sharing\">Frans\u0131zca<\/a><\/p>\n\n<p><a href=\"https:\/\/drive.google.com\/file\/d\/1RU8HBWq6INH9GRwS9nD85_0wBW3WTWLu\/view?usp=sharing\">\u0130talyanca<\/a><\/p>\n\n<p><a href=\"https:\/\/drive.google.com\/file\/d\/1RU8HBWq6INH9GRwS9nD85_0wBW3WTWLu\/view?usp=sharing\">Almanca<\/a><\/p><\/div>\n\n\n\n<div class=\"wp-block-uagb-tabs-child uagb-tabs__body-container uagb-inner-tab-6\" aria-labelledby=\"uagb-tabs__tab6\"><p><a href=\"https:\/\/www.v2charge.com\/wp-content\/uploads\/2021\/10\/Autoconsumo-fotovoltaico.pdf\">\u0130spanyolca<\/a><\/p><\/div>\n\n\n\n<div class=\"wp-block-uagb-tabs-child uagb-tabs__body-container uagb-inner-tab-7\" aria-labelledby=\"uagb-tabs__tab7\"><p><a href=\"https:\/\/v2charge.com\/tr\/trydan-inversores-solares\/\">\u0130spanyolca<\/a><\/p>\n\n<p><a href=\"https:\/\/v2charge.com\/tr\/trydan-solar-inverters\/\">T\u00fcrk\u00e7e<\/a><\/p><\/div>\n<\/div><\/div>\n<\/div><\/div>\n","protected":false},"excerpt":{"rendered":"<p>V2C e-Charger k\u0131lavuzlar\u0131 K\u0131lavuzu indirmek i\u00e7in \u00fcr\u00fcn\u00fc se\u00e7in<\/p>\n","protected":false},"author":1,"featured_media":170346,"parent":0,"menu_order":0,"comment_status":"closed","ping_status":"closed","template":"","meta":{"_eb_attr":"","content-type":"","_uag_custom_page_level_css":"","footnotes":""},"class_list":["post-314158","page","type-page","status-publish","has-post-thumbnail"],"yoast_head":"<!-- This site is optimized with the Yoast SEO plugin v25.3.1 - https:\/\/yoast.com\/wordpress\/plugins\/seo\/ -->\n<title>K\u0131lavuzlar\u0131m\u0131z\u0131 \u0130nceleyin - T\u00fcm e-Charger&#039;lar | V2C<\/title>\n<meta name=\"description\" content=\"Burada t\u00fcm \u015farj cihazlar\u0131m\u0131z i\u00e7in kurulum ve kullan\u0131c\u0131 k\u0131lavuzlar\u0131n\u0131 bulacaks\u0131n\u0131z. T\u00fcm bilgileri g\u00f6r\u00fcn.\" \/>\n<meta name=\"robots\" content=\"index, follow, max-snippet:-1, max-image-preview:large, max-video-preview:-1\" \/>\n<link rel=\"canonical\" href=\"https:\/\/v2charge.com\/tr\/kilavuzlar-v2c\/\" \/>\n<meta property=\"og:locale\" content=\"tr_TR\" \/>\n<meta property=\"og:type\" content=\"article\" \/>\n<meta property=\"og:title\" content=\"K\u0131lavuzlar\u0131m\u0131z\u0131 \u0130nceleyin - T\u00fcm e-Charger&#039;lar | V2C\" \/>\n<meta property=\"og:description\" content=\"Burada t\u00fcm \u015farj cihazlar\u0131m\u0131z i\u00e7in kurulum ve kullan\u0131c\u0131 k\u0131lavuzlar\u0131n\u0131 bulacaks\u0131n\u0131z. T\u00fcm bilgileri g\u00f6r\u00fcn.\" \/>\n<meta property=\"og:url\" content=\"https:\/\/v2charge.com\/tr\/kilavuzlar-v2c\/\" \/>\n<meta property=\"og:site_name\" content=\"V2C\" \/>\n<meta property=\"article:publisher\" content=\"https:\/\/www.facebook.com\/V2C.Charge\" \/>\n<meta property=\"article:modified_time\" content=\"2025-01-16T15:36:34+00:00\" \/>\n<meta property=\"og:image\" content=\"https:\/\/v2charge.com\/wp-content\/uploads\/2024\/07\/v2c-electric-chargers.jpg\" \/>\n\t<meta property=\"og:image:width\" content=\"1200\" \/>\n\t<meta property=\"og:image:height\" content=\"675\" \/>\n\t<meta property=\"og:image:type\" content=\"image\/jpeg\" \/>\n<meta name=\"twitter:card\" content=\"summary_large_image\" \/>\n<meta name=\"twitter:site\" content=\"@V2C_Charge\" \/>\n<meta name=\"twitter:label1\" content=\"Tahmini okuma s\u00fcresi\" \/>\n\t<meta name=\"twitter:data1\" content=\"1 dakika\" \/>\n<script type=\"application\/ld+json\" class=\"yoast-schema-graph\">{\"@context\":\"https:\/\/schema.org\",\"@graph\":[{\"@type\":\"WebPage\",\"@id\":\"https:\/\/v2charge.com\/tr\/kilavuzlar-v2c\/\",\"url\":\"https:\/\/v2charge.com\/tr\/kilavuzlar-v2c\/\",\"name\":\"K\u0131lavuzlar\u0131m\u0131z\u0131 \u0130nceleyin - T\u00fcm e-Charger'lar | V2C\",\"isPartOf\":{\"@id\":\"https:\/\/v2charge.com\/tr\/#website\"},\"primaryImageOfPage\":{\"@id\":\"https:\/\/v2charge.com\/tr\/kilavuzlar-v2c\/#primaryimage\"},\"image\":{\"@id\":\"https:\/\/v2charge.com\/tr\/kilavuzlar-v2c\/#primaryimage\"},\"thumbnailUrl\":\"https:\/\/v2charge.com\/wp-content\/uploads\/2024\/07\/v2c-electric-chargers.jpg\",\"datePublished\":\"2017-10-31T12:11:52+00:00\",\"dateModified\":\"2025-01-16T15:36:34+00:00\",\"description\":\"Burada t\u00fcm \u015farj cihazlar\u0131m\u0131z i\u00e7in kurulum ve kullan\u0131c\u0131 k\u0131lavuzlar\u0131n\u0131 bulacaks\u0131n\u0131z. T\u00fcm bilgileri g\u00f6r\u00fcn.\",\"breadcrumb\":{\"@id\":\"https:\/\/v2charge.com\/tr\/kilavuzlar-v2c\/#breadcrumb\"},\"inLanguage\":\"tr\",\"potentialAction\":[{\"@type\":\"ReadAction\",\"target\":[\"https:\/\/v2charge.com\/tr\/kilavuzlar-v2c\/\"]}]},{\"@type\":\"ImageObject\",\"inLanguage\":\"tr\",\"@id\":\"https:\/\/v2charge.com\/tr\/kilavuzlar-v2c\/#primaryimage\",\"url\":\"https:\/\/v2charge.com\/wp-content\/uploads\/2024\/07\/v2c-electric-chargers.jpg\",\"contentUrl\":\"https:\/\/v2charge.com\/wp-content\/uploads\/2024\/07\/v2c-electric-chargers.jpg\",\"width\":1200,\"height\":675,\"caption\":\"V2C Electric Chargers\"},{\"@type\":\"BreadcrumbList\",\"@id\":\"https:\/\/v2charge.com\/tr\/kilavuzlar-v2c\/#breadcrumb\",\"itemListElement\":[{\"@type\":\"ListItem\",\"position\":1,\"name\":\"V2C\",\"item\":\"https:\/\/v2charge.com\/tr\/\"},{\"@type\":\"ListItem\",\"position\":2,\"name\":\"K\u0131lavuzlar V2C\"}]},{\"@type\":\"WebSite\",\"@id\":\"https:\/\/v2charge.com\/tr\/#website\",\"url\":\"https:\/\/v2charge.com\/tr\/\",\"name\":\"V2C\",\"description\":\"#CargandoElMa\u00f1ana\",\"publisher\":{\"@id\":\"https:\/\/v2charge.com\/tr\/#organization\"},\"potentialAction\":[{\"@type\":\"SearchAction\",\"target\":{\"@type\":\"EntryPoint\",\"urlTemplate\":\"https:\/\/v2charge.com\/tr\/?s={search_term_string}\"},\"query-input\":{\"@type\":\"PropertyValueSpecification\",\"valueRequired\":true,\"valueName\":\"search_term_string\"}}],\"inLanguage\":\"tr\"},{\"@type\":\"Organization\",\"@id\":\"https:\/\/v2charge.com\/tr\/#organization\",\"name\":\"V2C\",\"url\":\"https:\/\/v2charge.com\/tr\/\",\"logo\":{\"@type\":\"ImageObject\",\"inLanguage\":\"tr\",\"@id\":\"https:\/\/v2charge.com\/tr\/#\/schema\/logo\/image\/\",\"url\":\"https:\/\/v2charge.com\/wp-content\/uploads\/2024\/11\/cropped-v2c-charge-logo-menu.png\",\"contentUrl\":\"https:\/\/v2charge.com\/wp-content\/uploads\/2024\/11\/cropped-v2c-charge-logo-menu.png\",\"width\":984,\"height\":431,\"caption\":\"V2C\"},\"image\":{\"@id\":\"https:\/\/v2charge.com\/tr\/#\/schema\/logo\/image\/\"},\"sameAs\":[\"https:\/\/www.facebook.com\/V2C.Charge\",\"https:\/\/x.com\/V2C_Charge\",\"https:\/\/www.instagram.com\/v2c.charge\/\",\"https:\/\/www.youtube.com\/@V2C\",\"https:\/\/www.linkedin.com\/company\/v2c-chargers\/\"]}]}<\/script>\n<!-- \/ Yoast SEO plugin. -->","yoast_head_json":{"title":"K\u0131lavuzlar\u0131m\u0131z\u0131 \u0130nceleyin - T\u00fcm e-Charger'lar | V2C","description":"Burada t\u00fcm \u015farj cihazlar\u0131m\u0131z i\u00e7in kurulum ve kullan\u0131c\u0131 k\u0131lavuzlar\u0131n\u0131 bulacaks\u0131n\u0131z. T\u00fcm bilgileri g\u00f6r\u00fcn.","robots":{"index":"index","follow":"follow","max-snippet":"max-snippet:-1","max-image-preview":"max-image-preview:large","max-video-preview":"max-video-preview:-1"},"canonical":"https:\/\/v2charge.com\/tr\/kilavuzlar-v2c\/","og_locale":"tr_TR","og_type":"article","og_title":"K\u0131lavuzlar\u0131m\u0131z\u0131 \u0130nceleyin - T\u00fcm e-Charger'lar | V2C","og_description":"Burada t\u00fcm \u015farj cihazlar\u0131m\u0131z i\u00e7in kurulum ve kullan\u0131c\u0131 k\u0131lavuzlar\u0131n\u0131 bulacaks\u0131n\u0131z. T\u00fcm bilgileri g\u00f6r\u00fcn.","og_url":"https:\/\/v2charge.com\/tr\/kilavuzlar-v2c\/","og_site_name":"V2C","article_publisher":"https:\/\/www.facebook.com\/V2C.Charge","article_modified_time":"2025-01-16T15:36:34+00:00","og_image":[{"width":1200,"height":675,"url":"https:\/\/v2charge.com\/wp-content\/uploads\/2024\/07\/v2c-electric-chargers.jpg","type":"image\/jpeg"}],"twitter_card":"summary_large_image","twitter_site":"@V2C_Charge","twitter_misc":{"Tahmini okuma s\u00fcresi":"1 dakika"},"schema":{"@context":"https:\/\/schema.org","@graph":[{"@type":"WebPage","@id":"https:\/\/v2charge.com\/tr\/kilavuzlar-v2c\/","url":"https:\/\/v2charge.com\/tr\/kilavuzlar-v2c\/","name":"K\u0131lavuzlar\u0131m\u0131z\u0131 \u0130nceleyin - T\u00fcm e-Charger'lar | V2C","isPartOf":{"@id":"https:\/\/v2charge.com\/tr\/#website"},"primaryImageOfPage":{"@id":"https:\/\/v2charge.com\/tr\/kilavuzlar-v2c\/#primaryimage"},"image":{"@id":"https:\/\/v2charge.com\/tr\/kilavuzlar-v2c\/#primaryimage"},"thumbnailUrl":"https:\/\/v2charge.com\/wp-content\/uploads\/2024\/07\/v2c-electric-chargers.jpg","datePublished":"2017-10-31T12:11:52+00:00","dateModified":"2025-01-16T15:36:34+00:00","description":"Burada t\u00fcm \u015farj cihazlar\u0131m\u0131z i\u00e7in kurulum ve kullan\u0131c\u0131 k\u0131lavuzlar\u0131n\u0131 bulacaks\u0131n\u0131z. T\u00fcm bilgileri g\u00f6r\u00fcn.","breadcrumb":{"@id":"https:\/\/v2charge.com\/tr\/kilavuzlar-v2c\/#breadcrumb"},"inLanguage":"tr","potentialAction":[{"@type":"ReadAction","target":["https:\/\/v2charge.com\/tr\/kilavuzlar-v2c\/"]}]},{"@type":"ImageObject","inLanguage":"tr","@id":"https:\/\/v2charge.com\/tr\/kilavuzlar-v2c\/#primaryimage","url":"https:\/\/v2charge.com\/wp-content\/uploads\/2024\/07\/v2c-electric-chargers.jpg","contentUrl":"https:\/\/v2charge.com\/wp-content\/uploads\/2024\/07\/v2c-electric-chargers.jpg","width":1200,"height":675,"caption":"V2C Electric Chargers"},{"@type":"BreadcrumbList","@id":"https:\/\/v2charge.com\/tr\/kilavuzlar-v2c\/#breadcrumb","itemListElement":[{"@type":"ListItem","position":1,"name":"V2C","item":"https:\/\/v2charge.com\/tr\/"},{"@type":"ListItem","position":2,"name":"K\u0131lavuzlar V2C"}]},{"@type":"WebSite","@id":"https:\/\/v2charge.com\/tr\/#website","url":"https:\/\/v2charge.com\/tr\/","name":"V2C","description":"#CargandoElMa\u00f1ana","publisher":{"@id":"https:\/\/v2charge.com\/tr\/#organization"},"potentialAction":[{"@type":"SearchAction","target":{"@type":"EntryPoint","urlTemplate":"https:\/\/v2charge.com\/tr\/?s={search_term_string}"},"query-input":{"@type":"PropertyValueSpecification","valueRequired":true,"valueName":"search_term_string"}}],"inLanguage":"tr"},{"@type":"Organization","@id":"https:\/\/v2charge.com\/tr\/#organization","name":"V2C","url":"https:\/\/v2charge.com\/tr\/","logo":{"@type":"ImageObject","inLanguage":"tr","@id":"https:\/\/v2charge.com\/tr\/#\/schema\/logo\/image\/","url":"https:\/\/v2charge.com\/wp-content\/uploads\/2024\/11\/cropped-v2c-charge-logo-menu.png","contentUrl":"https:\/\/v2charge.com\/wp-content\/uploads\/2024\/11\/cropped-v2c-charge-logo-menu.png","width":984,"height":431,"caption":"V2C"},"image":{"@id":"https:\/\/v2charge.com\/tr\/#\/schema\/logo\/image\/"},"sameAs":["https:\/\/www.facebook.com\/V2C.Charge","https:\/\/x.com\/V2C_Charge","https:\/\/www.instagram.com\/v2c.charge\/","https:\/\/www.youtube.com\/@V2C","https:\/\/www.linkedin.com\/company\/v2c-chargers\/"]}]}},"uagb_featured_image_src":{"full":["https:\/\/v2charge.com\/wp-content\/uploads\/2024\/07\/v2c-electric-chargers.jpg",1200,675,false],"thumbnail":["https:\/\/v2charge.com\/wp-content\/uploads\/2024\/07\/v2c-electric-chargers-150x150.jpg",150,150,true],"medium":["https:\/\/v2charge.com\/wp-content\/uploads\/2024\/07\/v2c-electric-chargers-300x169.jpg",300,169,true],"medium_large":["https:\/\/v2charge.com\/wp-content\/uploads\/2024\/07\/v2c-electric-chargers-768x432.jpg",768,432,true],"large":["https:\/\/v2charge.com\/wp-content\/uploads\/2024\/07\/v2c-electric-chargers-1024x576.jpg",1024,576,true],"gs-tiny":["https:\/\/v2charge.com\/wp-content\/uploads\/2024\/07\/v2c-electric-chargers.jpg",50,28,false],"xl":["https:\/\/v2charge.com\/wp-content\/uploads\/2024\/07\/v2c-electric-chargers.jpg",1200,675,false],"xxl":["https:\/\/v2charge.com\/wp-content\/uploads\/2024\/07\/v2c-electric-chargers.jpg",1200,675,false],"xxxl":["https:\/\/v2charge.com\/wp-content\/uploads\/2024\/07\/v2c-electric-chargers.jpg",1200,675,false],"xxxxl":["https:\/\/v2charge.com\/wp-content\/uploads\/2024\/07\/v2c-electric-chargers.jpg",1200,675,false],"xxxxxl":["https:\/\/v2charge.com\/wp-content\/uploads\/2024\/07\/v2c-electric-chargers.jpg",1200,675,false],"1536x1536":["https:\/\/v2charge.com\/wp-content\/uploads\/2024\/07\/v2c-electric-chargers.jpg",1200,675,false],"2048x2048":["https:\/\/v2charge.com\/wp-content\/uploads\/2024\/07\/v2c-electric-chargers.jpg",1200,675,false]},"uagb_author_info":{"display_name":"V2C","author_link":"https:\/\/v2charge.com\/tr\/author\/root_k4eu7ki8\/"},"uagb_comment_info":0,"uagb_excerpt":"V2C e-Charger k\u0131lavuzlar\u0131 K\u0131lavuzu indirmek i\u00e7in \u00fcr\u00fcn\u00fc se\u00e7in","_links":{"self":[{"href":"https:\/\/v2charge.com\/tr\/wp-json\/wp\/v2\/pages\/314158","targetHints":{"allow":["GET"]}}],"collection":[{"href":"https:\/\/v2charge.com\/tr\/wp-json\/wp\/v2\/pages"}],"about":[{"href":"https:\/\/v2charge.com\/tr\/wp-json\/wp\/v2\/types\/page"}],"author":[{"embeddable":true,"href":"https:\/\/v2charge.com\/tr\/wp-json\/wp\/v2\/users\/1"}],"replies":[{"embeddable":true,"href":"https:\/\/v2charge.com\/tr\/wp-json\/wp\/v2\/comments?post=314158"}],"version-history":[{"count":0,"href":"https:\/\/v2charge.com\/tr\/wp-json\/wp\/v2\/pages\/314158\/revisions"}],"wp:featuredmedia":[{"embeddable":true,"href":"https:\/\/v2charge.com\/tr\/wp-json\/wp\/v2\/media\/170346"}],"wp:attachment":[{"href":"https:\/\/v2charge.com\/tr\/wp-json\/wp\/v2\/media?parent=314158"}],"curies":[{"name":"wp","href":"https:\/\/api.w.org\/{rel}","templated":true}]}}