{"id":314160,"date":"2021-12-31T13:08:13","date_gmt":"2021-12-31T13:08:13","guid":{"rendered":""},"modified":"2023-10-02T13:21:33","modified_gmt":"2023-10-02T11:21:33","slug":"v2c-sarj-noktanizi-wi-fi-ye-nasil-baglayacaginiz-hakkinda-bilgi-almak-icin-asagidaki-adimlari-izleyin","status":"publish","type":"page","link":"https:\/\/v2charge.com\/tr\/v2c-sarj-noktanizi-wi-fi-ye-nasil-baglayacaginiz-hakkinda-bilgi-almak-icin-asagidaki-adimlari-izleyin\/","title":{"rendered":"V2C \u015earj Noktan\u0131z\u0131 Wi-Fi&#8217;ye nas\u0131l ba\u011flayaca\u011f\u0131n\u0131z hakk\u0131nda bilgi almak i\u00e7in a\u015fa\u011f\u0131daki ad\u0131mlar\u0131 izleyin:"},"content":{"rendered":"\n<div style=\"height:60px\" aria-hidden=\"true\" class=\"wp-block-spacer\"><\/div>\n<h1>V2C \u015earj Noktam\u0131 wifi&#8217;ye nas\u0131l ba\u011flar\u0131m?<\/h1><p>Elinizdeki modele ba\u011fl\u0131 olarak i\u015flem bir \u015fekilde yap\u0131lacakt\u0131r. Ancak hepsinin ortak noktas\u0131, i\u015flemin mobil uygulama \u00fczerinden yap\u0131lmas\u0131 gerekti\u011fi ve Bluetooth&#8217;un etkinle\u015ftirilmi\u015f olmas\u0131 gerekti\u011fidir.<\/p>\n\n\n<blockquote class=\"wp-block-quote is-layout-flow wp-block-quote-is-layout-flow\"><p>Bluetooth kullan\u0131m\u0131, \u00e7o\u011fu Android cihazda konumun etkinle\u015ftirilmesini gerektirir.<\/p><\/blockquote>\n\n\n<p>\u015earj noktas\u0131 ile uygulama aras\u0131ndaki ba\u011flant\u0131 Bluetooth \u00fczerinden sa\u011flan\u0131r, <\/p>\n\n\n<ol class=\"wp-block-list\"><li>\u0130lk se\u00e7enek, cihaz e\u015fle\u015ftirilirken bunu yapmakt\u0131r (Bluetooth&#8217;un a\u00e7\u0131k olmas\u0131 ve cihaza birka\u00e7 metre mesafede bulunman\u0131z gerekir). E\u011fer e\u015fle\u015ftirme, cihaz\u0131n yan\u0131nda yap\u0131lmazsa veya o anda Bluetooth a\u00e7\u0131k de\u011filse, bunu atlayabilir ve daha sonra yapabilirsiniz).<\/li>\n\n<li>\u0130kinci se\u00e7enek men\u00fc arac\u0131l\u0131\u011f\u0131ylad\u0131r.<\/li><\/ol>\n\n\n<p>E\u011fer \u015farj noktas\u0131 internete ba\u011fl\u0131ysa, uygulamada dalga \u015feklinde baz\u0131 sinyaller g\u00f6r\u00fcnecektir. Bluetooth ba\u011flant\u0131s\u0131 m\u00fcmk\u00fcnse, uygulamada bluetooth simgesi belirecektir.<\/p>\n\n<div class=\"wp-block-image\">\n<figure class=\"aligncenter size-large is-resized\"><img decoding=\"async\" src=\"https:\/\/v2charge.com\/wp-content\/uploads\/2022\/12\/v2c-internet-bluetooth-731x1024.jpg\" alt=\"V2C APP Conexiones\" class=\"wp-image-90736\" width=\"366\" height=\"512\" srcset=\"https:\/\/v2charge.com\/wp-content\/uploads\/2022\/12\/v2c-internet-bluetooth-731x1024.jpg 731w, https:\/\/v2charge.com\/wp-content\/uploads\/2022\/12\/v2c-internet-bluetooth-214x300.jpg 214w, https:\/\/v2charge.com\/wp-content\/uploads\/2022\/12\/v2c-internet-bluetooth-768x1075.jpg 768w, https:\/\/v2charge.com\/wp-content\/uploads\/2022\/12\/v2c-internet-bluetooth-1097x1536.jpg 1097w, https:\/\/v2charge.com\/wp-content\/uploads\/2022\/12\/v2c-internet-bluetooth.jpg 1385w\" sizes=\"(max-width: 366px) 100vw, 366px\" \/><\/figure>\n<\/div>\n\n<p>Bluetooth ba\u011flant\u0131m\u0131z varsa, ana ekrandan cihaza eri\u015febiliriz. Bluetooth modunda \u015farj noktas\u0131na girece\u011fiz. Ayarlar sekmesine eri\u015fin.<\/p>\n\n<blockquote class=\"is-layout-flow wp-block-quote-is-layout-flow\"><p>Bluetooth ile kullan\u0131lamayan cihazlar, do\u011frudan Wifi ayarlar\u0131 sayfas\u0131na eri\u015fecektir.<\/p><\/blockquote>\n\n\n<figure><img decoding=\"async\" src=\"https:\/\/v2charge.com\/wp-content\/uploads\/2022\/12\/v2c-app-ajustes-731x1024.jpg\" alt=\"Ajustes V2C App\" width=\"366\" height=\"512\"\/><\/figure>\n\n\n<p>A\u015fa\u011f\u0131daki ayarlar men\u00fcs\u00fcne eri\u015ferek WIFI ayar\u0131n\u0131 se\u00e7ebiliriz.<\/p>\n\n\n<figure><img decoding=\"async\" src=\"https:\/\/v2charge.com\/wp-content\/uploads\/2022\/12\/configuracio\u0301n-app-v2c-731x1024.jpg\" alt=\"Configuraci\u00f3n App\" width=\"366\" height=\"512\"\/><\/figure>\n\n\n\n<figure><img decoding=\"async\" src=\"https:\/\/v2charge.com\/wp-content\/uploads\/2022\/12\/v2c-app-wifi-conectar-731x1024.jpg\" alt=\"V2C App Wi-Fi\" width=\"366\" height=\"512\"\/><\/figure>\n\n\n<p>Android cihazlarda, e\u011fer Wifi etkinse otomatik olarak mevcut olanlar\u0131 g\u00f6sterecektir, aksi takdirde Wifi SSID ad\u0131n\u0131, routerda oldu\u011fu gibi (b\u00fcy\u00fck harf ve k\u00fc\u00e7\u00fck harf duyarl\u0131l\u0131\u011f\u0131na dikkat ederek) yazman\u0131z gerekir. \u015eifreyi belirtin.<\/p>\n\n<p>Ekipmana ba\u011fl\u0131 olarak, o anda yeniden ba\u015flat\u0131lacakt\u0131r. Yeniden ba\u015flatmadan birka\u00e7 dakika sonra, uygulamada internet ba\u011flant\u0131l\u0131 \u015farj noktas\u0131 g\u00f6r\u00fcnmelidir. E\u011fer durum b\u00f6yle de\u011filse, \u015fifrenin do\u011fru oldu\u011funu kontrol edin. Ekipman\u0131n\u0131z\u0131n ba\u011fl\u0131 olup olmad\u0131\u011f\u0131n\u0131 \u00f6\u011frenmek i\u00e7in daha fazla bilgi, \u015farj noktas\u0131 k\u0131lavuzunda bulunmaktad\u0131r.<\/p>\n\n<blockquote class=\"is-layout-flow wp-block-quote-is-layout-flow\"><p>Cihaz\u0131 her zaman do\u011fru bir sinyal ile ula\u015fan bir wifi a\u011f\u0131na ba\u011flay\u0131n veya bir wifi tekrarlay\u0131c\u0131 kurun, aksi takdirde ba\u011flant\u0131 kopmas\u0131 veya k\u00f6t\u00fc \u00e7al\u0131\u015fma sorunlar\u0131 ya\u015fayabilirsiniz. <\/p><p>G\u00fcvenlik korumas\u0131 (firewall), DHCP engellemesi, port kapama vb. gibi bir t\u00fcr koruma i\u00e7eren Wifi a\u011flar\u0131 genellikle \u015firketlerle ili\u015fkilidir, bu yap\u0131land\u0131rma ilgili teknik sorumlu ile ger\u00e7ekle\u015ftirilmelidir. Daha fazla bilgi i\u00e7in destek hizmetimize ba\u015fvurun. <\/p><\/blockquote>\n\n\n<div style=\"height:60px\" aria-hidden=\"true\" class=\"wp-block-spacer\"><\/div>\n","protected":false},"excerpt":{"rendered":"<p>V2C \u015earj Noktam\u0131 wifi&#8217;ye nas\u0131l ba\u011flar\u0131m? Elinizdeki modele ba\u011fl\u0131 olarak i\u015flem bir \u015fekilde yap\u0131lacakt\u0131r. Ancak hepsinin ortak noktas\u0131, i\u015flemin mobil uygulama \u00fczerinden yap\u0131lmas\u0131 gerekti\u011fi ve Bluetooth&#8217;un etkinle\u015ftirilmi\u015f olmas\u0131 gerekti\u011fidir. Bluetooth kullan\u0131m\u0131, \u00e7o\u011fu Android cihazda konumun etkinle\u015ftirilmesini gerektirir. \u015earj noktas\u0131 ile uygulama aras\u0131ndaki ba\u011flant\u0131 Bluetooth \u00fczerinden sa\u011flan\u0131r, E\u011fer \u015farj noktas\u0131 internete ba\u011fl\u0131ysa, uygulamada dalga \u015feklinde baz\u0131 &#8230; <a title=\"V2C \u015earj Noktan\u0131z\u0131 Wi-Fi&#8217;ye nas\u0131l ba\u011flayaca\u011f\u0131n\u0131z hakk\u0131nda bilgi almak i\u00e7in a\u015fa\u011f\u0131daki ad\u0131mlar\u0131 izleyin:\" class=\"read-more\" href=\"https:\/\/v2charge.com\/tr\/v2c-sarj-noktanizi-wi-fi-ye-nasil-baglayacaginiz-hakkinda-bilgi-almak-icin-asagidaki-adimlari-izleyin\/\" aria-label=\"Read more about V2C \u015earj Noktan\u0131z\u0131 Wi-Fi&#8217;ye nas\u0131l ba\u011flayaca\u011f\u0131n\u0131z hakk\u0131nda bilgi almak i\u00e7in a\u015fa\u011f\u0131daki ad\u0131mlar\u0131 izleyin:\">Devam\u0131n\u0131 oku<\/a><\/p>\n","protected":false},"author":1,"featured_media":170354,"parent":0,"menu_order":0,"comment_status":"closed","ping_status":"closed","template":"","meta":{"_eb_attr":"","content-type":"","_uag_custom_page_level_css":"","footnotes":""},"class_list":["post-314160","page","type-page","status-publish","has-post-thumbnail"],"yoast_head":"<!-- This site is optimized with the Yoast SEO plugin v25.3.1 - https:\/\/yoast.com\/wordpress\/plugins\/seo\/ -->\n<title>Elektrikli \u015earj Noktam\u0131 Wifi&#039;ye Nas\u0131l Ba\u011flar\u0131m? | V2C<\/title>\n<meta name=\"description\" content=\"V2C elektrikli \u015farj istasyonunuzu Wi-Fi&#039;ye nas\u0131l ba\u011flayaca\u011f\u0131n\u0131z\u0131 a\u00e7\u0131kl\u0131yoruz. e-Chargers&#039;lar\u0131m\u0131zla en son teknolojinin tad\u0131n\u0131 \u00e7\u0131kar\u0131n.\" \/>\n<meta name=\"robots\" content=\"index, follow, max-snippet:-1, max-image-preview:large, max-video-preview:-1\" \/>\n<link rel=\"canonical\" href=\"https:\/\/v2charge.com\/tr\/v2c-sarj-noktanizi-wi-fi-ye-nasil-baglayacaginiz-hakkinda-bilgi-almak-icin-asagidaki-adimlari-izleyin\/\" \/>\n<meta property=\"og:locale\" content=\"tr_TR\" \/>\n<meta property=\"og:type\" content=\"article\" \/>\n<meta property=\"og:title\" content=\"Elektrikli \u015earj Noktam\u0131 Wifi&#039;ye Nas\u0131l Ba\u011flar\u0131m? | V2C\" \/>\n<meta property=\"og:description\" content=\"V2C elektrikli \u015farj istasyonunuzu Wi-Fi&#039;ye nas\u0131l ba\u011flayaca\u011f\u0131n\u0131z\u0131 a\u00e7\u0131kl\u0131yoruz. e-Chargers&#039;lar\u0131m\u0131zla en son teknolojinin tad\u0131n\u0131 \u00e7\u0131kar\u0131n.\" \/>\n<meta property=\"og:url\" content=\"https:\/\/v2charge.com\/tr\/v2c-sarj-noktanizi-wi-fi-ye-nasil-baglayacaginiz-hakkinda-bilgi-almak-icin-asagidaki-adimlari-izleyin\/\" \/>\n<meta property=\"og:site_name\" content=\"V2C\" \/>\n<meta property=\"article:publisher\" content=\"https:\/\/www.facebook.com\/V2C.Charge\" \/>\n<meta property=\"article:modified_time\" content=\"2023-10-02T11:21:33+00:00\" \/>\n<meta property=\"og:image\" content=\"https:\/\/v2charge.com\/wp-content\/uploads\/2024\/07\/v2c-electric-chargers.jpg\" \/>\n\t<meta property=\"og:image:width\" content=\"1200\" \/>\n\t<meta property=\"og:image:height\" content=\"675\" \/>\n\t<meta property=\"og:image:type\" content=\"image\/jpeg\" \/>\n<meta name=\"twitter:card\" content=\"summary_large_image\" \/>\n<meta name=\"twitter:site\" content=\"@V2C_Charge\" \/>\n<meta name=\"twitter:label1\" content=\"Tahmini okuma s\u00fcresi\" \/>\n\t<meta name=\"twitter:data1\" content=\"3 dakika\" \/>\n<script type=\"application\/ld+json\" class=\"yoast-schema-graph\">{\"@context\":\"https:\/\/schema.org\",\"@graph\":[{\"@type\":\"WebPage\",\"@id\":\"https:\/\/v2charge.com\/tr\/v2c-sarj-noktanizi-wi-fi-ye-nasil-baglayacaginiz-hakkinda-bilgi-almak-icin-asagidaki-adimlari-izleyin\/\",\"url\":\"https:\/\/v2charge.com\/tr\/v2c-sarj-noktanizi-wi-fi-ye-nasil-baglayacaginiz-hakkinda-bilgi-almak-icin-asagidaki-adimlari-izleyin\/\",\"name\":\"Elektrikli \u015earj Noktam\u0131 Wifi'ye Nas\u0131l Ba\u011flar\u0131m? | V2C\",\"isPartOf\":{\"@id\":\"https:\/\/v2charge.com\/tr\/#website\"},\"primaryImageOfPage\":{\"@id\":\"https:\/\/v2charge.com\/tr\/v2c-sarj-noktanizi-wi-fi-ye-nasil-baglayacaginiz-hakkinda-bilgi-almak-icin-asagidaki-adimlari-izleyin\/#primaryimage\"},\"image\":{\"@id\":\"https:\/\/v2charge.com\/tr\/v2c-sarj-noktanizi-wi-fi-ye-nasil-baglayacaginiz-hakkinda-bilgi-almak-icin-asagidaki-adimlari-izleyin\/#primaryimage\"},\"thumbnailUrl\":\"https:\/\/v2charge.com\/wp-content\/uploads\/2024\/07\/v2c-electric-chargers.jpg\",\"datePublished\":\"2021-12-31T13:08:13+00:00\",\"dateModified\":\"2023-10-02T11:21:33+00:00\",\"description\":\"V2C elektrikli \u015farj istasyonunuzu Wi-Fi'ye nas\u0131l ba\u011flayaca\u011f\u0131n\u0131z\u0131 a\u00e7\u0131kl\u0131yoruz. e-Chargers'lar\u0131m\u0131zla en son teknolojinin tad\u0131n\u0131 \u00e7\u0131kar\u0131n.\",\"breadcrumb\":{\"@id\":\"https:\/\/v2charge.com\/tr\/v2c-sarj-noktanizi-wi-fi-ye-nasil-baglayacaginiz-hakkinda-bilgi-almak-icin-asagidaki-adimlari-izleyin\/#breadcrumb\"},\"inLanguage\":\"tr\",\"potentialAction\":[{\"@type\":\"ReadAction\",\"target\":[\"https:\/\/v2charge.com\/tr\/v2c-sarj-noktanizi-wi-fi-ye-nasil-baglayacaginiz-hakkinda-bilgi-almak-icin-asagidaki-adimlari-izleyin\/\"]}]},{\"@type\":\"ImageObject\",\"inLanguage\":\"tr\",\"@id\":\"https:\/\/v2charge.com\/tr\/v2c-sarj-noktanizi-wi-fi-ye-nasil-baglayacaginiz-hakkinda-bilgi-almak-icin-asagidaki-adimlari-izleyin\/#primaryimage\",\"url\":\"https:\/\/v2charge.com\/wp-content\/uploads\/2024\/07\/v2c-electric-chargers.jpg\",\"contentUrl\":\"https:\/\/v2charge.com\/wp-content\/uploads\/2024\/07\/v2c-electric-chargers.jpg\",\"width\":1200,\"height\":675,\"caption\":\"V2C Electric Chargers\"},{\"@type\":\"BreadcrumbList\",\"@id\":\"https:\/\/v2charge.com\/tr\/v2c-sarj-noktanizi-wi-fi-ye-nasil-baglayacaginiz-hakkinda-bilgi-almak-icin-asagidaki-adimlari-izleyin\/#breadcrumb\",\"itemListElement\":[{\"@type\":\"ListItem\",\"position\":1,\"name\":\"V2C\",\"item\":\"https:\/\/v2charge.com\/tr\/\"},{\"@type\":\"ListItem\",\"position\":2,\"name\":\"V2C \u015earj Noktan\u0131z\u0131 Wi-Fi&#8217;ye nas\u0131l ba\u011flayaca\u011f\u0131n\u0131z hakk\u0131nda bilgi almak i\u00e7in a\u015fa\u011f\u0131daki ad\u0131mlar\u0131 izleyin:\"}]},{\"@type\":\"WebSite\",\"@id\":\"https:\/\/v2charge.com\/tr\/#website\",\"url\":\"https:\/\/v2charge.com\/tr\/\",\"name\":\"V2C\",\"description\":\"#CargandoElMa\u00f1ana\",\"publisher\":{\"@id\":\"https:\/\/v2charge.com\/tr\/#organization\"},\"potentialAction\":[{\"@type\":\"SearchAction\",\"target\":{\"@type\":\"EntryPoint\",\"urlTemplate\":\"https:\/\/v2charge.com\/tr\/?s={search_term_string}\"},\"query-input\":{\"@type\":\"PropertyValueSpecification\",\"valueRequired\":true,\"valueName\":\"search_term_string\"}}],\"inLanguage\":\"tr\"},{\"@type\":\"Organization\",\"@id\":\"https:\/\/v2charge.com\/tr\/#organization\",\"name\":\"V2C\",\"url\":\"https:\/\/v2charge.com\/tr\/\",\"logo\":{\"@type\":\"ImageObject\",\"inLanguage\":\"tr\",\"@id\":\"https:\/\/v2charge.com\/tr\/#\/schema\/logo\/image\/\",\"url\":\"https:\/\/v2charge.com\/wp-content\/uploads\/2024\/11\/cropped-v2c-charge-logo-menu.png\",\"contentUrl\":\"https:\/\/v2charge.com\/wp-content\/uploads\/2024\/11\/cropped-v2c-charge-logo-menu.png\",\"width\":984,\"height\":431,\"caption\":\"V2C\"},\"image\":{\"@id\":\"https:\/\/v2charge.com\/tr\/#\/schema\/logo\/image\/\"},\"sameAs\":[\"https:\/\/www.facebook.com\/V2C.Charge\",\"https:\/\/x.com\/V2C_Charge\",\"https:\/\/www.instagram.com\/v2c.charge\/\",\"https:\/\/www.youtube.com\/@V2C\",\"https:\/\/www.linkedin.com\/company\/v2c-chargers\/\"]}]}<\/script>\n<!-- \/ Yoast SEO plugin. -->","yoast_head_json":{"title":"Elektrikli \u015earj Noktam\u0131 Wifi'ye Nas\u0131l Ba\u011flar\u0131m? | V2C","description":"V2C elektrikli \u015farj istasyonunuzu Wi-Fi'ye nas\u0131l ba\u011flayaca\u011f\u0131n\u0131z\u0131 a\u00e7\u0131kl\u0131yoruz. e-Chargers'lar\u0131m\u0131zla en son teknolojinin tad\u0131n\u0131 \u00e7\u0131kar\u0131n.","robots":{"index":"index","follow":"follow","max-snippet":"max-snippet:-1","max-image-preview":"max-image-preview:large","max-video-preview":"max-video-preview:-1"},"canonical":"https:\/\/v2charge.com\/tr\/v2c-sarj-noktanizi-wi-fi-ye-nasil-baglayacaginiz-hakkinda-bilgi-almak-icin-asagidaki-adimlari-izleyin\/","og_locale":"tr_TR","og_type":"article","og_title":"Elektrikli \u015earj Noktam\u0131 Wifi'ye Nas\u0131l Ba\u011flar\u0131m? | V2C","og_description":"V2C elektrikli \u015farj istasyonunuzu Wi-Fi'ye nas\u0131l ba\u011flayaca\u011f\u0131n\u0131z\u0131 a\u00e7\u0131kl\u0131yoruz. e-Chargers'lar\u0131m\u0131zla en son teknolojinin tad\u0131n\u0131 \u00e7\u0131kar\u0131n.","og_url":"https:\/\/v2charge.com\/tr\/v2c-sarj-noktanizi-wi-fi-ye-nasil-baglayacaginiz-hakkinda-bilgi-almak-icin-asagidaki-adimlari-izleyin\/","og_site_name":"V2C","article_publisher":"https:\/\/www.facebook.com\/V2C.Charge","article_modified_time":"2023-10-02T11:21:33+00:00","og_image":[{"width":1200,"height":675,"url":"https:\/\/v2charge.com\/wp-content\/uploads\/2024\/07\/v2c-electric-chargers.jpg","type":"image\/jpeg"}],"twitter_card":"summary_large_image","twitter_site":"@V2C_Charge","twitter_misc":{"Tahmini okuma s\u00fcresi":"3 dakika"},"schema":{"@context":"https:\/\/schema.org","@graph":[{"@type":"WebPage","@id":"https:\/\/v2charge.com\/tr\/v2c-sarj-noktanizi-wi-fi-ye-nasil-baglayacaginiz-hakkinda-bilgi-almak-icin-asagidaki-adimlari-izleyin\/","url":"https:\/\/v2charge.com\/tr\/v2c-sarj-noktanizi-wi-fi-ye-nasil-baglayacaginiz-hakkinda-bilgi-almak-icin-asagidaki-adimlari-izleyin\/","name":"Elektrikli \u015earj Noktam\u0131 Wifi'ye Nas\u0131l Ba\u011flar\u0131m? | V2C","isPartOf":{"@id":"https:\/\/v2charge.com\/tr\/#website"},"primaryImageOfPage":{"@id":"https:\/\/v2charge.com\/tr\/v2c-sarj-noktanizi-wi-fi-ye-nasil-baglayacaginiz-hakkinda-bilgi-almak-icin-asagidaki-adimlari-izleyin\/#primaryimage"},"image":{"@id":"https:\/\/v2charge.com\/tr\/v2c-sarj-noktanizi-wi-fi-ye-nasil-baglayacaginiz-hakkinda-bilgi-almak-icin-asagidaki-adimlari-izleyin\/#primaryimage"},"thumbnailUrl":"https:\/\/v2charge.com\/wp-content\/uploads\/2024\/07\/v2c-electric-chargers.jpg","datePublished":"2021-12-31T13:08:13+00:00","dateModified":"2023-10-02T11:21:33+00:00","description":"V2C elektrikli \u015farj istasyonunuzu Wi-Fi'ye nas\u0131l ba\u011flayaca\u011f\u0131n\u0131z\u0131 a\u00e7\u0131kl\u0131yoruz. e-Chargers'lar\u0131m\u0131zla en son teknolojinin tad\u0131n\u0131 \u00e7\u0131kar\u0131n.","breadcrumb":{"@id":"https:\/\/v2charge.com\/tr\/v2c-sarj-noktanizi-wi-fi-ye-nasil-baglayacaginiz-hakkinda-bilgi-almak-icin-asagidaki-adimlari-izleyin\/#breadcrumb"},"inLanguage":"tr","potentialAction":[{"@type":"ReadAction","target":["https:\/\/v2charge.com\/tr\/v2c-sarj-noktanizi-wi-fi-ye-nasil-baglayacaginiz-hakkinda-bilgi-almak-icin-asagidaki-adimlari-izleyin\/"]}]},{"@type":"ImageObject","inLanguage":"tr","@id":"https:\/\/v2charge.com\/tr\/v2c-sarj-noktanizi-wi-fi-ye-nasil-baglayacaginiz-hakkinda-bilgi-almak-icin-asagidaki-adimlari-izleyin\/#primaryimage","url":"https:\/\/v2charge.com\/wp-content\/uploads\/2024\/07\/v2c-electric-chargers.jpg","contentUrl":"https:\/\/v2charge.com\/wp-content\/uploads\/2024\/07\/v2c-electric-chargers.jpg","width":1200,"height":675,"caption":"V2C Electric Chargers"},{"@type":"BreadcrumbList","@id":"https:\/\/v2charge.com\/tr\/v2c-sarj-noktanizi-wi-fi-ye-nasil-baglayacaginiz-hakkinda-bilgi-almak-icin-asagidaki-adimlari-izleyin\/#breadcrumb","itemListElement":[{"@type":"ListItem","position":1,"name":"V2C","item":"https:\/\/v2charge.com\/tr\/"},{"@type":"ListItem","position":2,"name":"V2C \u015earj Noktan\u0131z\u0131 Wi-Fi&#8217;ye nas\u0131l ba\u011flayaca\u011f\u0131n\u0131z hakk\u0131nda bilgi almak i\u00e7in a\u015fa\u011f\u0131daki ad\u0131mlar\u0131 izleyin:"}]},{"@type":"WebSite","@id":"https:\/\/v2charge.com\/tr\/#website","url":"https:\/\/v2charge.com\/tr\/","name":"V2C","description":"#CargandoElMa\u00f1ana","publisher":{"@id":"https:\/\/v2charge.com\/tr\/#organization"},"potentialAction":[{"@type":"SearchAction","target":{"@type":"EntryPoint","urlTemplate":"https:\/\/v2charge.com\/tr\/?s={search_term_string}"},"query-input":{"@type":"PropertyValueSpecification","valueRequired":true,"valueName":"search_term_string"}}],"inLanguage":"tr"},{"@type":"Organization","@id":"https:\/\/v2charge.com\/tr\/#organization","name":"V2C","url":"https:\/\/v2charge.com\/tr\/","logo":{"@type":"ImageObject","inLanguage":"tr","@id":"https:\/\/v2charge.com\/tr\/#\/schema\/logo\/image\/","url":"https:\/\/v2charge.com\/wp-content\/uploads\/2024\/11\/cropped-v2c-charge-logo-menu.png","contentUrl":"https:\/\/v2charge.com\/wp-content\/uploads\/2024\/11\/cropped-v2c-charge-logo-menu.png","width":984,"height":431,"caption":"V2C"},"image":{"@id":"https:\/\/v2charge.com\/tr\/#\/schema\/logo\/image\/"},"sameAs":["https:\/\/www.facebook.com\/V2C.Charge","https:\/\/x.com\/V2C_Charge","https:\/\/www.instagram.com\/v2c.charge\/","https:\/\/www.youtube.com\/@V2C","https:\/\/www.linkedin.com\/company\/v2c-chargers\/"]}]}},"uagb_featured_image_src":{"full":["https:\/\/v2charge.com\/wp-content\/uploads\/2024\/07\/v2c-electric-chargers.jpg",1200,675,false],"thumbnail":["https:\/\/v2charge.com\/wp-content\/uploads\/2024\/07\/v2c-electric-chargers-150x150.jpg",150,150,true],"medium":["https:\/\/v2charge.com\/wp-content\/uploads\/2024\/07\/v2c-electric-chargers-300x169.jpg",300,169,true],"medium_large":["https:\/\/v2charge.com\/wp-content\/uploads\/2024\/07\/v2c-electric-chargers-768x432.jpg",768,432,true],"large":["https:\/\/v2charge.com\/wp-content\/uploads\/2024\/07\/v2c-electric-chargers-1024x576.jpg",1024,576,true],"gs-tiny":["https:\/\/v2charge.com\/wp-content\/uploads\/2024\/07\/v2c-electric-chargers.jpg",50,28,false],"xl":["https:\/\/v2charge.com\/wp-content\/uploads\/2024\/07\/v2c-electric-chargers.jpg",1200,675,false],"xxl":["https:\/\/v2charge.com\/wp-content\/uploads\/2024\/07\/v2c-electric-chargers.jpg",1200,675,false],"xxxl":["https:\/\/v2charge.com\/wp-content\/uploads\/2024\/07\/v2c-electric-chargers.jpg",1200,675,false],"xxxxl":["https:\/\/v2charge.com\/wp-content\/uploads\/2024\/07\/v2c-electric-chargers.jpg",1200,675,false],"xxxxxl":["https:\/\/v2charge.com\/wp-content\/uploads\/2024\/07\/v2c-electric-chargers.jpg",1200,675,false],"1536x1536":["https:\/\/v2charge.com\/wp-content\/uploads\/2024\/07\/v2c-electric-chargers.jpg",1200,675,false],"2048x2048":["https:\/\/v2charge.com\/wp-content\/uploads\/2024\/07\/v2c-electric-chargers.jpg",1200,675,false]},"uagb_author_info":{"display_name":"V2C","author_link":"https:\/\/v2charge.com\/tr\/author\/root_k4eu7ki8\/"},"uagb_comment_info":0,"uagb_excerpt":"V2C \u015earj Noktam\u0131 wifi&#8217;ye nas\u0131l ba\u011flar\u0131m? Elinizdeki modele ba\u011fl\u0131 olarak i\u015flem bir \u015fekilde yap\u0131lacakt\u0131r. Ancak hepsinin ortak noktas\u0131, i\u015flemin mobil uygulama \u00fczerinden yap\u0131lmas\u0131 gerekti\u011fi ve Bluetooth&#8217;un etkinle\u015ftirilmi\u015f olmas\u0131 gerekti\u011fidir. Bluetooth kullan\u0131m\u0131, \u00e7o\u011fu Android cihazda konumun etkinle\u015ftirilmesini gerektirir. \u015earj noktas\u0131 ile uygulama aras\u0131ndaki ba\u011flant\u0131 Bluetooth \u00fczerinden sa\u011flan\u0131r, E\u011fer \u015farj noktas\u0131 internete ba\u011fl\u0131ysa, uygulamada dalga \u015feklinde baz\u0131&hellip;","_links":{"self":[{"href":"https:\/\/v2charge.com\/tr\/wp-json\/wp\/v2\/pages\/314160","targetHints":{"allow":["GET"]}}],"collection":[{"href":"https:\/\/v2charge.com\/tr\/wp-json\/wp\/v2\/pages"}],"about":[{"href":"https:\/\/v2charge.com\/tr\/wp-json\/wp\/v2\/types\/page"}],"author":[{"embeddable":true,"href":"https:\/\/v2charge.com\/tr\/wp-json\/wp\/v2\/users\/1"}],"replies":[{"embeddable":true,"href":"https:\/\/v2charge.com\/tr\/wp-json\/wp\/v2\/comments?post=314160"}],"version-history":[{"count":0,"href":"https:\/\/v2charge.com\/tr\/wp-json\/wp\/v2\/pages\/314160\/revisions"}],"wp:featuredmedia":[{"embeddable":true,"href":"https:\/\/v2charge.com\/tr\/wp-json\/wp\/v2\/media\/170354"}],"wp:attachment":[{"href":"https:\/\/v2charge.com\/tr\/wp-json\/wp\/v2\/media?parent=314160"}],"curies":[{"name":"wp","href":"https:\/\/api.w.org\/{rel}","templated":true}]}}