{"id":314164,"date":"2022-02-22T18:25:29","date_gmt":"2022-02-22T18:25:29","guid":{"rendered":""},"modified":"2023-06-12T11:08:31","modified_gmt":"2023-06-12T11:08:31","slug":"itc-bt-52-semasi-icin-sonsuz-empedansli-trydan-sarj-noktasi","status":"publish","type":"page","link":"https:\/\/v2charge.com\/tr\/itc-bt-52-semasi-icin-sonsuz-empedansli-trydan-sarj-noktasi\/","title":{"rendered":"ITC BT 52 \u015femas\u0131 i\u00e7in sonsuz empedansl\u0131 Trydan \u015earj Noktas\u0131"},"content":{"rendered":"\n<div style=\"height:60px\" aria-hidden=\"true\" class=\"wp-block-spacer\"><\/div>\n\n\n<h1 class=\"wp-block-heading\">ITC BT 52 \u015femas\u0131 i\u00e7in sonsuz empedansl\u0131 Trydan \u015earj Noktas\u0131<\/h1>\n\n<p>\u0130spanyol d\u00fczenlemesi ITC BT 52, elektrikli ara\u00e7 \u015farj noktalar\u0131n\u0131n kurulum \u015femas\u0131nda, <strong>sayac\u0131 evden yeniden ayarlama<\/strong> (yeniden ayarlay\u0131c\u0131) gereksinimini belirlemektedir. Bu, g\u00fcvenlikten \u00e7ok bir konfor meselesidir, ancak d\u00fczenlemede b\u00f6yle tan\u0131mlanm\u0131\u015ft\u0131r.<\/p>\n\n<blockquote class=\"is-layout-flow wp-block-quote-is-layout-flow\"><p>\u015eema 2 i\u00e7in [&#8230;]. M\u00fc\u015fteri taraf\u0131ndan talep edilen g\u00fc\u00e7 kontrol fonksiyonu, ba\u011f\u0131ms\u0131z bir ICP kurmaya gerek kalmadan ana saya\u00e7 taraf\u0131ndan ger\u00e7ekle\u015ftirilecektir. G\u00fc\u00e7 kontrol fonksiyonu devreye girdi\u011finde, yeniden ayar\u0131 do\u011frudan konuttan yap\u0131lacakt\u0131r.<\/p><\/blockquote>\n\n<p>Bu, sayac\u0131 kendi evinizden yeniden ayarlayabilmeniz gerekti\u011fi anlam\u0131na gelir. e-Charger <a href=\"https:\/\/v2charge.com\/tr\/trydan\/\">Trydan<\/a>, korumalar dahil versiyonunda, otomatik olarak <strong>sonsuz empedans<\/strong> (ayn\u0131 zamanda s\u0131f\u0131r empedans olarak da adland\u0131r\u0131l\u0131r) sunar; bu, sayac\u0131n \u015farj noktas\u0131n\u0131 alg\u0131lamas\u0131n\u0131 engeller. Bu, otomatik olarak, evlerimizin genel otomati\u011fini (veya eski ICP&#8217;yi) indirip kald\u0131rarak, kurulumu yeniden ayarlayaca\u011f\u0131m\u0131z anlam\u0131na gelir.<\/p>\n\n<p> sonsuz empedans, <strong>V2C taraf\u0131ndan geli\u015ftirilen bir teknolojidir<\/strong>, bu sayede saya\u00e7, \u015farj noktas\u0131n\u0131 g\u00f6rmez.<\/p>\n\n<p>Trydan \u015farj noktas\u0131 en son teknolojiye sahiptir ve kurulumculara\/m\u00fc\u015fterilere <strong>kurulum maliyetlerini d\u00fc\u015f\u00fcrme<\/strong> imkan\u0131 sunar. Bu \u015farj noktas\u0131 ile pahal\u0131 bir yeniden ayarlay\u0131c\u0131, r\u00f6le vb. kurman\u0131za gerek kalmayacak.<\/p>\n\n\n<div style=\"height:60px\" aria-hidden=\"true\" class=\"wp-block-spacer\"><\/div>\n","protected":false},"excerpt":{"rendered":"<p>ITC BT 52 \u015femas\u0131 i\u00e7in sonsuz empedansl\u0131 Trydan \u015earj Noktas\u0131 \u0130spanyol d\u00fczenlemesi ITC BT 52, elektrikli ara\u00e7 \u015farj noktalar\u0131n\u0131n kurulum \u015femas\u0131nda, sayac\u0131 evden yeniden ayarlama (yeniden ayarlay\u0131c\u0131) gereksinimini belirlemektedir. Bu, g\u00fcvenlikten \u00e7ok bir konfor meselesidir, ancak d\u00fczenlemede b\u00f6yle tan\u0131mlanm\u0131\u015ft\u0131r. \u015eema 2 i\u00e7in [&#8230;]. M\u00fc\u015fteri taraf\u0131ndan talep edilen g\u00fc\u00e7 kontrol fonksiyonu, ba\u011f\u0131ms\u0131z bir ICP kurmaya gerek &#8230; <a title=\"ITC BT 52 \u015femas\u0131 i\u00e7in sonsuz empedansl\u0131 Trydan \u015earj Noktas\u0131\" class=\"read-more\" href=\"https:\/\/v2charge.com\/tr\/itc-bt-52-semasi-icin-sonsuz-empedansli-trydan-sarj-noktasi\/\" aria-label=\"Read more about ITC BT 52 \u015femas\u0131 i\u00e7in sonsuz empedansl\u0131 Trydan \u015earj Noktas\u0131\">Devam\u0131n\u0131 oku<\/a><\/p>\n","protected":false},"author":1,"featured_media":170354,"parent":0,"menu_order":0,"comment_status":"closed","ping_status":"closed","template":"","meta":{"_eb_attr":"","content-type":"","_uag_custom_page_level_css":"","footnotes":""},"class_list":["post-314164","page","type-page","status-publish","has-post-thumbnail"],"yoast_head":"<!-- This site is optimized with the Yoast SEO plugin v25.3.1 - https:\/\/yoast.com\/wordpress\/plugins\/seo\/ -->\n<title>\u015earj noktalar\u0131nda sonsuz empedans<\/title>\n<meta name=\"description\" content=\"Sonsuz empedansl\u0131 elektrikli ara\u00e7lar i\u00e7in \u015farj noktas\u0131 | Evi kullanarak \u015farj cihaz\u0131n\u0131 yeniden yap\u0131land\u0131r\u0131n | V2C\" \/>\n<meta name=\"robots\" content=\"index, follow, max-snippet:-1, max-image-preview:large, max-video-preview:-1\" \/>\n<link rel=\"canonical\" href=\"https:\/\/v2charge.com\/tr\/itc-bt-52-semasi-icin-sonsuz-empedansli-trydan-sarj-noktasi\/\" \/>\n<meta property=\"og:locale\" content=\"tr_TR\" \/>\n<meta property=\"og:type\" content=\"article\" \/>\n<meta property=\"og:title\" content=\"\u015earj noktalar\u0131nda sonsuz empedans\" \/>\n<meta property=\"og:description\" content=\"Sonsuz empedansl\u0131 elektrikli ara\u00e7lar i\u00e7in \u015farj noktas\u0131 | Evi kullanarak \u015farj cihaz\u0131n\u0131 yeniden yap\u0131land\u0131r\u0131n | V2C\" \/>\n<meta property=\"og:url\" content=\"https:\/\/v2charge.com\/tr\/itc-bt-52-semasi-icin-sonsuz-empedansli-trydan-sarj-noktasi\/\" \/>\n<meta property=\"og:site_name\" content=\"V2C\" \/>\n<meta property=\"article:publisher\" content=\"https:\/\/www.facebook.com\/V2C.Charge\" \/>\n<meta property=\"article:modified_time\" content=\"2023-06-12T11:08:31+00:00\" \/>\n<meta property=\"og:image\" content=\"https:\/\/v2charge.com\/wp-content\/uploads\/2024\/07\/v2c-electric-chargers.jpg\" \/>\n\t<meta property=\"og:image:width\" content=\"1200\" \/>\n\t<meta property=\"og:image:height\" content=\"675\" \/>\n\t<meta property=\"og:image:type\" content=\"image\/jpeg\" \/>\n<meta name=\"twitter:card\" content=\"summary_large_image\" \/>\n<meta name=\"twitter:site\" content=\"@V2C_Charge\" \/>\n<meta name=\"twitter:label1\" content=\"Tahmini okuma s\u00fcresi\" \/>\n\t<meta name=\"twitter:data1\" content=\"2 dakika\" \/>\n<script type=\"application\/ld+json\" class=\"yoast-schema-graph\">{\"@context\":\"https:\/\/schema.org\",\"@graph\":[{\"@type\":\"WebPage\",\"@id\":\"https:\/\/v2charge.com\/tr\/itc-bt-52-semasi-icin-sonsuz-empedansli-trydan-sarj-noktasi\/\",\"url\":\"https:\/\/v2charge.com\/tr\/itc-bt-52-semasi-icin-sonsuz-empedansli-trydan-sarj-noktasi\/\",\"name\":\"\u015earj noktalar\u0131nda sonsuz empedans\",\"isPartOf\":{\"@id\":\"https:\/\/v2charge.com\/tr\/#website\"},\"primaryImageOfPage\":{\"@id\":\"https:\/\/v2charge.com\/tr\/itc-bt-52-semasi-icin-sonsuz-empedansli-trydan-sarj-noktasi\/#primaryimage\"},\"image\":{\"@id\":\"https:\/\/v2charge.com\/tr\/itc-bt-52-semasi-icin-sonsuz-empedansli-trydan-sarj-noktasi\/#primaryimage\"},\"thumbnailUrl\":\"https:\/\/v2charge.com\/wp-content\/uploads\/2024\/07\/v2c-electric-chargers.jpg\",\"datePublished\":\"2022-02-22T18:25:29+00:00\",\"dateModified\":\"2023-06-12T11:08:31+00:00\",\"description\":\"Sonsuz empedansl\u0131 elektrikli ara\u00e7lar i\u00e7in \u015farj noktas\u0131 | Evi kullanarak \u015farj cihaz\u0131n\u0131 yeniden yap\u0131land\u0131r\u0131n | V2C\",\"breadcrumb\":{\"@id\":\"https:\/\/v2charge.com\/tr\/itc-bt-52-semasi-icin-sonsuz-empedansli-trydan-sarj-noktasi\/#breadcrumb\"},\"inLanguage\":\"tr\",\"potentialAction\":[{\"@type\":\"ReadAction\",\"target\":[\"https:\/\/v2charge.com\/tr\/itc-bt-52-semasi-icin-sonsuz-empedansli-trydan-sarj-noktasi\/\"]}]},{\"@type\":\"ImageObject\",\"inLanguage\":\"tr\",\"@id\":\"https:\/\/v2charge.com\/tr\/itc-bt-52-semasi-icin-sonsuz-empedansli-trydan-sarj-noktasi\/#primaryimage\",\"url\":\"https:\/\/v2charge.com\/wp-content\/uploads\/2024\/07\/v2c-electric-chargers.jpg\",\"contentUrl\":\"https:\/\/v2charge.com\/wp-content\/uploads\/2024\/07\/v2c-electric-chargers.jpg\",\"width\":1200,\"height\":675,\"caption\":\"V2C Electric Chargers\"},{\"@type\":\"BreadcrumbList\",\"@id\":\"https:\/\/v2charge.com\/tr\/itc-bt-52-semasi-icin-sonsuz-empedansli-trydan-sarj-noktasi\/#breadcrumb\",\"itemListElement\":[{\"@type\":\"ListItem\",\"position\":1,\"name\":\"V2C\",\"item\":\"https:\/\/v2charge.com\/tr\/\"},{\"@type\":\"ListItem\",\"position\":2,\"name\":\"ITC BT 52 \u015femas\u0131 i\u00e7in sonsuz empedansl\u0131 Trydan \u015earj Noktas\u0131\"}]},{\"@type\":\"WebSite\",\"@id\":\"https:\/\/v2charge.com\/tr\/#website\",\"url\":\"https:\/\/v2charge.com\/tr\/\",\"name\":\"V2C\",\"description\":\"#CargandoElMa\u00f1ana\",\"publisher\":{\"@id\":\"https:\/\/v2charge.com\/tr\/#organization\"},\"potentialAction\":[{\"@type\":\"SearchAction\",\"target\":{\"@type\":\"EntryPoint\",\"urlTemplate\":\"https:\/\/v2charge.com\/tr\/?s={search_term_string}\"},\"query-input\":{\"@type\":\"PropertyValueSpecification\",\"valueRequired\":true,\"valueName\":\"search_term_string\"}}],\"inLanguage\":\"tr\"},{\"@type\":\"Organization\",\"@id\":\"https:\/\/v2charge.com\/tr\/#organization\",\"name\":\"V2C\",\"url\":\"https:\/\/v2charge.com\/tr\/\",\"logo\":{\"@type\":\"ImageObject\",\"inLanguage\":\"tr\",\"@id\":\"https:\/\/v2charge.com\/tr\/#\/schema\/logo\/image\/\",\"url\":\"https:\/\/v2charge.com\/wp-content\/uploads\/2024\/11\/cropped-v2c-charge-logo-menu.png\",\"contentUrl\":\"https:\/\/v2charge.com\/wp-content\/uploads\/2024\/11\/cropped-v2c-charge-logo-menu.png\",\"width\":984,\"height\":431,\"caption\":\"V2C\"},\"image\":{\"@id\":\"https:\/\/v2charge.com\/tr\/#\/schema\/logo\/image\/\"},\"sameAs\":[\"https:\/\/www.facebook.com\/V2C.Charge\",\"https:\/\/x.com\/V2C_Charge\",\"https:\/\/www.instagram.com\/v2c.charge\/\",\"https:\/\/www.youtube.com\/@V2C\",\"https:\/\/www.linkedin.com\/company\/v2c-chargers\/\"]}]}<\/script>\n<!-- \/ Yoast SEO plugin. -->","yoast_head_json":{"title":"\u015earj noktalar\u0131nda sonsuz empedans","description":"Sonsuz empedansl\u0131 elektrikli ara\u00e7lar i\u00e7in \u015farj noktas\u0131 | Evi kullanarak \u015farj cihaz\u0131n\u0131 yeniden yap\u0131land\u0131r\u0131n | V2C","robots":{"index":"index","follow":"follow","max-snippet":"max-snippet:-1","max-image-preview":"max-image-preview:large","max-video-preview":"max-video-preview:-1"},"canonical":"https:\/\/v2charge.com\/tr\/itc-bt-52-semasi-icin-sonsuz-empedansli-trydan-sarj-noktasi\/","og_locale":"tr_TR","og_type":"article","og_title":"\u015earj noktalar\u0131nda sonsuz empedans","og_description":"Sonsuz empedansl\u0131 elektrikli ara\u00e7lar i\u00e7in \u015farj noktas\u0131 | Evi kullanarak \u015farj cihaz\u0131n\u0131 yeniden yap\u0131land\u0131r\u0131n | V2C","og_url":"https:\/\/v2charge.com\/tr\/itc-bt-52-semasi-icin-sonsuz-empedansli-trydan-sarj-noktasi\/","og_site_name":"V2C","article_publisher":"https:\/\/www.facebook.com\/V2C.Charge","article_modified_time":"2023-06-12T11:08:31+00:00","og_image":[{"width":1200,"height":675,"url":"https:\/\/v2charge.com\/wp-content\/uploads\/2024\/07\/v2c-electric-chargers.jpg","type":"image\/jpeg"}],"twitter_card":"summary_large_image","twitter_site":"@V2C_Charge","twitter_misc":{"Tahmini okuma s\u00fcresi":"2 dakika"},"schema":{"@context":"https:\/\/schema.org","@graph":[{"@type":"WebPage","@id":"https:\/\/v2charge.com\/tr\/itc-bt-52-semasi-icin-sonsuz-empedansli-trydan-sarj-noktasi\/","url":"https:\/\/v2charge.com\/tr\/itc-bt-52-semasi-icin-sonsuz-empedansli-trydan-sarj-noktasi\/","name":"\u015earj noktalar\u0131nda sonsuz empedans","isPartOf":{"@id":"https:\/\/v2charge.com\/tr\/#website"},"primaryImageOfPage":{"@id":"https:\/\/v2charge.com\/tr\/itc-bt-52-semasi-icin-sonsuz-empedansli-trydan-sarj-noktasi\/#primaryimage"},"image":{"@id":"https:\/\/v2charge.com\/tr\/itc-bt-52-semasi-icin-sonsuz-empedansli-trydan-sarj-noktasi\/#primaryimage"},"thumbnailUrl":"https:\/\/v2charge.com\/wp-content\/uploads\/2024\/07\/v2c-electric-chargers.jpg","datePublished":"2022-02-22T18:25:29+00:00","dateModified":"2023-06-12T11:08:31+00:00","description":"Sonsuz empedansl\u0131 elektrikli ara\u00e7lar i\u00e7in \u015farj noktas\u0131 | Evi kullanarak \u015farj cihaz\u0131n\u0131 yeniden yap\u0131land\u0131r\u0131n | V2C","breadcrumb":{"@id":"https:\/\/v2charge.com\/tr\/itc-bt-52-semasi-icin-sonsuz-empedansli-trydan-sarj-noktasi\/#breadcrumb"},"inLanguage":"tr","potentialAction":[{"@type":"ReadAction","target":["https:\/\/v2charge.com\/tr\/itc-bt-52-semasi-icin-sonsuz-empedansli-trydan-sarj-noktasi\/"]}]},{"@type":"ImageObject","inLanguage":"tr","@id":"https:\/\/v2charge.com\/tr\/itc-bt-52-semasi-icin-sonsuz-empedansli-trydan-sarj-noktasi\/#primaryimage","url":"https:\/\/v2charge.com\/wp-content\/uploads\/2024\/07\/v2c-electric-chargers.jpg","contentUrl":"https:\/\/v2charge.com\/wp-content\/uploads\/2024\/07\/v2c-electric-chargers.jpg","width":1200,"height":675,"caption":"V2C Electric Chargers"},{"@type":"BreadcrumbList","@id":"https:\/\/v2charge.com\/tr\/itc-bt-52-semasi-icin-sonsuz-empedansli-trydan-sarj-noktasi\/#breadcrumb","itemListElement":[{"@type":"ListItem","position":1,"name":"V2C","item":"https:\/\/v2charge.com\/tr\/"},{"@type":"ListItem","position":2,"name":"ITC BT 52 \u015femas\u0131 i\u00e7in sonsuz empedansl\u0131 Trydan \u015earj Noktas\u0131"}]},{"@type":"WebSite","@id":"https:\/\/v2charge.com\/tr\/#website","url":"https:\/\/v2charge.com\/tr\/","name":"V2C","description":"#CargandoElMa\u00f1ana","publisher":{"@id":"https:\/\/v2charge.com\/tr\/#organization"},"potentialAction":[{"@type":"SearchAction","target":{"@type":"EntryPoint","urlTemplate":"https:\/\/v2charge.com\/tr\/?s={search_term_string}"},"query-input":{"@type":"PropertyValueSpecification","valueRequired":true,"valueName":"search_term_string"}}],"inLanguage":"tr"},{"@type":"Organization","@id":"https:\/\/v2charge.com\/tr\/#organization","name":"V2C","url":"https:\/\/v2charge.com\/tr\/","logo":{"@type":"ImageObject","inLanguage":"tr","@id":"https:\/\/v2charge.com\/tr\/#\/schema\/logo\/image\/","url":"https:\/\/v2charge.com\/wp-content\/uploads\/2024\/11\/cropped-v2c-charge-logo-menu.png","contentUrl":"https:\/\/v2charge.com\/wp-content\/uploads\/2024\/11\/cropped-v2c-charge-logo-menu.png","width":984,"height":431,"caption":"V2C"},"image":{"@id":"https:\/\/v2charge.com\/tr\/#\/schema\/logo\/image\/"},"sameAs":["https:\/\/www.facebook.com\/V2C.Charge","https:\/\/x.com\/V2C_Charge","https:\/\/www.instagram.com\/v2c.charge\/","https:\/\/www.youtube.com\/@V2C","https:\/\/www.linkedin.com\/company\/v2c-chargers\/"]}]}},"uagb_featured_image_src":{"full":["https:\/\/v2charge.com\/wp-content\/uploads\/2024\/07\/v2c-electric-chargers.jpg",1200,675,false],"thumbnail":["https:\/\/v2charge.com\/wp-content\/uploads\/2024\/07\/v2c-electric-chargers-150x150.jpg",150,150,true],"medium":["https:\/\/v2charge.com\/wp-content\/uploads\/2024\/07\/v2c-electric-chargers-300x169.jpg",300,169,true],"medium_large":["https:\/\/v2charge.com\/wp-content\/uploads\/2024\/07\/v2c-electric-chargers-768x432.jpg",768,432,true],"large":["https:\/\/v2charge.com\/wp-content\/uploads\/2024\/07\/v2c-electric-chargers-1024x576.jpg",1024,576,true],"gs-tiny":["https:\/\/v2charge.com\/wp-content\/uploads\/2024\/07\/v2c-electric-chargers.jpg",50,28,false],"xl":["https:\/\/v2charge.com\/wp-content\/uploads\/2024\/07\/v2c-electric-chargers.jpg",1200,675,false],"xxl":["https:\/\/v2charge.com\/wp-content\/uploads\/2024\/07\/v2c-electric-chargers.jpg",1200,675,false],"xxxl":["https:\/\/v2charge.com\/wp-content\/uploads\/2024\/07\/v2c-electric-chargers.jpg",1200,675,false],"xxxxl":["https:\/\/v2charge.com\/wp-content\/uploads\/2024\/07\/v2c-electric-chargers.jpg",1200,675,false],"xxxxxl":["https:\/\/v2charge.com\/wp-content\/uploads\/2024\/07\/v2c-electric-chargers.jpg",1200,675,false],"1536x1536":["https:\/\/v2charge.com\/wp-content\/uploads\/2024\/07\/v2c-electric-chargers.jpg",1200,675,false],"2048x2048":["https:\/\/v2charge.com\/wp-content\/uploads\/2024\/07\/v2c-electric-chargers.jpg",1200,675,false]},"uagb_author_info":{"display_name":"V2C","author_link":"https:\/\/v2charge.com\/tr\/author\/root_k4eu7ki8\/"},"uagb_comment_info":0,"uagb_excerpt":"ITC BT 52 \u015femas\u0131 i\u00e7in sonsuz empedansl\u0131 Trydan \u015earj Noktas\u0131 \u0130spanyol d\u00fczenlemesi ITC BT 52, elektrikli ara\u00e7 \u015farj noktalar\u0131n\u0131n kurulum \u015femas\u0131nda, sayac\u0131 evden yeniden ayarlama (yeniden ayarlay\u0131c\u0131) gereksinimini belirlemektedir. Bu, g\u00fcvenlikten \u00e7ok bir konfor meselesidir, ancak d\u00fczenlemede b\u00f6yle tan\u0131mlanm\u0131\u015ft\u0131r. \u015eema 2 i\u00e7in [&#8230;]. M\u00fc\u015fteri taraf\u0131ndan talep edilen g\u00fc\u00e7 kontrol fonksiyonu, ba\u011f\u0131ms\u0131z bir ICP kurmaya gerek&hellip;","_links":{"self":[{"href":"https:\/\/v2charge.com\/tr\/wp-json\/wp\/v2\/pages\/314164","targetHints":{"allow":["GET"]}}],"collection":[{"href":"https:\/\/v2charge.com\/tr\/wp-json\/wp\/v2\/pages"}],"about":[{"href":"https:\/\/v2charge.com\/tr\/wp-json\/wp\/v2\/types\/page"}],"author":[{"embeddable":true,"href":"https:\/\/v2charge.com\/tr\/wp-json\/wp\/v2\/users\/1"}],"replies":[{"embeddable":true,"href":"https:\/\/v2charge.com\/tr\/wp-json\/wp\/v2\/comments?post=314164"}],"version-history":[{"count":0,"href":"https:\/\/v2charge.com\/tr\/wp-json\/wp\/v2\/pages\/314164\/revisions"}],"wp:featuredmedia":[{"embeddable":true,"href":"https:\/\/v2charge.com\/tr\/wp-json\/wp\/v2\/media\/170354"}],"wp:attachment":[{"href":"https:\/\/v2charge.com\/tr\/wp-json\/wp\/v2\/media?parent=314164"}],"curies":[{"name":"wp","href":"https:\/\/api.w.org\/{rel}","templated":true}]}}