{"id":314166,"date":"2022-03-02T12:26:43","date_gmt":"2022-03-02T12:26:43","guid":{"rendered":""},"modified":"2026-04-21T11:02:21","modified_gmt":"2026-04-21T09:02:21","slug":"alexa-nin-fonksiyonel-komutlari","status":"publish","type":"page","link":"https:\/\/v2charge.com\/tr\/alexa-nin-fonksiyonel-komutlari\/","title":{"rendered":"fonksiyonel-komutlar-alexa"},"content":{"rendered":"\n<div class=\"wp-block-uagb-container uagb-block-288710e5 alignfull uagb-is-root-container\"><div class=\"uagb-container-inner-blocks-wrap\">\n<div class=\"wp-block-uagb-container uagb-block-97c32cd5\">\n<div class=\"wp-block-uagb-container uagb-block-8d08a32e\"><\/div>\n\n\n\n<div class=\"wp-block-uagb-container uagb-block-62f7061d\">\n<div class=\"wp-block-uagb-advanced-heading uagb-block-dc59754e\"><h1 class=\"uagb-heading-text\">Alexa Ses Kontrol\u00fc<\/h1><\/div>\n\n\n\n<div class=\"wp-block-uagb-advanced-heading uagb-block-d19af780\"><h2 class=\"uagb-heading-text\">e-Charger&#8217;\u0131 sesle kontrol et<\/h2><\/div>\n\n\n\n<p class=\"has-text-color\" style=\"color:#c2c0c0;font-size:16px\">\u015earj i\u015flemini daha da kolayla\u015ft\u0131rmak i\u00e7in en \u00f6nemli Alexa komutlar\u0131n\u0131n \u00f6zeti. H\u0131zla tetikleyin, do\u011frudan yan\u0131t verin, uygulama olmadan.<\/p>\n\n\n\n<div class=\"wp-block-uagb-buttons uagb-buttons__outer-wrap uagb-btn__default-btn uagb-btn-tablet__default-btn uagb-btn-mobile__default-btn uagb-block-06590a3e\"><div class=\"uagb-buttons__wrap uagb-buttons-layout-wrap \">\n<div class=\"wp-block-uagb-buttons-child uagb-buttons__outer-wrap uagb-block-68fe6924 wp-block-button\"><div class=\"uagb-button__wrapper\"><a class=\"uagb-buttons-repeater wp-block-button__link\" aria-label=\"\" href=\"https:\/\/v2charge.com\/wp-content\/uploads\/2022\/05\/Link-Alexa.pdf\" rel=\"follow noopener\" target=\"_blank\" role=\"button\"><div class=\"uagb-button__link\">Sprachkommandos ansehen<\/div><\/a><\/div><\/div>\n<\/div><\/div>\n<\/div>\n<\/div>\n<\/div><\/div>\n\n\n\n<div style=\"height:30px\" aria-hidden=\"true\" class=\"wp-block-spacer\"><\/div>\n\n\n\n<div class=\"wp-block-uagb-container uagb-block-5bf65f41 alignfull uagb-is-root-container\"><div class=\"uagb-container-inner-blocks-wrap\">\n<div class=\"wp-block-uagb-container uagb-block-da71c77d default uagb-is-root-container\">\n<div class=\"wp-block-uagb-container uagb-block-0ddc93fc\">\n<div class=\"wp-block-uagb-image aligncenter uagb-block-d4d8c154 wp-block-uagb-image--layout-default wp-block-uagb-image--effect-static wp-block-uagb-image--align-center\"><figure class=\"wp-block-uagb-image__figure\"><img decoding=\"async\" srcset=\"https:\/\/v2charge.com\/wp-content\/uploads\/2023\/11\/icon-important.png ,https:\/\/v2charge.com\/wp-content\/uploads\/2023\/11\/icon-important.png 780w, https:\/\/v2charge.com\/wp-content\/uploads\/2023\/11\/icon-important.png 360w\" sizes=\"auto, (max-width: 480px) 150px\" src=\"https:\/\/v2charge.com\/wp-content\/uploads\/2023\/11\/icon-important.png\" alt=\"\" class=\"uag-image-125013\" width=\"50\" height=\"50\" title=\"\" loading=\"lazy\" role=\"img\"\/><\/figure><\/div>\n<\/div>\n\n\n\n<div class=\"wp-block-uagb-container uagb-block-67cf4dad\">\n<div class=\"wp-block-uagb-advanced-heading uagb-block-459cee5f\"><p class=\"uagb-heading-text\"><strong><strong><em>Genel kal\u0131p \u015fudur: &#8220;Alexa, [\u015farj cihaz\u0131 ad\u0131n\u0131] [kelime] moduna al.&#8221;<\/em><\/strong><\/strong><\/p><\/div>\n<\/div>\n<\/div>\n<\/div><\/div>\n\n\n\n<div style=\"height:30px\" aria-hidden=\"true\" class=\"wp-block-spacer\"><\/div>\n\n\n\n<div class=\"wp-block-uagb-container uagb-block-ccfebc02 alignfull uagb-is-root-container\"><div class=\"uagb-container-inner-blocks-wrap\">\n<div class=\"wp-block-uagb-advanced-heading uagb-block-bd6206dc\"><h2 class=\"uagb-heading-text\">\u015earj cihaz\u0131n\u0131 kilitle<\/h2><\/div>\n\n\n\n<p>&#8220;\u2026Kilitle moduna al&#8221;<\/p>\n<\/div><\/div>\n\n\n\n<div style=\"height:40px\" aria-hidden=\"true\" class=\"wp-block-spacer\"><\/div>\n\n\n\n<div class=\"wp-block-uagb-container uagb-block-9ac41ac8 alignfull uagb-is-root-container\"><div class=\"uagb-container-inner-blocks-wrap\">\n<div class=\"wp-block-uagb-advanced-heading uagb-block-0287eec7\"><h2 class=\"uagb-heading-text\">\u015earj cihaz\u0131n\u0131n kilidini a\u00e7<\/h2><\/div>\n\n\n\n<p>&#8220;\u2026Kilidi A\u00e7 moduna al&#8221;<\/p>\n<\/div><\/div>\n\n\n\n<div style=\"height:40px\" aria-hidden=\"true\" class=\"wp-block-spacer\"><\/div>\n\n\n\n<div class=\"wp-block-uagb-container uagb-block-10fa5e64 alignfull uagb-is-root-container\"><div class=\"uagb-container-inner-blocks-wrap\">\n<div class=\"wp-block-uagb-advanced-heading uagb-block-d62318d2\"><h2 class=\"uagb-heading-text\">\u015earj\u0131 duraklat<\/h2><\/div>\n\n\n\n<p>&#8220;\u2026Duraklat moduna al&#8221; \/ &#8220;\u2026Duraklat\u0131lm\u0131\u015f moduna al&#8221; \/ &#8220;\u2026Beklemede moduna al&#8221;<br><br>&#8220;\u2026\u015earj\u0131 duraklat moduna al&#8221; \/ &#8220;\u2026\u015earj\u0131 duraklat moduna al&#8221;<br><br>&#8220;\u2026\u015earj\u0131 durdur moduna al&#8221; \/ &#8220;\u2026Onu duraklat moduna al&#8221; \/ &#8220;\u2026Onu beklet moduna al&#8221;<\/p>\n<\/div><\/div>\n\n\n\n<div style=\"height:40px\" aria-hidden=\"true\" class=\"wp-block-spacer\"><\/div>\n\n\n\n<div class=\"wp-block-uagb-container uagb-block-59c2256a alignfull uagb-is-root-container\"><div class=\"uagb-container-inner-blocks-wrap\">\n<div class=\"wp-block-uagb-advanced-heading uagb-block-bb56ec01\"><h2 class=\"uagb-heading-text\">\u015earj\u0131 devam ettir<\/h2><\/div>\n\n\n\n<p>&#8220;\u2026Devam Et moduna al&#8221; \/ &#8220;\u2026S\u00fcrd\u00fcr moduna al&#8221; \/ &#8220;\u2026Benim i\u00e7in devam et moduna al&#8221;<br><br>&#8220;\u2026\u015earj\u0131 devam ettir moduna al&#8221; \/ &#8220;\u2026\u015earj\u0131 s\u00fcrd\u00fcr moduna al&#8221;<br><br>&#8220;\u2026\u015earj\u0131 devam ettir moduna al&#8221; \/ &#8220;\u2026Devam ettir moduna al&#8221; \/ &#8220;\u2026Onu s\u00fcrd\u00fcr moduna al&#8221;<\/p>\n<\/div><\/div>\n\n\n\n<div style=\"height:49px\" aria-hidden=\"true\" class=\"wp-block-spacer\"><\/div>\n\n\n\n<div class=\"wp-block-uagb-container uagb-block-0038c469 alignfull uagb-is-root-container\"><div class=\"uagb-container-inner-blocks-wrap\">\n<div class=\"wp-block-uagb-advanced-heading uagb-block-705e418c\"><h2 class=\"uagb-heading-text\">Durumu sorgula<\/h2><\/div>\n\n\n\n<p>&#8220;Alexa, [\u015farj cihaz\u0131 ad\u0131n\u0131n] durumu nedir?&#8221;<\/p>\n\n\n\n<p><strong>Olas\u0131 yan\u0131tlar:<\/strong><\/p>\n\n\n\n<figure class=\"wp-block-table\"><table class=\"has-fixed-layout\"><tbody><tr><td><strong>Elektrikli ara\u00e7 ba\u011fl\u0131<\/strong><\/td><td>Araba tak\u0131l\u0131 ancak \u015farj olmuyor (Bekleme)<\/td><\/tr><tr><td><strong>Elektrikli ara\u00e7 bekleniyor<\/strong><\/td><td>\u015earj cihaz\u0131 haz\u0131r, ara\u00e7 ba\u011fl\u0131 de\u011fil<\/td><\/tr><tr><td><strong>Elektrikli ara\u00e7 \u015farj oluyor<\/strong><\/td><td>Aktif \u015farj devam ediyor<\/td><\/tr><tr><td><strong>\u015earj duraklat\u0131ld\u0131<\/strong><\/td><td>\u015earj manuel olarak duraklat\u0131ld\u0131<\/td><\/tr><tr><td><strong>\u015earj cihaz\u0131 kilitli<\/strong><\/td><td>\u015earj cihaz\u0131 kilitli<\/td><\/tr><tr><td><strong>\u015earj cihaz\u0131 internete ba\u011fl\u0131 de\u011fil<\/strong><\/td><td>\u015earj cihaz\u0131 \u00e7evrimd\u0131\u015f\u0131<\/td><\/tr><\/tbody><\/table><\/figure>\n\n\n\n<p><em><strong>\u00d6NEML\u0130<\/strong>: Duraklatma yaln\u0131zca ara\u00e7 aktif olarak \u015farj oluyorsa \u00e7al\u0131\u015f\u0131r. Devam ettirme yaln\u0131zca \u015farj duraklat\u0131lm\u0131\u015fsa \u00e7al\u0131\u015f\u0131r. \u015earj cihaz\u0131 \u00e7evrimd\u0131\u015f\u0131ysa Alexa, ENDPOINT_UNREACHABLE hatas\u0131yla yan\u0131t verir.<\/em><\/p>\n<\/div><\/div>\n\n\n\n<div style=\"height:30px\" aria-hidden=\"true\" class=\"wp-block-spacer\"><\/div>\n","protected":false},"excerpt":{"rendered":"<p>Alexa Ses Kontrol\u00fc e-Charger&#8217;\u0131 sesle kontrol et \u015earj i\u015flemini daha da kolayla\u015ft\u0131rmak i\u00e7in en \u00f6nemli Alexa komutlar\u0131n\u0131n \u00f6zeti. H\u0131zla tetikleyin, do\u011frudan yan\u0131t verin, uygulama olmadan. Genel kal\u0131p \u015fudur: &#8220;Alexa, [\u015farj cihaz\u0131 ad\u0131n\u0131] [kelime] moduna al.&#8221; \u015earj cihaz\u0131n\u0131 kilitle &#8220;\u2026Kilitle moduna al&#8221; \u015earj cihaz\u0131n\u0131n kilidini a\u00e7 &#8220;\u2026Kilidi A\u00e7 moduna al&#8221; \u015earj\u0131 duraklat &#8220;\u2026Duraklat moduna al&#8221; \/ &#8230; <a title=\"fonksiyonel-komutlar-alexa\" class=\"read-more\" href=\"https:\/\/v2charge.com\/tr\/alexa-nin-fonksiyonel-komutlari\/\" aria-label=\"Read more about fonksiyonel-komutlar-alexa\">Devam\u0131n\u0131 oku<\/a><\/p>\n","protected":false},"author":1,"featured_media":170354,"parent":0,"menu_order":0,"comment_status":"closed","ping_status":"closed","template":"","meta":{"_eb_attr":"","content-type":"","_uag_custom_page_level_css":"","footnotes":""},"class_list":["post-314166","page","type-page","status-publish","has-post-thumbnail"],"yoast_head":"<!-- This site is optimized with the Yoast SEO plugin v25.3.1 - https:\/\/yoast.com\/wordpress\/plugins\/seo\/ -->\n<title>Alexa Fonksiyon Komutlar\u0131 i\u00e7in V2C Cloud | V2C \u00ae<\/title>\n<meta name=\"description\" content=\"V2C \u015farj cihaz\u0131n\u0131z i\u00e7in Alexa&#039;n\u0131n i\u015flevsel komutlar\u0131n\u0131 \u00f6\u011frenin ve arac\u0131n\u0131z\u0131n \u015farj\u0131n\u0131 ger\u00e7ek zamanl\u0131 olarak y\u00f6netin.\" \/>\n<meta name=\"robots\" content=\"index, follow, max-snippet:-1, max-image-preview:large, max-video-preview:-1\" \/>\n<link rel=\"canonical\" href=\"https:\/\/v2charge.com\/tr\/alexa-nin-fonksiyonel-komutlari\/\" \/>\n<meta property=\"og:locale\" content=\"tr_TR\" \/>\n<meta property=\"og:type\" content=\"article\" \/>\n<meta property=\"og:title\" content=\"Alexa Fonksiyon Komutlar\u0131 i\u00e7in V2C Cloud | V2C \u00ae\" \/>\n<meta property=\"og:description\" content=\"V2C \u015farj cihaz\u0131n\u0131z i\u00e7in Alexa&#039;n\u0131n i\u015flevsel komutlar\u0131n\u0131 \u00f6\u011frenin ve arac\u0131n\u0131z\u0131n \u015farj\u0131n\u0131 ger\u00e7ek zamanl\u0131 olarak y\u00f6netin.\" \/>\n<meta property=\"og:url\" content=\"https:\/\/v2charge.com\/tr\/alexa-nin-fonksiyonel-komutlari\/\" \/>\n<meta property=\"og:site_name\" content=\"V2C\" \/>\n<meta property=\"article:publisher\" content=\"https:\/\/www.facebook.com\/V2C.Charge\" \/>\n<meta property=\"article:modified_time\" content=\"2026-04-21T09:02:21+00:00\" \/>\n<meta property=\"og:image\" content=\"https:\/\/v2charge.com\/wp-content\/uploads\/2024\/07\/v2c-electric-chargers.jpg\" \/>\n\t<meta property=\"og:image:width\" content=\"1200\" \/>\n\t<meta property=\"og:image:height\" content=\"675\" \/>\n\t<meta property=\"og:image:type\" content=\"image\/jpeg\" \/>\n<meta name=\"twitter:card\" content=\"summary_large_image\" \/>\n<meta name=\"twitter:site\" content=\"@V2C_Charge\" \/>\n<meta name=\"twitter:label1\" content=\"Tahmini okuma s\u00fcresi\" \/>\n\t<meta name=\"twitter:data1\" content=\"2 dakika\" \/>\n<script type=\"application\/ld+json\" class=\"yoast-schema-graph\">{\"@context\":\"https:\/\/schema.org\",\"@graph\":[{\"@type\":\"WebPage\",\"@id\":\"https:\/\/v2charge.com\/tr\/alexa-nin-fonksiyonel-komutlari\/\",\"url\":\"https:\/\/v2charge.com\/tr\/alexa-nin-fonksiyonel-komutlari\/\",\"name\":\"Alexa Fonksiyon Komutlar\u0131 i\u00e7in V2C Cloud | V2C \u00ae\",\"isPartOf\":{\"@id\":\"https:\/\/v2charge.com\/tr\/#website\"},\"primaryImageOfPage\":{\"@id\":\"https:\/\/v2charge.com\/tr\/alexa-nin-fonksiyonel-komutlari\/#primaryimage\"},\"image\":{\"@id\":\"https:\/\/v2charge.com\/tr\/alexa-nin-fonksiyonel-komutlari\/#primaryimage\"},\"thumbnailUrl\":\"https:\/\/v2charge.com\/wp-content\/uploads\/2024\/07\/v2c-electric-chargers.jpg\",\"datePublished\":\"2022-03-02T12:26:43+00:00\",\"dateModified\":\"2026-04-21T09:02:21+00:00\",\"description\":\"V2C \u015farj cihaz\u0131n\u0131z i\u00e7in Alexa'n\u0131n i\u015flevsel komutlar\u0131n\u0131 \u00f6\u011frenin ve arac\u0131n\u0131z\u0131n \u015farj\u0131n\u0131 ger\u00e7ek zamanl\u0131 olarak y\u00f6netin.\",\"breadcrumb\":{\"@id\":\"https:\/\/v2charge.com\/tr\/alexa-nin-fonksiyonel-komutlari\/#breadcrumb\"},\"inLanguage\":\"tr\",\"potentialAction\":[{\"@type\":\"ReadAction\",\"target\":[\"https:\/\/v2charge.com\/tr\/alexa-nin-fonksiyonel-komutlari\/\"]}]},{\"@type\":\"ImageObject\",\"inLanguage\":\"tr\",\"@id\":\"https:\/\/v2charge.com\/tr\/alexa-nin-fonksiyonel-komutlari\/#primaryimage\",\"url\":\"https:\/\/v2charge.com\/wp-content\/uploads\/2024\/07\/v2c-electric-chargers.jpg\",\"contentUrl\":\"https:\/\/v2charge.com\/wp-content\/uploads\/2024\/07\/v2c-electric-chargers.jpg\",\"width\":1200,\"height\":675,\"caption\":\"V2C Electric Chargers\"},{\"@type\":\"BreadcrumbList\",\"@id\":\"https:\/\/v2charge.com\/tr\/alexa-nin-fonksiyonel-komutlari\/#breadcrumb\",\"itemListElement\":[{\"@type\":\"ListItem\",\"position\":1,\"name\":\"V2C\",\"item\":\"https:\/\/v2charge.com\/tr\/\"},{\"@type\":\"ListItem\",\"position\":2,\"name\":\"fonksiyonel-komutlar-alexa\"}]},{\"@type\":\"WebSite\",\"@id\":\"https:\/\/v2charge.com\/tr\/#website\",\"url\":\"https:\/\/v2charge.com\/tr\/\",\"name\":\"V2C\",\"description\":\"#CargandoElMa\u00f1ana\",\"publisher\":{\"@id\":\"https:\/\/v2charge.com\/tr\/#organization\"},\"potentialAction\":[{\"@type\":\"SearchAction\",\"target\":{\"@type\":\"EntryPoint\",\"urlTemplate\":\"https:\/\/v2charge.com\/tr\/?s={search_term_string}\"},\"query-input\":{\"@type\":\"PropertyValueSpecification\",\"valueRequired\":true,\"valueName\":\"search_term_string\"}}],\"inLanguage\":\"tr\"},{\"@type\":\"Organization\",\"@id\":\"https:\/\/v2charge.com\/tr\/#organization\",\"name\":\"V2C\",\"url\":\"https:\/\/v2charge.com\/tr\/\",\"logo\":{\"@type\":\"ImageObject\",\"inLanguage\":\"tr\",\"@id\":\"https:\/\/v2charge.com\/tr\/#\/schema\/logo\/image\/\",\"url\":\"https:\/\/v2charge.com\/wp-content\/uploads\/2024\/11\/cropped-v2c-charge-logo-menu.png\",\"contentUrl\":\"https:\/\/v2charge.com\/wp-content\/uploads\/2024\/11\/cropped-v2c-charge-logo-menu.png\",\"width\":984,\"height\":431,\"caption\":\"V2C\"},\"image\":{\"@id\":\"https:\/\/v2charge.com\/tr\/#\/schema\/logo\/image\/\"},\"sameAs\":[\"https:\/\/www.facebook.com\/V2C.Charge\",\"https:\/\/x.com\/V2C_Charge\",\"https:\/\/www.instagram.com\/v2c.charge\/\",\"https:\/\/www.youtube.com\/@V2C\",\"https:\/\/www.linkedin.com\/company\/v2c-chargers\/\"]}]}<\/script>\n<!-- \/ Yoast SEO plugin. -->","yoast_head_json":{"title":"Alexa Fonksiyon Komutlar\u0131 i\u00e7in V2C Cloud | V2C \u00ae","description":"V2C \u015farj cihaz\u0131n\u0131z i\u00e7in Alexa'n\u0131n i\u015flevsel komutlar\u0131n\u0131 \u00f6\u011frenin ve arac\u0131n\u0131z\u0131n \u015farj\u0131n\u0131 ger\u00e7ek zamanl\u0131 olarak y\u00f6netin.","robots":{"index":"index","follow":"follow","max-snippet":"max-snippet:-1","max-image-preview":"max-image-preview:large","max-video-preview":"max-video-preview:-1"},"canonical":"https:\/\/v2charge.com\/tr\/alexa-nin-fonksiyonel-komutlari\/","og_locale":"tr_TR","og_type":"article","og_title":"Alexa Fonksiyon Komutlar\u0131 i\u00e7in V2C Cloud | V2C \u00ae","og_description":"V2C \u015farj cihaz\u0131n\u0131z i\u00e7in Alexa'n\u0131n i\u015flevsel komutlar\u0131n\u0131 \u00f6\u011frenin ve arac\u0131n\u0131z\u0131n \u015farj\u0131n\u0131 ger\u00e7ek zamanl\u0131 olarak y\u00f6netin.","og_url":"https:\/\/v2charge.com\/tr\/alexa-nin-fonksiyonel-komutlari\/","og_site_name":"V2C","article_publisher":"https:\/\/www.facebook.com\/V2C.Charge","article_modified_time":"2026-04-21T09:02:21+00:00","og_image":[{"width":1200,"height":675,"url":"https:\/\/v2charge.com\/wp-content\/uploads\/2024\/07\/v2c-electric-chargers.jpg","type":"image\/jpeg"}],"twitter_card":"summary_large_image","twitter_site":"@V2C_Charge","twitter_misc":{"Tahmini okuma s\u00fcresi":"2 dakika"},"schema":{"@context":"https:\/\/schema.org","@graph":[{"@type":"WebPage","@id":"https:\/\/v2charge.com\/tr\/alexa-nin-fonksiyonel-komutlari\/","url":"https:\/\/v2charge.com\/tr\/alexa-nin-fonksiyonel-komutlari\/","name":"Alexa Fonksiyon Komutlar\u0131 i\u00e7in V2C Cloud | V2C \u00ae","isPartOf":{"@id":"https:\/\/v2charge.com\/tr\/#website"},"primaryImageOfPage":{"@id":"https:\/\/v2charge.com\/tr\/alexa-nin-fonksiyonel-komutlari\/#primaryimage"},"image":{"@id":"https:\/\/v2charge.com\/tr\/alexa-nin-fonksiyonel-komutlari\/#primaryimage"},"thumbnailUrl":"https:\/\/v2charge.com\/wp-content\/uploads\/2024\/07\/v2c-electric-chargers.jpg","datePublished":"2022-03-02T12:26:43+00:00","dateModified":"2026-04-21T09:02:21+00:00","description":"V2C \u015farj cihaz\u0131n\u0131z i\u00e7in Alexa'n\u0131n i\u015flevsel komutlar\u0131n\u0131 \u00f6\u011frenin ve arac\u0131n\u0131z\u0131n \u015farj\u0131n\u0131 ger\u00e7ek zamanl\u0131 olarak y\u00f6netin.","breadcrumb":{"@id":"https:\/\/v2charge.com\/tr\/alexa-nin-fonksiyonel-komutlari\/#breadcrumb"},"inLanguage":"tr","potentialAction":[{"@type":"ReadAction","target":["https:\/\/v2charge.com\/tr\/alexa-nin-fonksiyonel-komutlari\/"]}]},{"@type":"ImageObject","inLanguage":"tr","@id":"https:\/\/v2charge.com\/tr\/alexa-nin-fonksiyonel-komutlari\/#primaryimage","url":"https:\/\/v2charge.com\/wp-content\/uploads\/2024\/07\/v2c-electric-chargers.jpg","contentUrl":"https:\/\/v2charge.com\/wp-content\/uploads\/2024\/07\/v2c-electric-chargers.jpg","width":1200,"height":675,"caption":"V2C Electric Chargers"},{"@type":"BreadcrumbList","@id":"https:\/\/v2charge.com\/tr\/alexa-nin-fonksiyonel-komutlari\/#breadcrumb","itemListElement":[{"@type":"ListItem","position":1,"name":"V2C","item":"https:\/\/v2charge.com\/tr\/"},{"@type":"ListItem","position":2,"name":"fonksiyonel-komutlar-alexa"}]},{"@type":"WebSite","@id":"https:\/\/v2charge.com\/tr\/#website","url":"https:\/\/v2charge.com\/tr\/","name":"V2C","description":"#CargandoElMa\u00f1ana","publisher":{"@id":"https:\/\/v2charge.com\/tr\/#organization"},"potentialAction":[{"@type":"SearchAction","target":{"@type":"EntryPoint","urlTemplate":"https:\/\/v2charge.com\/tr\/?s={search_term_string}"},"query-input":{"@type":"PropertyValueSpecification","valueRequired":true,"valueName":"search_term_string"}}],"inLanguage":"tr"},{"@type":"Organization","@id":"https:\/\/v2charge.com\/tr\/#organization","name":"V2C","url":"https:\/\/v2charge.com\/tr\/","logo":{"@type":"ImageObject","inLanguage":"tr","@id":"https:\/\/v2charge.com\/tr\/#\/schema\/logo\/image\/","url":"https:\/\/v2charge.com\/wp-content\/uploads\/2024\/11\/cropped-v2c-charge-logo-menu.png","contentUrl":"https:\/\/v2charge.com\/wp-content\/uploads\/2024\/11\/cropped-v2c-charge-logo-menu.png","width":984,"height":431,"caption":"V2C"},"image":{"@id":"https:\/\/v2charge.com\/tr\/#\/schema\/logo\/image\/"},"sameAs":["https:\/\/www.facebook.com\/V2C.Charge","https:\/\/x.com\/V2C_Charge","https:\/\/www.instagram.com\/v2c.charge\/","https:\/\/www.youtube.com\/@V2C","https:\/\/www.linkedin.com\/company\/v2c-chargers\/"]}]}},"uagb_featured_image_src":{"full":["https:\/\/v2charge.com\/wp-content\/uploads\/2024\/07\/v2c-electric-chargers.jpg",1200,675,false],"thumbnail":["https:\/\/v2charge.com\/wp-content\/uploads\/2024\/07\/v2c-electric-chargers-150x150.jpg",150,150,true],"medium":["https:\/\/v2charge.com\/wp-content\/uploads\/2024\/07\/v2c-electric-chargers-300x169.jpg",300,169,true],"medium_large":["https:\/\/v2charge.com\/wp-content\/uploads\/2024\/07\/v2c-electric-chargers-768x432.jpg",768,432,true],"large":["https:\/\/v2charge.com\/wp-content\/uploads\/2024\/07\/v2c-electric-chargers-1024x576.jpg",1024,576,true],"gs-tiny":["https:\/\/v2charge.com\/wp-content\/uploads\/2024\/07\/v2c-electric-chargers.jpg",50,28,false],"xl":["https:\/\/v2charge.com\/wp-content\/uploads\/2024\/07\/v2c-electric-chargers.jpg",1200,675,false],"xxl":["https:\/\/v2charge.com\/wp-content\/uploads\/2024\/07\/v2c-electric-chargers.jpg",1200,675,false],"xxxl":["https:\/\/v2charge.com\/wp-content\/uploads\/2024\/07\/v2c-electric-chargers.jpg",1200,675,false],"xxxxl":["https:\/\/v2charge.com\/wp-content\/uploads\/2024\/07\/v2c-electric-chargers.jpg",1200,675,false],"xxxxxl":["https:\/\/v2charge.com\/wp-content\/uploads\/2024\/07\/v2c-electric-chargers.jpg",1200,675,false],"1536x1536":["https:\/\/v2charge.com\/wp-content\/uploads\/2024\/07\/v2c-electric-chargers.jpg",1200,675,false],"2048x2048":["https:\/\/v2charge.com\/wp-content\/uploads\/2024\/07\/v2c-electric-chargers.jpg",1200,675,false]},"uagb_author_info":{"display_name":"V2C","author_link":"https:\/\/v2charge.com\/tr\/author\/root_k4eu7ki8\/"},"uagb_comment_info":0,"uagb_excerpt":"Alexa Ses Kontrol\u00fc e-Charger&#8217;\u0131 sesle kontrol et \u015earj i\u015flemini daha da kolayla\u015ft\u0131rmak i\u00e7in en \u00f6nemli Alexa komutlar\u0131n\u0131n \u00f6zeti. H\u0131zla tetikleyin, do\u011frudan yan\u0131t verin, uygulama olmadan. Genel kal\u0131p \u015fudur: &#8220;Alexa, [\u015farj cihaz\u0131 ad\u0131n\u0131] [kelime] moduna al.&#8221; \u015earj cihaz\u0131n\u0131 kilitle &#8220;\u2026Kilitle moduna al&#8221; \u015earj cihaz\u0131n\u0131n kilidini a\u00e7 &#8220;\u2026Kilidi A\u00e7 moduna al&#8221; \u015earj\u0131 duraklat &#8220;\u2026Duraklat moduna al&#8221; \/&hellip;","_links":{"self":[{"href":"https:\/\/v2charge.com\/tr\/wp-json\/wp\/v2\/pages\/314166","targetHints":{"allow":["GET"]}}],"collection":[{"href":"https:\/\/v2charge.com\/tr\/wp-json\/wp\/v2\/pages"}],"about":[{"href":"https:\/\/v2charge.com\/tr\/wp-json\/wp\/v2\/types\/page"}],"author":[{"embeddable":true,"href":"https:\/\/v2charge.com\/tr\/wp-json\/wp\/v2\/users\/1"}],"replies":[{"embeddable":true,"href":"https:\/\/v2charge.com\/tr\/wp-json\/wp\/v2\/comments?post=314166"}],"version-history":[{"count":1,"href":"https:\/\/v2charge.com\/tr\/wp-json\/wp\/v2\/pages\/314166\/revisions"}],"predecessor-version":[{"id":316535,"href":"https:\/\/v2charge.com\/tr\/wp-json\/wp\/v2\/pages\/314166\/revisions\/316535"}],"wp:featuredmedia":[{"embeddable":true,"href":"https:\/\/v2charge.com\/tr\/wp-json\/wp\/v2\/media\/170354"}],"wp:attachment":[{"href":"https:\/\/v2charge.com\/tr\/wp-json\/wp\/v2\/media?parent=314166"}],"curies":[{"name":"wp","href":"https:\/\/api.w.org\/{rel}","templated":true}]}}