{"id":314170,"date":"2022-11-18T07:03:45","date_gmt":"2022-11-18T07:03:45","guid":{"rendered":""},"modified":"2023-05-03T13:26:49","modified_gmt":"2023-05-03T13:26:49","slug":"bireysel-musteriler","status":"publish","type":"page","link":"https:\/\/v2charge.com\/tr\/bireysel-musteriler\/","title":{"rendered":"Bireysel M\u00fc\u015fteriler"},"content":{"rendered":"<h1>Bireysel Alan<\/h1>\n<p>e-mobility yolculu\u011funa kat\u0131l\u0131n<\/p>\n<p><em><em>                      <img decoding=\"async\" src=\"https:\/\/v2charge.com\/wp-content\/uploads\/2022\/10\/v2c-store.jpg\" alt=\"img\"><\/p>\n<h2>V2C Store&#8217;dan e-Charger&#8217;\u0131n\u0131z\u0131 sat\u0131n al\u0131n<\/h2>\n<p>Ak\u0131ll\u0131 ve yenilik\u00e7i bir e-Charger edinmek i\u00e7in V2C&#8217;nin resmi Store&#8217;una eri\u015fin. \u0130htiya\u00e7lar\u0131n\u0131za g\u00f6re ki\u015fiselle\u015ftirin ve 24\/48 saat i\u00e7inde teslim al\u0131n.<\/p>\n<p><a href=\"https:\/\/v2charge.com\/tr\/store\/\" target=\"_blank\" rel=\"noopener\">Daha fazla bilgi<\/a><br \/>\n<img decoding=\"async\" src=\"https:\/\/v2charge.com\/wp-content\/uploads\/2022\/10\/recursos-v2c.jpg\" alt=\"img\"><\/p>\n<h2>T\u00fcm kaynaklar\u0131 inceleyin<\/h2>\n<p>Bir e-Charger hakk\u0131nda t\u00fcm detaylar\u0131 m\u0131 \u00f6\u011frenmek istiyorsunuz? Buradan kataloglar\u0131, teknik belgeleri, kullan\u0131c\u0131 k\u0131lavuzlar\u0131n\u0131 ve her \u015farj cihaz\u0131n\u0131n en son g\u00fcncellemelerini kontrol edebilirsiniz.<\/p>\n<p><a href=\"\/tr\/bireysel-kaynaklar\/\" target=\"_self\" rel=\"noopener\">Daha fazla bilgi<\/a><br \/>\n<img decoding=\"async\" src=\"https:\/\/v2charge.com\/wp-content\/uploads\/2022\/10\/comunidad-v2c.png\" alt=\"img\"><\/p>\n<h2>V2C Toplulu\u011funun bir par\u00e7as\u0131 olun<\/h2>\n<p>e-mobility yolculu\u011fu tam anlam\u0131yla bir hareket: Valencia&#8217;da do\u011fan ve d\u00fcnyan\u0131n geri kalan\u0131na y\u00f6nelen bir topluluk. Bize kat\u0131l\u0131r m\u0131s\u0131n\u0131z?<\/p>\n<p><a href=\"\/tr\/topluluk\/\" target=\"_self\" rel=\"noopener\">Daha fazla bilgi<\/a><br \/>\n<img decoding=\"async\" src=\"https:\/\/v2charge.com\/wp-content\/uploads\/2022\/10\/instaladores-v2c.jpg\" alt=\"img\"><\/p>\n<h2>Yetkili kurulumcunu bulun<\/h2>\n<p>Bir V2C e-Charger&#8217;\u0131n kurulumu i\u00e7in talepte bulunun. Size geni\u015f bir nitelikli kurulumcu a\u011f\u0131 sunuyoruz.<\/p>\n<p><a href=\"\/tr\/kurulumcunu-bul\/\" target=\"_self\" rel=\"noopener\">Daha fazla bilgi<\/a><\/p>\n<p><\/em><\/em><\/p>\n","protected":false},"excerpt":{"rendered":"<p>Bireysel Alan e-mobility yolculu\u011funa kat\u0131l\u0131n V2C Store&#8217;dan e-Charger&#8217;\u0131n\u0131z\u0131 sat\u0131n al\u0131n Ak\u0131ll\u0131 ve yenilik\u00e7i bir e-Charger edinmek i\u00e7in V2C&#8217;nin resmi Store&#8217;una eri\u015fin. \u0130htiya\u00e7lar\u0131n\u0131za g\u00f6re ki\u015fiselle\u015ftirin ve 24\/48 saat i\u00e7inde teslim al\u0131n. Daha fazla bilgi T\u00fcm kaynaklar\u0131 inceleyin Bir e-Charger hakk\u0131nda t\u00fcm detaylar\u0131 m\u0131 \u00f6\u011frenmek istiyorsunuz? Buradan kataloglar\u0131, teknik belgeleri, kullan\u0131c\u0131 k\u0131lavuzlar\u0131n\u0131 ve her \u015farj cihaz\u0131n\u0131n en &#8230; <a title=\"Bireysel M\u00fc\u015fteriler\" class=\"read-more\" href=\"https:\/\/v2charge.com\/tr\/bireysel-musteriler\/\" aria-label=\"Read more about Bireysel M\u00fc\u015fteriler\">Devam\u0131n\u0131 oku<\/a><\/p>\n","protected":false},"author":1,"featured_media":170354,"parent":0,"menu_order":0,"comment_status":"closed","ping_status":"closed","template":"elementor_header_footer","meta":{"_eb_attr":"","content-type":"","_uag_custom_page_level_css":"","footnotes":""},"class_list":["post-314170","page","type-page","status-publish","has-post-thumbnail"],"yoast_head":"<!-- This site is optimized with the Yoast SEO plugin v25.3.1 - https:\/\/yoast.com\/wordpress\/plugins\/seo\/ -->\n<title>Bireysel Alan \u25b7 Online Ma\u011faza + Kaynaklar | V2C<\/title>\n<meta name=\"description\" content=\"V2C&#039;nin \u00e7evrimi\u00e7i ma\u011fazas\u0131n\u0131 ve bireyler i\u00e7in alandaki t\u00fcm kaynaklar\u0131 inceleyin. Elektrikli arac\u0131n\u0131z i\u00e7in en iyi \u015farj cihaz\u0131n\u0131 bulun. \u2705\" \/>\n<meta name=\"robots\" content=\"index, follow, max-snippet:-1, max-image-preview:large, max-video-preview:-1\" \/>\n<link rel=\"canonical\" href=\"https:\/\/v2charge.com\/tr\/bireysel-musteriler\/\" \/>\n<meta property=\"og:locale\" content=\"tr_TR\" \/>\n<meta property=\"og:type\" content=\"article\" \/>\n<meta property=\"og:title\" content=\"Bireysel Alan \u25b7 Online Ma\u011faza + Kaynaklar | V2C\" \/>\n<meta property=\"og:description\" content=\"V2C&#039;nin \u00e7evrimi\u00e7i ma\u011fazas\u0131n\u0131 ve bireyler i\u00e7in alandaki t\u00fcm kaynaklar\u0131 inceleyin. Elektrikli arac\u0131n\u0131z i\u00e7in en iyi \u015farj cihaz\u0131n\u0131 bulun. \u2705\" \/>\n<meta property=\"og:url\" content=\"https:\/\/v2charge.com\/tr\/bireysel-musteriler\/\" \/>\n<meta property=\"og:site_name\" content=\"V2C\" \/>\n<meta property=\"article:publisher\" content=\"https:\/\/www.facebook.com\/V2C.Charge\" \/>\n<meta property=\"article:modified_time\" content=\"2023-05-03T13:26:49+00:00\" \/>\n<meta property=\"og:image\" content=\"https:\/\/v2charge.com\/wp-content\/uploads\/2024\/07\/v2c-electric-chargers.jpg\" \/>\n\t<meta property=\"og:image:width\" content=\"1200\" \/>\n\t<meta property=\"og:image:height\" content=\"675\" \/>\n\t<meta property=\"og:image:type\" content=\"image\/jpeg\" \/>\n<meta name=\"twitter:card\" content=\"summary_large_image\" \/>\n<meta name=\"twitter:site\" content=\"@V2C_Charge\" \/>\n<meta name=\"twitter:label1\" content=\"Tahmini okuma s\u00fcresi\" \/>\n\t<meta name=\"twitter:data1\" content=\"2 dakika\" \/>\n<script type=\"application\/ld+json\" class=\"yoast-schema-graph\">{\"@context\":\"https:\/\/schema.org\",\"@graph\":[{\"@type\":\"WebPage\",\"@id\":\"https:\/\/v2charge.com\/tr\/bireysel-musteriler\/\",\"url\":\"https:\/\/v2charge.com\/tr\/bireysel-musteriler\/\",\"name\":\"Bireysel Alan \u25b7 Online Ma\u011faza + Kaynaklar | V2C\",\"isPartOf\":{\"@id\":\"https:\/\/v2charge.com\/tr\/#website\"},\"primaryImageOfPage\":{\"@id\":\"https:\/\/v2charge.com\/tr\/bireysel-musteriler\/#primaryimage\"},\"image\":{\"@id\":\"https:\/\/v2charge.com\/tr\/bireysel-musteriler\/#primaryimage\"},\"thumbnailUrl\":\"https:\/\/v2charge.com\/wp-content\/uploads\/2024\/07\/v2c-electric-chargers.jpg\",\"datePublished\":\"2022-11-18T07:03:45+00:00\",\"dateModified\":\"2023-05-03T13:26:49+00:00\",\"description\":\"V2C'nin \u00e7evrimi\u00e7i ma\u011fazas\u0131n\u0131 ve bireyler i\u00e7in alandaki t\u00fcm kaynaklar\u0131 inceleyin. Elektrikli arac\u0131n\u0131z i\u00e7in en iyi \u015farj cihaz\u0131n\u0131 bulun. \u2705\",\"breadcrumb\":{\"@id\":\"https:\/\/v2charge.com\/tr\/bireysel-musteriler\/#breadcrumb\"},\"inLanguage\":\"tr\",\"potentialAction\":[{\"@type\":\"ReadAction\",\"target\":[\"https:\/\/v2charge.com\/tr\/bireysel-musteriler\/\"]}]},{\"@type\":\"ImageObject\",\"inLanguage\":\"tr\",\"@id\":\"https:\/\/v2charge.com\/tr\/bireysel-musteriler\/#primaryimage\",\"url\":\"https:\/\/v2charge.com\/wp-content\/uploads\/2024\/07\/v2c-electric-chargers.jpg\",\"contentUrl\":\"https:\/\/v2charge.com\/wp-content\/uploads\/2024\/07\/v2c-electric-chargers.jpg\",\"width\":1200,\"height\":675,\"caption\":\"V2C Electric Chargers\"},{\"@type\":\"BreadcrumbList\",\"@id\":\"https:\/\/v2charge.com\/tr\/bireysel-musteriler\/#breadcrumb\",\"itemListElement\":[{\"@type\":\"ListItem\",\"position\":1,\"name\":\"V2C\",\"item\":\"https:\/\/v2charge.com\/tr\/\"},{\"@type\":\"ListItem\",\"position\":2,\"name\":\"Bireysel M\u00fc\u015fteriler\"}]},{\"@type\":\"WebSite\",\"@id\":\"https:\/\/v2charge.com\/tr\/#website\",\"url\":\"https:\/\/v2charge.com\/tr\/\",\"name\":\"V2C\",\"description\":\"#CargandoElMa\u00f1ana\",\"publisher\":{\"@id\":\"https:\/\/v2charge.com\/tr\/#organization\"},\"potentialAction\":[{\"@type\":\"SearchAction\",\"target\":{\"@type\":\"EntryPoint\",\"urlTemplate\":\"https:\/\/v2charge.com\/tr\/?s={search_term_string}\"},\"query-input\":{\"@type\":\"PropertyValueSpecification\",\"valueRequired\":true,\"valueName\":\"search_term_string\"}}],\"inLanguage\":\"tr\"},{\"@type\":\"Organization\",\"@id\":\"https:\/\/v2charge.com\/tr\/#organization\",\"name\":\"V2C\",\"url\":\"https:\/\/v2charge.com\/tr\/\",\"logo\":{\"@type\":\"ImageObject\",\"inLanguage\":\"tr\",\"@id\":\"https:\/\/v2charge.com\/tr\/#\/schema\/logo\/image\/\",\"url\":\"https:\/\/v2charge.com\/wp-content\/uploads\/2024\/11\/cropped-v2c-charge-logo-menu.png\",\"contentUrl\":\"https:\/\/v2charge.com\/wp-content\/uploads\/2024\/11\/cropped-v2c-charge-logo-menu.png\",\"width\":984,\"height\":431,\"caption\":\"V2C\"},\"image\":{\"@id\":\"https:\/\/v2charge.com\/tr\/#\/schema\/logo\/image\/\"},\"sameAs\":[\"https:\/\/www.facebook.com\/V2C.Charge\",\"https:\/\/x.com\/V2C_Charge\",\"https:\/\/www.instagram.com\/v2c.charge\/\",\"https:\/\/www.youtube.com\/@V2C\",\"https:\/\/www.linkedin.com\/company\/v2c-chargers\/\"]}]}<\/script>\n<!-- \/ Yoast SEO plugin. -->","yoast_head_json":{"title":"Bireysel Alan \u25b7 Online Ma\u011faza + Kaynaklar | V2C","description":"V2C'nin \u00e7evrimi\u00e7i ma\u011fazas\u0131n\u0131 ve bireyler i\u00e7in alandaki t\u00fcm kaynaklar\u0131 inceleyin. Elektrikli arac\u0131n\u0131z i\u00e7in en iyi \u015farj cihaz\u0131n\u0131 bulun. \u2705","robots":{"index":"index","follow":"follow","max-snippet":"max-snippet:-1","max-image-preview":"max-image-preview:large","max-video-preview":"max-video-preview:-1"},"canonical":"https:\/\/v2charge.com\/tr\/bireysel-musteriler\/","og_locale":"tr_TR","og_type":"article","og_title":"Bireysel Alan \u25b7 Online Ma\u011faza + Kaynaklar | V2C","og_description":"V2C'nin \u00e7evrimi\u00e7i ma\u011fazas\u0131n\u0131 ve bireyler i\u00e7in alandaki t\u00fcm kaynaklar\u0131 inceleyin. Elektrikli arac\u0131n\u0131z i\u00e7in en iyi \u015farj cihaz\u0131n\u0131 bulun. \u2705","og_url":"https:\/\/v2charge.com\/tr\/bireysel-musteriler\/","og_site_name":"V2C","article_publisher":"https:\/\/www.facebook.com\/V2C.Charge","article_modified_time":"2023-05-03T13:26:49+00:00","og_image":[{"width":1200,"height":675,"url":"https:\/\/v2charge.com\/wp-content\/uploads\/2024\/07\/v2c-electric-chargers.jpg","type":"image\/jpeg"}],"twitter_card":"summary_large_image","twitter_site":"@V2C_Charge","twitter_misc":{"Tahmini okuma s\u00fcresi":"2 dakika"},"schema":{"@context":"https:\/\/schema.org","@graph":[{"@type":"WebPage","@id":"https:\/\/v2charge.com\/tr\/bireysel-musteriler\/","url":"https:\/\/v2charge.com\/tr\/bireysel-musteriler\/","name":"Bireysel Alan \u25b7 Online Ma\u011faza + Kaynaklar | V2C","isPartOf":{"@id":"https:\/\/v2charge.com\/tr\/#website"},"primaryImageOfPage":{"@id":"https:\/\/v2charge.com\/tr\/bireysel-musteriler\/#primaryimage"},"image":{"@id":"https:\/\/v2charge.com\/tr\/bireysel-musteriler\/#primaryimage"},"thumbnailUrl":"https:\/\/v2charge.com\/wp-content\/uploads\/2024\/07\/v2c-electric-chargers.jpg","datePublished":"2022-11-18T07:03:45+00:00","dateModified":"2023-05-03T13:26:49+00:00","description":"V2C'nin \u00e7evrimi\u00e7i ma\u011fazas\u0131n\u0131 ve bireyler i\u00e7in alandaki t\u00fcm kaynaklar\u0131 inceleyin. Elektrikli arac\u0131n\u0131z i\u00e7in en iyi \u015farj cihaz\u0131n\u0131 bulun. \u2705","breadcrumb":{"@id":"https:\/\/v2charge.com\/tr\/bireysel-musteriler\/#breadcrumb"},"inLanguage":"tr","potentialAction":[{"@type":"ReadAction","target":["https:\/\/v2charge.com\/tr\/bireysel-musteriler\/"]}]},{"@type":"ImageObject","inLanguage":"tr","@id":"https:\/\/v2charge.com\/tr\/bireysel-musteriler\/#primaryimage","url":"https:\/\/v2charge.com\/wp-content\/uploads\/2024\/07\/v2c-electric-chargers.jpg","contentUrl":"https:\/\/v2charge.com\/wp-content\/uploads\/2024\/07\/v2c-electric-chargers.jpg","width":1200,"height":675,"caption":"V2C Electric Chargers"},{"@type":"BreadcrumbList","@id":"https:\/\/v2charge.com\/tr\/bireysel-musteriler\/#breadcrumb","itemListElement":[{"@type":"ListItem","position":1,"name":"V2C","item":"https:\/\/v2charge.com\/tr\/"},{"@type":"ListItem","position":2,"name":"Bireysel M\u00fc\u015fteriler"}]},{"@type":"WebSite","@id":"https:\/\/v2charge.com\/tr\/#website","url":"https:\/\/v2charge.com\/tr\/","name":"V2C","description":"#CargandoElMa\u00f1ana","publisher":{"@id":"https:\/\/v2charge.com\/tr\/#organization"},"potentialAction":[{"@type":"SearchAction","target":{"@type":"EntryPoint","urlTemplate":"https:\/\/v2charge.com\/tr\/?s={search_term_string}"},"query-input":{"@type":"PropertyValueSpecification","valueRequired":true,"valueName":"search_term_string"}}],"inLanguage":"tr"},{"@type":"Organization","@id":"https:\/\/v2charge.com\/tr\/#organization","name":"V2C","url":"https:\/\/v2charge.com\/tr\/","logo":{"@type":"ImageObject","inLanguage":"tr","@id":"https:\/\/v2charge.com\/tr\/#\/schema\/logo\/image\/","url":"https:\/\/v2charge.com\/wp-content\/uploads\/2024\/11\/cropped-v2c-charge-logo-menu.png","contentUrl":"https:\/\/v2charge.com\/wp-content\/uploads\/2024\/11\/cropped-v2c-charge-logo-menu.png","width":984,"height":431,"caption":"V2C"},"image":{"@id":"https:\/\/v2charge.com\/tr\/#\/schema\/logo\/image\/"},"sameAs":["https:\/\/www.facebook.com\/V2C.Charge","https:\/\/x.com\/V2C_Charge","https:\/\/www.instagram.com\/v2c.charge\/","https:\/\/www.youtube.com\/@V2C","https:\/\/www.linkedin.com\/company\/v2c-chargers\/"]}]}},"uagb_featured_image_src":{"full":["https:\/\/v2charge.com\/wp-content\/uploads\/2024\/07\/v2c-electric-chargers.jpg",1200,675,false],"thumbnail":["https:\/\/v2charge.com\/wp-content\/uploads\/2024\/07\/v2c-electric-chargers-150x150.jpg",150,150,true],"medium":["https:\/\/v2charge.com\/wp-content\/uploads\/2024\/07\/v2c-electric-chargers-300x169.jpg",300,169,true],"medium_large":["https:\/\/v2charge.com\/wp-content\/uploads\/2024\/07\/v2c-electric-chargers-768x432.jpg",768,432,true],"large":["https:\/\/v2charge.com\/wp-content\/uploads\/2024\/07\/v2c-electric-chargers-1024x576.jpg",1024,576,true],"gs-tiny":["https:\/\/v2charge.com\/wp-content\/uploads\/2024\/07\/v2c-electric-chargers.jpg",50,28,false],"xl":["https:\/\/v2charge.com\/wp-content\/uploads\/2024\/07\/v2c-electric-chargers.jpg",1200,675,false],"xxl":["https:\/\/v2charge.com\/wp-content\/uploads\/2024\/07\/v2c-electric-chargers.jpg",1200,675,false],"xxxl":["https:\/\/v2charge.com\/wp-content\/uploads\/2024\/07\/v2c-electric-chargers.jpg",1200,675,false],"xxxxl":["https:\/\/v2charge.com\/wp-content\/uploads\/2024\/07\/v2c-electric-chargers.jpg",1200,675,false],"xxxxxl":["https:\/\/v2charge.com\/wp-content\/uploads\/2024\/07\/v2c-electric-chargers.jpg",1200,675,false],"1536x1536":["https:\/\/v2charge.com\/wp-content\/uploads\/2024\/07\/v2c-electric-chargers.jpg",1200,675,false],"2048x2048":["https:\/\/v2charge.com\/wp-content\/uploads\/2024\/07\/v2c-electric-chargers.jpg",1200,675,false]},"uagb_author_info":{"display_name":"V2C","author_link":"https:\/\/v2charge.com\/tr\/author\/root_k4eu7ki8\/"},"uagb_comment_info":0,"uagb_excerpt":"Bireysel Alan e-mobility yolculu\u011funa kat\u0131l\u0131n V2C Store&#8217;dan e-Charger&#8217;\u0131n\u0131z\u0131 sat\u0131n al\u0131n Ak\u0131ll\u0131 ve yenilik\u00e7i bir e-Charger edinmek i\u00e7in V2C&#8217;nin resmi Store&#8217;una eri\u015fin. \u0130htiya\u00e7lar\u0131n\u0131za g\u00f6re ki\u015fiselle\u015ftirin ve 24\/48 saat i\u00e7inde teslim al\u0131n. Daha fazla bilgi T\u00fcm kaynaklar\u0131 inceleyin Bir e-Charger hakk\u0131nda t\u00fcm detaylar\u0131 m\u0131 \u00f6\u011frenmek istiyorsunuz? Buradan kataloglar\u0131, teknik belgeleri, kullan\u0131c\u0131 k\u0131lavuzlar\u0131n\u0131 ve her \u015farj cihaz\u0131n\u0131n en&hellip;","_links":{"self":[{"href":"https:\/\/v2charge.com\/tr\/wp-json\/wp\/v2\/pages\/314170","targetHints":{"allow":["GET"]}}],"collection":[{"href":"https:\/\/v2charge.com\/tr\/wp-json\/wp\/v2\/pages"}],"about":[{"href":"https:\/\/v2charge.com\/tr\/wp-json\/wp\/v2\/types\/page"}],"author":[{"embeddable":true,"href":"https:\/\/v2charge.com\/tr\/wp-json\/wp\/v2\/users\/1"}],"replies":[{"embeddable":true,"href":"https:\/\/v2charge.com\/tr\/wp-json\/wp\/v2\/comments?post=314170"}],"version-history":[{"count":0,"href":"https:\/\/v2charge.com\/tr\/wp-json\/wp\/v2\/pages\/314170\/revisions"}],"wp:featuredmedia":[{"embeddable":true,"href":"https:\/\/v2charge.com\/tr\/wp-json\/wp\/v2\/media\/170354"}],"wp:attachment":[{"href":"https:\/\/v2charge.com\/tr\/wp-json\/wp\/v2\/media?parent=314170"}],"curies":[{"name":"wp","href":"https:\/\/api.w.org\/{rel}","templated":true}]}}