{"id":314173,"date":"2022-11-07T12:57:29","date_gmt":"2022-11-07T12:57:29","guid":{"rendered":""},"modified":"2026-04-19T10:21:58","modified_gmt":"2026-04-19T10:21:58","slug":"bireysel-kaynaklar","status":"publish","type":"page","link":"https:\/\/v2charge.com\/tr\/bireysel-kaynaklar\/","title":{"rendered":"Bireyler i\u00e7in kaynaklar"},"content":{"rendered":"\n<div class=\"wp-block-uagb-container uagb-block-175926f2 alignfull uagb-is-root-container\"><div class=\"uagb-container-inner-blocks-wrap\"><div class=\"wp-block-uagb-advanced-heading uagb-block-f0ab9802\"><h1 class=\"uagb-heading-text\">Bireyler i\u00e7in Kaynaklar<\/h1><\/div>\n\n<div class=\"wp-block-uagb-advanced-heading uagb-block-ff518beb\"><p class=\"uagb-heading-text\">e-Charger kataloglar\u0131n\u0131, veri sayfalar\u0131n\u0131 ve g\u00fcncellemeleri g\u00f6r\u00fcn.<\/p><\/div><\/div><\/div>\n\n\n\n<div class=\"wp-block-uagb-container uagb-block-ad55bf8b alignfull uagb-is-root-container\"><div class=\"uagb-container-inner-blocks-wrap\">\n<div class=\"wp-block-uagb-container uagb-block-1316bdce\"><div class=\"wp-block-uagb-advanced-heading uagb-block-cbec78c5\"><h2 class=\"uagb-heading-text\">Trydan<\/h2><\/div>\n\n\n<div class=\"wp-block-uagb-image aligncenter uagb-block-f02be7ea wp-block-uagb-image--layout-default wp-block-uagb-image--effect-static wp-block-uagb-image--align-center\"><figure class=\"wp-block-uagb-image__figure\"><img decoding=\"async\" srcset=\"https:\/\/v2charge.com\/wp-content\/uploads\/2022\/11\/Cargador-Trydan.png \" sizes=\"auto, (max-width: 480px) 150px\" src=\"https:\/\/v2charge.com\/wp-content\/uploads\/2022\/11\/Cargador-Trydan.png\" alt=\"Cargador Trydan con manguera lisa\" class=\"uag-image-88908\" width=\"250\" height=\"268\" title=\"\" loading=\"lazy\" role=\"img\"\/><\/figure><\/div>\n\n\n\n<ul class=\"has-contrast-2-color has-text-color wp-block-list\" style=\"font-size:18px\"><li><a href=\"https:\/\/v2charge.com\/wp-content\/uploads\/2023\/05\/CATALOGUE_TRYDAN.pdf\">Katalog<\/a><br><\/li>\n\n<li><a href=\"https:\/\/v2charge.com\/wp-content\/uploads\/2022\/11\/DataSheet_Trydan.pdf\">Veri Sayfas\u0131<\/a><br><\/li>\n\n<li><a href=\"https:\/\/v2charge.com\/trydan-updates\/\">G\u00fcncellemeler<\/a><br><\/li>\n\n<li><a href=\"https:\/\/drive.google.com\/uc?id=1A8uUvcSBgOJXRHz53i24pDEruiJNkGn8&amp;export=download\">Kullan\u0131c\u0131 k\u0131lavuzu<\/a><br><\/li><\/ul>\n<\/div>\n\n\n\n<div class=\"wp-block-uagb-container uagb-block-80b996f1\"><div class=\"wp-block-uagb-advanced-heading uagb-block-ae9c2958\"><h2 class=\"uagb-heading-text\">Pole Pro<\/h2><\/div>\n\n\n<div class=\"wp-block-uagb-image aligncenter uagb-block-1c251189 wp-block-uagb-image--layout-default wp-block-uagb-image--effect-static wp-block-uagb-image--align-center\"><figure class=\"wp-block-uagb-image__figure\"><img decoding=\"async\" srcset=\"https:\/\/v2charge.com\/wp-content\/uploads\/2023\/06\/pole-pro-echarger.png \" sizes=\"auto, (max-width: 480px) 150px\" src=\"https:\/\/v2charge.com\/wp-content\/uploads\/2023\/06\/pole-pro-echarger.png\" alt=\"cargador el\u00e9ctrico urbano pared suelo\" class=\"uag-image-107359\" width=\"215\" height=\"268\" title=\"\" loading=\"lazy\" role=\"img\"\/><\/figure><\/div>\n\n\n\n<ul class=\"has-contrast-2-color has-text-color wp-block-list\" style=\"font-size:18px\"><li><a href=\"https:\/\/v2charge.com\/wp-content\/uploads\/2023\/06\/pole-pro-catalogue.pdf\">Katalog<\/a><br><\/li>\n\n<li><a href=\"https:\/\/v2charge.com\/wp-content\/uploads\/2023\/06\/data-sheet-polepro.pdf\">Veri Sayfas\u0131<\/a><br><\/li>\n\n<li><a href=\"https:\/\/v2charge.com\/pole-updates\/\">G\u00fcncellemeler<\/a><br><\/li>\n\n<li><a href=\"https:\/\/drive.google.com\/uc?id=1epK0mAA64Adz9iTWDmM7SphBAMiLVFOW&amp;export=download\">Kullan\u0131c\u0131 k\u0131lavuzu<\/a><br><\/li><\/ul>\n<\/div>\n\n\n\n<div class=\"wp-block-uagb-container uagb-block-e540dc76\"><div class=\"wp-block-uagb-advanced-heading uagb-block-061b4d5e\"><h2 class=\"uagb-heading-text\">Ekran<\/h2><\/div>\n\n\n<div class=\"wp-block-uagb-image aligncenter uagb-block-c1c2c32b wp-block-uagb-image--layout-default wp-block-uagb-image--effect-static wp-block-uagb-image--align-center\"><figure class=\"wp-block-uagb-image__figure\"><img decoding=\"async\" srcset=\"https:\/\/v2charge.com\/wp-content\/uploads\/2022\/11\/screen-2sockets.png \" sizes=\"auto, (max-width: 480px) 150px\" src=\"https:\/\/v2charge.com\/wp-content\/uploads\/2022\/11\/screen-2sockets.png\" alt=\"Screen con dos sockets\" class=\"uag-image-87177\" width=\"255\" height=\"268\" title=\"\" loading=\"lazy\" role=\"img\"\/><\/figure><\/div>\n\n\n\n<ul class=\"has-contrast-2-color has-text-color wp-block-list\" style=\"font-size:18px\"><li><a href=\"https:\/\/v2charge.com\/wp-content\/uploads\/2022\/09\/CATALOGUE_SCREEN.pdf\">Katalog<br><\/a><\/li>\n\n<li><a href=\"https:\/\/v2charge.com\/wp-content\/uploads\/2023\/01\/DataSheet_Screen.pdf\">Veri Sayfas\u0131<\/a><br><\/li>\n\n<li><a href=\"https:\/\/v2charge.com\/screen-updates\/\">G\u00fcncellemeler<\/a><br><\/li><\/ul>\n<\/div>\n\n\n\n<div class=\"wp-block-uagb-container uagb-block-980ea72d\"><div class=\"wp-block-uagb-advanced-heading uagb-block-c7e1a47a\"><h2 class=\"uagb-heading-text\">EV Ta\u015f\u0131nabilir<\/h2><\/div>\n\n\n<div class=\"wp-block-uagb-image aligncenter uagb-block-cf9fec68 wp-block-uagb-image--layout-default wp-block-uagb-image--effect-static wp-block-uagb-image--align-center\"><figure class=\"wp-block-uagb-image__figure\"><img decoding=\"async\" srcset=\"https:\/\/v2charge.com\/wp-content\/uploads\/2022\/11\/Cargador-EVPortable.png \" sizes=\"auto, (max-width: 480px) 150px\" src=\"https:\/\/v2charge.com\/wp-content\/uploads\/2022\/11\/Cargador-EVPortable.png\" alt=\"\" class=\"uag-image-88930\" width=\"303\" height=\"268\" title=\"\" loading=\"lazy\" role=\"img\"\/><\/figure><\/div>\n\n\n\n<ul class=\"has-contrast-2-color has-text-color wp-block-list\" style=\"font-size:18px\"><li><a href=\"https:\/\/v2charge.com\/wp-content\/uploads\/2022\/09\/CATALOGUE_EVPORTABLE.pdf\">Katalog<\/a><br><\/li>\n\n<li><a href=\"https:\/\/v2charge.com\/wp-content\/uploads\/2022\/07\/Data_Sheet_EVPortable.pdf\">Veri Sayfas\u0131<\/a><br><\/li>\n\n<li><a href=\"https:\/\/v2charge.com\/wp-content\/uploads\/2022\/02\/EV-portable-ENG-V2C.pdf\" rel=\"nofollow\">Kullan\u0131c\u0131 k\u0131lavuzu<\/a><\/li><\/ul>\n<\/div>\n<\/div><\/div>\n\n\n\n<div class=\"wp-block-uagb-container uagb-block-65142fe9 alignfull uagb-is-root-container\"><div class=\"uagb-container-inner-blocks-wrap\"><div class=\"wp-block-uagb-advanced-heading uagb-block-ffd40552\"><h2 class=\"uagb-heading-text\">Teknik deste\u011fe mi ihtiyac\u0131n\u0131z var?<\/h2><\/div>\n\n<div class=\"wp-block-uagb-advanced-heading uagb-block-5cbf9279\"><p class=\"uagb-heading-text\">e-Charger&#8217;lar hakk\u0131nda t\u00fcm teknik bilgilere dan\u0131\u015fmak i\u00e7in Destek Alan\u0131&#8217;na eri\u015fin.<\/p><\/div>\n\n\n<div class=\"wp-block-uagb-buttons uagb-buttons__outer-wrap uagb-btn__default-btn uagb-btn-tablet__default-btn uagb-btn-mobile__default-btn uagb-block-50c82752\"><div class=\"uagb-buttons__wrap uagb-buttons-layout-wrap \"><div class=\"wp-block-uagb-buttons-child uagb-buttons__outer-wrap uagb-block-30e53e75 wp-block-button\"><div class=\"uagb-button__wrapper\"><a class=\"uagb-buttons-repeater wp-block-button__link\" aria-label=\"\" href=\"https:\/\/v2charge.com\/support\/\" rel=\"follow noopener\" target=\"_self\"><div class=\"uagb-button__link\">Eri\u015fim<\/div><\/a><\/div><\/div><\/div><\/div>\n<\/div><\/div>\n","protected":false},"excerpt":{"rendered":"<p>Bireyler i\u00e7in Kaynaklar e-Charger kataloglar\u0131n\u0131, veri sayfalar\u0131n\u0131 ve g\u00fcncellemeleri g\u00f6r\u00fcn. Trydan Pole Pro Ekran EV Ta\u015f\u0131nabilir Teknik deste\u011fe mi ihtiyac\u0131n\u0131z var? e-Charger&#8217;lar hakk\u0131nda t\u00fcm teknik bilgilere dan\u0131\u015fmak i\u00e7in Destek Alan\u0131&#8217;na eri\u015fin.<\/p>\n","protected":false},"author":1,"featured_media":170354,"parent":0,"menu_order":0,"comment_status":"closed","ping_status":"closed","template":"","meta":{"_eb_attr":"","content-type":"","_uag_custom_page_level_css":"","footnotes":""},"class_list":["post-314173","page","type-page","status-publish","has-post-thumbnail"],"yoast_head":"<!-- This site is optimized with the Yoast SEO plugin v25.3.1 - https:\/\/yoast.com\/wordpress\/plugins\/seo\/ -->\n<title>\u25b7 Bireysel Kaynaklar: T\u00fcm bilgileri kontrol et | V2C \u00ae<\/title>\n<meta name=\"description\" content=\"Bireysel kullan\u0131c\u0131lar i\u00e7in en s\u0131k ba\u015fvurulan kaynaklar\u0131 kontrol edin: t\u00fcm e-charger&#039;lar\u0131m\u0131z\u0131n teknik belgeleri, son g\u00fcncellemeler ve k\u0131lavuzlar.\" \/>\n<meta name=\"robots\" content=\"index, follow, max-snippet:-1, max-image-preview:large, max-video-preview:-1\" \/>\n<link rel=\"canonical\" href=\"https:\/\/v2charge.com\/tr\/bireysel-kaynaklar\/\" \/>\n<meta property=\"og:locale\" content=\"tr_TR\" \/>\n<meta property=\"og:type\" content=\"article\" \/>\n<meta property=\"og:title\" content=\"\u25b7 Bireysel Kaynaklar: T\u00fcm bilgileri kontrol et | V2C \u00ae\" \/>\n<meta property=\"og:description\" content=\"Bireysel kullan\u0131c\u0131lar i\u00e7in en s\u0131k ba\u015fvurulan kaynaklar\u0131 kontrol edin: t\u00fcm e-charger&#039;lar\u0131m\u0131z\u0131n teknik belgeleri, son g\u00fcncellemeler ve k\u0131lavuzlar.\" \/>\n<meta property=\"og:url\" content=\"https:\/\/v2charge.com\/tr\/bireysel-kaynaklar\/\" \/>\n<meta property=\"og:site_name\" content=\"V2C\" \/>\n<meta property=\"article:publisher\" content=\"https:\/\/www.facebook.com\/V2C.Charge\" \/>\n<meta property=\"article:modified_time\" content=\"2026-04-19T10:21:58+00:00\" \/>\n<meta property=\"og:image\" content=\"https:\/\/v2charge.com\/wp-content\/uploads\/2024\/07\/v2c-electric-chargers.jpg\" \/>\n\t<meta property=\"og:image:width\" content=\"1200\" \/>\n\t<meta property=\"og:image:height\" content=\"675\" \/>\n\t<meta property=\"og:image:type\" content=\"image\/jpeg\" \/>\n<meta name=\"twitter:card\" content=\"summary_large_image\" \/>\n<meta name=\"twitter:site\" content=\"@V2C_Charge\" \/>\n<meta name=\"twitter:label1\" content=\"Tahmini okuma s\u00fcresi\" \/>\n\t<meta name=\"twitter:data1\" content=\"2 dakika\" \/>\n<script type=\"application\/ld+json\" class=\"yoast-schema-graph\">{\"@context\":\"https:\/\/schema.org\",\"@graph\":[{\"@type\":\"WebPage\",\"@id\":\"https:\/\/v2charge.com\/tr\/bireysel-kaynaklar\/\",\"url\":\"https:\/\/v2charge.com\/tr\/bireysel-kaynaklar\/\",\"name\":\"\u25b7 Bireysel Kaynaklar: T\u00fcm bilgileri kontrol et | V2C \u00ae\",\"isPartOf\":{\"@id\":\"https:\/\/v2charge.com\/tr\/#website\"},\"primaryImageOfPage\":{\"@id\":\"https:\/\/v2charge.com\/tr\/bireysel-kaynaklar\/#primaryimage\"},\"image\":{\"@id\":\"https:\/\/v2charge.com\/tr\/bireysel-kaynaklar\/#primaryimage\"},\"thumbnailUrl\":\"https:\/\/v2charge.com\/wp-content\/uploads\/2024\/07\/v2c-electric-chargers.jpg\",\"datePublished\":\"2022-11-07T12:57:29+00:00\",\"dateModified\":\"2026-04-19T10:21:58+00:00\",\"description\":\"Bireysel kullan\u0131c\u0131lar i\u00e7in en s\u0131k ba\u015fvurulan kaynaklar\u0131 kontrol edin: t\u00fcm e-charger'lar\u0131m\u0131z\u0131n teknik belgeleri, son g\u00fcncellemeler ve k\u0131lavuzlar.\",\"breadcrumb\":{\"@id\":\"https:\/\/v2charge.com\/tr\/bireysel-kaynaklar\/#breadcrumb\"},\"inLanguage\":\"tr\",\"potentialAction\":[{\"@type\":\"ReadAction\",\"target\":[\"https:\/\/v2charge.com\/tr\/bireysel-kaynaklar\/\"]}]},{\"@type\":\"ImageObject\",\"inLanguage\":\"tr\",\"@id\":\"https:\/\/v2charge.com\/tr\/bireysel-kaynaklar\/#primaryimage\",\"url\":\"https:\/\/v2charge.com\/wp-content\/uploads\/2024\/07\/v2c-electric-chargers.jpg\",\"contentUrl\":\"https:\/\/v2charge.com\/wp-content\/uploads\/2024\/07\/v2c-electric-chargers.jpg\",\"width\":1200,\"height\":675,\"caption\":\"V2C Electric Chargers\"},{\"@type\":\"BreadcrumbList\",\"@id\":\"https:\/\/v2charge.com\/tr\/bireysel-kaynaklar\/#breadcrumb\",\"itemListElement\":[{\"@type\":\"ListItem\",\"position\":1,\"name\":\"V2C\",\"item\":\"https:\/\/v2charge.com\/tr\/\"},{\"@type\":\"ListItem\",\"position\":2,\"name\":\"Bireysel kaynaklar\"}]},{\"@type\":\"WebSite\",\"@id\":\"https:\/\/v2charge.com\/tr\/#website\",\"url\":\"https:\/\/v2charge.com\/tr\/\",\"name\":\"V2C\",\"description\":\"#CargandoElMa\u00f1ana\",\"publisher\":{\"@id\":\"https:\/\/v2charge.com\/tr\/#organization\"},\"potentialAction\":[{\"@type\":\"SearchAction\",\"target\":{\"@type\":\"EntryPoint\",\"urlTemplate\":\"https:\/\/v2charge.com\/tr\/?s={search_term_string}\"},\"query-input\":{\"@type\":\"PropertyValueSpecification\",\"valueRequired\":true,\"valueName\":\"search_term_string\"}}],\"inLanguage\":\"tr\"},{\"@type\":\"Organization\",\"@id\":\"https:\/\/v2charge.com\/tr\/#organization\",\"name\":\"V2C\",\"url\":\"https:\/\/v2charge.com\/tr\/\",\"logo\":{\"@type\":\"ImageObject\",\"inLanguage\":\"tr\",\"@id\":\"https:\/\/v2charge.com\/tr\/#\/schema\/logo\/image\/\",\"url\":\"https:\/\/v2charge.com\/wp-content\/uploads\/2024\/11\/cropped-v2c-charge-logo-menu.png\",\"contentUrl\":\"https:\/\/v2charge.com\/wp-content\/uploads\/2024\/11\/cropped-v2c-charge-logo-menu.png\",\"width\":984,\"height\":431,\"caption\":\"V2C\"},\"image\":{\"@id\":\"https:\/\/v2charge.com\/tr\/#\/schema\/logo\/image\/\"},\"sameAs\":[\"https:\/\/www.facebook.com\/V2C.Charge\",\"https:\/\/x.com\/V2C_Charge\",\"https:\/\/www.instagram.com\/v2c.charge\/\",\"https:\/\/www.youtube.com\/@V2C\",\"https:\/\/www.linkedin.com\/company\/v2c-chargers\/\"]}]}<\/script>\n<!-- \/ Yoast SEO plugin. -->","yoast_head_json":{"title":"\u25b7 Bireysel Kaynaklar: T\u00fcm bilgileri kontrol et | V2C \u00ae","description":"Bireysel kullan\u0131c\u0131lar i\u00e7in en s\u0131k ba\u015fvurulan kaynaklar\u0131 kontrol edin: t\u00fcm e-charger'lar\u0131m\u0131z\u0131n teknik belgeleri, son g\u00fcncellemeler ve k\u0131lavuzlar.","robots":{"index":"index","follow":"follow","max-snippet":"max-snippet:-1","max-image-preview":"max-image-preview:large","max-video-preview":"max-video-preview:-1"},"canonical":"https:\/\/v2charge.com\/tr\/bireysel-kaynaklar\/","og_locale":"tr_TR","og_type":"article","og_title":"\u25b7 Bireysel Kaynaklar: T\u00fcm bilgileri kontrol et | V2C \u00ae","og_description":"Bireysel kullan\u0131c\u0131lar i\u00e7in en s\u0131k ba\u015fvurulan kaynaklar\u0131 kontrol edin: t\u00fcm e-charger'lar\u0131m\u0131z\u0131n teknik belgeleri, son g\u00fcncellemeler ve k\u0131lavuzlar.","og_url":"https:\/\/v2charge.com\/tr\/bireysel-kaynaklar\/","og_site_name":"V2C","article_publisher":"https:\/\/www.facebook.com\/V2C.Charge","article_modified_time":"2026-04-19T10:21:58+00:00","og_image":[{"width":1200,"height":675,"url":"https:\/\/v2charge.com\/wp-content\/uploads\/2024\/07\/v2c-electric-chargers.jpg","type":"image\/jpeg"}],"twitter_card":"summary_large_image","twitter_site":"@V2C_Charge","twitter_misc":{"Tahmini okuma s\u00fcresi":"2 dakika"},"schema":{"@context":"https:\/\/schema.org","@graph":[{"@type":"WebPage","@id":"https:\/\/v2charge.com\/tr\/bireysel-kaynaklar\/","url":"https:\/\/v2charge.com\/tr\/bireysel-kaynaklar\/","name":"\u25b7 Bireysel Kaynaklar: T\u00fcm bilgileri kontrol et | V2C \u00ae","isPartOf":{"@id":"https:\/\/v2charge.com\/tr\/#website"},"primaryImageOfPage":{"@id":"https:\/\/v2charge.com\/tr\/bireysel-kaynaklar\/#primaryimage"},"image":{"@id":"https:\/\/v2charge.com\/tr\/bireysel-kaynaklar\/#primaryimage"},"thumbnailUrl":"https:\/\/v2charge.com\/wp-content\/uploads\/2024\/07\/v2c-electric-chargers.jpg","datePublished":"2022-11-07T12:57:29+00:00","dateModified":"2026-04-19T10:21:58+00:00","description":"Bireysel kullan\u0131c\u0131lar i\u00e7in en s\u0131k ba\u015fvurulan kaynaklar\u0131 kontrol edin: t\u00fcm e-charger'lar\u0131m\u0131z\u0131n teknik belgeleri, son g\u00fcncellemeler ve k\u0131lavuzlar.","breadcrumb":{"@id":"https:\/\/v2charge.com\/tr\/bireysel-kaynaklar\/#breadcrumb"},"inLanguage":"tr","potentialAction":[{"@type":"ReadAction","target":["https:\/\/v2charge.com\/tr\/bireysel-kaynaklar\/"]}]},{"@type":"ImageObject","inLanguage":"tr","@id":"https:\/\/v2charge.com\/tr\/bireysel-kaynaklar\/#primaryimage","url":"https:\/\/v2charge.com\/wp-content\/uploads\/2024\/07\/v2c-electric-chargers.jpg","contentUrl":"https:\/\/v2charge.com\/wp-content\/uploads\/2024\/07\/v2c-electric-chargers.jpg","width":1200,"height":675,"caption":"V2C Electric Chargers"},{"@type":"BreadcrumbList","@id":"https:\/\/v2charge.com\/tr\/bireysel-kaynaklar\/#breadcrumb","itemListElement":[{"@type":"ListItem","position":1,"name":"V2C","item":"https:\/\/v2charge.com\/tr\/"},{"@type":"ListItem","position":2,"name":"Bireysel kaynaklar"}]},{"@type":"WebSite","@id":"https:\/\/v2charge.com\/tr\/#website","url":"https:\/\/v2charge.com\/tr\/","name":"V2C","description":"#CargandoElMa\u00f1ana","publisher":{"@id":"https:\/\/v2charge.com\/tr\/#organization"},"potentialAction":[{"@type":"SearchAction","target":{"@type":"EntryPoint","urlTemplate":"https:\/\/v2charge.com\/tr\/?s={search_term_string}"},"query-input":{"@type":"PropertyValueSpecification","valueRequired":true,"valueName":"search_term_string"}}],"inLanguage":"tr"},{"@type":"Organization","@id":"https:\/\/v2charge.com\/tr\/#organization","name":"V2C","url":"https:\/\/v2charge.com\/tr\/","logo":{"@type":"ImageObject","inLanguage":"tr","@id":"https:\/\/v2charge.com\/tr\/#\/schema\/logo\/image\/","url":"https:\/\/v2charge.com\/wp-content\/uploads\/2024\/11\/cropped-v2c-charge-logo-menu.png","contentUrl":"https:\/\/v2charge.com\/wp-content\/uploads\/2024\/11\/cropped-v2c-charge-logo-menu.png","width":984,"height":431,"caption":"V2C"},"image":{"@id":"https:\/\/v2charge.com\/tr\/#\/schema\/logo\/image\/"},"sameAs":["https:\/\/www.facebook.com\/V2C.Charge","https:\/\/x.com\/V2C_Charge","https:\/\/www.instagram.com\/v2c.charge\/","https:\/\/www.youtube.com\/@V2C","https:\/\/www.linkedin.com\/company\/v2c-chargers\/"]}]}},"uagb_featured_image_src":{"full":["https:\/\/v2charge.com\/wp-content\/uploads\/2024\/07\/v2c-electric-chargers.jpg",1200,675,false],"thumbnail":["https:\/\/v2charge.com\/wp-content\/uploads\/2024\/07\/v2c-electric-chargers-150x150.jpg",150,150,true],"medium":["https:\/\/v2charge.com\/wp-content\/uploads\/2024\/07\/v2c-electric-chargers-300x169.jpg",300,169,true],"medium_large":["https:\/\/v2charge.com\/wp-content\/uploads\/2024\/07\/v2c-electric-chargers-768x432.jpg",768,432,true],"large":["https:\/\/v2charge.com\/wp-content\/uploads\/2024\/07\/v2c-electric-chargers-1024x576.jpg",1024,576,true],"gs-tiny":["https:\/\/v2charge.com\/wp-content\/uploads\/2024\/07\/v2c-electric-chargers.jpg",50,28,false],"xl":["https:\/\/v2charge.com\/wp-content\/uploads\/2024\/07\/v2c-electric-chargers.jpg",1200,675,false],"xxl":["https:\/\/v2charge.com\/wp-content\/uploads\/2024\/07\/v2c-electric-chargers.jpg",1200,675,false],"xxxl":["https:\/\/v2charge.com\/wp-content\/uploads\/2024\/07\/v2c-electric-chargers.jpg",1200,675,false],"xxxxl":["https:\/\/v2charge.com\/wp-content\/uploads\/2024\/07\/v2c-electric-chargers.jpg",1200,675,false],"xxxxxl":["https:\/\/v2charge.com\/wp-content\/uploads\/2024\/07\/v2c-electric-chargers.jpg",1200,675,false],"1536x1536":["https:\/\/v2charge.com\/wp-content\/uploads\/2024\/07\/v2c-electric-chargers.jpg",1200,675,false],"2048x2048":["https:\/\/v2charge.com\/wp-content\/uploads\/2024\/07\/v2c-electric-chargers.jpg",1200,675,false]},"uagb_author_info":{"display_name":"V2C","author_link":"https:\/\/v2charge.com\/tr\/author\/root_k4eu7ki8\/"},"uagb_comment_info":0,"uagb_excerpt":"Bireyler i\u00e7in Kaynaklar e-Charger kataloglar\u0131n\u0131, veri sayfalar\u0131n\u0131 ve g\u00fcncellemeleri g\u00f6r\u00fcn. Trydan Pole Pro Ekran EV Ta\u015f\u0131nabilir Teknik deste\u011fe mi ihtiyac\u0131n\u0131z var? e-Charger&#8217;lar hakk\u0131nda t\u00fcm teknik bilgilere dan\u0131\u015fmak i\u00e7in Destek Alan\u0131&#8217;na eri\u015fin.","_links":{"self":[{"href":"https:\/\/v2charge.com\/tr\/wp-json\/wp\/v2\/pages\/314173","targetHints":{"allow":["GET"]}}],"collection":[{"href":"https:\/\/v2charge.com\/tr\/wp-json\/wp\/v2\/pages"}],"about":[{"href":"https:\/\/v2charge.com\/tr\/wp-json\/wp\/v2\/types\/page"}],"author":[{"embeddable":true,"href":"https:\/\/v2charge.com\/tr\/wp-json\/wp\/v2\/users\/1"}],"replies":[{"embeddable":true,"href":"https:\/\/v2charge.com\/tr\/wp-json\/wp\/v2\/comments?post=314173"}],"version-history":[{"count":0,"href":"https:\/\/v2charge.com\/tr\/wp-json\/wp\/v2\/pages\/314173\/revisions"}],"wp:featuredmedia":[{"embeddable":true,"href":"https:\/\/v2charge.com\/tr\/wp-json\/wp\/v2\/media\/170354"}],"wp:attachment":[{"href":"https:\/\/v2charge.com\/tr\/wp-json\/wp\/v2\/media?parent=314173"}],"curies":[{"name":"wp","href":"https:\/\/api.w.org\/{rel}","templated":true}]}}