{"id":314175,"date":"2022-11-21T09:15:26","date_gmt":"2022-11-21T09:15:26","guid":{"rendered":""},"modified":"2026-04-19T10:43:56","modified_gmt":"2026-04-19T10:43:56","slug":"e-charger-in-ocpp-araciligiyla-home-assistant-ile-entegrasyonu","status":"publish","type":"page","link":"https:\/\/v2charge.com\/tr\/e-charger-in-ocpp-araciligiyla-home-assistant-ile-entegrasyonu\/","title":{"rendered":"OCPP ile Home Assistant ile \u015farj noktas\u0131 entegrasyonu"},"content":{"rendered":"\n<div style=\"height:60px\" aria-hidden=\"true\" class=\"wp-block-spacer\"><\/div>\n<h1>OCPP ile Home Assistant ile \u015farj noktas\u0131 entegrasyonu<\/h1>\n<p><\/p><\/p>\n<p>Home Assistant, piyasadaki en ilgin\u00e7 <strong>ak\u0131ll\u0131 ev entegrasyon<\/strong> platformalar\u0131ndan biridir. V2C olarak, bunu <strong>MODBUS TCP<\/strong> \u00fczerinden ger\u00e7ekle\u015ftirmek i\u00e7in bir eklenti \u00fczerinde \u00e7al\u0131\u015f\u0131yoruz, ancak \u015fu anda entegrasyonu i\u00e7in OCPP eklentisi kullan\u0131labilir.<\/p>\n<p>\n\n<p><\/p>\n\n<\/p>\n<p>Belgeler bu web sitesinde g\u00f6r\u00fclebilir: <a href=\"https:\/\/home-assistant-ocpp.readthedocs.io\/en\/latest\/\" target=\"_blank\" rel=\"noreferrer noopener nofollow\">https:\/\/home-assistant-ocpp.readthedocs.io\/en\/latest\/<\/a><\/p>\n<p>\n\n<p><\/p>\n\n<\/p>\n<h2 class=\"wp-block-heading\">OCPP \u00fczerinden entegrasyonu ger\u00e7ekle\u015ftirmek i\u00e7in ad\u0131mlar:<\/h2>\n<p>\n\n<p><\/p>\n\n<\/p>\n<h3 class=\"wp-block-heading\">1. HACS&#8217;i, uzant\u0131lar i\u00e7inde kurun.<\/h3>\n<p>\n\n<p><\/p>\n\n\n<\/p>\n<figure><img decoding=\"async\" src=\"https:\/\/v2charge.com\/wp-content\/uploads\/2022\/11\/hacs-1024x504.png\" alt=\"\"><\/figure>\n<p>\n\n\n<p><\/p>\n\n<\/p>\n<h3 class=\"wp-block-heading\">2. OCPP Home Assistant&#8217;\u0131 kurun ve ard\u0131ndan HACS i\u00e7inde aray\u0131n.<\/h3>\n<p>\n\n<p><\/p>\n\n\n<\/p>\n<figure><img decoding=\"async\" src=\"https:\/\/v2charge.com\/wp-content\/uploads\/2022\/11\/hacs-1-1024x504.png\" alt=\"\"><\/figure>\n<p>\n\n\n<p><\/p>\n\n<\/p>\n<h3 class=\"wp-block-heading\">3. Sunucuyu yeniden ba\u015flat\u0131n. Raspberry Pi&#8217;yi kapat\u0131n ve a\u00e7\u0131n.<\/h3>\n<p>\n\n<p><\/p>\n\n<\/p>\n<h3 class=\"wp-block-heading\">4. &nbsp;OCPP uzant\u0131lar\u0131nda arama yap\u0131n.<\/h3>\n<p>\n\n<p><\/p>\n\n\n<\/p>\n<figure><img decoding=\"async\" src=\"https:\/\/v2charge.com\/wp-content\/uploads\/2022\/11\/ocpp-extension-1024x507.png\" alt=\"\"><\/figure>\n<p>\n\n\n<p><\/p>\n\n<\/p>\n<h3 class=\"wp-block-heading\">5. Bu parametrelerle kurulumu yap\u0131n: \u015farj noktas\u0131 ad\u0131, cihaz\u0131n ad\u0131 ve portu, cihaz\u0131n portu olacakt\u0131r.<\/h3>\n<p>\n\n<p><\/p>\n\n\n<\/p>\n<figure><img decoding=\"async\" src=\"https:\/\/v2charge.com\/wp-content\/uploads\/2022\/12\/home-assistant-configuration-1024x788.png\" alt=\"\"><\/figure>\n<p>\n\n\n<p><\/p>\n\n<\/p>\n<h3 class=\"wp-block-heading\">6. Kullan\u0131c\u0131 hesab\u0131nla v2c.cloud&#8217;a eri\u015f. &#8220;OCPP&#8221; b\u00f6l\u00fcm\u00fcne gir. \u015earj cihaz\u0131n\u0131 se\u00e7 ve ye\u015fil bir kalem sembol\u00fc ile temsil edilen d\u00fczenleme se\u00e7ene\u011fine t\u0131kla.<\/h3>\n<p>URL se\u00e7ene\u011fi a\u015fa\u011f\u0131daki formatta olacakt\u0131r: ws:\/\/&lt;your-server-ip&gt;:&lt;port&gt;<br>&lt;your-server-ip&gt; ev asistan\u0131n\u0131n IP adresi ve &lt;port&gt; ev asistan\u0131n i\u00e7in se\u00e7ilen port olacakt\u0131r.<br><font color=\"#1d1c1d\" face=\"Slack-Lato, Slack-Fractions, appleLogo, sans-serif\">OCPP ID se\u00e7ene\u011finde, \u015farj noktas\u0131 ad\u0131 yaz\u0131lmal\u0131d\u0131r.<\/font><\/p>\n<p>7. Home Assistant&#8217;tan veri almay\u0131 bekleyin.<br style=\"box-sizing: inherit; color: rgb(29, 28, 29); font-family: Slack-Lato, Slack-Fractions, appleLogo, sans-serif; font-size: 15px; font-variant-ligatures: common-ligatures;\"><\/p>\n<p>\n\n<p><\/p>\n\n\n<\/p>\n<figure><img decoding=\"async\" src=\"https:\/\/v2charge.com\/wp-content\/uploads\/2022\/12\/ocpp-configuracion-v2c-cloud-1024x489.png\" alt=\"\"><\/figure>\n<p>\n\n\n<p><\/p>\n\n\n<\/p>\n<p>\n\n\n<p><\/p>\n\n\n<\/p>\n<p>\n\n\n<p><\/p>\n\n<\/p>\n<p><strong>Dikkat<\/strong>: Yo\u011funluk de\u011fi\u015fikli\u011fi home assistant \u00fczerinden \u00e7al\u0131\u015fmamaktad\u0131r, bu konuda \u00e7al\u0131\u015f\u0131yoruz ve bu i\u015flevsellik gelecek s\u00fcr\u00fcmlere eklenecektir.<\/p>\n<p>\n\n<p><\/p>\n\n\n<div style=\"height:60px\" aria-hidden=\"true\" class=\"wp-block-spacer\"><\/div>\n","protected":false},"excerpt":{"rendered":"<p>OCPP ile Home Assistant ile \u015farj noktas\u0131 entegrasyonu Home Assistant, piyasadaki en ilgin\u00e7 ak\u0131ll\u0131 ev entegrasyon platformalar\u0131ndan biridir. V2C olarak, bunu MODBUS TCP \u00fczerinden ger\u00e7ekle\u015ftirmek i\u00e7in bir eklenti \u00fczerinde \u00e7al\u0131\u015f\u0131yoruz, ancak \u015fu anda entegrasyonu i\u00e7in OCPP eklentisi kullan\u0131labilir. Belgeler bu web sitesinde g\u00f6r\u00fclebilir: https:\/\/home-assistant-ocpp.readthedocs.io\/en\/latest\/ OCPP \u00fczerinden entegrasyonu ger\u00e7ekle\u015ftirmek i\u00e7in ad\u0131mlar: 1. HACS&#8217;i, uzant\u0131lar i\u00e7inde kurun. &#8230; <a title=\"OCPP ile Home Assistant ile \u015farj noktas\u0131 entegrasyonu\" class=\"read-more\" href=\"https:\/\/v2charge.com\/tr\/e-charger-in-ocpp-araciligiyla-home-assistant-ile-entegrasyonu\/\" aria-label=\"Read more about OCPP ile Home Assistant ile \u015farj noktas\u0131 entegrasyonu\">Devam\u0131n\u0131 oku<\/a><\/p>\n","protected":false},"author":1,"featured_media":0,"parent":0,"menu_order":0,"comment_status":"closed","ping_status":"closed","template":"","meta":{"_eb_attr":"","content-type":"","_uag_custom_page_level_css":"","footnotes":""},"class_list":["post-314175","page","type-page","status-publish"],"yoast_head":"<!-- This site is optimized with the Yoast SEO plugin v25.3.1 - https:\/\/yoast.com\/wordpress\/plugins\/seo\/ -->\n<title>OCPP \u00fczerinden Home Assistant ile \u015farj noktas\u0131 entegrasyonu<\/title>\n<meta name=\"description\" content=\"Trydan \u015farj noktan\u0131z\u0131 OCPP arac\u0131l\u0131\u011f\u0131yla Home Assistant ile entegre etmek i\u00e7in t\u00fcm ad\u0131mlar\u0131 ve ayarlar\u0131 ke\u015ffedin. Home Assistant&#039;\u0131 indirin.\" \/>\n<meta name=\"robots\" content=\"index, follow, max-snippet:-1, max-image-preview:large, max-video-preview:-1\" \/>\n<link rel=\"canonical\" href=\"https:\/\/v2charge.com\/tr\/e-charger-in-ocpp-araciligiyla-home-assistant-ile-entegrasyonu\/\" \/>\n<meta property=\"og:locale\" content=\"tr_TR\" \/>\n<meta property=\"og:type\" content=\"article\" \/>\n<meta property=\"og:title\" content=\"OCPP \u00fczerinden Home Assistant ile \u015farj noktas\u0131 entegrasyonu\" \/>\n<meta property=\"og:description\" content=\"Trydan \u015farj noktan\u0131z\u0131 OCPP arac\u0131l\u0131\u011f\u0131yla Home Assistant ile entegre etmek i\u00e7in t\u00fcm ad\u0131mlar\u0131 ve ayarlar\u0131 ke\u015ffedin. Home Assistant&#039;\u0131 indirin.\" \/>\n<meta property=\"og:url\" content=\"https:\/\/v2charge.com\/tr\/e-charger-in-ocpp-araciligiyla-home-assistant-ile-entegrasyonu\/\" \/>\n<meta property=\"og:site_name\" content=\"V2C\" \/>\n<meta property=\"article:publisher\" content=\"https:\/\/www.facebook.com\/V2C.Charge\" \/>\n<meta property=\"article:modified_time\" content=\"2026-04-19T10:43:56+00:00\" \/>\n<meta property=\"og:image\" content=\"https:\/\/v2charge.com\/wp-content\/uploads\/2022\/11\/hacs-1024x504.png\" \/>\n<meta name=\"twitter:card\" content=\"summary_large_image\" \/>\n<meta name=\"twitter:site\" content=\"@V2C_Charge\" \/>\n<meta name=\"twitter:label1\" content=\"Tahmini okuma s\u00fcresi\" \/>\n\t<meta name=\"twitter:data1\" content=\"2 dakika\" \/>\n<script type=\"application\/ld+json\" class=\"yoast-schema-graph\">{\"@context\":\"https:\/\/schema.org\",\"@graph\":[{\"@type\":\"WebPage\",\"@id\":\"https:\/\/v2charge.com\/tr\/e-charger-in-ocpp-araciligiyla-home-assistant-ile-entegrasyonu\/\",\"url\":\"https:\/\/v2charge.com\/tr\/e-charger-in-ocpp-araciligiyla-home-assistant-ile-entegrasyonu\/\",\"name\":\"OCPP \u00fczerinden Home Assistant ile \u015farj noktas\u0131 entegrasyonu\",\"isPartOf\":{\"@id\":\"https:\/\/v2charge.com\/tr\/#website\"},\"primaryImageOfPage\":{\"@id\":\"https:\/\/v2charge.com\/tr\/e-charger-in-ocpp-araciligiyla-home-assistant-ile-entegrasyonu\/#primaryimage\"},\"image\":{\"@id\":\"https:\/\/v2charge.com\/tr\/e-charger-in-ocpp-araciligiyla-home-assistant-ile-entegrasyonu\/#primaryimage\"},\"thumbnailUrl\":\"https:\/\/v2charge.com\/wp-content\/uploads\/2022\/11\/hacs-1024x504.png\",\"datePublished\":\"2022-11-21T09:15:26+00:00\",\"dateModified\":\"2026-04-19T10:43:56+00:00\",\"description\":\"Trydan \u015farj noktan\u0131z\u0131 OCPP arac\u0131l\u0131\u011f\u0131yla Home Assistant ile entegre etmek i\u00e7in t\u00fcm ad\u0131mlar\u0131 ve ayarlar\u0131 ke\u015ffedin. Home Assistant'\u0131 indirin.\",\"breadcrumb\":{\"@id\":\"https:\/\/v2charge.com\/tr\/e-charger-in-ocpp-araciligiyla-home-assistant-ile-entegrasyonu\/#breadcrumb\"},\"inLanguage\":\"tr\",\"potentialAction\":[{\"@type\":\"ReadAction\",\"target\":[\"https:\/\/v2charge.com\/tr\/e-charger-in-ocpp-araciligiyla-home-assistant-ile-entegrasyonu\/\"]}]},{\"@type\":\"ImageObject\",\"inLanguage\":\"tr\",\"@id\":\"https:\/\/v2charge.com\/tr\/e-charger-in-ocpp-araciligiyla-home-assistant-ile-entegrasyonu\/#primaryimage\",\"url\":\"https:\/\/v2charge.com\/wp-content\/uploads\/2022\/11\/hacs-1024x504.png\",\"contentUrl\":\"https:\/\/v2charge.com\/wp-content\/uploads\/2022\/11\/hacs-1024x504.png\"},{\"@type\":\"BreadcrumbList\",\"@id\":\"https:\/\/v2charge.com\/tr\/e-charger-in-ocpp-araciligiyla-home-assistant-ile-entegrasyonu\/#breadcrumb\",\"itemListElement\":[{\"@type\":\"ListItem\",\"position\":1,\"name\":\"V2C\",\"item\":\"https:\/\/v2charge.com\/tr\/\"},{\"@type\":\"ListItem\",\"position\":2,\"name\":\"e-Charger&#8217;\u0131n OCPP arac\u0131l\u0131\u011f\u0131yla Home Assistant ile entegrasyonu\"}]},{\"@type\":\"WebSite\",\"@id\":\"https:\/\/v2charge.com\/tr\/#website\",\"url\":\"https:\/\/v2charge.com\/tr\/\",\"name\":\"V2C\",\"description\":\"#CargandoElMa\u00f1ana\",\"publisher\":{\"@id\":\"https:\/\/v2charge.com\/tr\/#organization\"},\"potentialAction\":[{\"@type\":\"SearchAction\",\"target\":{\"@type\":\"EntryPoint\",\"urlTemplate\":\"https:\/\/v2charge.com\/tr\/?s={search_term_string}\"},\"query-input\":{\"@type\":\"PropertyValueSpecification\",\"valueRequired\":true,\"valueName\":\"search_term_string\"}}],\"inLanguage\":\"tr\"},{\"@type\":\"Organization\",\"@id\":\"https:\/\/v2charge.com\/tr\/#organization\",\"name\":\"V2C\",\"url\":\"https:\/\/v2charge.com\/tr\/\",\"logo\":{\"@type\":\"ImageObject\",\"inLanguage\":\"tr\",\"@id\":\"https:\/\/v2charge.com\/tr\/#\/schema\/logo\/image\/\",\"url\":\"https:\/\/v2charge.com\/wp-content\/uploads\/2024\/11\/cropped-v2c-charge-logo-menu.png\",\"contentUrl\":\"https:\/\/v2charge.com\/wp-content\/uploads\/2024\/11\/cropped-v2c-charge-logo-menu.png\",\"width\":984,\"height\":431,\"caption\":\"V2C\"},\"image\":{\"@id\":\"https:\/\/v2charge.com\/tr\/#\/schema\/logo\/image\/\"},\"sameAs\":[\"https:\/\/www.facebook.com\/V2C.Charge\",\"https:\/\/x.com\/V2C_Charge\",\"https:\/\/www.instagram.com\/v2c.charge\/\",\"https:\/\/www.youtube.com\/@V2C\",\"https:\/\/www.linkedin.com\/company\/v2c-chargers\/\"]}]}<\/script>\n<!-- \/ Yoast SEO plugin. -->","yoast_head_json":{"title":"OCPP \u00fczerinden Home Assistant ile \u015farj noktas\u0131 entegrasyonu","description":"Trydan \u015farj noktan\u0131z\u0131 OCPP arac\u0131l\u0131\u011f\u0131yla Home Assistant ile entegre etmek i\u00e7in t\u00fcm ad\u0131mlar\u0131 ve ayarlar\u0131 ke\u015ffedin. Home Assistant'\u0131 indirin.","robots":{"index":"index","follow":"follow","max-snippet":"max-snippet:-1","max-image-preview":"max-image-preview:large","max-video-preview":"max-video-preview:-1"},"canonical":"https:\/\/v2charge.com\/tr\/e-charger-in-ocpp-araciligiyla-home-assistant-ile-entegrasyonu\/","og_locale":"tr_TR","og_type":"article","og_title":"OCPP \u00fczerinden Home Assistant ile \u015farj noktas\u0131 entegrasyonu","og_description":"Trydan \u015farj noktan\u0131z\u0131 OCPP arac\u0131l\u0131\u011f\u0131yla Home Assistant ile entegre etmek i\u00e7in t\u00fcm ad\u0131mlar\u0131 ve ayarlar\u0131 ke\u015ffedin. Home Assistant'\u0131 indirin.","og_url":"https:\/\/v2charge.com\/tr\/e-charger-in-ocpp-araciligiyla-home-assistant-ile-entegrasyonu\/","og_site_name":"V2C","article_publisher":"https:\/\/www.facebook.com\/V2C.Charge","article_modified_time":"2026-04-19T10:43:56+00:00","og_image":[{"url":"https:\/\/v2charge.com\/wp-content\/uploads\/2022\/11\/hacs-1024x504.png","type":"","width":"","height":""}],"twitter_card":"summary_large_image","twitter_site":"@V2C_Charge","twitter_misc":{"Tahmini okuma s\u00fcresi":"2 dakika"},"schema":{"@context":"https:\/\/schema.org","@graph":[{"@type":"WebPage","@id":"https:\/\/v2charge.com\/tr\/e-charger-in-ocpp-araciligiyla-home-assistant-ile-entegrasyonu\/","url":"https:\/\/v2charge.com\/tr\/e-charger-in-ocpp-araciligiyla-home-assistant-ile-entegrasyonu\/","name":"OCPP \u00fczerinden Home Assistant ile \u015farj noktas\u0131 entegrasyonu","isPartOf":{"@id":"https:\/\/v2charge.com\/tr\/#website"},"primaryImageOfPage":{"@id":"https:\/\/v2charge.com\/tr\/e-charger-in-ocpp-araciligiyla-home-assistant-ile-entegrasyonu\/#primaryimage"},"image":{"@id":"https:\/\/v2charge.com\/tr\/e-charger-in-ocpp-araciligiyla-home-assistant-ile-entegrasyonu\/#primaryimage"},"thumbnailUrl":"https:\/\/v2charge.com\/wp-content\/uploads\/2022\/11\/hacs-1024x504.png","datePublished":"2022-11-21T09:15:26+00:00","dateModified":"2026-04-19T10:43:56+00:00","description":"Trydan \u015farj noktan\u0131z\u0131 OCPP arac\u0131l\u0131\u011f\u0131yla Home Assistant ile entegre etmek i\u00e7in t\u00fcm ad\u0131mlar\u0131 ve ayarlar\u0131 ke\u015ffedin. Home Assistant'\u0131 indirin.","breadcrumb":{"@id":"https:\/\/v2charge.com\/tr\/e-charger-in-ocpp-araciligiyla-home-assistant-ile-entegrasyonu\/#breadcrumb"},"inLanguage":"tr","potentialAction":[{"@type":"ReadAction","target":["https:\/\/v2charge.com\/tr\/e-charger-in-ocpp-araciligiyla-home-assistant-ile-entegrasyonu\/"]}]},{"@type":"ImageObject","inLanguage":"tr","@id":"https:\/\/v2charge.com\/tr\/e-charger-in-ocpp-araciligiyla-home-assistant-ile-entegrasyonu\/#primaryimage","url":"https:\/\/v2charge.com\/wp-content\/uploads\/2022\/11\/hacs-1024x504.png","contentUrl":"https:\/\/v2charge.com\/wp-content\/uploads\/2022\/11\/hacs-1024x504.png"},{"@type":"BreadcrumbList","@id":"https:\/\/v2charge.com\/tr\/e-charger-in-ocpp-araciligiyla-home-assistant-ile-entegrasyonu\/#breadcrumb","itemListElement":[{"@type":"ListItem","position":1,"name":"V2C","item":"https:\/\/v2charge.com\/tr\/"},{"@type":"ListItem","position":2,"name":"e-Charger&#8217;\u0131n OCPP arac\u0131l\u0131\u011f\u0131yla Home Assistant ile entegrasyonu"}]},{"@type":"WebSite","@id":"https:\/\/v2charge.com\/tr\/#website","url":"https:\/\/v2charge.com\/tr\/","name":"V2C","description":"#CargandoElMa\u00f1ana","publisher":{"@id":"https:\/\/v2charge.com\/tr\/#organization"},"potentialAction":[{"@type":"SearchAction","target":{"@type":"EntryPoint","urlTemplate":"https:\/\/v2charge.com\/tr\/?s={search_term_string}"},"query-input":{"@type":"PropertyValueSpecification","valueRequired":true,"valueName":"search_term_string"}}],"inLanguage":"tr"},{"@type":"Organization","@id":"https:\/\/v2charge.com\/tr\/#organization","name":"V2C","url":"https:\/\/v2charge.com\/tr\/","logo":{"@type":"ImageObject","inLanguage":"tr","@id":"https:\/\/v2charge.com\/tr\/#\/schema\/logo\/image\/","url":"https:\/\/v2charge.com\/wp-content\/uploads\/2024\/11\/cropped-v2c-charge-logo-menu.png","contentUrl":"https:\/\/v2charge.com\/wp-content\/uploads\/2024\/11\/cropped-v2c-charge-logo-menu.png","width":984,"height":431,"caption":"V2C"},"image":{"@id":"https:\/\/v2charge.com\/tr\/#\/schema\/logo\/image\/"},"sameAs":["https:\/\/www.facebook.com\/V2C.Charge","https:\/\/x.com\/V2C_Charge","https:\/\/www.instagram.com\/v2c.charge\/","https:\/\/www.youtube.com\/@V2C","https:\/\/www.linkedin.com\/company\/v2c-chargers\/"]}]}},"uagb_featured_image_src":{"full":false,"thumbnail":false,"medium":false,"medium_large":false,"large":false,"gs-tiny":false,"xl":false,"xxl":false,"xxxl":false,"xxxxl":false,"xxxxxl":false,"1536x1536":false,"2048x2048":false},"uagb_author_info":{"display_name":"V2C","author_link":"https:\/\/v2charge.com\/tr\/author\/root_k4eu7ki8\/"},"uagb_comment_info":0,"uagb_excerpt":"OCPP ile Home Assistant ile \u015farj noktas\u0131 entegrasyonu Home Assistant, piyasadaki en ilgin\u00e7 ak\u0131ll\u0131 ev entegrasyon platformalar\u0131ndan biridir. V2C olarak, bunu MODBUS TCP \u00fczerinden ger\u00e7ekle\u015ftirmek i\u00e7in bir eklenti \u00fczerinde \u00e7al\u0131\u015f\u0131yoruz, ancak \u015fu anda entegrasyonu i\u00e7in OCPP eklentisi kullan\u0131labilir. Belgeler bu web sitesinde g\u00f6r\u00fclebilir: https:\/\/home-assistant-ocpp.readthedocs.io\/en\/latest\/ OCPP \u00fczerinden entegrasyonu ger\u00e7ekle\u015ftirmek i\u00e7in ad\u0131mlar: 1. HACS&#8217;i, uzant\u0131lar i\u00e7inde kurun.&hellip;","_links":{"self":[{"href":"https:\/\/v2charge.com\/tr\/wp-json\/wp\/v2\/pages\/314175","targetHints":{"allow":["GET"]}}],"collection":[{"href":"https:\/\/v2charge.com\/tr\/wp-json\/wp\/v2\/pages"}],"about":[{"href":"https:\/\/v2charge.com\/tr\/wp-json\/wp\/v2\/types\/page"}],"author":[{"embeddable":true,"href":"https:\/\/v2charge.com\/tr\/wp-json\/wp\/v2\/users\/1"}],"replies":[{"embeddable":true,"href":"https:\/\/v2charge.com\/tr\/wp-json\/wp\/v2\/comments?post=314175"}],"version-history":[{"count":0,"href":"https:\/\/v2charge.com\/tr\/wp-json\/wp\/v2\/pages\/314175\/revisions"}],"wp:attachment":[{"href":"https:\/\/v2charge.com\/tr\/wp-json\/wp\/v2\/media?parent=314175"}],"curies":[{"name":"wp","href":"https:\/\/api.w.org\/{rel}","templated":true}]}}