{"id":314177,"date":"2022-11-21T14:47:31","date_gmt":"2022-11-21T14:47:31","guid":{"rendered":""},"modified":"2026-04-19T10:21:48","modified_gmt":"2026-04-19T10:21:48","slug":"profesyoneller-icin-kaynaklar","status":"publish","type":"page","link":"https:\/\/v2charge.com\/tr\/profesyoneller-icin-kaynaklar\/","title":{"rendered":"Profesyoneller i\u00e7in kaynaklar"},"content":{"rendered":"\n<div class=\"wp-block-uagb-container uagb-block-ee653032 alignfull uagb-is-root-container\"><div class=\"uagb-container-inner-blocks-wrap\"><div class=\"wp-block-uagb-advanced-heading uagb-block-c889f878\"><h1 class=\"uagb-heading-text\">Profesyoneller i\u00e7in Kaynaklar<\/h1><\/div>\n\n<div class=\"wp-block-uagb-advanced-heading uagb-block-0b956032\"><p class=\"uagb-heading-text\">e-Charger kataloglar\u0131n\u0131, veri sayfalar\u0131n\u0131 ve g\u00fcncellemeleri g\u00f6r\u00fcn.<\/p><\/div><\/div><\/div>\n\n\n\n<div class=\"wp-block-uagb-container uagb-block-a4cd5d53 alignfull uagb-is-root-container\"><div class=\"uagb-container-inner-blocks-wrap\">\n<div class=\"wp-block-uagb-container uagb-block-7d95aac3\"><div class=\"wp-block-uagb-advanced-heading uagb-block-c3fa1f58\"><h2 class=\"uagb-heading-text\">Trydan<\/h2><\/div>\n\n\n<div class=\"wp-block-uagb-image aligncenter uagb-block-6f265203 wp-block-uagb-image--layout-default wp-block-uagb-image--effect-static wp-block-uagb-image--align-center\"><figure class=\"wp-block-uagb-image__figure\"><img decoding=\"async\" srcset=\"https:\/\/v2charge.com\/wp-content\/uploads\/2022\/11\/Cargador-Trydan.png \" sizes=\"auto, (max-width: 480px) 150px\" src=\"https:\/\/v2charge.com\/wp-content\/uploads\/2022\/11\/Cargador-Trydan.png\" alt=\"Cargador Trydan con manguera lisa\" class=\"uag-image-88908\" width=\"250\" height=\"268\" title=\"\" loading=\"lazy\" role=\"img\"\/><\/figure><\/div>\n\n\n\n<ul class=\"has-contrast-2-color has-text-color wp-block-list\" style=\"font-size:18px\"><li><a href=\"https:\/\/v2charge.com\/wp-content\/uploads\/2023\/05\/CATALOGUE_TRYDAN.pdf\">Katalog<\/a><br><\/li>\n\n<li><a href=\"https:\/\/v2charge.com\/wp-content\/uploads\/2022\/11\/DataSheet_Trydan.pdf\">Veri Sayfas\u0131<\/a><br><\/li>\n\n<li><a href=\"https:\/\/v2charge.com\/trydan-updates\/\">G\u00fcncellemeler<\/a><br><\/li>\n\n<li><a href=\"https:\/\/drive.google.com\/file\/d\/1t6hmD22pgw1IxUqp8P9RMLgEyCdFeay-\/view?usp=drive_link\">Kurulum k\u0131lavuzu<\/a><\/li><\/ul>\n<\/div>\n\n\n\n<div class=\"wp-block-uagb-container uagb-block-f766ae88\"><div class=\"wp-block-uagb-advanced-heading uagb-block-928eec2d\"><h2 class=\"uagb-heading-text\">Pole Pro<\/h2><\/div>\n\n\n<div class=\"wp-block-uagb-image aligncenter uagb-block-eccb344a wp-block-uagb-image--layout-default wp-block-uagb-image--effect-static wp-block-uagb-image--align-center\"><figure class=\"wp-block-uagb-image__figure\"><img decoding=\"async\" srcset=\"https:\/\/v2charge.com\/wp-content\/uploads\/2023\/06\/pole-pro-echarger.png \" sizes=\"auto, (max-width: 480px) 150px\" src=\"https:\/\/v2charge.com\/wp-content\/uploads\/2023\/06\/pole-pro-echarger.png\" alt=\"cargador el\u00e9ctrico urbano pared suelo\" class=\"uag-image-107359\" width=\"215\" height=\"268\" title=\"\" loading=\"lazy\" role=\"img\"\/><\/figure><\/div>\n\n\n\n<ul class=\"has-contrast-2-color has-text-color wp-block-list\" style=\"font-size:18px\"><li><a href=\"https:\/\/v2charge.com\/wp-content\/uploads\/2023\/06\/pole-pro-catalogue.pdf\">Katalog<\/a><br><\/li>\n\n<li><a href=\"https:\/\/v2charge.com\/wp-content\/uploads\/2023\/06\/data-sheet-polepro.pdf\">Veri Sayfas\u0131<\/a><br><\/li>\n\n<li><a href=\"https:\/\/v2charge.com\/pole-updates\/\">G\u00fcncellemeler<\/a><br><\/li>\n\n<li><a href=\"https:\/\/drive.google.com\/file\/d\/1ndBCjpKBIW3BqNocHpvqLs1bJ1W3ia2y\/view?usp=sharing\">Kurulum k\u0131lavuzu<\/a><\/li><\/ul>\n<\/div>\n\n\n\n<div class=\"wp-block-uagb-container uagb-block-7bce2146\"><div class=\"wp-block-uagb-advanced-heading uagb-block-0800be61\"><h2 class=\"uagb-heading-text\">Ekran<\/h2><\/div>\n\n\n<div class=\"wp-block-uagb-image aligncenter uagb-block-64a55b4b wp-block-uagb-image--layout-default wp-block-uagb-image--effect-static wp-block-uagb-image--align-center\"><figure class=\"wp-block-uagb-image__figure\"><img decoding=\"async\" srcset=\"https:\/\/v2charge.com\/wp-content\/uploads\/2022\/11\/screen-2sockets.png , https:\/\/v2charge.com\/wp-content\/uploads\/2022\/11\/screen-2sockets.png 360w\" sizes=\"auto, (max-width: 480px) 150px\" src=\"https:\/\/v2charge.com\/wp-content\/uploads\/2022\/11\/screen-2sockets.png\" alt=\"Screen con dos sockets\" class=\"uag-image-87177\" width=\"255\" height=\"268\" title=\"\" loading=\"lazy\" role=\"img\"\/><\/figure><\/div>\n\n\n\n<ul class=\"has-contrast-2-color has-text-color wp-block-list\" style=\"font-size:18px\"><li><a href=\"https:\/\/v2charge.com\/wp-content\/uploads\/2022\/09\/CATALOGUE_SCREEN.pdf\">Katalog<\/a><br><\/li>\n\n<li><a href=\"https:\/\/v2charge.com\/wp-content\/uploads\/2023\/01\/DataSheet_Screen.pdf\">Veri Sayfas\u0131<\/a><br><\/li>\n\n<li><a href=\"https:\/\/v2charge.com\/screen-updates\/\">G\u00fcncellemeler<\/a><br><\/li>\n\n<li><a href=\"https:\/\/v2charge.com\/wp-content\/uploads\/2021\/12\/SCREEN-MANUAL.pdf\">Kurulum k\u0131lavuzu<\/a><\/li><\/ul>\n<\/div>\n\n\n\n<div class=\"wp-block-uagb-container uagb-block-e4b0d174\"><div class=\"wp-block-uagb-advanced-heading uagb-block-99e774a6\"><h2 class=\"uagb-heading-text\">EV Ta\u015f\u0131nabilir<\/h2><\/div>\n\n\n<div class=\"wp-block-uagb-image aligncenter uagb-block-8f71547f wp-block-uagb-image--layout-default wp-block-uagb-image--effect-static wp-block-uagb-image--align-center\"><figure class=\"wp-block-uagb-image__figure\"><img decoding=\"async\" srcset=\"https:\/\/v2charge.com\/wp-content\/uploads\/2022\/11\/Cargador-EVPortable.png \" sizes=\"auto, (max-width: 480px) 150px\" src=\"https:\/\/v2charge.com\/wp-content\/uploads\/2022\/11\/Cargador-EVPortable.png\" alt=\"\" class=\"uag-image-88930\" width=\"303\" height=\"268\" title=\"\" loading=\"lazy\" role=\"img\"\/><\/figure><\/div>\n\n\n\n<ul class=\"has-contrast-2-color has-text-color wp-block-list\" style=\"font-size:18px\"><li><a href=\"https:\/\/v2charge.com\/wp-content\/uploads\/2022\/09\/CATALOGUE_EVPORTABLE.pdf\">Katalog<\/a><br><\/li>\n\n<li><a href=\"https:\/\/v2charge.com\/wp-content\/uploads\/2022\/07\/Data_Sheet_EVPortable.pdf\">Veri Sayfas\u0131<\/a><\/li><\/ul>\n<\/div>\n<\/div><\/div>\n\n\n\n<div class=\"wp-block-uagb-container uagb-block-e3b749e5 alignfull uagb-is-root-container\"><div class=\"uagb-container-inner-blocks-wrap\">\n<div class=\"wp-block-uagb-container uagb-block-c5c563e0\">\n<div class=\"wp-block-uagb-container uagb-block-51b664a7\"><div class=\"wp-block-uagb-advanced-heading uagb-block-78ab3459\"><h2 class=\"uagb-heading-text\">T\u00fcm grafik materyalleri g\u00f6r\u00fcn<\/h2><\/div>\n\n<p class=\"has-base-3-color has-text-color\">Sizin kullan\u0131m\u0131n\u0131z i\u00e7in g\u00f6r\u00fcnt\u00fcler, videolar ve daha fazla grafik kayna\u011f\u0131 sa\u011fl\u0131yoruz.<\/p><\/div>\n\n\n\n<div class=\"wp-block-uagb-container uagb-block-e35e4a34\">\n<div class=\"wp-block-uagb-buttons uagb-buttons__outer-wrap uagb-btn__default-btn uagb-btn-tablet__default-btn uagb-btn-mobile__default-btn uagb-block-8f5b4145\"><div class=\"uagb-buttons__wrap uagb-buttons-layout-wrap \"><div class=\"wp-block-uagb-buttons-child uagb-buttons__outer-wrap uagb-block-94c373c0 wp-block-button\"><div class=\"uagb-button__wrapper\"><a class=\"uagb-buttons-repeater wp-block-button__link\" aria-label=\"\" href=\"https:\/\/v2charge.com\/graphic-material\/\" rel=\"follow noopener\" target=\"_self\"><div class=\"uagb-button__link\">Eri\u015fim<\/div><\/a><\/div><\/div><\/div><\/div>\n<\/div>\n<\/div>\n<\/div><\/div>\n\n\n\n<div class=\"wp-block-uagb-container uagb-block-5bfc9cea alignfull uagb-is-root-container\"><div class=\"uagb-container-inner-blocks-wrap\"><div class=\"wp-block-uagb-advanced-heading uagb-block-11104559\"><h2 class=\"uagb-heading-text\">Teknik deste\u011fe mi ihtiyac\u0131n\u0131z var?<\/h2><\/div>\n\n<div class=\"wp-block-uagb-advanced-heading uagb-block-66c486c7\"><p class=\"uagb-heading-text\">e-Charger&#8217;lar hakk\u0131nda t\u00fcm teknik bilgilere dan\u0131\u015fmak i\u00e7in Destek Alan\u0131&#8217;na eri\u015fin.<\/p><\/div>\n\n\n<div class=\"wp-block-uagb-buttons uagb-buttons__outer-wrap uagb-btn__default-btn uagb-btn-tablet__default-btn uagb-btn-mobile__default-btn uagb-block-de047a64\"><div class=\"uagb-buttons__wrap uagb-buttons-layout-wrap \"><div class=\"wp-block-uagb-buttons-child uagb-buttons__outer-wrap uagb-block-bab58fa4 wp-block-button\"><div class=\"uagb-button__wrapper\"><a class=\"uagb-buttons-repeater wp-block-button__link\" aria-label=\"\" href=\"https:\/\/v2charge.com\/support\/\" rel=\"follow noopener\" target=\"_self\"><div class=\"uagb-button__link\">Eri\u015fim<\/div><\/a><\/div><\/div><\/div><\/div>\n<\/div><\/div>\n","protected":false},"excerpt":{"rendered":"<p>Profesyoneller i\u00e7in Kaynaklar e-Charger kataloglar\u0131n\u0131, veri sayfalar\u0131n\u0131 ve g\u00fcncellemeleri g\u00f6r\u00fcn. Trydan Pole Pro Ekran EV Ta\u015f\u0131nabilir T\u00fcm grafik materyalleri g\u00f6r\u00fcn Sizin kullan\u0131m\u0131n\u0131z i\u00e7in g\u00f6r\u00fcnt\u00fcler, videolar ve daha fazla grafik kayna\u011f\u0131 sa\u011fl\u0131yoruz. Teknik deste\u011fe mi ihtiyac\u0131n\u0131z var? e-Charger&#8217;lar hakk\u0131nda t\u00fcm teknik bilgilere dan\u0131\u015fmak i\u00e7in Destek Alan\u0131&#8217;na eri\u015fin.<\/p>\n","protected":false},"author":1,"featured_media":170354,"parent":0,"menu_order":0,"comment_status":"closed","ping_status":"closed","template":"","meta":{"_eb_attr":"","content-type":"","_uag_custom_page_level_css":"","footnotes":""},"class_list":["post-314177","page","type-page","status-publish","has-post-thumbnail"],"yoast_head":"<!-- This site is optimized with the Yoast SEO plugin v25.3.1 - https:\/\/yoast.com\/wordpress\/plugins\/seo\/ -->\n<title>Profesyoneller i\u00e7in Kaynaklar [\u0130htiyac\u0131n\u0131z Olan Bilgiler] | V2C \u00ae<\/title>\n<meta name=\"description\" content=\"Profesyoneller i\u00e7in alanda ihtiya\u00e7 duydu\u011funuz t\u00fcm bilgileri kontrol edin.\u3010Kataloglar, teknik veriler, kurulum k\u0131lavuzlar\u0131 ve grafik materyal\u3011.\" \/>\n<meta name=\"robots\" content=\"index, follow, max-snippet:-1, max-image-preview:large, max-video-preview:-1\" \/>\n<link rel=\"canonical\" href=\"https:\/\/v2charge.com\/tr\/profesyoneller-icin-kaynaklar\/\" \/>\n<meta property=\"og:locale\" content=\"tr_TR\" \/>\n<meta property=\"og:type\" content=\"article\" \/>\n<meta property=\"og:title\" content=\"Profesyoneller i\u00e7in Kaynaklar [\u0130htiyac\u0131n\u0131z Olan Bilgiler] | V2C \u00ae\" \/>\n<meta property=\"og:description\" content=\"Profesyoneller i\u00e7in alanda ihtiya\u00e7 duydu\u011funuz t\u00fcm bilgileri kontrol edin.\u3010Kataloglar, teknik veriler, kurulum k\u0131lavuzlar\u0131 ve grafik materyal\u3011.\" \/>\n<meta property=\"og:url\" content=\"https:\/\/v2charge.com\/tr\/profesyoneller-icin-kaynaklar\/\" \/>\n<meta property=\"og:site_name\" content=\"V2C\" \/>\n<meta property=\"article:publisher\" content=\"https:\/\/www.facebook.com\/V2C.Charge\" \/>\n<meta property=\"article:modified_time\" content=\"2026-04-19T10:21:48+00:00\" \/>\n<meta property=\"og:image\" content=\"https:\/\/v2charge.com\/wp-content\/uploads\/2024\/07\/v2c-electric-chargers.jpg\" \/>\n\t<meta property=\"og:image:width\" content=\"1200\" \/>\n\t<meta property=\"og:image:height\" content=\"675\" \/>\n\t<meta property=\"og:image:type\" content=\"image\/jpeg\" \/>\n<meta name=\"twitter:card\" content=\"summary_large_image\" \/>\n<meta name=\"twitter:site\" content=\"@V2C_Charge\" \/>\n<meta name=\"twitter:label1\" content=\"Tahmini okuma s\u00fcresi\" \/>\n\t<meta name=\"twitter:data1\" content=\"2 dakika\" \/>\n<script type=\"application\/ld+json\" class=\"yoast-schema-graph\">{\"@context\":\"https:\/\/schema.org\",\"@graph\":[{\"@type\":\"WebPage\",\"@id\":\"https:\/\/v2charge.com\/tr\/profesyoneller-icin-kaynaklar\/\",\"url\":\"https:\/\/v2charge.com\/tr\/profesyoneller-icin-kaynaklar\/\",\"name\":\"Profesyoneller i\u00e7in Kaynaklar [\u0130htiyac\u0131n\u0131z Olan Bilgiler] | V2C \u00ae\",\"isPartOf\":{\"@id\":\"https:\/\/v2charge.com\/tr\/#website\"},\"primaryImageOfPage\":{\"@id\":\"https:\/\/v2charge.com\/tr\/profesyoneller-icin-kaynaklar\/#primaryimage\"},\"image\":{\"@id\":\"https:\/\/v2charge.com\/tr\/profesyoneller-icin-kaynaklar\/#primaryimage\"},\"thumbnailUrl\":\"https:\/\/v2charge.com\/wp-content\/uploads\/2024\/07\/v2c-electric-chargers.jpg\",\"datePublished\":\"2022-11-21T14:47:31+00:00\",\"dateModified\":\"2026-04-19T10:21:48+00:00\",\"description\":\"Profesyoneller i\u00e7in alanda ihtiya\u00e7 duydu\u011funuz t\u00fcm bilgileri kontrol edin.\u3010Kataloglar, teknik veriler, kurulum k\u0131lavuzlar\u0131 ve grafik materyal\u3011.\",\"breadcrumb\":{\"@id\":\"https:\/\/v2charge.com\/tr\/profesyoneller-icin-kaynaklar\/#breadcrumb\"},\"inLanguage\":\"tr\",\"potentialAction\":[{\"@type\":\"ReadAction\",\"target\":[\"https:\/\/v2charge.com\/tr\/profesyoneller-icin-kaynaklar\/\"]}]},{\"@type\":\"ImageObject\",\"inLanguage\":\"tr\",\"@id\":\"https:\/\/v2charge.com\/tr\/profesyoneller-icin-kaynaklar\/#primaryimage\",\"url\":\"https:\/\/v2charge.com\/wp-content\/uploads\/2024\/07\/v2c-electric-chargers.jpg\",\"contentUrl\":\"https:\/\/v2charge.com\/wp-content\/uploads\/2024\/07\/v2c-electric-chargers.jpg\",\"width\":1200,\"height\":675,\"caption\":\"V2C Electric Chargers\"},{\"@type\":\"BreadcrumbList\",\"@id\":\"https:\/\/v2charge.com\/tr\/profesyoneller-icin-kaynaklar\/#breadcrumb\",\"itemListElement\":[{\"@type\":\"ListItem\",\"position\":1,\"name\":\"V2C\",\"item\":\"https:\/\/v2charge.com\/tr\/\"},{\"@type\":\"ListItem\",\"position\":2,\"name\":\"Profesyoneller i\u00e7in kaynaklar\"}]},{\"@type\":\"WebSite\",\"@id\":\"https:\/\/v2charge.com\/tr\/#website\",\"url\":\"https:\/\/v2charge.com\/tr\/\",\"name\":\"V2C\",\"description\":\"#CargandoElMa\u00f1ana\",\"publisher\":{\"@id\":\"https:\/\/v2charge.com\/tr\/#organization\"},\"potentialAction\":[{\"@type\":\"SearchAction\",\"target\":{\"@type\":\"EntryPoint\",\"urlTemplate\":\"https:\/\/v2charge.com\/tr\/?s={search_term_string}\"},\"query-input\":{\"@type\":\"PropertyValueSpecification\",\"valueRequired\":true,\"valueName\":\"search_term_string\"}}],\"inLanguage\":\"tr\"},{\"@type\":\"Organization\",\"@id\":\"https:\/\/v2charge.com\/tr\/#organization\",\"name\":\"V2C\",\"url\":\"https:\/\/v2charge.com\/tr\/\",\"logo\":{\"@type\":\"ImageObject\",\"inLanguage\":\"tr\",\"@id\":\"https:\/\/v2charge.com\/tr\/#\/schema\/logo\/image\/\",\"url\":\"https:\/\/v2charge.com\/wp-content\/uploads\/2024\/11\/cropped-v2c-charge-logo-menu.png\",\"contentUrl\":\"https:\/\/v2charge.com\/wp-content\/uploads\/2024\/11\/cropped-v2c-charge-logo-menu.png\",\"width\":984,\"height\":431,\"caption\":\"V2C\"},\"image\":{\"@id\":\"https:\/\/v2charge.com\/tr\/#\/schema\/logo\/image\/\"},\"sameAs\":[\"https:\/\/www.facebook.com\/V2C.Charge\",\"https:\/\/x.com\/V2C_Charge\",\"https:\/\/www.instagram.com\/v2c.charge\/\",\"https:\/\/www.youtube.com\/@V2C\",\"https:\/\/www.linkedin.com\/company\/v2c-chargers\/\"]}]}<\/script>\n<!-- \/ Yoast SEO plugin. -->","yoast_head_json":{"title":"Profesyoneller i\u00e7in Kaynaklar [\u0130htiyac\u0131n\u0131z Olan Bilgiler] | V2C \u00ae","description":"Profesyoneller i\u00e7in alanda ihtiya\u00e7 duydu\u011funuz t\u00fcm bilgileri kontrol edin.\u3010Kataloglar, teknik veriler, kurulum k\u0131lavuzlar\u0131 ve grafik materyal\u3011.","robots":{"index":"index","follow":"follow","max-snippet":"max-snippet:-1","max-image-preview":"max-image-preview:large","max-video-preview":"max-video-preview:-1"},"canonical":"https:\/\/v2charge.com\/tr\/profesyoneller-icin-kaynaklar\/","og_locale":"tr_TR","og_type":"article","og_title":"Profesyoneller i\u00e7in Kaynaklar [\u0130htiyac\u0131n\u0131z Olan Bilgiler] | V2C \u00ae","og_description":"Profesyoneller i\u00e7in alanda ihtiya\u00e7 duydu\u011funuz t\u00fcm bilgileri kontrol edin.\u3010Kataloglar, teknik veriler, kurulum k\u0131lavuzlar\u0131 ve grafik materyal\u3011.","og_url":"https:\/\/v2charge.com\/tr\/profesyoneller-icin-kaynaklar\/","og_site_name":"V2C","article_publisher":"https:\/\/www.facebook.com\/V2C.Charge","article_modified_time":"2026-04-19T10:21:48+00:00","og_image":[{"width":1200,"height":675,"url":"https:\/\/v2charge.com\/wp-content\/uploads\/2024\/07\/v2c-electric-chargers.jpg","type":"image\/jpeg"}],"twitter_card":"summary_large_image","twitter_site":"@V2C_Charge","twitter_misc":{"Tahmini okuma s\u00fcresi":"2 dakika"},"schema":{"@context":"https:\/\/schema.org","@graph":[{"@type":"WebPage","@id":"https:\/\/v2charge.com\/tr\/profesyoneller-icin-kaynaklar\/","url":"https:\/\/v2charge.com\/tr\/profesyoneller-icin-kaynaklar\/","name":"Profesyoneller i\u00e7in Kaynaklar [\u0130htiyac\u0131n\u0131z Olan Bilgiler] | V2C \u00ae","isPartOf":{"@id":"https:\/\/v2charge.com\/tr\/#website"},"primaryImageOfPage":{"@id":"https:\/\/v2charge.com\/tr\/profesyoneller-icin-kaynaklar\/#primaryimage"},"image":{"@id":"https:\/\/v2charge.com\/tr\/profesyoneller-icin-kaynaklar\/#primaryimage"},"thumbnailUrl":"https:\/\/v2charge.com\/wp-content\/uploads\/2024\/07\/v2c-electric-chargers.jpg","datePublished":"2022-11-21T14:47:31+00:00","dateModified":"2026-04-19T10:21:48+00:00","description":"Profesyoneller i\u00e7in alanda ihtiya\u00e7 duydu\u011funuz t\u00fcm bilgileri kontrol edin.\u3010Kataloglar, teknik veriler, kurulum k\u0131lavuzlar\u0131 ve grafik materyal\u3011.","breadcrumb":{"@id":"https:\/\/v2charge.com\/tr\/profesyoneller-icin-kaynaklar\/#breadcrumb"},"inLanguage":"tr","potentialAction":[{"@type":"ReadAction","target":["https:\/\/v2charge.com\/tr\/profesyoneller-icin-kaynaklar\/"]}]},{"@type":"ImageObject","inLanguage":"tr","@id":"https:\/\/v2charge.com\/tr\/profesyoneller-icin-kaynaklar\/#primaryimage","url":"https:\/\/v2charge.com\/wp-content\/uploads\/2024\/07\/v2c-electric-chargers.jpg","contentUrl":"https:\/\/v2charge.com\/wp-content\/uploads\/2024\/07\/v2c-electric-chargers.jpg","width":1200,"height":675,"caption":"V2C Electric Chargers"},{"@type":"BreadcrumbList","@id":"https:\/\/v2charge.com\/tr\/profesyoneller-icin-kaynaklar\/#breadcrumb","itemListElement":[{"@type":"ListItem","position":1,"name":"V2C","item":"https:\/\/v2charge.com\/tr\/"},{"@type":"ListItem","position":2,"name":"Profesyoneller i\u00e7in kaynaklar"}]},{"@type":"WebSite","@id":"https:\/\/v2charge.com\/tr\/#website","url":"https:\/\/v2charge.com\/tr\/","name":"V2C","description":"#CargandoElMa\u00f1ana","publisher":{"@id":"https:\/\/v2charge.com\/tr\/#organization"},"potentialAction":[{"@type":"SearchAction","target":{"@type":"EntryPoint","urlTemplate":"https:\/\/v2charge.com\/tr\/?s={search_term_string}"},"query-input":{"@type":"PropertyValueSpecification","valueRequired":true,"valueName":"search_term_string"}}],"inLanguage":"tr"},{"@type":"Organization","@id":"https:\/\/v2charge.com\/tr\/#organization","name":"V2C","url":"https:\/\/v2charge.com\/tr\/","logo":{"@type":"ImageObject","inLanguage":"tr","@id":"https:\/\/v2charge.com\/tr\/#\/schema\/logo\/image\/","url":"https:\/\/v2charge.com\/wp-content\/uploads\/2024\/11\/cropped-v2c-charge-logo-menu.png","contentUrl":"https:\/\/v2charge.com\/wp-content\/uploads\/2024\/11\/cropped-v2c-charge-logo-menu.png","width":984,"height":431,"caption":"V2C"},"image":{"@id":"https:\/\/v2charge.com\/tr\/#\/schema\/logo\/image\/"},"sameAs":["https:\/\/www.facebook.com\/V2C.Charge","https:\/\/x.com\/V2C_Charge","https:\/\/www.instagram.com\/v2c.charge\/","https:\/\/www.youtube.com\/@V2C","https:\/\/www.linkedin.com\/company\/v2c-chargers\/"]}]}},"uagb_featured_image_src":{"full":["https:\/\/v2charge.com\/wp-content\/uploads\/2024\/07\/v2c-electric-chargers.jpg",1200,675,false],"thumbnail":["https:\/\/v2charge.com\/wp-content\/uploads\/2024\/07\/v2c-electric-chargers-150x150.jpg",150,150,true],"medium":["https:\/\/v2charge.com\/wp-content\/uploads\/2024\/07\/v2c-electric-chargers-300x169.jpg",300,169,true],"medium_large":["https:\/\/v2charge.com\/wp-content\/uploads\/2024\/07\/v2c-electric-chargers-768x432.jpg",768,432,true],"large":["https:\/\/v2charge.com\/wp-content\/uploads\/2024\/07\/v2c-electric-chargers-1024x576.jpg",1024,576,true],"gs-tiny":["https:\/\/v2charge.com\/wp-content\/uploads\/2024\/07\/v2c-electric-chargers.jpg",50,28,false],"xl":["https:\/\/v2charge.com\/wp-content\/uploads\/2024\/07\/v2c-electric-chargers.jpg",1200,675,false],"xxl":["https:\/\/v2charge.com\/wp-content\/uploads\/2024\/07\/v2c-electric-chargers.jpg",1200,675,false],"xxxl":["https:\/\/v2charge.com\/wp-content\/uploads\/2024\/07\/v2c-electric-chargers.jpg",1200,675,false],"xxxxl":["https:\/\/v2charge.com\/wp-content\/uploads\/2024\/07\/v2c-electric-chargers.jpg",1200,675,false],"xxxxxl":["https:\/\/v2charge.com\/wp-content\/uploads\/2024\/07\/v2c-electric-chargers.jpg",1200,675,false],"1536x1536":["https:\/\/v2charge.com\/wp-content\/uploads\/2024\/07\/v2c-electric-chargers.jpg",1200,675,false],"2048x2048":["https:\/\/v2charge.com\/wp-content\/uploads\/2024\/07\/v2c-electric-chargers.jpg",1200,675,false]},"uagb_author_info":{"display_name":"V2C","author_link":"https:\/\/v2charge.com\/tr\/author\/root_k4eu7ki8\/"},"uagb_comment_info":0,"uagb_excerpt":"Profesyoneller i\u00e7in Kaynaklar e-Charger kataloglar\u0131n\u0131, veri sayfalar\u0131n\u0131 ve g\u00fcncellemeleri g\u00f6r\u00fcn. Trydan Pole Pro Ekran EV Ta\u015f\u0131nabilir T\u00fcm grafik materyalleri g\u00f6r\u00fcn Sizin kullan\u0131m\u0131n\u0131z i\u00e7in g\u00f6r\u00fcnt\u00fcler, videolar ve daha fazla grafik kayna\u011f\u0131 sa\u011fl\u0131yoruz. Teknik deste\u011fe mi ihtiyac\u0131n\u0131z var? e-Charger&#8217;lar hakk\u0131nda t\u00fcm teknik bilgilere dan\u0131\u015fmak i\u00e7in Destek Alan\u0131&#8217;na eri\u015fin.","_links":{"self":[{"href":"https:\/\/v2charge.com\/tr\/wp-json\/wp\/v2\/pages\/314177","targetHints":{"allow":["GET"]}}],"collection":[{"href":"https:\/\/v2charge.com\/tr\/wp-json\/wp\/v2\/pages"}],"about":[{"href":"https:\/\/v2charge.com\/tr\/wp-json\/wp\/v2\/types\/page"}],"author":[{"embeddable":true,"href":"https:\/\/v2charge.com\/tr\/wp-json\/wp\/v2\/users\/1"}],"replies":[{"embeddable":true,"href":"https:\/\/v2charge.com\/tr\/wp-json\/wp\/v2\/comments?post=314177"}],"version-history":[{"count":0,"href":"https:\/\/v2charge.com\/tr\/wp-json\/wp\/v2\/pages\/314177\/revisions"}],"wp:featuredmedia":[{"embeddable":true,"href":"https:\/\/v2charge.com\/tr\/wp-json\/wp\/v2\/media\/170354"}],"wp:attachment":[{"href":"https:\/\/v2charge.com\/tr\/wp-json\/wp\/v2\/media?parent=314177"}],"curies":[{"name":"wp","href":"https:\/\/api.w.org\/{rel}","templated":true}]}}