{"id":314182,"date":"2023-02-01T11:47:32","date_gmt":"2023-02-01T09:47:32","guid":{"rendered":""},"modified":"2025-07-18T14:16:06","modified_gmt":"2025-07-18T12:16:06","slug":"kostal-ksem-baglantisi-ile-trydan","status":"publish","type":"page","link":"https:\/\/v2charge.com\/tr\/destek-alani\/guc-kontrolu\/dinamik\/kostal-ksem-baglantisi-ile-trydan\/","title":{"rendered":"Kostal KSEM ba\u011flant\u0131s\u0131 ile Trydan"},"content":{"rendered":"\n<div class=\"wp-block-uagb-container uagb-block-3abc244a alignfull uagb-is-root-container\"><div class=\"uagb-container-inner-blocks-wrap\"><div class=\"yoast-breadcrumbs\"><span><span><a href=\"https:\/\/v2charge.com\/tr\/\">V2C<\/a><\/span> \u00bb <span><a href=\"https:\/\/v2charge.com\/tr\/destek-alani\/\">Destek Alan\u0131.<\/a><\/span> \u00bb <span><a href=\"https:\/\/v2charge.com\/tr\/destek-alani\/guc-kontrolu\/\">G\u00fc\u00e7 kontrol\u00fc<\/a><\/span> \u00bb <span><a href=\"https:\/\/v2charge.com\/tr\/destek-alani\/guc-kontrolu\/dinamik\/\">Dinamik<\/a><\/span> \u00bb <span class=\"breadcrumb_last\" aria-current=\"page\">Kostal KSEM ba\u011flant\u0131s\u0131 ile Trydan<\/span><\/span><\/div>\n\n<h1 class=\"wp-block-heading\">Trydan ile Kostal KSEM Ba\u011flant\u0131s\u0131<\/h1>\n\n\n<div class=\"wp-block-uagb-container uagb-block-94b2f0a4 alignfull uagb-is-root-container\"><div class=\"uagb-container-inner-blocks-wrap\">\n<div class=\"wp-block-uagb-container uagb-block-c65863b3\"><p><strong>Kostal inverterler, Modbus TCP ileti\u015fimi arac\u0131l\u0131\u011f\u0131yla KSEM enerji sayac\u0131 <\/strong>(Kostal Ak\u0131ll\u0131 Enerji Sayac\u0131) \u00fczerinden do\u011frudan Trydan&#8217;a ba\u011flanabilir.<\/p><\/div>\n\n\n\n<div class=\"wp-block-uagb-container uagb-block-260fae18\">\n<div class=\"wp-block-uagb-image uagb-block-9078e420 wp-block-uagb-image--layout-default wp-block-uagb-image--effect-static wp-block-uagb-image--align-none\"><figure class=\"wp-block-uagb-image__figure\"><img decoding=\"async\" srcset=\"https:\/\/v2charge.com\/wp-content\/uploads\/2023\/12\/kostal-logo.png ,https:\/\/v2charge.com\/wp-content\/uploads\/2023\/12\/kostal-logo.png 780w, https:\/\/v2charge.com\/wp-content\/uploads\/2023\/12\/kostal-logo.png 360w\" sizes=\"auto, (max-width: 480px) 150px\" src=\"https:\/\/v2charge.com\/wp-content\/uploads\/2023\/12\/kostal-logo.png\" alt=\"\" class=\"uag-image-128994\" width=\"250\" height=\"65\" title=\"\" loading=\"lazy\" role=\"img\"\/><\/figure><\/div>\n<\/div>\n<\/div><\/div>\n<\/div><\/div>\n\n\n\n<div class=\"wp-block-uagb-container uagb-block-333fb119 alignfull uagb-is-root-container\"><div class=\"uagb-container-inner-blocks-wrap\">\n<div class=\"wp-block-uagb-container uagb-block-2ff110d0 default uagb-is-root-container\">\n<div class=\"wp-block-uagb-container uagb-block-cd442c87\">\n<div class=\"wp-block-uagb-image aligncenter uagb-block-4bb46c59 wp-block-uagb-image--layout-default wp-block-uagb-image--effect-static wp-block-uagb-image--align-center\"><figure class=\"wp-block-uagb-image__figure\"><img decoding=\"async\" srcset=\"https:\/\/v2charge.com\/wp-content\/uploads\/2023\/11\/icon-important.png ,https:\/\/v2charge.com\/wp-content\/uploads\/2023\/11\/icon-important.png 780w, https:\/\/v2charge.com\/wp-content\/uploads\/2023\/11\/icon-important.png 360w\" sizes=\"auto, (max-width: 480px) 150px\" src=\"https:\/\/v2charge.com\/wp-content\/uploads\/2023\/11\/icon-important.png\" alt=\"\" class=\"uag-image-125013\" width=\"50\" height=\"50\" title=\"\" loading=\"lazy\" role=\"img\"\/><\/figure><\/div>\n<\/div>\n\n\n\n<div class=\"wp-block-uagb-container uagb-block-38de7166\"><div class=\"wp-block-uagb-advanced-heading uagb-block-37ab01f0\"><p class=\"uagb-heading-text\"><strong>Wi-Fi tekrarlay\u0131c\u0131lar\u0131<\/strong> veya <strong>mesh a\u011flar\u0131<\/strong> sistemin d\u00fczg\u00fcn \u00e7al\u0131\u015fmas\u0131n\u0131 etkileyebilir. \u015earj cihaz\u0131 ile inverter aras\u0131nda optimal bir ba\u011flant\u0131 sa\u011flamak i\u00e7in <strong>kararl\u0131<\/strong> ve <strong>do\u011frudan Wi-Fi<\/strong> a\u011f\u0131 kullanman\u0131z\u0131 \u00f6neririz.<\/p><\/div><\/div>\n<\/div>\n\n\n\n<div style=\"height:5px\" aria-hidden=\"true\" class=\"wp-block-spacer\"><\/div>\n<\/div><\/div>\n\n\n\n<div class=\"wp-block-uagb-container uagb-block-02b83e17 alignfull uagb-is-root-container\"><div class=\"uagb-container-inner-blocks-wrap\">\n<div class=\"wp-block-uagb-separator uagb-block-674a6466\"><div class=\"wp-block-uagb-separator__inner\" style=\"--my-background-image:\"><\/div><\/div>\n\n\n<h2 class=\"wp-block-heading\">Ba\u011flant\u0131y\u0131 nas\u0131l kurulur<\/h2>\n\n<p>Ba\u011flant\u0131y\u0131 kurmak i\u00e7in \u00f6nce Modbus TCP ileti\u015fimini etkinle\u015ftirece\u011fiz. Bunu yapmak i\u00e7in, KSEM sayac\u0131n\u0131n IP adresine eri\u015fmemiz gerekiyor; bu adres y\u00f6nlendiricide veya yerel IP adreslerini aramaya izin veren uygulamalar arac\u0131l\u0131\u011f\u0131yla bulunabilir. Ard\u0131ndan, Modbus Yap\u0131land\u0131rma b\u00f6l\u00fcm\u00fcnde TCP k\u00f6lesini etkinle\u015ftirece\u011fiz.<\/p>\n\n\n<div class=\"wp-block-uagb-buttons uagb-buttons__outer-wrap uagb-btn__default-btn uagb-btn-tablet__default-btn uagb-btn-mobile__default-btn uagb-block-cff7e0d9\"><div class=\"uagb-buttons__wrap uagb-buttons-layout-wrap \"><div class=\"wp-block-uagb-buttons-child uagb-buttons__outer-wrap uagb-block-b3b0e0d0 wp-block-button\"><div class=\"uagb-button__wrapper\"><a class=\"uagb-buttons-repeater wp-block-button__link\" aria-label=\"\" href=\"https:\/\/v2charge.com\/tr\/yerel-agima-bagli-cihazlarin-ipsini-nasil-bulabilirim\/\" rel=\"follow noopener\" target=\"_self\" role=\"button\"><div class=\"uagb-button__link\">Yerel a\u011f\u0131mda ba\u011fl\u0131 olan cihazlar\u0131n IP&#8217;sini nas\u0131l bulabilirim?<\/div><\/a><\/div><\/div><\/div><\/div>\n\n\n\n<div class=\"wp-block-uagb-image aligncenter uagb-block-a8077fef wp-block-uagb-image--layout-default wp-block-uagb-image--effect-static wp-block-uagb-image--align-center\"><figure class=\"wp-block-uagb-image__figure\"><img decoding=\"async\" srcset=\"https:\/\/v2charge.com\/wp-content\/uploads\/2023\/12\/configuracion-modbus.jpg ,https:\/\/v2charge.com\/wp-content\/uploads\/2023\/12\/configuracion-modbus.jpg 780w, https:\/\/v2charge.com\/wp-content\/uploads\/2023\/12\/configuracion-modbus.jpg 360w\" sizes=\"auto, (max-width: 480px) 150px\" src=\"https:\/\/v2charge.com\/wp-content\/uploads\/2023\/12\/configuracion-modbus.jpg\" alt=\"\" class=\"uag-image-129027\" width=\"1024\" height=\"692\" title=\"\" loading=\"lazy\" role=\"img\"\/><\/figure><\/div>\n\n\n\n<hr class=\"wp-block-separator has-alpha-channel-opacity\"\/>\n\n\n<h2 class=\"wp-block-heading\">V2C Cloud Uygulamas\u0131nda KSEM Sayac\u0131 ile Kostal \u0130nverter Kurulumu<\/h2><\/div><\/div>\n\n\n\n<div class=\"wp-block-uagb-container uagb-block-22ddbea3 alignfull uagb-is-root-container\"><div class=\"uagb-container-inner-blocks-wrap\">\n<div class=\"wp-block-uagb-container uagb-block-5a4283f6\"><p>V2C Cloud Uygulamas\u0131n\u0131 a\u00e7\u0131n, \u015farj noktas\u0131n\u0131 se\u00e7in ve ard\u0131ndan Yap\u0131land\u0131rma b\u00f6l\u00fcm\u00fcne gidin. Dinamik G\u00fc\u00e7 Kontrol\u00fcn\u00fc girin ve saya\u00e7 b\u00f6l\u00fcm\u00fcnde Kostal KSEM&#8217;i se\u00e7in.<br><\/p>\n\n<p>IP, KSEM sayac\u0131na web \u00fczerinden ba\u011flanmak i\u00e7in kulland\u0131\u011f\u0131n\u0131z ile ayn\u0131 olacakt\u0131r. Unutmay\u0131n, ayn\u0131 yerel WiFi a\u011f\u0131 \u00fczerinde olmal\u0131d\u0131r.<\/p>\n\n<p><em>Not<strong>:<\/strong> Bu t\u00fcr bir ba\u011flant\u0131, V2C Uygulamas\u0131nda fotovoltaik \u00fcretimi g\u00f6stermeyecektir, ancak t\u00fcm \u015farj modlar\u0131 ayn\u0131 \u015fekilde \u00e7al\u0131\u015facakt\u0131r.<\/em><\/p><\/div>\n\n\n\n<div class=\"wp-block-uagb-container uagb-block-10d2a092\">\n<div class=\"wp-block-uagb-image aligncenter uagb-block-9be1b062 wp-block-uagb-image--layout-default wp-block-uagb-image--effect-static wp-block-uagb-image--align-center\"><figure class=\"wp-block-uagb-image__figure\"><img decoding=\"async\" srcset=\"https:\/\/v2charge.com\/wp-content\/uploads\/2024\/01\/kostal-ksem-inversor.jpg ,https:\/\/v2charge.com\/wp-content\/uploads\/2024\/01\/kostal-ksem-inversor.jpg 780w, https:\/\/v2charge.com\/wp-content\/uploads\/2024\/01\/kostal-ksem-inversor.jpg 360w\" sizes=\"auto, (max-width: 480px) 150px\" src=\"https:\/\/v2charge.com\/wp-content\/uploads\/2024\/01\/kostal-ksem-inversor.jpg\" alt=\"\" class=\"uag-image-133272\" width=\"400\" height=\"684\" title=\"\" loading=\"lazy\" role=\"img\"\/><\/figure><\/div>\n<\/div>\n<\/div><\/div>\n\n\n\n<div class=\"wp-block-uagb-container uagb-block-a9f804c6 alignfull uagb-is-root-container\"><div class=\"uagb-container-inner-blocks-wrap\"><div class=\"wp-block-uagb-advanced-heading uagb-block-58b04056\"><h2 class=\"uagb-heading-text\"><strong>Teknik deste\u011fe mi ihtiyac\u0131n\u0131z var?<\/strong><\/h2><\/div>\n\n<div class=\"wp-block-uagb-advanced-heading uagb-block-84f10837\"><p class=\"uagb-heading-text\">Teknik Destek Merkezi&#8217;nde bir talep olu\u015fturun, en k\u0131sa s\u00fcrede sizinle ileti\u015fime ge\u00e7erek en iyi \u00e7\u00f6z\u00fcm\u00fc sunal\u0131m.<\/p><\/div>\n\n\n<div class=\"wp-block-uagb-buttons uagb-buttons__outer-wrap uagb-btn__default-btn uagb-btn-tablet__default-btn uagb-btn-mobile__default-btn uagb-block-c10fdcdd\"><div class=\"uagb-buttons__wrap uagb-buttons-layout-wrap \"><div class=\"wp-block-uagb-buttons-child uagb-buttons__outer-wrap uagb-block-1a8f0b68 wp-block-button\"><div class=\"uagb-button__wrapper\"><a class=\"uagb-buttons-repeater wp-block-button__link\" aria-label=\"\" href=\"https:\/\/v2charge.atlassian.net\/servicedesk\/customer\/portal\/3\" rel=\"follow noopener\" target=\"_self\" role=\"button\"><div class=\"uagb-button__link\">Teknik Destek ile \u0130leti\u015fime Ge\u00e7in<\/div><\/a><\/div><\/div><\/div><\/div>\n<\/div><\/div>\n","protected":false},"excerpt":{"rendered":"<p>Trydan ile Kostal KSEM Ba\u011flant\u0131s\u0131 Kostal inverterler, Modbus TCP ileti\u015fimi arac\u0131l\u0131\u011f\u0131yla KSEM enerji sayac\u0131 (Kostal Ak\u0131ll\u0131 Enerji Sayac\u0131) \u00fczerinden do\u011frudan Trydan&#8217;a ba\u011flanabilir. Wi-Fi tekrarlay\u0131c\u0131lar\u0131 veya mesh a\u011flar\u0131 sistemin d\u00fczg\u00fcn \u00e7al\u0131\u015fmas\u0131n\u0131 etkileyebilir. \u015earj cihaz\u0131 ile inverter aras\u0131nda optimal bir ba\u011flant\u0131 sa\u011flamak i\u00e7in kararl\u0131 ve do\u011frudan Wi-Fi a\u011f\u0131 kullanman\u0131z\u0131 \u00f6neririz. Ba\u011flant\u0131y\u0131 nas\u0131l kurulur Ba\u011flant\u0131y\u0131 kurmak i\u00e7in \u00f6nce &#8230; <a title=\"Kostal KSEM ba\u011flant\u0131s\u0131 ile Trydan\" class=\"read-more\" href=\"https:\/\/v2charge.com\/tr\/destek-alani\/guc-kontrolu\/dinamik\/kostal-ksem-baglantisi-ile-trydan\/\" aria-label=\"Read more about Kostal KSEM ba\u011flant\u0131s\u0131 ile Trydan\">Devam\u0131n\u0131 oku<\/a><\/p>\n","protected":false},"author":1,"featured_media":0,"parent":125469,"menu_order":0,"comment_status":"closed","ping_status":"closed","template":"","meta":{"_eb_attr":"","content-type":"","_uag_custom_page_level_css":"","footnotes":""},"class_list":["post-314182","page","type-page","status-publish"],"yoast_head":"<!-- This site is optimized with the Yoast SEO plugin v25.3.1 - https:\/\/yoast.com\/wordpress\/plugins\/seo\/ -->\n<title>Kostal KSEM ba\u011flant\u0131s\u0131 ile Trydan | V2C<\/title>\n<meta name=\"description\" content=\"Kostal inverterler, Modbus TCP ileti\u015fimi kullanarak KSEM (Kostal Ak\u0131ll\u0131 Enerji \u00d6l\u00e7er) enerji \u00f6l\u00e7eri arac\u0131l\u0131\u011f\u0131yla do\u011frudan Trydan&#039;a ba\u011flanabilir.\" \/>\n<meta name=\"robots\" content=\"index, follow, max-snippet:-1, max-image-preview:large, max-video-preview:-1\" \/>\n<link rel=\"canonical\" href=\"https:\/\/v2charge.com\/tr\/kostal-ksem-connection-with-trydan\/\" \/>\n<meta property=\"og:locale\" content=\"tr_TR\" \/>\n<meta property=\"og:type\" content=\"article\" \/>\n<meta property=\"og:title\" content=\"Kostal KSEM ba\u011flant\u0131s\u0131 ile Trydan | V2C\" \/>\n<meta property=\"og:description\" content=\"Kostal inverterler, Modbus TCP ileti\u015fimi kullanarak KSEM (Kostal Ak\u0131ll\u0131 Enerji \u00d6l\u00e7er) enerji \u00f6l\u00e7eri arac\u0131l\u0131\u011f\u0131yla do\u011frudan Trydan&#039;a ba\u011flanabilir.\" \/>\n<meta property=\"og:url\" content=\"https:\/\/v2charge.com\/tr\/kostal-ksem-connection-with-trydan\/\" \/>\n<meta property=\"og:site_name\" content=\"V2C\" \/>\n<meta property=\"article:publisher\" content=\"https:\/\/www.facebook.com\/V2C.Charge\" \/>\n<meta property=\"article:modified_time\" content=\"2025-07-18T12:16:06+00:00\" \/>\n<meta property=\"og:image\" content=\"https:\/\/v2charge.com\/wp-content\/uploads\/2023\/12\/kostal-logo.png\" \/>\n<meta name=\"twitter:card\" content=\"summary_large_image\" \/>\n<meta name=\"twitter:site\" content=\"@V2C_Charge\" \/>\n<meta name=\"twitter:label1\" content=\"Tahmini okuma s\u00fcresi\" \/>\n\t<meta name=\"twitter:data1\" content=\"2 dakika\" \/>\n<script type=\"application\/ld+json\" class=\"yoast-schema-graph\">{\"@context\":\"https:\/\/schema.org\",\"@graph\":[{\"@type\":\"WebPage\",\"@id\":\"https:\/\/v2charge.com\/tr\/destek-alani\/guc-kontrolu\/dinamik\/kostal-ksem-baglantisi-ile-trydan\/\",\"url\":\"https:\/\/v2charge.com\/tr\/kostal-ksem-connection-with-trydan\/\",\"name\":\"Kostal KSEM ba\u011flant\u0131s\u0131 ile Trydan | V2C\",\"isPartOf\":{\"@id\":\"https:\/\/v2charge.com\/tr\/#website\"},\"primaryImageOfPage\":{\"@id\":\"https:\/\/v2charge.com\/tr\/kostal-ksem-connection-with-trydan\/#primaryimage\"},\"image\":{\"@id\":\"https:\/\/v2charge.com\/tr\/kostal-ksem-connection-with-trydan\/#primaryimage\"},\"thumbnailUrl\":\"https:\/\/v2charge.com\/wp-content\/uploads\/2023\/12\/kostal-logo.png\",\"datePublished\":\"2023-02-01T09:47:32+00:00\",\"dateModified\":\"2025-07-18T12:16:06+00:00\",\"description\":\"Kostal inverterler, Modbus TCP ileti\u015fimi kullanarak KSEM (Kostal Ak\u0131ll\u0131 Enerji \u00d6l\u00e7er) enerji \u00f6l\u00e7eri arac\u0131l\u0131\u011f\u0131yla do\u011frudan Trydan'a ba\u011flanabilir.\",\"breadcrumb\":{\"@id\":\"https:\/\/v2charge.com\/tr\/kostal-ksem-connection-with-trydan\/#breadcrumb\"},\"inLanguage\":\"tr\",\"potentialAction\":[{\"@type\":\"ReadAction\",\"target\":[\"https:\/\/v2charge.com\/tr\/kostal-ksem-connection-with-trydan\/\"]}]},{\"@type\":\"ImageObject\",\"inLanguage\":\"tr\",\"@id\":\"https:\/\/v2charge.com\/tr\/kostal-ksem-connection-with-trydan\/#primaryimage\",\"url\":\"https:\/\/v2charge.com\/wp-content\/uploads\/2023\/12\/kostal-logo.png\",\"contentUrl\":\"https:\/\/v2charge.com\/wp-content\/uploads\/2023\/12\/kostal-logo.png\"},{\"@type\":\"BreadcrumbList\",\"@id\":\"https:\/\/v2charge.com\/tr\/kostal-ksem-connection-with-trydan\/#breadcrumb\",\"itemListElement\":[{\"@type\":\"ListItem\",\"position\":1,\"name\":\"V2C\",\"item\":\"https:\/\/v2charge.com\/tr\/\"},{\"@type\":\"ListItem\",\"position\":2,\"name\":\"Destek Alan\u0131.\",\"item\":\"https:\/\/v2charge.com\/tr\/destek-alani\/\"},{\"@type\":\"ListItem\",\"position\":3,\"name\":\"G\u00fc\u00e7 kontrol\u00fc\",\"item\":\"https:\/\/v2charge.com\/tr\/destek-alani\/guc-kontrolu\/\"},{\"@type\":\"ListItem\",\"position\":4,\"name\":\"Dinamik\",\"item\":\"https:\/\/v2charge.com\/tr\/destek-alani\/guc-kontrolu\/dinamik\/\"},{\"@type\":\"ListItem\",\"position\":5,\"name\":\"Kostal KSEM ba\u011flant\u0131s\u0131 ile Trydan\"}]},{\"@type\":\"WebSite\",\"@id\":\"https:\/\/v2charge.com\/tr\/#website\",\"url\":\"https:\/\/v2charge.com\/tr\/\",\"name\":\"V2C\",\"description\":\"#CargandoElMa\u00f1ana\",\"publisher\":{\"@id\":\"https:\/\/v2charge.com\/tr\/#organization\"},\"potentialAction\":[{\"@type\":\"SearchAction\",\"target\":{\"@type\":\"EntryPoint\",\"urlTemplate\":\"https:\/\/v2charge.com\/tr\/?s={search_term_string}\"},\"query-input\":{\"@type\":\"PropertyValueSpecification\",\"valueRequired\":true,\"valueName\":\"search_term_string\"}}],\"inLanguage\":\"tr\"},{\"@type\":\"Organization\",\"@id\":\"https:\/\/v2charge.com\/tr\/#organization\",\"name\":\"V2C\",\"url\":\"https:\/\/v2charge.com\/tr\/\",\"logo\":{\"@type\":\"ImageObject\",\"inLanguage\":\"tr\",\"@id\":\"https:\/\/v2charge.com\/tr\/#\/schema\/logo\/image\/\",\"url\":\"https:\/\/v2charge.com\/wp-content\/uploads\/2024\/11\/cropped-v2c-charge-logo-menu.png\",\"contentUrl\":\"https:\/\/v2charge.com\/wp-content\/uploads\/2024\/11\/cropped-v2c-charge-logo-menu.png\",\"width\":984,\"height\":431,\"caption\":\"V2C\"},\"image\":{\"@id\":\"https:\/\/v2charge.com\/tr\/#\/schema\/logo\/image\/\"},\"sameAs\":[\"https:\/\/www.facebook.com\/V2C.Charge\",\"https:\/\/x.com\/V2C_Charge\",\"https:\/\/www.instagram.com\/v2c.charge\/\",\"https:\/\/www.youtube.com\/@V2C\",\"https:\/\/www.linkedin.com\/company\/v2c-chargers\/\"]}]}<\/script>\n<!-- \/ Yoast SEO plugin. -->","yoast_head_json":{"title":"Kostal KSEM ba\u011flant\u0131s\u0131 ile Trydan | V2C","description":"Kostal inverterler, Modbus TCP ileti\u015fimi kullanarak KSEM (Kostal Ak\u0131ll\u0131 Enerji \u00d6l\u00e7er) enerji \u00f6l\u00e7eri arac\u0131l\u0131\u011f\u0131yla do\u011frudan Trydan'a ba\u011flanabilir.","robots":{"index":"index","follow":"follow","max-snippet":"max-snippet:-1","max-image-preview":"max-image-preview:large","max-video-preview":"max-video-preview:-1"},"canonical":"https:\/\/v2charge.com\/tr\/kostal-ksem-connection-with-trydan\/","og_locale":"tr_TR","og_type":"article","og_title":"Kostal KSEM ba\u011flant\u0131s\u0131 ile Trydan | V2C","og_description":"Kostal inverterler, Modbus TCP ileti\u015fimi kullanarak KSEM (Kostal Ak\u0131ll\u0131 Enerji \u00d6l\u00e7er) enerji \u00f6l\u00e7eri arac\u0131l\u0131\u011f\u0131yla do\u011frudan Trydan'a ba\u011flanabilir.","og_url":"https:\/\/v2charge.com\/tr\/kostal-ksem-connection-with-trydan\/","og_site_name":"V2C","article_publisher":"https:\/\/www.facebook.com\/V2C.Charge","article_modified_time":"2025-07-18T12:16:06+00:00","og_image":[{"url":"https:\/\/v2charge.com\/wp-content\/uploads\/2023\/12\/kostal-logo.png","type":"","width":"","height":""}],"twitter_card":"summary_large_image","twitter_site":"@V2C_Charge","twitter_misc":{"Tahmini okuma s\u00fcresi":"2 dakika"},"schema":{"@context":"https:\/\/schema.org","@graph":[{"@type":"WebPage","@id":"https:\/\/v2charge.com\/tr\/destek-alani\/guc-kontrolu\/dinamik\/kostal-ksem-baglantisi-ile-trydan\/","url":"https:\/\/v2charge.com\/tr\/kostal-ksem-connection-with-trydan\/","name":"Kostal KSEM ba\u011flant\u0131s\u0131 ile Trydan | V2C","isPartOf":{"@id":"https:\/\/v2charge.com\/tr\/#website"},"primaryImageOfPage":{"@id":"https:\/\/v2charge.com\/tr\/kostal-ksem-connection-with-trydan\/#primaryimage"},"image":{"@id":"https:\/\/v2charge.com\/tr\/kostal-ksem-connection-with-trydan\/#primaryimage"},"thumbnailUrl":"https:\/\/v2charge.com\/wp-content\/uploads\/2023\/12\/kostal-logo.png","datePublished":"2023-02-01T09:47:32+00:00","dateModified":"2025-07-18T12:16:06+00:00","description":"Kostal inverterler, Modbus TCP ileti\u015fimi kullanarak KSEM (Kostal Ak\u0131ll\u0131 Enerji \u00d6l\u00e7er) enerji \u00f6l\u00e7eri arac\u0131l\u0131\u011f\u0131yla do\u011frudan Trydan'a ba\u011flanabilir.","breadcrumb":{"@id":"https:\/\/v2charge.com\/tr\/kostal-ksem-connection-with-trydan\/#breadcrumb"},"inLanguage":"tr","potentialAction":[{"@type":"ReadAction","target":["https:\/\/v2charge.com\/tr\/kostal-ksem-connection-with-trydan\/"]}]},{"@type":"ImageObject","inLanguage":"tr","@id":"https:\/\/v2charge.com\/tr\/kostal-ksem-connection-with-trydan\/#primaryimage","url":"https:\/\/v2charge.com\/wp-content\/uploads\/2023\/12\/kostal-logo.png","contentUrl":"https:\/\/v2charge.com\/wp-content\/uploads\/2023\/12\/kostal-logo.png"},{"@type":"BreadcrumbList","@id":"https:\/\/v2charge.com\/tr\/kostal-ksem-connection-with-trydan\/#breadcrumb","itemListElement":[{"@type":"ListItem","position":1,"name":"V2C","item":"https:\/\/v2charge.com\/tr\/"},{"@type":"ListItem","position":2,"name":"Destek Alan\u0131.","item":"https:\/\/v2charge.com\/tr\/destek-alani\/"},{"@type":"ListItem","position":3,"name":"G\u00fc\u00e7 kontrol\u00fc","item":"https:\/\/v2charge.com\/tr\/destek-alani\/guc-kontrolu\/"},{"@type":"ListItem","position":4,"name":"Dinamik","item":"https:\/\/v2charge.com\/tr\/destek-alani\/guc-kontrolu\/dinamik\/"},{"@type":"ListItem","position":5,"name":"Kostal KSEM ba\u011flant\u0131s\u0131 ile Trydan"}]},{"@type":"WebSite","@id":"https:\/\/v2charge.com\/tr\/#website","url":"https:\/\/v2charge.com\/tr\/","name":"V2C","description":"#CargandoElMa\u00f1ana","publisher":{"@id":"https:\/\/v2charge.com\/tr\/#organization"},"potentialAction":[{"@type":"SearchAction","target":{"@type":"EntryPoint","urlTemplate":"https:\/\/v2charge.com\/tr\/?s={search_term_string}"},"query-input":{"@type":"PropertyValueSpecification","valueRequired":true,"valueName":"search_term_string"}}],"inLanguage":"tr"},{"@type":"Organization","@id":"https:\/\/v2charge.com\/tr\/#organization","name":"V2C","url":"https:\/\/v2charge.com\/tr\/","logo":{"@type":"ImageObject","inLanguage":"tr","@id":"https:\/\/v2charge.com\/tr\/#\/schema\/logo\/image\/","url":"https:\/\/v2charge.com\/wp-content\/uploads\/2024\/11\/cropped-v2c-charge-logo-menu.png","contentUrl":"https:\/\/v2charge.com\/wp-content\/uploads\/2024\/11\/cropped-v2c-charge-logo-menu.png","width":984,"height":431,"caption":"V2C"},"image":{"@id":"https:\/\/v2charge.com\/tr\/#\/schema\/logo\/image\/"},"sameAs":["https:\/\/www.facebook.com\/V2C.Charge","https:\/\/x.com\/V2C_Charge","https:\/\/www.instagram.com\/v2c.charge\/","https:\/\/www.youtube.com\/@V2C","https:\/\/www.linkedin.com\/company\/v2c-chargers\/"]}]}},"uagb_featured_image_src":{"full":false,"thumbnail":false,"medium":false,"medium_large":false,"large":false,"gs-tiny":false,"xl":false,"xxl":false,"xxxl":false,"xxxxl":false,"xxxxxl":false,"1536x1536":false,"2048x2048":false},"uagb_author_info":{"display_name":"V2C","author_link":"https:\/\/v2charge.com\/tr\/author\/root_k4eu7ki8\/"},"uagb_comment_info":0,"uagb_excerpt":"Trydan ile Kostal KSEM Ba\u011flant\u0131s\u0131 Kostal inverterler, Modbus TCP ileti\u015fimi arac\u0131l\u0131\u011f\u0131yla KSEM enerji sayac\u0131 (Kostal Ak\u0131ll\u0131 Enerji Sayac\u0131) \u00fczerinden do\u011frudan Trydan&#8217;a ba\u011flanabilir. Wi-Fi tekrarlay\u0131c\u0131lar\u0131 veya mesh a\u011flar\u0131 sistemin d\u00fczg\u00fcn \u00e7al\u0131\u015fmas\u0131n\u0131 etkileyebilir. \u015earj cihaz\u0131 ile inverter aras\u0131nda optimal bir ba\u011flant\u0131 sa\u011flamak i\u00e7in kararl\u0131 ve do\u011frudan Wi-Fi a\u011f\u0131 kullanman\u0131z\u0131 \u00f6neririz. Ba\u011flant\u0131y\u0131 nas\u0131l kurulur Ba\u011flant\u0131y\u0131 kurmak i\u00e7in \u00f6nce&hellip;","_links":{"self":[{"href":"https:\/\/v2charge.com\/tr\/wp-json\/wp\/v2\/pages\/314182","targetHints":{"allow":["GET"]}}],"collection":[{"href":"https:\/\/v2charge.com\/tr\/wp-json\/wp\/v2\/pages"}],"about":[{"href":"https:\/\/v2charge.com\/tr\/wp-json\/wp\/v2\/types\/page"}],"author":[{"embeddable":true,"href":"https:\/\/v2charge.com\/tr\/wp-json\/wp\/v2\/users\/1"}],"replies":[{"embeddable":true,"href":"https:\/\/v2charge.com\/tr\/wp-json\/wp\/v2\/comments?post=314182"}],"version-history":[{"count":0,"href":"https:\/\/v2charge.com\/tr\/wp-json\/wp\/v2\/pages\/314182\/revisions"}],"up":[{"embeddable":true,"href":"https:\/\/v2charge.com\/tr\/wp-json\/wp\/v2\/pages\/125469"}],"wp:attachment":[{"href":"https:\/\/v2charge.com\/tr\/wp-json\/wp\/v2\/media?parent=314182"}],"curies":[{"name":"wp","href":"https:\/\/api.w.org\/{rel}","templated":true}]}}