{"id":314183,"date":"2023-02-03T14:19:30","date_gmt":"2023-02-03T14:19:30","guid":{"rendered":""},"modified":"2026-04-19T10:44:07","modified_gmt":"2026-04-19T10:44:07","slug":"trydan-sarj-noktasi-icin-modbus-rtu-baglantisi-olcum-cihazi-olarak-kole-modunda","status":"publish","type":"page","link":"https:\/\/v2charge.com\/tr\/trydan-sarj-noktasi-icin-modbus-rtu-baglantisi-olcum-cihazi-olarak-kole-modunda\/","title":{"rendered":"Trydan \u015earj Noktas\u0131 i\u00e7in MODBUS RTU Ba\u011flant\u0131s\u0131, k\u00f6le saya\u00e7 i\u00e7in"},"content":{"rendered":"\n<div style=\"height:60px\" aria-hidden=\"true\" class=\"wp-block-spacer\"><\/div>\n\n\n<h1 class=\"wp-block-heading\">Trydan \u015earj Noktas\u0131 i\u00e7in MODBUS RTU Ba\u011flant\u0131s\u0131, k\u00f6le saya\u00e7<\/h1>\n\n<p>Trydan \u015farj istasyonu, iki nedenle Modbus RTU protokol\u00fc \u00fczerinden ba\u011flant\u0131l\u0131d\u0131r.<\/p>\n\n\n<ol class=\"wp-block-list\"><li>\u015earj noktas\u0131n\u0131 uzaktan sipari\u015f etme. Geli\u015fmi\u015f kullan\u0131c\u0131lar i\u00e7in bak\u0131n\u0131z: <a href=\"https:\/\/docs.google.com\/spreadsheets\/d\/e\/2PACX-1vQGA_7Z4YaSMZeHRTnAP6z_82dVPmM33NxJhvsDBEFn8LyWjX-RX_fkR7KCErqAE4aGFvPrUufooHoM\/pubhtml?gid=0&amp;single=true\">MODBUS Belle\u011fi<\/a><\/li>\n\n<li>Ticari ak\u0131ll\u0131 saya\u00e7 verilerini almak, fotovoltaik uyumluluk ile k\u00f6le olarak entegrasyon i\u00e7in.<\/li><\/ol>\n\n\n<h2 class=\"wp-block-heading\">Desteklenen saya\u00e7lar<\/h2>\n\n<p>Mevcut listeye s\u00fcrekli olarak saya\u00e7lar eklenmektedir:<\/p>\n\n\n<ul class=\"wp-block-list\"><li>Chint DDSU666-H (genellikle Huawei, SAJ&#8230; inverterlerinde kullan\u0131l\u0131r)<\/li>\n\n<li>Eastron (SDM120\/220\/320)<\/li>\n\n<li>Phoneix Contact<\/li>\n\n<li>Carlo Gavazzi<\/li><\/ul>\n\n\n<h2 class=\"wp-block-heading\">Elektrik Ba\u011flant\u0131s\u0131<\/h2>\n\n<p>MODBUS RTU ba\u011flant\u0131lar\u0131 iki tel arac\u0131l\u0131\u011f\u0131yla yap\u0131l\u0131r. Sayac\u0131n A ve B portuna sahip olmas\u0131 gerekir. Bu kablo, \u015farj noktam\u0131za g\u00f6t\u00fcr\u00fclmelidir. Saya\u00e7, 1 numaral\u0131 adrese ve 9600 iletim h\u0131z\u0131na ayarlanmal\u0131d\u0131r (bu genellikle varsay\u0131lan ayard\u0131r ve \u00e7o\u011fu fotovoltaik saya\u00e7 bu varsay\u0131lan ayar\u0131 kullan\u0131r). Ba\u011flant\u0131, \u015farj noktas\u0131n\u0131n RJ45 konekt\u00f6r\u00fcne do\u011frudan yap\u0131l\u0131r. A ve B a\u015fa\u011f\u0131da g\u00f6sterilen tellerdir. Di\u011fer tellerin ba\u011flanmas\u0131na gerek yoktur. 4 B ve 5 A. Kablo tipi \u00f6nemli de\u011fildir, ancak bir Ethernet kablosu daha ucuz ve korumal\u0131d\u0131r.<\/p>\n\n\n<figure><img loading=\"lazy\" decoding=\"async\" src=\"https:\/\/v2charge.com\/wp-content\/uploads\/2023\/01\/conexion-trydan-solis-734x1024.jpg\" alt=\"\" width=\"274\" height=\"382\"\/><\/figure>\n\n\n\n<figure><img loading=\"lazy\" decoding=\"async\" src=\"https:\/\/v2charge.com\/wp-content\/uploads\/2023\/01\/image-3.png\" alt=\"\" width=\"476\" height=\"331\"\/><\/figure>\n\n\n<h2 class=\"wp-block-heading\">Uygulamada kar\u015f\u0131l\u0131k gelen sayac\u0131 se\u00e7in<\/h2>\n\n\n<figure><img loading=\"lazy\" decoding=\"async\" src=\"https:\/\/v2charge.com\/wp-content\/uploads\/2023\/02\/WhatsApp-Image-2023-02-03-at-15.12.00_iphone13blue_portrait-548x1024.png\" alt=\"\" width=\"449\" height=\"839\"\/><\/figure>\n\n\n<p><em>Dikkat, fotovoltaik modda, t\u00fcm \u00e7al\u0131\u015fma modlar\u0131 \u00e7al\u0131\u015facakt\u0131r, ancak m\u00fc\u015fteri \u015farj istasyonunda fotovoltaik \u00fcretimi g\u00f6remeyecektir.<\/em><\/p>\n\n\n<div style=\"height:60px\" aria-hidden=\"true\" class=\"wp-block-spacer\"><\/div>\n","protected":false},"excerpt":{"rendered":"<p>Trydan \u015earj Noktas\u0131 i\u00e7in MODBUS RTU Ba\u011flant\u0131s\u0131, k\u00f6le saya\u00e7 Trydan \u015farj istasyonu, iki nedenle Modbus RTU protokol\u00fc \u00fczerinden ba\u011flant\u0131l\u0131d\u0131r. Desteklenen saya\u00e7lar Mevcut listeye s\u00fcrekli olarak saya\u00e7lar eklenmektedir: Elektrik Ba\u011flant\u0131s\u0131 MODBUS RTU ba\u011flant\u0131lar\u0131 iki tel arac\u0131l\u0131\u011f\u0131yla yap\u0131l\u0131r. Sayac\u0131n A ve B portuna sahip olmas\u0131 gerekir. Bu kablo, \u015farj noktam\u0131za g\u00f6t\u00fcr\u00fclmelidir. Saya\u00e7, 1 numaral\u0131 adrese ve 9600 &#8230; <a title=\"Trydan \u015earj Noktas\u0131 i\u00e7in MODBUS RTU Ba\u011flant\u0131s\u0131, k\u00f6le saya\u00e7 i\u00e7in\" class=\"read-more\" href=\"https:\/\/v2charge.com\/tr\/trydan-sarj-noktasi-icin-modbus-rtu-baglantisi-olcum-cihazi-olarak-kole-modunda\/\" aria-label=\"Read more about Trydan \u015earj Noktas\u0131 i\u00e7in MODBUS RTU Ba\u011flant\u0131s\u0131, k\u00f6le saya\u00e7 i\u00e7in\">Devam\u0131n\u0131 oku<\/a><\/p>\n","protected":false},"author":1,"featured_media":170354,"parent":0,"menu_order":0,"comment_status":"closed","ping_status":"closed","template":"","meta":{"_eb_attr":"","content-type":"","_uag_custom_page_level_css":"","footnotes":""},"class_list":["post-314183","page","type-page","status-publish","has-post-thumbnail"],"yoast_head":"<!-- This site is optimized with the Yoast SEO plugin v25.3.1 - https:\/\/yoast.com\/wordpress\/plugins\/seo\/ -->\n<title>Trydan \u015earj Noktas\u0131 i\u00e7in MODBUS RTU Ba\u011flant\u0131s\u0131, k\u00f6le saya\u00e7 i\u00e7in - V2C<\/title>\n<meta name=\"robots\" content=\"index, follow, max-snippet:-1, max-image-preview:large, max-video-preview:-1\" \/>\n<link rel=\"canonical\" href=\"https:\/\/v2charge.com\/tr\/trydan-sarj-noktasi-icin-modbus-rtu-baglantisi-olcum-cihazi-olarak-kole-modunda\/\" \/>\n<meta property=\"og:locale\" content=\"tr_TR\" \/>\n<meta property=\"og:type\" content=\"article\" \/>\n<meta property=\"og:title\" content=\"Trydan \u015earj Noktas\u0131 i\u00e7in MODBUS RTU Ba\u011flant\u0131s\u0131, k\u00f6le saya\u00e7 i\u00e7in - V2C\" \/>\n<meta property=\"og:description\" content=\"Trydan \u015earj Noktas\u0131 i\u00e7in MODBUS RTU Ba\u011flant\u0131s\u0131, k\u00f6le saya\u00e7 Trydan \u015farj istasyonu, iki nedenle Modbus RTU protokol\u00fc \u00fczerinden ba\u011flant\u0131l\u0131d\u0131r. Desteklenen saya\u00e7lar Mevcut listeye s\u00fcrekli olarak saya\u00e7lar eklenmektedir: Elektrik Ba\u011flant\u0131s\u0131 MODBUS RTU ba\u011flant\u0131lar\u0131 iki tel arac\u0131l\u0131\u011f\u0131yla yap\u0131l\u0131r. Sayac\u0131n A ve B portuna sahip olmas\u0131 gerekir. Bu kablo, \u015farj noktam\u0131za g\u00f6t\u00fcr\u00fclmelidir. Saya\u00e7, 1 numaral\u0131 adrese ve 9600 ... Devam\u0131n\u0131 oku\" \/>\n<meta property=\"og:url\" content=\"https:\/\/v2charge.com\/tr\/trydan-sarj-noktasi-icin-modbus-rtu-baglantisi-olcum-cihazi-olarak-kole-modunda\/\" \/>\n<meta property=\"og:site_name\" content=\"V2C\" \/>\n<meta property=\"article:publisher\" content=\"https:\/\/www.facebook.com\/V2C.Charge\" \/>\n<meta property=\"article:modified_time\" content=\"2026-04-19T10:44:07+00:00\" \/>\n<meta property=\"og:image\" content=\"https:\/\/v2charge.com\/wp-content\/uploads\/2024\/07\/v2c-electric-chargers.jpg\" \/>\n\t<meta property=\"og:image:width\" content=\"1200\" \/>\n\t<meta property=\"og:image:height\" content=\"675\" \/>\n\t<meta property=\"og:image:type\" content=\"image\/jpeg\" \/>\n<meta name=\"twitter:card\" content=\"summary_large_image\" \/>\n<meta name=\"twitter:site\" content=\"@V2C_Charge\" \/>\n<meta name=\"twitter:label1\" content=\"Tahmini okuma s\u00fcresi\" \/>\n\t<meta name=\"twitter:data1\" content=\"2 dakika\" \/>\n<script type=\"application\/ld+json\" class=\"yoast-schema-graph\">{\"@context\":\"https:\/\/schema.org\",\"@graph\":[{\"@type\":\"WebPage\",\"@id\":\"https:\/\/v2charge.com\/tr\/trydan-sarj-noktasi-icin-modbus-rtu-baglantisi-olcum-cihazi-olarak-kole-modunda\/\",\"url\":\"https:\/\/v2charge.com\/tr\/trydan-sarj-noktasi-icin-modbus-rtu-baglantisi-olcum-cihazi-olarak-kole-modunda\/\",\"name\":\"Trydan \u015earj Noktas\u0131 i\u00e7in MODBUS RTU Ba\u011flant\u0131s\u0131, k\u00f6le saya\u00e7 i\u00e7in - V2C\",\"isPartOf\":{\"@id\":\"https:\/\/v2charge.com\/tr\/#website\"},\"primaryImageOfPage\":{\"@id\":\"https:\/\/v2charge.com\/tr\/trydan-sarj-noktasi-icin-modbus-rtu-baglantisi-olcum-cihazi-olarak-kole-modunda\/#primaryimage\"},\"image\":{\"@id\":\"https:\/\/v2charge.com\/tr\/trydan-sarj-noktasi-icin-modbus-rtu-baglantisi-olcum-cihazi-olarak-kole-modunda\/#primaryimage\"},\"thumbnailUrl\":\"https:\/\/v2charge.com\/wp-content\/uploads\/2024\/07\/v2c-electric-chargers.jpg\",\"datePublished\":\"2023-02-03T14:19:30+00:00\",\"dateModified\":\"2026-04-19T10:44:07+00:00\",\"breadcrumb\":{\"@id\":\"https:\/\/v2charge.com\/tr\/trydan-sarj-noktasi-icin-modbus-rtu-baglantisi-olcum-cihazi-olarak-kole-modunda\/#breadcrumb\"},\"inLanguage\":\"tr\",\"potentialAction\":[{\"@type\":\"ReadAction\",\"target\":[\"https:\/\/v2charge.com\/tr\/trydan-sarj-noktasi-icin-modbus-rtu-baglantisi-olcum-cihazi-olarak-kole-modunda\/\"]}]},{\"@type\":\"ImageObject\",\"inLanguage\":\"tr\",\"@id\":\"https:\/\/v2charge.com\/tr\/trydan-sarj-noktasi-icin-modbus-rtu-baglantisi-olcum-cihazi-olarak-kole-modunda\/#primaryimage\",\"url\":\"https:\/\/v2charge.com\/wp-content\/uploads\/2024\/07\/v2c-electric-chargers.jpg\",\"contentUrl\":\"https:\/\/v2charge.com\/wp-content\/uploads\/2024\/07\/v2c-electric-chargers.jpg\",\"width\":1200,\"height\":675,\"caption\":\"V2C Electric Chargers\"},{\"@type\":\"BreadcrumbList\",\"@id\":\"https:\/\/v2charge.com\/tr\/trydan-sarj-noktasi-icin-modbus-rtu-baglantisi-olcum-cihazi-olarak-kole-modunda\/#breadcrumb\",\"itemListElement\":[{\"@type\":\"ListItem\",\"position\":1,\"name\":\"V2C\",\"item\":\"https:\/\/v2charge.com\/tr\/\"},{\"@type\":\"ListItem\",\"position\":2,\"name\":\"Trydan \u015farj noktas\u0131 i\u00e7in MODBUS RTU ba\u011flant\u0131s\u0131, \u00f6l\u00e7\u00fcm cihaz\u0131 olarak k\u00f6le modunda\"}]},{\"@type\":\"WebSite\",\"@id\":\"https:\/\/v2charge.com\/tr\/#website\",\"url\":\"https:\/\/v2charge.com\/tr\/\",\"name\":\"V2C\",\"description\":\"#CargandoElMa\u00f1ana\",\"publisher\":{\"@id\":\"https:\/\/v2charge.com\/tr\/#organization\"},\"potentialAction\":[{\"@type\":\"SearchAction\",\"target\":{\"@type\":\"EntryPoint\",\"urlTemplate\":\"https:\/\/v2charge.com\/tr\/?s={search_term_string}\"},\"query-input\":{\"@type\":\"PropertyValueSpecification\",\"valueRequired\":true,\"valueName\":\"search_term_string\"}}],\"inLanguage\":\"tr\"},{\"@type\":\"Organization\",\"@id\":\"https:\/\/v2charge.com\/tr\/#organization\",\"name\":\"V2C\",\"url\":\"https:\/\/v2charge.com\/tr\/\",\"logo\":{\"@type\":\"ImageObject\",\"inLanguage\":\"tr\",\"@id\":\"https:\/\/v2charge.com\/tr\/#\/schema\/logo\/image\/\",\"url\":\"https:\/\/v2charge.com\/wp-content\/uploads\/2024\/11\/cropped-v2c-charge-logo-menu.png\",\"contentUrl\":\"https:\/\/v2charge.com\/wp-content\/uploads\/2024\/11\/cropped-v2c-charge-logo-menu.png\",\"width\":984,\"height\":431,\"caption\":\"V2C\"},\"image\":{\"@id\":\"https:\/\/v2charge.com\/tr\/#\/schema\/logo\/image\/\"},\"sameAs\":[\"https:\/\/www.facebook.com\/V2C.Charge\",\"https:\/\/x.com\/V2C_Charge\",\"https:\/\/www.instagram.com\/v2c.charge\/\",\"https:\/\/www.youtube.com\/@V2C\",\"https:\/\/www.linkedin.com\/company\/v2c-chargers\/\"]}]}<\/script>\n<!-- \/ Yoast SEO plugin. -->","yoast_head_json":{"title":"Trydan \u015earj Noktas\u0131 i\u00e7in MODBUS RTU Ba\u011flant\u0131s\u0131, k\u00f6le saya\u00e7 i\u00e7in - V2C","robots":{"index":"index","follow":"follow","max-snippet":"max-snippet:-1","max-image-preview":"max-image-preview:large","max-video-preview":"max-video-preview:-1"},"canonical":"https:\/\/v2charge.com\/tr\/trydan-sarj-noktasi-icin-modbus-rtu-baglantisi-olcum-cihazi-olarak-kole-modunda\/","og_locale":"tr_TR","og_type":"article","og_title":"Trydan \u015earj Noktas\u0131 i\u00e7in MODBUS RTU Ba\u011flant\u0131s\u0131, k\u00f6le saya\u00e7 i\u00e7in - V2C","og_description":"Trydan \u015earj Noktas\u0131 i\u00e7in MODBUS RTU Ba\u011flant\u0131s\u0131, k\u00f6le saya\u00e7 Trydan \u015farj istasyonu, iki nedenle Modbus RTU protokol\u00fc \u00fczerinden ba\u011flant\u0131l\u0131d\u0131r. Desteklenen saya\u00e7lar Mevcut listeye s\u00fcrekli olarak saya\u00e7lar eklenmektedir: Elektrik Ba\u011flant\u0131s\u0131 MODBUS RTU ba\u011flant\u0131lar\u0131 iki tel arac\u0131l\u0131\u011f\u0131yla yap\u0131l\u0131r. Sayac\u0131n A ve B portuna sahip olmas\u0131 gerekir. Bu kablo, \u015farj noktam\u0131za g\u00f6t\u00fcr\u00fclmelidir. Saya\u00e7, 1 numaral\u0131 adrese ve 9600 ... Devam\u0131n\u0131 oku","og_url":"https:\/\/v2charge.com\/tr\/trydan-sarj-noktasi-icin-modbus-rtu-baglantisi-olcum-cihazi-olarak-kole-modunda\/","og_site_name":"V2C","article_publisher":"https:\/\/www.facebook.com\/V2C.Charge","article_modified_time":"2026-04-19T10:44:07+00:00","og_image":[{"width":1200,"height":675,"url":"https:\/\/v2charge.com\/wp-content\/uploads\/2024\/07\/v2c-electric-chargers.jpg","type":"image\/jpeg"}],"twitter_card":"summary_large_image","twitter_site":"@V2C_Charge","twitter_misc":{"Tahmini okuma s\u00fcresi":"2 dakika"},"schema":{"@context":"https:\/\/schema.org","@graph":[{"@type":"WebPage","@id":"https:\/\/v2charge.com\/tr\/trydan-sarj-noktasi-icin-modbus-rtu-baglantisi-olcum-cihazi-olarak-kole-modunda\/","url":"https:\/\/v2charge.com\/tr\/trydan-sarj-noktasi-icin-modbus-rtu-baglantisi-olcum-cihazi-olarak-kole-modunda\/","name":"Trydan \u015earj Noktas\u0131 i\u00e7in MODBUS RTU Ba\u011flant\u0131s\u0131, k\u00f6le saya\u00e7 i\u00e7in - V2C","isPartOf":{"@id":"https:\/\/v2charge.com\/tr\/#website"},"primaryImageOfPage":{"@id":"https:\/\/v2charge.com\/tr\/trydan-sarj-noktasi-icin-modbus-rtu-baglantisi-olcum-cihazi-olarak-kole-modunda\/#primaryimage"},"image":{"@id":"https:\/\/v2charge.com\/tr\/trydan-sarj-noktasi-icin-modbus-rtu-baglantisi-olcum-cihazi-olarak-kole-modunda\/#primaryimage"},"thumbnailUrl":"https:\/\/v2charge.com\/wp-content\/uploads\/2024\/07\/v2c-electric-chargers.jpg","datePublished":"2023-02-03T14:19:30+00:00","dateModified":"2026-04-19T10:44:07+00:00","breadcrumb":{"@id":"https:\/\/v2charge.com\/tr\/trydan-sarj-noktasi-icin-modbus-rtu-baglantisi-olcum-cihazi-olarak-kole-modunda\/#breadcrumb"},"inLanguage":"tr","potentialAction":[{"@type":"ReadAction","target":["https:\/\/v2charge.com\/tr\/trydan-sarj-noktasi-icin-modbus-rtu-baglantisi-olcum-cihazi-olarak-kole-modunda\/"]}]},{"@type":"ImageObject","inLanguage":"tr","@id":"https:\/\/v2charge.com\/tr\/trydan-sarj-noktasi-icin-modbus-rtu-baglantisi-olcum-cihazi-olarak-kole-modunda\/#primaryimage","url":"https:\/\/v2charge.com\/wp-content\/uploads\/2024\/07\/v2c-electric-chargers.jpg","contentUrl":"https:\/\/v2charge.com\/wp-content\/uploads\/2024\/07\/v2c-electric-chargers.jpg","width":1200,"height":675,"caption":"V2C Electric Chargers"},{"@type":"BreadcrumbList","@id":"https:\/\/v2charge.com\/tr\/trydan-sarj-noktasi-icin-modbus-rtu-baglantisi-olcum-cihazi-olarak-kole-modunda\/#breadcrumb","itemListElement":[{"@type":"ListItem","position":1,"name":"V2C","item":"https:\/\/v2charge.com\/tr\/"},{"@type":"ListItem","position":2,"name":"Trydan \u015farj noktas\u0131 i\u00e7in MODBUS RTU ba\u011flant\u0131s\u0131, \u00f6l\u00e7\u00fcm cihaz\u0131 olarak k\u00f6le modunda"}]},{"@type":"WebSite","@id":"https:\/\/v2charge.com\/tr\/#website","url":"https:\/\/v2charge.com\/tr\/","name":"V2C","description":"#CargandoElMa\u00f1ana","publisher":{"@id":"https:\/\/v2charge.com\/tr\/#organization"},"potentialAction":[{"@type":"SearchAction","target":{"@type":"EntryPoint","urlTemplate":"https:\/\/v2charge.com\/tr\/?s={search_term_string}"},"query-input":{"@type":"PropertyValueSpecification","valueRequired":true,"valueName":"search_term_string"}}],"inLanguage":"tr"},{"@type":"Organization","@id":"https:\/\/v2charge.com\/tr\/#organization","name":"V2C","url":"https:\/\/v2charge.com\/tr\/","logo":{"@type":"ImageObject","inLanguage":"tr","@id":"https:\/\/v2charge.com\/tr\/#\/schema\/logo\/image\/","url":"https:\/\/v2charge.com\/wp-content\/uploads\/2024\/11\/cropped-v2c-charge-logo-menu.png","contentUrl":"https:\/\/v2charge.com\/wp-content\/uploads\/2024\/11\/cropped-v2c-charge-logo-menu.png","width":984,"height":431,"caption":"V2C"},"image":{"@id":"https:\/\/v2charge.com\/tr\/#\/schema\/logo\/image\/"},"sameAs":["https:\/\/www.facebook.com\/V2C.Charge","https:\/\/x.com\/V2C_Charge","https:\/\/www.instagram.com\/v2c.charge\/","https:\/\/www.youtube.com\/@V2C","https:\/\/www.linkedin.com\/company\/v2c-chargers\/"]}]}},"uagb_featured_image_src":{"full":["https:\/\/v2charge.com\/wp-content\/uploads\/2024\/07\/v2c-electric-chargers.jpg",1200,675,false],"thumbnail":["https:\/\/v2charge.com\/wp-content\/uploads\/2024\/07\/v2c-electric-chargers-150x150.jpg",150,150,true],"medium":["https:\/\/v2charge.com\/wp-content\/uploads\/2024\/07\/v2c-electric-chargers-300x169.jpg",300,169,true],"medium_large":["https:\/\/v2charge.com\/wp-content\/uploads\/2024\/07\/v2c-electric-chargers-768x432.jpg",768,432,true],"large":["https:\/\/v2charge.com\/wp-content\/uploads\/2024\/07\/v2c-electric-chargers-1024x576.jpg",1024,576,true],"gs-tiny":["https:\/\/v2charge.com\/wp-content\/uploads\/2024\/07\/v2c-electric-chargers.jpg",50,28,false],"xl":["https:\/\/v2charge.com\/wp-content\/uploads\/2024\/07\/v2c-electric-chargers.jpg",1200,675,false],"xxl":["https:\/\/v2charge.com\/wp-content\/uploads\/2024\/07\/v2c-electric-chargers.jpg",1200,675,false],"xxxl":["https:\/\/v2charge.com\/wp-content\/uploads\/2024\/07\/v2c-electric-chargers.jpg",1200,675,false],"xxxxl":["https:\/\/v2charge.com\/wp-content\/uploads\/2024\/07\/v2c-electric-chargers.jpg",1200,675,false],"xxxxxl":["https:\/\/v2charge.com\/wp-content\/uploads\/2024\/07\/v2c-electric-chargers.jpg",1200,675,false],"1536x1536":["https:\/\/v2charge.com\/wp-content\/uploads\/2024\/07\/v2c-electric-chargers.jpg",1200,675,false],"2048x2048":["https:\/\/v2charge.com\/wp-content\/uploads\/2024\/07\/v2c-electric-chargers.jpg",1200,675,false]},"uagb_author_info":{"display_name":"V2C","author_link":"https:\/\/v2charge.com\/tr\/author\/root_k4eu7ki8\/"},"uagb_comment_info":0,"uagb_excerpt":"Trydan \u015earj Noktas\u0131 i\u00e7in MODBUS RTU Ba\u011flant\u0131s\u0131, k\u00f6le saya\u00e7 Trydan \u015farj istasyonu, iki nedenle Modbus RTU protokol\u00fc \u00fczerinden ba\u011flant\u0131l\u0131d\u0131r. Desteklenen saya\u00e7lar Mevcut listeye s\u00fcrekli olarak saya\u00e7lar eklenmektedir: Elektrik Ba\u011flant\u0131s\u0131 MODBUS RTU ba\u011flant\u0131lar\u0131 iki tel arac\u0131l\u0131\u011f\u0131yla yap\u0131l\u0131r. Sayac\u0131n A ve B portuna sahip olmas\u0131 gerekir. Bu kablo, \u015farj noktam\u0131za g\u00f6t\u00fcr\u00fclmelidir. Saya\u00e7, 1 numaral\u0131 adrese ve 9600&hellip;","_links":{"self":[{"href":"https:\/\/v2charge.com\/tr\/wp-json\/wp\/v2\/pages\/314183","targetHints":{"allow":["GET"]}}],"collection":[{"href":"https:\/\/v2charge.com\/tr\/wp-json\/wp\/v2\/pages"}],"about":[{"href":"https:\/\/v2charge.com\/tr\/wp-json\/wp\/v2\/types\/page"}],"author":[{"embeddable":true,"href":"https:\/\/v2charge.com\/tr\/wp-json\/wp\/v2\/users\/1"}],"replies":[{"embeddable":true,"href":"https:\/\/v2charge.com\/tr\/wp-json\/wp\/v2\/comments?post=314183"}],"version-history":[{"count":0,"href":"https:\/\/v2charge.com\/tr\/wp-json\/wp\/v2\/pages\/314183\/revisions"}],"wp:featuredmedia":[{"embeddable":true,"href":"https:\/\/v2charge.com\/tr\/wp-json\/wp\/v2\/media\/170354"}],"wp:attachment":[{"href":"https:\/\/v2charge.com\/tr\/wp-json\/wp\/v2\/media?parent=314183"}],"curies":[{"name":"wp","href":"https:\/\/api.w.org\/{rel}","templated":true}]}}