{"id":314190,"date":"2023-03-24T16:56:23","date_gmt":"2023-03-24T16:56:23","guid":{"rendered":""},"modified":"2026-04-19T10:14:35","modified_gmt":"2026-04-19T10:14:35","slug":"sma-sunny-boy-i-nvertoru-nu-trydan-a-baglama","status":"publish","type":"page","link":"https:\/\/v2charge.com\/tr\/destek-alani\/guc-kontrolu\/dinamik\/fotovoltaik\/sma-sunny-boy-i-nvertoru-nu-trydan-a-baglama\/","title":{"rendered":"Trydan ile SMA Sunny Boy inverterinin ba\u011flant\u0131s\u0131"},"content":{"rendered":"\n<div class=\"wp-block-uagb-container uagb-block-fe221d78 alignfull uagb-is-root-container\"><div class=\"uagb-container-inner-blocks-wrap\"><div class=\"yoast-breadcrumbs\"><span><span><a href=\"https:\/\/v2charge.com\/tr\/\">V2C<\/a><\/span> \u00bb <span><a href=\"https:\/\/v2charge.com\/tr\/destek-alani\/\">Destek Alan\u0131.<\/a><\/span> \u00bb <span><a href=\"https:\/\/v2charge.com\/tr\/destek-alani\/guc-kontrolu\/\">G\u00fc\u00e7 kontrol\u00fc<\/a><\/span> \u00bb <span><a href=\"https:\/\/v2charge.com\/tr\/destek-alani\/guc-kontrolu\/dinamik\/\">Dinamik<\/a><\/span> \u00bb <span><a href=\"https:\/\/v2charge.com\/tr\/destek-alani\/guc-kontrolu\/dinamik\/fotovoltaik\/\">Fotovoltaik entegrasyonu<\/a><\/span> \u00bb <span class=\"breadcrumb_last\" aria-current=\"page\">SMA Sunny Boy \u0130nvert\u00f6r\u00fc&#8217;n\u00fc Trydan&#8217;a Ba\u011flama<\/span><\/span><\/div>\n\n<h1 class=\"wp-block-heading\">Trydan ile SMA Sunny Boy inverter ba\u011flant\u0131s\u0131<\/h1>\n\n\n<div class=\"wp-block-uagb-container uagb-block-7ccd2e9b alignfull uagb-is-root-container\"><div class=\"uagb-container-inner-blocks-wrap\">\n<div class=\"wp-block-uagb-container uagb-block-b67aa1cf\">\n<div class=\"wp-block-uagb-image uagb-block-b8ec2710 wp-block-uagb-image--layout-default wp-block-uagb-image--effect-static wp-block-uagb-image--align-none\"><figure class=\"wp-block-uagb-image__figure\"><img decoding=\"async\" srcset=\"https:\/\/v2charge.com\/wp-content\/uploads\/2023\/12\/sma-logo.png ,https:\/\/v2charge.com\/wp-content\/uploads\/2023\/12\/sma-logo.png 780w, https:\/\/v2charge.com\/wp-content\/uploads\/2023\/12\/sma-logo.png 360w\" sizes=\"auto, (max-width: 480px) 150px\" src=\"https:\/\/v2charge.com\/wp-content\/uploads\/2023\/12\/sma-logo.png\" alt=\"\" class=\"uag-image-129057\" width=\"250\" height=\"164\" title=\"\" loading=\"lazy\" role=\"img\"\/><\/figure><\/div>\n<\/div>\n\n\n\n<div class=\"wp-block-uagb-container uagb-block-bb5c168e\"><p>E\u011fer bir <strong>SMA Sunny Boy<\/strong> inverteriniz varsa, g\u00fcne\u015f enerjisi kullan\u0131m\u0131n\u0131 optimize etmek i\u00e7in bunu Trydan \u015farj noktan\u0131za entegre edebilirsiniz.<\/p><\/div>\n<\/div><\/div>\n\n\n\n<div class=\"wp-block-uagb-container uagb-block-333fb119 alignfull uagb-is-root-container\"><div class=\"uagb-container-inner-blocks-wrap\">\n<div class=\"wp-block-uagb-container uagb-block-2ff110d0 default uagb-is-root-container\">\n<div class=\"wp-block-uagb-container uagb-block-cd442c87\">\n<div class=\"wp-block-uagb-image aligncenter uagb-block-4bb46c59 wp-block-uagb-image--layout-default wp-block-uagb-image--effect-static wp-block-uagb-image--align-center\"><figure class=\"wp-block-uagb-image__figure\"><img decoding=\"async\" srcset=\"https:\/\/v2charge.com\/wp-content\/uploads\/2023\/11\/icon-important.png ,https:\/\/v2charge.com\/wp-content\/uploads\/2023\/11\/icon-important.png 780w, https:\/\/v2charge.com\/wp-content\/uploads\/2023\/11\/icon-important.png 360w\" sizes=\"auto, (max-width: 480px) 150px\" src=\"https:\/\/v2charge.com\/wp-content\/uploads\/2023\/11\/icon-important.png\" alt=\"\" class=\"uag-image-125013\" width=\"50\" height=\"50\" title=\"\" loading=\"lazy\" role=\"img\"\/><\/figure><\/div>\n<\/div>\n\n\n\n<div class=\"wp-block-uagb-container uagb-block-38de7166\"><div class=\"wp-block-uagb-advanced-heading uagb-block-37ab01f0\"><p class=\"uagb-heading-text\">Wi-Fi&nbsp;<strong>tekrarlay\u0131c\u0131lar\u0131n\u0131n<\/strong>&nbsp;ve&nbsp;<strong>mesh a\u011flar\u0131n\u0131n<\/strong>&nbsp;kullan\u0131m\u0131 sistemin d\u00fczg\u00fcn \u00e7al\u0131\u015fmas\u0131n\u0131 etkileyebilir. \u015earj cihaz\u0131 ile inverter aras\u0131nda optimal bir ba\u011flant\u0131 sa\u011flamak i\u00e7in&nbsp;<strong>kararl\u0131<\/strong>&nbsp;ve&nbsp;<strong>do\u011frudan<\/strong>&nbsp;bir&nbsp;<strong>Wi-Fi a\u011f\u0131<\/strong>&nbsp;kullanman\u0131z\u0131 \u00f6neririz.<\/p><\/div><\/div>\n<\/div>\n\n\n\n<div style=\"height:5px\" aria-hidden=\"true\" class=\"wp-block-spacer\"><\/div>\n<\/div><\/div>\n\n\n\n<div class=\"wp-block-uagb-separator uagb-block-5fd34e2f\"><div class=\"wp-block-uagb-separator__inner\" style=\"--my-background-image:\"><\/div><\/div>\n\n\n<h2 class=\"wp-block-heading\">Ba\u011flant\u0131y\u0131 ger\u00e7ekle\u015ftirmek i\u00e7in izlenecek ad\u0131mlar<\/h2>\n\n<h3 class=\"wp-block-heading\">Inverterinizin MODBUS TCP&#8217;sini etkinle\u015ftirin<\/h3>\n\n\n<hr class=\"wp-block-separator has-alpha-channel-opacity\"\/>\n\n\n<div class=\"wp-block-uagb-info-box uagb-block-7dc4dcde uagb-infobox__content-wrap  uagb-infobox-icon-left uagb-infobox-left uagb-infobox-stacked-tablet uagb-infobox-image-valign-top\"><div class=\"uagb-ifb-image-content\"><img decoding=\"async\" src=\"https:\/\/v2charge.com\/wp-content\/uploads\/2023\/11\/numero-uno.png\" alt=\"\" width=\"48\" height=\"48\" loading=\"lazy\"\/><\/div><div class=\"uagb-ifb-content\"><div class=\"uagb-ifb-title-wrap\"><\/div><p class=\"uagb-ifb-desc\">SMA Sunny Boy aray\u00fcz\u00fcne eri\u015fmek i\u00e7in, inverterin IP adresine ba\u011flan\u0131n; bu adres bilgisayar\u0131n\u0131zla ayn\u0131 yerel a\u011fda olmal\u0131d\u0131r. <strong><a href=\"https:\/\/v2charge.com\/fr\/comment-trouver-lip-des-appareils-connectes-a-mon-reseau-local\/\">A\u011f\u0131n\u0131za ba\u011fl\u0131 cihazlar\u0131n IP adresini nas\u0131l bulaca\u011f\u0131n\u0131z\u0131 \u00f6\u011frenin<\/a><\/strong>.<\/p><\/div><\/div>\n\n\n<div class=\"wp-block-uagb-image aligncenter uagb-block-a1d26b2e wp-block-uagb-image--layout-default wp-block-uagb-image--effect-static wp-block-uagb-image--align-center\"><figure class=\"wp-block-uagb-image__figure\"><img decoding=\"async\" srcset=\"https:\/\/v2charge.com\/wp-content\/uploads\/2023\/12\/sunny-boy-ip.jpg ,https:\/\/v2charge.com\/wp-content\/uploads\/2023\/12\/sunny-boy-ip.jpg 780w, https:\/\/v2charge.com\/wp-content\/uploads\/2023\/12\/sunny-boy-ip.jpg 360w\" sizes=\"auto, (max-width: 480px) 150px\" src=\"https:\/\/v2charge.com\/wp-content\/uploads\/2023\/12\/sunny-boy-ip.jpg\" alt=\"\" class=\"uag-image-129066\" width=\"732\" height=\"295\" title=\"\" loading=\"lazy\" role=\"img\"\/><\/figure><\/div>\n\n\n<div class=\"wp-block-uagb-info-box uagb-block-b74fc743 uagb-infobox__content-wrap  uagb-infobox-icon-left uagb-infobox-left uagb-infobox-stacked-tablet uagb-infobox-image-valign-top\"><div class=\"uagb-ifb-image-content\"><img decoding=\"async\" src=\"https:\/\/v2charge.com\/wp-content\/uploads\/2023\/11\/numero-dos.png\" alt=\"\" width=\"48\" height=\"48\" loading=\"lazy\"\/><\/div><div class=\"uagb-ifb-content\"><div class=\"uagb-ifb-title-wrap\"><\/div><p class=\"uagb-ifb-desc\">\u015eifre, \u00fcr\u00fcn sat\u0131n al\u0131nd\u0131\u011f\u0131nda \u00fcr\u00fcn \u00fczerinde yaz\u0131l\u0131d\u0131r. E\u011fer yoksa, kurulumcu ile ileti\u015fime ge\u00e7in. E\u011fer o da yoksa, SMA&#8217;y\u0131 aray\u0131n: <a href=\"tel:935635099\">93 563 50 99.<\/a><\/p><\/div><\/div>\n\n<div class=\"wp-block-uagb-info-box uagb-block-05ba8063 uagb-infobox__content-wrap  uagb-infobox-icon-left uagb-infobox-left uagb-infobox-stacked-tablet uagb-infobox-image-valign-top\"><div class=\"uagb-ifb-image-content\"><img decoding=\"async\" src=\"https:\/\/v2charge.com\/wp-content\/uploads\/2023\/11\/numero-tres.png\" alt=\"\" width=\"48\" height=\"48\" loading=\"lazy\"\/><\/div><div class=\"uagb-ifb-content\"><div class=\"uagb-ifb-title-wrap\"><\/div><p class=\"uagb-ifb-desc\">Sistem a\u011fac\u0131nda, yap\u0131land\u0131rmak istedi\u011finiz SMA inverterini se\u00e7in.<\/p><\/div><\/div>\n\n<div class=\"wp-block-uagb-info-box uagb-block-f515a8b1 uagb-infobox__content-wrap  uagb-infobox-icon-left uagb-infobox-left uagb-infobox-stacked-tablet uagb-infobox-image-valign-top\"><div class=\"uagb-ifb-image-content\"><img decoding=\"async\" src=\"https:\/\/v2charge.com\/wp-content\/uploads\/2023\/11\/numero-cuatro.png\" alt=\"\" width=\"48\" height=\"48\" loading=\"lazy\"\/><\/div><div class=\"uagb-ifb-content\"><div class=\"uagb-ifb-title-wrap\"><\/div><p class=\"uagb-ifb-desc\"><em>Yap\u0131land\u0131rma<\/em> sekmesine eri\u015fin, <em>D\u0131\u015f \u0130leti\u015fim<\/em> parametre grubunu se\u00e7in ve ard\u0131ndan <em>D\u00fczenle<\/em> butonuna t\u0131klay\u0131n. <em>TCP sunucusunu<\/em> <em>Modbus<\/em> grup ayarlar\u0131nda <em>etkinle\u015ftirin<\/em> \u2013 TCP Sunucusu (Etkin \u2013 Evet).<\/p><\/div><\/div>\n\n<h3 class=\"wp-block-heading\">Trydan \u015farj noktas\u0131n\u0131 SMA Sunny Boy inverter ile e\u015fle\u015ftirin<\/h3>\n\n\n<hr class=\"wp-block-separator has-alpha-channel-opacity\"\/>\n\n\n\n<div class=\"wp-block-uagb-container uagb-block-e1ccf0ef alignfull uagb-is-root-container\"><div class=\"uagb-container-inner-blocks-wrap\">\n<div class=\"wp-block-uagb-container uagb-block-f312fe50\"><p>V2C Cloud uygulamas\u0131n\u0131 a\u00e7\u0131n, \u015farj noktas\u0131n\u0131 se\u00e7in ve ard\u0131ndan ayarlar b\u00f6l\u00fcm\u00fcne gidin.<br><br>&#8220;Dinamik G\u00fc\u00e7 Kontrol\u00fc&#8221; b\u00f6l\u00fcm\u00fcne gidin ve SMA Sunny inverterini se\u00e7in.<\/p><\/div>\n\n\n\n<div class=\"wp-block-uagb-container uagb-block-d4e5e05c\">\n<div class=\"wp-block-uagb-image aligncenter uagb-block-62fb1510 wp-block-uagb-image--layout-default wp-block-uagb-image--effect-static wp-block-uagb-image--align-center\"><figure class=\"wp-block-uagb-image__figure\"><img decoding=\"async\" srcset=\"https:\/\/v2charge.com\/wp-content\/uploads\/2024\/01\/sma-inversor.jpg ,https:\/\/v2charge.com\/wp-content\/uploads\/2024\/01\/sma-inversor.jpg 780w, https:\/\/v2charge.com\/wp-content\/uploads\/2024\/01\/sma-inversor.jpg 360w\" sizes=\"auto, (max-width: 480px) 150px\" src=\"https:\/\/v2charge.com\/wp-content\/uploads\/2024\/01\/sma-inversor.jpg\" alt=\"\" class=\"uag-image-133283\" width=\"400\" height=\"684\" title=\"\" loading=\"lazy\" role=\"img\"\/><\/figure><\/div>\n<\/div>\n<\/div><\/div>\n<\/div><\/div>\n\n\n\n<div style=\"height:60px\" aria-hidden=\"true\" class=\"wp-block-spacer\"><\/div>\n\n\n\n<div class=\"wp-block-uagb-container uagb-block-42edce15 alignfull uagb-is-root-container\"><div class=\"uagb-container-inner-blocks-wrap\"><div class=\"wp-block-uagb-advanced-heading uagb-block-d3dd4728\"><h2 class=\"uagb-heading-text\"><strong><strong><strong>Teknik deste\u011fe mi ihtiyac\u0131n\u0131z var?<\/strong><\/strong><\/strong><\/h2><\/div>\n\n<div class=\"wp-block-uagb-advanced-heading uagb-block-fd1495e7\"><p class=\"uagb-heading-text\">Destek merkezinde bir talep olu\u015fturun ve en k\u0131sa s\u00fcrede sizinle ileti\u015fime ge\u00e7erek en iyi \u00e7\u00f6z\u00fcm\u00fc sunal\u0131m.<\/p><\/div>\n\n\n<div class=\"wp-block-uagb-buttons uagb-buttons__outer-wrap uagb-btn__default-btn uagb-btn-tablet__default-btn uagb-btn-mobile__default-btn uagb-block-b89c557b\"><div class=\"uagb-buttons__wrap uagb-buttons-layout-wrap \"><div class=\"wp-block-uagb-buttons-child uagb-buttons__outer-wrap uagb-block-614067a9 wp-block-button\"><div class=\"uagb-button__wrapper\"><a class=\"uagb-buttons-repeater wp-block-button__link\" aria-label=\"\" href=\"https:\/\/v2charge.atlassian.net\/servicedesk\/customer\/portal\/3\" rel=\"follow noopener\" target=\"_self\" role=\"button\"><div class=\"uagb-button__link\">Teknik destekle ileti\u015fime ge\u00e7<\/div><\/a><\/div><\/div><\/div><\/div>\n<\/div><\/div>\n","protected":false},"excerpt":{"rendered":"<p>Trydan ile SMA Sunny Boy inverter ba\u011flant\u0131s\u0131 E\u011fer bir SMA Sunny Boy inverteriniz varsa, g\u00fcne\u015f enerjisi kullan\u0131m\u0131n\u0131 optimize etmek i\u00e7in bunu Trydan \u015farj noktan\u0131za entegre edebilirsiniz. Wi-Fi&nbsp;tekrarlay\u0131c\u0131lar\u0131n\u0131n&nbsp;ve&nbsp;mesh a\u011flar\u0131n\u0131n&nbsp;kullan\u0131m\u0131 sistemin d\u00fczg\u00fcn \u00e7al\u0131\u015fmas\u0131n\u0131 etkileyebilir. \u015earj cihaz\u0131 ile inverter aras\u0131nda optimal bir ba\u011flant\u0131 sa\u011flamak i\u00e7in&nbsp;kararl\u0131&nbsp;ve&nbsp;do\u011frudan&nbsp;bir&nbsp;Wi-Fi a\u011f\u0131&nbsp;kullanman\u0131z\u0131 \u00f6neririz. Ba\u011flant\u0131y\u0131 ger\u00e7ekle\u015ftirmek i\u00e7in izlenecek ad\u0131mlar Inverterinizin MODBUS TCP&#8217;sini etkinle\u015ftirin Trydan \u015farj &#8230; <a title=\"Trydan ile SMA Sunny Boy inverterinin ba\u011flant\u0131s\u0131\" class=\"read-more\" href=\"https:\/\/v2charge.com\/tr\/destek-alani\/guc-kontrolu\/dinamik\/fotovoltaik\/sma-sunny-boy-i-nvertoru-nu-trydan-a-baglama\/\" aria-label=\"Read more about Trydan ile SMA Sunny Boy inverterinin ba\u011flant\u0131s\u0131\">Devam\u0131n\u0131 oku<\/a><\/p>\n","protected":false},"author":1,"featured_media":0,"parent":131445,"menu_order":0,"comment_status":"closed","ping_status":"closed","template":"","meta":{"_eb_attr":"","content-type":"","_uag_custom_page_level_css":"","footnotes":""},"class_list":["post-314190","page","type-page","status-publish"],"yoast_head":"<!-- This site is optimized with the Yoast SEO plugin v25.3.1 - https:\/\/yoast.com\/wordpress\/plugins\/seo\/ -->\n<title>SMA Sunny Boy \u0130nverter Ba\u011flant\u0131s\u0131 ile Trydan | V2C Destek<\/title>\n<meta name=\"description\" content=\"SMA Sunny Boy inverter&#039;inizi Trydan \u015farj noktas\u0131 ile ba\u011flayarak kurulumunuzdan g\u00fcne\u015f enerjisini kullan\u0131n.\" \/>\n<meta name=\"robots\" content=\"index, follow, max-snippet:-1, max-image-preview:large, max-video-preview:-1\" \/>\n<link rel=\"canonical\" href=\"https:\/\/v2charge.com\/tr\/destek-alani\/guc-kontrolu\/dinamik\/fotovoltaik\/sma-sunny-boy-i-nvertoru-nu-trydan-a-baglama\/\" \/>\n<meta property=\"og:locale\" content=\"tr_TR\" \/>\n<meta property=\"og:type\" content=\"article\" \/>\n<meta property=\"og:title\" content=\"SMA Sunny Boy \u0130nverter Ba\u011flant\u0131s\u0131 ile Trydan | V2C Destek\" \/>\n<meta property=\"og:description\" content=\"SMA Sunny Boy inverter&#039;inizi Trydan \u015farj noktas\u0131 ile ba\u011flayarak kurulumunuzdan g\u00fcne\u015f enerjisini kullan\u0131n.\" \/>\n<meta property=\"og:url\" content=\"https:\/\/v2charge.com\/tr\/destek-alani\/guc-kontrolu\/dinamik\/fotovoltaik\/sma-sunny-boy-i-nvertoru-nu-trydan-a-baglama\/\" \/>\n<meta property=\"og:site_name\" content=\"V2C\" \/>\n<meta property=\"article:publisher\" content=\"https:\/\/www.facebook.com\/V2C.Charge\" \/>\n<meta property=\"article:modified_time\" content=\"2026-04-19T10:14:35+00:00\" \/>\n<meta property=\"og:image\" content=\"https:\/\/v2charge.com\/wp-content\/uploads\/2023\/12\/sma-logo.png\" \/>\n<meta name=\"twitter:card\" content=\"summary_large_image\" \/>\n<meta name=\"twitter:site\" content=\"@V2C_Charge\" \/>\n<meta name=\"twitter:label1\" content=\"Tahmini okuma s\u00fcresi\" \/>\n\t<meta name=\"twitter:data1\" content=\"3 dakika\" \/>\n<script type=\"application\/ld+json\" class=\"yoast-schema-graph\">{\"@context\":\"https:\/\/schema.org\",\"@graph\":[{\"@type\":\"WebPage\",\"@id\":\"https:\/\/v2charge.com\/tr\/destek-alani\/guc-kontrolu\/dinamik\/fotovoltaik\/sma-sunny-boy-i-nvertoru-nu-trydan-a-baglama\/\",\"url\":\"https:\/\/v2charge.com\/tr\/destek-alani\/guc-kontrolu\/dinamik\/fotovoltaik\/sma-sunny-boy-i-nvertoru-nu-trydan-a-baglama\/\",\"name\":\"SMA Sunny Boy \u0130nverter Ba\u011flant\u0131s\u0131 ile Trydan | V2C Destek\",\"isPartOf\":{\"@id\":\"https:\/\/v2charge.com\/tr\/#website\"},\"primaryImageOfPage\":{\"@id\":\"https:\/\/v2charge.com\/tr\/destek-alani\/guc-kontrolu\/dinamik\/fotovoltaik\/sma-sunny-boy-i-nvertoru-nu-trydan-a-baglama\/#primaryimage\"},\"image\":{\"@id\":\"https:\/\/v2charge.com\/tr\/destek-alani\/guc-kontrolu\/dinamik\/fotovoltaik\/sma-sunny-boy-i-nvertoru-nu-trydan-a-baglama\/#primaryimage\"},\"thumbnailUrl\":\"https:\/\/v2charge.com\/wp-content\/uploads\/2023\/12\/sma-logo.png\",\"datePublished\":\"2023-03-24T16:56:23+00:00\",\"dateModified\":\"2026-04-19T10:14:35+00:00\",\"description\":\"SMA Sunny Boy inverter'inizi Trydan \u015farj noktas\u0131 ile ba\u011flayarak kurulumunuzdan g\u00fcne\u015f enerjisini kullan\u0131n.\",\"breadcrumb\":{\"@id\":\"https:\/\/v2charge.com\/tr\/destek-alani\/guc-kontrolu\/dinamik\/fotovoltaik\/sma-sunny-boy-i-nvertoru-nu-trydan-a-baglama\/#breadcrumb\"},\"inLanguage\":\"tr\",\"potentialAction\":[{\"@type\":\"ReadAction\",\"target\":[\"https:\/\/v2charge.com\/tr\/destek-alani\/guc-kontrolu\/dinamik\/fotovoltaik\/sma-sunny-boy-i-nvertoru-nu-trydan-a-baglama\/\"]}]},{\"@type\":\"ImageObject\",\"inLanguage\":\"tr\",\"@id\":\"https:\/\/v2charge.com\/tr\/destek-alani\/guc-kontrolu\/dinamik\/fotovoltaik\/sma-sunny-boy-i-nvertoru-nu-trydan-a-baglama\/#primaryimage\",\"url\":\"https:\/\/v2charge.com\/wp-content\/uploads\/2023\/12\/sma-logo.png\",\"contentUrl\":\"https:\/\/v2charge.com\/wp-content\/uploads\/2023\/12\/sma-logo.png\"},{\"@type\":\"BreadcrumbList\",\"@id\":\"https:\/\/v2charge.com\/tr\/destek-alani\/guc-kontrolu\/dinamik\/fotovoltaik\/sma-sunny-boy-i-nvertoru-nu-trydan-a-baglama\/#breadcrumb\",\"itemListElement\":[{\"@type\":\"ListItem\",\"position\":1,\"name\":\"V2C\",\"item\":\"https:\/\/v2charge.com\/tr\/\"},{\"@type\":\"ListItem\",\"position\":2,\"name\":\"Destek Alan\u0131.\",\"item\":\"https:\/\/v2charge.com\/tr\/destek-alani\/\"},{\"@type\":\"ListItem\",\"position\":3,\"name\":\"G\u00fc\u00e7 kontrol\u00fc\",\"item\":\"https:\/\/v2charge.com\/tr\/destek-alani\/guc-kontrolu\/\"},{\"@type\":\"ListItem\",\"position\":4,\"name\":\"Dinamik\",\"item\":\"https:\/\/v2charge.com\/tr\/destek-alani\/guc-kontrolu\/dinamik\/\"},{\"@type\":\"ListItem\",\"position\":5,\"name\":\"Fotovoltaik entegrasyonu\",\"item\":\"https:\/\/v2charge.com\/tr\/destek-alani\/guc-kontrolu\/dinamik\/fotovoltaik\/\"},{\"@type\":\"ListItem\",\"position\":6,\"name\":\"SMA Sunny Boy \u0130nvert\u00f6r\u00fc&#8217;n\u00fc Trydan&#8217;a Ba\u011flama\"}]},{\"@type\":\"WebSite\",\"@id\":\"https:\/\/v2charge.com\/tr\/#website\",\"url\":\"https:\/\/v2charge.com\/tr\/\",\"name\":\"V2C\",\"description\":\"#CargandoElMa\u00f1ana\",\"publisher\":{\"@id\":\"https:\/\/v2charge.com\/tr\/#organization\"},\"potentialAction\":[{\"@type\":\"SearchAction\",\"target\":{\"@type\":\"EntryPoint\",\"urlTemplate\":\"https:\/\/v2charge.com\/tr\/?s={search_term_string}\"},\"query-input\":{\"@type\":\"PropertyValueSpecification\",\"valueRequired\":true,\"valueName\":\"search_term_string\"}}],\"inLanguage\":\"tr\"},{\"@type\":\"Organization\",\"@id\":\"https:\/\/v2charge.com\/tr\/#organization\",\"name\":\"V2C\",\"url\":\"https:\/\/v2charge.com\/tr\/\",\"logo\":{\"@type\":\"ImageObject\",\"inLanguage\":\"tr\",\"@id\":\"https:\/\/v2charge.com\/tr\/#\/schema\/logo\/image\/\",\"url\":\"https:\/\/v2charge.com\/wp-content\/uploads\/2024\/11\/cropped-v2c-charge-logo-menu.png\",\"contentUrl\":\"https:\/\/v2charge.com\/wp-content\/uploads\/2024\/11\/cropped-v2c-charge-logo-menu.png\",\"width\":984,\"height\":431,\"caption\":\"V2C\"},\"image\":{\"@id\":\"https:\/\/v2charge.com\/tr\/#\/schema\/logo\/image\/\"},\"sameAs\":[\"https:\/\/www.facebook.com\/V2C.Charge\",\"https:\/\/x.com\/V2C_Charge\",\"https:\/\/www.instagram.com\/v2c.charge\/\",\"https:\/\/www.youtube.com\/@V2C\",\"https:\/\/www.linkedin.com\/company\/v2c-chargers\/\"]}]}<\/script>\n<!-- \/ Yoast SEO plugin. -->","yoast_head_json":{"title":"SMA Sunny Boy \u0130nverter Ba\u011flant\u0131s\u0131 ile Trydan | V2C Destek","description":"SMA Sunny Boy inverter'inizi Trydan \u015farj noktas\u0131 ile ba\u011flayarak kurulumunuzdan g\u00fcne\u015f enerjisini kullan\u0131n.","robots":{"index":"index","follow":"follow","max-snippet":"max-snippet:-1","max-image-preview":"max-image-preview:large","max-video-preview":"max-video-preview:-1"},"canonical":"https:\/\/v2charge.com\/tr\/destek-alani\/guc-kontrolu\/dinamik\/fotovoltaik\/sma-sunny-boy-i-nvertoru-nu-trydan-a-baglama\/","og_locale":"tr_TR","og_type":"article","og_title":"SMA Sunny Boy \u0130nverter Ba\u011flant\u0131s\u0131 ile Trydan | V2C Destek","og_description":"SMA Sunny Boy inverter'inizi Trydan \u015farj noktas\u0131 ile ba\u011flayarak kurulumunuzdan g\u00fcne\u015f enerjisini kullan\u0131n.","og_url":"https:\/\/v2charge.com\/tr\/destek-alani\/guc-kontrolu\/dinamik\/fotovoltaik\/sma-sunny-boy-i-nvertoru-nu-trydan-a-baglama\/","og_site_name":"V2C","article_publisher":"https:\/\/www.facebook.com\/V2C.Charge","article_modified_time":"2026-04-19T10:14:35+00:00","og_image":[{"url":"https:\/\/v2charge.com\/wp-content\/uploads\/2023\/12\/sma-logo.png","type":"","width":"","height":""}],"twitter_card":"summary_large_image","twitter_site":"@V2C_Charge","twitter_misc":{"Tahmini okuma s\u00fcresi":"3 dakika"},"schema":{"@context":"https:\/\/schema.org","@graph":[{"@type":"WebPage","@id":"https:\/\/v2charge.com\/tr\/destek-alani\/guc-kontrolu\/dinamik\/fotovoltaik\/sma-sunny-boy-i-nvertoru-nu-trydan-a-baglama\/","url":"https:\/\/v2charge.com\/tr\/destek-alani\/guc-kontrolu\/dinamik\/fotovoltaik\/sma-sunny-boy-i-nvertoru-nu-trydan-a-baglama\/","name":"SMA Sunny Boy \u0130nverter Ba\u011flant\u0131s\u0131 ile Trydan | V2C Destek","isPartOf":{"@id":"https:\/\/v2charge.com\/tr\/#website"},"primaryImageOfPage":{"@id":"https:\/\/v2charge.com\/tr\/destek-alani\/guc-kontrolu\/dinamik\/fotovoltaik\/sma-sunny-boy-i-nvertoru-nu-trydan-a-baglama\/#primaryimage"},"image":{"@id":"https:\/\/v2charge.com\/tr\/destek-alani\/guc-kontrolu\/dinamik\/fotovoltaik\/sma-sunny-boy-i-nvertoru-nu-trydan-a-baglama\/#primaryimage"},"thumbnailUrl":"https:\/\/v2charge.com\/wp-content\/uploads\/2023\/12\/sma-logo.png","datePublished":"2023-03-24T16:56:23+00:00","dateModified":"2026-04-19T10:14:35+00:00","description":"SMA Sunny Boy inverter'inizi Trydan \u015farj noktas\u0131 ile ba\u011flayarak kurulumunuzdan g\u00fcne\u015f enerjisini kullan\u0131n.","breadcrumb":{"@id":"https:\/\/v2charge.com\/tr\/destek-alani\/guc-kontrolu\/dinamik\/fotovoltaik\/sma-sunny-boy-i-nvertoru-nu-trydan-a-baglama\/#breadcrumb"},"inLanguage":"tr","potentialAction":[{"@type":"ReadAction","target":["https:\/\/v2charge.com\/tr\/destek-alani\/guc-kontrolu\/dinamik\/fotovoltaik\/sma-sunny-boy-i-nvertoru-nu-trydan-a-baglama\/"]}]},{"@type":"ImageObject","inLanguage":"tr","@id":"https:\/\/v2charge.com\/tr\/destek-alani\/guc-kontrolu\/dinamik\/fotovoltaik\/sma-sunny-boy-i-nvertoru-nu-trydan-a-baglama\/#primaryimage","url":"https:\/\/v2charge.com\/wp-content\/uploads\/2023\/12\/sma-logo.png","contentUrl":"https:\/\/v2charge.com\/wp-content\/uploads\/2023\/12\/sma-logo.png"},{"@type":"BreadcrumbList","@id":"https:\/\/v2charge.com\/tr\/destek-alani\/guc-kontrolu\/dinamik\/fotovoltaik\/sma-sunny-boy-i-nvertoru-nu-trydan-a-baglama\/#breadcrumb","itemListElement":[{"@type":"ListItem","position":1,"name":"V2C","item":"https:\/\/v2charge.com\/tr\/"},{"@type":"ListItem","position":2,"name":"Destek Alan\u0131.","item":"https:\/\/v2charge.com\/tr\/destek-alani\/"},{"@type":"ListItem","position":3,"name":"G\u00fc\u00e7 kontrol\u00fc","item":"https:\/\/v2charge.com\/tr\/destek-alani\/guc-kontrolu\/"},{"@type":"ListItem","position":4,"name":"Dinamik","item":"https:\/\/v2charge.com\/tr\/destek-alani\/guc-kontrolu\/dinamik\/"},{"@type":"ListItem","position":5,"name":"Fotovoltaik entegrasyonu","item":"https:\/\/v2charge.com\/tr\/destek-alani\/guc-kontrolu\/dinamik\/fotovoltaik\/"},{"@type":"ListItem","position":6,"name":"SMA Sunny Boy \u0130nvert\u00f6r\u00fc&#8217;n\u00fc Trydan&#8217;a Ba\u011flama"}]},{"@type":"WebSite","@id":"https:\/\/v2charge.com\/tr\/#website","url":"https:\/\/v2charge.com\/tr\/","name":"V2C","description":"#CargandoElMa\u00f1ana","publisher":{"@id":"https:\/\/v2charge.com\/tr\/#organization"},"potentialAction":[{"@type":"SearchAction","target":{"@type":"EntryPoint","urlTemplate":"https:\/\/v2charge.com\/tr\/?s={search_term_string}"},"query-input":{"@type":"PropertyValueSpecification","valueRequired":true,"valueName":"search_term_string"}}],"inLanguage":"tr"},{"@type":"Organization","@id":"https:\/\/v2charge.com\/tr\/#organization","name":"V2C","url":"https:\/\/v2charge.com\/tr\/","logo":{"@type":"ImageObject","inLanguage":"tr","@id":"https:\/\/v2charge.com\/tr\/#\/schema\/logo\/image\/","url":"https:\/\/v2charge.com\/wp-content\/uploads\/2024\/11\/cropped-v2c-charge-logo-menu.png","contentUrl":"https:\/\/v2charge.com\/wp-content\/uploads\/2024\/11\/cropped-v2c-charge-logo-menu.png","width":984,"height":431,"caption":"V2C"},"image":{"@id":"https:\/\/v2charge.com\/tr\/#\/schema\/logo\/image\/"},"sameAs":["https:\/\/www.facebook.com\/V2C.Charge","https:\/\/x.com\/V2C_Charge","https:\/\/www.instagram.com\/v2c.charge\/","https:\/\/www.youtube.com\/@V2C","https:\/\/www.linkedin.com\/company\/v2c-chargers\/"]}]}},"uagb_featured_image_src":{"full":false,"thumbnail":false,"medium":false,"medium_large":false,"large":false,"gs-tiny":false,"xl":false,"xxl":false,"xxxl":false,"xxxxl":false,"xxxxxl":false,"1536x1536":false,"2048x2048":false},"uagb_author_info":{"display_name":"V2C","author_link":"https:\/\/v2charge.com\/tr\/author\/root_k4eu7ki8\/"},"uagb_comment_info":0,"uagb_excerpt":"Trydan ile SMA Sunny Boy inverter ba\u011flant\u0131s\u0131 E\u011fer bir SMA Sunny Boy inverteriniz varsa, g\u00fcne\u015f enerjisi kullan\u0131m\u0131n\u0131 optimize etmek i\u00e7in bunu Trydan \u015farj noktan\u0131za entegre edebilirsiniz. Wi-Fi&nbsp;tekrarlay\u0131c\u0131lar\u0131n\u0131n&nbsp;ve&nbsp;mesh a\u011flar\u0131n\u0131n&nbsp;kullan\u0131m\u0131 sistemin d\u00fczg\u00fcn \u00e7al\u0131\u015fmas\u0131n\u0131 etkileyebilir. \u015earj cihaz\u0131 ile inverter aras\u0131nda optimal bir ba\u011flant\u0131 sa\u011flamak i\u00e7in&nbsp;kararl\u0131&nbsp;ve&nbsp;do\u011frudan&nbsp;bir&nbsp;Wi-Fi a\u011f\u0131&nbsp;kullanman\u0131z\u0131 \u00f6neririz. Ba\u011flant\u0131y\u0131 ger\u00e7ekle\u015ftirmek i\u00e7in izlenecek ad\u0131mlar Inverterinizin MODBUS TCP&#8217;sini etkinle\u015ftirin Trydan \u015farj&hellip;","_links":{"self":[{"href":"https:\/\/v2charge.com\/tr\/wp-json\/wp\/v2\/pages\/314190","targetHints":{"allow":["GET"]}}],"collection":[{"href":"https:\/\/v2charge.com\/tr\/wp-json\/wp\/v2\/pages"}],"about":[{"href":"https:\/\/v2charge.com\/tr\/wp-json\/wp\/v2\/types\/page"}],"author":[{"embeddable":true,"href":"https:\/\/v2charge.com\/tr\/wp-json\/wp\/v2\/users\/1"}],"replies":[{"embeddable":true,"href":"https:\/\/v2charge.com\/tr\/wp-json\/wp\/v2\/comments?post=314190"}],"version-history":[{"count":0,"href":"https:\/\/v2charge.com\/tr\/wp-json\/wp\/v2\/pages\/314190\/revisions"}],"up":[{"embeddable":true,"href":"https:\/\/v2charge.com\/tr\/wp-json\/wp\/v2\/pages\/131445"}],"wp:attachment":[{"href":"https:\/\/v2charge.com\/tr\/wp-json\/wp\/v2\/media?parent=314190"}],"curies":[{"name":"wp","href":"https:\/\/api.w.org\/{rel}","templated":true}]}}