{"id":314191,"date":"2023-05-18T07:15:21","date_gmt":"2023-05-18T07:15:21","guid":{"rendered":""},"modified":"2026-04-19T09:57:24","modified_gmt":"2026-04-19T09:57:24","slug":"power2drive-2025-tr-1776448855","status":"publish","type":"page","link":"https:\/\/v2charge.com\/tr\/power2drive-2025-tr-1776448855\/","title":{"rendered":"POWER2DRIVE 2025"},"content":{"rendered":"\n<div id=\"contact\" class=\"wp-block-uagb-container uagb-block-1e760f66 alignfull uagb-is-root-container\"><div class=\"uagb-container-inner-blocks-wrap\">\n<div class=\"wp-block-uagb-container uagb-block-dea2407d default uagb-is-root-container\">\n<div class=\"wp-block-uagb-container uagb-block-3d132595 default uagb-is-root-container\">\n<div class=\"wp-block-uagb-container uagb-block-548ffbda\"><div class=\"wp-block-uagb-advanced-heading uagb-block-2aa52a5c\"><p class=\"uagb-heading-text\">18-19-20 Kas\u0131m 2025<\/p><\/div><\/div>\n\n\n\n<div class=\"wp-block-uagb-container uagb-block-269434e6\"><div class=\"wp-block-uagb-advanced-heading uagb-block-16e6c9b2\"><p class=\"uagb-heading-text\">IFEMA, Madrid<\/p><\/div><\/div>\n<\/div>\n\n\n\n<div class=\"wp-block-uagb-container uagb-block-89c8f421 default uagb-is-root-container\"><div class=\"wp-block-uagb-advanced-heading uagb-block-a264c1f9\"><h1 class=\"uagb-heading-text\">MATELEC 2025 i\u00e7in \u00fccretsiz biletini al!<\/h1><\/div><\/div>\n\n\n<div class=\"wp-block-uagb-advanced-heading uagb-block-262af8de\"><p class=\"uagb-heading-text\">A\u015fa\u011f\u0131daki formu doldurun ve daha sonra \u00e7evrimi\u00e7i kaydolmak ve \u00fccretsiz ge\u00e7i\u015finizi almak i\u00e7in bir e-posta alacaks\u0131n\u0131z. Madrid&#8217;de g\u00f6r\u00fc\u015fmek \u00fczere!<\/p><\/div><\/div>\n\n\n\n<div class=\"wp-block-uagb-container uagb-block-e9b1ff2a alignfull uagb-is-root-container\"><div class=\"uagb-container-inner-blocks-wrap\"><div class=\"wp-block-contact-form-7-contact-form-selector new-form\">\n<div class=\"wpcf7 no-js\" id=\"wpcf7-f274212-o1\" lang=\"es-ES\" dir=\"ltr\" data-wpcf7-id=\"274212\">\n<div class=\"screen-reader-response\"><p role=\"status\" aria-live=\"polite\" aria-atomic=\"true\"><\/p> <ul><\/ul><\/div>\n<form action=\"\/tr\/wp-json\/wp\/v2\/pages\/314191#wpcf7-f274212-o1\" method=\"post\" class=\"wpcf7-form init\" aria-label=\"Formulario de contacto\" novalidate=\"novalidate\" data-status=\"init\">\n<div style=\"display: none;\">\n<input type=\"hidden\" name=\"_wpcf7\" value=\"274212\" \/>\n<input type=\"hidden\" name=\"_wpcf7_version\" value=\"6.0.6\" \/>\n<input type=\"hidden\" name=\"_wpcf7_locale\" value=\"es_ES\" \/>\n<input type=\"hidden\" name=\"_wpcf7_unit_tag\" value=\"wpcf7-f274212-o1\" \/>\n<input type=\"hidden\" name=\"_wpcf7_container_post\" value=\"0\" \/>\n<input type=\"hidden\" name=\"_wpcf7_posted_data_hash\" value=\"\" \/>\n<input type=\"hidden\" name=\"redirect_nonce\" value=\"996b205121\" \/>\n<input type=\"hidden\" name=\"wpcf7cfpdf_hidden_name\" value=\"document-pdf\" \/>\n<input type=\"hidden\" name=\"wpcf7cfpdf_hidden_reference\" value=\"67f87d8c\" \/>\n<input type=\"hidden\" name=\"wpcf7cfpdf_hidden_date\" value=\"04222026\" \/>\n<input type=\"hidden\" name=\"_wpcf7_recaptcha_response\" value=\"\" \/>\n<\/div>\n<div id=\"responsive-form\" class=\"clearfix resp-form-2\">\n\t<div class=\"form-row2\">\n\t\t<div class=\"column-half\">\n\t\t\t<p>Nombre y apellidos* <span class=\"wpcf7-form-control-wrap\" data-name=\"your-name\"><input size=\"40\" maxlength=\"400\" class=\"wpcf7-form-control wpcf7-text wpcf7-validates-as-required\" aria-required=\"true\" aria-invalid=\"false\" placeholder=\"Nombre y apellidos\" value=\"\" type=\"text\" name=\"your-name\" \/><\/span>\n\t\t\t<\/p>\n\t\t<\/div>\n\t\t<div class=\"column-half\">\n\t\t\t<p>E-mail* <span class=\"wpcf7-form-control-wrap\" data-name=\"your-email\"><input size=\"40\" maxlength=\"400\" class=\"wpcf7-form-control wpcf7-email wpcf7-validates-as-required wpcf7-text wpcf7-validates-as-email\" aria-required=\"true\" aria-invalid=\"false\" placeholder=\"E-mail\" value=\"\" type=\"email\" name=\"your-email\" \/><\/span>\n\t\t\t<\/p>\n\t\t<\/div>\n\t\t<div class=\"column-half\">\n\t\t\t<p>Empresa (opcional) <span class=\"wpcf7-form-control-wrap\" data-name=\"empresa\"><input size=\"40\" maxlength=\"400\" class=\"wpcf7-form-control wpcf7-text\" aria-invalid=\"false\" placeholder=\"Empresa\" value=\"\" type=\"text\" name=\"empresa\" \/><\/span>\n\t\t\t<\/p>\n\t\t<\/div>\n\t<\/div>\n\t<p><span id=\"wpcf7-69e854a2c30bc-wrapper\" class=\"wpcf7-form-control-wrap tudireccion-248-wrap\" style=\"display:none !important; visibility:hidden !important;\"><label for=\"wpcf7-69e854a2c30bc-field\" class=\"hp-message\">Por favor, deja este campo vac\u00edo.<\/label><input id=\"wpcf7-69e854a2c30bc-field\"  class=\"wpcf7-form-control wpcf7-text\" type=\"text\" name=\"tudireccion-248\" value=\"\" size=\"40\" tabindex=\"-1\" autocomplete=\"new-password\" \/><\/span>\n\t<\/p>\n\t<div class=\"form-row2\">\n\t\t<div class=\"column-full\">\n\t\t\t<p><input class=\"wpcf7-form-control wpcf7-submit has-spinner\" type=\"submit\" value=\"Enviar\" \/>\n\t\t\t<\/p>\n\t\t<\/div>\n\t<\/div>\n<\/div><!--end responsive-form--><div class=\"wpcf7-response-output\" aria-hidden=\"true\"><\/div>\n<\/form>\n<\/div>\n<\/div><\/div><\/div>\n<\/div><\/div>\n\n\n\n<div class=\"wp-block-uagb-container uagb-block-c987030b alignfull uagb-is-root-container\"><div class=\"uagb-container-inner-blocks-wrap\">\n<div class=\"wp-block-uagb-container uagb-block-8c7be9d3\"><div class=\"wp-block-uagb-advanced-heading uagb-block-0b94933a\"><h2 class=\"uagb-heading-text\">V2C toplulu\u011funu ve t\u00fcm gelecek etkinliklerimizi ke\u015ffedin.<\/h2><\/div>\n\n\n<div class=\"wp-block-uagb-buttons uagb-buttons__outer-wrap uagb-btn__default-btn uagb-btn-tablet__default-btn uagb-btn-mobile__default-btn uagb-block-e9bcb751\"><div class=\"uagb-buttons__wrap uagb-buttons-layout-wrap \"><div class=\"wp-block-uagb-buttons-child uagb-buttons__outer-wrap uagb-block-0b38b9b4 wp-block-button\"><div class=\"uagb-button__wrapper\"><a class=\"uagb-buttons-repeater wp-block-button__link\" aria-label=\"\" href=\"https:\/\/v2charge.com\/es\/comunidad\/\" rel=\"follow noopener\" target=\"_self\" role=\"button\"><div class=\"uagb-button__link\">V2C toplulu\u011funu ke\u015ffedin<\/div><\/a><\/div><\/div><\/div><\/div>\n<\/div>\n<\/div><\/div>\n\n\n\n<div class=\"wp-block-uagb-container uag-hide-desktop uag-hide-tab uag-hide-mob uagb-block-e65af711 alignfull uagb-is-root-container\"><div class=\"uagb-container-inner-blocks-wrap\">\n<div class=\"wp-block-uagb-container uagb-block-93a55b02\"><div class=\"wp-block-uagb-advanced-heading uagb-block-dc99d954\"><p class=\"uagb-heading-text\">Ne zaman<\/p><\/div>\n\n<div class=\"wp-block-uagb-advanced-heading uagb-block-9486c864\"><p class=\"uagb-heading-text\">6 \u015eubat 2025<\/p><\/div><\/div>\n\n\n\n<div class=\"wp-block-uagb-container uagb-block-d2f379e9\"><div class=\"wp-block-uagb-advanced-heading uagb-block-99293921\"><p class=\"uagb-heading-text\">NEREDE<\/p><\/div>\n\n<div class=\"wp-block-uagb-advanced-heading uagb-block-d70c0c2b\"><p class=\"uagb-heading-text\">Paris, Fransa<\/p><\/div><\/div>\n<\/div><\/div>\n","protected":false},"excerpt":{"rendered":"<p>18-19-20 Kas\u0131m 2025 IFEMA, Madrid MATELEC 2025 i\u00e7in \u00fccretsiz biletini al! A\u015fa\u011f\u0131daki formu doldurun ve daha sonra \u00e7evrimi\u00e7i kaydolmak ve \u00fccretsiz ge\u00e7i\u015finizi almak i\u00e7in bir e-posta alacaks\u0131n\u0131z. Madrid&#8217;de g\u00f6r\u00fc\u015fmek \u00fczere! V2C toplulu\u011funu ve t\u00fcm gelecek etkinliklerimizi ke\u015ffedin. Ne zaman 6 \u015eubat 2025 NEREDE Paris, Fransa<\/p>\n","protected":false},"author":1,"featured_media":215862,"parent":0,"menu_order":0,"comment_status":"closed","ping_status":"closed","template":"","meta":{"_eb_attr":"","content-type":"","_uag_custom_page_level_css":"","footnotes":""},"class_list":["post-314191","page","type-page","status-publish","has-post-thumbnail"],"yoast_head":"<!-- This site is optimized with the Yoast SEO plugin v25.3.1 - https:\/\/yoast.com\/wordpress\/plugins\/seo\/ -->\n<title>Power2Drive 2025&#039;te bizi ziyaret etmeye davet ediyoruz! \u00dccretsiz biletlerinizi al\u0131n!<\/title>\n<meta name=\"description\" content=\"Power2Drive Europe 2025 i\u00e7in \u00fccretsiz ge\u00e7i\u015finizi talep edin ve 7-8-9 May\u0131s 2025 tarihlerinde Almanya&#039;n\u0131n M\u00fcnih \u015fehrindeki B6.380 numaral\u0131 stand\u0131m\u0131z\u0131 ziyaret edin.\" \/>\n<meta name=\"robots\" content=\"noindex, follow\" \/>\n<meta property=\"og:locale\" content=\"tr_TR\" \/>\n<meta property=\"og:type\" content=\"article\" \/>\n<meta property=\"og:title\" content=\"Power2Drive 2025&#039;te bizi ziyaret etmeye davet ediyoruz! \u00dccretsiz biletlerinizi al\u0131n!\" \/>\n<meta property=\"og:description\" content=\"Power2Drive Europe 2025 i\u00e7in \u00fccretsiz ge\u00e7i\u015finizi talep edin ve 7-8-9 May\u0131s 2025 tarihlerinde Almanya&#039;n\u0131n M\u00fcnih \u015fehrindeki B6.380 numaral\u0131 stand\u0131m\u0131z\u0131 ziyaret edin.\" \/>\n<meta property=\"og:url\" content=\"https:\/\/v2charge.com\/tr\/power2drive-2025-tr-1776448855\/\" \/>\n<meta property=\"og:site_name\" content=\"V2C\" \/>\n<meta property=\"article:publisher\" content=\"https:\/\/www.facebook.com\/V2C.Charge\" \/>\n<meta property=\"article:modified_time\" content=\"2026-04-19T09:57:24+00:00\" \/>\n<meta property=\"og:image\" content=\"https:\/\/v2charge.com\/wp-content\/uploads\/2025\/04\/powertodrive-v2c-2025.jpg\" \/>\n\t<meta property=\"og:image:width\" content=\"960\" \/>\n\t<meta property=\"og:image:height\" content=\"560\" \/>\n\t<meta property=\"og:image:type\" content=\"image\/jpeg\" \/>\n<meta name=\"twitter:card\" content=\"summary_large_image\" \/>\n<meta name=\"twitter:site\" content=\"@V2C_Charge\" \/>\n<meta name=\"twitter:label1\" content=\"Tahmini okuma s\u00fcresi\" \/>\n\t<meta name=\"twitter:data1\" content=\"1 dakika\" \/>\n<script type=\"application\/ld+json\" class=\"yoast-schema-graph\">{\"@context\":\"https:\/\/schema.org\",\"@graph\":[{\"@type\":\"WebPage\",\"@id\":\"https:\/\/v2charge.com\/tr\/power2drive-2025-tr-1776448855\/\",\"url\":\"https:\/\/v2charge.com\/tr\/power2drive-2025-tr-1776448855\/\",\"name\":\"Power2Drive 2025'te bizi ziyaret etmeye davet ediyoruz! \u00dccretsiz biletlerinizi al\u0131n!\",\"isPartOf\":{\"@id\":\"https:\/\/v2charge.com\/tr\/#website\"},\"primaryImageOfPage\":{\"@id\":\"https:\/\/v2charge.com\/tr\/power2drive-2025-tr-1776448855\/#primaryimage\"},\"image\":{\"@id\":\"https:\/\/v2charge.com\/tr\/power2drive-2025-tr-1776448855\/#primaryimage\"},\"thumbnailUrl\":\"https:\/\/v2charge.com\/wp-content\/uploads\/2025\/04\/powertodrive-v2c-2025.jpg\",\"datePublished\":\"2023-05-18T07:15:21+00:00\",\"dateModified\":\"2026-04-19T09:57:24+00:00\",\"description\":\"Power2Drive Europe 2025 i\u00e7in \u00fccretsiz ge\u00e7i\u015finizi talep edin ve 7-8-9 May\u0131s 2025 tarihlerinde Almanya'n\u0131n M\u00fcnih \u015fehrindeki B6.380 numaral\u0131 stand\u0131m\u0131z\u0131 ziyaret edin.\",\"breadcrumb\":{\"@id\":\"https:\/\/v2charge.com\/tr\/power2drive-2025-tr-1776448855\/#breadcrumb\"},\"inLanguage\":\"tr\",\"potentialAction\":[{\"@type\":\"ReadAction\",\"target\":[\"https:\/\/v2charge.com\/tr\/power2drive-2025-tr-1776448855\/\"]}]},{\"@type\":\"ImageObject\",\"inLanguage\":\"tr\",\"@id\":\"https:\/\/v2charge.com\/tr\/power2drive-2025-tr-1776448855\/#primaryimage\",\"url\":\"https:\/\/v2charge.com\/wp-content\/uploads\/2025\/04\/powertodrive-v2c-2025.jpg\",\"contentUrl\":\"https:\/\/v2charge.com\/wp-content\/uploads\/2025\/04\/powertodrive-v2c-2025.jpg\",\"width\":960,\"height\":560,\"caption\":\"Power2Drive 2025\"},{\"@type\":\"BreadcrumbList\",\"@id\":\"https:\/\/v2charge.com\/tr\/power2drive-2025-tr-1776448855\/#breadcrumb\",\"itemListElement\":[{\"@type\":\"ListItem\",\"position\":1,\"name\":\"V2C\",\"item\":\"https:\/\/v2charge.com\/tr\/\"},{\"@type\":\"ListItem\",\"position\":2,\"name\":\"POWER2DRIVE 2025\"}]},{\"@type\":\"WebSite\",\"@id\":\"https:\/\/v2charge.com\/tr\/#website\",\"url\":\"https:\/\/v2charge.com\/tr\/\",\"name\":\"V2C\",\"description\":\"#CargandoElMa\u00f1ana\",\"publisher\":{\"@id\":\"https:\/\/v2charge.com\/tr\/#organization\"},\"potentialAction\":[{\"@type\":\"SearchAction\",\"target\":{\"@type\":\"EntryPoint\",\"urlTemplate\":\"https:\/\/v2charge.com\/tr\/?s={search_term_string}\"},\"query-input\":{\"@type\":\"PropertyValueSpecification\",\"valueRequired\":true,\"valueName\":\"search_term_string\"}}],\"inLanguage\":\"tr\"},{\"@type\":\"Organization\",\"@id\":\"https:\/\/v2charge.com\/tr\/#organization\",\"name\":\"V2C\",\"url\":\"https:\/\/v2charge.com\/tr\/\",\"logo\":{\"@type\":\"ImageObject\",\"inLanguage\":\"tr\",\"@id\":\"https:\/\/v2charge.com\/tr\/#\/schema\/logo\/image\/\",\"url\":\"https:\/\/v2charge.com\/wp-content\/uploads\/2024\/11\/cropped-v2c-charge-logo-menu.png\",\"contentUrl\":\"https:\/\/v2charge.com\/wp-content\/uploads\/2024\/11\/cropped-v2c-charge-logo-menu.png\",\"width\":984,\"height\":431,\"caption\":\"V2C\"},\"image\":{\"@id\":\"https:\/\/v2charge.com\/tr\/#\/schema\/logo\/image\/\"},\"sameAs\":[\"https:\/\/www.facebook.com\/V2C.Charge\",\"https:\/\/x.com\/V2C_Charge\",\"https:\/\/www.instagram.com\/v2c.charge\/\",\"https:\/\/www.youtube.com\/@V2C\",\"https:\/\/www.linkedin.com\/company\/v2c-chargers\/\"]}]}<\/script>\n<!-- \/ Yoast SEO plugin. -->","yoast_head_json":{"title":"Power2Drive 2025'te bizi ziyaret etmeye davet ediyoruz! \u00dccretsiz biletlerinizi al\u0131n!","description":"Power2Drive Europe 2025 i\u00e7in \u00fccretsiz ge\u00e7i\u015finizi talep edin ve 7-8-9 May\u0131s 2025 tarihlerinde Almanya'n\u0131n M\u00fcnih \u015fehrindeki B6.380 numaral\u0131 stand\u0131m\u0131z\u0131 ziyaret edin.","robots":{"index":"noindex","follow":"follow"},"og_locale":"tr_TR","og_type":"article","og_title":"Power2Drive 2025'te bizi ziyaret etmeye davet ediyoruz! \u00dccretsiz biletlerinizi al\u0131n!","og_description":"Power2Drive Europe 2025 i\u00e7in \u00fccretsiz ge\u00e7i\u015finizi talep edin ve 7-8-9 May\u0131s 2025 tarihlerinde Almanya'n\u0131n M\u00fcnih \u015fehrindeki B6.380 numaral\u0131 stand\u0131m\u0131z\u0131 ziyaret edin.","og_url":"https:\/\/v2charge.com\/tr\/power2drive-2025-tr-1776448855\/","og_site_name":"V2C","article_publisher":"https:\/\/www.facebook.com\/V2C.Charge","article_modified_time":"2026-04-19T09:57:24+00:00","og_image":[{"width":960,"height":560,"url":"https:\/\/v2charge.com\/wp-content\/uploads\/2025\/04\/powertodrive-v2c-2025.jpg","type":"image\/jpeg"}],"twitter_card":"summary_large_image","twitter_site":"@V2C_Charge","twitter_misc":{"Tahmini okuma s\u00fcresi":"1 dakika"},"schema":{"@context":"https:\/\/schema.org","@graph":[{"@type":"WebPage","@id":"https:\/\/v2charge.com\/tr\/power2drive-2025-tr-1776448855\/","url":"https:\/\/v2charge.com\/tr\/power2drive-2025-tr-1776448855\/","name":"Power2Drive 2025'te bizi ziyaret etmeye davet ediyoruz! \u00dccretsiz biletlerinizi al\u0131n!","isPartOf":{"@id":"https:\/\/v2charge.com\/tr\/#website"},"primaryImageOfPage":{"@id":"https:\/\/v2charge.com\/tr\/power2drive-2025-tr-1776448855\/#primaryimage"},"image":{"@id":"https:\/\/v2charge.com\/tr\/power2drive-2025-tr-1776448855\/#primaryimage"},"thumbnailUrl":"https:\/\/v2charge.com\/wp-content\/uploads\/2025\/04\/powertodrive-v2c-2025.jpg","datePublished":"2023-05-18T07:15:21+00:00","dateModified":"2026-04-19T09:57:24+00:00","description":"Power2Drive Europe 2025 i\u00e7in \u00fccretsiz ge\u00e7i\u015finizi talep edin ve 7-8-9 May\u0131s 2025 tarihlerinde Almanya'n\u0131n M\u00fcnih \u015fehrindeki B6.380 numaral\u0131 stand\u0131m\u0131z\u0131 ziyaret edin.","breadcrumb":{"@id":"https:\/\/v2charge.com\/tr\/power2drive-2025-tr-1776448855\/#breadcrumb"},"inLanguage":"tr","potentialAction":[{"@type":"ReadAction","target":["https:\/\/v2charge.com\/tr\/power2drive-2025-tr-1776448855\/"]}]},{"@type":"ImageObject","inLanguage":"tr","@id":"https:\/\/v2charge.com\/tr\/power2drive-2025-tr-1776448855\/#primaryimage","url":"https:\/\/v2charge.com\/wp-content\/uploads\/2025\/04\/powertodrive-v2c-2025.jpg","contentUrl":"https:\/\/v2charge.com\/wp-content\/uploads\/2025\/04\/powertodrive-v2c-2025.jpg","width":960,"height":560,"caption":"Power2Drive 2025"},{"@type":"BreadcrumbList","@id":"https:\/\/v2charge.com\/tr\/power2drive-2025-tr-1776448855\/#breadcrumb","itemListElement":[{"@type":"ListItem","position":1,"name":"V2C","item":"https:\/\/v2charge.com\/tr\/"},{"@type":"ListItem","position":2,"name":"POWER2DRIVE 2025"}]},{"@type":"WebSite","@id":"https:\/\/v2charge.com\/tr\/#website","url":"https:\/\/v2charge.com\/tr\/","name":"V2C","description":"#CargandoElMa\u00f1ana","publisher":{"@id":"https:\/\/v2charge.com\/tr\/#organization"},"potentialAction":[{"@type":"SearchAction","target":{"@type":"EntryPoint","urlTemplate":"https:\/\/v2charge.com\/tr\/?s={search_term_string}"},"query-input":{"@type":"PropertyValueSpecification","valueRequired":true,"valueName":"search_term_string"}}],"inLanguage":"tr"},{"@type":"Organization","@id":"https:\/\/v2charge.com\/tr\/#organization","name":"V2C","url":"https:\/\/v2charge.com\/tr\/","logo":{"@type":"ImageObject","inLanguage":"tr","@id":"https:\/\/v2charge.com\/tr\/#\/schema\/logo\/image\/","url":"https:\/\/v2charge.com\/wp-content\/uploads\/2024\/11\/cropped-v2c-charge-logo-menu.png","contentUrl":"https:\/\/v2charge.com\/wp-content\/uploads\/2024\/11\/cropped-v2c-charge-logo-menu.png","width":984,"height":431,"caption":"V2C"},"image":{"@id":"https:\/\/v2charge.com\/tr\/#\/schema\/logo\/image\/"},"sameAs":["https:\/\/www.facebook.com\/V2C.Charge","https:\/\/x.com\/V2C_Charge","https:\/\/www.instagram.com\/v2c.charge\/","https:\/\/www.youtube.com\/@V2C","https:\/\/www.linkedin.com\/company\/v2c-chargers\/"]}]}},"uagb_featured_image_src":{"full":["https:\/\/v2charge.com\/wp-content\/uploads\/2025\/04\/powertodrive-v2c-2025.jpg",960,560,false],"thumbnail":["https:\/\/v2charge.com\/wp-content\/uploads\/2025\/04\/powertodrive-v2c-2025-150x150.jpg",150,150,true],"medium":["https:\/\/v2charge.com\/wp-content\/uploads\/2025\/04\/powertodrive-v2c-2025-300x175.jpg",300,175,true],"medium_large":["https:\/\/v2charge.com\/wp-content\/uploads\/2025\/04\/powertodrive-v2c-2025-768x448.jpg",768,448,true],"large":["https:\/\/v2charge.com\/wp-content\/uploads\/2025\/04\/powertodrive-v2c-2025.jpg",960,560,false],"gs-tiny":["https:\/\/v2charge.com\/wp-content\/uploads\/2025\/04\/powertodrive-v2c-2025-50x29.jpg",50,29,true],"xl":["https:\/\/v2charge.com\/wp-content\/uploads\/2025\/04\/powertodrive-v2c-2025.jpg",960,560,false],"xxl":["https:\/\/v2charge.com\/wp-content\/uploads\/2025\/04\/powertodrive-v2c-2025.jpg",960,560,false],"xxxl":["https:\/\/v2charge.com\/wp-content\/uploads\/2025\/04\/powertodrive-v2c-2025.jpg",960,560,false],"xxxxl":["https:\/\/v2charge.com\/wp-content\/uploads\/2025\/04\/powertodrive-v2c-2025.jpg",960,560,false],"xxxxxl":["https:\/\/v2charge.com\/wp-content\/uploads\/2025\/04\/powertodrive-v2c-2025.jpg",960,560,false],"1536x1536":["https:\/\/v2charge.com\/wp-content\/uploads\/2025\/04\/powertodrive-v2c-2025.jpg",960,560,false],"2048x2048":["https:\/\/v2charge.com\/wp-content\/uploads\/2025\/04\/powertodrive-v2c-2025.jpg",960,560,false]},"uagb_author_info":{"display_name":"V2C","author_link":"https:\/\/v2charge.com\/tr\/author\/root_k4eu7ki8\/"},"uagb_comment_info":0,"uagb_excerpt":"18-19-20 Kas\u0131m 2025 IFEMA, Madrid MATELEC 2025 i\u00e7in \u00fccretsiz biletini al! A\u015fa\u011f\u0131daki formu doldurun ve daha sonra \u00e7evrimi\u00e7i kaydolmak ve \u00fccretsiz ge\u00e7i\u015finizi almak i\u00e7in bir e-posta alacaks\u0131n\u0131z. Madrid&#8217;de g\u00f6r\u00fc\u015fmek \u00fczere! V2C toplulu\u011funu ve t\u00fcm gelecek etkinliklerimizi ke\u015ffedin. Ne zaman 6 \u015eubat 2025 NEREDE Paris, Fransa","_links":{"self":[{"href":"https:\/\/v2charge.com\/tr\/wp-json\/wp\/v2\/pages\/314191","targetHints":{"allow":["GET"]}}],"collection":[{"href":"https:\/\/v2charge.com\/tr\/wp-json\/wp\/v2\/pages"}],"about":[{"href":"https:\/\/v2charge.com\/tr\/wp-json\/wp\/v2\/types\/page"}],"author":[{"embeddable":true,"href":"https:\/\/v2charge.com\/tr\/wp-json\/wp\/v2\/users\/1"}],"replies":[{"embeddable":true,"href":"https:\/\/v2charge.com\/tr\/wp-json\/wp\/v2\/comments?post=314191"}],"version-history":[{"count":0,"href":"https:\/\/v2charge.com\/tr\/wp-json\/wp\/v2\/pages\/314191\/revisions"}],"wp:featuredmedia":[{"embeddable":true,"href":"https:\/\/v2charge.com\/tr\/wp-json\/wp\/v2\/media\/215862"}],"wp:attachment":[{"href":"https:\/\/v2charge.com\/tr\/wp-json\/wp\/v2\/media?parent=314191"}],"curies":[{"name":"wp","href":"https:\/\/api.w.org\/{rel}","templated":true}]}}