{"id":314193,"date":"2023-07-12T09:50:10","date_gmt":"2023-07-12T09:50:10","guid":{"rendered":""},"modified":"2023-07-19T09:15:33","modified_gmt":"2023-07-19T09:15:33","slug":"google-home-un-fonksiyonel-komutlari","status":"publish","type":"page","link":"https:\/\/v2charge.com\/tr\/google-home-un-fonksiyonel-komutlari\/","title":{"rendered":"Google Home&#8217;un Fonksiyonel Komutlar\u0131"},"content":{"rendered":"\n<div class=\"wp-block-uagb-container uagb-block-fc275dc6 alignfull uagb-is-root-container\"><div class=\"uagb-container-inner-blocks-wrap\">\n<div class=\"wp-block-uagb-container uagb-block-82aefc11\">\n<div class=\"wp-block-uagb-container uagb-block-d7879cb9\"><\/div>\n\n\n\n<div class=\"wp-block-uagb-container uagb-block-cc7d6964\"><div class=\"wp-block-uagb-advanced-heading uagb-block-b6b380be\"><h1 class=\"uagb-heading-text\">Google Home Fonksiyonel Komutlar\u0131<\/h1><\/div>\n\n<div class=\"wp-block-uagb-advanced-heading uagb-block-0a05cd91\"><h2 class=\"uagb-heading-text\">e-Charger, sesinin ula\u015fabilece\u011fi mesafede<\/h2><\/div>\n\n<p class=\"has-base-3-color has-text-color\" style=\"font-size:16px\">Google Home&#8217;un t\u00fcm i\u015flevsel komutlar\u0131n\u0131 ke\u015ffedin ve e-Charger&#8217;\u0131n\u0131z\u0131 kontrol edin. Yenilik, an\u0131nda eri\u015fim ve e\u015fsiz bir \u015farj deneyimi i\u00e7in konfor.<\/p>\n\n\n<div class=\"wp-block-uagb-buttons uagb-buttons__outer-wrap uagb-btn__default-btn uagb-btn-tablet__default-btn uagb-btn-mobile__default-btn uagb-block-b86b6b55\"><div class=\"uagb-buttons__wrap uagb-buttons-layout-wrap\"><div class=\"wp-block-uagb-buttons-child uagb-buttons__outer-wrap uagb-block-59555533 wp-block-button is-style-outline\"><div class=\"uagb-button__wrapper\"><a class=\"uagb-buttons-repeater wp-block-button__link\" href=\"https:\/\/v2charge.com\/tr\/google-home-u-sarj-cihaziniza-baglayin\/\" onclick=\"return true;\" rel=\"follow noopener\" target=\"_self\"><div class=\"uagb-button__link\">e-Charger&#8217;\u0131n\u0131z\u0131 Google Home ile ba\u011flay\u0131n<\/div><\/a><\/div><\/div><\/div><\/div>\n<\/div>\n<\/div>\n<\/div><\/div>\n<div style=\"height:49px\" aria-hidden=\"true\" class=\"wp-block-spacer\"><\/div>\n<h2>e-Charger&#8217;\u0131n\u0131z\u0131 Kilitleyin<\/h2>\n<p>\u00abOK Google, (\u015farj cihaz\u0131n\u0131n ad\u0131) kilitle\u00bb<\/p>\n<div style=\"height:40px\" aria-hidden=\"true\" class=\"wp-block-spacer\"><\/div>\n<h2>e-Charger&#8217;\u0131n\u0131z\u0131 Kilidini A\u00e7\u0131n<\/h2>\n<p>\u00abOK Google, (\u015farj cihaz\u0131n\u0131n ad\u0131) kilidini a\u00e7\u00bb<\/p>\n<div style=\"height:40px\" aria-hidden=\"true\" class=\"wp-block-spacer\"><\/div>\n<h2>e-Charger&#8217;\u0131n\u0131z\u0131n mevcut durumunu \u00f6\u011frenin<\/h2>\n<p>\u00abOK Google, (\u015farj cihaz\u0131n\u0131n ad\u0131) \u015farj oluyor mu s\u00f6yle\u00bb<\/p>\n<p>\u00abOK Google, (\u015farj cihaz\u0131n\u0131n ad\u0131) cihaz\u0131 \u015farj oluyor mu s\u00f6yle\u00bb<\/p>\n<div style=\"height:49px\" aria-hidden=\"true\" class=\"wp-block-spacer\"><\/div>","protected":false},"excerpt":{"rendered":"<p>Google Home Fonksiyonel Komutlar\u0131 e-Charger, sesinin ula\u015fabilece\u011fi mesafede Google Home&#8217;un t\u00fcm i\u015flevsel komutlar\u0131n\u0131 ke\u015ffedin ve e-Charger&#8217;\u0131n\u0131z\u0131 kontrol edin. Yenilik, an\u0131nda eri\u015fim ve e\u015fsiz bir \u015farj deneyimi i\u00e7in konfor. e-Charger&#8217;\u0131n\u0131z\u0131 Kilitleyin \u00abOK Google, (\u015farj cihaz\u0131n\u0131n ad\u0131) kilitle\u00bb e-Charger&#8217;\u0131n\u0131z\u0131 Kilidini A\u00e7\u0131n \u00abOK Google, (\u015farj cihaz\u0131n\u0131n ad\u0131) kilidini a\u00e7\u00bb e-Charger&#8217;\u0131n\u0131z\u0131n mevcut durumunu \u00f6\u011frenin \u00abOK Google, (\u015farj cihaz\u0131n\u0131n ad\u0131) &#8230; <a title=\"Google Home&#8217;un Fonksiyonel Komutlar\u0131\" class=\"read-more\" href=\"https:\/\/v2charge.com\/tr\/google-home-un-fonksiyonel-komutlari\/\" aria-label=\"Read more about Google Home&#8217;un Fonksiyonel Komutlar\u0131\">Devam\u0131n\u0131 oku<\/a><\/p>\n","protected":false},"author":400,"featured_media":170354,"parent":0,"menu_order":0,"comment_status":"closed","ping_status":"closed","template":"","meta":{"_eb_attr":"","content-type":"","_uag_custom_page_level_css":"","footnotes":""},"class_list":["post-314193","page","type-page","status-publish","has-post-thumbnail"],"yoast_head":"<!-- This site is optimized with the Yoast SEO plugin v25.3.1 - https:\/\/yoast.com\/wordpress\/plugins\/seo\/ -->\n<title>Google Home i\u00e7in V2C Cloud Fonksiyonel Komutlar\u0131 | V2C \u00ae<\/title>\n<meta name=\"description\" content=\"Google Home&#039;un V2C elektrikli \u015farj cihaz\u0131n\u0131z i\u00e7in i\u015flevsel komutlar\u0131n\u0131 ke\u015ffedin ve arac\u0131n\u0131z\u0131n \u015farj\u0131n\u0131 ger\u00e7ek zamanl\u0131 olarak y\u00f6netmeye ba\u015flay\u0131n.\" \/>\n<meta name=\"robots\" content=\"index, follow, max-snippet:-1, max-image-preview:large, max-video-preview:-1\" \/>\n<link rel=\"canonical\" href=\"https:\/\/v2charge.com\/tr\/google-home-un-fonksiyonel-komutlari\/\" \/>\n<meta property=\"og:locale\" content=\"tr_TR\" \/>\n<meta property=\"og:type\" content=\"article\" \/>\n<meta property=\"og:title\" content=\"Google Home i\u00e7in V2C Cloud Fonksiyonel Komutlar\u0131 | V2C \u00ae\" \/>\n<meta property=\"og:description\" content=\"Google Home&#039;un V2C elektrikli \u015farj cihaz\u0131n\u0131z i\u00e7in i\u015flevsel komutlar\u0131n\u0131 ke\u015ffedin ve arac\u0131n\u0131z\u0131n \u015farj\u0131n\u0131 ger\u00e7ek zamanl\u0131 olarak y\u00f6netmeye ba\u015flay\u0131n.\" \/>\n<meta property=\"og:url\" content=\"https:\/\/v2charge.com\/tr\/google-home-un-fonksiyonel-komutlari\/\" \/>\n<meta property=\"og:site_name\" content=\"V2C\" \/>\n<meta property=\"article:publisher\" content=\"https:\/\/www.facebook.com\/V2C.Charge\" \/>\n<meta property=\"article:modified_time\" content=\"2023-07-19T09:15:33+00:00\" \/>\n<meta property=\"og:image\" content=\"https:\/\/v2charge.com\/wp-content\/uploads\/2024\/07\/v2c-electric-chargers.jpg\" \/>\n\t<meta property=\"og:image:width\" content=\"1200\" \/>\n\t<meta property=\"og:image:height\" content=\"675\" \/>\n\t<meta property=\"og:image:type\" content=\"image\/jpeg\" \/>\n<meta name=\"twitter:card\" content=\"summary_large_image\" \/>\n<meta name=\"twitter:site\" content=\"@V2C_Charge\" \/>\n<meta name=\"twitter:label1\" content=\"Tahmini okuma s\u00fcresi\" \/>\n\t<meta name=\"twitter:data1\" content=\"1 dakika\" \/>\n<script type=\"application\/ld+json\" class=\"yoast-schema-graph\">{\"@context\":\"https:\/\/schema.org\",\"@graph\":[{\"@type\":\"WebPage\",\"@id\":\"https:\/\/v2charge.com\/tr\/google-home-un-fonksiyonel-komutlari\/\",\"url\":\"https:\/\/v2charge.com\/tr\/google-home-un-fonksiyonel-komutlari\/\",\"name\":\"Google Home i\u00e7in V2C Cloud Fonksiyonel Komutlar\u0131 | V2C \u00ae\",\"isPartOf\":{\"@id\":\"https:\/\/v2charge.com\/tr\/#website\"},\"primaryImageOfPage\":{\"@id\":\"https:\/\/v2charge.com\/tr\/google-home-un-fonksiyonel-komutlari\/#primaryimage\"},\"image\":{\"@id\":\"https:\/\/v2charge.com\/tr\/google-home-un-fonksiyonel-komutlari\/#primaryimage\"},\"thumbnailUrl\":\"https:\/\/v2charge.com\/wp-content\/uploads\/2024\/07\/v2c-electric-chargers.jpg\",\"datePublished\":\"2023-07-12T09:50:10+00:00\",\"dateModified\":\"2023-07-19T09:15:33+00:00\",\"description\":\"Google Home'un V2C elektrikli \u015farj cihaz\u0131n\u0131z i\u00e7in i\u015flevsel komutlar\u0131n\u0131 ke\u015ffedin ve arac\u0131n\u0131z\u0131n \u015farj\u0131n\u0131 ger\u00e7ek zamanl\u0131 olarak y\u00f6netmeye ba\u015flay\u0131n.\",\"breadcrumb\":{\"@id\":\"https:\/\/v2charge.com\/tr\/google-home-un-fonksiyonel-komutlari\/#breadcrumb\"},\"inLanguage\":\"tr\",\"potentialAction\":[{\"@type\":\"ReadAction\",\"target\":[\"https:\/\/v2charge.com\/tr\/google-home-un-fonksiyonel-komutlari\/\"]}]},{\"@type\":\"ImageObject\",\"inLanguage\":\"tr\",\"@id\":\"https:\/\/v2charge.com\/tr\/google-home-un-fonksiyonel-komutlari\/#primaryimage\",\"url\":\"https:\/\/v2charge.com\/wp-content\/uploads\/2024\/07\/v2c-electric-chargers.jpg\",\"contentUrl\":\"https:\/\/v2charge.com\/wp-content\/uploads\/2024\/07\/v2c-electric-chargers.jpg\",\"width\":1200,\"height\":675,\"caption\":\"V2C Electric Chargers\"},{\"@type\":\"BreadcrumbList\",\"@id\":\"https:\/\/v2charge.com\/tr\/google-home-un-fonksiyonel-komutlari\/#breadcrumb\",\"itemListElement\":[{\"@type\":\"ListItem\",\"position\":1,\"name\":\"V2C\",\"item\":\"https:\/\/v2charge.com\/tr\/\"},{\"@type\":\"ListItem\",\"position\":2,\"name\":\"Google Home&#8217;un Fonksiyonel Komutlar\u0131\"}]},{\"@type\":\"WebSite\",\"@id\":\"https:\/\/v2charge.com\/tr\/#website\",\"url\":\"https:\/\/v2charge.com\/tr\/\",\"name\":\"V2C\",\"description\":\"#CargandoElMa\u00f1ana\",\"publisher\":{\"@id\":\"https:\/\/v2charge.com\/tr\/#organization\"},\"potentialAction\":[{\"@type\":\"SearchAction\",\"target\":{\"@type\":\"EntryPoint\",\"urlTemplate\":\"https:\/\/v2charge.com\/tr\/?s={search_term_string}\"},\"query-input\":{\"@type\":\"PropertyValueSpecification\",\"valueRequired\":true,\"valueName\":\"search_term_string\"}}],\"inLanguage\":\"tr\"},{\"@type\":\"Organization\",\"@id\":\"https:\/\/v2charge.com\/tr\/#organization\",\"name\":\"V2C\",\"url\":\"https:\/\/v2charge.com\/tr\/\",\"logo\":{\"@type\":\"ImageObject\",\"inLanguage\":\"tr\",\"@id\":\"https:\/\/v2charge.com\/tr\/#\/schema\/logo\/image\/\",\"url\":\"https:\/\/v2charge.com\/wp-content\/uploads\/2024\/11\/cropped-v2c-charge-logo-menu.png\",\"contentUrl\":\"https:\/\/v2charge.com\/wp-content\/uploads\/2024\/11\/cropped-v2c-charge-logo-menu.png\",\"width\":984,\"height\":431,\"caption\":\"V2C\"},\"image\":{\"@id\":\"https:\/\/v2charge.com\/tr\/#\/schema\/logo\/image\/\"},\"sameAs\":[\"https:\/\/www.facebook.com\/V2C.Charge\",\"https:\/\/x.com\/V2C_Charge\",\"https:\/\/www.instagram.com\/v2c.charge\/\",\"https:\/\/www.youtube.com\/@V2C\",\"https:\/\/www.linkedin.com\/company\/v2c-chargers\/\"]}]}<\/script>\n<!-- \/ Yoast SEO plugin. -->","yoast_head_json":{"title":"Google Home i\u00e7in V2C Cloud Fonksiyonel Komutlar\u0131 | V2C \u00ae","description":"Google Home'un V2C elektrikli \u015farj cihaz\u0131n\u0131z i\u00e7in i\u015flevsel komutlar\u0131n\u0131 ke\u015ffedin ve arac\u0131n\u0131z\u0131n \u015farj\u0131n\u0131 ger\u00e7ek zamanl\u0131 olarak y\u00f6netmeye ba\u015flay\u0131n.","robots":{"index":"index","follow":"follow","max-snippet":"max-snippet:-1","max-image-preview":"max-image-preview:large","max-video-preview":"max-video-preview:-1"},"canonical":"https:\/\/v2charge.com\/tr\/google-home-un-fonksiyonel-komutlari\/","og_locale":"tr_TR","og_type":"article","og_title":"Google Home i\u00e7in V2C Cloud Fonksiyonel Komutlar\u0131 | V2C \u00ae","og_description":"Google Home'un V2C elektrikli \u015farj cihaz\u0131n\u0131z i\u00e7in i\u015flevsel komutlar\u0131n\u0131 ke\u015ffedin ve arac\u0131n\u0131z\u0131n \u015farj\u0131n\u0131 ger\u00e7ek zamanl\u0131 olarak y\u00f6netmeye ba\u015flay\u0131n.","og_url":"https:\/\/v2charge.com\/tr\/google-home-un-fonksiyonel-komutlari\/","og_site_name":"V2C","article_publisher":"https:\/\/www.facebook.com\/V2C.Charge","article_modified_time":"2023-07-19T09:15:33+00:00","og_image":[{"width":1200,"height":675,"url":"https:\/\/v2charge.com\/wp-content\/uploads\/2024\/07\/v2c-electric-chargers.jpg","type":"image\/jpeg"}],"twitter_card":"summary_large_image","twitter_site":"@V2C_Charge","twitter_misc":{"Tahmini okuma s\u00fcresi":"1 dakika"},"schema":{"@context":"https:\/\/schema.org","@graph":[{"@type":"WebPage","@id":"https:\/\/v2charge.com\/tr\/google-home-un-fonksiyonel-komutlari\/","url":"https:\/\/v2charge.com\/tr\/google-home-un-fonksiyonel-komutlari\/","name":"Google Home i\u00e7in V2C Cloud Fonksiyonel Komutlar\u0131 | V2C \u00ae","isPartOf":{"@id":"https:\/\/v2charge.com\/tr\/#website"},"primaryImageOfPage":{"@id":"https:\/\/v2charge.com\/tr\/google-home-un-fonksiyonel-komutlari\/#primaryimage"},"image":{"@id":"https:\/\/v2charge.com\/tr\/google-home-un-fonksiyonel-komutlari\/#primaryimage"},"thumbnailUrl":"https:\/\/v2charge.com\/wp-content\/uploads\/2024\/07\/v2c-electric-chargers.jpg","datePublished":"2023-07-12T09:50:10+00:00","dateModified":"2023-07-19T09:15:33+00:00","description":"Google Home'un V2C elektrikli \u015farj cihaz\u0131n\u0131z i\u00e7in i\u015flevsel komutlar\u0131n\u0131 ke\u015ffedin ve arac\u0131n\u0131z\u0131n \u015farj\u0131n\u0131 ger\u00e7ek zamanl\u0131 olarak y\u00f6netmeye ba\u015flay\u0131n.","breadcrumb":{"@id":"https:\/\/v2charge.com\/tr\/google-home-un-fonksiyonel-komutlari\/#breadcrumb"},"inLanguage":"tr","potentialAction":[{"@type":"ReadAction","target":["https:\/\/v2charge.com\/tr\/google-home-un-fonksiyonel-komutlari\/"]}]},{"@type":"ImageObject","inLanguage":"tr","@id":"https:\/\/v2charge.com\/tr\/google-home-un-fonksiyonel-komutlari\/#primaryimage","url":"https:\/\/v2charge.com\/wp-content\/uploads\/2024\/07\/v2c-electric-chargers.jpg","contentUrl":"https:\/\/v2charge.com\/wp-content\/uploads\/2024\/07\/v2c-electric-chargers.jpg","width":1200,"height":675,"caption":"V2C Electric Chargers"},{"@type":"BreadcrumbList","@id":"https:\/\/v2charge.com\/tr\/google-home-un-fonksiyonel-komutlari\/#breadcrumb","itemListElement":[{"@type":"ListItem","position":1,"name":"V2C","item":"https:\/\/v2charge.com\/tr\/"},{"@type":"ListItem","position":2,"name":"Google Home&#8217;un Fonksiyonel Komutlar\u0131"}]},{"@type":"WebSite","@id":"https:\/\/v2charge.com\/tr\/#website","url":"https:\/\/v2charge.com\/tr\/","name":"V2C","description":"#CargandoElMa\u00f1ana","publisher":{"@id":"https:\/\/v2charge.com\/tr\/#organization"},"potentialAction":[{"@type":"SearchAction","target":{"@type":"EntryPoint","urlTemplate":"https:\/\/v2charge.com\/tr\/?s={search_term_string}"},"query-input":{"@type":"PropertyValueSpecification","valueRequired":true,"valueName":"search_term_string"}}],"inLanguage":"tr"},{"@type":"Organization","@id":"https:\/\/v2charge.com\/tr\/#organization","name":"V2C","url":"https:\/\/v2charge.com\/tr\/","logo":{"@type":"ImageObject","inLanguage":"tr","@id":"https:\/\/v2charge.com\/tr\/#\/schema\/logo\/image\/","url":"https:\/\/v2charge.com\/wp-content\/uploads\/2024\/11\/cropped-v2c-charge-logo-menu.png","contentUrl":"https:\/\/v2charge.com\/wp-content\/uploads\/2024\/11\/cropped-v2c-charge-logo-menu.png","width":984,"height":431,"caption":"V2C"},"image":{"@id":"https:\/\/v2charge.com\/tr\/#\/schema\/logo\/image\/"},"sameAs":["https:\/\/www.facebook.com\/V2C.Charge","https:\/\/x.com\/V2C_Charge","https:\/\/www.instagram.com\/v2c.charge\/","https:\/\/www.youtube.com\/@V2C","https:\/\/www.linkedin.com\/company\/v2c-chargers\/"]}]}},"uagb_featured_image_src":{"full":["https:\/\/v2charge.com\/wp-content\/uploads\/2024\/07\/v2c-electric-chargers.jpg",1200,675,false],"thumbnail":["https:\/\/v2charge.com\/wp-content\/uploads\/2024\/07\/v2c-electric-chargers-150x150.jpg",150,150,true],"medium":["https:\/\/v2charge.com\/wp-content\/uploads\/2024\/07\/v2c-electric-chargers-300x169.jpg",300,169,true],"medium_large":["https:\/\/v2charge.com\/wp-content\/uploads\/2024\/07\/v2c-electric-chargers-768x432.jpg",768,432,true],"large":["https:\/\/v2charge.com\/wp-content\/uploads\/2024\/07\/v2c-electric-chargers-1024x576.jpg",1024,576,true],"gs-tiny":["https:\/\/v2charge.com\/wp-content\/uploads\/2024\/07\/v2c-electric-chargers.jpg",50,28,false],"xl":["https:\/\/v2charge.com\/wp-content\/uploads\/2024\/07\/v2c-electric-chargers.jpg",1200,675,false],"xxl":["https:\/\/v2charge.com\/wp-content\/uploads\/2024\/07\/v2c-electric-chargers.jpg",1200,675,false],"xxxl":["https:\/\/v2charge.com\/wp-content\/uploads\/2024\/07\/v2c-electric-chargers.jpg",1200,675,false],"xxxxl":["https:\/\/v2charge.com\/wp-content\/uploads\/2024\/07\/v2c-electric-chargers.jpg",1200,675,false],"xxxxxl":["https:\/\/v2charge.com\/wp-content\/uploads\/2024\/07\/v2c-electric-chargers.jpg",1200,675,false],"1536x1536":["https:\/\/v2charge.com\/wp-content\/uploads\/2024\/07\/v2c-electric-chargers.jpg",1200,675,false],"2048x2048":["https:\/\/v2charge.com\/wp-content\/uploads\/2024\/07\/v2c-electric-chargers.jpg",1200,675,false]},"uagb_author_info":{"display_name":"V2C","author_link":"https:\/\/v2charge.com\/tr\/author\/marketing\/"},"uagb_comment_info":0,"uagb_excerpt":"Google Home Fonksiyonel Komutlar\u0131 e-Charger, sesinin ula\u015fabilece\u011fi mesafede Google Home&#8217;un t\u00fcm i\u015flevsel komutlar\u0131n\u0131 ke\u015ffedin ve e-Charger&#8217;\u0131n\u0131z\u0131 kontrol edin. Yenilik, an\u0131nda eri\u015fim ve e\u015fsiz bir \u015farj deneyimi i\u00e7in konfor. e-Charger&#8217;\u0131n\u0131z\u0131 Kilitleyin \u00abOK Google, (\u015farj cihaz\u0131n\u0131n ad\u0131) kilitle\u00bb e-Charger&#8217;\u0131n\u0131z\u0131 Kilidini A\u00e7\u0131n \u00abOK Google, (\u015farj cihaz\u0131n\u0131n ad\u0131) kilidini a\u00e7\u00bb e-Charger&#8217;\u0131n\u0131z\u0131n mevcut durumunu \u00f6\u011frenin \u00abOK Google, (\u015farj cihaz\u0131n\u0131n ad\u0131)&hellip;","_links":{"self":[{"href":"https:\/\/v2charge.com\/tr\/wp-json\/wp\/v2\/pages\/314193","targetHints":{"allow":["GET"]}}],"collection":[{"href":"https:\/\/v2charge.com\/tr\/wp-json\/wp\/v2\/pages"}],"about":[{"href":"https:\/\/v2charge.com\/tr\/wp-json\/wp\/v2\/types\/page"}],"author":[{"embeddable":true,"href":"https:\/\/v2charge.com\/tr\/wp-json\/wp\/v2\/users\/400"}],"replies":[{"embeddable":true,"href":"https:\/\/v2charge.com\/tr\/wp-json\/wp\/v2\/comments?post=314193"}],"version-history":[{"count":0,"href":"https:\/\/v2charge.com\/tr\/wp-json\/wp\/v2\/pages\/314193\/revisions"}],"wp:featuredmedia":[{"embeddable":true,"href":"https:\/\/v2charge.com\/tr\/wp-json\/wp\/v2\/media\/170354"}],"wp:attachment":[{"href":"https:\/\/v2charge.com\/tr\/wp-json\/wp\/v2\/media?parent=314193"}],"curies":[{"name":"wp","href":"https:\/\/api.w.org\/{rel}","templated":true}]}}