{"id":314194,"date":"2023-07-12T13:58:30","date_gmt":"2023-07-12T13:58:30","guid":{"rendered":""},"modified":"2026-04-19T10:22:10","modified_gmt":"2026-04-19T10:22:10","slug":"google-home-u-sarj-cihaziniza-baglayin","status":"publish","type":"page","link":"https:\/\/v2charge.com\/tr\/google-home-u-sarj-cihaziniza-baglayin\/","title":{"rendered":"\u015earj cihaz\u0131n\u0131z\u0131 Google Home ile e\u015fle\u015ftirin"},"content":{"rendered":"\n<div style=\"height:60px\" aria-hidden=\"true\" class=\"wp-block-spacer\"><\/div>\n\n\n<h1 class=\"wp-block-heading\">\u015earj cihaz\u0131n\u0131z\u0131 Google Home ile e\u015fle\u015ftirin<\/h1>\n\n<p>Trydan \u015farj noktas\u0131, Google Home gibi ak\u0131ll\u0131 cihazlara ba\u011flanabilir.<\/p>\n\n<h2 class=\"wp-block-heading\">\u00d6nceki ad\u0131mlar<\/h2>\n\n<p>\u015earj cihaz\u0131n\u0131z\u0131 Google Home cihaz\u0131n\u0131zla e\u015fle\u015ftirmeden \u00f6nce, mobil cihaz\u0131n\u0131zda Google Home uygulamas\u0131n\u0131n y\u00fckl\u00fc olmas\u0131 gerekir. Uygulamay\u0131 indirmek i\u00e7in App Store&#8217;a (iOS) veya Google Play&#8217;e (Android) gidin ve &#8216;Google Home&#8217; aramas\u0131 yap\u0131n.<\/p>\n\n\n<div class=\"wp-block-uagb-container uagb-block-5a5b843d alignfull uagb-is-root-container\"><div class=\"uagb-container-inner-blocks-wrap\">\n<div class=\"wp-block-uagb-container uagb-block-cb625279\"><div class=\"wp-block-uagb-image aligncenter uagb-block-a832307b wp-block-uagb-image--layout-default wp-block-uagb-image--effect-static wp-block-uagb-image--align-center\"><figure class=\"wp-block-uagb-image__figure\"><img decoding=\"async\" srcset=\"https:\/\/v2charge.com\/wp-content\/uploads\/2023\/07\/download-google-home.jpg \" sizes=\"auto, (max-width: 480px) 150px\" src=\"https:\/\/v2charge.com\/wp-content\/uploads\/2023\/07\/download-google-home.jpg\" alt=\"\" class=\"uag-image-113457\" width=\"400\" height=\"560\" title=\"\" loading=\"lazy\" role=\"img\"\/><figcaption class=\"uagb-image-caption\">Uygulamay\u0131 aray\u0131n ve indirin.<\/figcaption><\/figure><\/div><\/div>\n<\/div><\/div>\n\n\n\n<div style=\"height:50px\" aria-hidden=\"true\" class=\"wp-block-spacer\"><\/div>\n\n\n<h2 class=\"wp-block-heading\">V2C Cloud hesab\u0131n\u0131z\u0131 Google Home ile ba\u011flay\u0131n<\/h2>\n\n\n<div class=\"wp-block-uagb-container uagb-block-49130a3d alignfull uagb-is-root-container\"><div class=\"uagb-container-inner-blocks-wrap\">\n<div class=\"wp-block-uagb-container uagb-block-bbb09fb4\"><div class=\"wp-block-uagb-image uagb-block-897a5d10 wp-block-uagb-image--layout-default wp-block-uagb-image--effect-static wp-block-uagb-image--align-none\"><figure class=\"wp-block-uagb-image__figure\"><img decoding=\"async\" srcset=\"https:\/\/v2charge.com\/wp-content\/uploads\/2023\/07\/add-devicejpg.jpg \" sizes=\"auto, (max-width: 480px) 150px\" src=\"https:\/\/v2charge.com\/wp-content\/uploads\/2023\/07\/add-devicejpg.jpg\" alt=\"\" class=\"uag-image-113466\" width=\"400\" height=\"560\" title=\"\" loading=\"lazy\" role=\"img\"\/><figcaption class=\"uagb-image-caption\">1. Google Home&#8217;u a\u00e7\u0131n ve a\u015fa\u011f\u0131daki <br>&#8216;Cihazlar&#8217; sekmesine gidin ve &#8216;Ekle&#8217;ye t\u0131klay\u0131n.<\/figcaption><\/figure><\/div><\/div>\n\n\n\n<div class=\"wp-block-uagb-container uagb-block-c0ac0299\"><div class=\"wp-block-uagb-image uagb-block-8180bb1b wp-block-uagb-image--layout-default wp-block-uagb-image--effect-static wp-block-uagb-image--align-none\"><figure class=\"wp-block-uagb-image__figure\"><img decoding=\"async\" srcset=\"https:\/\/v2charge.com\/wp-content\/uploads\/2023\/07\/works-google.jpg \" sizes=\"auto, (max-width: 480px) 150px\" src=\"https:\/\/v2charge.com\/wp-content\/uploads\/2023\/07\/works-google.jpg\" alt=\"\" class=\"uag-image-113475\" width=\"400\" height=\"560\" title=\"\" loading=\"lazy\" role=\"img\"\/><figcaption class=\"uagb-image-caption\">2. Se\u00e7enekleri se\u00e7in<br>&#8216;Google ile \u00e7al\u0131\u015f\u0131r&#8217;.<\/figcaption><\/figure><\/div><\/div>\n\n\n\n<div class=\"wp-block-uagb-container uagb-block-f2f4f148\"><div class=\"wp-block-uagb-image uagb-block-a7323135 wp-block-uagb-image--layout-default wp-block-uagb-image--effect-static wp-block-uagb-image--align-none\"><figure class=\"wp-block-uagb-image__figure\"><img decoding=\"async\" srcset=\"https:\/\/v2charge.com\/wp-content\/uploads\/2023\/07\/search-v2c.jpg \" sizes=\"auto, (max-width: 480px) 150px\" src=\"https:\/\/v2charge.com\/wp-content\/uploads\/2023\/07\/search-v2c.jpg\" alt=\"\" class=\"uag-image-113503\" width=\"400\" height=\"560\" title=\"\" loading=\"lazy\" role=\"img\"\/><figcaption class=\"uagb-image-caption\">3. Arama kutusuna &#8216;V2C&#8217; yaz\u0131n.<\/figcaption><\/figure><\/div><\/div>\n<\/div><\/div>\n\n\n\n<div class=\"wp-block-uagb-container uagb-block-a5c5cb63 alignfull uagb-is-root-container\"><div class=\"uagb-container-inner-blocks-wrap\">\n<div class=\"wp-block-uagb-container uagb-block-d8cdae29\"><div class=\"wp-block-uagb-image uagb-block-64ac1ca5 wp-block-uagb-image--layout-default wp-block-uagb-image--effect-static wp-block-uagb-image--align-none\"><figure class=\"wp-block-uagb-image__figure\"><img decoding=\"async\" srcset=\"https:\/\/v2charge.com\/wp-content\/uploads\/2023\/07\/sign-in.jpg \" sizes=\"auto, (max-width: 480px) 150px\" src=\"https:\/\/v2charge.com\/wp-content\/uploads\/2023\/07\/sign-in.jpg\" alt=\"\" class=\"uag-image-113493\" width=\"400\" height=\"560\" title=\"\" loading=\"lazy\" role=\"img\"\/><figcaption class=\"uagb-image-caption\">4. Ayn\u0131 V2C Cloud<br>V2C Cloud hesab\u0131yla<br>giri\u015f yap\u0131n.<\/figcaption><\/figure><\/div><\/div>\n\n\n\n<div class=\"wp-block-uagb-container uagb-block-aa228dd1\"><div class=\"wp-block-uagb-image uagb-block-89df05f4 wp-block-uagb-image--layout-default wp-block-uagb-image--effect-static wp-block-uagb-image--align-none\"><figure class=\"wp-block-uagb-image__figure\"><img decoding=\"async\" srcset=\"https:\/\/v2charge.com\/wp-content\/uploads\/2023\/07\/devices.jpg \" sizes=\"auto, (max-width: 480px) 150px\" src=\"https:\/\/v2charge.com\/wp-content\/uploads\/2023\/07\/devices.jpg\" alt=\"\" class=\"uag-image-113512\" width=\"400\" height=\"560\" title=\"\" loading=\"lazy\" role=\"img\"\/><figcaption class=\"uagb-image-caption\">5. &#8216;Cihazlar&#8217; <br>sekmesine geri d\u00f6n\u00fcn ve <br>do\u011fru bir \u015fekilde ba\u011fland\u0131\u011f\u0131n\u0131 kontrol edin.<\/figcaption><\/figure><\/div><\/div>\n<\/div><\/div>\n\n\n<p>Art\u0131k e\u015fle\u015ftirmeyi yapt\u0131\u011f\u0131n\u0131za g\u00f6re, <a href=\"https:\/\/v2charge.com\/functional-commands-google-home\/\">\u015farj cihaz\u0131n\u0131z\u0131 kontrol etmek i\u00e7in Google Home&#8217;un i\u015flevsel komutlar\u0131n\u0131 \u00f6\u011frenin.<\/a><\/p>\n\n\n<div style=\"height:100px\" aria-hidden=\"true\" class=\"wp-block-spacer\"><\/div>\n","protected":false},"excerpt":{"rendered":"<p>\u015earj cihaz\u0131n\u0131z\u0131 Google Home ile e\u015fle\u015ftirin Trydan \u015farj noktas\u0131, Google Home gibi ak\u0131ll\u0131 cihazlara ba\u011flanabilir. \u00d6nceki ad\u0131mlar \u015earj cihaz\u0131n\u0131z\u0131 Google Home cihaz\u0131n\u0131zla e\u015fle\u015ftirmeden \u00f6nce, mobil cihaz\u0131n\u0131zda Google Home uygulamas\u0131n\u0131n y\u00fckl\u00fc olmas\u0131 gerekir. Uygulamay\u0131 indirmek i\u00e7in App Store&#8217;a (iOS) veya Google Play&#8217;e (Android) gidin ve &#8216;Google Home&#8217; aramas\u0131 yap\u0131n. V2C Cloud hesab\u0131n\u0131z\u0131 Google Home ile ba\u011flay\u0131n &#8230; <a title=\"\u015earj cihaz\u0131n\u0131z\u0131 Google Home ile e\u015fle\u015ftirin\" class=\"read-more\" href=\"https:\/\/v2charge.com\/tr\/google-home-u-sarj-cihaziniza-baglayin\/\" aria-label=\"Read more about \u015earj cihaz\u0131n\u0131z\u0131 Google Home ile e\u015fle\u015ftirin\">Devam\u0131n\u0131 oku<\/a><\/p>\n","protected":false},"author":400,"featured_media":170354,"parent":0,"menu_order":0,"comment_status":"closed","ping_status":"closed","template":"","meta":{"_eb_attr":"","content-type":"","_uag_custom_page_level_css":"","footnotes":""},"class_list":["post-314194","page","type-page","status-publish","has-post-thumbnail"],"yoast_head":"<!-- This site is optimized with the Yoast SEO plugin v25.3.1 - https:\/\/yoast.com\/wordpress\/plugins\/seo\/ -->\n<title>Google Home ile \u015farj cihaz\u0131n\u0131z\u0131 ba\u011flay\u0131n - Ba\u011flant\u0131 | V2C<\/title>\n<meta name=\"description\" content=\"Trydan \u015farj noktas\u0131, Google Home gibi ak\u0131ll\u0131 cihazlara ba\u011flanma yetene\u011fine sahiptir. \u015earj cihaz\u0131n\u0131z\u0131 ba\u011flay\u0131n ve e-\u015earj cihaz\u0131n\u0131z\u0131 kontrol edin.\" \/>\n<meta name=\"robots\" content=\"index, follow, max-snippet:-1, max-image-preview:large, max-video-preview:-1\" \/>\n<link rel=\"canonical\" href=\"https:\/\/v2charge.com\/tr\/modos-de-funcionamiento-fotovoltaico\/\" \/>\n<meta property=\"og:locale\" content=\"tr_TR\" \/>\n<meta property=\"og:type\" content=\"article\" \/>\n<meta property=\"og:title\" content=\"Google Home ile \u015farj cihaz\u0131n\u0131z\u0131 ba\u011flay\u0131n - Ba\u011flant\u0131 | V2C\" \/>\n<meta property=\"og:description\" content=\"Trydan \u015farj noktas\u0131, Google Home gibi ak\u0131ll\u0131 cihazlara ba\u011flanma yetene\u011fine sahiptir. \u015earj cihaz\u0131n\u0131z\u0131 ba\u011flay\u0131n ve e-\u015earj cihaz\u0131n\u0131z\u0131 kontrol edin.\" \/>\n<meta property=\"og:url\" content=\"https:\/\/v2charge.com\/tr\/modos-de-funcionamiento-fotovoltaico\/\" \/>\n<meta property=\"og:site_name\" content=\"V2C\" \/>\n<meta property=\"article:publisher\" content=\"https:\/\/www.facebook.com\/V2C.Charge\" \/>\n<meta property=\"article:modified_time\" content=\"2026-04-19T10:22:10+00:00\" \/>\n<meta property=\"og:image\" content=\"https:\/\/v2charge.com\/wp-content\/uploads\/2024\/07\/v2c-electric-chargers.jpg\" \/>\n\t<meta property=\"og:image:width\" content=\"1200\" \/>\n\t<meta property=\"og:image:height\" content=\"675\" \/>\n\t<meta property=\"og:image:type\" content=\"image\/jpeg\" \/>\n<meta name=\"twitter:card\" content=\"summary_large_image\" \/>\n<meta name=\"twitter:site\" content=\"@V2C_Charge\" \/>\n<meta name=\"twitter:label1\" content=\"Tahmini okuma s\u00fcresi\" \/>\n\t<meta name=\"twitter:data1\" content=\"2 dakika\" \/>\n<script type=\"application\/ld+json\" class=\"yoast-schema-graph\">{\"@context\":\"https:\/\/schema.org\",\"@graph\":[{\"@type\":\"WebPage\",\"@id\":\"https:\/\/v2charge.com\/tr\/google-home-u-sarj-cihaziniza-baglayin\/\",\"url\":\"https:\/\/v2charge.com\/tr\/modos-de-funcionamiento-fotovoltaico\/\",\"name\":\"Google Home ile \u015farj cihaz\u0131n\u0131z\u0131 ba\u011flay\u0131n - Ba\u011flant\u0131 | V2C\",\"isPartOf\":{\"@id\":\"https:\/\/v2charge.com\/tr\/#website\"},\"primaryImageOfPage\":{\"@id\":\"https:\/\/v2charge.com\/tr\/modos-de-funcionamiento-fotovoltaico\/#primaryimage\"},\"image\":{\"@id\":\"https:\/\/v2charge.com\/tr\/modos-de-funcionamiento-fotovoltaico\/#primaryimage\"},\"thumbnailUrl\":\"https:\/\/v2charge.com\/wp-content\/uploads\/2024\/07\/v2c-electric-chargers.jpg\",\"datePublished\":\"2023-07-12T13:58:30+00:00\",\"dateModified\":\"2026-04-19T10:22:10+00:00\",\"description\":\"Trydan \u015farj noktas\u0131, Google Home gibi ak\u0131ll\u0131 cihazlara ba\u011flanma yetene\u011fine sahiptir. \u015earj cihaz\u0131n\u0131z\u0131 ba\u011flay\u0131n ve e-\u015earj cihaz\u0131n\u0131z\u0131 kontrol edin.\",\"breadcrumb\":{\"@id\":\"https:\/\/v2charge.com\/tr\/modos-de-funcionamiento-fotovoltaico\/#breadcrumb\"},\"inLanguage\":\"tr\",\"potentialAction\":[{\"@type\":\"ReadAction\",\"target\":[\"https:\/\/v2charge.com\/tr\/modos-de-funcionamiento-fotovoltaico\/\"]}]},{\"@type\":\"ImageObject\",\"inLanguage\":\"tr\",\"@id\":\"https:\/\/v2charge.com\/tr\/modos-de-funcionamiento-fotovoltaico\/#primaryimage\",\"url\":\"https:\/\/v2charge.com\/wp-content\/uploads\/2024\/07\/v2c-electric-chargers.jpg\",\"contentUrl\":\"https:\/\/v2charge.com\/wp-content\/uploads\/2024\/07\/v2c-electric-chargers.jpg\",\"width\":1200,\"height\":675,\"caption\":\"V2C Electric Chargers\"},{\"@type\":\"BreadcrumbList\",\"@id\":\"https:\/\/v2charge.com\/tr\/modos-de-funcionamiento-fotovoltaico\/#breadcrumb\",\"itemListElement\":[{\"@type\":\"ListItem\",\"position\":1,\"name\":\"V2C\",\"item\":\"https:\/\/v2charge.com\/tr\/\"},{\"@type\":\"ListItem\",\"position\":2,\"name\":\"Google Home&#8217;u \u015farj cihaz\u0131n\u0131za ba\u011flay\u0131n\"}]},{\"@type\":\"WebSite\",\"@id\":\"https:\/\/v2charge.com\/tr\/#website\",\"url\":\"https:\/\/v2charge.com\/tr\/\",\"name\":\"V2C\",\"description\":\"#CargandoElMa\u00f1ana\",\"publisher\":{\"@id\":\"https:\/\/v2charge.com\/tr\/#organization\"},\"potentialAction\":[{\"@type\":\"SearchAction\",\"target\":{\"@type\":\"EntryPoint\",\"urlTemplate\":\"https:\/\/v2charge.com\/tr\/?s={search_term_string}\"},\"query-input\":{\"@type\":\"PropertyValueSpecification\",\"valueRequired\":true,\"valueName\":\"search_term_string\"}}],\"inLanguage\":\"tr\"},{\"@type\":\"Organization\",\"@id\":\"https:\/\/v2charge.com\/tr\/#organization\",\"name\":\"V2C\",\"url\":\"https:\/\/v2charge.com\/tr\/\",\"logo\":{\"@type\":\"ImageObject\",\"inLanguage\":\"tr\",\"@id\":\"https:\/\/v2charge.com\/tr\/#\/schema\/logo\/image\/\",\"url\":\"https:\/\/v2charge.com\/wp-content\/uploads\/2024\/11\/cropped-v2c-charge-logo-menu.png\",\"contentUrl\":\"https:\/\/v2charge.com\/wp-content\/uploads\/2024\/11\/cropped-v2c-charge-logo-menu.png\",\"width\":984,\"height\":431,\"caption\":\"V2C\"},\"image\":{\"@id\":\"https:\/\/v2charge.com\/tr\/#\/schema\/logo\/image\/\"},\"sameAs\":[\"https:\/\/www.facebook.com\/V2C.Charge\",\"https:\/\/x.com\/V2C_Charge\",\"https:\/\/www.instagram.com\/v2c.charge\/\",\"https:\/\/www.youtube.com\/@V2C\",\"https:\/\/www.linkedin.com\/company\/v2c-chargers\/\"]}]}<\/script>\n<!-- \/ Yoast SEO plugin. -->","yoast_head_json":{"title":"Google Home ile \u015farj cihaz\u0131n\u0131z\u0131 ba\u011flay\u0131n - Ba\u011flant\u0131 | V2C","description":"Trydan \u015farj noktas\u0131, Google Home gibi ak\u0131ll\u0131 cihazlara ba\u011flanma yetene\u011fine sahiptir. \u015earj cihaz\u0131n\u0131z\u0131 ba\u011flay\u0131n ve e-\u015earj cihaz\u0131n\u0131z\u0131 kontrol edin.","robots":{"index":"index","follow":"follow","max-snippet":"max-snippet:-1","max-image-preview":"max-image-preview:large","max-video-preview":"max-video-preview:-1"},"canonical":"https:\/\/v2charge.com\/tr\/modos-de-funcionamiento-fotovoltaico\/","og_locale":"tr_TR","og_type":"article","og_title":"Google Home ile \u015farj cihaz\u0131n\u0131z\u0131 ba\u011flay\u0131n - Ba\u011flant\u0131 | V2C","og_description":"Trydan \u015farj noktas\u0131, Google Home gibi ak\u0131ll\u0131 cihazlara ba\u011flanma yetene\u011fine sahiptir. \u015earj cihaz\u0131n\u0131z\u0131 ba\u011flay\u0131n ve e-\u015earj cihaz\u0131n\u0131z\u0131 kontrol edin.","og_url":"https:\/\/v2charge.com\/tr\/modos-de-funcionamiento-fotovoltaico\/","og_site_name":"V2C","article_publisher":"https:\/\/www.facebook.com\/V2C.Charge","article_modified_time":"2026-04-19T10:22:10+00:00","og_image":[{"width":1200,"height":675,"url":"https:\/\/v2charge.com\/wp-content\/uploads\/2024\/07\/v2c-electric-chargers.jpg","type":"image\/jpeg"}],"twitter_card":"summary_large_image","twitter_site":"@V2C_Charge","twitter_misc":{"Tahmini okuma s\u00fcresi":"2 dakika"},"schema":{"@context":"https:\/\/schema.org","@graph":[{"@type":"WebPage","@id":"https:\/\/v2charge.com\/tr\/google-home-u-sarj-cihaziniza-baglayin\/","url":"https:\/\/v2charge.com\/tr\/modos-de-funcionamiento-fotovoltaico\/","name":"Google Home ile \u015farj cihaz\u0131n\u0131z\u0131 ba\u011flay\u0131n - Ba\u011flant\u0131 | V2C","isPartOf":{"@id":"https:\/\/v2charge.com\/tr\/#website"},"primaryImageOfPage":{"@id":"https:\/\/v2charge.com\/tr\/modos-de-funcionamiento-fotovoltaico\/#primaryimage"},"image":{"@id":"https:\/\/v2charge.com\/tr\/modos-de-funcionamiento-fotovoltaico\/#primaryimage"},"thumbnailUrl":"https:\/\/v2charge.com\/wp-content\/uploads\/2024\/07\/v2c-electric-chargers.jpg","datePublished":"2023-07-12T13:58:30+00:00","dateModified":"2026-04-19T10:22:10+00:00","description":"Trydan \u015farj noktas\u0131, Google Home gibi ak\u0131ll\u0131 cihazlara ba\u011flanma yetene\u011fine sahiptir. \u015earj cihaz\u0131n\u0131z\u0131 ba\u011flay\u0131n ve e-\u015earj cihaz\u0131n\u0131z\u0131 kontrol edin.","breadcrumb":{"@id":"https:\/\/v2charge.com\/tr\/modos-de-funcionamiento-fotovoltaico\/#breadcrumb"},"inLanguage":"tr","potentialAction":[{"@type":"ReadAction","target":["https:\/\/v2charge.com\/tr\/modos-de-funcionamiento-fotovoltaico\/"]}]},{"@type":"ImageObject","inLanguage":"tr","@id":"https:\/\/v2charge.com\/tr\/modos-de-funcionamiento-fotovoltaico\/#primaryimage","url":"https:\/\/v2charge.com\/wp-content\/uploads\/2024\/07\/v2c-electric-chargers.jpg","contentUrl":"https:\/\/v2charge.com\/wp-content\/uploads\/2024\/07\/v2c-electric-chargers.jpg","width":1200,"height":675,"caption":"V2C Electric Chargers"},{"@type":"BreadcrumbList","@id":"https:\/\/v2charge.com\/tr\/modos-de-funcionamiento-fotovoltaico\/#breadcrumb","itemListElement":[{"@type":"ListItem","position":1,"name":"V2C","item":"https:\/\/v2charge.com\/tr\/"},{"@type":"ListItem","position":2,"name":"Google Home&#8217;u \u015farj cihaz\u0131n\u0131za ba\u011flay\u0131n"}]},{"@type":"WebSite","@id":"https:\/\/v2charge.com\/tr\/#website","url":"https:\/\/v2charge.com\/tr\/","name":"V2C","description":"#CargandoElMa\u00f1ana","publisher":{"@id":"https:\/\/v2charge.com\/tr\/#organization"},"potentialAction":[{"@type":"SearchAction","target":{"@type":"EntryPoint","urlTemplate":"https:\/\/v2charge.com\/tr\/?s={search_term_string}"},"query-input":{"@type":"PropertyValueSpecification","valueRequired":true,"valueName":"search_term_string"}}],"inLanguage":"tr"},{"@type":"Organization","@id":"https:\/\/v2charge.com\/tr\/#organization","name":"V2C","url":"https:\/\/v2charge.com\/tr\/","logo":{"@type":"ImageObject","inLanguage":"tr","@id":"https:\/\/v2charge.com\/tr\/#\/schema\/logo\/image\/","url":"https:\/\/v2charge.com\/wp-content\/uploads\/2024\/11\/cropped-v2c-charge-logo-menu.png","contentUrl":"https:\/\/v2charge.com\/wp-content\/uploads\/2024\/11\/cropped-v2c-charge-logo-menu.png","width":984,"height":431,"caption":"V2C"},"image":{"@id":"https:\/\/v2charge.com\/tr\/#\/schema\/logo\/image\/"},"sameAs":["https:\/\/www.facebook.com\/V2C.Charge","https:\/\/x.com\/V2C_Charge","https:\/\/www.instagram.com\/v2c.charge\/","https:\/\/www.youtube.com\/@V2C","https:\/\/www.linkedin.com\/company\/v2c-chargers\/"]}]}},"uagb_featured_image_src":{"full":["https:\/\/v2charge.com\/wp-content\/uploads\/2024\/07\/v2c-electric-chargers.jpg",1200,675,false],"thumbnail":["https:\/\/v2charge.com\/wp-content\/uploads\/2024\/07\/v2c-electric-chargers-150x150.jpg",150,150,true],"medium":["https:\/\/v2charge.com\/wp-content\/uploads\/2024\/07\/v2c-electric-chargers-300x169.jpg",300,169,true],"medium_large":["https:\/\/v2charge.com\/wp-content\/uploads\/2024\/07\/v2c-electric-chargers-768x432.jpg",768,432,true],"large":["https:\/\/v2charge.com\/wp-content\/uploads\/2024\/07\/v2c-electric-chargers-1024x576.jpg",1024,576,true],"gs-tiny":["https:\/\/v2charge.com\/wp-content\/uploads\/2024\/07\/v2c-electric-chargers.jpg",50,28,false],"xl":["https:\/\/v2charge.com\/wp-content\/uploads\/2024\/07\/v2c-electric-chargers.jpg",1200,675,false],"xxl":["https:\/\/v2charge.com\/wp-content\/uploads\/2024\/07\/v2c-electric-chargers.jpg",1200,675,false],"xxxl":["https:\/\/v2charge.com\/wp-content\/uploads\/2024\/07\/v2c-electric-chargers.jpg",1200,675,false],"xxxxl":["https:\/\/v2charge.com\/wp-content\/uploads\/2024\/07\/v2c-electric-chargers.jpg",1200,675,false],"xxxxxl":["https:\/\/v2charge.com\/wp-content\/uploads\/2024\/07\/v2c-electric-chargers.jpg",1200,675,false],"1536x1536":["https:\/\/v2charge.com\/wp-content\/uploads\/2024\/07\/v2c-electric-chargers.jpg",1200,675,false],"2048x2048":["https:\/\/v2charge.com\/wp-content\/uploads\/2024\/07\/v2c-electric-chargers.jpg",1200,675,false]},"uagb_author_info":{"display_name":"V2C","author_link":"https:\/\/v2charge.com\/tr\/author\/marketing\/"},"uagb_comment_info":0,"uagb_excerpt":"\u015earj cihaz\u0131n\u0131z\u0131 Google Home ile e\u015fle\u015ftirin Trydan \u015farj noktas\u0131, Google Home gibi ak\u0131ll\u0131 cihazlara ba\u011flanabilir. \u00d6nceki ad\u0131mlar \u015earj cihaz\u0131n\u0131z\u0131 Google Home cihaz\u0131n\u0131zla e\u015fle\u015ftirmeden \u00f6nce, mobil cihaz\u0131n\u0131zda Google Home uygulamas\u0131n\u0131n y\u00fckl\u00fc olmas\u0131 gerekir. Uygulamay\u0131 indirmek i\u00e7in App Store&#8217;a (iOS) veya Google Play&#8217;e (Android) gidin ve &#8216;Google Home&#8217; aramas\u0131 yap\u0131n. V2C Cloud hesab\u0131n\u0131z\u0131 Google Home ile ba\u011flay\u0131n&hellip;","_links":{"self":[{"href":"https:\/\/v2charge.com\/tr\/wp-json\/wp\/v2\/pages\/314194","targetHints":{"allow":["GET"]}}],"collection":[{"href":"https:\/\/v2charge.com\/tr\/wp-json\/wp\/v2\/pages"}],"about":[{"href":"https:\/\/v2charge.com\/tr\/wp-json\/wp\/v2\/types\/page"}],"author":[{"embeddable":true,"href":"https:\/\/v2charge.com\/tr\/wp-json\/wp\/v2\/users\/400"}],"replies":[{"embeddable":true,"href":"https:\/\/v2charge.com\/tr\/wp-json\/wp\/v2\/comments?post=314194"}],"version-history":[{"count":0,"href":"https:\/\/v2charge.com\/tr\/wp-json\/wp\/v2\/pages\/314194\/revisions"}],"wp:featuredmedia":[{"embeddable":true,"href":"https:\/\/v2charge.com\/tr\/wp-json\/wp\/v2\/media\/170354"}],"wp:attachment":[{"href":"https:\/\/v2charge.com\/tr\/wp-json\/wp\/v2\/media?parent=314194"}],"curies":[{"name":"wp","href":"https:\/\/api.w.org\/{rel}","templated":true}]}}