{"id":314199,"date":"2023-08-08T15:09:10","date_gmt":"2023-08-08T15:09:10","guid":{"rendered":""},"modified":"2025-01-16T17:30:24","modified_gmt":"2025-01-16T15:30:24","slug":"trydan-da-dinamik-guc-kontrolu-anahtarlama-hatalari","status":"publish","type":"page","link":"https:\/\/v2charge.com\/tr\/trydan-da-dinamik-guc-kontrolu-anahtarlama-hatalari\/","title":{"rendered":"Trydan&#8217;da Dinamik G\u00fc\u00e7 Kontrol\u00fc Anahtarlama Hatalar\u0131"},"content":{"rendered":"<p>Trydan \u015farj noktas\u0131nda Dinamik G\u00fc\u00e7 Kontrol\u00fc etkinle\u015ftirildi\u011finde ve bir hata olu\u015ftu\u011funda, \u015farj cihaz\u0131 ekran\u0131nda hataya kar\u015f\u0131l\u0131k gelen bir kod g\u00f6r\u00fcnt\u00fclenecektir (bu g\u00f6stergeler yaln\u0131zca 1.6.18. s\u00fcr\u00fcm\u00fcnden itibaren g\u00f6r\u00fcnmektedir).<\/p>\n\n<p>\u00d6NEML\u0130 NOT: bu hatalar i\u015fletim hatas\u0131 de\u011fildir, e\u011fer \u015farj noktas\u0131 sayaca do\u011fru bir \u015fekilde ba\u011flanmam\u0131\u015fsa, minimum g\u00fc\u00e7te \u015farj edecektir.<\/p>\n\n<p>\u0130lk say\u0131 iki basamakl\u0131 bir say\u0131d\u0131r ve kulland\u0131\u011f\u0131m\u0131z k\u00f6leyi belirtir. Do\u011fru olan\u0131 se\u00e7ip se\u00e7medi\u011fimizi g\u00f6rmek i\u00e7in faydal\u0131 olacakt\u0131r. Unutmay\u0131n ki k\u00f6le, ilk yap\u0131land\u0131rmada al\u0131n\u0131r ve ger\u00e7ekle\u015ftirece\u011fimiz i\u015flevler i\u00e7in kullanaca\u011f\u0131m\u0131z \u00f6l\u00e7\u00fcm cihaz\u0131d\u0131r.<\/p>\n\n\n<ul class=\"wp-block-list\"><li>00 &#8211; Shelly Meter<\/li>\n\n<li>01 &#8211; V2C Meter Slave 2.0<\/li>\n\n<li>02 &#8211; Saya\u00e7 Slave V2C 1.0<\/li>\n\n<li>03 &#8211; Huawei inverter ba\u011flant\u0131s\u0131<\/li>\n\n<li>04 &#8211; Solax inverter&#8217;e ba\u011flant\u0131<\/li>\n\n<li>05 &#8211; Kostal inverter&#8217;e ba\u011flant\u0131<\/li>\n\n<li>06 &#8211; Fronius inverter&#8217;e ba\u011flant\u0131<\/li>\n\n<li>07 &#8211; Ingeteam inverter&#8217;\u0131na ba\u011flant\u0131<\/li>\n\n<li>08 &#8211; Wibeee sayac\u0131na ba\u011flant\u0131<\/li>\n\n<li>09 &#8211; Victron \u00f6l\u00e7erine ba\u011flant\u0131<\/li>\n\n<li>10 &#8211; SolarEdge inverter&#8217;\u0131na ba\u011flant\u0131<\/li>\n\n<li>11 &#8211; MQTT protokol\u00fcn\u00fcn kullan\u0131m\u0131<\/li>\n\n<li>12 &#8211; Goodwe inverter ba\u011flant\u0131s\u0131<\/li>\n\n<li>13 &#8211; SAJ \/ GreenHeiss inverter&#8217;\u0131na ba\u011flant\u0131<\/li>\n\n<li>14 &#8211; Solis inverter ba\u011flant\u0131s\u0131<\/li>\n\n<li>15 &#8211; Chint \u00f6l\u00e7er DDSU666&#8217;ya ba\u011flant\u0131<\/li>\n\n<li>16 &#8211; Eastron saya\u00e7 ba\u011flant\u0131s\u0131<\/li>\n\n<li>17 &#8211; Phoneix Contact \u00f6l\u00e7\u00fcm cihaz\u0131na ba\u011flant\u0131<\/li>\n\n<li>18 &#8211; Carlo Gavazzi saya\u00e7 ba\u011flant\u0131s\u0131<\/li>\n\n<li>19 &#8211; SMA sayac\u0131na ba\u011flant\u0131<\/li>\n\n<li>20 &#8211; Deye \/ Turbo Energy inverter&#8217;\u0131na ba\u011flant\u0131<\/li>\n\n<li>21 &#8211; ENPHASE inverter&#8217;a ba\u011flant\u0131<\/li>\n\n<li>22 &#8211; Wifi \u00f6l\u00e7\u00fcm cihaz\u0131 P1 Meter&#8217;a ba\u011flant\u0131<\/li><\/ul>\n\n\n\n<p><\/p>\n\n\n<p><strong>E\u011eER BA\u011eLANTI HATASI YAZIYORSA, KABLO YANLI\u015e BA\u011eLANMI\u015e DEMEKT\u0130R. HERHANG\u0130 B\u0130R B\u0130LG\u0130 ALMIYORUZ.<\/strong><\/p>\n\n<p>Yukar\u0131da belirtilen numaradan sonra 3 tane daha rakam bulunmaktad\u0131r. Anlamlar\u0131 a\u015fa\u011f\u0131da a\u00e7\u0131klanm\u0131\u015ft\u0131r:<\/p>\n\n\n<ul class=\"wp-block-list\"><li>001 &#8211; Sadece UDP protokol\u00fc ile Goodwe ekipmanlar\u0131 i\u00e7in hata.<\/li>\n\n<li>002 &#8211; Sadece k\u00f6le 1 ve 2&#8217;de hata: \u00e7er\u00e7eveler bozulmu\u015f olarak geliyor. Muhtemelen k\u00f6le sayac\u0131nda bir ar\u0131za var. Sinyalde g\u00fcr\u00fclt\u00fc.<\/li>\n\n<li>004 &#8211; WiFi&#8217;ye yeniden ba\u011flanmaya \u00e7al\u0131\u015f\u0131yor ve k\u00f6le bu WiFi teknolojisini ba\u011flanmak i\u00e7in kullan\u0131yor.<\/li>\n\n<li>005 &#8211; RTU kablolu k\u00f6le yan\u0131t vermiyor.<\/li>\n\n<li>006 &#8211; HTTP iste\u011fi yap\u0131ld\u0131 ve ba\u011flant\u0131 ba\u015far\u0131s\u0131z oldu (Shelly, Solax, Kostal Piko, Enphase, P1 Meter, SAJ [Solar Data], Wibeee). Modbus TCP sunucusuna ba\u011flan\u0131lamad\u0131 (Huawei, Kostal Plenticore, Fronius, Ingeteam, SMA Sunny, SolarEdge, Victron).<\/li>\n\n<li>007 &#8211; Shelly otomatik arama herhangi bir cihaz bulamad\u0131 (Trydan \u015farj cihaz\u0131nda Shelly&#8217;nin sabit IP&#8217;sini belirtmek \u00f6nerilir).<\/li>\n\n<li>008 &#8211; WiFi \u00f6zellikli bir k\u00f6le se\u00e7ildi ve Trydan yap\u0131land\u0131r\u0131lan WiFi a\u011f\u0131na hi\u00e7 ba\u011flanmad\u0131.<\/li>\n\n<li>009 &#8211; Slave&#8217;a yap\u0131lan iste\u011fin zaman a\u015f\u0131m\u0131na u\u011frad\u0131\u011f\u0131 bildirildi.<\/li>\n\n<li>010 &#8211; Gereken bir kanalda ba\u011flant\u0131s\u0131 olmayan kelep\u00e7eden veri al\u0131nd\u0131 (Mono + PV kelep\u00e7e 1 veya 4, \u00dc\u00e7 fazl\u0131 kelep\u00e7e 1, 2 veya 3).<\/li><\/ul>\n\n\n\n<p><\/p>\n\n\n<p>Hata kodu 11&#8217;den b\u00fcy\u00fckse, bunlar MODBUS RTU veya TCP protokol\u00fcnde tan\u0131mlanan hatalard\u0131r. Sadece uzman personel i\u00e7in.<\/p>\n\n\n<ul class=\"wp-block-list\"><li>021 &#8211; YASADI\u015eI_FONKS\u0130YON&nbsp;<\/li>\n\n<li>022 &#8211; YASADI\u015eI_VER\u0130_ADRES\u0130&nbsp;&nbsp;<\/li>\n\n<li>023 &#8211; YASADI\u015eI_VER\u0130_DE\u011eER\u0130&nbsp;&nbsp;<\/li>\n\n<li>024 &#8211; SUNUCU_AYGIT_HATASI<\/li>\n\n<li>025 &#8211; KABUL ET&nbsp;<\/li>\n\n<li>026 &#8211; SUNUCU_AYGITI_ME\u015eGUL&nbsp;<\/li>\n\n<li>027 &#8211; NEGAT\u0130F_ONAYLA<\/li>\n\n<li>028 &#8211; BELLEK_PARITE_HATASI&nbsp;<\/li>\n\n<li>030 &#8211; GATEWAY_PATH_UNAVAIL&nbsp;<\/li>\n\n<li>031 &#8211; GATEWAY_TARGET_NO_RESP <\/li>\n\n<li>032 &#8211; SERVER_RTU_ETK\u0130S\u0130Z&nbsp;<\/li>\n\n<li>244 &#8211; ZAMAN A\u015eIMI<\/li>\n\n<li>245 &#8211; GE\u00c7ERS\u0130Z_SUNUCU<\/li>\n\n<li>246 &#8211; CRC_HATASI&nbsp;&nbsp;&nbsp;&nbsp;&nbsp;&nbsp;&nbsp;&nbsp;&nbsp;&nbsp;&nbsp;&nbsp;&nbsp; <\/li>\n\n<li>247 &#8211; FC_UYUMLULUK_HATASI<\/li>\n\n<li>248 &#8211; SERVER_ID_MISMATCH&nbsp;&nbsp;&nbsp;<\/li>\n\n<li>249 &#8211; PAKET_UZUNLUK_HATASI&nbsp;&nbsp;&nbsp;<\/li>\n\n<li>250 &#8211; PARAMETRE_SAYISI_HATASI&nbsp; <\/li>\n\n<li>251 &#8211; PARAMETRE_SINIR_HATASI&nbsp; <\/li>\n\n<li>252 &#8211; TALEP_KUYRU\u011eU_DOLU&nbsp;&nbsp;&nbsp;<\/li>\n\n<li>253&nbsp;&#8211; YASADI\u015eI_IP_VEYA_PORT&nbsp;&nbsp;&nbsp;&nbsp; <\/li>\n\n<li>254 &#8211; IP_BA\u011eLANTI_BA\u015eARISIZ&nbsp;&nbsp; <\/li>\n\n<li>255 &#8211; TCP_HEAD_MISMATCH&nbsp;&nbsp;&nbsp;&nbsp;&nbsp; <\/li>\n\n<li>256 &#8211; BO\u015e_MESAJ&nbsp;<\/li>\n\n<li>275 &#8211; TANIMSIZ_HATA&nbsp;&nbsp;&nbsp;&nbsp;&nbsp;&nbsp;&nbsp;  <\/li><\/ul>\n\n\n\n<p><\/p>\n","protected":false},"excerpt":{"rendered":"<p>Trydan \u015farj noktas\u0131nda Dinamik G\u00fc\u00e7 Kontrol\u00fc etkinle\u015ftirildi\u011finde ve bir hata olu\u015ftu\u011funda, \u015farj cihaz\u0131 ekran\u0131nda hataya kar\u015f\u0131l\u0131k gelen bir kod g\u00f6r\u00fcnt\u00fclenecektir (bu g\u00f6stergeler yaln\u0131zca 1.6.18. s\u00fcr\u00fcm\u00fcnden itibaren g\u00f6r\u00fcnmektedir). \u00d6NEML\u0130 NOT: bu hatalar i\u015fletim hatas\u0131 de\u011fildir, e\u011fer \u015farj noktas\u0131 sayaca do\u011fru bir \u015fekilde ba\u011flanmam\u0131\u015fsa, minimum g\u00fc\u00e7te \u015farj edecektir. \u0130lk say\u0131 iki basamakl\u0131 bir say\u0131d\u0131r ve kulland\u0131\u011f\u0131m\u0131z k\u00f6leyi &#8230; <a title=\"Trydan&#8217;da Dinamik G\u00fc\u00e7 Kontrol\u00fc Anahtarlama Hatalar\u0131\" class=\"read-more\" href=\"https:\/\/v2charge.com\/tr\/trydan-da-dinamik-guc-kontrolu-anahtarlama-hatalari\/\" aria-label=\"Read more about Trydan&#8217;da Dinamik G\u00fc\u00e7 Kontrol\u00fc Anahtarlama Hatalar\u0131\">Devam\u0131n\u0131 oku<\/a><\/p>\n","protected":false},"author":1,"featured_media":170346,"parent":0,"menu_order":0,"comment_status":"closed","ping_status":"closed","template":"","meta":{"_eb_attr":"","content-type":"","_uag_custom_page_level_css":"","footnotes":""},"class_list":["post-314199","page","type-page","status-publish","has-post-thumbnail"],"yoast_head":"<!-- This site is optimized with the Yoast SEO plugin v25.3.1 - https:\/\/yoast.com\/wordpress\/plugins\/seo\/ -->\n<title>Hatalar Trydan ile Dinamik G\u00fc\u00e7 Kontrol\u00fc | V2C<\/title>\n<meta name=\"description\" content=\"Farkl\u0131 olas\u0131 Trydan ba\u011flant\u0131 hatalar\u0131n\u0131 dinamik g\u00fc\u00e7 kontrol\u00fc ile belirleyin ve \u00e7\u00f6z\u00fcm\u00fc bulun.\" \/>\n<meta name=\"robots\" content=\"index, follow, max-snippet:-1, max-image-preview:large, max-video-preview:-1\" \/>\n<link rel=\"canonical\" href=\"https:\/\/v2charge.com\/tr\/trydan-da-dinamik-guc-kontrolu-anahtarlama-hatalari\/\" \/>\n<meta property=\"og:locale\" content=\"tr_TR\" \/>\n<meta property=\"og:type\" content=\"article\" \/>\n<meta property=\"og:title\" content=\"Hatalar Trydan ile Dinamik G\u00fc\u00e7 Kontrol\u00fc | V2C\" \/>\n<meta property=\"og:description\" content=\"Farkl\u0131 olas\u0131 Trydan ba\u011flant\u0131 hatalar\u0131n\u0131 dinamik g\u00fc\u00e7 kontrol\u00fc ile belirleyin ve \u00e7\u00f6z\u00fcm\u00fc bulun.\" \/>\n<meta property=\"og:url\" content=\"https:\/\/v2charge.com\/tr\/trydan-da-dinamik-guc-kontrolu-anahtarlama-hatalari\/\" \/>\n<meta property=\"og:site_name\" content=\"V2C\" \/>\n<meta property=\"article:publisher\" content=\"https:\/\/www.facebook.com\/V2C.Charge\" \/>\n<meta property=\"article:modified_time\" content=\"2025-01-16T15:30:24+00:00\" \/>\n<meta property=\"og:image\" content=\"https:\/\/v2charge.com\/wp-content\/uploads\/2024\/07\/v2c-electric-chargers.jpg\" \/>\n\t<meta property=\"og:image:width\" content=\"1200\" \/>\n\t<meta property=\"og:image:height\" content=\"675\" \/>\n\t<meta property=\"og:image:type\" content=\"image\/jpeg\" \/>\n<meta name=\"twitter:card\" content=\"summary_large_image\" \/>\n<meta name=\"twitter:site\" content=\"@V2C_Charge\" \/>\n<meta name=\"twitter:label1\" content=\"Tahmini okuma s\u00fcresi\" \/>\n\t<meta name=\"twitter:data1\" content=\"3 dakika\" \/>\n<script type=\"application\/ld+json\" class=\"yoast-schema-graph\">{\"@context\":\"https:\/\/schema.org\",\"@graph\":[{\"@type\":\"WebPage\",\"@id\":\"https:\/\/v2charge.com\/tr\/trydan-da-dinamik-guc-kontrolu-anahtarlama-hatalari\/\",\"url\":\"https:\/\/v2charge.com\/tr\/trydan-da-dinamik-guc-kontrolu-anahtarlama-hatalari\/\",\"name\":\"Hatalar Trydan ile Dinamik G\u00fc\u00e7 Kontrol\u00fc | V2C\",\"isPartOf\":{\"@id\":\"https:\/\/v2charge.com\/tr\/#website\"},\"primaryImageOfPage\":{\"@id\":\"https:\/\/v2charge.com\/tr\/trydan-da-dinamik-guc-kontrolu-anahtarlama-hatalari\/#primaryimage\"},\"image\":{\"@id\":\"https:\/\/v2charge.com\/tr\/trydan-da-dinamik-guc-kontrolu-anahtarlama-hatalari\/#primaryimage\"},\"thumbnailUrl\":\"https:\/\/v2charge.com\/wp-content\/uploads\/2024\/07\/v2c-electric-chargers.jpg\",\"datePublished\":\"2023-08-08T15:09:10+00:00\",\"dateModified\":\"2025-01-16T15:30:24+00:00\",\"description\":\"Farkl\u0131 olas\u0131 Trydan ba\u011flant\u0131 hatalar\u0131n\u0131 dinamik g\u00fc\u00e7 kontrol\u00fc ile belirleyin ve \u00e7\u00f6z\u00fcm\u00fc bulun.\",\"breadcrumb\":{\"@id\":\"https:\/\/v2charge.com\/tr\/trydan-da-dinamik-guc-kontrolu-anahtarlama-hatalari\/#breadcrumb\"},\"inLanguage\":\"tr\",\"potentialAction\":[{\"@type\":\"ReadAction\",\"target\":[\"https:\/\/v2charge.com\/tr\/trydan-da-dinamik-guc-kontrolu-anahtarlama-hatalari\/\"]}]},{\"@type\":\"ImageObject\",\"inLanguage\":\"tr\",\"@id\":\"https:\/\/v2charge.com\/tr\/trydan-da-dinamik-guc-kontrolu-anahtarlama-hatalari\/#primaryimage\",\"url\":\"https:\/\/v2charge.com\/wp-content\/uploads\/2024\/07\/v2c-electric-chargers.jpg\",\"contentUrl\":\"https:\/\/v2charge.com\/wp-content\/uploads\/2024\/07\/v2c-electric-chargers.jpg\",\"width\":1200,\"height\":675,\"caption\":\"V2C Electric Chargers\"},{\"@type\":\"BreadcrumbList\",\"@id\":\"https:\/\/v2charge.com\/tr\/trydan-da-dinamik-guc-kontrolu-anahtarlama-hatalari\/#breadcrumb\",\"itemListElement\":[{\"@type\":\"ListItem\",\"position\":1,\"name\":\"V2C\",\"item\":\"https:\/\/v2charge.com\/tr\/\"},{\"@type\":\"ListItem\",\"position\":2,\"name\":\"Trydan&#8217;da Dinamik G\u00fc\u00e7 Kontrol\u00fc Anahtarlama Hatalar\u0131\"}]},{\"@type\":\"WebSite\",\"@id\":\"https:\/\/v2charge.com\/tr\/#website\",\"url\":\"https:\/\/v2charge.com\/tr\/\",\"name\":\"V2C\",\"description\":\"#CargandoElMa\u00f1ana\",\"publisher\":{\"@id\":\"https:\/\/v2charge.com\/tr\/#organization\"},\"potentialAction\":[{\"@type\":\"SearchAction\",\"target\":{\"@type\":\"EntryPoint\",\"urlTemplate\":\"https:\/\/v2charge.com\/tr\/?s={search_term_string}\"},\"query-input\":{\"@type\":\"PropertyValueSpecification\",\"valueRequired\":true,\"valueName\":\"search_term_string\"}}],\"inLanguage\":\"tr\"},{\"@type\":\"Organization\",\"@id\":\"https:\/\/v2charge.com\/tr\/#organization\",\"name\":\"V2C\",\"url\":\"https:\/\/v2charge.com\/tr\/\",\"logo\":{\"@type\":\"ImageObject\",\"inLanguage\":\"tr\",\"@id\":\"https:\/\/v2charge.com\/tr\/#\/schema\/logo\/image\/\",\"url\":\"https:\/\/v2charge.com\/wp-content\/uploads\/2024\/11\/cropped-v2c-charge-logo-menu.png\",\"contentUrl\":\"https:\/\/v2charge.com\/wp-content\/uploads\/2024\/11\/cropped-v2c-charge-logo-menu.png\",\"width\":984,\"height\":431,\"caption\":\"V2C\"},\"image\":{\"@id\":\"https:\/\/v2charge.com\/tr\/#\/schema\/logo\/image\/\"},\"sameAs\":[\"https:\/\/www.facebook.com\/V2C.Charge\",\"https:\/\/x.com\/V2C_Charge\",\"https:\/\/www.instagram.com\/v2c.charge\/\",\"https:\/\/www.youtube.com\/@V2C\",\"https:\/\/www.linkedin.com\/company\/v2c-chargers\/\"]}]}<\/script>\n<!-- \/ Yoast SEO plugin. -->","yoast_head_json":{"title":"Hatalar Trydan ile Dinamik G\u00fc\u00e7 Kontrol\u00fc | V2C","description":"Farkl\u0131 olas\u0131 Trydan ba\u011flant\u0131 hatalar\u0131n\u0131 dinamik g\u00fc\u00e7 kontrol\u00fc ile belirleyin ve \u00e7\u00f6z\u00fcm\u00fc bulun.","robots":{"index":"index","follow":"follow","max-snippet":"max-snippet:-1","max-image-preview":"max-image-preview:large","max-video-preview":"max-video-preview:-1"},"canonical":"https:\/\/v2charge.com\/tr\/trydan-da-dinamik-guc-kontrolu-anahtarlama-hatalari\/","og_locale":"tr_TR","og_type":"article","og_title":"Hatalar Trydan ile Dinamik G\u00fc\u00e7 Kontrol\u00fc | V2C","og_description":"Farkl\u0131 olas\u0131 Trydan ba\u011flant\u0131 hatalar\u0131n\u0131 dinamik g\u00fc\u00e7 kontrol\u00fc ile belirleyin ve \u00e7\u00f6z\u00fcm\u00fc bulun.","og_url":"https:\/\/v2charge.com\/tr\/trydan-da-dinamik-guc-kontrolu-anahtarlama-hatalari\/","og_site_name":"V2C","article_publisher":"https:\/\/www.facebook.com\/V2C.Charge","article_modified_time":"2025-01-16T15:30:24+00:00","og_image":[{"width":1200,"height":675,"url":"https:\/\/v2charge.com\/wp-content\/uploads\/2024\/07\/v2c-electric-chargers.jpg","type":"image\/jpeg"}],"twitter_card":"summary_large_image","twitter_site":"@V2C_Charge","twitter_misc":{"Tahmini okuma s\u00fcresi":"3 dakika"},"schema":{"@context":"https:\/\/schema.org","@graph":[{"@type":"WebPage","@id":"https:\/\/v2charge.com\/tr\/trydan-da-dinamik-guc-kontrolu-anahtarlama-hatalari\/","url":"https:\/\/v2charge.com\/tr\/trydan-da-dinamik-guc-kontrolu-anahtarlama-hatalari\/","name":"Hatalar Trydan ile Dinamik G\u00fc\u00e7 Kontrol\u00fc | V2C","isPartOf":{"@id":"https:\/\/v2charge.com\/tr\/#website"},"primaryImageOfPage":{"@id":"https:\/\/v2charge.com\/tr\/trydan-da-dinamik-guc-kontrolu-anahtarlama-hatalari\/#primaryimage"},"image":{"@id":"https:\/\/v2charge.com\/tr\/trydan-da-dinamik-guc-kontrolu-anahtarlama-hatalari\/#primaryimage"},"thumbnailUrl":"https:\/\/v2charge.com\/wp-content\/uploads\/2024\/07\/v2c-electric-chargers.jpg","datePublished":"2023-08-08T15:09:10+00:00","dateModified":"2025-01-16T15:30:24+00:00","description":"Farkl\u0131 olas\u0131 Trydan ba\u011flant\u0131 hatalar\u0131n\u0131 dinamik g\u00fc\u00e7 kontrol\u00fc ile belirleyin ve \u00e7\u00f6z\u00fcm\u00fc bulun.","breadcrumb":{"@id":"https:\/\/v2charge.com\/tr\/trydan-da-dinamik-guc-kontrolu-anahtarlama-hatalari\/#breadcrumb"},"inLanguage":"tr","potentialAction":[{"@type":"ReadAction","target":["https:\/\/v2charge.com\/tr\/trydan-da-dinamik-guc-kontrolu-anahtarlama-hatalari\/"]}]},{"@type":"ImageObject","inLanguage":"tr","@id":"https:\/\/v2charge.com\/tr\/trydan-da-dinamik-guc-kontrolu-anahtarlama-hatalari\/#primaryimage","url":"https:\/\/v2charge.com\/wp-content\/uploads\/2024\/07\/v2c-electric-chargers.jpg","contentUrl":"https:\/\/v2charge.com\/wp-content\/uploads\/2024\/07\/v2c-electric-chargers.jpg","width":1200,"height":675,"caption":"V2C Electric Chargers"},{"@type":"BreadcrumbList","@id":"https:\/\/v2charge.com\/tr\/trydan-da-dinamik-guc-kontrolu-anahtarlama-hatalari\/#breadcrumb","itemListElement":[{"@type":"ListItem","position":1,"name":"V2C","item":"https:\/\/v2charge.com\/tr\/"},{"@type":"ListItem","position":2,"name":"Trydan&#8217;da Dinamik G\u00fc\u00e7 Kontrol\u00fc Anahtarlama Hatalar\u0131"}]},{"@type":"WebSite","@id":"https:\/\/v2charge.com\/tr\/#website","url":"https:\/\/v2charge.com\/tr\/","name":"V2C","description":"#CargandoElMa\u00f1ana","publisher":{"@id":"https:\/\/v2charge.com\/tr\/#organization"},"potentialAction":[{"@type":"SearchAction","target":{"@type":"EntryPoint","urlTemplate":"https:\/\/v2charge.com\/tr\/?s={search_term_string}"},"query-input":{"@type":"PropertyValueSpecification","valueRequired":true,"valueName":"search_term_string"}}],"inLanguage":"tr"},{"@type":"Organization","@id":"https:\/\/v2charge.com\/tr\/#organization","name":"V2C","url":"https:\/\/v2charge.com\/tr\/","logo":{"@type":"ImageObject","inLanguage":"tr","@id":"https:\/\/v2charge.com\/tr\/#\/schema\/logo\/image\/","url":"https:\/\/v2charge.com\/wp-content\/uploads\/2024\/11\/cropped-v2c-charge-logo-menu.png","contentUrl":"https:\/\/v2charge.com\/wp-content\/uploads\/2024\/11\/cropped-v2c-charge-logo-menu.png","width":984,"height":431,"caption":"V2C"},"image":{"@id":"https:\/\/v2charge.com\/tr\/#\/schema\/logo\/image\/"},"sameAs":["https:\/\/www.facebook.com\/V2C.Charge","https:\/\/x.com\/V2C_Charge","https:\/\/www.instagram.com\/v2c.charge\/","https:\/\/www.youtube.com\/@V2C","https:\/\/www.linkedin.com\/company\/v2c-chargers\/"]}]}},"uagb_featured_image_src":{"full":["https:\/\/v2charge.com\/wp-content\/uploads\/2024\/07\/v2c-electric-chargers.jpg",1200,675,false],"thumbnail":["https:\/\/v2charge.com\/wp-content\/uploads\/2024\/07\/v2c-electric-chargers-150x150.jpg",150,150,true],"medium":["https:\/\/v2charge.com\/wp-content\/uploads\/2024\/07\/v2c-electric-chargers-300x169.jpg",300,169,true],"medium_large":["https:\/\/v2charge.com\/wp-content\/uploads\/2024\/07\/v2c-electric-chargers-768x432.jpg",768,432,true],"large":["https:\/\/v2charge.com\/wp-content\/uploads\/2024\/07\/v2c-electric-chargers-1024x576.jpg",1024,576,true],"gs-tiny":["https:\/\/v2charge.com\/wp-content\/uploads\/2024\/07\/v2c-electric-chargers.jpg",50,28,false],"xl":["https:\/\/v2charge.com\/wp-content\/uploads\/2024\/07\/v2c-electric-chargers.jpg",1200,675,false],"xxl":["https:\/\/v2charge.com\/wp-content\/uploads\/2024\/07\/v2c-electric-chargers.jpg",1200,675,false],"xxxl":["https:\/\/v2charge.com\/wp-content\/uploads\/2024\/07\/v2c-electric-chargers.jpg",1200,675,false],"xxxxl":["https:\/\/v2charge.com\/wp-content\/uploads\/2024\/07\/v2c-electric-chargers.jpg",1200,675,false],"xxxxxl":["https:\/\/v2charge.com\/wp-content\/uploads\/2024\/07\/v2c-electric-chargers.jpg",1200,675,false],"1536x1536":["https:\/\/v2charge.com\/wp-content\/uploads\/2024\/07\/v2c-electric-chargers.jpg",1200,675,false],"2048x2048":["https:\/\/v2charge.com\/wp-content\/uploads\/2024\/07\/v2c-electric-chargers.jpg",1200,675,false]},"uagb_author_info":{"display_name":"V2C","author_link":"https:\/\/v2charge.com\/tr\/author\/root_k4eu7ki8\/"},"uagb_comment_info":0,"uagb_excerpt":"Trydan \u015farj noktas\u0131nda Dinamik G\u00fc\u00e7 Kontrol\u00fc etkinle\u015ftirildi\u011finde ve bir hata olu\u015ftu\u011funda, \u015farj cihaz\u0131 ekran\u0131nda hataya kar\u015f\u0131l\u0131k gelen bir kod g\u00f6r\u00fcnt\u00fclenecektir (bu g\u00f6stergeler yaln\u0131zca 1.6.18. s\u00fcr\u00fcm\u00fcnden itibaren g\u00f6r\u00fcnmektedir). \u00d6NEML\u0130 NOT: bu hatalar i\u015fletim hatas\u0131 de\u011fildir, e\u011fer \u015farj noktas\u0131 sayaca do\u011fru bir \u015fekilde ba\u011flanmam\u0131\u015fsa, minimum g\u00fc\u00e7te \u015farj edecektir. \u0130lk say\u0131 iki basamakl\u0131 bir say\u0131d\u0131r ve kulland\u0131\u011f\u0131m\u0131z k\u00f6leyi&hellip;","_links":{"self":[{"href":"https:\/\/v2charge.com\/tr\/wp-json\/wp\/v2\/pages\/314199","targetHints":{"allow":["GET"]}}],"collection":[{"href":"https:\/\/v2charge.com\/tr\/wp-json\/wp\/v2\/pages"}],"about":[{"href":"https:\/\/v2charge.com\/tr\/wp-json\/wp\/v2\/types\/page"}],"author":[{"embeddable":true,"href":"https:\/\/v2charge.com\/tr\/wp-json\/wp\/v2\/users\/1"}],"replies":[{"embeddable":true,"href":"https:\/\/v2charge.com\/tr\/wp-json\/wp\/v2\/comments?post=314199"}],"version-history":[{"count":0,"href":"https:\/\/v2charge.com\/tr\/wp-json\/wp\/v2\/pages\/314199\/revisions"}],"wp:featuredmedia":[{"embeddable":true,"href":"https:\/\/v2charge.com\/tr\/wp-json\/wp\/v2\/media\/170346"}],"wp:attachment":[{"href":"https:\/\/v2charge.com\/tr\/wp-json\/wp\/v2\/media?parent=314199"}],"curies":[{"name":"wp","href":"https:\/\/api.w.org\/{rel}","templated":true}]}}