{"id":314200,"date":"2023-09-11T19:00:06","date_gmt":"2023-09-11T17:00:06","guid":{"rendered":""},"modified":"2023-09-12T08:52:17","modified_gmt":"2023-09-12T06:52:17","slug":"trydan-sarj-noktasi-nin-fotovoltaik-i-zole-gunes-enerjisi-sistemleri-ile-calisma-prensibi","status":"publish","type":"page","link":"https:\/\/v2charge.com\/tr\/trydan-sarj-noktasi-nin-fotovoltaik-i-zole-gunes-enerjisi-sistemleri-ile-calisma-prensibi\/","title":{"rendered":"Trydan \u015earj Noktas\u0131&#8217;n\u0131n Fotovoltaik \u0130zole G\u00fcne\u015f Enerjisi Sistemleri ile \u00c7al\u0131\u015fma Prensibi"},"content":{"rendered":"<p>Trydan, bu gereksinimler kar\u015f\u0131land\u0131\u011f\u0131 s\u00fcrece, izole g\u00fcne\u015f enerjisi sistemleri ile \u00e7al\u0131\u015fabilir ve g\u00fcne\u015f enerjisi ile \u015farj edebilir.<\/p>\n\n\n<ul class=\"wp-block-list\"><li>Invert\u00f6rle do\u011frudan ba\u011flant\u0131 vard\u0131r ve batarya parametresi okunabilir. <a href=\"https:\/\/docs.google.com\/spreadsheets\/u\/2\/d\/e\/2PACX-1vRQhkUJ9xtuh6NpmFMmu5lc8WvXcZNdArvjyiktAr1JTnZIWsxxPTpYBczdAml2ojB2Kxv-Dc0LaNTp\/pubhtml?gid=817354572&amp;single=true\" target=\"_blank\" rel=\"noreferrer noopener nofollow\">Invert\u00f6rlerin listesini buradan g\u00f6rebilirsiniz.<\/a><\/li>\n\n<li>Bu sistem &#8220;s\u0131f\u0131r enjeksiyon&#8221; parametresi etkin oldu\u011funda da \u00e7al\u0131\u015facakt\u0131r.<\/li><\/ul>\n\n\n<p>\u00c7al\u0131\u015fmay\u0131 ayarlamak i\u00e7in, dinamik g\u00fc\u00e7 kontrol\u00fc b\u00f6l\u00fcmlerinde, bu modu ve zaman dilimini uygulamada se\u00e7meniz gerekir.<\/p>\n\n<div class=\"wp-block-image\">\n<figure class=\"aligncenter size-full is-resized\"><img decoding=\"async\" src=\"https:\/\/v2charge.com\/wp-content\/uploads\/2023\/09\/tramo-potencias.jpeg\" alt=\"\" class=\"wp-image-120082\" width=\"257\" height=\"583\"\/><\/figure>\n<\/div>\n\n<div class=\"wp-block-image\">\n<figure class=\"aligncenter size-full is-resized\"><img decoding=\"async\" src=\"https:\/\/v2charge.com\/wp-content\/uploads\/2023\/09\/modo-funcionamiento.jpeg\" alt=\"\" class=\"wp-image-120092\" width=\"257\" height=\"583\"\/><\/figure>\n<\/div>\n\n<p>Algoritma sistemi, bataryadan her zaman 260 Watt (1 amper) \u00e7ekerek \u00e7al\u0131\u015f\u0131r, b\u00f6ylece o anda mevcut olan g\u00fcne\u015f enerjisinin %100&#8217;\u00fc kullan\u0131l\u0131r. Daha fazla \u00e7ekim yapmak istenirse, ayarlardan se\u00e7ilebilir. Arac\u0131n \u00e7al\u0131\u015fmas\u0131 i\u00e7in bataryadan daha fazla enerji \u00e7ekmemiz gerekirse, \u015farj durdurulacakt\u0131r.<\/p>","protected":false},"excerpt":{"rendered":"<p>Trydan, bu gereksinimler kar\u015f\u0131land\u0131\u011f\u0131 s\u00fcrece, izole g\u00fcne\u015f enerjisi sistemleri ile \u00e7al\u0131\u015fabilir ve g\u00fcne\u015f enerjisi ile \u015farj edebilir. \u00c7al\u0131\u015fmay\u0131 ayarlamak i\u00e7in, dinamik g\u00fc\u00e7 kontrol\u00fc b\u00f6l\u00fcmlerinde, bu modu ve zaman dilimini uygulamada se\u00e7meniz gerekir. Algoritma sistemi, bataryadan her zaman 260 Watt (1 amper) \u00e7ekerek \u00e7al\u0131\u015f\u0131r, b\u00f6ylece o anda mevcut olan g\u00fcne\u015f enerjisinin %100&#8217;\u00fc kullan\u0131l\u0131r. Daha fazla \u00e7ekim &#8230; <a title=\"Trydan \u015earj Noktas\u0131&#8217;n\u0131n Fotovoltaik \u0130zole G\u00fcne\u015f Enerjisi Sistemleri ile \u00c7al\u0131\u015fma Prensibi\" class=\"read-more\" href=\"https:\/\/v2charge.com\/tr\/trydan-sarj-noktasi-nin-fotovoltaik-i-zole-gunes-enerjisi-sistemleri-ile-calisma-prensibi\/\" aria-label=\"Read more about Trydan \u015earj Noktas\u0131&#8217;n\u0131n Fotovoltaik \u0130zole G\u00fcne\u015f Enerjisi Sistemleri ile \u00c7al\u0131\u015fma Prensibi\">Devam\u0131n\u0131 oku<\/a><\/p>\n","protected":false},"author":1,"featured_media":170354,"parent":0,"menu_order":0,"comment_status":"closed","ping_status":"closed","template":"","meta":{"_eb_attr":"","content-type":"","_uag_custom_page_level_css":"","footnotes":""},"class_list":["post-314200","page","type-page","status-publish","has-post-thumbnail"],"yoast_head":"<!-- This site is optimized with the Yoast SEO plugin v25.3.1 - https:\/\/yoast.com\/wordpress\/plugins\/seo\/ -->\n<title>Trydan \u015earj Noktas\u0131&#039;n\u0131n Fotovoltaik \u0130zole G\u00fcne\u015f Enerjisi Sistemleri ile \u00c7al\u0131\u015fma Prensibi - V2C<\/title>\n<meta name=\"robots\" content=\"index, follow, max-snippet:-1, max-image-preview:large, max-video-preview:-1\" \/>\n<link rel=\"canonical\" href=\"https:\/\/v2charge.com\/tr\/trydan-sarj-noktasi-nin-fotovoltaik-i-zole-gunes-enerjisi-sistemleri-ile-calisma-prensibi\/\" \/>\n<meta property=\"og:locale\" content=\"tr_TR\" \/>\n<meta property=\"og:type\" content=\"article\" \/>\n<meta property=\"og:title\" content=\"Trydan \u015earj Noktas\u0131&#039;n\u0131n Fotovoltaik \u0130zole G\u00fcne\u015f Enerjisi Sistemleri ile \u00c7al\u0131\u015fma Prensibi - V2C\" \/>\n<meta property=\"og:description\" content=\"Trydan, bu gereksinimler kar\u015f\u0131land\u0131\u011f\u0131 s\u00fcrece, izole g\u00fcne\u015f enerjisi sistemleri ile \u00e7al\u0131\u015fabilir ve g\u00fcne\u015f enerjisi ile \u015farj edebilir. \u00c7al\u0131\u015fmay\u0131 ayarlamak i\u00e7in, dinamik g\u00fc\u00e7 kontrol\u00fc b\u00f6l\u00fcmlerinde, bu modu ve zaman dilimini uygulamada se\u00e7meniz gerekir. Algoritma sistemi, bataryadan her zaman 260 Watt (1 amper) \u00e7ekerek \u00e7al\u0131\u015f\u0131r, b\u00f6ylece o anda mevcut olan g\u00fcne\u015f enerjisinin %100&#8217;\u00fc kullan\u0131l\u0131r. Daha fazla \u00e7ekim ... Devam\u0131n\u0131 oku\" \/>\n<meta property=\"og:url\" content=\"https:\/\/v2charge.com\/tr\/trydan-sarj-noktasi-nin-fotovoltaik-i-zole-gunes-enerjisi-sistemleri-ile-calisma-prensibi\/\" \/>\n<meta property=\"og:site_name\" content=\"V2C\" \/>\n<meta property=\"article:publisher\" content=\"https:\/\/www.facebook.com\/V2C.Charge\" \/>\n<meta property=\"article:modified_time\" content=\"2023-09-12T06:52:17+00:00\" \/>\n<meta property=\"og:image\" content=\"https:\/\/v2charge.com\/wp-content\/uploads\/2024\/07\/v2c-electric-chargers.jpg\" \/>\n\t<meta property=\"og:image:width\" content=\"1200\" \/>\n\t<meta property=\"og:image:height\" content=\"675\" \/>\n\t<meta property=\"og:image:type\" content=\"image\/jpeg\" \/>\n<meta name=\"twitter:card\" content=\"summary_large_image\" \/>\n<meta name=\"twitter:site\" content=\"@V2C_Charge\" \/>\n<meta name=\"twitter:label1\" content=\"Tahmini okuma s\u00fcresi\" \/>\n\t<meta name=\"twitter:data1\" content=\"2 dakika\" \/>\n<script type=\"application\/ld+json\" class=\"yoast-schema-graph\">{\"@context\":\"https:\/\/schema.org\",\"@graph\":[{\"@type\":\"WebPage\",\"@id\":\"https:\/\/v2charge.com\/tr\/trydan-sarj-noktasi-nin-fotovoltaik-i-zole-gunes-enerjisi-sistemleri-ile-calisma-prensibi\/\",\"url\":\"https:\/\/v2charge.com\/tr\/trydan-sarj-noktasi-nin-fotovoltaik-i-zole-gunes-enerjisi-sistemleri-ile-calisma-prensibi\/\",\"name\":\"Trydan \u015earj Noktas\u0131'n\u0131n Fotovoltaik \u0130zole G\u00fcne\u015f Enerjisi Sistemleri ile \u00c7al\u0131\u015fma Prensibi - V2C\",\"isPartOf\":{\"@id\":\"https:\/\/v2charge.com\/tr\/#website\"},\"primaryImageOfPage\":{\"@id\":\"https:\/\/v2charge.com\/tr\/trydan-sarj-noktasi-nin-fotovoltaik-i-zole-gunes-enerjisi-sistemleri-ile-calisma-prensibi\/#primaryimage\"},\"image\":{\"@id\":\"https:\/\/v2charge.com\/tr\/trydan-sarj-noktasi-nin-fotovoltaik-i-zole-gunes-enerjisi-sistemleri-ile-calisma-prensibi\/#primaryimage\"},\"thumbnailUrl\":\"https:\/\/v2charge.com\/wp-content\/uploads\/2024\/07\/v2c-electric-chargers.jpg\",\"datePublished\":\"2023-09-11T17:00:06+00:00\",\"dateModified\":\"2023-09-12T06:52:17+00:00\",\"breadcrumb\":{\"@id\":\"https:\/\/v2charge.com\/tr\/trydan-sarj-noktasi-nin-fotovoltaik-i-zole-gunes-enerjisi-sistemleri-ile-calisma-prensibi\/#breadcrumb\"},\"inLanguage\":\"tr\",\"potentialAction\":[{\"@type\":\"ReadAction\",\"target\":[\"https:\/\/v2charge.com\/tr\/trydan-sarj-noktasi-nin-fotovoltaik-i-zole-gunes-enerjisi-sistemleri-ile-calisma-prensibi\/\"]}]},{\"@type\":\"ImageObject\",\"inLanguage\":\"tr\",\"@id\":\"https:\/\/v2charge.com\/tr\/trydan-sarj-noktasi-nin-fotovoltaik-i-zole-gunes-enerjisi-sistemleri-ile-calisma-prensibi\/#primaryimage\",\"url\":\"https:\/\/v2charge.com\/wp-content\/uploads\/2024\/07\/v2c-electric-chargers.jpg\",\"contentUrl\":\"https:\/\/v2charge.com\/wp-content\/uploads\/2024\/07\/v2c-electric-chargers.jpg\",\"width\":1200,\"height\":675,\"caption\":\"V2C Electric Chargers\"},{\"@type\":\"BreadcrumbList\",\"@id\":\"https:\/\/v2charge.com\/tr\/trydan-sarj-noktasi-nin-fotovoltaik-i-zole-gunes-enerjisi-sistemleri-ile-calisma-prensibi\/#breadcrumb\",\"itemListElement\":[{\"@type\":\"ListItem\",\"position\":1,\"name\":\"V2C\",\"item\":\"https:\/\/v2charge.com\/tr\/\"},{\"@type\":\"ListItem\",\"position\":2,\"name\":\"Trydan \u015earj Noktas\u0131&#8217;n\u0131n Fotovoltaik \u0130zole G\u00fcne\u015f Enerjisi Sistemleri ile \u00c7al\u0131\u015fma Prensibi\"}]},{\"@type\":\"WebSite\",\"@id\":\"https:\/\/v2charge.com\/tr\/#website\",\"url\":\"https:\/\/v2charge.com\/tr\/\",\"name\":\"V2C\",\"description\":\"#CargandoElMa\u00f1ana\",\"publisher\":{\"@id\":\"https:\/\/v2charge.com\/tr\/#organization\"},\"potentialAction\":[{\"@type\":\"SearchAction\",\"target\":{\"@type\":\"EntryPoint\",\"urlTemplate\":\"https:\/\/v2charge.com\/tr\/?s={search_term_string}\"},\"query-input\":{\"@type\":\"PropertyValueSpecification\",\"valueRequired\":true,\"valueName\":\"search_term_string\"}}],\"inLanguage\":\"tr\"},{\"@type\":\"Organization\",\"@id\":\"https:\/\/v2charge.com\/tr\/#organization\",\"name\":\"V2C\",\"url\":\"https:\/\/v2charge.com\/tr\/\",\"logo\":{\"@type\":\"ImageObject\",\"inLanguage\":\"tr\",\"@id\":\"https:\/\/v2charge.com\/tr\/#\/schema\/logo\/image\/\",\"url\":\"https:\/\/v2charge.com\/wp-content\/uploads\/2024\/11\/cropped-v2c-charge-logo-menu.png\",\"contentUrl\":\"https:\/\/v2charge.com\/wp-content\/uploads\/2024\/11\/cropped-v2c-charge-logo-menu.png\",\"width\":984,\"height\":431,\"caption\":\"V2C\"},\"image\":{\"@id\":\"https:\/\/v2charge.com\/tr\/#\/schema\/logo\/image\/\"},\"sameAs\":[\"https:\/\/www.facebook.com\/V2C.Charge\",\"https:\/\/x.com\/V2C_Charge\",\"https:\/\/www.instagram.com\/v2c.charge\/\",\"https:\/\/www.youtube.com\/@V2C\",\"https:\/\/www.linkedin.com\/company\/v2c-chargers\/\"]}]}<\/script>\n<!-- \/ Yoast SEO plugin. -->","yoast_head_json":{"title":"Trydan \u015earj Noktas\u0131'n\u0131n Fotovoltaik \u0130zole G\u00fcne\u015f Enerjisi Sistemleri ile \u00c7al\u0131\u015fma Prensibi - V2C","robots":{"index":"index","follow":"follow","max-snippet":"max-snippet:-1","max-image-preview":"max-image-preview:large","max-video-preview":"max-video-preview:-1"},"canonical":"https:\/\/v2charge.com\/tr\/trydan-sarj-noktasi-nin-fotovoltaik-i-zole-gunes-enerjisi-sistemleri-ile-calisma-prensibi\/","og_locale":"tr_TR","og_type":"article","og_title":"Trydan \u015earj Noktas\u0131'n\u0131n Fotovoltaik \u0130zole G\u00fcne\u015f Enerjisi Sistemleri ile \u00c7al\u0131\u015fma Prensibi - V2C","og_description":"Trydan, bu gereksinimler kar\u015f\u0131land\u0131\u011f\u0131 s\u00fcrece, izole g\u00fcne\u015f enerjisi sistemleri ile \u00e7al\u0131\u015fabilir ve g\u00fcne\u015f enerjisi ile \u015farj edebilir. \u00c7al\u0131\u015fmay\u0131 ayarlamak i\u00e7in, dinamik g\u00fc\u00e7 kontrol\u00fc b\u00f6l\u00fcmlerinde, bu modu ve zaman dilimini uygulamada se\u00e7meniz gerekir. Algoritma sistemi, bataryadan her zaman 260 Watt (1 amper) \u00e7ekerek \u00e7al\u0131\u015f\u0131r, b\u00f6ylece o anda mevcut olan g\u00fcne\u015f enerjisinin %100&#8217;\u00fc kullan\u0131l\u0131r. Daha fazla \u00e7ekim ... Devam\u0131n\u0131 oku","og_url":"https:\/\/v2charge.com\/tr\/trydan-sarj-noktasi-nin-fotovoltaik-i-zole-gunes-enerjisi-sistemleri-ile-calisma-prensibi\/","og_site_name":"V2C","article_publisher":"https:\/\/www.facebook.com\/V2C.Charge","article_modified_time":"2023-09-12T06:52:17+00:00","og_image":[{"width":1200,"height":675,"url":"https:\/\/v2charge.com\/wp-content\/uploads\/2024\/07\/v2c-electric-chargers.jpg","type":"image\/jpeg"}],"twitter_card":"summary_large_image","twitter_site":"@V2C_Charge","twitter_misc":{"Tahmini okuma s\u00fcresi":"2 dakika"},"schema":{"@context":"https:\/\/schema.org","@graph":[{"@type":"WebPage","@id":"https:\/\/v2charge.com\/tr\/trydan-sarj-noktasi-nin-fotovoltaik-i-zole-gunes-enerjisi-sistemleri-ile-calisma-prensibi\/","url":"https:\/\/v2charge.com\/tr\/trydan-sarj-noktasi-nin-fotovoltaik-i-zole-gunes-enerjisi-sistemleri-ile-calisma-prensibi\/","name":"Trydan \u015earj Noktas\u0131'n\u0131n Fotovoltaik \u0130zole G\u00fcne\u015f Enerjisi Sistemleri ile \u00c7al\u0131\u015fma Prensibi - V2C","isPartOf":{"@id":"https:\/\/v2charge.com\/tr\/#website"},"primaryImageOfPage":{"@id":"https:\/\/v2charge.com\/tr\/trydan-sarj-noktasi-nin-fotovoltaik-i-zole-gunes-enerjisi-sistemleri-ile-calisma-prensibi\/#primaryimage"},"image":{"@id":"https:\/\/v2charge.com\/tr\/trydan-sarj-noktasi-nin-fotovoltaik-i-zole-gunes-enerjisi-sistemleri-ile-calisma-prensibi\/#primaryimage"},"thumbnailUrl":"https:\/\/v2charge.com\/wp-content\/uploads\/2024\/07\/v2c-electric-chargers.jpg","datePublished":"2023-09-11T17:00:06+00:00","dateModified":"2023-09-12T06:52:17+00:00","breadcrumb":{"@id":"https:\/\/v2charge.com\/tr\/trydan-sarj-noktasi-nin-fotovoltaik-i-zole-gunes-enerjisi-sistemleri-ile-calisma-prensibi\/#breadcrumb"},"inLanguage":"tr","potentialAction":[{"@type":"ReadAction","target":["https:\/\/v2charge.com\/tr\/trydan-sarj-noktasi-nin-fotovoltaik-i-zole-gunes-enerjisi-sistemleri-ile-calisma-prensibi\/"]}]},{"@type":"ImageObject","inLanguage":"tr","@id":"https:\/\/v2charge.com\/tr\/trydan-sarj-noktasi-nin-fotovoltaik-i-zole-gunes-enerjisi-sistemleri-ile-calisma-prensibi\/#primaryimage","url":"https:\/\/v2charge.com\/wp-content\/uploads\/2024\/07\/v2c-electric-chargers.jpg","contentUrl":"https:\/\/v2charge.com\/wp-content\/uploads\/2024\/07\/v2c-electric-chargers.jpg","width":1200,"height":675,"caption":"V2C Electric Chargers"},{"@type":"BreadcrumbList","@id":"https:\/\/v2charge.com\/tr\/trydan-sarj-noktasi-nin-fotovoltaik-i-zole-gunes-enerjisi-sistemleri-ile-calisma-prensibi\/#breadcrumb","itemListElement":[{"@type":"ListItem","position":1,"name":"V2C","item":"https:\/\/v2charge.com\/tr\/"},{"@type":"ListItem","position":2,"name":"Trydan \u015earj Noktas\u0131&#8217;n\u0131n Fotovoltaik \u0130zole G\u00fcne\u015f Enerjisi Sistemleri ile \u00c7al\u0131\u015fma Prensibi"}]},{"@type":"WebSite","@id":"https:\/\/v2charge.com\/tr\/#website","url":"https:\/\/v2charge.com\/tr\/","name":"V2C","description":"#CargandoElMa\u00f1ana","publisher":{"@id":"https:\/\/v2charge.com\/tr\/#organization"},"potentialAction":[{"@type":"SearchAction","target":{"@type":"EntryPoint","urlTemplate":"https:\/\/v2charge.com\/tr\/?s={search_term_string}"},"query-input":{"@type":"PropertyValueSpecification","valueRequired":true,"valueName":"search_term_string"}}],"inLanguage":"tr"},{"@type":"Organization","@id":"https:\/\/v2charge.com\/tr\/#organization","name":"V2C","url":"https:\/\/v2charge.com\/tr\/","logo":{"@type":"ImageObject","inLanguage":"tr","@id":"https:\/\/v2charge.com\/tr\/#\/schema\/logo\/image\/","url":"https:\/\/v2charge.com\/wp-content\/uploads\/2024\/11\/cropped-v2c-charge-logo-menu.png","contentUrl":"https:\/\/v2charge.com\/wp-content\/uploads\/2024\/11\/cropped-v2c-charge-logo-menu.png","width":984,"height":431,"caption":"V2C"},"image":{"@id":"https:\/\/v2charge.com\/tr\/#\/schema\/logo\/image\/"},"sameAs":["https:\/\/www.facebook.com\/V2C.Charge","https:\/\/x.com\/V2C_Charge","https:\/\/www.instagram.com\/v2c.charge\/","https:\/\/www.youtube.com\/@V2C","https:\/\/www.linkedin.com\/company\/v2c-chargers\/"]}]}},"uagb_featured_image_src":{"full":["https:\/\/v2charge.com\/wp-content\/uploads\/2024\/07\/v2c-electric-chargers.jpg",1200,675,false],"thumbnail":["https:\/\/v2charge.com\/wp-content\/uploads\/2024\/07\/v2c-electric-chargers-150x150.jpg",150,150,true],"medium":["https:\/\/v2charge.com\/wp-content\/uploads\/2024\/07\/v2c-electric-chargers-300x169.jpg",300,169,true],"medium_large":["https:\/\/v2charge.com\/wp-content\/uploads\/2024\/07\/v2c-electric-chargers-768x432.jpg",768,432,true],"large":["https:\/\/v2charge.com\/wp-content\/uploads\/2024\/07\/v2c-electric-chargers-1024x576.jpg",1024,576,true],"gs-tiny":["https:\/\/v2charge.com\/wp-content\/uploads\/2024\/07\/v2c-electric-chargers.jpg",50,28,false],"xl":["https:\/\/v2charge.com\/wp-content\/uploads\/2024\/07\/v2c-electric-chargers.jpg",1200,675,false],"xxl":["https:\/\/v2charge.com\/wp-content\/uploads\/2024\/07\/v2c-electric-chargers.jpg",1200,675,false],"xxxl":["https:\/\/v2charge.com\/wp-content\/uploads\/2024\/07\/v2c-electric-chargers.jpg",1200,675,false],"xxxxl":["https:\/\/v2charge.com\/wp-content\/uploads\/2024\/07\/v2c-electric-chargers.jpg",1200,675,false],"xxxxxl":["https:\/\/v2charge.com\/wp-content\/uploads\/2024\/07\/v2c-electric-chargers.jpg",1200,675,false],"1536x1536":["https:\/\/v2charge.com\/wp-content\/uploads\/2024\/07\/v2c-electric-chargers.jpg",1200,675,false],"2048x2048":["https:\/\/v2charge.com\/wp-content\/uploads\/2024\/07\/v2c-electric-chargers.jpg",1200,675,false]},"uagb_author_info":{"display_name":"V2C","author_link":"https:\/\/v2charge.com\/tr\/author\/root_k4eu7ki8\/"},"uagb_comment_info":0,"uagb_excerpt":"Trydan, bu gereksinimler kar\u015f\u0131land\u0131\u011f\u0131 s\u00fcrece, izole g\u00fcne\u015f enerjisi sistemleri ile \u00e7al\u0131\u015fabilir ve g\u00fcne\u015f enerjisi ile \u015farj edebilir. \u00c7al\u0131\u015fmay\u0131 ayarlamak i\u00e7in, dinamik g\u00fc\u00e7 kontrol\u00fc b\u00f6l\u00fcmlerinde, bu modu ve zaman dilimini uygulamada se\u00e7meniz gerekir. Algoritma sistemi, bataryadan her zaman 260 Watt (1 amper) \u00e7ekerek \u00e7al\u0131\u015f\u0131r, b\u00f6ylece o anda mevcut olan g\u00fcne\u015f enerjisinin %100&#8217;\u00fc kullan\u0131l\u0131r. Daha fazla \u00e7ekim&hellip;","_links":{"self":[{"href":"https:\/\/v2charge.com\/tr\/wp-json\/wp\/v2\/pages\/314200","targetHints":{"allow":["GET"]}}],"collection":[{"href":"https:\/\/v2charge.com\/tr\/wp-json\/wp\/v2\/pages"}],"about":[{"href":"https:\/\/v2charge.com\/tr\/wp-json\/wp\/v2\/types\/page"}],"author":[{"embeddable":true,"href":"https:\/\/v2charge.com\/tr\/wp-json\/wp\/v2\/users\/1"}],"replies":[{"embeddable":true,"href":"https:\/\/v2charge.com\/tr\/wp-json\/wp\/v2\/comments?post=314200"}],"version-history":[{"count":0,"href":"https:\/\/v2charge.com\/tr\/wp-json\/wp\/v2\/pages\/314200\/revisions"}],"wp:featuredmedia":[{"embeddable":true,"href":"https:\/\/v2charge.com\/tr\/wp-json\/wp\/v2\/media\/170354"}],"wp:attachment":[{"href":"https:\/\/v2charge.com\/tr\/wp-json\/wp\/v2\/media?parent=314200"}],"curies":[{"name":"wp","href":"https:\/\/api.w.org\/{rel}","templated":true}]}}