{"id":314201,"date":"2023-10-27T16:08:56","date_gmt":"2023-10-27T14:08:56","guid":{"rendered":""},"modified":"2026-04-17T18:49:18","modified_gmt":"2026-04-17T18:49:18","slug":"v2c-ortaklik-programi","status":"publish","type":"page","link":"https:\/\/v2charge.com\/tr\/v2c-ortaklik-programi\/","title":{"rendered":"V2C Ortakl\u0131k Program\u0131"},"content":{"rendered":"\n<div class=\"wp-block-uagb-container uagb-block-7ad7e24c alignfull uagb-is-root-container\"><div class=\"uagb-container-inner-blocks-wrap\">\n<div class=\"wp-block-uagb-container uagb-block-6bcf0ffd\"><h1 class=\"wp-block-heading has-contrast-color has-text-color\" style=\"font-size:44px\">V2C ile menzilini paraya \u00e7evir<\/h1>\n\n<p class=\"has-accent-color has-text-color\"><br>Affiliate program\u0131m\u0131za kat\u0131l ve toplulu\u011fun \u00fczerinden yap\u0131lan her al\u0131\u015fveri\u015f i\u00e7in komisyon kazan.<\/p>\n\n\n<div class=\"wp-block-uagb-buttons uagb-buttons__outer-wrap uagb-btn__default-btn uagb-btn-tablet__default-btn uagb-btn-mobile__default-btn uagb-block-2bc1e151\"><div class=\"uagb-buttons__wrap uagb-buttons-layout-wrap \"><div class=\"wp-block-uagb-buttons-child uagb-buttons__outer-wrap uagb-block-6a8d54f3 wp-block-button\"><div class=\"uagb-button__wrapper\"><a class=\"uagb-buttons-repeater wp-block-button__link\" aria-label=\"\" href=\"#formulaire\" rel=\"follow noopener\" target=\"_self\" role=\"button\"><div class=\"uagb-button__link\">\u015e\u0130MD\u0130 KATIL<\/div><\/a><\/div><\/div><\/div><\/div>\n<\/div>\n\n\n\n<div class=\"wp-block-uagb-container uagb-block-2b376e34\"><div class=\"wp-block-image\">\n<figure class=\"aligncenter size-full\"><img decoding=\"async\" width=\"400\" height=\"450\" src=\"https:\/\/v2charge.com\/wp-content\/uploads\/2023\/10\/affiliate-program.jpg\" alt=\"V2C Affiliate Program\" class=\"wp-image-122934\" srcset=\"https:\/\/v2charge.com\/wp-content\/uploads\/2023\/10\/affiliate-program.jpg 400w, https:\/\/v2charge.com\/wp-content\/uploads\/2023\/10\/affiliate-program-267x300.jpg 267w\" sizes=\"(max-width: 400px) 100vw, 400px\" \/><\/figure>\n<\/div><\/div>\n<\/div><\/div>\n\n\n\n<div class=\"wp-block-uagb-container uagb-block-74ecb573 alignfull uagb-is-root-container\"><div class=\"uagb-container-inner-blocks-wrap\"><div class=\"wp-block-uagb-advanced-heading uagb-block-f70dd623\"><h2 class=\"uagb-heading-text\"><strong>Neden V2C&#8217;nin orta\u011f\u0131 olmal\u0131s\u0131n\u0131z?<\/strong><\/h2><\/div><\/div><\/div>\n\n\n\n<div class=\"wp-block-uagb-container uagb-block-274cdd6a alignfull uagb-is-root-container\"><div class=\"uagb-container-inner-blocks-wrap\">\n<div class=\"wp-block-uagb-container uagb-block-f8fc696b\">\n<figure class=\"wp-block-image size-full\"><img decoding=\"async\" width=\"64\" height=\"64\" src=\"https:\/\/v2charge.com\/wp-content\/uploads\/2023\/11\/icon-star.png\" alt=\"\" class=\"wp-image-123256\"\/><\/figure>\n\n\n<div class=\"wp-block-uagb-advanced-heading uagb-block-58e4f1f4\"><h3 class=\"uagb-heading-text\">\u0130maj\u0131n\u0131 g\u00fc\u00e7lendir<\/h3><\/div>\n\n<p>\u0130\u00e7eri\u011fini \u00f6nde gelen bir E-Mobility markas\u0131 ve g\u00fc\u00e7l\u00fc bir toplulukla birle\u015ftir.<\/p><\/div>\n\n\n\n<div class=\"wp-block-uagb-container uagb-block-d868fe71\">\n<figure class=\"wp-block-image size-full\"><img decoding=\"async\" width=\"64\" height=\"64\" src=\"https:\/\/v2charge.com\/wp-content\/uploads\/2023\/11\/icon-commissions.png\" alt=\"\" class=\"wp-image-123265\"\/><\/figure>\n\n\n<div class=\"wp-block-uagb-advanced-heading uagb-block-8348d1ec\"><h3 class=\"uagb-heading-text\">Y\u00fcksek Komisyonlar<\/h3><\/div>\n\n<p>Takip\u00e7ilerinin yapt\u0131\u011f\u0131 her sat\u0131\u015fta <strong>%20 komisyon<\/strong> kazan.<\/p><\/div>\n\n\n\n<div class=\"wp-block-uagb-container uagb-block-1f594078\">\n<figure class=\"wp-block-image size-full\"><img decoding=\"async\" width=\"64\" height=\"64\" src=\"https:\/\/v2charge.com\/wp-content\/uploads\/2023\/11\/icon-discount.png\" alt=\"\" class=\"wp-image-123274\"\/><\/figure>\n\n\n<div class=\"wp-block-uagb-advanced-heading uagb-block-8e6d6b25\"><h3 class=\"uagb-heading-text\">Takip\u00e7ilerin i\u00e7in avantajlar<\/h3><\/div>\n\n<p>Toplulu\u011funuz <strong>%10 indirim<\/strong> kazan\u0131yor, kodunuzu \u00f6deme s\u0131ras\u0131nda kullan\u0131n.<\/p><\/div>\n<\/div><\/div>\n\n\n\n<div class=\"wp-block-uagb-container uagb-block-3af6971f alignfull uagb-is-root-container\"><div class=\"uagb-container-inner-blocks-wrap\">\n<div class=\"wp-block-uagb-container uagb-block-771e699f\"><div class=\"wp-block-image is-style-default\">\n<figure class=\"aligncenter size-full\"><img decoding=\"async\" width=\"370\" height=\"341\" src=\"https:\/\/v2charge.com\/wp-content\/uploads\/2023\/11\/affiliate-v2c.jpg\" alt=\"\" class=\"wp-image-123183\" srcset=\"https:\/\/v2charge.com\/wp-content\/uploads\/2023\/11\/affiliate-v2c.jpg 370w, https:\/\/v2charge.com\/wp-content\/uploads\/2023\/11\/affiliate-v2c-300x276.jpg 300w\" sizes=\"(max-width: 370px) 100vw, 370px\" \/><\/figure>\n<\/div><\/div>\n\n\n\n<div class=\"wp-block-uagb-container uagb-block-11d66d0f\"><div class=\"wp-block-uagb-advanced-heading uagb-block-1adaeeb4\"><h2 class=\"uagb-heading-text\"><strong>Kim ortak olabilir?<\/strong><\/h2><\/div>\n\n<p>E-Mobilite, teknoloji, ya\u015fam tarz\u0131 ve yenilenebilir enerjiye odaklanan i\u00e7erik \u00fcreticisi, medya temsilcisi veya blog yazar\u0131.<\/p><\/div>\n<\/div><\/div>\n\n\n\n<div class=\"wp-block-uagb-container uagb-block-8117c144 alignfull uagb-is-root-container\"><div class=\"uagb-container-inner-blocks-wrap\"><div class=\"wp-block-uagb-advanced-heading uagb-block-cce71d3f\"><h2 class=\"uagb-heading-text\"><strong>Program nas\u0131l \u00e7al\u0131\u015f\u0131r?<\/strong><\/h2><\/div><\/div><\/div>\n\n\n\n<div class=\"wp-block-uagb-container uagb-block-cf7151e9 alignfull uagb-is-root-container\"><div class=\"uagb-container-inner-blocks-wrap\">\n<div class=\"wp-block-uagb-container uagb-block-6902d405\">\n<figure class=\"wp-block-image size-full\"><img decoding=\"async\" width=\"250\" height=\"120\" src=\"https:\/\/v2charge.com\/wp-content\/uploads\/2023\/11\/step-1-v2c-affiliates-program.jpg\" alt=\"\" class=\"wp-image-123202\"\/><\/figure>\n\n\n<div class=\"wp-block-uagb-advanced-heading uagb-block-0db1da7e\"><h3 class=\"uagb-heading-text\">\u00dccretsiz kaydolun<\/h3><\/div>\n\n<p>Formu doldurun ve g\u00f6nderin. Talebinizi hemen kontrol edece\u011fiz ve onaylayaca\u011f\u0131z.<\/p><\/div>\n\n\n\n<div class=\"wp-block-uagb-container uagb-block-2ee01b96\">\n<figure class=\"wp-block-image size-full\"><img decoding=\"async\" width=\"250\" height=\"120\" src=\"https:\/\/v2charge.com\/wp-content\/uploads\/2023\/11\/step2-v2c-affiliates-program.jpg\" alt=\"\" class=\"wp-image-123239\"\/><\/figure>\n\n\n<div class=\"wp-block-uagb-advanced-heading uagb-block-d51a4f0c\"><h3 class=\"uagb-heading-text\">Duvar Kutusu &amp; Kod<\/h3><\/div>\n\n<p>\u015earj cihaz\u0131n\u0131 \u00fccretsiz olarak sana g\u00f6nderiyoruz ve ki\u015fisel indirim kodunu olu\u015fturuyoruz.<\/p><\/div>\n\n\n\n<div class=\"wp-block-uagb-container uagb-block-71c89256\">\n<figure class=\"wp-block-image size-full\"><img decoding=\"async\" width=\"250\" height=\"120\" src=\"https:\/\/v2charge.com\/wp-content\/uploads\/2023\/11\/step-3-v2c-affiliates-program.jpg\" alt=\"\" class=\"wp-image-123221\"\/><\/figure>\n\n\n<div class=\"wp-block-uagb-advanced-heading uagb-block-77e79ef6\"><h3 class=\"uagb-heading-text\">\u0130\u00e7eri\u011fi payla\u015f<\/h3><\/div>\n\n<p>\u0130\u00e7eri\u011fini payla\u015f ve kodunu payla\u015f, b\u00f6ylece takip\u00e7ilerin %10 tasarruf edebilir ve faydalanabilir.<\/p><\/div>\n\n\n\n<div class=\"wp-block-uagb-container uagb-block-d0c603c8\">\n<figure class=\"wp-block-image size-full\"><img decoding=\"async\" width=\"250\" height=\"120\" src=\"https:\/\/v2charge.com\/wp-content\/uploads\/2023\/11\/step-4-v2c-affiliates-program.jpg\" alt=\"\" class=\"wp-image-123230\"\/><\/figure>\n\n\n<div class=\"wp-block-uagb-advanced-heading uagb-block-55d8c82e\"><h3 class=\"uagb-heading-text\">Komisyonlar Al\u0131n<\/h3><\/div>\n\n<p>Ayl\u0131k Rapor: Sana sat\u0131\u015flar\u0131n %20&#8217;sini do\u011frudan banka havalesi ile g\u00f6nderiyoruz.<\/p><\/div>\n<\/div><\/div>\n\n\n\n<div id=\"formulaire\" class=\"wp-block-uagb-container uagb-block-5b2931a7 alignfull uagb-is-root-container\"><div class=\"uagb-container-inner-blocks-wrap\">\n<div class=\"wpcf7 no-js\" id=\"wpcf7-f313451-o1\" lang=\"es-ES\" dir=\"ltr\" data-wpcf7-id=\"313451\">\n<div class=\"screen-reader-response\"><p role=\"status\" aria-live=\"polite\" aria-atomic=\"true\"><\/p> <ul><\/ul><\/div>\n<form action=\"\/tr\/wp-json\/wp\/v2\/pages\/314201#wpcf7-f313451-o1\" method=\"post\" class=\"wpcf7-form init\" aria-label=\"Formulario de contacto\" novalidate=\"novalidate\" data-status=\"init\">\n<div style=\"display: none;\">\n<input type=\"hidden\" name=\"_wpcf7\" value=\"313451\" \/>\n<input type=\"hidden\" name=\"_wpcf7_version\" value=\"6.0.6\" \/>\n<input type=\"hidden\" name=\"_wpcf7_locale\" value=\"es_ES\" \/>\n<input type=\"hidden\" name=\"_wpcf7_unit_tag\" value=\"wpcf7-f313451-o1\" \/>\n<input type=\"hidden\" name=\"_wpcf7_container_post\" value=\"0\" \/>\n<input type=\"hidden\" name=\"_wpcf7_posted_data_hash\" value=\"\" \/>\n<input type=\"hidden\" name=\"redirect_nonce\" value=\"8606be878d\" \/>\n<input type=\"hidden\" name=\"wpcf7cfpdf_hidden_name\" value=\"document-pdf\" \/>\n<input type=\"hidden\" name=\"wpcf7cfpdf_hidden_reference\" value=\"29ef92d5\" \/>\n<input type=\"hidden\" name=\"wpcf7cfpdf_hidden_date\" value=\"04222026\" \/>\n<input type=\"hidden\" name=\"_wpcf7_recaptcha_response\" value=\"\" \/>\n<\/div>\n<div id=\"responsive-form\" class=\"clearfix\">\n\t<div class=\"form-row\">\n\t\t<div class=\"column-half\">\n\t\t\t<p>Name* <span class=\"wpcf7-form-control-wrap\" data-name=\"your-name\"><input size=\"40\" maxlength=\"400\" class=\"wpcf7-form-control wpcf7-text wpcf7-validates-as-required\" aria-required=\"true\" aria-invalid=\"false\" value=\"\" type=\"text\" name=\"your-name\" \/><\/span>\n\t\t\t<\/p>\n\t\t<\/div>\n\t\t<div class=\"column-half\">\n\t\t\t<p>E-mail Adresse* <span class=\"wpcf7-form-control-wrap\" data-name=\"your-email\"><input size=\"40\" maxlength=\"400\" class=\"wpcf7-form-control wpcf7-email wpcf7-validates-as-required wpcf7-text wpcf7-validates-as-email\" aria-required=\"true\" aria-invalid=\"false\" value=\"\" type=\"email\" name=\"your-email\" \/><\/span>\n\t\t\t<\/p>\n\t\t<\/div>\n\t\t<div class=\"column-half\">\n\t\t\t<p>V2C Wallbox vorhanden?* <span class=\"wpcf7-form-control-wrap\" data-name=\"chargeur\"><input size=\"40\" maxlength=\"400\" class=\"wpcf7-form-control wpcf7-text wpcf7-validates-as-required\" aria-required=\"true\" aria-invalid=\"false\" value=\"\" type=\"text\" name=\"chargeur\" \/><\/span>\n\t\t\t<\/p>\n\t\t<\/div>\n\t<\/div>\n\t<p><span id=\"wpcf7-69e8ce391492a-wrapper\" class=\"wpcf7-form-control-wrap tudireccion-96-wrap\" style=\"display:none !important; visibility:hidden !important;\"><label for=\"wpcf7-69e8ce391492a-field\" class=\"hp-message\">Por favor, deja este campo vac\u00edo.<\/label><input id=\"wpcf7-69e8ce391492a-field\"  class=\"wpcf7-form-control wpcf7-text\" type=\"text\" name=\"tudireccion-96\" value=\"\" size=\"40\" tabindex=\"-1\" autocomplete=\"new-password\" \/><\/span>\n\t<\/p>\n\t<div class=\"form-row\">\n\t\t<div class=\"column-full\">\n\t\t\t<p>Nachricht (Stell dich kurz vor: Social Media, Kan\u00e4le, Content-Pl\u00e4ne...)* <span class=\"wpcf7-form-control-wrap\" data-name=\"your-message\"><textarea cols=\"40\" rows=\"10\" maxlength=\"2000\" class=\"wpcf7-form-control wpcf7-textarea wpcf7-validates-as-required\" aria-required=\"true\" aria-invalid=\"false\" name=\"your-message\"><\/textarea><\/span>\n\t\t\t<\/p>\n\t\t<\/div>\n\t<\/div>\n\t<div class=\"form-row\">\n\t\t<div class=\"column-full\">\n\t\t\t<p><input class=\"wpcf7-form-control wpcf7-submit has-spinner\" type=\"submit\" value=\"Absenden\" \/>\n\t\t\t<\/p>\n\t\t<\/div>\n\t<\/div>\n<\/div><!--end responsive-form--><div class=\"wpcf7-response-output\" aria-hidden=\"true\"><\/div>\n<\/form>\n<\/div>\n\n<\/div><\/div>\n\n\n\n<p><\/p>\n","protected":false},"excerpt":{"rendered":"<p>V2C ile menzilini paraya \u00e7evir Affiliate program\u0131m\u0131za kat\u0131l ve toplulu\u011fun \u00fczerinden yap\u0131lan her al\u0131\u015fveri\u015f i\u00e7in komisyon kazan. Neden V2C&#8217;nin orta\u011f\u0131 olmal\u0131s\u0131n\u0131z? \u0130maj\u0131n\u0131 g\u00fc\u00e7lendir \u0130\u00e7eri\u011fini \u00f6nde gelen bir E-Mobility markas\u0131 ve g\u00fc\u00e7l\u00fc bir toplulukla birle\u015ftir. Y\u00fcksek Komisyonlar Takip\u00e7ilerinin yapt\u0131\u011f\u0131 her sat\u0131\u015fta %20 komisyon kazan. Takip\u00e7ilerin i\u00e7in avantajlar Toplulu\u011funuz %10 indirim kazan\u0131yor, kodunuzu \u00f6deme s\u0131ras\u0131nda kullan\u0131n. Kim &#8230; <a title=\"V2C Ortakl\u0131k Program\u0131\" class=\"read-more\" href=\"https:\/\/v2charge.com\/tr\/v2c-ortaklik-programi\/\" aria-label=\"Read more about V2C Ortakl\u0131k Program\u0131\">Devam\u0131n\u0131 oku<\/a><\/p>\n","protected":false},"author":400,"featured_media":0,"parent":0,"menu_order":0,"comment_status":"closed","ping_status":"closed","template":"","meta":{"_eb_attr":"","content-type":"","_uag_custom_page_level_css":"","footnotes":""},"class_list":["post-314201","page","type-page","status-publish"],"yoast_head":"<!-- This site is optimized with the Yoast SEO plugin v25.3.1 - https:\/\/yoast.com\/wordpress\/plugins\/seo\/ -->\n<title>V2C Ortakl\u0131k Program\u0131 \u2013 \u015eimdi Ortak Olun | V2C<\/title>\n<meta name=\"description\" content=\"Maksimum menzilini art\u0131r: V2C orta\u011f\u0131 ol ve cazip komisyonlar kazan. \u0130\u00e7erik \u00dcreticileri, Medya &amp; Bloggerlar i\u00e7in.\" \/>\n<meta name=\"robots\" content=\"index, follow, max-snippet:-1, max-image-preview:large, max-video-preview:-1\" \/>\n<link rel=\"canonical\" href=\"https:\/\/v2charge.com\/tr\/v2c-ortaklik-programi\/\" \/>\n<meta property=\"og:locale\" content=\"tr_TR\" \/>\n<meta property=\"og:type\" content=\"article\" \/>\n<meta property=\"og:title\" content=\"V2C Ortakl\u0131k Program\u0131 \u2013 \u015eimdi Ortak Olun | V2C\" \/>\n<meta property=\"og:description\" content=\"Maksimum menzilini art\u0131r: V2C orta\u011f\u0131 ol ve cazip komisyonlar kazan. \u0130\u00e7erik \u00dcreticileri, Medya &amp; Bloggerlar i\u00e7in.\" \/>\n<meta property=\"og:url\" content=\"https:\/\/v2charge.com\/tr\/v2c-ortaklik-programi\/\" \/>\n<meta property=\"og:site_name\" content=\"V2C\" \/>\n<meta property=\"article:publisher\" content=\"https:\/\/www.facebook.com\/V2C.Charge\" \/>\n<meta property=\"article:modified_time\" content=\"2026-04-17T18:49:18+00:00\" \/>\n<meta property=\"og:image\" content=\"https:\/\/v2charge.com\/wp-content\/uploads\/2023\/10\/affiliate-program.jpg\" \/>\n\t<meta property=\"og:image:width\" content=\"400\" \/>\n\t<meta property=\"og:image:height\" content=\"450\" \/>\n\t<meta property=\"og:image:type\" content=\"image\/jpeg\" \/>\n<meta name=\"twitter:card\" content=\"summary_large_image\" \/>\n<meta name=\"twitter:site\" content=\"@V2C_Charge\" \/>\n<meta name=\"twitter:label1\" content=\"Tahmini okuma s\u00fcresi\" \/>\n\t<meta name=\"twitter:data1\" content=\"3 dakika\" \/>\n<script type=\"application\/ld+json\" class=\"yoast-schema-graph\">{\"@context\":\"https:\/\/schema.org\",\"@graph\":[{\"@type\":\"WebPage\",\"@id\":\"https:\/\/v2charge.com\/tr\/v2c-ortaklik-programi\/\",\"url\":\"https:\/\/v2charge.com\/tr\/v2c-ortaklik-programi\/\",\"name\":\"V2C Ortakl\u0131k Program\u0131 \u2013 \u015eimdi Ortak Olun | V2C\",\"isPartOf\":{\"@id\":\"https:\/\/v2charge.com\/tr\/#website\"},\"primaryImageOfPage\":{\"@id\":\"https:\/\/v2charge.com\/tr\/v2c-ortaklik-programi\/#primaryimage\"},\"image\":{\"@id\":\"https:\/\/v2charge.com\/tr\/v2c-ortaklik-programi\/#primaryimage\"},\"thumbnailUrl\":\"https:\/\/v2charge.com\/wp-content\/uploads\/2023\/10\/affiliate-program.jpg\",\"datePublished\":\"2023-10-27T14:08:56+00:00\",\"dateModified\":\"2026-04-17T18:49:18+00:00\",\"description\":\"Maksimum menzilini art\u0131r: V2C orta\u011f\u0131 ol ve cazip komisyonlar kazan. \u0130\u00e7erik \u00dcreticileri, Medya & Bloggerlar i\u00e7in.\",\"breadcrumb\":{\"@id\":\"https:\/\/v2charge.com\/tr\/v2c-ortaklik-programi\/#breadcrumb\"},\"inLanguage\":\"tr\",\"potentialAction\":[{\"@type\":\"ReadAction\",\"target\":[\"https:\/\/v2charge.com\/tr\/v2c-ortaklik-programi\/\"]}]},{\"@type\":\"ImageObject\",\"inLanguage\":\"tr\",\"@id\":\"https:\/\/v2charge.com\/tr\/v2c-ortaklik-programi\/#primaryimage\",\"url\":\"https:\/\/v2charge.com\/wp-content\/uploads\/2023\/10\/affiliate-program.jpg\",\"contentUrl\":\"https:\/\/v2charge.com\/wp-content\/uploads\/2023\/10\/affiliate-program.jpg\"},{\"@type\":\"BreadcrumbList\",\"@id\":\"https:\/\/v2charge.com\/tr\/v2c-ortaklik-programi\/#breadcrumb\",\"itemListElement\":[{\"@type\":\"ListItem\",\"position\":1,\"name\":\"V2C\",\"item\":\"https:\/\/v2charge.com\/tr\/\"},{\"@type\":\"ListItem\",\"position\":2,\"name\":\"V2C Ortakl\u0131k Program\u0131\"}]},{\"@type\":\"WebSite\",\"@id\":\"https:\/\/v2charge.com\/tr\/#website\",\"url\":\"https:\/\/v2charge.com\/tr\/\",\"name\":\"V2C\",\"description\":\"#CargandoElMa\u00f1ana\",\"publisher\":{\"@id\":\"https:\/\/v2charge.com\/tr\/#organization\"},\"potentialAction\":[{\"@type\":\"SearchAction\",\"target\":{\"@type\":\"EntryPoint\",\"urlTemplate\":\"https:\/\/v2charge.com\/tr\/?s={search_term_string}\"},\"query-input\":{\"@type\":\"PropertyValueSpecification\",\"valueRequired\":true,\"valueName\":\"search_term_string\"}}],\"inLanguage\":\"tr\"},{\"@type\":\"Organization\",\"@id\":\"https:\/\/v2charge.com\/tr\/#organization\",\"name\":\"V2C\",\"url\":\"https:\/\/v2charge.com\/tr\/\",\"logo\":{\"@type\":\"ImageObject\",\"inLanguage\":\"tr\",\"@id\":\"https:\/\/v2charge.com\/tr\/#\/schema\/logo\/image\/\",\"url\":\"https:\/\/v2charge.com\/wp-content\/uploads\/2024\/11\/cropped-v2c-charge-logo-menu.png\",\"contentUrl\":\"https:\/\/v2charge.com\/wp-content\/uploads\/2024\/11\/cropped-v2c-charge-logo-menu.png\",\"width\":984,\"height\":431,\"caption\":\"V2C\"},\"image\":{\"@id\":\"https:\/\/v2charge.com\/tr\/#\/schema\/logo\/image\/\"},\"sameAs\":[\"https:\/\/www.facebook.com\/V2C.Charge\",\"https:\/\/x.com\/V2C_Charge\",\"https:\/\/www.instagram.com\/v2c.charge\/\",\"https:\/\/www.youtube.com\/@V2C\",\"https:\/\/www.linkedin.com\/company\/v2c-chargers\/\"]}]}<\/script>\n<!-- \/ Yoast SEO plugin. -->","yoast_head_json":{"title":"V2C Ortakl\u0131k Program\u0131 \u2013 \u015eimdi Ortak Olun | V2C","description":"Maksimum menzilini art\u0131r: V2C orta\u011f\u0131 ol ve cazip komisyonlar kazan. \u0130\u00e7erik \u00dcreticileri, Medya & Bloggerlar i\u00e7in.","robots":{"index":"index","follow":"follow","max-snippet":"max-snippet:-1","max-image-preview":"max-image-preview:large","max-video-preview":"max-video-preview:-1"},"canonical":"https:\/\/v2charge.com\/tr\/v2c-ortaklik-programi\/","og_locale":"tr_TR","og_type":"article","og_title":"V2C Ortakl\u0131k Program\u0131 \u2013 \u015eimdi Ortak Olun | V2C","og_description":"Maksimum menzilini art\u0131r: V2C orta\u011f\u0131 ol ve cazip komisyonlar kazan. \u0130\u00e7erik \u00dcreticileri, Medya & Bloggerlar i\u00e7in.","og_url":"https:\/\/v2charge.com\/tr\/v2c-ortaklik-programi\/","og_site_name":"V2C","article_publisher":"https:\/\/www.facebook.com\/V2C.Charge","article_modified_time":"2026-04-17T18:49:18+00:00","og_image":[{"width":400,"height":450,"url":"https:\/\/v2charge.com\/wp-content\/uploads\/2023\/10\/affiliate-program.jpg","type":"image\/jpeg"}],"twitter_card":"summary_large_image","twitter_site":"@V2C_Charge","twitter_misc":{"Tahmini okuma s\u00fcresi":"3 dakika"},"schema":{"@context":"https:\/\/schema.org","@graph":[{"@type":"WebPage","@id":"https:\/\/v2charge.com\/tr\/v2c-ortaklik-programi\/","url":"https:\/\/v2charge.com\/tr\/v2c-ortaklik-programi\/","name":"V2C Ortakl\u0131k Program\u0131 \u2013 \u015eimdi Ortak Olun | V2C","isPartOf":{"@id":"https:\/\/v2charge.com\/tr\/#website"},"primaryImageOfPage":{"@id":"https:\/\/v2charge.com\/tr\/v2c-ortaklik-programi\/#primaryimage"},"image":{"@id":"https:\/\/v2charge.com\/tr\/v2c-ortaklik-programi\/#primaryimage"},"thumbnailUrl":"https:\/\/v2charge.com\/wp-content\/uploads\/2023\/10\/affiliate-program.jpg","datePublished":"2023-10-27T14:08:56+00:00","dateModified":"2026-04-17T18:49:18+00:00","description":"Maksimum menzilini art\u0131r: V2C orta\u011f\u0131 ol ve cazip komisyonlar kazan. \u0130\u00e7erik \u00dcreticileri, Medya & Bloggerlar i\u00e7in.","breadcrumb":{"@id":"https:\/\/v2charge.com\/tr\/v2c-ortaklik-programi\/#breadcrumb"},"inLanguage":"tr","potentialAction":[{"@type":"ReadAction","target":["https:\/\/v2charge.com\/tr\/v2c-ortaklik-programi\/"]}]},{"@type":"ImageObject","inLanguage":"tr","@id":"https:\/\/v2charge.com\/tr\/v2c-ortaklik-programi\/#primaryimage","url":"https:\/\/v2charge.com\/wp-content\/uploads\/2023\/10\/affiliate-program.jpg","contentUrl":"https:\/\/v2charge.com\/wp-content\/uploads\/2023\/10\/affiliate-program.jpg"},{"@type":"BreadcrumbList","@id":"https:\/\/v2charge.com\/tr\/v2c-ortaklik-programi\/#breadcrumb","itemListElement":[{"@type":"ListItem","position":1,"name":"V2C","item":"https:\/\/v2charge.com\/tr\/"},{"@type":"ListItem","position":2,"name":"V2C Ortakl\u0131k Program\u0131"}]},{"@type":"WebSite","@id":"https:\/\/v2charge.com\/tr\/#website","url":"https:\/\/v2charge.com\/tr\/","name":"V2C","description":"#CargandoElMa\u00f1ana","publisher":{"@id":"https:\/\/v2charge.com\/tr\/#organization"},"potentialAction":[{"@type":"SearchAction","target":{"@type":"EntryPoint","urlTemplate":"https:\/\/v2charge.com\/tr\/?s={search_term_string}"},"query-input":{"@type":"PropertyValueSpecification","valueRequired":true,"valueName":"search_term_string"}}],"inLanguage":"tr"},{"@type":"Organization","@id":"https:\/\/v2charge.com\/tr\/#organization","name":"V2C","url":"https:\/\/v2charge.com\/tr\/","logo":{"@type":"ImageObject","inLanguage":"tr","@id":"https:\/\/v2charge.com\/tr\/#\/schema\/logo\/image\/","url":"https:\/\/v2charge.com\/wp-content\/uploads\/2024\/11\/cropped-v2c-charge-logo-menu.png","contentUrl":"https:\/\/v2charge.com\/wp-content\/uploads\/2024\/11\/cropped-v2c-charge-logo-menu.png","width":984,"height":431,"caption":"V2C"},"image":{"@id":"https:\/\/v2charge.com\/tr\/#\/schema\/logo\/image\/"},"sameAs":["https:\/\/www.facebook.com\/V2C.Charge","https:\/\/x.com\/V2C_Charge","https:\/\/www.instagram.com\/v2c.charge\/","https:\/\/www.youtube.com\/@V2C","https:\/\/www.linkedin.com\/company\/v2c-chargers\/"]}]}},"uagb_featured_image_src":{"full":false,"thumbnail":false,"medium":false,"medium_large":false,"large":false,"gs-tiny":false,"xl":false,"xxl":false,"xxxl":false,"xxxxl":false,"xxxxxl":false,"1536x1536":false,"2048x2048":false},"uagb_author_info":{"display_name":"V2C","author_link":"https:\/\/v2charge.com\/tr\/author\/marketing\/"},"uagb_comment_info":0,"uagb_excerpt":"V2C ile menzilini paraya \u00e7evir Affiliate program\u0131m\u0131za kat\u0131l ve toplulu\u011fun \u00fczerinden yap\u0131lan her al\u0131\u015fveri\u015f i\u00e7in komisyon kazan. Neden V2C&#8217;nin orta\u011f\u0131 olmal\u0131s\u0131n\u0131z? \u0130maj\u0131n\u0131 g\u00fc\u00e7lendir \u0130\u00e7eri\u011fini \u00f6nde gelen bir E-Mobility markas\u0131 ve g\u00fc\u00e7l\u00fc bir toplulukla birle\u015ftir. Y\u00fcksek Komisyonlar Takip\u00e7ilerinin yapt\u0131\u011f\u0131 her sat\u0131\u015fta %20 komisyon kazan. Takip\u00e7ilerin i\u00e7in avantajlar Toplulu\u011funuz %10 indirim kazan\u0131yor, kodunuzu \u00f6deme s\u0131ras\u0131nda kullan\u0131n. Kim&hellip;","_links":{"self":[{"href":"https:\/\/v2charge.com\/tr\/wp-json\/wp\/v2\/pages\/314201","targetHints":{"allow":["GET"]}}],"collection":[{"href":"https:\/\/v2charge.com\/tr\/wp-json\/wp\/v2\/pages"}],"about":[{"href":"https:\/\/v2charge.com\/tr\/wp-json\/wp\/v2\/types\/page"}],"author":[{"embeddable":true,"href":"https:\/\/v2charge.com\/tr\/wp-json\/wp\/v2\/users\/400"}],"replies":[{"embeddable":true,"href":"https:\/\/v2charge.com\/tr\/wp-json\/wp\/v2\/comments?post=314201"}],"version-history":[{"count":0,"href":"https:\/\/v2charge.com\/tr\/wp-json\/wp\/v2\/pages\/314201\/revisions"}],"wp:attachment":[{"href":"https:\/\/v2charge.com\/tr\/wp-json\/wp\/v2\/media?parent=314201"}],"curies":[{"name":"wp","href":"https:\/\/api.w.org\/{rel}","templated":true}]}}