{"id":314212,"date":"2024-03-21T09:50:09","date_gmt":"2024-03-21T07:50:09","guid":{"rendered":""},"modified":"2026-01-09T16:23:46","modified_gmt":"2026-01-09T14:23:46","slug":"pole-pro-sarj-cihazinin-aydinlatma-gostergeleri","status":"publish","type":"page","link":"https:\/\/v2charge.com\/tr\/destek-alani\/pole-pro\/pole-pro-sarj-cihazinin-aydinlatma-gostergeleri\/","title":{"rendered":"POLE PRO \u015farj cihaz\u0131n\u0131n ayd\u0131nlatma g\u00f6stergeleri"},"content":{"rendered":"\n<div class=\"wp-block-uagb-container uagb-block-17e1a3db alignfull uagb-is-root-container\"><div class=\"uagb-container-inner-blocks-wrap\"><div class=\"yoast-breadcrumbs\"><span><span><a href=\"https:\/\/v2charge.com\/tr\/\">V2C<\/a><\/span> \u00bb <span><a href=\"https:\/\/v2charge.com\/tr\/destek-alani\/\">Destek Alan\u0131.<\/a><\/span> \u00bb <span><a href=\"https:\/\/v2charge.com\/tr\/destek-alani\/pole-pro\/\">Pole deste\u011fi<\/a><\/span> \u00bb <span class=\"breadcrumb_last\" aria-current=\"page\">Indicaciones de los colores LED de los conectores<\/span><\/span><\/div>\n\n<h1 class=\"wp-block-heading\">Pole Pro Ayd\u0131nlatma G\u00f6stergeleri<\/h1>\n\n<p>e-Charger&#8217;\u0131n yan taraflar\u0131nda bulunan konnekt\u00f6rlerin LED ayd\u0131nlatmas\u0131 <strong>\u015farj durumuna g\u00f6re renk de\u011fi\u015ftirir<\/strong>. V2C Cloud versiyonu Pole Pro e-Chargers i\u00e7in bu \u0131\u015f\u0131kl\u0131 mesajlar, \u015farj cihaz\u0131n\u0131n bulundu\u011fu durumu anlamay\u0131 kolayla\u015ft\u0131ran ekran talimatlar\u0131 ile birlikte gelir.<br><br>A\u015fa\u011f\u0131da <strong>her rengin anlam\u0131n\u0131<\/strong> \u00f6\u011frenin:<\/p><\/div><\/div>\n\n\n\n<div class=\"wp-block-uagb-container uagb-block-75d0ab47 alignfull uagb-is-root-container\"><div class=\"uagb-container-inner-blocks-wrap\">\n<div class=\"wp-block-uagb-container uagb-block-2cfcf5c9\"><div class=\"wp-block-uagb-info-box uagb-block-ba6a016d uagb-infobox__content-wrap  uagb-infobox-icon-left uagb-infobox-left uagb-infobox-stacked-tablet uagb-infobox-image-valign-middle\"><div class=\"uagb-ifb-image-content\"><img decoding=\"async\" src=\"https:\/\/v2charge.com\/wp-content\/uploads\/2024\/03\/led-pole-pro-blanco.png\" alt=\"\" width=\"250\" height=\"250\" loading=\"lazy\"\/><\/div><div class=\"uagb-ifb-content\"><div class=\"uagb-ifb-title-wrap\"><\/div><p class=\"uagb-ifb-desc\"><strong>Bo\u015f: <\/strong>\u015farj cihaz\u0131 kullan\u0131m i\u00e7in haz\u0131r. Elektrikli ara\u00e7 ba\u011fl\u0131 de\u011fil.<\/p><\/div><\/div><\/div>\n\n\n\n<div class=\"wp-block-uagb-container uagb-block-ca69bc3f\"><div class=\"wp-block-uagb-info-box uagb-block-1b7a5f11 uagb-infobox__content-wrap  uagb-infobox-icon-left uagb-infobox-left uagb-infobox-stacked-tablet uagb-infobox-image-valign-middle\"><div class=\"uagb-ifb-image-content\"><img decoding=\"async\" src=\"https:\/\/v2charge.com\/wp-content\/uploads\/2024\/03\/led-pole-pro-cyan.png\" alt=\"\" width=\"250\" height=\"250\" loading=\"lazy\"\/><\/div><div class=\"uagb-ifb-content\"><div class=\"uagb-ifb-title-wrap\"><\/div><p class=\"uagb-ifb-desc\"><strong><strong>A\u00e7\u0131k mavi:<\/strong><\/strong>&nbsp;zamanlay\u0131c\u0131 etkin, yani programl\u0131 bir \u015farj var. OCPP sistemleri, V2C Payments veya RFID etkinle\u015ftirildi.<br><br><strong><strong>A\u00e7\u0131k mavi yan\u0131p s\u00f6nen:<\/strong><\/strong>&nbsp;\u015farj ge\u00e7ici olarak etkin. Ara\u00e7 ba\u011flanmaya haz\u0131r.<\/p><\/div><\/div><\/div>\n<\/div><\/div>\n\n\n\n<div class=\"wp-block-uagb-container uagb-block-2fb6f6e8 alignfull uagb-is-root-container\"><div class=\"uagb-container-inner-blocks-wrap\">\n<div class=\"wp-block-uagb-container uagb-block-f8ca3454\"><div class=\"wp-block-uagb-info-box uagb-block-2a797057 uagb-infobox__content-wrap  uagb-infobox-icon-left uagb-infobox-left uagb-infobox-stacked-tablet uagb-infobox-image-valign-middle\"><div class=\"uagb-ifb-image-content\"><img decoding=\"async\" src=\"https:\/\/v2charge.com\/wp-content\/uploads\/2024\/03\/led-pole-pro-verde.png\" alt=\"\" width=\"250\" height=\"250\" loading=\"lazy\"\/><\/div><div class=\"uagb-ifb-content\"><div class=\"uagb-ifb-title-wrap\"><\/div><p class=\"uagb-ifb-desc\"><strong>Ye\u015fil: <\/strong>elektrikli ara\u00e7 \u015farj cihaz\u0131na ba\u011fl\u0131 ancak \u015farj olmuyor.<\/p><\/div><\/div><\/div>\n\n\n\n<div class=\"wp-block-uagb-container uagb-block-4a4478e1\"><div class=\"wp-block-uagb-info-box uagb-block-8d61e125 uagb-infobox__content-wrap  uagb-infobox-icon-left uagb-infobox-left uagb-infobox-stacked-tablet uagb-infobox-image-valign-middle\"><div class=\"uagb-ifb-image-content\"><img decoding=\"async\" src=\"https:\/\/v2charge.com\/wp-content\/uploads\/2024\/03\/led-pole-pro-azul.png\" alt=\"\" width=\"250\" height=\"250\" loading=\"lazy\"\/><\/div><div class=\"uagb-ifb-content\"><div class=\"uagb-ifb-title-wrap\"><\/div><p class=\"uagb-ifb-desc\"><strong><strong>Mavi:<\/strong><\/strong>&nbsp;elektrikli ara\u00e7 \u015farj oluyor.<\/p><\/div><\/div><\/div>\n<\/div><\/div>\n\n\n\n<div class=\"wp-block-uagb-container uagb-block-3a15d4c4 alignfull uagb-is-root-container\"><div class=\"uagb-container-inner-blocks-wrap\">\n<div class=\"wp-block-uagb-container uagb-block-fa44fe7d\"><div class=\"wp-block-uagb-info-box uagb-block-d9736fd4 uagb-infobox__content-wrap  uagb-infobox-icon-left uagb-infobox-left uagb-infobox-stacked-tablet uagb-infobox-image-valign-middle\"><div class=\"uagb-ifb-image-content\"><img decoding=\"async\" src=\"https:\/\/v2charge.com\/wp-content\/uploads\/2024\/03\/led-pole-pro-amarillo.png\" alt=\"\" width=\"250\" height=\"250\" loading=\"lazy\"\/><\/div><div class=\"uagb-ifb-content\"><div class=\"uagb-ifb-title-wrap\"><\/div><p class=\"uagb-ifb-desc\"><strong>Sar\u0131: <\/strong>\u015farj duraklat\u0131ld\u0131.<\/p><\/div><\/div><\/div>\n\n\n\n<div class=\"wp-block-uagb-container uagb-block-835e2c9b\"><div class=\"wp-block-uagb-info-box uagb-block-0c989385 uagb-infobox__content-wrap  uagb-infobox-icon-left uagb-infobox-left uagb-infobox-stacked-tablet uagb-infobox-image-valign-middle\"><div class=\"uagb-ifb-image-content\"><img decoding=\"async\" src=\"https:\/\/v2charge.com\/wp-content\/uploads\/2024\/03\/led-pole-pro-apagado.png\" alt=\"\" width=\"250\" height=\"250\" loading=\"lazy\"\/><\/div><div class=\"uagb-ifb-content\"><div class=\"uagb-ifb-title-wrap\"><\/div><p class=\"uagb-ifb-desc\"><strong><strong>Kapal\u0131:<\/strong><\/strong>&nbsp;ba\u011flant\u0131 noktas\u0131 kilitli.<\/p><\/div><\/div><\/div>\n<\/div><\/div>\n\n\n\n<div style=\"height:30px\" aria-hidden=\"true\" class=\"wp-block-spacer\"><\/div>\n\n\n\n<div class=\"wp-block-uagb-container uagb-block-c6f38013 alignfull uagb-is-root-container\"><div class=\"uagb-container-inner-blocks-wrap\"><div class=\"wp-block-uagb-advanced-heading uagb-block-6963d70c\"><h2 class=\"uagb-heading-text\"><strong>Teknik destek mi gerekiyor?<\/strong><\/h2><\/div>\n\n<div class=\"wp-block-uagb-advanced-heading uagb-block-408243eb\"><p class=\"uagb-heading-text\">Sorununuzu an\u0131nda AI ile Sohbetimiz \u00fczerinden \u00e7\u00f6z\u00fcn. E\u011fer \u00e7\u00f6z\u00fclmezse, Teknik Destek Merkezi&#8217;nde bir talep olu\u015fturun ve en k\u0131sa s\u00fcrede sizinle ileti\u015fime ge\u00e7erek en iyi \u00e7\u00f6z\u00fcm\u00fc sunaca\u011f\u0131z.<\/p><\/div>\n\n<div class=\"wp-block-uagb-info-box uagb-block-12e3cf1c uagb-infobox__content-wrap  uagb-infobox-icon-left uagb-infobox-left uagb-infobox-image-valign-top wp-block-uagb-info-box--has-margin ai-chatbot-button\"><div class=\"uagb-infobox-margin-wrapper\"><div class=\"uagb-ifb-image-content\"><img decoding=\"async\" src=\"https:\/\/v2charge.com\/wp-content\/uploads\/2026\/01\/support-ai-chatbot.png\" alt=\"\" width=\"20\" height=\"19\" loading=\"lazy\"\/><\/div><div class=\"uagb-ifb-content\"><div class=\"uagb-ifb-title-wrap\"><\/div><div class=\"uagb-ifb-button-wrapper wp-block-button\"><a href=\"https:\/\/v2charge.com\/tr\/v2c-support-web\/\" class=\"uagb-infobox-cta-link wp-block-button__link\" target=\"_blank\" rel=\"noopener noreferrer\" onclick=\"return true;\"><span class=\"uagb-inline-editing\">Yapay Zeka ile Sohbetimize Sorun<\/span><\/a><\/div><\/div><\/div><\/div>\n\n\n<div class=\"wp-block-uagb-buttons uagb-buttons__outer-wrap uagb-btn__default-btn uagb-btn-tablet__default-btn uagb-btn-mobile__default-btn uagb-block-ba1e67d1\"><div class=\"uagb-buttons__wrap uagb-buttons-layout-wrap \"><div class=\"wp-block-uagb-buttons-child uagb-buttons__outer-wrap uagb-block-23cfb623 wp-block-button\"><div class=\"uagb-button__wrapper\"><a class=\"uagb-buttons-repeater wp-block-button__link\" aria-label=\"\" href=\"https:\/\/v2charge.atlassian.net\/servicedesk\/customer\/portal\/3\" rel=\"follow noopener\" target=\"_blank\" role=\"button\"><div class=\"uagb-button__link\">Teknik Destek ile \u0130leti\u015fime Ge\u00e7in<\/div><\/a><\/div><\/div><\/div><\/div>\n<\/div><\/div>\n","protected":false},"excerpt":{"rendered":"<p>Pole Pro Ayd\u0131nlatma G\u00f6stergeleri e-Charger&#8217;\u0131n yan taraflar\u0131nda bulunan konnekt\u00f6rlerin LED ayd\u0131nlatmas\u0131 \u015farj durumuna g\u00f6re renk de\u011fi\u015ftirir. V2C Cloud versiyonu Pole Pro e-Chargers i\u00e7in bu \u0131\u015f\u0131kl\u0131 mesajlar, \u015farj cihaz\u0131n\u0131n bulundu\u011fu durumu anlamay\u0131 kolayla\u015ft\u0131ran ekran talimatlar\u0131 ile birlikte gelir. A\u015fa\u011f\u0131da her rengin anlam\u0131n\u0131 \u00f6\u011frenin: Teknik destek mi gerekiyor? Sorununuzu an\u0131nda AI ile Sohbetimiz \u00fczerinden \u00e7\u00f6z\u00fcn. E\u011fer \u00e7\u00f6z\u00fclmezse, &#8230; <a title=\"POLE PRO \u015farj cihaz\u0131n\u0131n ayd\u0131nlatma g\u00f6stergeleri\" class=\"read-more\" href=\"https:\/\/v2charge.com\/tr\/destek-alani\/pole-pro\/pole-pro-sarj-cihazinin-aydinlatma-gostergeleri\/\" aria-label=\"Read more about POLE PRO \u015farj cihaz\u0131n\u0131n ayd\u0131nlatma g\u00f6stergeleri\">Devam\u0131n\u0131 oku<\/a><\/p>\n","protected":false},"author":400,"featured_media":170354,"parent":75662,"menu_order":0,"comment_status":"closed","ping_status":"closed","template":"","meta":{"_eb_attr":"","content-type":"","_uag_custom_page_level_css":"","footnotes":""},"class_list":["post-314212","page","type-page","status-publish","has-post-thumbnail"],"yoast_head":"<!-- This site is optimized with the Yoast SEO plugin v25.3.1 - https:\/\/yoast.com\/wordpress\/plugins\/seo\/ -->\n<title>LED Renk G\u00f6stergeleri - Pole Pro \u015earj Cihaz\u0131<\/title>\n<meta name=\"description\" content=\"Pole Pro&#039;nun yan\u0131ndaki konekt\u00f6rler, \u015farj durumuna g\u00f6re ayd\u0131nlan\u0131r. Farkl\u0131 anlamlar\u0131n\u0131 \u00f6\u011frenin. V2C\" \/>\n<meta name=\"robots\" content=\"index, follow, max-snippet:-1, max-image-preview:large, max-video-preview:-1\" \/>\n<link rel=\"canonical\" href=\"https:\/\/v2charge.com\/tr\/destek-alani\/pole-pro\/pole-pro-sarj-cihazinin-aydinlatma-gostergeleri\/\" \/>\n<meta property=\"og:locale\" content=\"tr_TR\" \/>\n<meta property=\"og:type\" content=\"article\" \/>\n<meta property=\"og:title\" content=\"LED Renk G\u00f6stergeleri - Pole Pro \u015earj Cihaz\u0131\" \/>\n<meta property=\"og:description\" content=\"Pole Pro&#039;nun yan\u0131ndaki konekt\u00f6rler, \u015farj durumuna g\u00f6re ayd\u0131nlan\u0131r. Farkl\u0131 anlamlar\u0131n\u0131 \u00f6\u011frenin. V2C\" \/>\n<meta property=\"og:url\" content=\"https:\/\/v2charge.com\/tr\/destek-alani\/pole-pro\/pole-pro-sarj-cihazinin-aydinlatma-gostergeleri\/\" \/>\n<meta property=\"og:site_name\" content=\"V2C\" \/>\n<meta property=\"article:publisher\" content=\"https:\/\/www.facebook.com\/V2C.Charge\" \/>\n<meta property=\"article:modified_time\" content=\"2026-01-09T14:23:46+00:00\" \/>\n<meta property=\"og:image\" content=\"https:\/\/v2charge.com\/wp-content\/uploads\/2024\/07\/v2c-electric-chargers.jpg\" \/>\n\t<meta property=\"og:image:width\" content=\"1200\" \/>\n\t<meta property=\"og:image:height\" content=\"675\" \/>\n\t<meta property=\"og:image:type\" content=\"image\/jpeg\" \/>\n<meta name=\"twitter:card\" content=\"summary_large_image\" \/>\n<meta name=\"twitter:site\" content=\"@V2C_Charge\" \/>\n<meta name=\"twitter:label1\" content=\"Tahmini okuma s\u00fcresi\" \/>\n\t<meta name=\"twitter:data1\" content=\"3 dakika\" \/>\n<script type=\"application\/ld+json\" class=\"yoast-schema-graph\">{\"@context\":\"https:\/\/schema.org\",\"@graph\":[{\"@type\":\"WebPage\",\"@id\":\"https:\/\/v2charge.com\/tr\/destek-alani\/pole-pro\/pole-pro-sarj-cihazinin-aydinlatma-gostergeleri\/\",\"url\":\"https:\/\/v2charge.com\/tr\/destek-alani\/pole-pro\/pole-pro-sarj-cihazinin-aydinlatma-gostergeleri\/\",\"name\":\"LED Renk G\u00f6stergeleri - Pole Pro \u015earj Cihaz\u0131\",\"isPartOf\":{\"@id\":\"https:\/\/v2charge.com\/tr\/#website\"},\"primaryImageOfPage\":{\"@id\":\"https:\/\/v2charge.com\/tr\/destek-alani\/pole-pro\/pole-pro-sarj-cihazinin-aydinlatma-gostergeleri\/#primaryimage\"},\"image\":{\"@id\":\"https:\/\/v2charge.com\/tr\/destek-alani\/pole-pro\/pole-pro-sarj-cihazinin-aydinlatma-gostergeleri\/#primaryimage\"},\"thumbnailUrl\":\"https:\/\/v2charge.com\/wp-content\/uploads\/2024\/07\/v2c-electric-chargers.jpg\",\"datePublished\":\"2024-03-21T07:50:09+00:00\",\"dateModified\":\"2026-01-09T14:23:46+00:00\",\"description\":\"Pole Pro'nun yan\u0131ndaki konekt\u00f6rler, \u015farj durumuna g\u00f6re ayd\u0131nlan\u0131r. Farkl\u0131 anlamlar\u0131n\u0131 \u00f6\u011frenin. V2C\",\"breadcrumb\":{\"@id\":\"https:\/\/v2charge.com\/tr\/destek-alani\/pole-pro\/pole-pro-sarj-cihazinin-aydinlatma-gostergeleri\/#breadcrumb\"},\"inLanguage\":\"tr\",\"potentialAction\":[{\"@type\":\"ReadAction\",\"target\":[\"https:\/\/v2charge.com\/tr\/destek-alani\/pole-pro\/pole-pro-sarj-cihazinin-aydinlatma-gostergeleri\/\"]}]},{\"@type\":\"ImageObject\",\"inLanguage\":\"tr\",\"@id\":\"https:\/\/v2charge.com\/tr\/destek-alani\/pole-pro\/pole-pro-sarj-cihazinin-aydinlatma-gostergeleri\/#primaryimage\",\"url\":\"https:\/\/v2charge.com\/wp-content\/uploads\/2024\/07\/v2c-electric-chargers.jpg\",\"contentUrl\":\"https:\/\/v2charge.com\/wp-content\/uploads\/2024\/07\/v2c-electric-chargers.jpg\",\"width\":1200,\"height\":675,\"caption\":\"V2C Electric Chargers\"},{\"@type\":\"BreadcrumbList\",\"@id\":\"https:\/\/v2charge.com\/tr\/destek-alani\/pole-pro\/pole-pro-sarj-cihazinin-aydinlatma-gostergeleri\/#breadcrumb\",\"itemListElement\":[{\"@type\":\"ListItem\",\"position\":1,\"name\":\"V2C\",\"item\":\"https:\/\/v2charge.com\/tr\/\"},{\"@type\":\"ListItem\",\"position\":2,\"name\":\"Destek Alan\u0131.\",\"item\":\"https:\/\/v2charge.com\/tr\/destek-alani\/\"},{\"@type\":\"ListItem\",\"position\":3,\"name\":\"Pole deste\u011fi\",\"item\":\"https:\/\/v2charge.com\/tr\/destek-alani\/pole-pro\/\"},{\"@type\":\"ListItem\",\"position\":4,\"name\":\"Indicaciones de los colores LED de los conectores\"}]},{\"@type\":\"WebSite\",\"@id\":\"https:\/\/v2charge.com\/tr\/#website\",\"url\":\"https:\/\/v2charge.com\/tr\/\",\"name\":\"V2C\",\"description\":\"#CargandoElMa\u00f1ana\",\"publisher\":{\"@id\":\"https:\/\/v2charge.com\/tr\/#organization\"},\"potentialAction\":[{\"@type\":\"SearchAction\",\"target\":{\"@type\":\"EntryPoint\",\"urlTemplate\":\"https:\/\/v2charge.com\/tr\/?s={search_term_string}\"},\"query-input\":{\"@type\":\"PropertyValueSpecification\",\"valueRequired\":true,\"valueName\":\"search_term_string\"}}],\"inLanguage\":\"tr\"},{\"@type\":\"Organization\",\"@id\":\"https:\/\/v2charge.com\/tr\/#organization\",\"name\":\"V2C\",\"url\":\"https:\/\/v2charge.com\/tr\/\",\"logo\":{\"@type\":\"ImageObject\",\"inLanguage\":\"tr\",\"@id\":\"https:\/\/v2charge.com\/tr\/#\/schema\/logo\/image\/\",\"url\":\"https:\/\/v2charge.com\/wp-content\/uploads\/2024\/11\/cropped-v2c-charge-logo-menu.png\",\"contentUrl\":\"https:\/\/v2charge.com\/wp-content\/uploads\/2024\/11\/cropped-v2c-charge-logo-menu.png\",\"width\":984,\"height\":431,\"caption\":\"V2C\"},\"image\":{\"@id\":\"https:\/\/v2charge.com\/tr\/#\/schema\/logo\/image\/\"},\"sameAs\":[\"https:\/\/www.facebook.com\/V2C.Charge\",\"https:\/\/x.com\/V2C_Charge\",\"https:\/\/www.instagram.com\/v2c.charge\/\",\"https:\/\/www.youtube.com\/@V2C\",\"https:\/\/www.linkedin.com\/company\/v2c-chargers\/\"]}]}<\/script>\n<!-- \/ Yoast SEO plugin. -->","yoast_head_json":{"title":"LED Renk G\u00f6stergeleri - Pole Pro \u015earj Cihaz\u0131","description":"Pole Pro'nun yan\u0131ndaki konekt\u00f6rler, \u015farj durumuna g\u00f6re ayd\u0131nlan\u0131r. Farkl\u0131 anlamlar\u0131n\u0131 \u00f6\u011frenin. V2C","robots":{"index":"index","follow":"follow","max-snippet":"max-snippet:-1","max-image-preview":"max-image-preview:large","max-video-preview":"max-video-preview:-1"},"canonical":"https:\/\/v2charge.com\/tr\/destek-alani\/pole-pro\/pole-pro-sarj-cihazinin-aydinlatma-gostergeleri\/","og_locale":"tr_TR","og_type":"article","og_title":"LED Renk G\u00f6stergeleri - Pole Pro \u015earj Cihaz\u0131","og_description":"Pole Pro'nun yan\u0131ndaki konekt\u00f6rler, \u015farj durumuna g\u00f6re ayd\u0131nlan\u0131r. Farkl\u0131 anlamlar\u0131n\u0131 \u00f6\u011frenin. V2C","og_url":"https:\/\/v2charge.com\/tr\/destek-alani\/pole-pro\/pole-pro-sarj-cihazinin-aydinlatma-gostergeleri\/","og_site_name":"V2C","article_publisher":"https:\/\/www.facebook.com\/V2C.Charge","article_modified_time":"2026-01-09T14:23:46+00:00","og_image":[{"width":1200,"height":675,"url":"https:\/\/v2charge.com\/wp-content\/uploads\/2024\/07\/v2c-electric-chargers.jpg","type":"image\/jpeg"}],"twitter_card":"summary_large_image","twitter_site":"@V2C_Charge","twitter_misc":{"Tahmini okuma s\u00fcresi":"3 dakika"},"schema":{"@context":"https:\/\/schema.org","@graph":[{"@type":"WebPage","@id":"https:\/\/v2charge.com\/tr\/destek-alani\/pole-pro\/pole-pro-sarj-cihazinin-aydinlatma-gostergeleri\/","url":"https:\/\/v2charge.com\/tr\/destek-alani\/pole-pro\/pole-pro-sarj-cihazinin-aydinlatma-gostergeleri\/","name":"LED Renk G\u00f6stergeleri - Pole Pro \u015earj Cihaz\u0131","isPartOf":{"@id":"https:\/\/v2charge.com\/tr\/#website"},"primaryImageOfPage":{"@id":"https:\/\/v2charge.com\/tr\/destek-alani\/pole-pro\/pole-pro-sarj-cihazinin-aydinlatma-gostergeleri\/#primaryimage"},"image":{"@id":"https:\/\/v2charge.com\/tr\/destek-alani\/pole-pro\/pole-pro-sarj-cihazinin-aydinlatma-gostergeleri\/#primaryimage"},"thumbnailUrl":"https:\/\/v2charge.com\/wp-content\/uploads\/2024\/07\/v2c-electric-chargers.jpg","datePublished":"2024-03-21T07:50:09+00:00","dateModified":"2026-01-09T14:23:46+00:00","description":"Pole Pro'nun yan\u0131ndaki konekt\u00f6rler, \u015farj durumuna g\u00f6re ayd\u0131nlan\u0131r. Farkl\u0131 anlamlar\u0131n\u0131 \u00f6\u011frenin. V2C","breadcrumb":{"@id":"https:\/\/v2charge.com\/tr\/destek-alani\/pole-pro\/pole-pro-sarj-cihazinin-aydinlatma-gostergeleri\/#breadcrumb"},"inLanguage":"tr","potentialAction":[{"@type":"ReadAction","target":["https:\/\/v2charge.com\/tr\/destek-alani\/pole-pro\/pole-pro-sarj-cihazinin-aydinlatma-gostergeleri\/"]}]},{"@type":"ImageObject","inLanguage":"tr","@id":"https:\/\/v2charge.com\/tr\/destek-alani\/pole-pro\/pole-pro-sarj-cihazinin-aydinlatma-gostergeleri\/#primaryimage","url":"https:\/\/v2charge.com\/wp-content\/uploads\/2024\/07\/v2c-electric-chargers.jpg","contentUrl":"https:\/\/v2charge.com\/wp-content\/uploads\/2024\/07\/v2c-electric-chargers.jpg","width":1200,"height":675,"caption":"V2C Electric Chargers"},{"@type":"BreadcrumbList","@id":"https:\/\/v2charge.com\/tr\/destek-alani\/pole-pro\/pole-pro-sarj-cihazinin-aydinlatma-gostergeleri\/#breadcrumb","itemListElement":[{"@type":"ListItem","position":1,"name":"V2C","item":"https:\/\/v2charge.com\/tr\/"},{"@type":"ListItem","position":2,"name":"Destek Alan\u0131.","item":"https:\/\/v2charge.com\/tr\/destek-alani\/"},{"@type":"ListItem","position":3,"name":"Pole deste\u011fi","item":"https:\/\/v2charge.com\/tr\/destek-alani\/pole-pro\/"},{"@type":"ListItem","position":4,"name":"Indicaciones de los colores LED de los conectores"}]},{"@type":"WebSite","@id":"https:\/\/v2charge.com\/tr\/#website","url":"https:\/\/v2charge.com\/tr\/","name":"V2C","description":"#CargandoElMa\u00f1ana","publisher":{"@id":"https:\/\/v2charge.com\/tr\/#organization"},"potentialAction":[{"@type":"SearchAction","target":{"@type":"EntryPoint","urlTemplate":"https:\/\/v2charge.com\/tr\/?s={search_term_string}"},"query-input":{"@type":"PropertyValueSpecification","valueRequired":true,"valueName":"search_term_string"}}],"inLanguage":"tr"},{"@type":"Organization","@id":"https:\/\/v2charge.com\/tr\/#organization","name":"V2C","url":"https:\/\/v2charge.com\/tr\/","logo":{"@type":"ImageObject","inLanguage":"tr","@id":"https:\/\/v2charge.com\/tr\/#\/schema\/logo\/image\/","url":"https:\/\/v2charge.com\/wp-content\/uploads\/2024\/11\/cropped-v2c-charge-logo-menu.png","contentUrl":"https:\/\/v2charge.com\/wp-content\/uploads\/2024\/11\/cropped-v2c-charge-logo-menu.png","width":984,"height":431,"caption":"V2C"},"image":{"@id":"https:\/\/v2charge.com\/tr\/#\/schema\/logo\/image\/"},"sameAs":["https:\/\/www.facebook.com\/V2C.Charge","https:\/\/x.com\/V2C_Charge","https:\/\/www.instagram.com\/v2c.charge\/","https:\/\/www.youtube.com\/@V2C","https:\/\/www.linkedin.com\/company\/v2c-chargers\/"]}]}},"uagb_featured_image_src":{"full":["https:\/\/v2charge.com\/wp-content\/uploads\/2024\/07\/v2c-electric-chargers.jpg",1200,675,false],"thumbnail":["https:\/\/v2charge.com\/wp-content\/uploads\/2024\/07\/v2c-electric-chargers-150x150.jpg",150,150,true],"medium":["https:\/\/v2charge.com\/wp-content\/uploads\/2024\/07\/v2c-electric-chargers-300x169.jpg",300,169,true],"medium_large":["https:\/\/v2charge.com\/wp-content\/uploads\/2024\/07\/v2c-electric-chargers-768x432.jpg",768,432,true],"large":["https:\/\/v2charge.com\/wp-content\/uploads\/2024\/07\/v2c-electric-chargers-1024x576.jpg",1024,576,true],"gs-tiny":["https:\/\/v2charge.com\/wp-content\/uploads\/2024\/07\/v2c-electric-chargers.jpg",50,28,false],"xl":["https:\/\/v2charge.com\/wp-content\/uploads\/2024\/07\/v2c-electric-chargers.jpg",1200,675,false],"xxl":["https:\/\/v2charge.com\/wp-content\/uploads\/2024\/07\/v2c-electric-chargers.jpg",1200,675,false],"xxxl":["https:\/\/v2charge.com\/wp-content\/uploads\/2024\/07\/v2c-electric-chargers.jpg",1200,675,false],"xxxxl":["https:\/\/v2charge.com\/wp-content\/uploads\/2024\/07\/v2c-electric-chargers.jpg",1200,675,false],"xxxxxl":["https:\/\/v2charge.com\/wp-content\/uploads\/2024\/07\/v2c-electric-chargers.jpg",1200,675,false],"1536x1536":["https:\/\/v2charge.com\/wp-content\/uploads\/2024\/07\/v2c-electric-chargers.jpg",1200,675,false],"2048x2048":["https:\/\/v2charge.com\/wp-content\/uploads\/2024\/07\/v2c-electric-chargers.jpg",1200,675,false]},"uagb_author_info":{"display_name":"V2C","author_link":"https:\/\/v2charge.com\/tr\/author\/marketing\/"},"uagb_comment_info":0,"uagb_excerpt":"Pole Pro Ayd\u0131nlatma G\u00f6stergeleri e-Charger&#8217;\u0131n yan taraflar\u0131nda bulunan konnekt\u00f6rlerin LED ayd\u0131nlatmas\u0131 \u015farj durumuna g\u00f6re renk de\u011fi\u015ftirir. V2C Cloud versiyonu Pole Pro e-Chargers i\u00e7in bu \u0131\u015f\u0131kl\u0131 mesajlar, \u015farj cihaz\u0131n\u0131n bulundu\u011fu durumu anlamay\u0131 kolayla\u015ft\u0131ran ekran talimatlar\u0131 ile birlikte gelir. A\u015fa\u011f\u0131da her rengin anlam\u0131n\u0131 \u00f6\u011frenin: Teknik destek mi gerekiyor? Sorununuzu an\u0131nda AI ile Sohbetimiz \u00fczerinden \u00e7\u00f6z\u00fcn. E\u011fer \u00e7\u00f6z\u00fclmezse,&hellip;","_links":{"self":[{"href":"https:\/\/v2charge.com\/tr\/wp-json\/wp\/v2\/pages\/314212","targetHints":{"allow":["GET"]}}],"collection":[{"href":"https:\/\/v2charge.com\/tr\/wp-json\/wp\/v2\/pages"}],"about":[{"href":"https:\/\/v2charge.com\/tr\/wp-json\/wp\/v2\/types\/page"}],"author":[{"embeddable":true,"href":"https:\/\/v2charge.com\/tr\/wp-json\/wp\/v2\/users\/400"}],"replies":[{"embeddable":true,"href":"https:\/\/v2charge.com\/tr\/wp-json\/wp\/v2\/comments?post=314212"}],"version-history":[{"count":0,"href":"https:\/\/v2charge.com\/tr\/wp-json\/wp\/v2\/pages\/314212\/revisions"}],"up":[{"embeddable":true,"href":"https:\/\/v2charge.com\/tr\/wp-json\/wp\/v2\/pages\/75662"}],"wp:featuredmedia":[{"embeddable":true,"href":"https:\/\/v2charge.com\/tr\/wp-json\/wp\/v2\/media\/170354"}],"wp:attachment":[{"href":"https:\/\/v2charge.com\/tr\/wp-json\/wp\/v2\/media?parent=314212"}],"curies":[{"name":"wp","href":"https:\/\/api.w.org\/{rel}","templated":true}]}}