{"id":314221,"date":"2024-03-21T13:02:26","date_gmt":"2024-03-21T11:02:26","guid":{"rendered":""},"modified":"2026-04-19T09:39:54","modified_gmt":"2026-04-19T09:39:54","slug":"pole-pro-nun-en-son-surumunu-guncelleyin","status":"publish","type":"page","link":"https:\/\/v2charge.com\/tr\/destek-alani\/pole-pro\/pole-pro-nun-en-son-surumunu-guncelleyin\/","title":{"rendered":"Pole Pro&#8217;nun En Son S\u00fcr\u00fcm\u00fcne G\u00fcncelleyin"},"content":{"rendered":"\n<div class=\"wp-block-uagb-container uagb-block-9d828d1c alignfull uagb-is-root-container\"><div class=\"uagb-container-inner-blocks-wrap\"><div class=\"yoast-breadcrumbs\"><span><span><a href=\"https:\/\/v2charge.com\/tr\/\">V2C<\/a><\/span> \u00bb <span><a href=\"https:\/\/v2charge.com\/tr\/destek-alani\/\">Destek Alan\u0131.<\/a><\/span> \u00bb <span><a href=\"https:\/\/v2charge.com\/tr\/destek-alani\/pole-pro\/\">Pole deste\u011fi<\/a><\/span> \u00bb <span class=\"breadcrumb_last\" aria-current=\"page\">Actualizar \u00faltima versi\u00f3n<\/span><\/span><\/div>\n\n<div class=\"wp-block-uagb-advanced-heading uagb-block-be8360a4\"><h1 class=\"uagb-heading-text\"><strong>Pole Pro&#8217;nun en son s\u00fcr\u00fcm\u00fcne g\u00fcncelleyin<\/strong><\/h1><\/div>\n\n<p>\u00dcr\u00fcnlerimizin yeteneklerini s\u00fcrekli olarak geli\u015ftirmeye \u00e7al\u0131\u015f\u0131yoruz. Bu nedenle, <strong>yeni \u00f6zelliklere eri\u015fmek ve optimal performans\u0131 sa\u011flamak<\/strong> i\u00e7in \u015farj cihaz\u0131n\u0131z\u0131n en son mevcut yaz\u0131l\u0131m s\u00fcr\u00fcm\u00fcne g\u00fcncellenmesi \u00f6nemlidir.<\/p>\n\n<p>e-Charger belirli bir ekranda tak\u0131l\u0131 kal\u0131rsa veya g\u00fcncelleme s\u0131ras\u0131nda yan\u0131t vermez hale gelirse, cihaz\u0131 yeniden ba\u015flatmak ve i\u015flemi tekrarlamak \u00f6nerilir.<\/p>\n\n\n<div class=\"wp-block-uagb-separator uagb-block-0ae264e6\"><div class=\"wp-block-uagb-separator__inner\" style=\"--my-background-image:\"><\/div><\/div>\n<\/div><\/div>\n\n\n\n<div class=\"wp-block-uagb-container uagb-block-bfc8955b alignfull uagb-is-root-container\"><div class=\"uagb-container-inner-blocks-wrap\">\n<div class=\"wp-block-uagb-container uagb-block-0f1a2f04 alignfull uagb-is-root-container\"><div class=\"uagb-container-inner-blocks-wrap\">\n<div class=\"wp-block-uagb-container uagb-block-ba2bc23f\"><div class=\"wp-block-uagb-advanced-heading uagb-block-bead9183\"><h2 class=\"uagb-heading-text\"><strong>V2C Cloud ile Pole Pro&#8217;yu G\u00fcncelleme<\/strong><\/h2><\/div>\n\n<p>e-Charger&#8217;\u0131n\u0131z\u0131n stabil bir Internet ba\u011flant\u0131s\u0131 varsa, g\u00fcncellemeyi basit bir \u00fc\u00e7 ad\u0131ml\u0131 s\u00fcre\u00e7le do\u011frudan <a href=\"https:\/\/v2charge.com\/support\/v2c-cloud\/configuration-v2c-cloud\/\"><strong>V2C Cloud<\/strong><\/a> uygulamas\u0131ndan ger\u00e7ekle\u015ftirebilirsiniz:<\/p>\n\n<div class=\"wp-block-uagb-advanced-heading uagb-block-2725ba75\"><h3 class=\"uagb-heading-text\"><strong>Pole Pro&#8217;yu g\u00fcncelleme ad\u0131mlar\u0131<\/strong><\/h3><\/div>\n\n<div class=\"wp-block-uagb-info-box uagb-block-842a1833 uagb-infobox__content-wrap  uagb-infobox-icon-left-title uagb-infobox-left uagb-infobox-image-valign-top\"><div class=\"uagb-ifb-content\"><div class=\"uagb-ifb-left-title-image\"><div class=\"uagb-ifb-image-content\"><img decoding=\"async\" src=\"https:\/\/v2charge.com\/wp-content\/uploads\/2023\/11\/numero-uno.png\" alt=\"\" width=\"32\" height=\"32\" loading=\"lazy\"\/><\/div><div class=\"uagb-ifb-title-wrap\"><p class=\"uagb-ifb-title\">G\u00fcncellemek istedi\u011finiz e-Charger&#8217;\u0131 se\u00e7in.<\/p><\/div><\/div><\/div><\/div>\n\n<div class=\"wp-block-uagb-info-box uagb-block-a4f2e403 uagb-infobox__content-wrap  uagb-infobox-icon-left-title uagb-infobox-left uagb-infobox-image-valign-top\"><div class=\"uagb-ifb-content\"><div class=\"uagb-ifb-left-title-image\"><div class=\"uagb-ifb-image-content\"><img decoding=\"async\" src=\"https:\/\/v2charge.com\/wp-content\/uploads\/2023\/11\/numero-dos.png\" alt=\"\" width=\"32\" height=\"32\" loading=\"lazy\"\/><\/div><div class=\"uagb-ifb-title-wrap\"><p class=\"uagb-ifb-title\">&#8216;Ayarlar&#8217; men\u00fcs\u00fcne eri\u015fin.<\/p><\/div><\/div><\/div><\/div>\n\n<div class=\"wp-block-uagb-info-box uagb-block-0bf539ee uagb-infobox__content-wrap  uagb-infobox-icon-left-title uagb-infobox-left uagb-infobox-image-valign-top\"><div class=\"uagb-ifb-content\"><div class=\"uagb-ifb-left-title-image\"><div class=\"uagb-ifb-image-content\"><img decoding=\"async\" src=\"https:\/\/v2charge.com\/wp-content\/uploads\/2023\/11\/numero-tres.png\" alt=\"\" width=\"32\" height=\"32\" loading=\"lazy\"\/><\/div><div class=\"uagb-ifb-title-wrap\"><p class=\"uagb-ifb-title\">Men\u00fcn\u00fcn sonuna kadar kayd\u0131r\u0131n ve \u2018firmware g\u00fcncelle\u2019 se\u00e7ene\u011fini se\u00e7in.<\/p><\/div><\/div><\/div><\/div>\n\n<div class=\"wp-block-uagb-advanced-heading uagb-block-95c26006\"><p class=\"uagb-heading-text\">E\u011fer &#8220;firmware g\u00fcncelle&#8221; butonu g\u00f6r\u00fcnm\u00fcyorsa, bu, \u015farj cihaz\u0131n\u0131z\u0131n zaten en son s\u00fcr\u00fcm\u00fc \u00e7al\u0131\u015ft\u0131rd\u0131\u011f\u0131 anlam\u0131na gelir.<\/p><\/div><\/div>\n\n\n\n<div class=\"wp-block-uagb-container uagb-block-9dcd994f\">\t\t\t\t\t<div\n\t\t\t\t\t\tclass=\"wp-block-uagb-image-gallery uagb-block-5a9ff492     \"\n\t\t\t\t\t\tstyle=\"\"\n\t\t\t\t\t>\n\t\t\t\t\t\t\t\t\t\t\t<div class=\"spectra-image-gallery spectra-image-gallery__layout--carousel\">\n\t\t\t\t\t\t\t\t<div class=\"uagb-slick-carousel uagb-block-5a9ff492\">\n\t\t\t\t\t\t\t\t\t\t\t\t<div class='spectra-image-gallery__media-wrapper' data-spectra-gallery-image-id='174552'>\n\t\t\t\t\t\t\t<div class=\"spectra-image-gallery__media spectra-image-gallery__media--carousel\">\n\t\t\t\t<picture>\n\t\t\t\t\t<source media=\"(min-width: 1024px)\" srcset=\"https:\/\/v2charge.com\/wp-content\/uploads\/2024\/08\/pole-pro-e-chargers.jpg\">\n\t\t\t\t\t<source media=\"(min-width: 768px)\" srcset=\"https:\/\/v2charge.com\/wp-content\/uploads\/2024\/08\/pole-pro-e-chargers.jpg\">\n\t\t\t\t\t<img decoding=\"async\" class=\"spectra-image-gallery__media-thumbnail spectra-image-gallery__media-thumbnail--carousel\" src=\"https:\/\/v2charge.com\/wp-content\/uploads\/2024\/08\/pole-pro-e-chargers-176x300.jpg\" alt=\"\" loading=\"lazy\" \/>\n\t\t\t\t<\/picture>\n\t\t\t\t<div class=\"spectra-image-gallery__media-thumbnail-blurrer\"><\/div>\n\t\t\t\t\t\t\t\t\t\t\t<div class=\"spectra-image-gallery__media-thumbnail-caption-wrapper spectra-image-gallery__media-thumbnail-caption-wrapper--overlay\"><\/div>\n\t\t\t\t\t\t\t\t<\/div>\n\t\t\t\t\t\t<\/div>\n\t\t\t\t\t\t<div class='spectra-image-gallery__media-wrapper' data-spectra-gallery-image-id='174562'>\n\t\t\t\t\t\t\t<div class=\"spectra-image-gallery__media spectra-image-gallery__media--carousel\">\n\t\t\t\t<picture>\n\t\t\t\t\t<source media=\"(min-width: 1024px)\" srcset=\"https:\/\/v2charge.com\/wp-content\/uploads\/2024\/08\/pole-pro-e-configuration.jpg\">\n\t\t\t\t\t<source media=\"(min-width: 768px)\" srcset=\"https:\/\/v2charge.com\/wp-content\/uploads\/2024\/08\/pole-pro-e-configuration.jpg\">\n\t\t\t\t\t<img decoding=\"async\" class=\"spectra-image-gallery__media-thumbnail spectra-image-gallery__media-thumbnail--carousel\" src=\"https:\/\/v2charge.com\/wp-content\/uploads\/2024\/08\/pole-pro-e-configuration-176x300.jpg\" alt=\"\" loading=\"lazy\" \/>\n\t\t\t\t<\/picture>\n\t\t\t\t<div class=\"spectra-image-gallery__media-thumbnail-blurrer\"><\/div>\n\t\t\t\t\t\t\t\t\t\t\t<div class=\"spectra-image-gallery__media-thumbnail-caption-wrapper spectra-image-gallery__media-thumbnail-caption-wrapper--overlay\"><\/div>\n\t\t\t\t\t\t\t\t<\/div>\n\t\t\t\t\t\t<\/div>\n\t\t\t\t\t\t<div class='spectra-image-gallery__media-wrapper' data-spectra-gallery-image-id='174572'>\n\t\t\t\t\t\t\t<div class=\"spectra-image-gallery__media spectra-image-gallery__media--carousel\">\n\t\t\t\t<picture>\n\t\t\t\t\t<source media=\"(min-width: 1024px)\" srcset=\"https:\/\/v2charge.com\/wp-content\/uploads\/2024\/08\/pole-pro-e-configure-connection.jpg\">\n\t\t\t\t\t<source media=\"(min-width: 768px)\" srcset=\"https:\/\/v2charge.com\/wp-content\/uploads\/2024\/08\/pole-pro-e-configure-connection.jpg\">\n\t\t\t\t\t<img decoding=\"async\" class=\"spectra-image-gallery__media-thumbnail spectra-image-gallery__media-thumbnail--carousel\" src=\"https:\/\/v2charge.com\/wp-content\/uploads\/2024\/08\/pole-pro-e-configure-connection-176x300.jpg\" alt=\"\" loading=\"lazy\" \/>\n\t\t\t\t<\/picture>\n\t\t\t\t<div class=\"spectra-image-gallery__media-thumbnail-blurrer\"><\/div>\n\t\t\t\t\t\t\t\t\t\t\t<div class=\"spectra-image-gallery__media-thumbnail-caption-wrapper spectra-image-gallery__media-thumbnail-caption-wrapper--overlay\"><\/div>\n\t\t\t\t\t\t\t\t<\/div>\n\t\t\t\t\t\t<\/div>\n\t\t\t\t\t\t\t\t\t\t\t<\/div>\n\t\t\t\t\t\t\t<\/div>\n\t\t\t\t\t\t\t\t\t\t\t<\/div>\n\t\t\t\t\t\t\t\t\t<\/div>\n<\/div><\/div>\n<\/div><\/div>\n\n\n\n<div class=\"wp-block-uagb-container uagb-block-c6f38013 alignfull uagb-is-root-container\"><div class=\"uagb-container-inner-blocks-wrap\"><div class=\"wp-block-uagb-advanced-heading uagb-block-6963d70c\"><h2 class=\"uagb-heading-text\"><strong>Teknik deste\u011fe mi ihtiyac\u0131n\u0131z var?<\/strong><\/h2><\/div>\n\n<div class=\"wp-block-uagb-advanced-heading uagb-block-408243eb\"><p class=\"uagb-heading-text\">Sorununuzu an\u0131nda AI Sohbetimiz arac\u0131l\u0131\u011f\u0131yla \u00e7\u00f6z\u00fcn. E\u011fer \u00e7\u00f6z\u00fclmezse, Teknik Destek Merkezi arac\u0131l\u0131\u011f\u0131yla bir talep g\u00f6nderin ve en k\u0131sa s\u00fcrede en iyi \u00e7\u00f6z\u00fcm\u00fc sa\u011flamak i\u00e7in sizinle ileti\u015fime ge\u00e7ece\u011fiz.<\/p><\/div>\n\n<div class=\"wp-block-uagb-info-box uagb-block-12e3cf1c uagb-infobox__content-wrap  uagb-infobox-icon-left uagb-infobox-left uagb-infobox-image-valign-top wp-block-uagb-info-box--has-margin ai-chatbot-button\"><div class=\"uagb-infobox-margin-wrapper\"><div class=\"uagb-ifb-image-content\"><img decoding=\"async\" src=\"https:\/\/v2charge.com\/wp-content\/uploads\/2026\/01\/support-ai-chatbot.png\" alt=\"\" width=\"20\" height=\"19\" loading=\"lazy\"\/><\/div><div class=\"uagb-ifb-content\"><div class=\"uagb-ifb-title-wrap\"><\/div><div class=\"uagb-ifb-button-wrapper wp-block-button\"><a href=\"https:\/\/v2charge.com\/v2c-support-web\/\" class=\"uagb-infobox-cta-link wp-block-button__link\" target=\"_blank\" rel=\"noopener noreferrer\" onclick=\"return true;\"><span class=\"uagb-inline-editing\">Yapay Zeka Sohbet Botumuza Sorun<\/span><\/a><\/div><\/div><\/div><\/div>\n\n\n<div class=\"wp-block-uagb-buttons uagb-buttons__outer-wrap uagb-btn__default-btn uagb-btn-tablet__default-btn uagb-btn-mobile__default-btn uagb-block-ba1e67d1\"><div class=\"uagb-buttons__wrap uagb-buttons-layout-wrap \"><div class=\"wp-block-uagb-buttons-child uagb-buttons__outer-wrap uagb-block-23cfb623 wp-block-button\"><div class=\"uagb-button__wrapper\"><a class=\"uagb-buttons-repeater wp-block-button__link\" aria-label=\"\" href=\"https:\/\/v2charge.atlassian.net\/servicedesk\/customer\/portal\/3\" rel=\"follow noopener\" target=\"_blank\" role=\"button\"><div class=\"uagb-button__link\">Teknik Destek ile \u0130leti\u015fime Ge\u00e7in<\/div><\/a><\/div><\/div><\/div><\/div>\n<\/div><\/div>\n","protected":false},"excerpt":{"rendered":"<p>Pole Pro&#8217;nun en son s\u00fcr\u00fcm\u00fcne g\u00fcncelleyin \u00dcr\u00fcnlerimizin yeteneklerini s\u00fcrekli olarak geli\u015ftirmeye \u00e7al\u0131\u015f\u0131yoruz. Bu nedenle, yeni \u00f6zelliklere eri\u015fmek ve optimal performans\u0131 sa\u011flamak i\u00e7in \u015farj cihaz\u0131n\u0131z\u0131n en son mevcut yaz\u0131l\u0131m s\u00fcr\u00fcm\u00fcne g\u00fcncellenmesi \u00f6nemlidir. e-Charger belirli bir ekranda tak\u0131l\u0131 kal\u0131rsa veya g\u00fcncelleme s\u0131ras\u0131nda yan\u0131t vermez hale gelirse, cihaz\u0131 yeniden ba\u015flatmak ve i\u015flemi tekrarlamak \u00f6nerilir. V2C Cloud ile Pole &#8230; <a title=\"Pole Pro&#8217;nun En Son S\u00fcr\u00fcm\u00fcne G\u00fcncelleyin\" class=\"read-more\" href=\"https:\/\/v2charge.com\/tr\/destek-alani\/pole-pro\/pole-pro-nun-en-son-surumunu-guncelleyin\/\" aria-label=\"Read more about Pole Pro&#8217;nun En Son S\u00fcr\u00fcm\u00fcne G\u00fcncelleyin\">Devam\u0131n\u0131 oku<\/a><\/p>\n","protected":false},"author":400,"featured_media":170354,"parent":75662,"menu_order":0,"comment_status":"closed","ping_status":"closed","template":"","meta":{"_eb_attr":"","content-type":"","_uag_custom_page_level_css":"","footnotes":""},"class_list":["post-314221","page","type-page","status-publish","has-post-thumbnail"],"yoast_head":"<!-- This site is optimized with the Yoast SEO plugin v25.3.1 - https:\/\/yoast.com\/wordpress\/plugins\/seo\/ -->\n<title>Pole Pro&#039;nun en son s\u00fcr\u00fcm\u00fcn\u00fc g\u00fcncelleyin - V2C<\/title>\n<meta name=\"description\" content=\"Pole Pro \u015farj cihaz\u0131n\u0131 en son s\u00fcr\u00fcme g\u00fcncellemek i\u00e7in Ad\u0131m Ad\u0131m K\u0131lavuzu ke\u015ffedin | En son \u00f6zelliklerin tad\u0131n\u0131 \u00e7\u0131kar\u0131n\" \/>\n<meta name=\"robots\" content=\"index, follow, max-snippet:-1, max-image-preview:large, max-video-preview:-1\" \/>\n<link rel=\"canonical\" href=\"https:\/\/v2charge.com\/tr\/destek-alani\/pole-pro\/pole-pro-nun-en-son-surumunu-guncelleyin\/\" \/>\n<meta property=\"og:locale\" content=\"tr_TR\" \/>\n<meta property=\"og:type\" content=\"article\" \/>\n<meta property=\"og:title\" content=\"Pole Pro&#039;nun en son s\u00fcr\u00fcm\u00fcn\u00fc g\u00fcncelleyin - V2C\" \/>\n<meta property=\"og:description\" content=\"Pole Pro \u015farj cihaz\u0131n\u0131 en son s\u00fcr\u00fcme g\u00fcncellemek i\u00e7in Ad\u0131m Ad\u0131m K\u0131lavuzu ke\u015ffedin | En son \u00f6zelliklerin tad\u0131n\u0131 \u00e7\u0131kar\u0131n\" \/>\n<meta property=\"og:url\" content=\"https:\/\/v2charge.com\/tr\/destek-alani\/pole-pro\/pole-pro-nun-en-son-surumunu-guncelleyin\/\" \/>\n<meta property=\"og:site_name\" content=\"V2C\" \/>\n<meta property=\"article:publisher\" content=\"https:\/\/www.facebook.com\/V2C.Charge\" \/>\n<meta property=\"article:modified_time\" content=\"2026-04-19T09:39:54+00:00\" \/>\n<meta property=\"og:image\" content=\"https:\/\/v2charge.com\/wp-content\/uploads\/2024\/07\/v2c-electric-chargers.jpg\" \/>\n\t<meta property=\"og:image:width\" content=\"1200\" \/>\n\t<meta property=\"og:image:height\" content=\"675\" \/>\n\t<meta property=\"og:image:type\" content=\"image\/jpeg\" \/>\n<meta name=\"twitter:card\" content=\"summary_large_image\" \/>\n<meta name=\"twitter:site\" content=\"@V2C_Charge\" \/>\n<meta name=\"twitter:label1\" content=\"Tahmini okuma s\u00fcresi\" \/>\n\t<meta name=\"twitter:data1\" content=\"2 dakika\" \/>\n<script type=\"application\/ld+json\" class=\"yoast-schema-graph\">{\"@context\":\"https:\/\/schema.org\",\"@graph\":[{\"@type\":\"WebPage\",\"@id\":\"https:\/\/v2charge.com\/tr\/destek-alani\/pole-pro\/pole-pro-nun-en-son-surumunu-guncelleyin\/\",\"url\":\"https:\/\/v2charge.com\/tr\/destek-alani\/pole-pro\/pole-pro-nun-en-son-surumunu-guncelleyin\/\",\"name\":\"Pole Pro'nun en son s\u00fcr\u00fcm\u00fcn\u00fc g\u00fcncelleyin - V2C\",\"isPartOf\":{\"@id\":\"https:\/\/v2charge.com\/tr\/#website\"},\"primaryImageOfPage\":{\"@id\":\"https:\/\/v2charge.com\/tr\/destek-alani\/pole-pro\/pole-pro-nun-en-son-surumunu-guncelleyin\/#primaryimage\"},\"image\":{\"@id\":\"https:\/\/v2charge.com\/tr\/destek-alani\/pole-pro\/pole-pro-nun-en-son-surumunu-guncelleyin\/#primaryimage\"},\"thumbnailUrl\":\"https:\/\/v2charge.com\/wp-content\/uploads\/2024\/07\/v2c-electric-chargers.jpg\",\"datePublished\":\"2024-03-21T11:02:26+00:00\",\"dateModified\":\"2026-04-19T09:39:54+00:00\",\"description\":\"Pole Pro \u015farj cihaz\u0131n\u0131 en son s\u00fcr\u00fcme g\u00fcncellemek i\u00e7in Ad\u0131m Ad\u0131m K\u0131lavuzu ke\u015ffedin | En son \u00f6zelliklerin tad\u0131n\u0131 \u00e7\u0131kar\u0131n\",\"breadcrumb\":{\"@id\":\"https:\/\/v2charge.com\/tr\/destek-alani\/pole-pro\/pole-pro-nun-en-son-surumunu-guncelleyin\/#breadcrumb\"},\"inLanguage\":\"tr\",\"potentialAction\":[{\"@type\":\"ReadAction\",\"target\":[\"https:\/\/v2charge.com\/tr\/destek-alani\/pole-pro\/pole-pro-nun-en-son-surumunu-guncelleyin\/\"]}]},{\"@type\":\"ImageObject\",\"inLanguage\":\"tr\",\"@id\":\"https:\/\/v2charge.com\/tr\/destek-alani\/pole-pro\/pole-pro-nun-en-son-surumunu-guncelleyin\/#primaryimage\",\"url\":\"https:\/\/v2charge.com\/wp-content\/uploads\/2024\/07\/v2c-electric-chargers.jpg\",\"contentUrl\":\"https:\/\/v2charge.com\/wp-content\/uploads\/2024\/07\/v2c-electric-chargers.jpg\",\"width\":1200,\"height\":675,\"caption\":\"V2C Electric Chargers\"},{\"@type\":\"BreadcrumbList\",\"@id\":\"https:\/\/v2charge.com\/tr\/destek-alani\/pole-pro\/pole-pro-nun-en-son-surumunu-guncelleyin\/#breadcrumb\",\"itemListElement\":[{\"@type\":\"ListItem\",\"position\":1,\"name\":\"V2C\",\"item\":\"https:\/\/v2charge.com\/tr\/\"},{\"@type\":\"ListItem\",\"position\":2,\"name\":\"Destek Alan\u0131.\",\"item\":\"https:\/\/v2charge.com\/tr\/destek-alani\/\"},{\"@type\":\"ListItem\",\"position\":3,\"name\":\"Pole deste\u011fi\",\"item\":\"https:\/\/v2charge.com\/tr\/destek-alani\/pole-pro\/\"},{\"@type\":\"ListItem\",\"position\":4,\"name\":\"Actualizar \u00faltima versi\u00f3n\"}]},{\"@type\":\"WebSite\",\"@id\":\"https:\/\/v2charge.com\/tr\/#website\",\"url\":\"https:\/\/v2charge.com\/tr\/\",\"name\":\"V2C\",\"description\":\"#CargandoElMa\u00f1ana\",\"publisher\":{\"@id\":\"https:\/\/v2charge.com\/tr\/#organization\"},\"potentialAction\":[{\"@type\":\"SearchAction\",\"target\":{\"@type\":\"EntryPoint\",\"urlTemplate\":\"https:\/\/v2charge.com\/tr\/?s={search_term_string}\"},\"query-input\":{\"@type\":\"PropertyValueSpecification\",\"valueRequired\":true,\"valueName\":\"search_term_string\"}}],\"inLanguage\":\"tr\"},{\"@type\":\"Organization\",\"@id\":\"https:\/\/v2charge.com\/tr\/#organization\",\"name\":\"V2C\",\"url\":\"https:\/\/v2charge.com\/tr\/\",\"logo\":{\"@type\":\"ImageObject\",\"inLanguage\":\"tr\",\"@id\":\"https:\/\/v2charge.com\/tr\/#\/schema\/logo\/image\/\",\"url\":\"https:\/\/v2charge.com\/wp-content\/uploads\/2024\/11\/cropped-v2c-charge-logo-menu.png\",\"contentUrl\":\"https:\/\/v2charge.com\/wp-content\/uploads\/2024\/11\/cropped-v2c-charge-logo-menu.png\",\"width\":984,\"height\":431,\"caption\":\"V2C\"},\"image\":{\"@id\":\"https:\/\/v2charge.com\/tr\/#\/schema\/logo\/image\/\"},\"sameAs\":[\"https:\/\/www.facebook.com\/V2C.Charge\",\"https:\/\/x.com\/V2C_Charge\",\"https:\/\/www.instagram.com\/v2c.charge\/\",\"https:\/\/www.youtube.com\/@V2C\",\"https:\/\/www.linkedin.com\/company\/v2c-chargers\/\"]}]}<\/script>\n<!-- \/ Yoast SEO plugin. -->","yoast_head_json":{"title":"Pole Pro'nun en son s\u00fcr\u00fcm\u00fcn\u00fc g\u00fcncelleyin - V2C","description":"Pole Pro \u015farj cihaz\u0131n\u0131 en son s\u00fcr\u00fcme g\u00fcncellemek i\u00e7in Ad\u0131m Ad\u0131m K\u0131lavuzu ke\u015ffedin | En son \u00f6zelliklerin tad\u0131n\u0131 \u00e7\u0131kar\u0131n","robots":{"index":"index","follow":"follow","max-snippet":"max-snippet:-1","max-image-preview":"max-image-preview:large","max-video-preview":"max-video-preview:-1"},"canonical":"https:\/\/v2charge.com\/tr\/destek-alani\/pole-pro\/pole-pro-nun-en-son-surumunu-guncelleyin\/","og_locale":"tr_TR","og_type":"article","og_title":"Pole Pro'nun en son s\u00fcr\u00fcm\u00fcn\u00fc g\u00fcncelleyin - V2C","og_description":"Pole Pro \u015farj cihaz\u0131n\u0131 en son s\u00fcr\u00fcme g\u00fcncellemek i\u00e7in Ad\u0131m Ad\u0131m K\u0131lavuzu ke\u015ffedin | En son \u00f6zelliklerin tad\u0131n\u0131 \u00e7\u0131kar\u0131n","og_url":"https:\/\/v2charge.com\/tr\/destek-alani\/pole-pro\/pole-pro-nun-en-son-surumunu-guncelleyin\/","og_site_name":"V2C","article_publisher":"https:\/\/www.facebook.com\/V2C.Charge","article_modified_time":"2026-04-19T09:39:54+00:00","og_image":[{"width":1200,"height":675,"url":"https:\/\/v2charge.com\/wp-content\/uploads\/2024\/07\/v2c-electric-chargers.jpg","type":"image\/jpeg"}],"twitter_card":"summary_large_image","twitter_site":"@V2C_Charge","twitter_misc":{"Tahmini okuma s\u00fcresi":"2 dakika"},"schema":{"@context":"https:\/\/schema.org","@graph":[{"@type":"WebPage","@id":"https:\/\/v2charge.com\/tr\/destek-alani\/pole-pro\/pole-pro-nun-en-son-surumunu-guncelleyin\/","url":"https:\/\/v2charge.com\/tr\/destek-alani\/pole-pro\/pole-pro-nun-en-son-surumunu-guncelleyin\/","name":"Pole Pro'nun en son s\u00fcr\u00fcm\u00fcn\u00fc g\u00fcncelleyin - V2C","isPartOf":{"@id":"https:\/\/v2charge.com\/tr\/#website"},"primaryImageOfPage":{"@id":"https:\/\/v2charge.com\/tr\/destek-alani\/pole-pro\/pole-pro-nun-en-son-surumunu-guncelleyin\/#primaryimage"},"image":{"@id":"https:\/\/v2charge.com\/tr\/destek-alani\/pole-pro\/pole-pro-nun-en-son-surumunu-guncelleyin\/#primaryimage"},"thumbnailUrl":"https:\/\/v2charge.com\/wp-content\/uploads\/2024\/07\/v2c-electric-chargers.jpg","datePublished":"2024-03-21T11:02:26+00:00","dateModified":"2026-04-19T09:39:54+00:00","description":"Pole Pro \u015farj cihaz\u0131n\u0131 en son s\u00fcr\u00fcme g\u00fcncellemek i\u00e7in Ad\u0131m Ad\u0131m K\u0131lavuzu ke\u015ffedin | En son \u00f6zelliklerin tad\u0131n\u0131 \u00e7\u0131kar\u0131n","breadcrumb":{"@id":"https:\/\/v2charge.com\/tr\/destek-alani\/pole-pro\/pole-pro-nun-en-son-surumunu-guncelleyin\/#breadcrumb"},"inLanguage":"tr","potentialAction":[{"@type":"ReadAction","target":["https:\/\/v2charge.com\/tr\/destek-alani\/pole-pro\/pole-pro-nun-en-son-surumunu-guncelleyin\/"]}]},{"@type":"ImageObject","inLanguage":"tr","@id":"https:\/\/v2charge.com\/tr\/destek-alani\/pole-pro\/pole-pro-nun-en-son-surumunu-guncelleyin\/#primaryimage","url":"https:\/\/v2charge.com\/wp-content\/uploads\/2024\/07\/v2c-electric-chargers.jpg","contentUrl":"https:\/\/v2charge.com\/wp-content\/uploads\/2024\/07\/v2c-electric-chargers.jpg","width":1200,"height":675,"caption":"V2C Electric Chargers"},{"@type":"BreadcrumbList","@id":"https:\/\/v2charge.com\/tr\/destek-alani\/pole-pro\/pole-pro-nun-en-son-surumunu-guncelleyin\/#breadcrumb","itemListElement":[{"@type":"ListItem","position":1,"name":"V2C","item":"https:\/\/v2charge.com\/tr\/"},{"@type":"ListItem","position":2,"name":"Destek Alan\u0131.","item":"https:\/\/v2charge.com\/tr\/destek-alani\/"},{"@type":"ListItem","position":3,"name":"Pole deste\u011fi","item":"https:\/\/v2charge.com\/tr\/destek-alani\/pole-pro\/"},{"@type":"ListItem","position":4,"name":"Actualizar \u00faltima versi\u00f3n"}]},{"@type":"WebSite","@id":"https:\/\/v2charge.com\/tr\/#website","url":"https:\/\/v2charge.com\/tr\/","name":"V2C","description":"#CargandoElMa\u00f1ana","publisher":{"@id":"https:\/\/v2charge.com\/tr\/#organization"},"potentialAction":[{"@type":"SearchAction","target":{"@type":"EntryPoint","urlTemplate":"https:\/\/v2charge.com\/tr\/?s={search_term_string}"},"query-input":{"@type":"PropertyValueSpecification","valueRequired":true,"valueName":"search_term_string"}}],"inLanguage":"tr"},{"@type":"Organization","@id":"https:\/\/v2charge.com\/tr\/#organization","name":"V2C","url":"https:\/\/v2charge.com\/tr\/","logo":{"@type":"ImageObject","inLanguage":"tr","@id":"https:\/\/v2charge.com\/tr\/#\/schema\/logo\/image\/","url":"https:\/\/v2charge.com\/wp-content\/uploads\/2024\/11\/cropped-v2c-charge-logo-menu.png","contentUrl":"https:\/\/v2charge.com\/wp-content\/uploads\/2024\/11\/cropped-v2c-charge-logo-menu.png","width":984,"height":431,"caption":"V2C"},"image":{"@id":"https:\/\/v2charge.com\/tr\/#\/schema\/logo\/image\/"},"sameAs":["https:\/\/www.facebook.com\/V2C.Charge","https:\/\/x.com\/V2C_Charge","https:\/\/www.instagram.com\/v2c.charge\/","https:\/\/www.youtube.com\/@V2C","https:\/\/www.linkedin.com\/company\/v2c-chargers\/"]}]}},"uagb_featured_image_src":{"full":["https:\/\/v2charge.com\/wp-content\/uploads\/2024\/07\/v2c-electric-chargers.jpg",1200,675,false],"thumbnail":["https:\/\/v2charge.com\/wp-content\/uploads\/2024\/07\/v2c-electric-chargers-150x150.jpg",150,150,true],"medium":["https:\/\/v2charge.com\/wp-content\/uploads\/2024\/07\/v2c-electric-chargers-300x169.jpg",300,169,true],"medium_large":["https:\/\/v2charge.com\/wp-content\/uploads\/2024\/07\/v2c-electric-chargers-768x432.jpg",768,432,true],"large":["https:\/\/v2charge.com\/wp-content\/uploads\/2024\/07\/v2c-electric-chargers-1024x576.jpg",1024,576,true],"gs-tiny":["https:\/\/v2charge.com\/wp-content\/uploads\/2024\/07\/v2c-electric-chargers.jpg",50,28,false],"xl":["https:\/\/v2charge.com\/wp-content\/uploads\/2024\/07\/v2c-electric-chargers.jpg",1200,675,false],"xxl":["https:\/\/v2charge.com\/wp-content\/uploads\/2024\/07\/v2c-electric-chargers.jpg",1200,675,false],"xxxl":["https:\/\/v2charge.com\/wp-content\/uploads\/2024\/07\/v2c-electric-chargers.jpg",1200,675,false],"xxxxl":["https:\/\/v2charge.com\/wp-content\/uploads\/2024\/07\/v2c-electric-chargers.jpg",1200,675,false],"xxxxxl":["https:\/\/v2charge.com\/wp-content\/uploads\/2024\/07\/v2c-electric-chargers.jpg",1200,675,false],"1536x1536":["https:\/\/v2charge.com\/wp-content\/uploads\/2024\/07\/v2c-electric-chargers.jpg",1200,675,false],"2048x2048":["https:\/\/v2charge.com\/wp-content\/uploads\/2024\/07\/v2c-electric-chargers.jpg",1200,675,false]},"uagb_author_info":{"display_name":"V2C","author_link":"https:\/\/v2charge.com\/tr\/author\/marketing\/"},"uagb_comment_info":0,"uagb_excerpt":"Pole Pro&#8217;nun en son s\u00fcr\u00fcm\u00fcne g\u00fcncelleyin \u00dcr\u00fcnlerimizin yeteneklerini s\u00fcrekli olarak geli\u015ftirmeye \u00e7al\u0131\u015f\u0131yoruz. Bu nedenle, yeni \u00f6zelliklere eri\u015fmek ve optimal performans\u0131 sa\u011flamak i\u00e7in \u015farj cihaz\u0131n\u0131z\u0131n en son mevcut yaz\u0131l\u0131m s\u00fcr\u00fcm\u00fcne g\u00fcncellenmesi \u00f6nemlidir. e-Charger belirli bir ekranda tak\u0131l\u0131 kal\u0131rsa veya g\u00fcncelleme s\u0131ras\u0131nda yan\u0131t vermez hale gelirse, cihaz\u0131 yeniden ba\u015flatmak ve i\u015flemi tekrarlamak \u00f6nerilir. V2C Cloud ile Pole&hellip;","_links":{"self":[{"href":"https:\/\/v2charge.com\/tr\/wp-json\/wp\/v2\/pages\/314221","targetHints":{"allow":["GET"]}}],"collection":[{"href":"https:\/\/v2charge.com\/tr\/wp-json\/wp\/v2\/pages"}],"about":[{"href":"https:\/\/v2charge.com\/tr\/wp-json\/wp\/v2\/types\/page"}],"author":[{"embeddable":true,"href":"https:\/\/v2charge.com\/tr\/wp-json\/wp\/v2\/users\/400"}],"replies":[{"embeddable":true,"href":"https:\/\/v2charge.com\/tr\/wp-json\/wp\/v2\/comments?post=314221"}],"version-history":[{"count":0,"href":"https:\/\/v2charge.com\/tr\/wp-json\/wp\/v2\/pages\/314221\/revisions"}],"up":[{"embeddable":true,"href":"https:\/\/v2charge.com\/tr\/wp-json\/wp\/v2\/pages\/75662"}],"wp:featuredmedia":[{"embeddable":true,"href":"https:\/\/v2charge.com\/tr\/wp-json\/wp\/v2\/media\/170354"}],"wp:attachment":[{"href":"https:\/\/v2charge.com\/tr\/wp-json\/wp\/v2\/media?parent=314221"}],"curies":[{"name":"wp","href":"https:\/\/api.w.org\/{rel}","templated":true}]}}