{"id":314224,"date":"2024-03-26T12:40:28","date_gmt":"2024-03-26T10:40:28","guid":{"rendered":""},"modified":"2026-04-19T09:28:11","modified_gmt":"2026-04-19T09:28:11","slug":"trydan-tek-hat-semasi","status":"publish","type":"page","link":"https:\/\/v2charge.com\/tr\/destek-alani\/trydan\/trydan-tek-hat-semasi\/","title":{"rendered":"Trydan tek hat \u015femas\u0131"},"content":{"rendered":"\n<div class=\"wp-block-uagb-container uagb-block-4e29f302 alignfull uagb-is-root-container\"><div class=\"uagb-container-inner-blocks-wrap\"><div class=\"yoast-breadcrumbs\"><span><span><a href=\"https:\/\/v2charge.com\/tr\/\">V2C<\/a><\/span> \u00bb <span><a href=\"https:\/\/v2charge.com\/tr\/destek-alani\/\">Destek Alan\u0131.<\/a><\/span> \u00bb <span><a href=\"https:\/\/v2charge.com\/tr\/destek-alani\/trydan\/\">Trydan deste\u011fi<\/a><\/span> \u00bb <span class=\"breadcrumb_last\" aria-current=\"page\">Esquema unifilar<\/span><\/span><\/div>\n\n<div class=\"wp-block-uagb-advanced-heading uagb-block-eb8d37cd\"><h1 class=\"uagb-heading-text\">Trydan korumalar\u0131 ile tek hat \u015femas\u0131<\/h1><\/div>\n\n<p>Trydan elektrikli \u015farj cihaz\u0131n\u0131n tek hat \u015femas\u0131, bu geli\u015fmi\u015f \u015farj cihaz\u0131n\u0131 olu\u015fturan t\u00fcm elektrik bile\u015fenlerinin d\u00fczeni ve ba\u011flant\u0131s\u0131 hakk\u0131nda net ve ayr\u0131nt\u0131l\u0131 bir g\u00f6rsel temsil sa\u011flar.<br><br>Bu tek hat \u015femas\u0131, Trydan \u015farj cihaz\u0131n\u0131n elektrik mimarisini anlamak i\u00e7in temel bir ara\u00e7t\u0131r. <strong>Her bir bile\u015fenin tan\u0131mlanmas\u0131n\u0131 kolayla\u015ft\u0131r\u0131r<\/strong> ve elektrik sistemindeki i\u015flevini <strong>bak\u0131m, onar\u0131m ve olas\u0131 sorunlar\u0131n te\u015fhisi i\u00e7in kritik \u00f6neme sahiptir<\/strong>. Bu g\u00f6rsel temsil ile m\u00fchendisler ve teknisyenler, \u00f6nleyici bak\u0131m g\u00f6revlerini kolayca ger\u00e7ekle\u015ftirebilir ve Trydan elektrikli \u015farj cihaz\u0131n\u0131n \u00e7al\u0131\u015fmas\u0131 s\u0131ras\u0131nda ortaya \u00e7\u0131kabilecek herhangi bir sorunu tan\u0131mlay\u0131p \u00e7\u00f6zebilirler.<\/p><\/div><\/div>\n\n\n\n<div class=\"wp-block-uagb-container uagb-block-d135a230 alignfull uagb-is-root-container\"><div class=\"uagb-container-inner-blocks-wrap\">\n<div class=\"wp-block-uagb-container uagb-block-9fe277e0\">\n<div class=\"wp-block-uagb-image aligncenter uagb-block-16a2a7b3 wp-block-uagb-image--layout-default wp-block-uagb-image--effect-static wp-block-uagb-image--align-center\"><figure class=\"wp-block-uagb-image__figure\"><img decoding=\"async\" srcset=\"https:\/\/v2charge.com\/wp-content\/uploads\/2024\/03\/single-line-diagram-trydan.jpg ,https:\/\/v2charge.com\/wp-content\/uploads\/2024\/03\/single-line-diagram-trydan.jpg 780w, https:\/\/v2charge.com\/wp-content\/uploads\/2024\/03\/single-line-diagram-trydan.jpg 360w\" sizes=\"auto, (max-width: 480px) 150px\" src=\"https:\/\/v2charge.com\/wp-content\/uploads\/2024\/03\/single-line-diagram-trydan.jpg\" alt=\"\" class=\"uag-image-143035\" width=\"410\" height=\"800\" title=\"\" loading=\"lazy\" role=\"img\"\/><\/figure><\/div>\n<\/div>\n\n\n\n<div class=\"wp-block-uagb-container uagb-block-3c1b7031\"><div class=\"wp-block-uagb-info-box uagb-block-518cd380 uagb-infobox__content-wrap  uagb-infobox-icon-left uagb-infobox-left uagb-infobox-stacked-tablet uagb-infobox-image-valign-top\"><div class=\"uagb-ifb-image-content\"><img decoding=\"async\" src=\"https:\/\/v2charge.com\/wp-content\/uploads\/2023\/11\/numero-uno.png\" alt=\"\" width=\"25\" height=\"25\" loading=\"lazy\"\/><\/div><div class=\"uagb-ifb-content\"><div class=\"uagb-ifb-title-wrap\"><\/div><p class=\"uagb-ifb-desc\">Manyetik devre kesici (IGA) + ge\u00e7ici ve kal\u0131c\u0131 a\u015f\u0131r\u0131 gerilimler. Diferansiyel ile birle\u015ftirilmi\u015ftir (a\u015fa\u011f\u0131da)<\/p><\/div><\/div>\n\n<div class=\"wp-block-uagb-info-box uagb-block-d38bd8b9 uagb-infobox__content-wrap  uagb-infobox-icon-left uagb-infobox-left uagb-infobox-stacked-tablet uagb-infobox-image-valign-top\"><div class=\"uagb-ifb-image-content\"><img decoding=\"async\" src=\"https:\/\/v2charge.com\/wp-content\/uploads\/2023\/11\/numero-dos.png\" alt=\"\" width=\"25\" height=\"25\" loading=\"lazy\"\/><\/div><div class=\"uagb-ifb-content\"><div class=\"uagb-ifb-title-wrap\"><\/div><p class=\"uagb-ifb-desc\">2P<br>Curva C<br>In: 32 A<br>Icu: 6 kA<br>Tipo II<br>Imax=5kA<br>EN61643<\/p><\/div><\/div>\n\n<div class=\"wp-block-uagb-info-box uagb-block-e81d4244 uagb-infobox__content-wrap  uagb-infobox-icon-left uagb-infobox-left uagb-infobox-stacked-tablet uagb-infobox-image-valign-top\"><div class=\"uagb-ifb-image-content\"><img decoding=\"async\" src=\"https:\/\/v2charge.com\/wp-content\/uploads\/2023\/11\/numero-tres.png\" alt=\"\" width=\"25\" height=\"25\" loading=\"lazy\"\/><\/div><div class=\"uagb-ifb-content\"><div class=\"uagb-ifb-title-wrap\"><\/div><p class=\"uagb-ifb-desc\">Differansiyel 2P<br>In: 40 A<br>30 mA<br>anl\u0131k<br>S\u0131n\u0131f A &#8216;SI&#8217;<\/p><\/div><\/div>\n\n<div class=\"wp-block-uagb-info-box uagb-block-5455daa3 uagb-infobox__content-wrap  uagb-infobox-icon-left uagb-infobox-left uagb-infobox-stacked-tablet uagb-infobox-image-valign-top\"><div class=\"uagb-ifb-image-content\"><img decoding=\"async\" src=\"https:\/\/v2charge.com\/wp-content\/uploads\/2023\/11\/numero-cuatro.png\" alt=\"\" width=\"25\" height=\"25\" loading=\"lazy\"\/><\/div><div class=\"uagb-ifb-content\"><div class=\"uagb-ifb-title-wrap\"><\/div><p class=\"uagb-ifb-desc\">\u015earj Noktas\u0131<br>7,36kW<\/p><\/div><\/div><\/div>\n<\/div><\/div>\n\n\n\n<div style=\"height:50px\" aria-hidden=\"true\" class=\"wp-block-spacer\"><\/div>\n\n\n\n<div class=\"wp-block-uagb-container uagb-block-c6f38013 alignfull uagb-is-root-container\"><div class=\"uagb-container-inner-blocks-wrap\"><div class=\"wp-block-uagb-advanced-heading uagb-block-6963d70c\"><h2 class=\"uagb-heading-text\"><strong>Teknik deste\u011fe mi ihtiyac\u0131n\u0131z var?<\/strong><\/h2><\/div>\n\n<div class=\"wp-block-uagb-advanced-heading uagb-block-408243eb\"><p class=\"uagb-heading-text\">Sorununuzu hemen AI ile Sohbetimiz arac\u0131l\u0131\u011f\u0131yla \u00e7\u00f6z\u00fcn. Sorun \u00e7\u00f6z\u00fclmezse, L\u00fctfen Teknik Destek Merkezi&#8217;nde bir talep olu\u015fturun ve en k\u0131sa s\u00fcrede sizinle ileti\u015fime ge\u00e7erek en iyi \u00e7\u00f6z\u00fcm\u00fc sunaca\u011f\u0131z.<\/p><\/div>\n\n<div class=\"wp-block-uagb-info-box uagb-block-12e3cf1c uagb-infobox__content-wrap  uagb-infobox-icon-left uagb-infobox-left uagb-infobox-image-valign-top wp-block-uagb-info-box--has-margin ai-chatbot-button\"><div class=\"uagb-infobox-margin-wrapper\"><div class=\"uagb-ifb-image-content\"><img decoding=\"async\" src=\"https:\/\/v2charge.com\/wp-content\/uploads\/2026\/01\/support-ai-chatbot.png\" alt=\"\" width=\"20\" height=\"19\" loading=\"lazy\"\/><\/div><div class=\"uagb-ifb-content\"><div class=\"uagb-ifb-title-wrap\"><\/div><div class=\"uagb-ifb-button-wrapper wp-block-button\"><a href=\"https:\/\/v2charge.com\/v2c-support-web\/\" class=\"uagb-infobox-cta-link wp-block-button__link\" target=\"_blank\" rel=\"noopener noreferrer\" onclick=\"return true;\"><span class=\"uagb-inline-editing\">Yapay Zeka ile Sohbet Edin<\/span><\/a><\/div><\/div><\/div><\/div>\n\n\n<div class=\"wp-block-uagb-buttons uagb-buttons__outer-wrap uagb-btn__default-btn uagb-btn-tablet__default-btn uagb-btn-mobile__default-btn uagb-block-ba1e67d1\"><div class=\"uagb-buttons__wrap uagb-buttons-layout-wrap \"><div class=\"wp-block-uagb-buttons-child uagb-buttons__outer-wrap uagb-block-23cfb623 wp-block-button\"><div class=\"uagb-button__wrapper\"><a class=\"uagb-buttons-repeater wp-block-button__link\" aria-label=\"\" href=\"https:\/\/v2charge.atlassian.net\/servicedesk\/customer\/portal\/3\" rel=\"follow noopener\" target=\"_blank\" role=\"button\"><div class=\"uagb-button__link\">Teknik Destek ile \u0130leti\u015fime Ge\u00e7in<\/div><\/a><\/div><\/div><\/div><\/div>\n<\/div><\/div>\n","protected":false},"excerpt":{"rendered":"<p>Trydan korumalar\u0131 ile tek hat \u015femas\u0131 Trydan elektrikli \u015farj cihaz\u0131n\u0131n tek hat \u015femas\u0131, bu geli\u015fmi\u015f \u015farj cihaz\u0131n\u0131 olu\u015fturan t\u00fcm elektrik bile\u015fenlerinin d\u00fczeni ve ba\u011flant\u0131s\u0131 hakk\u0131nda net ve ayr\u0131nt\u0131l\u0131 bir g\u00f6rsel temsil sa\u011flar. Bu tek hat \u015femas\u0131, Trydan \u015farj cihaz\u0131n\u0131n elektrik mimarisini anlamak i\u00e7in temel bir ara\u00e7t\u0131r. Her bir bile\u015fenin tan\u0131mlanmas\u0131n\u0131 kolayla\u015ft\u0131r\u0131r ve elektrik sistemindeki i\u015flevini &#8230; <a title=\"Trydan tek hat \u015femas\u0131\" class=\"read-more\" href=\"https:\/\/v2charge.com\/tr\/destek-alani\/trydan\/trydan-tek-hat-semasi\/\" aria-label=\"Read more about Trydan tek hat \u015femas\u0131\">Devam\u0131n\u0131 oku<\/a><\/p>\n","protected":false},"author":400,"featured_media":170354,"parent":75655,"menu_order":0,"comment_status":"closed","ping_status":"closed","template":"","meta":{"_eb_attr":"","content-type":"","_uag_custom_page_level_css":"","footnotes":""},"class_list":["post-314224","page","type-page","status-publish","has-post-thumbnail"],"yoast_head":"<!-- This site is optimized with the Yoast SEO plugin v25.3.1 - https:\/\/yoast.com\/wordpress\/plugins\/seo\/ -->\n<title>Trydan V2C \u015farj cihaz\u0131n\u0131n Tek Hat \u015eemas\u0131<\/title>\n<meta name=\"description\" content=\"Trydan \u015farj cihaz\u0131n\u0131n elektrik bile\u015fenlerinin d\u00fczenini ve ba\u011flant\u0131s\u0131n\u0131 g\u00f6sterir. Bak\u0131m ve sorunlar\u0131n tan\u0131mlanmas\u0131 i\u00e7in m\u00fckemmel.\" \/>\n<meta name=\"robots\" content=\"index, follow, max-snippet:-1, max-image-preview:large, max-video-preview:-1\" \/>\n<link rel=\"canonical\" href=\"https:\/\/v2charge.com\/tr\/destek-alani\/trydan\/trydan-tek-hat-semasi\/\" \/>\n<meta property=\"og:locale\" content=\"tr_TR\" \/>\n<meta property=\"og:type\" content=\"article\" \/>\n<meta property=\"og:title\" content=\"Trydan V2C \u015farj cihaz\u0131n\u0131n Tek Hat \u015eemas\u0131\" \/>\n<meta property=\"og:description\" content=\"Trydan \u015farj cihaz\u0131n\u0131n elektrik bile\u015fenlerinin d\u00fczenini ve ba\u011flant\u0131s\u0131n\u0131 g\u00f6sterir. Bak\u0131m ve sorunlar\u0131n tan\u0131mlanmas\u0131 i\u00e7in m\u00fckemmel.\" \/>\n<meta property=\"og:url\" content=\"https:\/\/v2charge.com\/tr\/destek-alani\/trydan\/trydan-tek-hat-semasi\/\" \/>\n<meta property=\"og:site_name\" content=\"V2C\" \/>\n<meta property=\"article:publisher\" content=\"https:\/\/www.facebook.com\/V2C.Charge\" \/>\n<meta property=\"article:modified_time\" content=\"2026-04-19T09:28:11+00:00\" \/>\n<meta property=\"og:image\" content=\"https:\/\/v2charge.com\/wp-content\/uploads\/2024\/07\/v2c-electric-chargers.jpg\" \/>\n\t<meta property=\"og:image:width\" content=\"1200\" \/>\n\t<meta property=\"og:image:height\" content=\"675\" \/>\n\t<meta property=\"og:image:type\" content=\"image\/jpeg\" \/>\n<meta name=\"twitter:card\" content=\"summary_large_image\" \/>\n<meta name=\"twitter:site\" content=\"@V2C_Charge\" \/>\n<meta name=\"twitter:label1\" content=\"Tahmini okuma s\u00fcresi\" \/>\n\t<meta name=\"twitter:data1\" content=\"4 dakika\" \/>\n<script type=\"application\/ld+json\" class=\"yoast-schema-graph\">{\"@context\":\"https:\/\/schema.org\",\"@graph\":[{\"@type\":\"WebPage\",\"@id\":\"https:\/\/v2charge.com\/tr\/destek-alani\/trydan\/trydan-tek-hat-semasi\/\",\"url\":\"https:\/\/v2charge.com\/tr\/destek-alani\/trydan\/trydan-tek-hat-semasi\/\",\"name\":\"Trydan V2C \u015farj cihaz\u0131n\u0131n Tek Hat \u015eemas\u0131\",\"isPartOf\":{\"@id\":\"https:\/\/v2charge.com\/tr\/#website\"},\"primaryImageOfPage\":{\"@id\":\"https:\/\/v2charge.com\/tr\/destek-alani\/trydan\/trydan-tek-hat-semasi\/#primaryimage\"},\"image\":{\"@id\":\"https:\/\/v2charge.com\/tr\/destek-alani\/trydan\/trydan-tek-hat-semasi\/#primaryimage\"},\"thumbnailUrl\":\"https:\/\/v2charge.com\/wp-content\/uploads\/2024\/07\/v2c-electric-chargers.jpg\",\"datePublished\":\"2024-03-26T10:40:28+00:00\",\"dateModified\":\"2026-04-19T09:28:11+00:00\",\"description\":\"Trydan \u015farj cihaz\u0131n\u0131n elektrik bile\u015fenlerinin d\u00fczenini ve ba\u011flant\u0131s\u0131n\u0131 g\u00f6sterir. Bak\u0131m ve sorunlar\u0131n tan\u0131mlanmas\u0131 i\u00e7in m\u00fckemmel.\",\"breadcrumb\":{\"@id\":\"https:\/\/v2charge.com\/tr\/destek-alani\/trydan\/trydan-tek-hat-semasi\/#breadcrumb\"},\"inLanguage\":\"tr\",\"potentialAction\":[{\"@type\":\"ReadAction\",\"target\":[\"https:\/\/v2charge.com\/tr\/destek-alani\/trydan\/trydan-tek-hat-semasi\/\"]}]},{\"@type\":\"ImageObject\",\"inLanguage\":\"tr\",\"@id\":\"https:\/\/v2charge.com\/tr\/destek-alani\/trydan\/trydan-tek-hat-semasi\/#primaryimage\",\"url\":\"https:\/\/v2charge.com\/wp-content\/uploads\/2024\/07\/v2c-electric-chargers.jpg\",\"contentUrl\":\"https:\/\/v2charge.com\/wp-content\/uploads\/2024\/07\/v2c-electric-chargers.jpg\",\"width\":1200,\"height\":675,\"caption\":\"V2C Electric Chargers\"},{\"@type\":\"BreadcrumbList\",\"@id\":\"https:\/\/v2charge.com\/tr\/destek-alani\/trydan\/trydan-tek-hat-semasi\/#breadcrumb\",\"itemListElement\":[{\"@type\":\"ListItem\",\"position\":1,\"name\":\"V2C\",\"item\":\"https:\/\/v2charge.com\/tr\/\"},{\"@type\":\"ListItem\",\"position\":2,\"name\":\"Destek Alan\u0131.\",\"item\":\"https:\/\/v2charge.com\/tr\/destek-alani\/\"},{\"@type\":\"ListItem\",\"position\":3,\"name\":\"Trydan deste\u011fi\",\"item\":\"https:\/\/v2charge.com\/tr\/destek-alani\/trydan\/\"},{\"@type\":\"ListItem\",\"position\":4,\"name\":\"Esquema unifilar\"}]},{\"@type\":\"WebSite\",\"@id\":\"https:\/\/v2charge.com\/tr\/#website\",\"url\":\"https:\/\/v2charge.com\/tr\/\",\"name\":\"V2C\",\"description\":\"#CargandoElMa\u00f1ana\",\"publisher\":{\"@id\":\"https:\/\/v2charge.com\/tr\/#organization\"},\"potentialAction\":[{\"@type\":\"SearchAction\",\"target\":{\"@type\":\"EntryPoint\",\"urlTemplate\":\"https:\/\/v2charge.com\/tr\/?s={search_term_string}\"},\"query-input\":{\"@type\":\"PropertyValueSpecification\",\"valueRequired\":true,\"valueName\":\"search_term_string\"}}],\"inLanguage\":\"tr\"},{\"@type\":\"Organization\",\"@id\":\"https:\/\/v2charge.com\/tr\/#organization\",\"name\":\"V2C\",\"url\":\"https:\/\/v2charge.com\/tr\/\",\"logo\":{\"@type\":\"ImageObject\",\"inLanguage\":\"tr\",\"@id\":\"https:\/\/v2charge.com\/tr\/#\/schema\/logo\/image\/\",\"url\":\"https:\/\/v2charge.com\/wp-content\/uploads\/2024\/11\/cropped-v2c-charge-logo-menu.png\",\"contentUrl\":\"https:\/\/v2charge.com\/wp-content\/uploads\/2024\/11\/cropped-v2c-charge-logo-menu.png\",\"width\":984,\"height\":431,\"caption\":\"V2C\"},\"image\":{\"@id\":\"https:\/\/v2charge.com\/tr\/#\/schema\/logo\/image\/\"},\"sameAs\":[\"https:\/\/www.facebook.com\/V2C.Charge\",\"https:\/\/x.com\/V2C_Charge\",\"https:\/\/www.instagram.com\/v2c.charge\/\",\"https:\/\/www.youtube.com\/@V2C\",\"https:\/\/www.linkedin.com\/company\/v2c-chargers\/\"]}]}<\/script>\n<!-- \/ Yoast SEO plugin. -->","yoast_head_json":{"title":"Trydan V2C \u015farj cihaz\u0131n\u0131n Tek Hat \u015eemas\u0131","description":"Trydan \u015farj cihaz\u0131n\u0131n elektrik bile\u015fenlerinin d\u00fczenini ve ba\u011flant\u0131s\u0131n\u0131 g\u00f6sterir. Bak\u0131m ve sorunlar\u0131n tan\u0131mlanmas\u0131 i\u00e7in m\u00fckemmel.","robots":{"index":"index","follow":"follow","max-snippet":"max-snippet:-1","max-image-preview":"max-image-preview:large","max-video-preview":"max-video-preview:-1"},"canonical":"https:\/\/v2charge.com\/tr\/destek-alani\/trydan\/trydan-tek-hat-semasi\/","og_locale":"tr_TR","og_type":"article","og_title":"Trydan V2C \u015farj cihaz\u0131n\u0131n Tek Hat \u015eemas\u0131","og_description":"Trydan \u015farj cihaz\u0131n\u0131n elektrik bile\u015fenlerinin d\u00fczenini ve ba\u011flant\u0131s\u0131n\u0131 g\u00f6sterir. Bak\u0131m ve sorunlar\u0131n tan\u0131mlanmas\u0131 i\u00e7in m\u00fckemmel.","og_url":"https:\/\/v2charge.com\/tr\/destek-alani\/trydan\/trydan-tek-hat-semasi\/","og_site_name":"V2C","article_publisher":"https:\/\/www.facebook.com\/V2C.Charge","article_modified_time":"2026-04-19T09:28:11+00:00","og_image":[{"width":1200,"height":675,"url":"https:\/\/v2charge.com\/wp-content\/uploads\/2024\/07\/v2c-electric-chargers.jpg","type":"image\/jpeg"}],"twitter_card":"summary_large_image","twitter_site":"@V2C_Charge","twitter_misc":{"Tahmini okuma s\u00fcresi":"4 dakika"},"schema":{"@context":"https:\/\/schema.org","@graph":[{"@type":"WebPage","@id":"https:\/\/v2charge.com\/tr\/destek-alani\/trydan\/trydan-tek-hat-semasi\/","url":"https:\/\/v2charge.com\/tr\/destek-alani\/trydan\/trydan-tek-hat-semasi\/","name":"Trydan V2C \u015farj cihaz\u0131n\u0131n Tek Hat \u015eemas\u0131","isPartOf":{"@id":"https:\/\/v2charge.com\/tr\/#website"},"primaryImageOfPage":{"@id":"https:\/\/v2charge.com\/tr\/destek-alani\/trydan\/trydan-tek-hat-semasi\/#primaryimage"},"image":{"@id":"https:\/\/v2charge.com\/tr\/destek-alani\/trydan\/trydan-tek-hat-semasi\/#primaryimage"},"thumbnailUrl":"https:\/\/v2charge.com\/wp-content\/uploads\/2024\/07\/v2c-electric-chargers.jpg","datePublished":"2024-03-26T10:40:28+00:00","dateModified":"2026-04-19T09:28:11+00:00","description":"Trydan \u015farj cihaz\u0131n\u0131n elektrik bile\u015fenlerinin d\u00fczenini ve ba\u011flant\u0131s\u0131n\u0131 g\u00f6sterir. Bak\u0131m ve sorunlar\u0131n tan\u0131mlanmas\u0131 i\u00e7in m\u00fckemmel.","breadcrumb":{"@id":"https:\/\/v2charge.com\/tr\/destek-alani\/trydan\/trydan-tek-hat-semasi\/#breadcrumb"},"inLanguage":"tr","potentialAction":[{"@type":"ReadAction","target":["https:\/\/v2charge.com\/tr\/destek-alani\/trydan\/trydan-tek-hat-semasi\/"]}]},{"@type":"ImageObject","inLanguage":"tr","@id":"https:\/\/v2charge.com\/tr\/destek-alani\/trydan\/trydan-tek-hat-semasi\/#primaryimage","url":"https:\/\/v2charge.com\/wp-content\/uploads\/2024\/07\/v2c-electric-chargers.jpg","contentUrl":"https:\/\/v2charge.com\/wp-content\/uploads\/2024\/07\/v2c-electric-chargers.jpg","width":1200,"height":675,"caption":"V2C Electric Chargers"},{"@type":"BreadcrumbList","@id":"https:\/\/v2charge.com\/tr\/destek-alani\/trydan\/trydan-tek-hat-semasi\/#breadcrumb","itemListElement":[{"@type":"ListItem","position":1,"name":"V2C","item":"https:\/\/v2charge.com\/tr\/"},{"@type":"ListItem","position":2,"name":"Destek Alan\u0131.","item":"https:\/\/v2charge.com\/tr\/destek-alani\/"},{"@type":"ListItem","position":3,"name":"Trydan deste\u011fi","item":"https:\/\/v2charge.com\/tr\/destek-alani\/trydan\/"},{"@type":"ListItem","position":4,"name":"Esquema unifilar"}]},{"@type":"WebSite","@id":"https:\/\/v2charge.com\/tr\/#website","url":"https:\/\/v2charge.com\/tr\/","name":"V2C","description":"#CargandoElMa\u00f1ana","publisher":{"@id":"https:\/\/v2charge.com\/tr\/#organization"},"potentialAction":[{"@type":"SearchAction","target":{"@type":"EntryPoint","urlTemplate":"https:\/\/v2charge.com\/tr\/?s={search_term_string}"},"query-input":{"@type":"PropertyValueSpecification","valueRequired":true,"valueName":"search_term_string"}}],"inLanguage":"tr"},{"@type":"Organization","@id":"https:\/\/v2charge.com\/tr\/#organization","name":"V2C","url":"https:\/\/v2charge.com\/tr\/","logo":{"@type":"ImageObject","inLanguage":"tr","@id":"https:\/\/v2charge.com\/tr\/#\/schema\/logo\/image\/","url":"https:\/\/v2charge.com\/wp-content\/uploads\/2024\/11\/cropped-v2c-charge-logo-menu.png","contentUrl":"https:\/\/v2charge.com\/wp-content\/uploads\/2024\/11\/cropped-v2c-charge-logo-menu.png","width":984,"height":431,"caption":"V2C"},"image":{"@id":"https:\/\/v2charge.com\/tr\/#\/schema\/logo\/image\/"},"sameAs":["https:\/\/www.facebook.com\/V2C.Charge","https:\/\/x.com\/V2C_Charge","https:\/\/www.instagram.com\/v2c.charge\/","https:\/\/www.youtube.com\/@V2C","https:\/\/www.linkedin.com\/company\/v2c-chargers\/"]}]}},"uagb_featured_image_src":{"full":["https:\/\/v2charge.com\/wp-content\/uploads\/2024\/07\/v2c-electric-chargers.jpg",1200,675,false],"thumbnail":["https:\/\/v2charge.com\/wp-content\/uploads\/2024\/07\/v2c-electric-chargers-150x150.jpg",150,150,true],"medium":["https:\/\/v2charge.com\/wp-content\/uploads\/2024\/07\/v2c-electric-chargers-300x169.jpg",300,169,true],"medium_large":["https:\/\/v2charge.com\/wp-content\/uploads\/2024\/07\/v2c-electric-chargers-768x432.jpg",768,432,true],"large":["https:\/\/v2charge.com\/wp-content\/uploads\/2024\/07\/v2c-electric-chargers-1024x576.jpg",1024,576,true],"gs-tiny":["https:\/\/v2charge.com\/wp-content\/uploads\/2024\/07\/v2c-electric-chargers.jpg",50,28,false],"xl":["https:\/\/v2charge.com\/wp-content\/uploads\/2024\/07\/v2c-electric-chargers.jpg",1200,675,false],"xxl":["https:\/\/v2charge.com\/wp-content\/uploads\/2024\/07\/v2c-electric-chargers.jpg",1200,675,false],"xxxl":["https:\/\/v2charge.com\/wp-content\/uploads\/2024\/07\/v2c-electric-chargers.jpg",1200,675,false],"xxxxl":["https:\/\/v2charge.com\/wp-content\/uploads\/2024\/07\/v2c-electric-chargers.jpg",1200,675,false],"xxxxxl":["https:\/\/v2charge.com\/wp-content\/uploads\/2024\/07\/v2c-electric-chargers.jpg",1200,675,false],"1536x1536":["https:\/\/v2charge.com\/wp-content\/uploads\/2024\/07\/v2c-electric-chargers.jpg",1200,675,false],"2048x2048":["https:\/\/v2charge.com\/wp-content\/uploads\/2024\/07\/v2c-electric-chargers.jpg",1200,675,false]},"uagb_author_info":{"display_name":"V2C","author_link":"https:\/\/v2charge.com\/tr\/author\/marketing\/"},"uagb_comment_info":0,"uagb_excerpt":"Trydan korumalar\u0131 ile tek hat \u015femas\u0131 Trydan elektrikli \u015farj cihaz\u0131n\u0131n tek hat \u015femas\u0131, bu geli\u015fmi\u015f \u015farj cihaz\u0131n\u0131 olu\u015fturan t\u00fcm elektrik bile\u015fenlerinin d\u00fczeni ve ba\u011flant\u0131s\u0131 hakk\u0131nda net ve ayr\u0131nt\u0131l\u0131 bir g\u00f6rsel temsil sa\u011flar. Bu tek hat \u015femas\u0131, Trydan \u015farj cihaz\u0131n\u0131n elektrik mimarisini anlamak i\u00e7in temel bir ara\u00e7t\u0131r. Her bir bile\u015fenin tan\u0131mlanmas\u0131n\u0131 kolayla\u015ft\u0131r\u0131r ve elektrik sistemindeki i\u015flevini&hellip;","_links":{"self":[{"href":"https:\/\/v2charge.com\/tr\/wp-json\/wp\/v2\/pages\/314224","targetHints":{"allow":["GET"]}}],"collection":[{"href":"https:\/\/v2charge.com\/tr\/wp-json\/wp\/v2\/pages"}],"about":[{"href":"https:\/\/v2charge.com\/tr\/wp-json\/wp\/v2\/types\/page"}],"author":[{"embeddable":true,"href":"https:\/\/v2charge.com\/tr\/wp-json\/wp\/v2\/users\/400"}],"replies":[{"embeddable":true,"href":"https:\/\/v2charge.com\/tr\/wp-json\/wp\/v2\/comments?post=314224"}],"version-history":[{"count":0,"href":"https:\/\/v2charge.com\/tr\/wp-json\/wp\/v2\/pages\/314224\/revisions"}],"up":[{"embeddable":true,"href":"https:\/\/v2charge.com\/tr\/wp-json\/wp\/v2\/pages\/75655"}],"wp:featuredmedia":[{"embeddable":true,"href":"https:\/\/v2charge.com\/tr\/wp-json\/wp\/v2\/media\/170354"}],"wp:attachment":[{"href":"https:\/\/v2charge.com\/tr\/wp-json\/wp\/v2\/media?parent=314224"}],"curies":[{"name":"wp","href":"https:\/\/api.w.org\/{rel}","templated":true}]}}