{"id":61691,"date":"2019-03-16T11:03:51","date_gmt":"2019-03-16T11:03:51","guid":{"rendered":"https:\/\/v2c2.puntoderecargacocheelectrico.com\/home-2\/"},"modified":"2025-05-16T08:59:15","modified_gmt":"2025-05-16T06:59:15","slug":"home","status":"publish","type":"page","link":"https:\/\/v2charge.com\/tr\/","title":{"rendered":"Home"},"content":{"rendered":"\n<div class=\"wp-block-uagb-container uagb-block-09a9d86a alignfull uagb-is-root-container\"><div class=\"uagb-container-inner-blocks-wrap\">\n<div class=\"wp-block-uagb-container uagb-block-e87b9e96\">\n<p><\/p>\n\n\n\n<div class=\"wp-block-uagb-container uagb-block-512c5279\">\n<div class=\"wp-block-uagb-advanced-heading uagb-block-fa5c737e\"><h1 class=\"uagb-heading-text\"><strong><strong>Elektrikli<\/strong>&nbsp;ara\u00e7 \u015farj cihaz\u0131<\/strong><\/h1><\/div>\n\n\n\n<div class=\"wp-block-uagb-advanced-heading uagb-block-8045e1a1\"><p class=\"uagb-heading-text\">Elektrikli \u015farj ile gelece\u011fi, s\u00fcrd\u00fcr\u00fclebilirli\u011fi ve yenili\u011fi ke\u015ffedin.<\/p><\/div>\n\n\n\n<div class=\"wp-block-uagb-buttons uagb-buttons__outer-wrap uagb-btn__default-btn uagb-btn-tablet__default-btn uagb-btn-mobile__default-btn uagb-block-cf5dc7cf\"><div class=\"uagb-buttons__wrap uagb-buttons-layout-wrap \">\n<div class=\"wp-block-uagb-buttons-child uagb-buttons__outer-wrap uagb-block-5e193944 wp-block-button\"><div class=\"uagb-button__wrapper\"><a class=\"uagb-buttons-repeater wp-block-button__link\" aria-label=\"\" href=\"https:\/\/v2charge.com\/tr\/e-chargers\/\" rel=\"follow noopener\" target=\"_self\" role=\"button\"><div class=\"uagb-button__link\">\u00dcr\u00fcnlerimizi ke\u015ffedin<\/div><\/a><\/div><\/div>\n<\/div><\/div>\n<\/div>\n<\/div>\n<\/div><\/div>\n\n\n\n<div class=\"wp-block-uagb-container uagb-block-eaeb0daf alignfull uagb-is-root-container\"><div class=\"uagb-container-inner-blocks-wrap\">\n<div class=\"wp-block-uagb-container uagb-block-978c2147\">\n<div class=\"wp-block-uagb-advanced-heading uagb-block-6ce1f51e\"><h2 class=\"uagb-heading-text\">E-MOBILITY<\/h2><\/div>\n\n\n\n<div class=\"wp-block-uagb-advanced-heading uagb-block-22cb0f6b\"><p class=\"uagb-heading-text\">yolculu\u011fu<\/p><\/div>\n\n\n\n<div class=\"wp-block-uagb-advanced-heading uagb-block-00113379\"><h2 class=\"uagb-heading-text\">Her ara\u00e7la uyumlu elektrikli ara\u00e7 \u015farj cihazlar\u0131 \u00fcretiyoruz.<\/h2><\/div>\n<\/div>\n\n\n\n<div class=\"wp-block-uagb-container uagb-block-f98ea667\">\n<div class=\"wp-block-uagb-advanced-heading uagb-block-f638c52e\"><h2 class=\"uagb-heading-text\">4<\/h2><\/div>\n\n\n\n<div class=\"wp-block-uagb-advanced-heading uagb-block-b986e930\"><h2 class=\"uagb-heading-text\">e-Chargers<\/h2><\/div>\n\n\n\n<div style=\"height:40px\" aria-hidden=\"true\" class=\"wp-block-spacer uag-hide-mob\"><\/div>\n\n\n\n<div class=\"wp-block-uagb-advanced-heading uagb-block-cd168f75\"><h2 class=\"uagb-heading-text\">10<\/h2><\/div>\n\n\n\n<div class=\"wp-block-uagb-advanced-heading uagb-block-2b99e9f8\"><h2 class=\"uagb-heading-text\">yenilik\u00e7i y\u0131llar<\/h2><\/div>\n<\/div>\n\n\n\n<div class=\"wp-block-uagb-container uagb-block-ddf9b75c\">\n<div class=\"wp-block-uagb-advanced-heading uagb-block-e20a7d8f\"><h2 class=\"uagb-heading-text\">20.000<\/h2><\/div>\n\n\n\n<div class=\"wp-block-uagb-advanced-heading uagb-block-ee3400c2\"><h2 class=\"uagb-heading-text\">sat\u0131lan \u00fcr\u00fcnler<\/h2><\/div>\n\n\n\n<div style=\"height:40px\" aria-hidden=\"true\" class=\"wp-block-spacer uag-hide-mob\"><\/div>\n\n\n\n<div class=\"wp-block-uagb-advanced-heading uagb-block-9d231b98\"><h2 class=\"uagb-heading-text\">25<\/h2><\/div>\n\n\n\n<div class=\"wp-block-uagb-advanced-heading uagb-block-f4aeffd7\"><h2 class=\"uagb-heading-text\">\u00fclkeler<\/h2><\/div>\n<\/div>\n<\/div><\/div>\n\n\n\n<div class=\"wp-block-uagb-container uagb-block-0d42878a alignfull uagb-is-root-container\"><div class=\"uagb-container__video-wrap\"><video autoplay loop muted playsinline><source src=\"https:\/\/v2charge.com\/wp-content\/uploads\/2023\/07\/concept-v2c.mp4\" type=\"video\/mp4\"\/><\/video><\/div><\/div>\n\n\n\n<div class=\"wp-block-uagb-container uagb-block-fc6ce37e alignfull uagb-is-root-container\"><div class=\"uagb-container-inner-blocks-wrap\">\n<div class=\"wp-block-uagb-container uagb-block-f961fcfc\">\n<div class=\"wp-block-uagb-container uagb-block-0ac87faa\">\n<div class=\"wp-block-uagb-image aligncenter uagb-block-6f6efbca wp-block-uagb-image--layout-default wp-block-uagb-image--effect-static wp-block-uagb-image--align-center\"><figure class=\"wp-block-uagb-image__figure\"><img decoding=\"async\" srcset=\"https:\/\/v2charge.com\/wp-content\/uploads\/2023\/07\/innovacion.png \" sizes=\"auto, (max-width: 480px) 150px\" src=\"https:\/\/v2charge.com\/wp-content\/uploads\/2023\/07\/innovacion.png\" alt=\"\" class=\"uag-image-113377\" width=\"50\" height=\"50\" title=\"\" loading=\"lazy\" role=\"img\"\/><\/figure><\/div>\n\n\n\n<div class=\"wp-block-uagb-advanced-heading uagb-block-9af55f58\"><h3 class=\"uagb-heading-text\">Yenilik<\/h3><\/div>\n\n\n\n<div class=\"wp-block-uagb-advanced-heading uagb-block-99445823\"><p class=\"uagb-heading-text\">Teknolojinin en ileri noktas\u0131nda olmak i\u00e7in her g\u00fcn e-\u015earj Cihazlar\u0131n\u0131 yeniliyoruz.<\/p><\/div>\n<\/div>\n\n\n\n<div class=\"wp-block-uagb-container uagb-block-e160d9cd\">\n<div class=\"wp-block-uagb-image aligncenter uagb-block-1e9c40cd wp-block-uagb-image--layout-default wp-block-uagb-image--effect-static wp-block-uagb-image--align-center\"><figure class=\"wp-block-uagb-image__figure\"><img decoding=\"async\" srcset=\"https:\/\/v2charge.com\/wp-content\/uploads\/2023\/07\/compromiso.png \" sizes=\"auto, (max-width: 480px) 150px\" src=\"https:\/\/v2charge.com\/wp-content\/uploads\/2023\/07\/compromiso.png\" alt=\"compromiso\" class=\"uag-image-113389\" width=\"50\" height=\"50\" title=\"\" loading=\"lazy\" role=\"img\"\/><\/figure><\/div>\n\n\n\n<div class=\"wp-block-uagb-advanced-heading uagb-block-7fba1c2f\"><h3 class=\"uagb-heading-text\">Ba\u011fl\u0131l\u0131k<\/h3><\/div>\n\n\n\n<div class=\"wp-block-uagb-advanced-heading uagb-block-367f12d9\"><p class=\"uagb-heading-text\">Daha kaliteli ve verimli ak\u0131ll\u0131 \u00e7\u00f6z\u00fcmler sunmak.<\/p><\/div>\n<\/div>\n\n\n\n<div class=\"wp-block-uagb-container uagb-block-65b1b0db\">\n<div class=\"wp-block-uagb-image aligncenter uagb-block-05bd2659 wp-block-uagb-image--layout-default wp-block-uagb-image--effect-static wp-block-uagb-image--align-center\"><figure class=\"wp-block-uagb-image__figure\"><img decoding=\"async\" srcset=\"https:\/\/v2charge.com\/wp-content\/uploads\/2023\/07\/garantia.png \" sizes=\"auto, (max-width: 480px) 150px\" src=\"https:\/\/v2charge.com\/wp-content\/uploads\/2023\/07\/garantia.png\" alt=\"garant\u00eda v2c\" class=\"uag-image-113398\" width=\"50\" height=\"50\" title=\"\" loading=\"lazy\" role=\"img\"\/><\/figure><\/div>\n\n\n\n<div class=\"wp-block-uagb-advanced-heading uagb-block-833a376c\"><h3 class=\"uagb-heading-text\">Garanti<\/h3><\/div>\n\n\n\n<div class=\"wp-block-uagb-advanced-heading uagb-block-b1b81dc7\"><p class=\"uagb-heading-text\">\u0130spanya\u2019da elektrikli ara\u00e7lar i\u00e7in e-\u015earj Cihazlar\u0131n\u0131n ilk \u00fcreticilerinden biriyiz.<\/p><\/div>\n<\/div>\n<\/div>\n<\/div><\/div>\n\n\n\n<div class=\"wp-block-uagb-container uagb-block-c22a5a9a alignfull uagb-is-root-container\">\n<div class=\"wp-block-uagb-container uagb-block-56f3551e\">\n<div class=\"wp-block-uagb-container uagb-block-58010277\"><\/div>\n<\/div>\n\n\n\n<div class=\"wp-block-uagb-container uagb-block-4e9a7ed9\">\n<div class=\"wp-block-uagb-advanced-heading uagb-block-7a1dcca5\"><h2 class=\"uagb-heading-text\">TRYDAN<\/h2><\/div>\n\n\n\n<div class=\"wp-block-uagb-advanced-heading uagb-block-48770a3f\"><h3 class=\"uagb-heading-text\">Zeka, yenilik ve maksimum kontrol parmaklar\u0131n\u0131z\u0131n ucunda<\/h3><\/div>\n\n\n\n<p class=\"has-base-3-color has-text-color\">\u25b8  Dinamik y\u00fck y\u00f6netimi<br>\u25b8  \u015eebekeden ba\u011f\u0131ms\u0131z PV sistemlerinde bile benzersiz fotovoltaik entegrasyon<br>\u25b8  S\u0131n\u0131rs\u0131z ba\u011flant\u0131<br>\u25b8  Otomatik yeniden silahlanma<\/p>\n\n\n\n<div class=\"wp-block-uagb-buttons uagb-buttons__outer-wrap uagb-btn__default-btn uagb-btn-tablet__default-btn uagb-btn-mobile__default-btn uagb-block-a09ccb2d\"><div class=\"uagb-buttons__wrap uagb-buttons-layout-wrap \">\n<div class=\"wp-block-uagb-buttons-child uagb-buttons__outer-wrap uagb-block-47c5c2d9 wp-block-button is-style-outline\"><div class=\"uagb-button__wrapper\"><a class=\"uagb-buttons-repeater wp-block-button__link\" aria-label=\"\" href=\"https:\/\/v2charge.com\/tr\/trydan\/\" rel=\"follow noopener\" target=\"_self\" role=\"button\"><div class=\"uagb-button__link\">TRYDAN BAKIN<\/div><\/a><\/div><\/div>\n<\/div><\/div>\n<\/div>\n<\/div>\n\n\n\n<div class=\"wp-block-uagb-container uagb-block-c3bcac33 alignfull uagb-is-root-container\">\n<div data-aos= \"fade\" data-aos-duration=\"400\" data-aos-delay=\"0\" data-aos-easing=\"ease\" data-aos-once=\"true\" class=\"wp-block-uagb-container uagb-block-aecffd6e default uagb-is-root-container\">\n<div class=\"wp-block-uagb-advanced-heading uagb-block-4fa21d97\"><h2 class=\"uagb-heading-text\">e-Chargers<\/h2><\/div>\n\n\n\n<div class=\"wp-block-uagb-advanced-heading uagb-block-cf11a26b\"><h2 class=\"uagb-heading-text\">\u0130htiya\u00e7lar\u0131n\u0131z i\u00e7in do\u011fru cihaz\u0131 bulun.<\/h2><\/div>\n\n\n\n<div data-aos= \"fade-down\" data-aos-duration=\"400\" data-aos-delay=\"0\" data-aos-easing=\"ease\" data-aos-once=\"true\" class=\"wp-block-uagb-buttons uagb-buttons__outer-wrap uagb-btn__default-btn uagb-btn-tablet__default-btn uagb-btn-mobile__default-btn uagb-block-7c7e2b9f\"><div class=\"uagb-buttons__wrap uagb-buttons-layout-wrap \">\n<div class=\"wp-block-uagb-buttons-child uagb-buttons__outer-wrap uagb-block-f9a6b8da wp-block-button\"><div class=\"uagb-button__wrapper\"><a class=\"uagb-buttons-repeater wp-block-button__link\" aria-label=\"\" href=\"https:\/\/v2charge.com\/tr\/e-chargers\/\" rel=\"follow noopener\" target=\"_self\" role=\"button\"><div class=\"uagb-button__link\">Bakin e-Chargers<\/div><\/a><\/div><\/div>\n<\/div><\/div>\n<\/div>\n<\/div>\n\n\n\n<div class=\"wp-block-uagb-container uagb-block-b347a653 alignfull uagb-is-root-container\"><div class=\"uagb-container-inner-blocks-wrap\">\n<div class=\"wp-block-uagb-container uagb-block-9644eae9\">\n<div class=\"wp-block-uagb-image aligncenter uagb-block-a347e774 wp-block-uagb-image--layout-default wp-block-uagb-image--effect-static wp-block-uagb-image--align-center\"><figure class=\"wp-block-uagb-image__figure\"><img decoding=\"async\" srcset=\"https:\/\/v2charge.com\/wp-content\/uploads\/2023\/08\/community.png \" sizes=\"auto, (max-width: 480px) 150px\" src=\"https:\/\/v2charge.com\/wp-content\/uploads\/2023\/08\/community.png\" alt=\"\" class=\"uag-image-115667\" width=\"50\" height=\"50\" title=\"\" loading=\"lazy\" role=\"img\"\/><\/figure><\/div>\n\n\n\n<div class=\"wp-block-uagb-advanced-heading uagb-block-00aa5637\"><h2 class=\"uagb-heading-text\"><strong>V2C TOPLULU\u011eUNA HO\u015e GELDINIZ<\/strong><\/h2><\/div>\n\n\n\n<div class=\"wp-block-uagb-advanced-heading uagb-block-de880bfb\"><h2 class=\"uagb-heading-text\">Deneyimlerinizi payla\u015f\u0131n, bilgilerinizi payla\u015f\u0131n ve di\u011fer e-mobilite kullan\u0131c\u0131lar\u0131yla ba\u011flant\u0131 kurun.<\/h2><\/div>\n\n\n\n<div class=\"wp-block-uagb-buttons uagb-buttons__outer-wrap uagb-btn__default-btn uagb-btn-tablet__default-btn uagb-btn-mobile__default-btn uagb-block-91098d6e\"><div class=\"uagb-buttons__wrap uagb-buttons-layout-wrap \">\n<div class=\"wp-block-uagb-buttons-child uagb-buttons__outer-wrap uagb-block-a094efae wp-block-button\"><div class=\"uagb-button__wrapper\"><a class=\"uagb-buttons-repeater wp-block-button__link\" aria-label=\"\" href=\"https:\/\/v2charge.com\/tr\/topluluk\/\" rel=\"follow noopener\" target=\"_self\" role=\"button\"><div class=\"uagb-button__link\">V2C TOPLULUK<\/div><\/a><\/div><\/div>\n<\/div><\/div>\n<\/div>\n<\/div><\/div>\n\n\n\n<div class=\"wp-block-uagb-container uagb-block-45eaf99f alignfull uagb-is-root-container\"><div class=\"uagb-container-inner-blocks-wrap\">\n<div class=\"wp-block-uagb-advanced-heading uagb-block-2262e71e\"><h2 class=\"uagb-heading-text\">e-Chargers ile uyumlu<\/h2><\/div>\n\n\n\n<div class=\"wp-block-uagb-image aligncenter uagb-block-cca53634 wp-block-uagb-image--layout-default wp-block-uagb-image--effect-static wp-block-uagb-image--align-center\"><figure class=\"wp-block-uagb-image__figure\"><img decoding=\"async\"  sizes=\"auto, (max-width: 480px) 150px\" src=\"https:\/\/v2charge.com\/wp-content\/uploads\/2021\/10\/brand-cars-electric.jpg\" alt=\"\" width=\"947\" height=\"581\" title=\"\" loading=\"lazy\" role=\"img\"\/><\/figure><\/div>\n<\/div><\/div>\n","protected":false},"excerpt":{"rendered":"<p>Elektrikli&nbsp;ara\u00e7 \u015farj cihaz\u0131 Elektrikli \u015farj ile gelece\u011fi, s\u00fcrd\u00fcr\u00fclebilirli\u011fi ve yenili\u011fi ke\u015ffedin. E-MOBILITY yolculu\u011fu Her ara\u00e7la uyumlu elektrikli ara\u00e7 \u015farj cihazlar\u0131 \u00fcretiyoruz. 4 e-Chargers 10 yenilik\u00e7i y\u0131llar 20.000 sat\u0131lan \u00fcr\u00fcnler 25 \u00fclkeler Yenilik Teknolojinin en ileri noktas\u0131nda olmak i\u00e7in her g\u00fcn e-\u015earj Cihazlar\u0131n\u0131 yeniliyoruz. Ba\u011fl\u0131l\u0131k Daha kaliteli ve verimli ak\u0131ll\u0131 \u00e7\u00f6z\u00fcmler sunmak. Garanti \u0130spanya\u2019da elektrikli ara\u00e7lar &#8230; <a title=\"Home\" class=\"read-more\" href=\"https:\/\/v2charge.com\/tr\/\" aria-label=\"Read more about Home\">Devam\u0131n\u0131 oku<\/a><\/p>\n","protected":false},"author":1,"featured_media":170355,"parent":0,"menu_order":0,"comment_status":"closed","ping_status":"closed","template":"","meta":{"_eb_attr":"","content-type":"","_uag_custom_page_level_css":"","footnotes":""},"class_list":["post-61691","page","type-page","status-publish","has-post-thumbnail"],"yoast_head":"<!-- This site is optimized with the Yoast SEO plugin v25.3.1 - https:\/\/yoast.com\/wordpress\/plugins\/seo\/ -->\n<title>Elektrikli ara\u00e7 \u015farj cihazlar\u0131 \u25b7 Ak\u0131ll\u0131 e-\u015earj Cihazlar\u0131 | V2C<\/title>\n<meta name=\"description\" content=\"En ak\u0131ll\u0131 elektrikli ara\u00e7 \u015farj cihazlar\u0131 serisi. T\u00fcm markalarla uyumlu \u015farj noktalar\u0131. [Son teknoloji] Ke\u015ffedin!\" \/>\n<meta name=\"robots\" content=\"index, follow, max-snippet:-1, max-image-preview:large, max-video-preview:-1\" \/>\n<link rel=\"canonical\" href=\"https:\/\/v2charge.com\/tr\/\" \/>\n<meta property=\"og:locale\" content=\"tr_TR\" \/>\n<meta property=\"og:type\" content=\"article\" \/>\n<meta property=\"og:title\" content=\"Elektrikli ara\u00e7 \u015farj cihazlar\u0131 \u25b7 Ak\u0131ll\u0131 e-\u015earj Cihazlar\u0131 | V2C\" \/>\n<meta property=\"og:description\" content=\"En ak\u0131ll\u0131 elektrikli ara\u00e7 \u015farj cihazlar\u0131 serisi. T\u00fcm markalarla uyumlu \u015farj noktalar\u0131. [Son teknoloji] Ke\u015ffedin!\" \/>\n<meta property=\"og:url\" content=\"https:\/\/v2charge.com\/tr\/\" \/>\n<meta property=\"og:site_name\" content=\"V2C\" \/>\n<meta property=\"article:publisher\" content=\"https:\/\/www.facebook.com\/V2C.Charge\" \/>\n<meta property=\"article:modified_time\" content=\"2025-05-16T06:59:15+00:00\" \/>\n<meta property=\"og:image\" content=\"https:\/\/v2charge.com\/wp-content\/uploads\/2024\/07\/v2c-electric-chargers.jpg\" \/>\n\t<meta property=\"og:image:width\" content=\"1200\" \/>\n\t<meta property=\"og:image:height\" content=\"675\" \/>\n\t<meta property=\"og:image:type\" content=\"image\/jpeg\" \/>\n<meta name=\"twitter:card\" content=\"summary_large_image\" \/>\n<meta name=\"twitter:site\" content=\"@V2C_Charge\" \/>\n<meta name=\"twitter:label1\" content=\"Tahmini okuma s\u00fcresi\" \/>\n\t<meta name=\"twitter:data1\" content=\"2 dakika\" \/>\n<script type=\"application\/ld+json\" class=\"yoast-schema-graph\">{\"@context\":\"https:\/\/schema.org\",\"@graph\":[{\"@type\":\"WebPage\",\"@id\":\"https:\/\/v2charge.com\/tr\/\",\"url\":\"https:\/\/v2charge.com\/tr\/\",\"name\":\"Elektrikli ara\u00e7 \u015farj cihazlar\u0131 \u25b7 Ak\u0131ll\u0131 e-\u015earj Cihazlar\u0131 | V2C\",\"isPartOf\":{\"@id\":\"https:\/\/v2charge.com\/tr\/#website\"},\"primaryImageOfPage\":{\"@id\":\"https:\/\/v2charge.com\/tr\/#primaryimage\"},\"image\":{\"@id\":\"https:\/\/v2charge.com\/tr\/#primaryimage\"},\"thumbnailUrl\":\"https:\/\/v2charge.com\/wp-content\/uploads\/2024\/07\/v2c-electric-chargers.jpg\",\"datePublished\":\"2019-03-16T11:03:51+00:00\",\"dateModified\":\"2025-05-16T06:59:15+00:00\",\"description\":\"En ak\u0131ll\u0131 elektrikli ara\u00e7 \u015farj cihazlar\u0131 serisi. T\u00fcm markalarla uyumlu \u015farj noktalar\u0131. [Son teknoloji] Ke\u015ffedin!\",\"breadcrumb\":{\"@id\":\"https:\/\/v2charge.com\/tr\/#breadcrumb\"},\"inLanguage\":\"tr\",\"potentialAction\":[{\"@type\":\"ReadAction\",\"target\":[\"https:\/\/v2charge.com\/tr\/\"]}]},{\"@type\":\"ImageObject\",\"inLanguage\":\"tr\",\"@id\":\"https:\/\/v2charge.com\/tr\/#primaryimage\",\"url\":\"https:\/\/v2charge.com\/wp-content\/uploads\/2024\/07\/v2c-electric-chargers.jpg\",\"contentUrl\":\"https:\/\/v2charge.com\/wp-content\/uploads\/2024\/07\/v2c-electric-chargers.jpg\",\"width\":1200,\"height\":675,\"caption\":\"V2C Electric Chargers\"},{\"@type\":\"BreadcrumbList\",\"@id\":\"https:\/\/v2charge.com\/tr\/#breadcrumb\",\"itemListElement\":[{\"@type\":\"ListItem\",\"position\":1,\"name\":\"V2C\",\"item\":\"https:\/\/v2charge.com\/tr\/\"},{\"@type\":\"ListItem\",\"position\":2,\"name\":\"Home\"}]},{\"@type\":\"WebSite\",\"@id\":\"https:\/\/v2charge.com\/tr\/#website\",\"url\":\"https:\/\/v2charge.com\/tr\/\",\"name\":\"V2C\",\"description\":\"#CargandoElMa\u00f1ana\",\"publisher\":{\"@id\":\"https:\/\/v2charge.com\/tr\/#organization\"},\"potentialAction\":[{\"@type\":\"SearchAction\",\"target\":{\"@type\":\"EntryPoint\",\"urlTemplate\":\"https:\/\/v2charge.com\/tr\/?s={search_term_string}\"},\"query-input\":{\"@type\":\"PropertyValueSpecification\",\"valueRequired\":true,\"valueName\":\"search_term_string\"}}],\"inLanguage\":\"tr\"},{\"@type\":\"Organization\",\"@id\":\"https:\/\/v2charge.com\/tr\/#organization\",\"name\":\"V2C\",\"url\":\"https:\/\/v2charge.com\/tr\/\",\"logo\":{\"@type\":\"ImageObject\",\"inLanguage\":\"tr\",\"@id\":\"https:\/\/v2charge.com\/tr\/#\/schema\/logo\/image\/\",\"url\":\"https:\/\/v2charge.com\/wp-content\/uploads\/2024\/11\/cropped-v2c-charge-logo-menu.png\",\"contentUrl\":\"https:\/\/v2charge.com\/wp-content\/uploads\/2024\/11\/cropped-v2c-charge-logo-menu.png\",\"width\":984,\"height\":431,\"caption\":\"V2C\"},\"image\":{\"@id\":\"https:\/\/v2charge.com\/tr\/#\/schema\/logo\/image\/\"},\"sameAs\":[\"https:\/\/www.facebook.com\/V2C.Charge\",\"https:\/\/x.com\/V2C_Charge\",\"https:\/\/www.instagram.com\/v2c.charge\/\",\"https:\/\/www.youtube.com\/@V2C\",\"https:\/\/www.linkedin.com\/company\/v2c-chargers\/\"]}]}<\/script>\n<!-- \/ Yoast SEO plugin. -->","yoast_head_json":{"title":"Elektrikli ara\u00e7 \u015farj cihazlar\u0131 \u25b7 Ak\u0131ll\u0131 e-\u015earj Cihazlar\u0131 | V2C","description":"En ak\u0131ll\u0131 elektrikli ara\u00e7 \u015farj cihazlar\u0131 serisi. T\u00fcm markalarla uyumlu \u015farj noktalar\u0131. [Son teknoloji] Ke\u015ffedin!","robots":{"index":"index","follow":"follow","max-snippet":"max-snippet:-1","max-image-preview":"max-image-preview:large","max-video-preview":"max-video-preview:-1"},"canonical":"https:\/\/v2charge.com\/tr\/","og_locale":"tr_TR","og_type":"article","og_title":"Elektrikli ara\u00e7 \u015farj cihazlar\u0131 \u25b7 Ak\u0131ll\u0131 e-\u015earj Cihazlar\u0131 | V2C","og_description":"En ak\u0131ll\u0131 elektrikli ara\u00e7 \u015farj cihazlar\u0131 serisi. T\u00fcm markalarla uyumlu \u015farj noktalar\u0131. [Son teknoloji] Ke\u015ffedin!","og_url":"https:\/\/v2charge.com\/tr\/","og_site_name":"V2C","article_publisher":"https:\/\/www.facebook.com\/V2C.Charge","article_modified_time":"2025-05-16T06:59:15+00:00","og_image":[{"width":1200,"height":675,"url":"https:\/\/v2charge.com\/wp-content\/uploads\/2024\/07\/v2c-electric-chargers.jpg","type":"image\/jpeg"}],"twitter_card":"summary_large_image","twitter_site":"@V2C_Charge","twitter_misc":{"Tahmini okuma s\u00fcresi":"2 dakika"},"schema":{"@context":"https:\/\/schema.org","@graph":[{"@type":"WebPage","@id":"https:\/\/v2charge.com\/tr\/","url":"https:\/\/v2charge.com\/tr\/","name":"Elektrikli ara\u00e7 \u015farj cihazlar\u0131 \u25b7 Ak\u0131ll\u0131 e-\u015earj Cihazlar\u0131 | V2C","isPartOf":{"@id":"https:\/\/v2charge.com\/tr\/#website"},"primaryImageOfPage":{"@id":"https:\/\/v2charge.com\/tr\/#primaryimage"},"image":{"@id":"https:\/\/v2charge.com\/tr\/#primaryimage"},"thumbnailUrl":"https:\/\/v2charge.com\/wp-content\/uploads\/2024\/07\/v2c-electric-chargers.jpg","datePublished":"2019-03-16T11:03:51+00:00","dateModified":"2025-05-16T06:59:15+00:00","description":"En ak\u0131ll\u0131 elektrikli ara\u00e7 \u015farj cihazlar\u0131 serisi. T\u00fcm markalarla uyumlu \u015farj noktalar\u0131. [Son teknoloji] Ke\u015ffedin!","breadcrumb":{"@id":"https:\/\/v2charge.com\/tr\/#breadcrumb"},"inLanguage":"tr","potentialAction":[{"@type":"ReadAction","target":["https:\/\/v2charge.com\/tr\/"]}]},{"@type":"ImageObject","inLanguage":"tr","@id":"https:\/\/v2charge.com\/tr\/#primaryimage","url":"https:\/\/v2charge.com\/wp-content\/uploads\/2024\/07\/v2c-electric-chargers.jpg","contentUrl":"https:\/\/v2charge.com\/wp-content\/uploads\/2024\/07\/v2c-electric-chargers.jpg","width":1200,"height":675,"caption":"V2C Electric Chargers"},{"@type":"BreadcrumbList","@id":"https:\/\/v2charge.com\/tr\/#breadcrumb","itemListElement":[{"@type":"ListItem","position":1,"name":"V2C","item":"https:\/\/v2charge.com\/tr\/"},{"@type":"ListItem","position":2,"name":"Home"}]},{"@type":"WebSite","@id":"https:\/\/v2charge.com\/tr\/#website","url":"https:\/\/v2charge.com\/tr\/","name":"V2C","description":"#CargandoElMa\u00f1ana","publisher":{"@id":"https:\/\/v2charge.com\/tr\/#organization"},"potentialAction":[{"@type":"SearchAction","target":{"@type":"EntryPoint","urlTemplate":"https:\/\/v2charge.com\/tr\/?s={search_term_string}"},"query-input":{"@type":"PropertyValueSpecification","valueRequired":true,"valueName":"search_term_string"}}],"inLanguage":"tr"},{"@type":"Organization","@id":"https:\/\/v2charge.com\/tr\/#organization","name":"V2C","url":"https:\/\/v2charge.com\/tr\/","logo":{"@type":"ImageObject","inLanguage":"tr","@id":"https:\/\/v2charge.com\/tr\/#\/schema\/logo\/image\/","url":"https:\/\/v2charge.com\/wp-content\/uploads\/2024\/11\/cropped-v2c-charge-logo-menu.png","contentUrl":"https:\/\/v2charge.com\/wp-content\/uploads\/2024\/11\/cropped-v2c-charge-logo-menu.png","width":984,"height":431,"caption":"V2C"},"image":{"@id":"https:\/\/v2charge.com\/tr\/#\/schema\/logo\/image\/"},"sameAs":["https:\/\/www.facebook.com\/V2C.Charge","https:\/\/x.com\/V2C_Charge","https:\/\/www.instagram.com\/v2c.charge\/","https:\/\/www.youtube.com\/@V2C","https:\/\/www.linkedin.com\/company\/v2c-chargers\/"]}]}},"uagb_featured_image_src":{"full":["https:\/\/v2charge.com\/wp-content\/uploads\/2024\/07\/v2c-electric-chargers.jpg",1200,675,false],"thumbnail":["https:\/\/v2charge.com\/wp-content\/uploads\/2024\/07\/v2c-electric-chargers-150x150.jpg",150,150,true],"medium":["https:\/\/v2charge.com\/wp-content\/uploads\/2024\/07\/v2c-electric-chargers-300x169.jpg",300,169,true],"medium_large":["https:\/\/v2charge.com\/wp-content\/uploads\/2024\/07\/v2c-electric-chargers-768x432.jpg",768,432,true],"large":["https:\/\/v2charge.com\/wp-content\/uploads\/2024\/07\/v2c-electric-chargers-1024x576.jpg",1024,576,true],"gs-tiny":["https:\/\/v2charge.com\/wp-content\/uploads\/2024\/07\/v2c-electric-chargers.jpg",50,28,false],"xl":["https:\/\/v2charge.com\/wp-content\/uploads\/2024\/07\/v2c-electric-chargers.jpg",1200,675,false],"xxl":["https:\/\/v2charge.com\/wp-content\/uploads\/2024\/07\/v2c-electric-chargers.jpg",1200,675,false],"xxxl":["https:\/\/v2charge.com\/wp-content\/uploads\/2024\/07\/v2c-electric-chargers.jpg",1200,675,false],"xxxxl":["https:\/\/v2charge.com\/wp-content\/uploads\/2024\/07\/v2c-electric-chargers.jpg",1200,675,false],"xxxxxl":["https:\/\/v2charge.com\/wp-content\/uploads\/2024\/07\/v2c-electric-chargers.jpg",1200,675,false],"1536x1536":["https:\/\/v2charge.com\/wp-content\/uploads\/2024\/07\/v2c-electric-chargers.jpg",1200,675,false],"2048x2048":["https:\/\/v2charge.com\/wp-content\/uploads\/2024\/07\/v2c-electric-chargers.jpg",1200,675,false]},"uagb_author_info":{"display_name":"V2C","author_link":"https:\/\/v2charge.com\/tr\/author\/root_k4eu7ki8\/"},"uagb_comment_info":0,"uagb_excerpt":"Elektrikli&nbsp;ara\u00e7 \u015farj cihaz\u0131 Elektrikli \u015farj ile gelece\u011fi, s\u00fcrd\u00fcr\u00fclebilirli\u011fi ve yenili\u011fi ke\u015ffedin. E-MOBILITY yolculu\u011fu Her ara\u00e7la uyumlu elektrikli ara\u00e7 \u015farj cihazlar\u0131 \u00fcretiyoruz. 4 e-Chargers 10 yenilik\u00e7i y\u0131llar 20.000 sat\u0131lan \u00fcr\u00fcnler 25 \u00fclkeler Yenilik Teknolojinin en ileri noktas\u0131nda olmak i\u00e7in her g\u00fcn e-\u015earj Cihazlar\u0131n\u0131 yeniliyoruz. Ba\u011fl\u0131l\u0131k Daha kaliteli ve verimli ak\u0131ll\u0131 \u00e7\u00f6z\u00fcmler sunmak. Garanti \u0130spanya\u2019da elektrikli ara\u00e7lar&hellip;","_links":{"self":[{"href":"https:\/\/v2charge.com\/tr\/wp-json\/wp\/v2\/pages\/61691","targetHints":{"allow":["GET"]}}],"collection":[{"href":"https:\/\/v2charge.com\/tr\/wp-json\/wp\/v2\/pages"}],"about":[{"href":"https:\/\/v2charge.com\/tr\/wp-json\/wp\/v2\/types\/page"}],"author":[{"embeddable":true,"href":"https:\/\/v2charge.com\/tr\/wp-json\/wp\/v2\/users\/1"}],"replies":[{"embeddable":true,"href":"https:\/\/v2charge.com\/tr\/wp-json\/wp\/v2\/comments?post=61691"}],"version-history":[{"count":3,"href":"https:\/\/v2charge.com\/tr\/wp-json\/wp\/v2\/pages\/61691\/revisions"}],"predecessor-version":[{"id":222430,"href":"https:\/\/v2charge.com\/tr\/wp-json\/wp\/v2\/pages\/61691\/revisions\/222430"}],"wp:featuredmedia":[{"embeddable":true,"href":"https:\/\/v2charge.com\/tr\/wp-json\/wp\/v2\/media\/170355"}],"wp:attachment":[{"href":"https:\/\/v2charge.com\/tr\/wp-json\/wp\/v2\/media?parent=61691"}],"curies":[{"name":"wp","href":"https:\/\/api.w.org\/{rel}","templated":true}]}}