{"id":70552,"date":"2021-10-11T07:44:05","date_gmt":"2021-10-11T07:44:05","guid":{"rendered":"https:\/\/v2charge.com\/e-chargers\/"},"modified":"2026-04-19T09:10:55","modified_gmt":"2026-04-19T09:10:55","slug":"e-chargers","status":"publish","type":"page","link":"https:\/\/v2charge.com\/tr\/e-chargers\/","title":{"rendered":"e-Chargers"},"content":{"rendered":"\n<div class=\"wp-block-uagb-container uagb-block-870fcc98 alignfull uagb-is-root-container\"><div class=\"uagb-container-inner-blocks-wrap\"><div class=\"wp-block-uagb-advanced-heading uagb-block-09b57f63\"><h1 class=\"uagb-heading-text\">V2C \u015farj cihazlar\u0131m\u0131z\u0131 ke\u015ffedin<\/h1><\/div>\n\n<div class=\"wp-block-uagb-advanced-heading uagb-block-b48c4bd6\"><h2 class=\"uagb-heading-text\">\u0130htiya\u00e7lar\u0131n\u0131za en uygun e-Charger&#8217;\u0131 bulun<\/h2><\/div><\/div><\/div>\n\n\n\n<div class=\"wp-block-uagb-container uagb-block-85a94585 alignfull uagb-is-root-container\">\n<div class=\"wp-block-uagb-container uagb-block-fa2e9636\">\n<div class=\"wp-block-uagb-container uagb-block-c67883f2\"><\/div>\n<\/div>\n\n\n\n<div class=\"wp-block-uagb-container uagb-block-46f98641\"><div class=\"wp-block-uagb-advanced-heading uagb-block-9ea634ef\"><h2 class=\"uagb-heading-text\">TRYDAN<\/h2><\/div>\n\n<div class=\"wp-block-uagb-advanced-heading uagb-block-05e9209c\"><h3 class=\"uagb-heading-text\">Zeka ve maksimum kontrol elinizin alt\u0131nda<\/h3><\/div>\n\n<p class=\"has-base-3-color has-text-color\">Trydan, \u015fimdiye kadar bilinen en yenilik\u00e7i ve ak\u0131ll\u0131 \u015farj y\u00f6ntemini ke\u015ffetmenizi sa\u011fl\u0131yor.<\/p>\n\n<p class=\"has-base-3-color has-text-color\">\u015e\u0131kl\u0131\u011f\u0131 ve i\u015flevselli\u011fi birle\u015ftiren, \u00f6nc\u00fc bir karaktere sahip devrim niteli\u011finde bir tasar\u0131m.<\/p>\n\n\n<div class=\"wp-block-uagb-buttons uagb-buttons__outer-wrap uagb-btn__default-btn uagb-btn-tablet__default-btn uagb-btn-mobile__default-btn uagb-block-f7832a7b\"><div class=\"uagb-buttons__wrap uagb-buttons-layout-wrap \"><div class=\"wp-block-uagb-buttons-child uagb-buttons__outer-wrap uagb-block-e701662b wp-block-button is-style-outline\"><div class=\"uagb-button__wrapper\"><a class=\"uagb-buttons-repeater wp-block-button__link\" aria-label=\"\" href=\"https:\/\/v2charge.com\/es\/trydan\/\" rel=\"follow noopener\" target=\"_self\" role=\"button\"><div class=\"uagb-button__link\">Trydan&#8217;\u0131 G\u00f6r<\/div><\/a><\/div><\/div><\/div><\/div>\n<\/div>\n<\/div>\n\n\n\n<div class=\"wp-block-uagb-container uagb-block-8d83ad62 alignfull uagb-is-root-container\">\n<div class=\"wp-block-uagb-container uagb-block-df871797\"><div class=\"wp-block-uagb-advanced-heading uagb-block-62e0970a\"><h2 class=\"uagb-heading-text\">TRYDAN PRO<\/h2><\/div>\n\n<div class=\"wp-block-uagb-advanced-heading uagb-block-b03b3d2c\"><h3 class=\"uagb-heading-text\">Tam ba\u011flant\u0131 ile m\u00fckemmel evrim<\/h3><\/div>\n\n<p>Her zaman Trydan Pro ile ba\u011fl\u0131 kal\u0131n. An\u0131nda ve kesintisiz internet eri\u015fimi i\u00e7in 4G ve Ethernet teknolojisi.<\/p>\n\n<p>Birden fazla kullan\u0131c\u0131y\u0131 tan\u0131mlar ve RFID\/NFC okuyucusu sayesinde eri\u015filebilir ve g\u00fcvenli bir \u015farj sa\u011flar.<\/p>\n\n\n<div class=\"wp-block-uagb-buttons uagb-buttons__outer-wrap uagb-btn__default-btn uagb-btn-tablet__default-btn uagb-btn-mobile__default-btn uagb-block-7008c05c\"><div class=\"uagb-buttons__wrap uagb-buttons-layout-wrap \"><div class=\"wp-block-uagb-buttons-child uagb-buttons__outer-wrap uagb-block-1b818de0 wp-block-button is-style-outline\"><div class=\"uagb-button__wrapper\"><a class=\"uagb-buttons-repeater wp-block-button__link\" aria-label=\"\" href=\"https:\/\/v2charge.com\/es\/trydan-pro\/\" rel=\"follow noopener\" target=\"_self\" role=\"button\"><div class=\"uagb-button__link\">Trydan Pro&#8217;yu G\u00f6r<\/div><\/a><\/div><\/div><\/div><\/div>\n<\/div>\n\n\n\n<div class=\"wp-block-uagb-container uagb-block-efb230ef\">\n<div class=\"wp-block-uagb-container uagb-block-15439cb3\"><\/div>\n<\/div>\n<\/div>\n\n\n\n<div class=\"wp-block-uagb-container uagb-block-d92173e3 alignfull uagb-is-root-container\">\n<div class=\"wp-block-uagb-container uagb-block-b879d392\">\n<div class=\"wp-block-uagb-container uagb-block-a2cfcc60\"><\/div>\n<\/div>\n\n\n\n<div class=\"wp-block-uagb-container uagb-block-13d3f525\"><div class=\"wp-block-uagb-advanced-heading uagb-block-ee015bad\"><h2 class=\"uagb-heading-text\">POLE PRO<\/h2><\/div>\n\n<div class=\"wp-block-uagb-advanced-heading uagb-block-fdb8051a\"><h3 class=\"uagb-heading-text\">En ak\u0131ll\u0131 ve maliyet etkin payla\u015f\u0131ml\u0131 \u015farj \u00e7\u00f6z\u00fcm\u00fc<\/h3><\/div>\n\n<p class=\"has-base-3-color has-text-color\">Pole Pro, kamu ve \u00f6zel alanlarda birden fazla kullan\u0131c\u0131 i\u00e7in en ak\u0131ll\u0131 \u015farj\u0131 sunmak \u00fczere en son teknolojiyi entegre eder.<\/p>\n\n<p class=\"has-base-3-color has-text-color\">En zarif, sa\u011flam ve en zorlu ortamlarda en iyi ba\u011flant\u0131 ile tasar\u0131m, iki versiyonda, zemin veya duvar.<\/p>\n\n\n<div class=\"wp-block-uagb-buttons uagb-buttons__outer-wrap uagb-btn__default-btn uagb-btn-tablet__default-btn uagb-btn-mobile__default-btn uagb-block-1991fdb1\"><div class=\"uagb-buttons__wrap uagb-buttons-layout-wrap \"><div class=\"wp-block-uagb-buttons-child uagb-buttons__outer-wrap uagb-block-3b5e5735 wp-block-button is-style-outline\"><div class=\"uagb-button__wrapper\"><a class=\"uagb-buttons-repeater wp-block-button__link\" aria-label=\"\" href=\"https:\/\/v2charge.com\/es\/pole\/\" rel=\"follow noopener\" target=\"_self\" role=\"button\"><div class=\"uagb-button__link\">Pole Pro&#8217;yu G\u00f6r<\/div><\/a><\/div><\/div><\/div><\/div>\n<\/div>\n<\/div>\n\n\n\n<div class=\"wp-block-uagb-container uagb-block-bb89d55d alignfull uagb-is-root-container\">\n<div class=\"wp-block-uagb-container uagb-block-03544c89\"><div class=\"wp-block-uagb-advanced-heading uagb-block-ae32fdcf\"><h2 class=\"uagb-heading-text\">DENKA<\/h2><\/div>\n\n<div class=\"wp-block-uagb-advanced-heading uagb-block-ba6ea7bd\"><h3 class=\"uagb-heading-text\">Serisinin en ultra kompakt h\u0131zl\u0131 \u015farj cihaz\u0131<\/h3><\/div>\n\n<p class=\"has-contrast-color has-text-color\">Denka, en az alanda maksimum performans sunmak i\u00e7in tasarlanm\u0131\u015ft\u0131r. Her kullan\u0131mda g\u00fc\u00e7 ve verimlili\u011fi birle\u015ftirerek sadece 30 dakikada 140 km&#8217;ye kadar \u015farj etmeyi sa\u011flar.<\/p>\n\n<p class=\"has-contrast-color has-text-color\">20 kW ve 40 kW versiyonlar\u0131nda mevcuttur.<\/p>\n\n\n<div class=\"wp-block-uagb-buttons uagb-buttons__outer-wrap uagb-btn__default-btn uagb-btn-tablet__default-btn uagb-btn-mobile__default-btn uagb-block-b87795b8\"><div class=\"uagb-buttons__wrap uagb-buttons-layout-wrap \"><div class=\"wp-block-uagb-buttons-child uagb-buttons__outer-wrap uagb-block-f94af162 wp-block-button is-style-outline\"><div class=\"uagb-button__wrapper\"><a class=\"uagb-buttons-repeater wp-block-button__link\" aria-label=\"\" href=\"https:\/\/v2charge.com\/es\/denka\/\" rel=\"follow noopener\" target=\"_self\" role=\"button\"><div class=\"uagb-button__link\">Denka&#8217;y\u0131 G\u00f6r<\/div><\/a><\/div><\/div><\/div><\/div>\n<\/div>\n\n\n\n<div class=\"wp-block-uagb-container uagb-block-fa0686a4\">\n<div class=\"wp-block-uagb-container uagb-block-7299d301\"><\/div>\n<\/div>\n<\/div>\n\n\n\n<div class=\"wp-block-uagb-container uagb-block-26ae079b alignfull uagb-is-root-container\">\n<div class=\"wp-block-uagb-container uagb-block-b554521b\">\n<div class=\"wp-block-uagb-container uagb-block-9a000845\"><\/div>\n<\/div>\n\n\n\n<div class=\"wp-block-uagb-container uagb-block-a90475c3\"><div class=\"wp-block-uagb-advanced-heading uagb-block-c2bdcf5e\"><h2 class=\"uagb-heading-text\">EKRAN<\/h2><\/div>\n\n<div class=\"wp-block-uagb-advanced-heading uagb-block-517ae055\"><h3 class=\"uagb-heading-text\">Entegre reklam ile ilk ve tek e-Charger<\/h3><\/div>\n\n<p class=\"has-base-3-color has-text-color\">Daha \u00f6nce hi\u00e7 g\u00f6r\u00fclmemi\u015f bir teknoloji ile Screen, ara\u00e7 \u015farj\u0131n\u0131 reklamc\u0131l\u0131kla birle\u015ftiren piyasadaki tek \u015farj cihaz\u0131d\u0131r.<\/p>\n\n<p class=\"has-base-3-color has-text-color\">43 in\u00e7lik ekran\u0131n\u0131n etkileyici varl\u0131\u011f\u0131 ile karakterizedir.<\/p>\n\n\n<div class=\"wp-block-uagb-buttons uagb-buttons__outer-wrap uagb-btn__default-btn uagb-btn-tablet__default-btn uagb-btn-mobile__default-btn uagb-block-76d98a3d\"><div class=\"uagb-buttons__wrap uagb-buttons-layout-wrap \"><div class=\"wp-block-uagb-buttons-child uagb-buttons__outer-wrap uagb-block-10d6f73f wp-block-button is-style-outline\"><div class=\"uagb-button__wrapper\"><a class=\"uagb-buttons-repeater wp-block-button__link\" aria-label=\"\" href=\"https:\/\/v2charge.com\/es\/screen\/\" rel=\"follow noopener\" target=\"_self\" role=\"button\"><div class=\"uagb-button__link\">Ekran\u0131 G\u00f6r<\/div><\/a><\/div><\/div><\/div><\/div>\n<\/div>\n<\/div>\n\n\n\n<div class=\"wp-block-uagb-container uagb-block-0095458a alignfull uagb-is-root-container\">\n<div class=\"wp-block-uagb-container uagb-block-5361863f\"><div class=\"wp-block-uagb-advanced-heading uagb-block-fae95d4b\"><h2 class=\"uagb-heading-text\">TA\u015eINAB\u0130L\u0130R \u015eARJ C\u0130HAZI<\/h2><\/div>\n\n<div class=\"wp-block-uagb-advanced-heading uagb-block-2258c590\"><h3 class=\"uagb-heading-text\">Gitti\u011fin her yerde hafiflik ve tasar\u0131m<\/h3><\/div>\n\n<p class=\"has-contrast-color has-text-color\">Art\u0131k rotay\u0131 de\u011fi\u015ftirmeden seyahat edebilirsiniz. EV Portable, hafif, kompakt ve ta\u015f\u0131nmas\u0131 kolay bir e-Charger&#8217;d\u0131r.<\/p>\n\n<p class=\"has-contrast-color has-text-color\">K\u00fc\u00e7\u00fck boyutlar\u0131 ve maksimum \u015farj g\u00fcc\u00fc, herhangi bir yolculukta en iyi m\u00fcttefikiniz olacak.<\/p>\n\n\n<div class=\"wp-block-uagb-buttons uagb-buttons__outer-wrap uagb-btn__default-btn uagb-btn-tablet__default-btn uagb-btn-mobile__default-btn uagb-block-a428d7ff\"><div class=\"uagb-buttons__wrap uagb-buttons-layout-wrap \"><div class=\"wp-block-uagb-buttons-child uagb-buttons__outer-wrap uagb-block-ec608a32 wp-block-button is-style-outline\"><div class=\"uagb-button__wrapper\"><a class=\"uagb-buttons-repeater wp-block-button__link\" aria-label=\"\" href=\"https:\/\/v2charge.com\/es\/ev-portable\/\" rel=\"follow noopener\" target=\"_self\" role=\"button\"><div class=\"uagb-button__link\">Ta\u015f\u0131nabilir EV&#8217;yi G\u00f6r\u00fcnt\u00fcle<\/div><\/a><\/div><\/div><\/div><\/div>\n<\/div>\n\n\n\n<div class=\"wp-block-uagb-container uagb-block-7d76ad5b\">\n<div class=\"wp-block-uagb-container uagb-block-4cb2e33a\"><\/div>\n<\/div>\n<\/div>\n\n\n\n<div class=\"wp-block-uagb-container uagb-block-5b548101 alignfull uagb-is-root-container\"><div class=\"uagb-container-inner-blocks-wrap\"><div class=\"wp-block-uagb-advanced-heading uagb-block-cda468fa\"><h2 class=\"uagb-heading-text\"><strong>V2C \u015farj cihazlar\u0131m\u0131z\u0131n katalo\u011funu inceleyin<\/strong><\/h2><\/div>\n\n\n<div class=\"wp-block-uagb-buttons uagb-buttons__outer-wrap uagb-btn__default-btn uagb-btn-tablet__default-btn uagb-btn-mobile__default-btn uagb-block-1846dace\"><div class=\"uagb-buttons__wrap uagb-buttons-layout-wrap \"><div class=\"wp-block-uagb-buttons-child uagb-buttons__outer-wrap uagb-block-34f2bffb wp-block-button is-style-outline\"><div class=\"uagb-button__wrapper\"><a class=\"uagb-buttons-repeater wp-block-button__link\" aria-label=\"\" href=\"https:\/\/v2charge.com\/es\/catalogos\/\" rel=\"follow noopener\" target=\"_self\" role=\"button\"><div class=\"uagb-button__link\">Kataloglar\u0131 \u0130nceleyin<\/div><\/a><\/div><\/div><\/div><\/div>\n<\/div><\/div>\n\n\n\n<p><\/p>\n","protected":false},"excerpt":{"rendered":"<p>V2C \u015farj cihazlar\u0131m\u0131z\u0131 ke\u015ffedin \u0130htiya\u00e7lar\u0131n\u0131za en uygun e-Charger&#8217;\u0131 bulun TRYDAN Zeka ve maksimum kontrol elinizin alt\u0131nda Trydan, \u015fimdiye kadar bilinen en yenilik\u00e7i ve ak\u0131ll\u0131 \u015farj y\u00f6ntemini ke\u015ffetmenizi sa\u011fl\u0131yor. \u015e\u0131kl\u0131\u011f\u0131 ve i\u015flevselli\u011fi birle\u015ftiren, \u00f6nc\u00fc bir karaktere sahip devrim niteli\u011finde bir tasar\u0131m. TRYDAN PRO Tam ba\u011flant\u0131 ile m\u00fckemmel evrim Her zaman Trydan Pro ile ba\u011fl\u0131 kal\u0131n. An\u0131nda &#8230; <a title=\"e-Chargers\" class=\"read-more\" href=\"https:\/\/v2charge.com\/tr\/e-chargers\/\" aria-label=\"Read more about e-Chargers\">Devam\u0131n\u0131 oku<\/a><\/p>\n","protected":false},"author":1,"featured_media":170355,"parent":0,"menu_order":0,"comment_status":"closed","ping_status":"closed","template":"","meta":{"_eb_attr":"","content-type":"","_uag_custom_page_level_css":"","footnotes":""},"class_list":["post-70552","page","type-page","status-publish","has-post-thumbnail"],"yoast_head":"<!-- This site is optimized with the Yoast SEO plugin v25.3.1 - https:\/\/yoast.com\/wordpress\/plugins\/seo\/ -->\n<title>V2C \u015farj cihazlar\u0131 \u25b7 Piyasadaki en iyi e-\u015earj Cihazlar\u0131n\u0131 ke\u015ffedin<\/title>\n<meta name=\"description\" content=\"Elektrikli \u015farj yoluyla sizi gelece\u011fe, s\u00fcrd\u00fcr\u00fclebilirli\u011fe ve yenili\u011fe g\u00f6t\u00fcrecek V2C \u015farj cihazlar\u0131 olan e-\u015earj Cihazlar\u0131 serimizi ke\u015ffedin.\" \/>\n<meta name=\"robots\" content=\"index, follow, max-snippet:-1, max-image-preview:large, max-video-preview:-1\" \/>\n<link rel=\"canonical\" href=\"https:\/\/v2charge.com\/tr\/e-chargers\/\" \/>\n<meta property=\"og:locale\" content=\"tr_TR\" \/>\n<meta property=\"og:type\" content=\"article\" \/>\n<meta property=\"og:title\" content=\"V2C \u015farj cihazlar\u0131 \u25b7 Piyasadaki en iyi e-\u015earj Cihazlar\u0131n\u0131 ke\u015ffedin\" \/>\n<meta property=\"og:description\" content=\"Elektrikli \u015farj yoluyla sizi gelece\u011fe, s\u00fcrd\u00fcr\u00fclebilirli\u011fe ve yenili\u011fe g\u00f6t\u00fcrecek V2C \u015farj cihazlar\u0131 olan e-\u015earj Cihazlar\u0131 serimizi ke\u015ffedin.\" \/>\n<meta property=\"og:url\" content=\"https:\/\/v2charge.com\/tr\/e-chargers\/\" \/>\n<meta property=\"og:site_name\" content=\"V2C\" \/>\n<meta property=\"article:publisher\" content=\"https:\/\/www.facebook.com\/V2C.Charge\" \/>\n<meta property=\"article:modified_time\" content=\"2026-04-19T09:10:55+00:00\" \/>\n<meta property=\"og:image\" content=\"https:\/\/v2charge.com\/wp-content\/uploads\/2024\/07\/v2c-electric-chargers.jpg\" \/>\n\t<meta property=\"og:image:width\" content=\"1200\" \/>\n\t<meta property=\"og:image:height\" content=\"675\" \/>\n\t<meta property=\"og:image:type\" content=\"image\/jpeg\" \/>\n<meta name=\"twitter:card\" content=\"summary_large_image\" \/>\n<meta name=\"twitter:site\" content=\"@V2C_Charge\" \/>\n<meta name=\"twitter:label1\" content=\"Tahmini okuma s\u00fcresi\" \/>\n\t<meta name=\"twitter:data1\" content=\"2 dakika\" \/>\n<script type=\"application\/ld+json\" class=\"yoast-schema-graph\">{\"@context\":\"https:\/\/schema.org\",\"@graph\":[{\"@type\":\"WebPage\",\"@id\":\"https:\/\/v2charge.com\/tr\/e-chargers\/\",\"url\":\"https:\/\/v2charge.com\/tr\/e-chargers\/\",\"name\":\"V2C \u015farj cihazlar\u0131 \u25b7 Piyasadaki en iyi e-\u015earj Cihazlar\u0131n\u0131 ke\u015ffedin\",\"isPartOf\":{\"@id\":\"https:\/\/v2charge.com\/tr\/#website\"},\"primaryImageOfPage\":{\"@id\":\"https:\/\/v2charge.com\/tr\/e-chargers\/#primaryimage\"},\"image\":{\"@id\":\"https:\/\/v2charge.com\/tr\/e-chargers\/#primaryimage\"},\"thumbnailUrl\":\"https:\/\/v2charge.com\/wp-content\/uploads\/2024\/07\/v2c-electric-chargers.jpg\",\"datePublished\":\"2021-10-11T07:44:05+00:00\",\"dateModified\":\"2026-04-19T09:10:55+00:00\",\"description\":\"Elektrikli \u015farj yoluyla sizi gelece\u011fe, s\u00fcrd\u00fcr\u00fclebilirli\u011fe ve yenili\u011fe g\u00f6t\u00fcrecek V2C \u015farj cihazlar\u0131 olan e-\u015earj Cihazlar\u0131 serimizi ke\u015ffedin.\",\"breadcrumb\":{\"@id\":\"https:\/\/v2charge.com\/tr\/e-chargers\/#breadcrumb\"},\"inLanguage\":\"tr\",\"potentialAction\":[{\"@type\":\"ReadAction\",\"target\":[\"https:\/\/v2charge.com\/tr\/e-chargers\/\"]}]},{\"@type\":\"ImageObject\",\"inLanguage\":\"tr\",\"@id\":\"https:\/\/v2charge.com\/tr\/e-chargers\/#primaryimage\",\"url\":\"https:\/\/v2charge.com\/wp-content\/uploads\/2024\/07\/v2c-electric-chargers.jpg\",\"contentUrl\":\"https:\/\/v2charge.com\/wp-content\/uploads\/2024\/07\/v2c-electric-chargers.jpg\",\"width\":1200,\"height\":675,\"caption\":\"V2C Electric Chargers\"},{\"@type\":\"BreadcrumbList\",\"@id\":\"https:\/\/v2charge.com\/tr\/e-chargers\/#breadcrumb\",\"itemListElement\":[{\"@type\":\"ListItem\",\"position\":1,\"name\":\"V2C\",\"item\":\"https:\/\/v2charge.com\/tr\/\"},{\"@type\":\"ListItem\",\"position\":2,\"name\":\"e-Chargers\"}]},{\"@type\":\"WebSite\",\"@id\":\"https:\/\/v2charge.com\/tr\/#website\",\"url\":\"https:\/\/v2charge.com\/tr\/\",\"name\":\"V2C\",\"description\":\"#CargandoElMa\u00f1ana\",\"publisher\":{\"@id\":\"https:\/\/v2charge.com\/tr\/#organization\"},\"potentialAction\":[{\"@type\":\"SearchAction\",\"target\":{\"@type\":\"EntryPoint\",\"urlTemplate\":\"https:\/\/v2charge.com\/tr\/?s={search_term_string}\"},\"query-input\":{\"@type\":\"PropertyValueSpecification\",\"valueRequired\":true,\"valueName\":\"search_term_string\"}}],\"inLanguage\":\"tr\"},{\"@type\":\"Organization\",\"@id\":\"https:\/\/v2charge.com\/tr\/#organization\",\"name\":\"V2C\",\"url\":\"https:\/\/v2charge.com\/tr\/\",\"logo\":{\"@type\":\"ImageObject\",\"inLanguage\":\"tr\",\"@id\":\"https:\/\/v2charge.com\/tr\/#\/schema\/logo\/image\/\",\"url\":\"https:\/\/v2charge.com\/wp-content\/uploads\/2024\/11\/cropped-v2c-charge-logo-menu.png\",\"contentUrl\":\"https:\/\/v2charge.com\/wp-content\/uploads\/2024\/11\/cropped-v2c-charge-logo-menu.png\",\"width\":984,\"height\":431,\"caption\":\"V2C\"},\"image\":{\"@id\":\"https:\/\/v2charge.com\/tr\/#\/schema\/logo\/image\/\"},\"sameAs\":[\"https:\/\/www.facebook.com\/V2C.Charge\",\"https:\/\/x.com\/V2C_Charge\",\"https:\/\/www.instagram.com\/v2c.charge\/\",\"https:\/\/www.youtube.com\/@V2C\",\"https:\/\/www.linkedin.com\/company\/v2c-chargers\/\"]}]}<\/script>\n<!-- \/ Yoast SEO plugin. -->","yoast_head_json":{"title":"V2C \u015farj cihazlar\u0131 \u25b7 Piyasadaki en iyi e-\u015earj Cihazlar\u0131n\u0131 ke\u015ffedin","description":"Elektrikli \u015farj yoluyla sizi gelece\u011fe, s\u00fcrd\u00fcr\u00fclebilirli\u011fe ve yenili\u011fe g\u00f6t\u00fcrecek V2C \u015farj cihazlar\u0131 olan e-\u015earj Cihazlar\u0131 serimizi ke\u015ffedin.","robots":{"index":"index","follow":"follow","max-snippet":"max-snippet:-1","max-image-preview":"max-image-preview:large","max-video-preview":"max-video-preview:-1"},"canonical":"https:\/\/v2charge.com\/tr\/e-chargers\/","og_locale":"tr_TR","og_type":"article","og_title":"V2C \u015farj cihazlar\u0131 \u25b7 Piyasadaki en iyi e-\u015earj Cihazlar\u0131n\u0131 ke\u015ffedin","og_description":"Elektrikli \u015farj yoluyla sizi gelece\u011fe, s\u00fcrd\u00fcr\u00fclebilirli\u011fe ve yenili\u011fe g\u00f6t\u00fcrecek V2C \u015farj cihazlar\u0131 olan e-\u015earj Cihazlar\u0131 serimizi ke\u015ffedin.","og_url":"https:\/\/v2charge.com\/tr\/e-chargers\/","og_site_name":"V2C","article_publisher":"https:\/\/www.facebook.com\/V2C.Charge","article_modified_time":"2026-04-19T09:10:55+00:00","og_image":[{"width":1200,"height":675,"url":"https:\/\/v2charge.com\/wp-content\/uploads\/2024\/07\/v2c-electric-chargers.jpg","type":"image\/jpeg"}],"twitter_card":"summary_large_image","twitter_site":"@V2C_Charge","twitter_misc":{"Tahmini okuma s\u00fcresi":"2 dakika"},"schema":{"@context":"https:\/\/schema.org","@graph":[{"@type":"WebPage","@id":"https:\/\/v2charge.com\/tr\/e-chargers\/","url":"https:\/\/v2charge.com\/tr\/e-chargers\/","name":"V2C \u015farj cihazlar\u0131 \u25b7 Piyasadaki en iyi e-\u015earj Cihazlar\u0131n\u0131 ke\u015ffedin","isPartOf":{"@id":"https:\/\/v2charge.com\/tr\/#website"},"primaryImageOfPage":{"@id":"https:\/\/v2charge.com\/tr\/e-chargers\/#primaryimage"},"image":{"@id":"https:\/\/v2charge.com\/tr\/e-chargers\/#primaryimage"},"thumbnailUrl":"https:\/\/v2charge.com\/wp-content\/uploads\/2024\/07\/v2c-electric-chargers.jpg","datePublished":"2021-10-11T07:44:05+00:00","dateModified":"2026-04-19T09:10:55+00:00","description":"Elektrikli \u015farj yoluyla sizi gelece\u011fe, s\u00fcrd\u00fcr\u00fclebilirli\u011fe ve yenili\u011fe g\u00f6t\u00fcrecek V2C \u015farj cihazlar\u0131 olan e-\u015earj Cihazlar\u0131 serimizi ke\u015ffedin.","breadcrumb":{"@id":"https:\/\/v2charge.com\/tr\/e-chargers\/#breadcrumb"},"inLanguage":"tr","potentialAction":[{"@type":"ReadAction","target":["https:\/\/v2charge.com\/tr\/e-chargers\/"]}]},{"@type":"ImageObject","inLanguage":"tr","@id":"https:\/\/v2charge.com\/tr\/e-chargers\/#primaryimage","url":"https:\/\/v2charge.com\/wp-content\/uploads\/2024\/07\/v2c-electric-chargers.jpg","contentUrl":"https:\/\/v2charge.com\/wp-content\/uploads\/2024\/07\/v2c-electric-chargers.jpg","width":1200,"height":675,"caption":"V2C Electric Chargers"},{"@type":"BreadcrumbList","@id":"https:\/\/v2charge.com\/tr\/e-chargers\/#breadcrumb","itemListElement":[{"@type":"ListItem","position":1,"name":"V2C","item":"https:\/\/v2charge.com\/tr\/"},{"@type":"ListItem","position":2,"name":"e-Chargers"}]},{"@type":"WebSite","@id":"https:\/\/v2charge.com\/tr\/#website","url":"https:\/\/v2charge.com\/tr\/","name":"V2C","description":"#CargandoElMa\u00f1ana","publisher":{"@id":"https:\/\/v2charge.com\/tr\/#organization"},"potentialAction":[{"@type":"SearchAction","target":{"@type":"EntryPoint","urlTemplate":"https:\/\/v2charge.com\/tr\/?s={search_term_string}"},"query-input":{"@type":"PropertyValueSpecification","valueRequired":true,"valueName":"search_term_string"}}],"inLanguage":"tr"},{"@type":"Organization","@id":"https:\/\/v2charge.com\/tr\/#organization","name":"V2C","url":"https:\/\/v2charge.com\/tr\/","logo":{"@type":"ImageObject","inLanguage":"tr","@id":"https:\/\/v2charge.com\/tr\/#\/schema\/logo\/image\/","url":"https:\/\/v2charge.com\/wp-content\/uploads\/2024\/11\/cropped-v2c-charge-logo-menu.png","contentUrl":"https:\/\/v2charge.com\/wp-content\/uploads\/2024\/11\/cropped-v2c-charge-logo-menu.png","width":984,"height":431,"caption":"V2C"},"image":{"@id":"https:\/\/v2charge.com\/tr\/#\/schema\/logo\/image\/"},"sameAs":["https:\/\/www.facebook.com\/V2C.Charge","https:\/\/x.com\/V2C_Charge","https:\/\/www.instagram.com\/v2c.charge\/","https:\/\/www.youtube.com\/@V2C","https:\/\/www.linkedin.com\/company\/v2c-chargers\/"]}]}},"uagb_featured_image_src":{"full":["https:\/\/v2charge.com\/wp-content\/uploads\/2024\/07\/v2c-electric-chargers.jpg",1200,675,false],"thumbnail":["https:\/\/v2charge.com\/wp-content\/uploads\/2024\/07\/v2c-electric-chargers-150x150.jpg",150,150,true],"medium":["https:\/\/v2charge.com\/wp-content\/uploads\/2024\/07\/v2c-electric-chargers-300x169.jpg",300,169,true],"medium_large":["https:\/\/v2charge.com\/wp-content\/uploads\/2024\/07\/v2c-electric-chargers-768x432.jpg",768,432,true],"large":["https:\/\/v2charge.com\/wp-content\/uploads\/2024\/07\/v2c-electric-chargers-1024x576.jpg",1024,576,true],"gs-tiny":["https:\/\/v2charge.com\/wp-content\/uploads\/2024\/07\/v2c-electric-chargers.jpg",50,28,false],"xl":["https:\/\/v2charge.com\/wp-content\/uploads\/2024\/07\/v2c-electric-chargers.jpg",1200,675,false],"xxl":["https:\/\/v2charge.com\/wp-content\/uploads\/2024\/07\/v2c-electric-chargers.jpg",1200,675,false],"xxxl":["https:\/\/v2charge.com\/wp-content\/uploads\/2024\/07\/v2c-electric-chargers.jpg",1200,675,false],"xxxxl":["https:\/\/v2charge.com\/wp-content\/uploads\/2024\/07\/v2c-electric-chargers.jpg",1200,675,false],"xxxxxl":["https:\/\/v2charge.com\/wp-content\/uploads\/2024\/07\/v2c-electric-chargers.jpg",1200,675,false],"1536x1536":["https:\/\/v2charge.com\/wp-content\/uploads\/2024\/07\/v2c-electric-chargers.jpg",1200,675,false],"2048x2048":["https:\/\/v2charge.com\/wp-content\/uploads\/2024\/07\/v2c-electric-chargers.jpg",1200,675,false]},"uagb_author_info":{"display_name":"V2C","author_link":"https:\/\/v2charge.com\/tr\/author\/root_k4eu7ki8\/"},"uagb_comment_info":0,"uagb_excerpt":"V2C \u015farj cihazlar\u0131m\u0131z\u0131 ke\u015ffedin \u0130htiya\u00e7lar\u0131n\u0131za en uygun e-Charger&#8217;\u0131 bulun TRYDAN Zeka ve maksimum kontrol elinizin alt\u0131nda Trydan, \u015fimdiye kadar bilinen en yenilik\u00e7i ve ak\u0131ll\u0131 \u015farj y\u00f6ntemini ke\u015ffetmenizi sa\u011fl\u0131yor. \u015e\u0131kl\u0131\u011f\u0131 ve i\u015flevselli\u011fi birle\u015ftiren, \u00f6nc\u00fc bir karaktere sahip devrim niteli\u011finde bir tasar\u0131m. TRYDAN PRO Tam ba\u011flant\u0131 ile m\u00fckemmel evrim Her zaman Trydan Pro ile ba\u011fl\u0131 kal\u0131n. An\u0131nda&hellip;","_links":{"self":[{"href":"https:\/\/v2charge.com\/tr\/wp-json\/wp\/v2\/pages\/70552","targetHints":{"allow":["GET"]}}],"collection":[{"href":"https:\/\/v2charge.com\/tr\/wp-json\/wp\/v2\/pages"}],"about":[{"href":"https:\/\/v2charge.com\/tr\/wp-json\/wp\/v2\/types\/page"}],"author":[{"embeddable":true,"href":"https:\/\/v2charge.com\/tr\/wp-json\/wp\/v2\/users\/1"}],"replies":[{"embeddable":true,"href":"https:\/\/v2charge.com\/tr\/wp-json\/wp\/v2\/comments?post=70552"}],"version-history":[{"count":4,"href":"https:\/\/v2charge.com\/tr\/wp-json\/wp\/v2\/pages\/70552\/revisions"}],"predecessor-version":[{"id":222455,"href":"https:\/\/v2charge.com\/tr\/wp-json\/wp\/v2\/pages\/70552\/revisions\/222455"}],"wp:featuredmedia":[{"embeddable":true,"href":"https:\/\/v2charge.com\/tr\/wp-json\/wp\/v2\/media\/170355"}],"wp:attachment":[{"href":"https:\/\/v2charge.com\/tr\/wp-json\/wp\/v2\/media?parent=70552"}],"curies":[{"name":"wp","href":"https:\/\/api.w.org\/{rel}","templated":true}]}}