{"id":70566,"date":"2021-11-12T07:36:17","date_gmt":"2021-11-12T07:36:17","guid":{"rendered":"https:\/\/v2charge.com\/connect\/"},"modified":"2025-04-25T11:46:10","modified_gmt":"2025-04-25T09:46:10","slug":"baglamak","status":"publish","type":"page","link":"https:\/\/v2charge.com\/tr\/baglamak\/","title":{"rendered":"Connect"},"content":{"rendered":"\n<div class=\"wp-block-uagb-container uagb-block-07494574 alignfull uagb-is-root-container\"><div class=\"uagb-container-inner-blocks-wrap\">\n<div class=\"wp-block-uagb-advanced-heading uagb-block-33e01f82\"><h1 class=\"uagb-heading-text\">Ba\u011flanal\u0131m m\u0131?<\/h1><\/div>\n\n\n\n<div class=\"wp-block-uagb-separator uagb-block-45448752\"><div class=\"wp-block-uagb-separator__inner\" style=\"--my-background-image:\"><\/div><\/div>\n\n\n\n<div class=\"wp-block-uagb-advanced-heading uagb-block-481b31ec\"><div class=\"uagb-heading-text\">Burada bilgi istemek i\u00e7in farkl\u0131 bir yol bulacaks\u0131n\u0131z.<\/div><\/div>\n<\/div><\/div>\n\n\n\n<div class=\"wp-block-uagb-container uagb-block-37a42df3 alignfull uagb-is-root-container\"><div class=\"uagb-container-inner-blocks-wrap\">\n<div style=\"height:100px\" aria-hidden=\"true\" class=\"wp-block-spacer\"><\/div>\n\n\n\n<div class=\"wp-block-uagb-advanced-heading uagb-block-db826c6e\"><h2 class=\"uagb-heading-text\">Bizimle ileti\u015fime ge\u00e7in<\/h2><\/div>\n\n\n\n<div class=\"wp-block-uagb-container uagb-block-1b7bf1a6\">\n<div class=\"wp-block-uagb-container uagb-block-92990f91\">\n<div class=\"wp-block-uagb-image aligncenter uagb-block-880d8806 wp-block-uagb-image--layout-default wp-block-uagb-image--effect-static wp-block-uagb-image--align-center\"><figure class=\"wp-block-uagb-image__figure\"><img decoding=\"async\" srcset=\"https:\/\/v2charge.com\/wp-content\/uploads\/2021\/11\/ubicacion.png \" sizes=\"auto, (max-width: 480px) 150px\" src=\"https:\/\/v2charge.com\/wp-content\/uploads\/2021\/11\/ubicacion.png\" alt=\"\" class=\"uag-image-60542\" width=\"55\" height=\"55\" title=\"\" loading=\"lazy\" role=\"img\"\/><\/figure><\/div>\n\n\n\n<div class=\"wp-block-uagb-advanced-heading uagb-block-64f3b3a4\"><h2 class=\"uagb-heading-text\"><a href=\"https:\/\/www.google.es\/maps\/place\/V2C+Estaci%C3%B3n+de+carga\/@39.4609316,-0.4456436,17z\/data=!3m1!4b1!4m5!3m4!1s0xd604609d65e8aef:0x3c03b84659dd5d34!8m2!3d39.4609275!4d-0.4434549\">B\u0130Z\u0130 Z\u0130YARET ET<\/a><\/h2><\/div>\n\n\n\n<div class=\"wp-block-uagb-advanced-heading uagb-block-d35067ff\"><div class=\"uagb-heading-text\"><a href=\"https:\/\/www.google.es\/maps\/place\/V2C+Estaci%C3%B3n+de+carga\/@39.4609316,-0.4456436,17z\/data=!3m1!4b1!4m5!3m4!1s0xd604609d65e8aef:0x3c03b84659dd5d34!8m2!3d39.4609275!4d-0.4434549\">Avenida Cam\u00ed Nou, 268 46950 Xirivella<\/a><\/div><\/div>\n<\/div>\n\n\n\n<div class=\"wp-block-uagb-container uagb-block-f95433c3\">\n<div class=\"wp-block-uagb-image aligncenter uagb-block-ef6d2bf8 wp-block-uagb-image--layout-default wp-block-uagb-image--effect-static wp-block-uagb-image--align-center\"><figure class=\"wp-block-uagb-image__figure\"><img decoding=\"async\" srcset=\"https:\/\/v2charge.com\/wp-content\/uploads\/2021\/11\/Telefono.png \" sizes=\"auto, (max-width: 480px) 150px\" src=\"https:\/\/v2charge.com\/wp-content\/uploads\/2021\/11\/Telefono.png\" alt=\"\" class=\"uag-image-60535\" width=\"55\" height=\"55\" title=\"\" loading=\"lazy\" role=\"img\"\/><\/figure><\/div>\n\n\n\n<div class=\"wp-block-uagb-advanced-heading uagb-block-ecdbc9ba\"><h2 class=\"uagb-heading-text\"><a href=\"tel:+34960654554\"><\/a><a href=\"tel:+34963323117\">B\u0130Z\u0130 ARAYIN<\/a><\/h2><\/div>\n\n\n\n<div class=\"wp-block-uagb-advanced-heading uagb-block-2e4e169a\"><div class=\"uagb-heading-text\"><a href=\"tel:+34960654554\"><\/a><a href=\"tel:+34960654554\">+34 96 065 45 54<\/a><\/div><\/div>\n<\/div>\n\n\n\n<div class=\"wp-block-uagb-container uagb-block-438c69d2\">\n<div class=\"wp-block-uagb-image aligncenter uagb-block-3e112051 wp-block-uagb-image--layout-default wp-block-uagb-image--effect-static wp-block-uagb-image--align-center\"><figure class=\"wp-block-uagb-image__figure\"><img decoding=\"async\" srcset=\"https:\/\/v2charge.com\/wp-content\/uploads\/2021\/11\/e-mail.png \" sizes=\"auto, (max-width: 480px) 150px\" src=\"https:\/\/v2charge.com\/wp-content\/uploads\/2021\/11\/e-mail.png\" alt=\"\" class=\"uag-image-60528\" width=\"55\" height=\"55\" title=\"\" loading=\"lazy\" role=\"img\"\/><\/figure><\/div>\n\n\n\n<div class=\"wp-block-uagb-advanced-heading uagb-block-44e1d5de\"><h2 class=\"uagb-heading-text\"><a href=\"mailto:info@v2charge.com\">B\u0130ZE YAZIN<\/a><\/h2><\/div>\n\n\n\n<div class=\"wp-block-uagb-advanced-heading uagb-block-ce595441\"><div class=\"uagb-heading-text\"><a href=\"mailto:info@v2charge.com\">info@v2charge.com<\/a><\/div><\/div>\n<\/div>\n<\/div>\n<\/div><\/div>\n\n\n\n<div id=\"contacto\" class=\"wp-block-uagb-container uagb-block-1e760f66 alignfull uagb-is-root-container\"><div class=\"uagb-container-inner-blocks-wrap\">\n<div class=\"wp-block-uagb-container uagb-block-dea2407d default uagb-is-root-container\">\n<div class=\"wp-block-uagb-advanced-heading uagb-block-262af8de\"><p class=\"uagb-heading-text\">Veya a\u015fa\u011f\u0131daki formu doldurun, sizinle en k\u0131sa s\u00fcrede ileti\u015fime ge\u00e7elim.<\/p><\/div>\n<\/div>\n\n\n\n<div class=\"wp-block-uagb-container uagb-block-e9b1ff2a alignfull uagb-is-root-container\"><div class=\"uagb-container-inner-blocks-wrap\">\n<div class=\"wp-block-contact-form-7-contact-form-selector new-form\">\n<div class=\"wpcf7 no-js\" id=\"wpcf7-f70778-o1\" lang=\"es-ES\" dir=\"ltr\" data-wpcf7-id=\"70778\">\n<div class=\"screen-reader-response\"><p role=\"status\" aria-live=\"polite\" aria-atomic=\"true\"><\/p> <ul><\/ul><\/div>\n<form action=\"\/tr\/wp-json\/wp\/v2\/pages\/70566#wpcf7-f70778-o1\" method=\"post\" class=\"wpcf7-form init\" id=\"old-form\" aria-label=\"Formulario de contacto\" novalidate=\"novalidate\" data-status=\"init\">\n<div style=\"display: none;\">\n<input type=\"hidden\" name=\"_wpcf7\" value=\"70778\" \/>\n<input type=\"hidden\" name=\"_wpcf7_version\" value=\"6.0.6\" \/>\n<input type=\"hidden\" name=\"_wpcf7_locale\" value=\"es_ES\" \/>\n<input type=\"hidden\" name=\"_wpcf7_unit_tag\" value=\"wpcf7-f70778-o1\" \/>\n<input type=\"hidden\" name=\"_wpcf7_container_post\" value=\"0\" \/>\n<input type=\"hidden\" name=\"_wpcf7_posted_data_hash\" value=\"\" \/>\n<input type=\"hidden\" name=\"redirect_nonce\" value=\"c1c6cb0ffe\" \/>\n<input type=\"hidden\" name=\"wpcf7cfpdf_hidden_name\" value=\"document-pdf\" \/>\n<input type=\"hidden\" name=\"wpcf7cfpdf_hidden_reference\" value=\"6acb4997\" \/>\n<input type=\"hidden\" name=\"wpcf7cfpdf_hidden_date\" value=\"04092026\" \/>\n<input type=\"hidden\" name=\"_wpcf7_recaptcha_response\" value=\"\" \/>\n<\/div>\n<div id=\"responsive-form\" class=\"clearfix\">\n\t<div class=\"form-row\">\n\t\t<div class=\"column-half\">\n\t\t\t<p>\u0130sim* <span class=\"wpcf7-form-control-wrap\" data-name=\"first-name\"><input size=\"40\" maxlength=\"400\" class=\"wpcf7-form-control wpcf7-text wpcf7-validates-as-required\" aria-required=\"true\" aria-invalid=\"false\" value=\"\" type=\"text\" name=\"first-name\" \/><\/span>\n\t\t\t<\/p>\n\t\t<\/div>\n\t\t<div class=\"column-half\">\n\t\t\t<p>Telefon* <span class=\"wpcf7-form-control-wrap\" data-name=\"your-phone\"><input size=\"40\" maxlength=\"400\" class=\"wpcf7-form-control wpcf7-tel wpcf7-validates-as-required wpcf7-text wpcf7-validates-as-tel\" aria-required=\"true\" aria-invalid=\"false\" value=\"\" type=\"tel\" name=\"your-phone\" \/><\/span>\n\t\t\t<\/p>\n\t\t<\/div>\n\t\t<div class=\"column-half\">\n\t\t\t<p>E-mail* <span class=\"wpcf7-form-control-wrap\" data-name=\"your-email\"><input size=\"40\" maxlength=\"400\" class=\"wpcf7-form-control wpcf7-email wpcf7-validates-as-required wpcf7-text wpcf7-validates-as-email\" aria-required=\"true\" aria-invalid=\"false\" value=\"\" type=\"email\" name=\"your-email\" \/><\/span>\n\t\t\t<\/p>\n\t\t<\/div>\n\t<\/div>\n\t<p><span id=\"wpcf7-69d7459249fdc-wrapper\" class=\"wpcf7-form-control-wrap tudireccion-637-wrap\" style=\"display:none !important; visibility:hidden !important;\"><label for=\"wpcf7-69d7459249fdc-field\" class=\"hp-message\">Por favor, deja este campo vac\u00edo.<\/label><input id=\"wpcf7-69d7459249fdc-field\"  class=\"wpcf7-form-control wpcf7-text\" type=\"text\" name=\"tudireccion-637\" value=\"\" size=\"40\" tabindex=\"-1\" autocomplete=\"new-password\" \/><\/span>\n\t<\/p>\n\t<div class=\"form-row\">\n\t\t<div class=\"column-full\">\n\t\t\t<p>\u0130leti* <span class=\"wpcf7-form-control-wrap\" data-name=\"your-message\"><textarea cols=\"40\" rows=\"10\" maxlength=\"2000\" class=\"wpcf7-form-control wpcf7-textarea\" aria-invalid=\"false\" name=\"your-message\"><\/textarea><\/span>\n\t\t\t<\/p>\n\t\t<\/div>\n\t<\/div>\n\t<div class=\"form-row\">\n\t\t<div class=\"column-full\">\n\t\t\t<p><input class=\"wpcf7-form-control wpcf7-submit has-spinner\" type=\"submit\" value=\"G\u00f6ndermek\" \/>\n\t\t\t<\/p>\n\t\t<\/div>\n\t<\/div>\n<\/div><!--end responsive-form--><div class=\"wpcf7-response-output\" aria-hidden=\"true\"><\/div>\n<\/form>\n<\/div>\n<\/div>\n<\/div><\/div>\n<\/div><\/div>\n\n\n\n<div class=\"wp-block-uagb-container uagb-block-c6f9872e alignfull uagb-is-root-container\"><div class=\"uagb-container-inner-blocks-wrap\">\n<div class=\"wp-block-uagb-container uagb-block-465a62e6\">\n<div class=\"wp-block-uagb-container uagb-block-eb9c7a8b\">\n<div class=\"wp-block-uagb-image aligncenter uagb-block-60894706 wp-block-uagb-image--layout-default wp-block-uagb-image--effect-zoomin wp-block-uagb-image--align-center\"><figure class=\"wp-block-uagb-image__figure\"><a class=\"\" href=\"https:\/\/www.facebook.com\/V2C.Charge\" target=\"\" rel=\"noopener\"><img decoding=\"async\" srcset=\"https:\/\/v2charge.com\/wp-content\/uploads\/2023\/06\/v2c-facebook.png \" sizes=\"auto, (max-width: 480px) 150px\" src=\"https:\/\/v2charge.com\/wp-content\/uploads\/2023\/06\/v2c-facebook.png\" alt=\"facebook v2c\" class=\"uag-image-108366\" width=\"45\" height=\"45\" title=\"\" loading=\"lazy\" role=\"img\"\/><\/a><\/figure><\/div>\n<\/div>\n\n\n\n<div class=\"wp-block-uagb-container uagb-block-4ee9af89\">\n<div class=\"wp-block-uagb-image aligncenter uagb-block-9f96e379 wp-block-uagb-image--layout-default wp-block-uagb-image--effect-zoomin wp-block-uagb-image--align-center\"><figure class=\"wp-block-uagb-image__figure\"><a class=\"\" href=\"https:\/\/twitter.com\/V2C_Charge\" target=\"\" rel=\"noopener\"><img decoding=\"async\" srcset=\"https:\/\/v2charge.com\/wp-content\/uploads\/2023\/06\/v2c-twitter.png \" sizes=\"auto, (max-width: 480px) 150px\" src=\"https:\/\/v2charge.com\/wp-content\/uploads\/2023\/06\/v2c-twitter.png\" alt=\"twitter v2c\" class=\"uag-image-108393\" width=\"45\" height=\"45\" title=\"\" loading=\"lazy\" role=\"img\"\/><\/a><\/figure><\/div>\n<\/div>\n\n\n\n<div class=\"wp-block-uagb-container uagb-block-5dcabf06\">\n<div class=\"wp-block-uagb-image aligncenter uagb-block-69e0ca32 wp-block-uagb-image--layout-default wp-block-uagb-image--effect-zoomin wp-block-uagb-image--align-center\"><figure class=\"wp-block-uagb-image__figure\"><a class=\"\" href=\"https:\/\/www.linkedin.com\/company\/v2c-chargers\/\" target=\"\" rel=\"noopener\"><img decoding=\"async\" srcset=\"https:\/\/v2charge.com\/wp-content\/uploads\/2023\/06\/v2c-linkedin.png \" sizes=\"auto, (max-width: 480px) 150px\" src=\"https:\/\/v2charge.com\/wp-content\/uploads\/2023\/06\/v2c-linkedin.png\" alt=\"linkedin v2c\" class=\"uag-image-108384\" width=\"45\" height=\"45\" title=\"\" loading=\"lazy\" role=\"img\"\/><\/a><\/figure><\/div>\n<\/div>\n\n\n\n<div class=\"wp-block-uagb-container uagb-block-84ae58a1\">\n<div class=\"wp-block-uagb-image aligncenter uagb-block-9ba70157 wp-block-uagb-image--layout-default wp-block-uagb-image--effect-zoomin wp-block-uagb-image--align-center\"><figure class=\"wp-block-uagb-image__figure\"><a class=\"\" href=\"https:\/\/www.instagram.com\/v2c.charge\/?hl=es\" target=\"\" rel=\"noopener\"><img decoding=\"async\" srcset=\"https:\/\/v2charge.com\/wp-content\/uploads\/2023\/06\/v2c-instagram.png \" sizes=\"auto, (max-width: 480px) 150px\" src=\"https:\/\/v2charge.com\/wp-content\/uploads\/2023\/06\/v2c-instagram.png\" alt=\"instagram v2c\" class=\"uag-image-108375\" width=\"45\" height=\"45\" title=\"\" loading=\"lazy\" role=\"img\"\/><\/a><\/figure><\/div>\n<\/div>\n\n\n\n<div class=\"wp-block-uagb-container uagb-block-835aa3c4\">\n<div class=\"wp-block-uagb-image aligncenter uagb-block-25355b96 wp-block-uagb-image--layout-default wp-block-uagb-image--effect-zoomin wp-block-uagb-image--align-center\"><figure class=\"wp-block-uagb-image__figure\"><a class=\"\" href=\"https:\/\/www.youtube.com\/@V2C\" target=\"\" rel=\"noopener\"><img decoding=\"async\" srcset=\"https:\/\/v2charge.com\/wp-content\/uploads\/2023\/06\/v2c-youtube.png \" sizes=\"auto, (max-width: 480px) 150px\" src=\"https:\/\/v2charge.com\/wp-content\/uploads\/2023\/06\/v2c-youtube.png\" alt=\"youtube v2c\" class=\"uag-image-108402\" width=\"45\" height=\"45\" title=\"\" loading=\"lazy\" role=\"img\"\/><\/a><\/figure><\/div>\n<\/div>\n<\/div>\n<\/div><\/div>\n","protected":false},"excerpt":{"rendered":"<p>Ba\u011flanal\u0131m m\u0131? Burada bilgi istemek i\u00e7in farkl\u0131 bir yol bulacaks\u0131n\u0131z. Bizimle ileti\u015fime ge\u00e7in B\u0130Z\u0130 Z\u0130YARET ET Avenida Cam\u00ed Nou, 268 46950 Xirivella B\u0130Z\u0130 ARAYIN +34 96 065 45 54 B\u0130ZE YAZIN info@v2charge.com Veya a\u015fa\u011f\u0131daki formu doldurun, sizinle en k\u0131sa s\u00fcrede ileti\u015fime ge\u00e7elim.<\/p>\n","protected":false},"author":1,"featured_media":170355,"parent":0,"menu_order":0,"comment_status":"closed","ping_status":"closed","template":"","meta":{"_eb_attr":"","content-type":"","_uag_custom_page_level_css":"","footnotes":""},"class_list":["post-70566","page","type-page","status-publish","has-post-thumbnail"],"yoast_head":"<!-- This site is optimized with the Yoast SEO plugin v25.3.1 - https:\/\/yoast.com\/wordpress\/plugins\/seo\/ -->\n<title>V2C \u00ae ile ba\u011flant\u0131 kurun \u25b7 Size yard\u0131mc\u0131 olmak i\u00e7in buraday\u0131z<\/title>\n<meta name=\"description\" content=\"Burada bize sorunuzu g\u00f6ndermenin farkl\u0131 yollar\u0131n\u0131 bulacaks\u0131n\u0131z: bizi aray\u0131n veya bize bir e-posta g\u00f6nderin. Bizimle ileti\u015fime ge\u00e7mekten \u00e7ekinmeyin.\" \/>\n<meta name=\"robots\" content=\"index, follow, max-snippet:-1, max-image-preview:large, max-video-preview:-1\" \/>\n<link rel=\"canonical\" href=\"https:\/\/v2charge.com\/tr\/baglamak\/\" \/>\n<meta property=\"og:locale\" content=\"tr_TR\" \/>\n<meta property=\"og:type\" content=\"article\" \/>\n<meta property=\"og:title\" content=\"V2C \u00ae ile ba\u011flant\u0131 kurun \u25b7 Size yard\u0131mc\u0131 olmak i\u00e7in buraday\u0131z\" \/>\n<meta property=\"og:description\" content=\"Burada bize sorunuzu g\u00f6ndermenin farkl\u0131 yollar\u0131n\u0131 bulacaks\u0131n\u0131z: bizi aray\u0131n veya bize bir e-posta g\u00f6nderin. Bizimle ileti\u015fime ge\u00e7mekten \u00e7ekinmeyin.\" \/>\n<meta property=\"og:url\" content=\"https:\/\/v2charge.com\/tr\/baglamak\/\" \/>\n<meta property=\"og:site_name\" content=\"V2C\" \/>\n<meta property=\"article:publisher\" content=\"https:\/\/www.facebook.com\/V2C.Charge\" \/>\n<meta property=\"article:modified_time\" content=\"2025-04-25T09:46:10+00:00\" \/>\n<meta property=\"og:image\" content=\"https:\/\/v2charge.com\/wp-content\/uploads\/2024\/07\/v2c-electric-chargers.jpg\" \/>\n\t<meta property=\"og:image:width\" content=\"1200\" \/>\n\t<meta property=\"og:image:height\" content=\"675\" \/>\n\t<meta property=\"og:image:type\" content=\"image\/jpeg\" \/>\n<meta name=\"twitter:card\" content=\"summary_large_image\" \/>\n<meta name=\"twitter:site\" content=\"@V2C_Charge\" \/>\n<meta name=\"twitter:label1\" content=\"Tahmini okuma s\u00fcresi\" \/>\n\t<meta name=\"twitter:data1\" content=\"3 dakika\" \/>\n<script type=\"application\/ld+json\" class=\"yoast-schema-graph\">{\"@context\":\"https:\/\/schema.org\",\"@graph\":[{\"@type\":\"WebPage\",\"@id\":\"https:\/\/v2charge.com\/tr\/baglamak\/\",\"url\":\"https:\/\/v2charge.com\/tr\/baglamak\/\",\"name\":\"V2C \u00ae ile ba\u011flant\u0131 kurun \u25b7 Size yard\u0131mc\u0131 olmak i\u00e7in buraday\u0131z\",\"isPartOf\":{\"@id\":\"https:\/\/v2charge.com\/tr\/#website\"},\"primaryImageOfPage\":{\"@id\":\"https:\/\/v2charge.com\/tr\/baglamak\/#primaryimage\"},\"image\":{\"@id\":\"https:\/\/v2charge.com\/tr\/baglamak\/#primaryimage\"},\"thumbnailUrl\":\"https:\/\/v2charge.com\/wp-content\/uploads\/2024\/07\/v2c-electric-chargers.jpg\",\"datePublished\":\"2021-11-12T07:36:17+00:00\",\"dateModified\":\"2025-04-25T09:46:10+00:00\",\"description\":\"Burada bize sorunuzu g\u00f6ndermenin farkl\u0131 yollar\u0131n\u0131 bulacaks\u0131n\u0131z: bizi aray\u0131n veya bize bir e-posta g\u00f6nderin. Bizimle ileti\u015fime ge\u00e7mekten \u00e7ekinmeyin.\",\"breadcrumb\":{\"@id\":\"https:\/\/v2charge.com\/tr\/baglamak\/#breadcrumb\"},\"inLanguage\":\"tr\",\"potentialAction\":[{\"@type\":\"ReadAction\",\"target\":[\"https:\/\/v2charge.com\/tr\/baglamak\/\"]}]},{\"@type\":\"ImageObject\",\"inLanguage\":\"tr\",\"@id\":\"https:\/\/v2charge.com\/tr\/baglamak\/#primaryimage\",\"url\":\"https:\/\/v2charge.com\/wp-content\/uploads\/2024\/07\/v2c-electric-chargers.jpg\",\"contentUrl\":\"https:\/\/v2charge.com\/wp-content\/uploads\/2024\/07\/v2c-electric-chargers.jpg\",\"width\":1200,\"height\":675,\"caption\":\"V2C Electric Chargers\"},{\"@type\":\"BreadcrumbList\",\"@id\":\"https:\/\/v2charge.com\/tr\/baglamak\/#breadcrumb\",\"itemListElement\":[{\"@type\":\"ListItem\",\"position\":1,\"name\":\"V2C\",\"item\":\"https:\/\/v2charge.com\/tr\/\"},{\"@type\":\"ListItem\",\"position\":2,\"name\":\"Connect\"}]},{\"@type\":\"WebSite\",\"@id\":\"https:\/\/v2charge.com\/tr\/#website\",\"url\":\"https:\/\/v2charge.com\/tr\/\",\"name\":\"V2C\",\"description\":\"#CargandoElMa\u00f1ana\",\"publisher\":{\"@id\":\"https:\/\/v2charge.com\/tr\/#organization\"},\"potentialAction\":[{\"@type\":\"SearchAction\",\"target\":{\"@type\":\"EntryPoint\",\"urlTemplate\":\"https:\/\/v2charge.com\/tr\/?s={search_term_string}\"},\"query-input\":{\"@type\":\"PropertyValueSpecification\",\"valueRequired\":true,\"valueName\":\"search_term_string\"}}],\"inLanguage\":\"tr\"},{\"@type\":\"Organization\",\"@id\":\"https:\/\/v2charge.com\/tr\/#organization\",\"name\":\"V2C\",\"url\":\"https:\/\/v2charge.com\/tr\/\",\"logo\":{\"@type\":\"ImageObject\",\"inLanguage\":\"tr\",\"@id\":\"https:\/\/v2charge.com\/tr\/#\/schema\/logo\/image\/\",\"url\":\"https:\/\/v2charge.com\/wp-content\/uploads\/2024\/11\/cropped-v2c-charge-logo-menu.png\",\"contentUrl\":\"https:\/\/v2charge.com\/wp-content\/uploads\/2024\/11\/cropped-v2c-charge-logo-menu.png\",\"width\":984,\"height\":431,\"caption\":\"V2C\"},\"image\":{\"@id\":\"https:\/\/v2charge.com\/tr\/#\/schema\/logo\/image\/\"},\"sameAs\":[\"https:\/\/www.facebook.com\/V2C.Charge\",\"https:\/\/x.com\/V2C_Charge\",\"https:\/\/www.instagram.com\/v2c.charge\/\",\"https:\/\/www.youtube.com\/@V2C\",\"https:\/\/www.linkedin.com\/company\/v2c-chargers\/\"]}]}<\/script>\n<!-- \/ Yoast SEO plugin. -->","yoast_head_json":{"title":"V2C \u00ae ile ba\u011flant\u0131 kurun \u25b7 Size yard\u0131mc\u0131 olmak i\u00e7in buraday\u0131z","description":"Burada bize sorunuzu g\u00f6ndermenin farkl\u0131 yollar\u0131n\u0131 bulacaks\u0131n\u0131z: bizi aray\u0131n veya bize bir e-posta g\u00f6nderin. Bizimle ileti\u015fime ge\u00e7mekten \u00e7ekinmeyin.","robots":{"index":"index","follow":"follow","max-snippet":"max-snippet:-1","max-image-preview":"max-image-preview:large","max-video-preview":"max-video-preview:-1"},"canonical":"https:\/\/v2charge.com\/tr\/baglamak\/","og_locale":"tr_TR","og_type":"article","og_title":"V2C \u00ae ile ba\u011flant\u0131 kurun \u25b7 Size yard\u0131mc\u0131 olmak i\u00e7in buraday\u0131z","og_description":"Burada bize sorunuzu g\u00f6ndermenin farkl\u0131 yollar\u0131n\u0131 bulacaks\u0131n\u0131z: bizi aray\u0131n veya bize bir e-posta g\u00f6nderin. Bizimle ileti\u015fime ge\u00e7mekten \u00e7ekinmeyin.","og_url":"https:\/\/v2charge.com\/tr\/baglamak\/","og_site_name":"V2C","article_publisher":"https:\/\/www.facebook.com\/V2C.Charge","article_modified_time":"2025-04-25T09:46:10+00:00","og_image":[{"width":1200,"height":675,"url":"https:\/\/v2charge.com\/wp-content\/uploads\/2024\/07\/v2c-electric-chargers.jpg","type":"image\/jpeg"}],"twitter_card":"summary_large_image","twitter_site":"@V2C_Charge","twitter_misc":{"Tahmini okuma s\u00fcresi":"3 dakika"},"schema":{"@context":"https:\/\/schema.org","@graph":[{"@type":"WebPage","@id":"https:\/\/v2charge.com\/tr\/baglamak\/","url":"https:\/\/v2charge.com\/tr\/baglamak\/","name":"V2C \u00ae ile ba\u011flant\u0131 kurun \u25b7 Size yard\u0131mc\u0131 olmak i\u00e7in buraday\u0131z","isPartOf":{"@id":"https:\/\/v2charge.com\/tr\/#website"},"primaryImageOfPage":{"@id":"https:\/\/v2charge.com\/tr\/baglamak\/#primaryimage"},"image":{"@id":"https:\/\/v2charge.com\/tr\/baglamak\/#primaryimage"},"thumbnailUrl":"https:\/\/v2charge.com\/wp-content\/uploads\/2024\/07\/v2c-electric-chargers.jpg","datePublished":"2021-11-12T07:36:17+00:00","dateModified":"2025-04-25T09:46:10+00:00","description":"Burada bize sorunuzu g\u00f6ndermenin farkl\u0131 yollar\u0131n\u0131 bulacaks\u0131n\u0131z: bizi aray\u0131n veya bize bir e-posta g\u00f6nderin. Bizimle ileti\u015fime ge\u00e7mekten \u00e7ekinmeyin.","breadcrumb":{"@id":"https:\/\/v2charge.com\/tr\/baglamak\/#breadcrumb"},"inLanguage":"tr","potentialAction":[{"@type":"ReadAction","target":["https:\/\/v2charge.com\/tr\/baglamak\/"]}]},{"@type":"ImageObject","inLanguage":"tr","@id":"https:\/\/v2charge.com\/tr\/baglamak\/#primaryimage","url":"https:\/\/v2charge.com\/wp-content\/uploads\/2024\/07\/v2c-electric-chargers.jpg","contentUrl":"https:\/\/v2charge.com\/wp-content\/uploads\/2024\/07\/v2c-electric-chargers.jpg","width":1200,"height":675,"caption":"V2C Electric Chargers"},{"@type":"BreadcrumbList","@id":"https:\/\/v2charge.com\/tr\/baglamak\/#breadcrumb","itemListElement":[{"@type":"ListItem","position":1,"name":"V2C","item":"https:\/\/v2charge.com\/tr\/"},{"@type":"ListItem","position":2,"name":"Connect"}]},{"@type":"WebSite","@id":"https:\/\/v2charge.com\/tr\/#website","url":"https:\/\/v2charge.com\/tr\/","name":"V2C","description":"#CargandoElMa\u00f1ana","publisher":{"@id":"https:\/\/v2charge.com\/tr\/#organization"},"potentialAction":[{"@type":"SearchAction","target":{"@type":"EntryPoint","urlTemplate":"https:\/\/v2charge.com\/tr\/?s={search_term_string}"},"query-input":{"@type":"PropertyValueSpecification","valueRequired":true,"valueName":"search_term_string"}}],"inLanguage":"tr"},{"@type":"Organization","@id":"https:\/\/v2charge.com\/tr\/#organization","name":"V2C","url":"https:\/\/v2charge.com\/tr\/","logo":{"@type":"ImageObject","inLanguage":"tr","@id":"https:\/\/v2charge.com\/tr\/#\/schema\/logo\/image\/","url":"https:\/\/v2charge.com\/wp-content\/uploads\/2024\/11\/cropped-v2c-charge-logo-menu.png","contentUrl":"https:\/\/v2charge.com\/wp-content\/uploads\/2024\/11\/cropped-v2c-charge-logo-menu.png","width":984,"height":431,"caption":"V2C"},"image":{"@id":"https:\/\/v2charge.com\/tr\/#\/schema\/logo\/image\/"},"sameAs":["https:\/\/www.facebook.com\/V2C.Charge","https:\/\/x.com\/V2C_Charge","https:\/\/www.instagram.com\/v2c.charge\/","https:\/\/www.youtube.com\/@V2C","https:\/\/www.linkedin.com\/company\/v2c-chargers\/"]}]}},"uagb_featured_image_src":{"full":["https:\/\/v2charge.com\/wp-content\/uploads\/2024\/07\/v2c-electric-chargers.jpg",1200,675,false],"thumbnail":["https:\/\/v2charge.com\/wp-content\/uploads\/2024\/07\/v2c-electric-chargers-150x150.jpg",150,150,true],"medium":["https:\/\/v2charge.com\/wp-content\/uploads\/2024\/07\/v2c-electric-chargers-300x169.jpg",300,169,true],"medium_large":["https:\/\/v2charge.com\/wp-content\/uploads\/2024\/07\/v2c-electric-chargers-768x432.jpg",768,432,true],"large":["https:\/\/v2charge.com\/wp-content\/uploads\/2024\/07\/v2c-electric-chargers-1024x576.jpg",1024,576,true],"gs-tiny":["https:\/\/v2charge.com\/wp-content\/uploads\/2024\/07\/v2c-electric-chargers.jpg",50,28,false],"xl":["https:\/\/v2charge.com\/wp-content\/uploads\/2024\/07\/v2c-electric-chargers.jpg",1200,675,false],"xxl":["https:\/\/v2charge.com\/wp-content\/uploads\/2024\/07\/v2c-electric-chargers.jpg",1200,675,false],"xxxl":["https:\/\/v2charge.com\/wp-content\/uploads\/2024\/07\/v2c-electric-chargers.jpg",1200,675,false],"xxxxl":["https:\/\/v2charge.com\/wp-content\/uploads\/2024\/07\/v2c-electric-chargers.jpg",1200,675,false],"xxxxxl":["https:\/\/v2charge.com\/wp-content\/uploads\/2024\/07\/v2c-electric-chargers.jpg",1200,675,false],"1536x1536":["https:\/\/v2charge.com\/wp-content\/uploads\/2024\/07\/v2c-electric-chargers.jpg",1200,675,false],"2048x2048":["https:\/\/v2charge.com\/wp-content\/uploads\/2024\/07\/v2c-electric-chargers.jpg",1200,675,false]},"uagb_author_info":{"display_name":"V2C","author_link":"https:\/\/v2charge.com\/tr\/author\/root_k4eu7ki8\/"},"uagb_comment_info":0,"uagb_excerpt":"Ba\u011flanal\u0131m m\u0131? Burada bilgi istemek i\u00e7in farkl\u0131 bir yol bulacaks\u0131n\u0131z. Bizimle ileti\u015fime ge\u00e7in B\u0130Z\u0130 Z\u0130YARET ET Avenida Cam\u00ed Nou, 268 46950 Xirivella B\u0130Z\u0130 ARAYIN +34 96 065 45 54 B\u0130ZE YAZIN info@v2charge.com Veya a\u015fa\u011f\u0131daki formu doldurun, sizinle en k\u0131sa s\u00fcrede ileti\u015fime ge\u00e7elim.","_links":{"self":[{"href":"https:\/\/v2charge.com\/tr\/wp-json\/wp\/v2\/pages\/70566","targetHints":{"allow":["GET"]}}],"collection":[{"href":"https:\/\/v2charge.com\/tr\/wp-json\/wp\/v2\/pages"}],"about":[{"href":"https:\/\/v2charge.com\/tr\/wp-json\/wp\/v2\/types\/page"}],"author":[{"embeddable":true,"href":"https:\/\/v2charge.com\/tr\/wp-json\/wp\/v2\/users\/1"}],"replies":[{"embeddable":true,"href":"https:\/\/v2charge.com\/tr\/wp-json\/wp\/v2\/comments?post=70566"}],"version-history":[{"count":2,"href":"https:\/\/v2charge.com\/tr\/wp-json\/wp\/v2\/pages\/70566\/revisions"}],"predecessor-version":[{"id":217913,"href":"https:\/\/v2charge.com\/tr\/wp-json\/wp\/v2\/pages\/70566\/revisions\/217913"}],"wp:featuredmedia":[{"embeddable":true,"href":"https:\/\/v2charge.com\/tr\/wp-json\/wp\/v2\/media\/170355"}],"wp:attachment":[{"href":"https:\/\/v2charge.com\/tr\/wp-json\/wp\/v2\/media?parent=70566"}],"curies":[{"name":"wp","href":"https:\/\/api.w.org\/{rel}","templated":true}]}}